{"id":6200,"date":"2021-01-25T16:28:33","date_gmt":"2021-01-25T16:28:33","guid":{"rendered":"https:\/\/gr1993records.com\/?post_type=product&#038;p=6200"},"modified":"2026-03-31T11:46:55","modified_gmt":"2026-03-31T09:46:55","slug":"djabe-down-and-up-cd","status":"publish","type":"product","link":"https:\/\/gr1993records.com\/index.php\/product\/djabe-down-and-up-cd\/","title":{"rendered":"Djabe <br\/>Down And Up <br\/>(CD)"},"content":{"rendered":"<p>[vc_row][vc_column][vc_column_text]A Djabe zenekar utolj\u00e1ra 2008-ban jelentetett meg st\u00fadi\u00f3albumot. Meg\u00e9rte a hossz\u00fa v\u00e1rakoz\u00e1s, mert a most elk\u00e9sz\u00fclt Down And Up c\u00edm\u0171 anyag mind sz\u00ednvonal\u00e1ban, mind kivitel\u00e9ben els\u0151rang\u00fa. Ezt a min\u0151s\u00e9get \u00e9s ig\u00e9nyess\u00e9get megszokhattuk m\u00e1r a zenekart\u00f3l, nem v\u00e9letlen, hogy az ut\u00f3bbi p\u00e1r \u00e9vben 42 orsz\u00e1g l\u00e1tta vend\u00e9g\u00fcl a Djab\u00e9t. A Down And Up zeneszerz\u0151i, hangszerel\u0151i \u00e9s st\u00fadi\u00f3munk\u00e1latai Barab\u00e1s Tam\u00e1s tehets\u00e9g\u00e9t \u00e9s ig\u00e9nyess\u00e9g\u00e9t dics\u00e9rik els\u0151sorban. Term\u00e9szetesen jelen vannak az albumon a korai Djabe felv\u00e9telek vil\u00e1g\u00e1t id\u00e9z\u0151 \u00c9gerh\u00e1zi Attila \u00e9s Kov\u00e1cs Ferenc szerzem\u00e9nyek is. K\u00fcl\u00f6n \u00e9rdekess\u00e9g, hogy a lemez utols\u00f3 dala a Tears For Peace egy k\u00f6nnyebb hangv\u00e9tel\u0171 \u00e9nekes felv\u00e9tel, melynek sz\u00f6veg\u00e9t Steve Hackett feles\u00e9ge, Joanna Hackett \u00edrta. Itt kell megeml\u00edten\u00fcnk, hogy a neves \u00e9s m\u00e1r majdnem Djabe tagnak sz\u00e1m\u00edt\u00f3 egykori Genesis git\u00e1ros, Steve Hackett \u00f6t kompoz\u00edci\u00f3ban is k\u00f6zrem\u0171k\u00f6dik az albumon, valamint \u0151 \u00e9nekli a Tears For Peace c\u00edm\u0171 sz\u00e1mot. Az albumot v\u00e9gighallgatva a Djab\u00e9t\u00f3l megszokott friss, soksz\u00edn\u0171 zenei utaz\u00e1sban vehet\u00fcnk r\u00e9szt, \u00e9s ez\u00fattal is megmutatja \u00faj arcait az egy\u00fcttes. 10 \u00faj sz\u00e1m, hangulatok az elm\u00falt \u00e9vek tapasztalataib\u00f3l \u2013 lent \u00e9s fent. Barab\u00e1s Tam\u00e1s basszusgit\u00e1r j\u00e1t\u00e9k\u00e1t vil\u00e1gszerte elismerik \u00e9s szeretik. A Down And Up albumon most szinte minden hangszeren j\u00e1tszik, melyb\u0151l kiemelhetj\u00fck kiv\u00e1l\u00f3 git\u00e1rj\u00e1t\u00e9k\u00e1t. Bizony\u00e1ra kevesen tudj\u00e1k, hogy eredetileg sz\u00f3l\u00f3git\u00e1rosk\u00e9nt kezdte p\u00e1lyafut\u00e1s\u00e1t. Banai Szil\u00e1rd az ut\u00f3bbi p\u00e1r \u00e9vben az egyik legmagasabb szinten jegyzett doboss\u00e1 n\u0151tte ki mag\u00e1t, melyet nemzetk\u00f6zi elismer\u00e9sei is bizony\u00edtanak. Egyedi ritmikai \u00e9s muzik\u00e1lis megold\u00e1sai \u00e9lvezetes sz\u00ednt adnak a kompoz\u00edci\u00f3knak. \u00c9gerh\u00e1zi Attila git\u00e1rtext\u00far\u00e1ja alapvet\u0151 jellemz\u0151je kezdetekt\u0151l fogva a Djabe hangz\u00e1s\u00e1nak. Ezen az albumon az Awakening City \u00e9s a Hills Of The Valley c\u00edm\u0171 sz\u00e1mok k\u00e9pviselik ezt a vil\u00e1got. Kov\u00e1cs Ferenc a t\u0151le megszokott zeneis\u00e9get hozza trombit\u00e1n \u00e9s heged\u0171n. K\u00fcl\u00f6n figyelemre m\u00e9lt\u00f3 a Dark Soup c\u00edm\u0171 sz\u00e1mhoz \u00edrt \u00e9rdekes sz\u00f6vege, melyet karakteres \u00e9nekst\u00edlus\u00e1ban ad el\u0151. Kov\u00e1cs Zolt\u00e1n zongora- \u00e9s billenty\u0171j\u00e1t\u00e9ka az \u00e9vek sor\u00e1n egyre fontosabb elem\u00e9v\u00e9 v\u00e1lt a Djabe zen\u00e9j\u00e9nek, melyr\u0151l ezen a kiadv\u00e1nyon is meggy\u0151z benn\u00fcnket.<\/p>\n<p>A vend\u00e9gm\u0171v\u00e9szek zen\u00e9szk\u00e9nt \u00e9s az \u00e1ltaluk k\u00e9pviselt hangszereket tekintve is k\u00fcl\u00f6nleges sz\u00ednekkel gazdag\u00edtj\u00e1k az albumot. Steve Hackett (UK) git\u00e1rozik \u00e9s \u00e9nekel, John Nugent (USA) tenorszaxofonon j\u00e1tszik, Malik Mansurov (AZ) az \u0151si tar megsz\u00f3laltat\u00f3ja. A magyar zen\u00e9szbar\u00e1tok k\u00f6z\u00fcl Balogh K\u00e1lm\u00e1n cimbalmozik, Bede P\u00e9ter furuly\u00e1zik, Herczeg Judit vok\u00e1lozik \u00e9s Veress G\u00e1bor fuvol\u00e1n k\u00f6zrem\u0171k\u00f6dik.[\/vc_column_text][vc_separator][vc_column_text]<strong>A lemezen szerepl\u0151 el\u0151ad\u00f3k<\/strong><br \/>\nSzil\u00e1rd Banai \u2013 dobok<br \/>\nTam\u00e1s Barab\u00e1s \u2013 basszusgiut\u00e1r, szintetiz\u00e1tor, git\u00e1r (8, 10), \u00fct\u0151hangszerek<br \/>\nAttila \u00c9gerh\u00e1zi \u2013 git\u00e1r<br \/>\nFerenc Kov\u00e1cs \u2013 \u00e9nek(7), trombita, heged\u0171<br \/>\nZolt\u00e1n Kov\u00e1cs \u2013 billenty\u0171s hangszerek[\/vc_column_text][vc_column_text]<strong>Special guests<\/strong><br \/>\nSteve Hackett \u2013 \u00e9nek, git\u00e1r<br \/>\nMalik Mansurov \u2013 tar<br \/>\nJohn Nugent \u2013 tenor szaxofon<br \/>\nK\u00e1lm\u00e1n Balogh \u2013 cimbalom<br \/>\nP\u00e9ter Bede \u2013 p\u00e1sztor furulya<br \/>\nJudit Herczeg \u2013 \u00e9nek<br \/>\nG\u00e1bor Veress \u2013 fuvola<br \/>\nRoger King \u2013 billenty\u0171s hangszerek (Bonus audio)[\/vc_column_text][\/vc_column][\/vc_row]<\/p>","protected":false},"excerpt":{"rendered":"<p>A Down And Up c\u00edm\u0171 anyag mind sz\u00ednvonal\u00e1ban, mind kivitel\u00e9ben els\u0151rang\u00fa. Ezt a min\u0151s\u00e9get \u00e9s ig\u00e9nyess\u00e9get megszokhattuk m\u00e1r a zenekart\u00f3l, nem v\u00e9letlen, hogy az ut\u00f3bbi p\u00e1r \u00e9vben 42 orsz\u00e1g l\u00e1tta vend\u00e9g\u00fcl a Djab\u00e9t. A Down And Up zeneszerz\u0151i, hangszerel\u0151i \u00e9s st\u00fadi\u00f3munk\u00e1latai Barab\u00e1s Tam\u00e1s tehets\u00e9g\u00e9t \u00e9s ig\u00e9nyess\u00e9g\u00e9t dics\u00e9rik els\u0151sorban.<\/p>\n","protected":false},"featured_media":6211,"template":"","meta":[],"product_brand":[],"product_cat":[92],"product_tag":[],"class_list":{"0":"post-6200","1":"product","2":"type-product","3":"status-publish","4":"has-post-thumbnail","6":"product_cat-cd","7":"yith_product_brand-djabe","8":"col-12 col-sm-6 col-md-4","10":"first","11":"instock","12":"shipping-taxable","13":"purchasable","14":"product-type-simple"},"yoast_head":"<!-- This site is optimized with the Yoast SEO plugin v27.3 - https:\/\/yoast.com\/product\/yoast-seo-wordpress\/ -->\n<title>Djabe Down And Up (CD) &#8211; GR1993 Records<\/title>\n<meta name=\"robots\" content=\"index, follow, max-snippet:-1, max-image-preview:large, max-video-preview:-1\" \/>\n<link rel=\"canonical\" href=\"https:\/\/gr1993records.com\/index.php\/product\/djabe-down-and-up-cd\/\" \/>\n<meta property=\"og:locale\" content=\"hu_HU\" \/>\n<meta property=\"og:type\" content=\"article\" \/>\n<meta property=\"og:title\" content=\"Djabe Down And Up (CD) &#8211; GR1993 Records\" \/>\n<meta property=\"og:description\" content=\"[:hu]A Down And Up c\u00edm\u0171 anyag mind sz\u00ednvonal\u00e1ban, mind kivitel\u00e9ben els\u0151rang\u00fa. Ezt a min\u0151s\u00e9get \u00e9s ig\u00e9nyess\u00e9get megszokhattuk m\u00e1r a zenekart\u00f3l, nem v\u00e9letlen, hogy az ut\u00f3bbi p\u00e1r \u00e9vben 42 orsz\u00e1g l\u00e1tta vend\u00e9g\u00fcl a Djab\u00e9t. A Down And Up zeneszerz\u0151i, hangszerel\u0151i \u00e9s st\u00fadi\u00f3munk\u00e1latai Barab\u00e1s Tam\u00e1s tehets\u00e9g\u00e9t \u00e9s ig\u00e9nyess\u00e9g\u00e9t dics\u00e9rik els\u0151sorban.[:en]Djabe released its previous studio album in 2008, and safe to say the new album Down And Up has been well worth waiting for. The music is simply first class both in both standard and in execution. We\u2019ve been used to this quality and ambition from the band since its inception, and so no surprise therefore, that up to now 42 countries have invited Djabe to perform.[:]\" \/>\n<meta property=\"og:url\" content=\"https:\/\/gr1993records.com\/index.php\/product\/djabe-down-and-up-cd\/\" \/>\n<meta property=\"og:site_name\" content=\"GR1993 Records\" \/>\n<meta property=\"article:publisher\" content=\"https:\/\/www.facebook.com\/GR1993Records-113564886691383\/\" \/>\n<meta property=\"article:modified_time\" content=\"2026-03-31T09:46:55+00:00\" \/>\n<meta property=\"og:image\" content=\"https:\/\/gr1993records.com\/wp-content\/uploads\/2021\/01\/kiadvany_djabe_down_and_up_CD_front.jpg\" \/>\n\t<meta property=\"og:image:width\" content=\"1000\" \/>\n\t<meta property=\"og:image:height\" content=\"1000\" \/>\n\t<meta property=\"og:image:type\" content=\"image\/jpeg\" \/>\n<meta name=\"twitter:card\" content=\"summary_large_image\" \/>\n<meta name=\"twitter:label1\" content=\"Becs\u00fclt olvas\u00e1si id\u0151\" \/>\n\t<meta name=\"twitter:data1\" content=\"7 perc\" \/>\n<script type=\"application\/ld+json\" class=\"yoast-schema-graph\">{\"@context\":\"https:\\\/\\\/schema.org\",\"@graph\":[{\"@type\":\"WebPage\",\"@id\":\"https:\\\/\\\/gr1993records.com\\\/index.php\\\/product\\\/djabe-down-and-up-cd\\\/\",\"url\":\"https:\\\/\\\/gr1993records.com\\\/index.php\\\/product\\\/djabe-down-and-up-cd\\\/\",\"name\":\"Djabe Down And Up (CD) &#8211; GR1993 Records\",\"isPartOf\":{\"@id\":\"https:\\\/\\\/gr1993records.com\\\/#website\"},\"primaryImageOfPage\":{\"@id\":\"https:\\\/\\\/gr1993records.com\\\/index.php\\\/product\\\/djabe-down-and-up-cd\\\/#primaryimage\"},\"image\":{\"@id\":\"https:\\\/\\\/gr1993records.com\\\/index.php\\\/product\\\/djabe-down-and-up-cd\\\/#primaryimage\"},\"thumbnailUrl\":\"https:\\\/\\\/gr1993records.com\\\/wp-content\\\/uploads\\\/2021\\\/01\\\/kiadvany_djabe_down_and_up_CD_front.jpg\",\"datePublished\":\"2021-01-25T16:28:33+00:00\",\"dateModified\":\"2026-03-31T09:46:55+00:00\",\"breadcrumb\":{\"@id\":\"https:\\\/\\\/gr1993records.com\\\/index.php\\\/product\\\/djabe-down-and-up-cd\\\/#breadcrumb\"},\"inLanguage\":\"hu\",\"potentialAction\":[{\"@type\":\"ReadAction\",\"target\":[\"https:\\\/\\\/gr1993records.com\\\/index.php\\\/product\\\/djabe-down-and-up-cd\\\/\"]}]},{\"@type\":\"ImageObject\",\"inLanguage\":\"hu\",\"@id\":\"https:\\\/\\\/gr1993records.com\\\/index.php\\\/product\\\/djabe-down-and-up-cd\\\/#primaryimage\",\"url\":\"https:\\\/\\\/gr1993records.com\\\/wp-content\\\/uploads\\\/2021\\\/01\\\/kiadvany_djabe_down_and_up_CD_front.jpg\",\"contentUrl\":\"https:\\\/\\\/gr1993records.com\\\/wp-content\\\/uploads\\\/2021\\\/01\\\/kiadvany_djabe_down_and_up_CD_front.jpg\",\"width\":1000,\"height\":1000,\"caption\":\"Djabe \u2013 Down and Up (CD) cover\"},{\"@type\":\"BreadcrumbList\",\"@id\":\"https:\\\/\\\/gr1993records.com\\\/index.php\\\/product\\\/djabe-down-and-up-cd\\\/#breadcrumb\",\"itemListElement\":[{\"@type\":\"ListItem\",\"position\":1,\"name\":\"Home\",\"item\":\"https:\\\/\\\/gr1993records.com\\\/\"},{\"@type\":\"ListItem\",\"position\":2,\"name\":\"Kiadv\u00e1nyok\",\"item\":\"https:\\\/\\\/gr1993records.com\\\/index.php\\\/shop\\\/\"},{\"@type\":\"ListItem\",\"position\":3,\"name\":\"Djabe Down And Up (CD)\"}]},{\"@type\":\"WebSite\",\"@id\":\"https:\\\/\\\/gr1993records.com\\\/#website\",\"url\":\"https:\\\/\\\/gr1993records.com\\\/\",\"name\":\"GR1993 Records\",\"description\":\"\",\"publisher\":{\"@id\":\"https:\\\/\\\/gr1993records.com\\\/#organization\"},\"potentialAction\":[{\"@type\":\"SearchAction\",\"target\":{\"@type\":\"EntryPoint\",\"urlTemplate\":\"https:\\\/\\\/gr1993records.com\\\/?s={search_term_string}\"},\"query-input\":{\"@type\":\"PropertyValueSpecification\",\"valueRequired\":true,\"valueName\":\"search_term_string\"}}],\"inLanguage\":\"hu\"},{\"@type\":\"Organization\",\"@id\":\"https:\\\/\\\/gr1993records.com\\\/#organization\",\"name\":\"Gramy-H Ltd.\",\"url\":\"https:\\\/\\\/gr1993records.com\\\/\",\"logo\":{\"@type\":\"ImageObject\",\"inLanguage\":\"hu\",\"@id\":\"https:\\\/\\\/gr1993records.com\\\/#\\\/schema\\\/logo\\\/image\\\/\",\"url\":\"https:\\\/\\\/gr1993records.com\\\/wp-content\\\/uploads\\\/2019\\\/08\\\/GR1993_Records_logo_CC.png\",\"contentUrl\":\"https:\\\/\\\/gr1993records.com\\\/wp-content\\\/uploads\\\/2019\\\/08\\\/GR1993_Records_logo_CC.png\",\"width\":2900,\"height\":2001,\"caption\":\"Gramy-H Ltd.\"},\"image\":{\"@id\":\"https:\\\/\\\/gr1993records.com\\\/#\\\/schema\\\/logo\\\/image\\\/\"},\"sameAs\":[\"https:\\\/\\\/www.facebook.com\\\/GR1993Records-113564886691383\\\/\"]}]}<\/script>\n<!-- \/ Yoast SEO plugin. -->","yoast_head_json":{"title":"Djabe Down And Up (CD) &#8211; GR1993 Records","robots":{"index":"index","follow":"follow","max-snippet":"max-snippet:-1","max-image-preview":"max-image-preview:large","max-video-preview":"max-video-preview:-1"},"canonical":"https:\/\/gr1993records.com\/index.php\/product\/djabe-down-and-up-cd\/","og_locale":"hu_HU","og_type":"article","og_title":"Djabe Down And Up (CD) &#8211; GR1993 Records","og_description":"[:hu]A Down And Up c\u00edm\u0171 anyag mind sz\u00ednvonal\u00e1ban, mind kivitel\u00e9ben els\u0151rang\u00fa. Ezt a min\u0151s\u00e9get \u00e9s ig\u00e9nyess\u00e9get megszokhattuk m\u00e1r a zenekart\u00f3l, nem v\u00e9letlen, hogy az ut\u00f3bbi p\u00e1r \u00e9vben 42 orsz\u00e1g l\u00e1tta vend\u00e9g\u00fcl a Djab\u00e9t. A Down And Up zeneszerz\u0151i, hangszerel\u0151i \u00e9s st\u00fadi\u00f3munk\u00e1latai Barab\u00e1s Tam\u00e1s tehets\u00e9g\u00e9t \u00e9s ig\u00e9nyess\u00e9g\u00e9t dics\u00e9rik els\u0151sorban.[:en]Djabe released its previous studio album in 2008, and safe to say the new album Down And Up has been well worth waiting for. The music is simply first class both in both standard and in execution. We\u2019ve been used to this quality and ambition from the band since its inception, and so no surprise therefore, that up to now 42 countries have invited Djabe to perform.[:]","og_url":"https:\/\/gr1993records.com\/index.php\/product\/djabe-down-and-up-cd\/","og_site_name":"GR1993 Records","article_publisher":"https:\/\/www.facebook.com\/GR1993Records-113564886691383\/","article_modified_time":"2026-03-31T09:46:55+00:00","og_image":[{"width":1000,"height":1000,"url":"https:\/\/gr1993records.com\/wp-content\/uploads\/2021\/01\/kiadvany_djabe_down_and_up_CD_front.jpg","type":"image\/jpeg"}],"twitter_card":"summary_large_image","twitter_misc":{"Becs\u00fclt olvas\u00e1si id\u0151":"7 perc"},"schema":{"@context":"https:\/\/schema.org","@graph":[{"@type":"WebPage","@id":"https:\/\/gr1993records.com\/index.php\/product\/djabe-down-and-up-cd\/","url":"https:\/\/gr1993records.com\/index.php\/product\/djabe-down-and-up-cd\/","name":"Djabe Down And Up (CD) &#8211; GR1993 Records","isPartOf":{"@id":"https:\/\/gr1993records.com\/#website"},"primaryImageOfPage":{"@id":"https:\/\/gr1993records.com\/index.php\/product\/djabe-down-and-up-cd\/#primaryimage"},"image":{"@id":"https:\/\/gr1993records.com\/index.php\/product\/djabe-down-and-up-cd\/#primaryimage"},"thumbnailUrl":"https:\/\/gr1993records.com\/wp-content\/uploads\/2021\/01\/kiadvany_djabe_down_and_up_CD_front.jpg","datePublished":"2021-01-25T16:28:33+00:00","dateModified":"2026-03-31T09:46:55+00:00","breadcrumb":{"@id":"https:\/\/gr1993records.com\/index.php\/product\/djabe-down-and-up-cd\/#breadcrumb"},"inLanguage":"hu","potentialAction":[{"@type":"ReadAction","target":["https:\/\/gr1993records.com\/index.php\/product\/djabe-down-and-up-cd\/"]}]},{"@type":"ImageObject","inLanguage":"hu","@id":"https:\/\/gr1993records.com\/index.php\/product\/djabe-down-and-up-cd\/#primaryimage","url":"https:\/\/gr1993records.com\/wp-content\/uploads\/2021\/01\/kiadvany_djabe_down_and_up_CD_front.jpg","contentUrl":"https:\/\/gr1993records.com\/wp-content\/uploads\/2021\/01\/kiadvany_djabe_down_and_up_CD_front.jpg","width":1000,"height":1000,"caption":"Djabe \u2013 Down and Up (CD) cover"},{"@type":"BreadcrumbList","@id":"https:\/\/gr1993records.com\/index.php\/product\/djabe-down-and-up-cd\/#breadcrumb","itemListElement":[{"@type":"ListItem","position":1,"name":"Home","item":"https:\/\/gr1993records.com\/"},{"@type":"ListItem","position":2,"name":"Kiadv\u00e1nyok","item":"https:\/\/gr1993records.com\/index.php\/shop\/"},{"@type":"ListItem","position":3,"name":"Djabe Down And Up (CD)"}]},{"@type":"WebSite","@id":"https:\/\/gr1993records.com\/#website","url":"https:\/\/gr1993records.com\/","name":"GR1993 Records","description":"","publisher":{"@id":"https:\/\/gr1993records.com\/#organization"},"potentialAction":[{"@type":"SearchAction","target":{"@type":"EntryPoint","urlTemplate":"https:\/\/gr1993records.com\/?s={search_term_string}"},"query-input":{"@type":"PropertyValueSpecification","valueRequired":true,"valueName":"search_term_string"}}],"inLanguage":"hu"},{"@type":"Organization","@id":"https:\/\/gr1993records.com\/#organization","name":"Gramy-H Ltd.","url":"https:\/\/gr1993records.com\/","logo":{"@type":"ImageObject","inLanguage":"hu","@id":"https:\/\/gr1993records.com\/#\/schema\/logo\/image\/","url":"https:\/\/gr1993records.com\/wp-content\/uploads\/2019\/08\/GR1993_Records_logo_CC.png","contentUrl":"https:\/\/gr1993records.com\/wp-content\/uploads\/2019\/08\/GR1993_Records_logo_CC.png","width":2900,"height":2001,"caption":"Gramy-H Ltd."},"image":{"@id":"https:\/\/gr1993records.com\/#\/schema\/logo\/image\/"},"sameAs":["https:\/\/www.facebook.com\/GR1993Records-113564886691383\/"]}]}},"jetpack_sharing_enabled":true,"_links":{"self":[{"href":"https:\/\/gr1993records.com\/index.php\/wp-json\/wp\/v2\/product\/6200","targetHints":{"allow":["GET"]}}],"collection":[{"href":"https:\/\/gr1993records.com\/index.php\/wp-json\/wp\/v2\/product"}],"about":[{"href":"https:\/\/gr1993records.com\/index.php\/wp-json\/wp\/v2\/types\/product"}],"wp:featuredmedia":[{"embeddable":true,"href":"https:\/\/gr1993records.com\/index.php\/wp-json\/wp\/v2\/media\/6211"}],"wp:attachment":[{"href":"https:\/\/gr1993records.com\/index.php\/wp-json\/wp\/v2\/media?parent=6200"}],"wp:term":[{"taxonomy":"product_brand","embeddable":true,"href":"https:\/\/gr1993records.com\/index.php\/wp-json\/wp\/v2\/product_brand?post=6200"},{"taxonomy":"product_cat","embeddable":true,"href":"https:\/\/gr1993records.com\/index.php\/wp-json\/wp\/v2\/product_cat?post=6200"},{"taxonomy":"product_tag","embeddable":true,"href":"https:\/\/gr1993records.com\/index.php\/wp-json\/wp\/v2\/product_tag?post=6200"}],"curies":[{"name":"wp","href":"https:\/\/api.w.org\/{rel}","templated":true}]}}