{"id":6185,"date":"2021-01-25T13:28:19","date_gmt":"2021-01-25T13:28:19","guid":{"rendered":"https:\/\/gr1993records.com\/?post_type=product&#038;p=6185"},"modified":"2026-03-31T11:47:41","modified_gmt":"2026-03-31T09:47:41","slug":"djabe-take-on-cd","status":"publish","type":"product","link":"https:\/\/gr1993records.com\/index.php\/product\/djabe-take-on-cd\/","title":{"rendered":"Djabe <br\/>Take On <br\/>(CD)"},"content":{"rendered":"<p>[vc_row][vc_column][vc_column_text]Ez az album egy korszak v\u00e9ge \u00e9s egy m\u00e1sik kezdete a Djabe \u00e9let\u00e9ben. Lez\u00e1rultak a felv\u00e9telek, a koncertek Sipivel. A Take on minden sz\u00e1m\u00e1ban felj\u00e1tszotta az \u00fct\u0151hangszereket, \u00e9s h\u00e1rom kompoz\u00edci\u00f3 kiv\u00e9tel\u00e9vel az \u00e9nekl\u00e9st is siker\u00fclt befejeznie. Nem siettek, hiszen nem k\u00e9sz\u00fcltek arra, hogy elmegy. A kompoz\u00edci\u00f3k, ak\u00e1rcsak az \u00c9letk\u00e9pek eset\u00e9ben Barab\u00e1s Tam\u00e1st\u00f3l sz\u00e1rmaznak. Az \u0151 gondos munk\u00e1j\u00e1t \u00e9lvezhetj\u00fck az \u00c9gerh\u00e1zi Attila \u00e1ltal hozott sz\u00e1mok eset\u00e9ben is. A Djabe az elm\u00falt \u00e9vekben jelent\u0151s t\u00e9nyez\u0151v\u00e9 v\u00e1lt a nemzetk\u00f6zi zenei \u00e9letben. K\u00f6sz\u00f6nheti mindezt a csapat a kifejlett \u00e9s magas m\u0171v\u00e9szi sz\u00ednvonal\u00e1nak. A klasszikus Djabe fel\u00e1ll\u00e1st vend\u00e9gzen\u00e9szek eg\u00e9sz\u00edtik ki. K\u00e9t kiv\u00e1l\u00f3 szaxofonos, Ben Castle Angli\u00e1b\u00f3l \u00e9s John Nugent Rochesterb\u0151l, az Egyes\u00fclt \u00c1llamokb\u00f3l. Mind John, mind Ben vil\u00e1gklasszisokkal dolgozott \u00e9s dolgozik folyamatosan. Az album k\u00fcl\u00f6nleges zenei szerepl\u0151je az azerbajdzs\u00e1ni Malik Mansurov, aki \u0151si penget\u0151s hangszer\u00e9nek, a tarnak vil\u00e1gh\u00edr\u0171 mestere. A zenekar a bakui Jazzfesztiv\u00e1lon j\u00e1tszott el\u0151sz\u00f6r Malikkal. Itthoni vend\u00e9g a lemezen Budai S\u00e1ndor pr\u00edm\u00e1s \u00e9s zenekara. Cig\u00e1nyzene el\u0151sz\u00f6r t\u0171nik fel Djabe albumon. A vend\u00e9gek mellett term\u00e9szetesen ne feledkezz\u00fcnk meg a Djabe tagjair\u00f3l sem, hiszen ez a lemez alapvet\u0151en az \u0151 alkot\u00e1suk. Mindenki cs\u00facsform\u00e1ban j\u00e1tszik az albumon. Barab\u00e1s Tam\u00e1s szem\u00e9lyre szabottan \u00edrta meg a sz\u00f3lamokat, helyezte el a sz\u00f3l\u00f3kat.<br \/>\nAz \u00faj Djabe album m\u00e9lt\u00f3 folytat\u00e1sa az eddigi hagyom\u00e1nyoknak. Sipos Andr\u00e1s utols\u00f3 st\u00fadi\u00f3lemeze a zenekarral. A lemez \u00f6sszefoglalja mindazt, amit a Djabe 12 \u00e9v alatt megtanult \u00e9s megmutatott a zen\u00e9b\u0151l.[\/vc_column_text][vc_separator][vc_column_text]\u201eV\u00e1ratlan, egyedi \u00e9s sz\u00f3rakoztat\u00f3.\u201d &#8211; Jeff Spevak, Rochester City News, USA[\/vc_column_text][vc_separator][vc_column_text]<strong>A lemezen szerepl\u0151 el\u0151ad\u00f3k<\/strong><br \/>\nSipos Andr\u00e1s \u2013 \u00e9nek, \u00fct\u0151hangszerek<br \/>\nBanai Szil\u00e1rd \u2013 dobok<br \/>\nBarab\u00e1s Tam\u00e1s \u2013 basszusgit\u00e1r, \u00fct\u0151hangszerek<br \/>\n\u00c9gerh\u00e1zi Attila \u2013 git\u00e1rok<br \/>\nKov\u00e1cs Ferenc \u2013 trombita, sz\u00e1rnyk\u00fcrt, heged\u0171<br \/>\nKov\u00e1cs Zolt\u00e1n \u2013 zongora<br \/>\nBen Castle \u2013 tenor \u00e9s szopr\u00e1n szaxofon<br \/>\nJohn Nugent \u2013 tenor szaxofon<br \/>\nMalik Mansurov \u2013 tar, oud<br \/>\nBudai S\u00e1ndor pr\u00edm\u00e1s \u00e9s cig\u00e1nyzenekara[\/vc_column_text][\/vc_column][\/vc_row]<\/p>","protected":false},"excerpt":{"rendered":"<p>Ez az album egy korszak v\u00e9ge \u00e9s egy m\u00e1sik kezdete a Djabe \u00e9let\u00e9ben. Lez\u00e1rultak a felv\u00e9telek, a koncertek Sipivel. A Take on minden sz\u00e1m\u00e1ban felj\u00e1tszotta az \u00fct\u0151hangszereket, \u00e9s h\u00e1rom kompoz\u00edci\u00f3 kiv\u00e9tel\u00e9vel az \u00e9nekl\u00e9st is siker\u00fclt befejeznie.<\/p>\n","protected":false},"featured_media":6190,"template":"","meta":[],"product_brand":[],"product_cat":[92],"product_tag":[],"class_list":{"0":"post-6185","1":"product","2":"type-product","3":"status-publish","4":"has-post-thumbnail","6":"product_cat-cd","7":"yith_product_brand-djabe","8":"col-12 col-sm-6 col-md-4","10":"first","11":"instock","12":"sale","13":"shipping-taxable","14":"purchasable","15":"product-type-simple"},"yoast_head":"<!-- This site is optimized with the Yoast SEO plugin v27.2 - https:\/\/yoast.com\/product\/yoast-seo-wordpress\/ -->\n<title>Djabe Take On (CD) &#8211; GR1993 Records<\/title>\n<meta name=\"robots\" content=\"index, follow, max-snippet:-1, max-image-preview:large, max-video-preview:-1\" \/>\n<link rel=\"canonical\" href=\"https:\/\/gr1993records.com\/index.php\/product\/djabe-take-on-cd\/\" \/>\n<meta property=\"og:locale\" content=\"hu_HU\" \/>\n<meta property=\"og:type\" content=\"article\" \/>\n<meta property=\"og:title\" content=\"Djabe Take On (CD) &#8211; GR1993 Records\" \/>\n<meta property=\"og:description\" content=\"[:hu]Ez az album egy korszak v\u00e9ge \u00e9s egy m\u00e1sik kezdete a Djabe \u00e9let\u00e9ben. Lez\u00e1rultak a felv\u00e9telek, a koncertek Sipivel. A Take on minden sz\u00e1m\u00e1ban felj\u00e1tszotta az \u00fct\u0151hangszereket, \u00e9s h\u00e1rom kompoz\u00edci\u00f3 kiv\u00e9tel\u00e9vel az \u00e9nekl\u00e9st is siker\u00fclt befejeznie.[:en]The composing ability of Tam\u00e1s Barab\u00e1s integrates all the talent of the members of the band, creating a new quality by that. The compositions are fresh, unique, still sound familiar.[:]\" \/>\n<meta property=\"og:url\" content=\"https:\/\/gr1993records.com\/index.php\/product\/djabe-take-on-cd\/\" \/>\n<meta property=\"og:site_name\" content=\"GR1993 Records\" \/>\n<meta property=\"article:publisher\" content=\"https:\/\/www.facebook.com\/GR1993Records-113564886691383\/\" \/>\n<meta property=\"article:modified_time\" content=\"2026-03-31T09:47:41+00:00\" \/>\n<meta property=\"og:image\" content=\"https:\/\/gr1993records.com\/wp-content\/uploads\/2021\/01\/kiadvany_djabe_take_on_CD_front.jpg\" \/>\n\t<meta property=\"og:image:width\" content=\"1000\" \/>\n\t<meta property=\"og:image:height\" content=\"1000\" \/>\n\t<meta property=\"og:image:type\" content=\"image\/jpeg\" \/>\n<meta name=\"twitter:card\" content=\"summary_large_image\" \/>\n<meta name=\"twitter:label1\" content=\"Becs\u00fclt olvas\u00e1si id\u0151\" \/>\n\t<meta name=\"twitter:data1\" content=\"4 perc\" \/>\n<script type=\"application\/ld+json\" class=\"yoast-schema-graph\">{\"@context\":\"https:\/\/schema.org\",\"@graph\":[{\"@type\":\"WebPage\",\"@id\":\"https:\/\/gr1993records.com\/index.php\/product\/djabe-take-on-cd\/\",\"url\":\"https:\/\/gr1993records.com\/index.php\/product\/djabe-take-on-cd\/\",\"name\":\"Djabe Take On (CD) &#8211; GR1993 Records\",\"isPartOf\":{\"@id\":\"https:\/\/gr1993records.com\/#website\"},\"primaryImageOfPage\":{\"@id\":\"https:\/\/gr1993records.com\/index.php\/product\/djabe-take-on-cd\/#primaryimage\"},\"image\":{\"@id\":\"https:\/\/gr1993records.com\/index.php\/product\/djabe-take-on-cd\/#primaryimage\"},\"thumbnailUrl\":\"https:\/\/gr1993records.com\/wp-content\/uploads\/2021\/01\/kiadvany_djabe_take_on_CD_front.jpg\",\"datePublished\":\"2021-01-25T13:28:19+00:00\",\"dateModified\":\"2026-03-31T09:47:41+00:00\",\"breadcrumb\":{\"@id\":\"https:\/\/gr1993records.com\/index.php\/product\/djabe-take-on-cd\/#breadcrumb\"},\"inLanguage\":\"hu\",\"potentialAction\":[{\"@type\":\"ReadAction\",\"target\":[\"https:\/\/gr1993records.com\/index.php\/product\/djabe-take-on-cd\/\"]}]},{\"@type\":\"ImageObject\",\"inLanguage\":\"hu\",\"@id\":\"https:\/\/gr1993records.com\/index.php\/product\/djabe-take-on-cd\/#primaryimage\",\"url\":\"https:\/\/gr1993records.com\/wp-content\/uploads\/2021\/01\/kiadvany_djabe_take_on_CD_front.jpg\",\"contentUrl\":\"https:\/\/gr1993records.com\/wp-content\/uploads\/2021\/01\/kiadvany_djabe_take_on_CD_front.jpg\",\"width\":1000,\"height\":1000,\"caption\":\"Djabe \u2013 Take On (CD) cover\"},{\"@type\":\"BreadcrumbList\",\"@id\":\"https:\/\/gr1993records.com\/index.php\/product\/djabe-take-on-cd\/#breadcrumb\",\"itemListElement\":[{\"@type\":\"ListItem\",\"position\":1,\"name\":\"Home\",\"item\":\"https:\/\/gr1993records.com\/\"},{\"@type\":\"ListItem\",\"position\":2,\"name\":\"Kiadv\u00e1nyok\",\"item\":\"https:\/\/gr1993records.com\/index.php\/shop\/\"},{\"@type\":\"ListItem\",\"position\":3,\"name\":\"Djabe Take On (CD)\"}]},{\"@type\":\"WebSite\",\"@id\":\"https:\/\/gr1993records.com\/#website\",\"url\":\"https:\/\/gr1993records.com\/\",\"name\":\"GR1993 Records\",\"description\":\"\",\"publisher\":{\"@id\":\"https:\/\/gr1993records.com\/#organization\"},\"potentialAction\":[{\"@type\":\"SearchAction\",\"target\":{\"@type\":\"EntryPoint\",\"urlTemplate\":\"https:\/\/gr1993records.com\/?s={search_term_string}\"},\"query-input\":{\"@type\":\"PropertyValueSpecification\",\"valueRequired\":true,\"valueName\":\"search_term_string\"}}],\"inLanguage\":\"hu\"},{\"@type\":\"Organization\",\"@id\":\"https:\/\/gr1993records.com\/#organization\",\"name\":\"Gramy-H Ltd.\",\"url\":\"https:\/\/gr1993records.com\/\",\"logo\":{\"@type\":\"ImageObject\",\"inLanguage\":\"hu\",\"@id\":\"https:\/\/gr1993records.com\/#\/schema\/logo\/image\/\",\"url\":\"https:\/\/gr1993records.com\/wp-content\/uploads\/2019\/08\/GR1993_Records_logo_CC.png\",\"contentUrl\":\"https:\/\/gr1993records.com\/wp-content\/uploads\/2019\/08\/GR1993_Records_logo_CC.png\",\"width\":2900,\"height\":2001,\"caption\":\"Gramy-H Ltd.\"},\"image\":{\"@id\":\"https:\/\/gr1993records.com\/#\/schema\/logo\/image\/\"},\"sameAs\":[\"https:\/\/www.facebook.com\/GR1993Records-113564886691383\/\"]}]}<\/script>\n<!-- \/ Yoast SEO plugin. -->","yoast_head_json":{"title":"Djabe Take On (CD) &#8211; GR1993 Records","robots":{"index":"index","follow":"follow","max-snippet":"max-snippet:-1","max-image-preview":"max-image-preview:large","max-video-preview":"max-video-preview:-1"},"canonical":"https:\/\/gr1993records.com\/index.php\/product\/djabe-take-on-cd\/","og_locale":"hu_HU","og_type":"article","og_title":"Djabe Take On (CD) &#8211; GR1993 Records","og_description":"[:hu]Ez az album egy korszak v\u00e9ge \u00e9s egy m\u00e1sik kezdete a Djabe \u00e9let\u00e9ben. Lez\u00e1rultak a felv\u00e9telek, a koncertek Sipivel. A Take on minden sz\u00e1m\u00e1ban felj\u00e1tszotta az \u00fct\u0151hangszereket, \u00e9s h\u00e1rom kompoz\u00edci\u00f3 kiv\u00e9tel\u00e9vel az \u00e9nekl\u00e9st is siker\u00fclt befejeznie.[:en]The composing ability of Tam\u00e1s Barab\u00e1s integrates all the talent of the members of the band, creating a new quality by that. The compositions are fresh, unique, still sound familiar.[:]","og_url":"https:\/\/gr1993records.com\/index.php\/product\/djabe-take-on-cd\/","og_site_name":"GR1993 Records","article_publisher":"https:\/\/www.facebook.com\/GR1993Records-113564886691383\/","article_modified_time":"2026-03-31T09:47:41+00:00","og_image":[{"width":1000,"height":1000,"url":"https:\/\/gr1993records.com\/wp-content\/uploads\/2021\/01\/kiadvany_djabe_take_on_CD_front.jpg","type":"image\/jpeg"}],"twitter_card":"summary_large_image","twitter_misc":{"Becs\u00fclt olvas\u00e1si id\u0151":"4 perc"},"schema":{"@context":"https:\/\/schema.org","@graph":[{"@type":"WebPage","@id":"https:\/\/gr1993records.com\/index.php\/product\/djabe-take-on-cd\/","url":"https:\/\/gr1993records.com\/index.php\/product\/djabe-take-on-cd\/","name":"Djabe Take On (CD) &#8211; GR1993 Records","isPartOf":{"@id":"https:\/\/gr1993records.com\/#website"},"primaryImageOfPage":{"@id":"https:\/\/gr1993records.com\/index.php\/product\/djabe-take-on-cd\/#primaryimage"},"image":{"@id":"https:\/\/gr1993records.com\/index.php\/product\/djabe-take-on-cd\/#primaryimage"},"thumbnailUrl":"https:\/\/gr1993records.com\/wp-content\/uploads\/2021\/01\/kiadvany_djabe_take_on_CD_front.jpg","datePublished":"2021-01-25T13:28:19+00:00","dateModified":"2026-03-31T09:47:41+00:00","breadcrumb":{"@id":"https:\/\/gr1993records.com\/index.php\/product\/djabe-take-on-cd\/#breadcrumb"},"inLanguage":"hu","potentialAction":[{"@type":"ReadAction","target":["https:\/\/gr1993records.com\/index.php\/product\/djabe-take-on-cd\/"]}]},{"@type":"ImageObject","inLanguage":"hu","@id":"https:\/\/gr1993records.com\/index.php\/product\/djabe-take-on-cd\/#primaryimage","url":"https:\/\/gr1993records.com\/wp-content\/uploads\/2021\/01\/kiadvany_djabe_take_on_CD_front.jpg","contentUrl":"https:\/\/gr1993records.com\/wp-content\/uploads\/2021\/01\/kiadvany_djabe_take_on_CD_front.jpg","width":1000,"height":1000,"caption":"Djabe \u2013 Take On (CD) cover"},{"@type":"BreadcrumbList","@id":"https:\/\/gr1993records.com\/index.php\/product\/djabe-take-on-cd\/#breadcrumb","itemListElement":[{"@type":"ListItem","position":1,"name":"Home","item":"https:\/\/gr1993records.com\/"},{"@type":"ListItem","position":2,"name":"Kiadv\u00e1nyok","item":"https:\/\/gr1993records.com\/index.php\/shop\/"},{"@type":"ListItem","position":3,"name":"Djabe Take On (CD)"}]},{"@type":"WebSite","@id":"https:\/\/gr1993records.com\/#website","url":"https:\/\/gr1993records.com\/","name":"GR1993 Records","description":"","publisher":{"@id":"https:\/\/gr1993records.com\/#organization"},"potentialAction":[{"@type":"SearchAction","target":{"@type":"EntryPoint","urlTemplate":"https:\/\/gr1993records.com\/?s={search_term_string}"},"query-input":{"@type":"PropertyValueSpecification","valueRequired":true,"valueName":"search_term_string"}}],"inLanguage":"hu"},{"@type":"Organization","@id":"https:\/\/gr1993records.com\/#organization","name":"Gramy-H Ltd.","url":"https:\/\/gr1993records.com\/","logo":{"@type":"ImageObject","inLanguage":"hu","@id":"https:\/\/gr1993records.com\/#\/schema\/logo\/image\/","url":"https:\/\/gr1993records.com\/wp-content\/uploads\/2019\/08\/GR1993_Records_logo_CC.png","contentUrl":"https:\/\/gr1993records.com\/wp-content\/uploads\/2019\/08\/GR1993_Records_logo_CC.png","width":2900,"height":2001,"caption":"Gramy-H Ltd."},"image":{"@id":"https:\/\/gr1993records.com\/#\/schema\/logo\/image\/"},"sameAs":["https:\/\/www.facebook.com\/GR1993Records-113564886691383\/"]}]}},"jetpack_sharing_enabled":true,"_links":{"self":[{"href":"https:\/\/gr1993records.com\/index.php\/wp-json\/wp\/v2\/product\/6185","targetHints":{"allow":["GET"]}}],"collection":[{"href":"https:\/\/gr1993records.com\/index.php\/wp-json\/wp\/v2\/product"}],"about":[{"href":"https:\/\/gr1993records.com\/index.php\/wp-json\/wp\/v2\/types\/product"}],"wp:featuredmedia":[{"embeddable":true,"href":"https:\/\/gr1993records.com\/index.php\/wp-json\/wp\/v2\/media\/6190"}],"wp:attachment":[{"href":"https:\/\/gr1993records.com\/index.php\/wp-json\/wp\/v2\/media?parent=6185"}],"wp:term":[{"taxonomy":"product_brand","embeddable":true,"href":"https:\/\/gr1993records.com\/index.php\/wp-json\/wp\/v2\/product_brand?post=6185"},{"taxonomy":"product_cat","embeddable":true,"href":"https:\/\/gr1993records.com\/index.php\/wp-json\/wp\/v2\/product_cat?post=6185"},{"taxonomy":"product_tag","embeddable":true,"href":"https:\/\/gr1993records.com\/index.php\/wp-json\/wp\/v2\/product_tag?post=6185"}],"curies":[{"name":"wp","href":"https:\/\/api.w.org\/{rel}","templated":true}]}}