{"id":6182,"date":"2021-01-25T12:36:58","date_gmt":"2021-01-25T12:36:58","guid":{"rendered":"https:\/\/gr1993records.com\/?post_type=product&#038;p=6182"},"modified":"2026-03-31T11:47:52","modified_gmt":"2026-03-31T09:47:52","slug":"djabe-slices-of-life-dvd-audio","status":"publish","type":"product","link":"https:\/\/gr1993records.com\/index.php\/product\/djabe-slices-of-life-dvd-audio\/","title":{"rendered":"Djabe <br\/>Slices of Life <br\/>(5.1 DVD-EAD)"},"content":{"rendered":"<p>[vc_row][vc_column][vc_column_text]A Djabe T\u00e1ncolnak a kazlak DVD-Audio album\u00e1t 2005-ben Surround Music Award d\u00edjra jel\u00f6lt\u00e9k Los Angeles-ben, \u00edgy nem kis v\u00e1rakoz\u00e1ssal tekint a k\u00f6z\u00f6ns\u00e9g \u00e9s a szakma a Djabe \u00faj audio DVD-je el\u00e9. A DVD lemezen mind a 11 kompoz\u00edci\u00f3 surround-ban is meghallgathat\u00f3. 5.1 Dolby Digital \u00e9s 5.1 DTS hangs\u00e1vok k\u00f6z\u00fcl v\u00e1laszthatunk. A surround berendez\u00e9ssel nem rendelkez\u0151knek t\u00f6m\u00f6r\u00edtetlen stereo PCM hang \u00e1ll rendelkez\u00e9sre.<\/p>\n<p>A korong gazdagon tartalmaz extr\u00e1kat. Ilyen a 2004-ben, a New Orleans klubban r\u00f6gz\u00edtett koncertfelv\u00e9tel, melynek \u00e9rdekess\u00e9ge, hogy k\u00f6zrem\u0171k\u00f6dik rajta T\u00f3th Viktor szaxofonos, aki 2004 m\u00e1rciusa \u00e9s 2005 \u00e1prilisa k\u00f6z\u00f6tt dolgozott a zenekarral. Tal\u00e1lhat\u00f3 a lemezen egy \u00e9l\u0151 TV felv\u00e9tel a Hajd\u00fab\u00f6sz\u00f6rm\u00e9nyi utcar\u00e9sz c\u00edm\u0171 kompoz\u00edci\u00f3val \u00e9s egy zenekari utifilm a 2005-\u00f6s Pori \u00e9s Stockholmi fell\u00e9p\u00e9sekr\u0151l. Az audio korong DVD video form\u00e1tumban k\u00e9sz\u00fclt, teh\u00e1t b\u00e1rmilyen k\u00e9sz\u00fcl\u00e9kben lej\u00e1tszhat\u00f3.[\/vc_column_text][vc_separator][vc_column_text]\u201cAmikor a Djabe zenekar elk\u00fcldte leg\u00fajabb CD-j\u00e9t tudtam, hogy \u00fajra egy csod\u00e1latos zenei \u00e9lm\u00e9nyben lesz r\u00e9szem. Nem csal\u00f3dtam! \u00d6r\u00f6mmel hallgattam az \u201c\u00c9letk\u00e9pek\u201d- \u201cSlices of Life\u201d CD-\u00e9n szerepl\u0151 kompoz\u00edci\u00f3k soksz\u00edn\u0171s\u00e9g\u00e9t, a kit\u0171n\u0151, \u00f6tletes hangszerel\u00e9seket \u00e9s mindenek felett a t\u00f6k\u00e9letes, virtu\u00f3z sz\u00f3l\u00f3kat, az egy\u00fcttl\u00fcktet\u00e9s m\u00e1mor\u00e1t, melyek eml\u00e9keztetnek ugyan a r\u00e9gebbi szerzem\u00e9nyekre, de ezuttal sokkal \u00e9rettebb \u00e9s kifejez\u0151bb jazz elemekkel gazdag\u00edtva, kil\u00e9pve a K\u00e1rp\u00e1t medence n\u00e9pzenei vil\u00e1g\u00e1b\u00f3l, nyitottan, a vil\u00e1gon oly gazdag, soksz\u00edn\u0171 zenei mot\u00edvumok fel\u00e9. Gratul\u00e1lok!!!!!!!!!!!!\u201d<\/p>\n<p>Farkas Katalin<br \/>\nMagyar R\u00e1di\u00f3[\/vc_column_text][vc_separator][vc_column_text]\u201cMit\u0151l is j\u00f3 egy zenekar? Legyen \u0151szinte a zen\u00e9je, akarjon valamit k\u00f6zvet\u00edteni a hallgat\u00f3k fel\u00e9. T\u00f6rekedjen az eredetis\u00e9gre, de ne a minden\u00e1ron val\u00f3 elk\u00fcl\u00f6n\u00fcl\u00e9s legyen a c\u00e9lja. Legyen vil\u00e1gos zenei koncepci\u00f3ja. Az egy\u00fcttes tagjai legyenek a hangszer\u00fck avatott mesterei, legyenekzeneileg k\u00e9pzettek; olyanok, akik k\u00e9pesek b\u00e1rhol \u00e9s b\u00e1rmilyen k\u00f6r\u00fclm\u00e9nyek k\u00f6z\u00f6tt a professzion\u00e1lis megsz\u00f3lal\u00e1sra. Mind m\u0171v\u00e9szk\u00e9nt, mind mag\u00e1nemberk\u00e9nt legyenek egym\u00e1sra inspir\u00e1l\u00f3 hat\u00e1ssal, ugyanis az egys\u00e9ges zenekari megsz\u00f3lal\u00e1s nem a megsz\u00f3lal\u00f3 hangszerek egyszer\u0171 \u00f6sszege, hanem zenei szint\u00e9zise, ami magasabb szintre emeli az egy\u00fcttzen\u00e9l\u00e9s \u00e9lm\u00e9ny\u00e9t. Egy j\u00f3 zenekar mindig k\u00e9pes a meg\u00fajul\u00e1sra. Meg\u00fajul\u00e1sra, de \u00fagy, hogy a kor\u00e1bbi zen\u00e9ik alap\u00e9rt\u00e9keit tudatosan k\u00e9pesek meg\u0151rizni, \u00e9s meg\u0151rizve \u00fajra\u00e9rtelmezni. Az\u00e9rt k\u00fcl\u00f6nlegesen j\u00f3 egy\u00fcttes a DJABE, mert mindezeknek az ig\u00e9nyeknek k\u00e9pes megfelelni. \u00dagy \u00e9rzem t\u00f6bbsz\u00f6ri meghallgat\u00e1s ut\u00e1ni is, s\u0151t egyre intenz\u00edvebben, hogy ezzel a zenei anyaggal a DJABE zenekar v\u00e9g\u00e9rv\u00e9nyesen meg\u00e9rkezett a nemzetk\u00f6zi \u00e9lvonalba. Szerintem ugyan eddig is ott volt, de ez ut\u00e1n a CD ut\u00e1n a mostan\u00e1ig fanyalg\u00f3k is k\u00e9nytelenek lesznek l\u00e1bhoz tenni a fegyvert \u00e9s \u00fajra betenni a CD-t a lej\u00e1tsz\u00f3ba. Err\u0151l a korongr\u00f3l \u00e1rad a frissess\u00e9g, a lend\u00fclet, az intellektu\u00e1lis ig\u00e9nyess\u00e9g \u00e9s a legjobb \u00e9rtelemben vett profizmus. M\u00e1r az els\u0151 taktusok ut\u00e1n vil\u00e1goss\u00e1 v\u00e1lik a hallgat\u00f3 sz\u00e1m\u00e1ra, hogy kiv\u00e9teles zenei anyagra lelt. \u00d6r\u00f6mmel lehet gratul\u00e1lni a DJABE zenekarnak ehhez a kiv\u00e1l\u00f3zenei teljes\u00edtm\u00e9nyhez! A T\u00e1ncolnak a kazlak CD zenei hangulata a szem\u00e9lyes \u00e9rintetts\u00e9g miatt is, kifejezetten l\u00edrai \u00e9s k\u00fcl\u00f6nlegesen intellektu\u00e1lis. Fel is tette a m\u00e9rc\u00e9t, m\u00e9gpedig igen magasra. Ezzel az \u00faj zenei anyaggal megint siker\u00fclt el\u0151bbre l\u00e9pnie az egy\u00fcttesnek. A kijel\u00f6lt \u00fat helyes, el\u0151re a vil\u00e1gh\u00edrn\u00e9v fel\u00e9! A CD bor\u00edt\u00f3ja finoman \u00edzl\u00e9ses, j\u00f3l illeszkedik a CD zenei tartalm\u00e1hoz.\u201d<br \/>\nKov\u00e1cs Mikl\u00f3s[\/vc_column_text][vc_separator][vc_column_text]<strong>A lemezen szerepl\u0151 el\u0151ad\u00f3k<\/strong><br \/>\nBarab\u00e1s Tam\u00e1s \u2013 basszusgit\u00e1r<br \/>\n\u00c9gerh\u00e1zi Attila \u2013 git\u00e1rok<br \/>\nSipos Andr\u00e1s \u2013 \u00e9nek, \u00fct\u0151hangszerek<br \/>\nKov\u00e1cs Ferenc \u2013 trombita, sz\u00e1rnyk\u00fcrt, heged\u0171, \u00e9nek<br \/>\nKov\u00e1cs Zolt\u00e1n \u2013 billenty\u0171s hangszerek<br \/>\nBanai Szil\u00e1rd \u2013 dobok<br \/>\nBen Castle \u2013 tenor \u00e9s szopr\u00e1n szaxofon<br \/>\nEcho von\u00f3sn\u00e9gyes[\/vc_column_text][\/vc_column][\/vc_row]<\/p>","protected":false},"excerpt":{"rendered":"<p>A 2005-\u00f6s Djabe album anyag\u00e1t tartalmaz\u00f3 DVD lemezen a 11 kompoz\u00edci\u00f3 surround-ban \u00e9s sztere\u00f3ban is meghallhat\u00f3 a Dolby Digital, DTS \u00e9s PCM hangs\u00e1vok seg\u00edts\u00e9g\u00e9vel. A korong extrak\u00e9nt tartalmaz egy 2004-ben Budapesten r\u00f6gz\u00edtett egy\u00f3r\u00e1s koncertet is.<\/p>\n","protected":false},"featured_media":6184,"template":"","meta":[],"product_brand":[],"product_cat":[93,108],"product_tag":[],"class_list":{"0":"post-6182","1":"product","2":"type-product","3":"status-publish","4":"has-post-thumbnail","6":"product_cat-dvd","7":"product_cat-dvd_audio","8":"yith_product_brand-djabe","9":"col-12 col-sm-6 col-md-4","11":"first","12":"instock","13":"sale","14":"shipping-taxable","15":"purchasable","16":"product-type-simple"},"yoast_head":"<!-- This site is optimized with the Yoast SEO plugin v27.2 - https:\/\/yoast.com\/product\/yoast-seo-wordpress\/ -->\n<title>Djabe Slices of Life (5.1 DVD-EAD) &#8211; GR1993 Records<\/title>\n<meta name=\"robots\" content=\"index, follow, max-snippet:-1, max-image-preview:large, max-video-preview:-1\" \/>\n<link rel=\"canonical\" href=\"https:\/\/gr1993records.com\/index.php\/product\/djabe-slices-of-life-dvd-audio\/\" \/>\n<meta property=\"og:locale\" content=\"hu_HU\" \/>\n<meta property=\"og:type\" content=\"article\" \/>\n<meta property=\"og:title\" content=\"Djabe Slices of Life (5.1 DVD-EAD) &#8211; GR1993 Records\" \/>\n<meta property=\"og:description\" content=\"[:hu]A 2005-\u00f6s Djabe album anyag\u00e1t tartalmaz\u00f3 DVD lemezen a 11 kompoz\u00edci\u00f3 surround-ban \u00e9s sztere\u00f3ban is meghallhat\u00f3 a Dolby Digital, DTS \u00e9s PCM hangs\u00e1vok seg\u00edts\u00e9g\u00e9vel. A korong extrak\u00e9nt tartalmaz egy 2004-ben Budapesten r\u00f6gz\u00edtett egy\u00f3r\u00e1s koncertet is.[:en]2005 studio release of Djabe. This music based on the Sheafs Are Dancing album\u2019s style, but became more dynamic and structured. The band has further improved the sound of the previous album. Next to the usual Djabe band\u2019s line-up, their English musician pal, Ben Castle (Sting, Marillion, Jamie Cullumn, George Michael) can also be heard on saxophone again.  The disc contains stereo and surround mixes of the album with Dolby Digital, DTS and PCM audio tracks. In the extra features section a one hour concert can be seen recorded in 2004 in Budapest, at the New Orleans Club.[:]\" \/>\n<meta property=\"og:url\" content=\"https:\/\/gr1993records.com\/index.php\/product\/djabe-slices-of-life-dvd-audio\/\" \/>\n<meta property=\"og:site_name\" content=\"GR1993 Records\" \/>\n<meta property=\"article:publisher\" content=\"https:\/\/www.facebook.com\/GR1993Records-113564886691383\/\" \/>\n<meta property=\"article:modified_time\" content=\"2026-03-31T09:47:52+00:00\" \/>\n<meta property=\"og:image\" content=\"https:\/\/gr1993records.com\/wp-content\/uploads\/2021\/01\/kiadvany_djabe_slices_of_life_DVD-Audio_front.jpg\" \/>\n\t<meta property=\"og:image:width\" content=\"1000\" \/>\n\t<meta property=\"og:image:height\" content=\"1000\" \/>\n\t<meta property=\"og:image:type\" content=\"image\/jpeg\" \/>\n<meta name=\"twitter:card\" content=\"summary_large_image\" \/>\n<meta name=\"twitter:label1\" content=\"Becs\u00fclt olvas\u00e1si id\u0151\" \/>\n\t<meta name=\"twitter:data1\" content=\"7 perc\" \/>\n<script type=\"application\/ld+json\" class=\"yoast-schema-graph\">{\"@context\":\"https:\/\/schema.org\",\"@graph\":[{\"@type\":\"WebPage\",\"@id\":\"https:\/\/gr1993records.com\/index.php\/product\/djabe-slices-of-life-dvd-audio\/\",\"url\":\"https:\/\/gr1993records.com\/index.php\/product\/djabe-slices-of-life-dvd-audio\/\",\"name\":\"Djabe Slices of Life (5.1 DVD-EAD) &#8211; GR1993 Records\",\"isPartOf\":{\"@id\":\"https:\/\/gr1993records.com\/#website\"},\"primaryImageOfPage\":{\"@id\":\"https:\/\/gr1993records.com\/index.php\/product\/djabe-slices-of-life-dvd-audio\/#primaryimage\"},\"image\":{\"@id\":\"https:\/\/gr1993records.com\/index.php\/product\/djabe-slices-of-life-dvd-audio\/#primaryimage\"},\"thumbnailUrl\":\"https:\/\/gr1993records.com\/wp-content\/uploads\/2021\/01\/kiadvany_djabe_slices_of_life_DVD-Audio_front.jpg\",\"datePublished\":\"2021-01-25T12:36:58+00:00\",\"dateModified\":\"2026-03-31T09:47:52+00:00\",\"breadcrumb\":{\"@id\":\"https:\/\/gr1993records.com\/index.php\/product\/djabe-slices-of-life-dvd-audio\/#breadcrumb\"},\"inLanguage\":\"hu\",\"potentialAction\":[{\"@type\":\"ReadAction\",\"target\":[\"https:\/\/gr1993records.com\/index.php\/product\/djabe-slices-of-life-dvd-audio\/\"]}]},{\"@type\":\"ImageObject\",\"inLanguage\":\"hu\",\"@id\":\"https:\/\/gr1993records.com\/index.php\/product\/djabe-slices-of-life-dvd-audio\/#primaryimage\",\"url\":\"https:\/\/gr1993records.com\/wp-content\/uploads\/2021\/01\/kiadvany_djabe_slices_of_life_DVD-Audio_front.jpg\",\"contentUrl\":\"https:\/\/gr1993records.com\/wp-content\/uploads\/2021\/01\/kiadvany_djabe_slices_of_life_DVD-Audio_front.jpg\",\"width\":1000,\"height\":1000,\"caption\":\"Djabe \u2013 Slices of Life (5.1 DVD-EAD) cover\"},{\"@type\":\"BreadcrumbList\",\"@id\":\"https:\/\/gr1993records.com\/index.php\/product\/djabe-slices-of-life-dvd-audio\/#breadcrumb\",\"itemListElement\":[{\"@type\":\"ListItem\",\"position\":1,\"name\":\"Home\",\"item\":\"https:\/\/gr1993records.com\/\"},{\"@type\":\"ListItem\",\"position\":2,\"name\":\"Kiadv\u00e1nyok\",\"item\":\"https:\/\/gr1993records.com\/index.php\/shop\/\"},{\"@type\":\"ListItem\",\"position\":3,\"name\":\"Djabe Slices of Life (5.1 DVD-EAD)\"}]},{\"@type\":\"WebSite\",\"@id\":\"https:\/\/gr1993records.com\/#website\",\"url\":\"https:\/\/gr1993records.com\/\",\"name\":\"GR1993 Records\",\"description\":\"\",\"publisher\":{\"@id\":\"https:\/\/gr1993records.com\/#organization\"},\"potentialAction\":[{\"@type\":\"SearchAction\",\"target\":{\"@type\":\"EntryPoint\",\"urlTemplate\":\"https:\/\/gr1993records.com\/?s={search_term_string}\"},\"query-input\":{\"@type\":\"PropertyValueSpecification\",\"valueRequired\":true,\"valueName\":\"search_term_string\"}}],\"inLanguage\":\"hu\"},{\"@type\":\"Organization\",\"@id\":\"https:\/\/gr1993records.com\/#organization\",\"name\":\"Gramy-H Ltd.\",\"url\":\"https:\/\/gr1993records.com\/\",\"logo\":{\"@type\":\"ImageObject\",\"inLanguage\":\"hu\",\"@id\":\"https:\/\/gr1993records.com\/#\/schema\/logo\/image\/\",\"url\":\"https:\/\/gr1993records.com\/wp-content\/uploads\/2019\/08\/GR1993_Records_logo_CC.png\",\"contentUrl\":\"https:\/\/gr1993records.com\/wp-content\/uploads\/2019\/08\/GR1993_Records_logo_CC.png\",\"width\":2900,\"height\":2001,\"caption\":\"Gramy-H Ltd.\"},\"image\":{\"@id\":\"https:\/\/gr1993records.com\/#\/schema\/logo\/image\/\"},\"sameAs\":[\"https:\/\/www.facebook.com\/GR1993Records-113564886691383\/\"]}]}<\/script>\n<!-- \/ Yoast SEO plugin. -->","yoast_head_json":{"title":"Djabe Slices of Life (5.1 DVD-EAD) &#8211; GR1993 Records","robots":{"index":"index","follow":"follow","max-snippet":"max-snippet:-1","max-image-preview":"max-image-preview:large","max-video-preview":"max-video-preview:-1"},"canonical":"https:\/\/gr1993records.com\/index.php\/product\/djabe-slices-of-life-dvd-audio\/","og_locale":"hu_HU","og_type":"article","og_title":"Djabe Slices of Life (5.1 DVD-EAD) &#8211; GR1993 Records","og_description":"[:hu]A 2005-\u00f6s Djabe album anyag\u00e1t tartalmaz\u00f3 DVD lemezen a 11 kompoz\u00edci\u00f3 surround-ban \u00e9s sztere\u00f3ban is meghallhat\u00f3 a Dolby Digital, DTS \u00e9s PCM hangs\u00e1vok seg\u00edts\u00e9g\u00e9vel. A korong extrak\u00e9nt tartalmaz egy 2004-ben Budapesten r\u00f6gz\u00edtett egy\u00f3r\u00e1s koncertet is.[:en]2005 studio release of Djabe. This music based on the Sheafs Are Dancing album\u2019s style, but became more dynamic and structured. The band has further improved the sound of the previous album. Next to the usual Djabe band\u2019s line-up, their English musician pal, Ben Castle (Sting, Marillion, Jamie Cullumn, George Michael) can also be heard on saxophone again.  The disc contains stereo and surround mixes of the album with Dolby Digital, DTS and PCM audio tracks. In the extra features section a one hour concert can be seen recorded in 2004 in Budapest, at the New Orleans Club.[:]","og_url":"https:\/\/gr1993records.com\/index.php\/product\/djabe-slices-of-life-dvd-audio\/","og_site_name":"GR1993 Records","article_publisher":"https:\/\/www.facebook.com\/GR1993Records-113564886691383\/","article_modified_time":"2026-03-31T09:47:52+00:00","og_image":[{"width":1000,"height":1000,"url":"https:\/\/gr1993records.com\/wp-content\/uploads\/2021\/01\/kiadvany_djabe_slices_of_life_DVD-Audio_front.jpg","type":"image\/jpeg"}],"twitter_card":"summary_large_image","twitter_misc":{"Becs\u00fclt olvas\u00e1si id\u0151":"7 perc"},"schema":{"@context":"https:\/\/schema.org","@graph":[{"@type":"WebPage","@id":"https:\/\/gr1993records.com\/index.php\/product\/djabe-slices-of-life-dvd-audio\/","url":"https:\/\/gr1993records.com\/index.php\/product\/djabe-slices-of-life-dvd-audio\/","name":"Djabe Slices of Life (5.1 DVD-EAD) &#8211; GR1993 Records","isPartOf":{"@id":"https:\/\/gr1993records.com\/#website"},"primaryImageOfPage":{"@id":"https:\/\/gr1993records.com\/index.php\/product\/djabe-slices-of-life-dvd-audio\/#primaryimage"},"image":{"@id":"https:\/\/gr1993records.com\/index.php\/product\/djabe-slices-of-life-dvd-audio\/#primaryimage"},"thumbnailUrl":"https:\/\/gr1993records.com\/wp-content\/uploads\/2021\/01\/kiadvany_djabe_slices_of_life_DVD-Audio_front.jpg","datePublished":"2021-01-25T12:36:58+00:00","dateModified":"2026-03-31T09:47:52+00:00","breadcrumb":{"@id":"https:\/\/gr1993records.com\/index.php\/product\/djabe-slices-of-life-dvd-audio\/#breadcrumb"},"inLanguage":"hu","potentialAction":[{"@type":"ReadAction","target":["https:\/\/gr1993records.com\/index.php\/product\/djabe-slices-of-life-dvd-audio\/"]}]},{"@type":"ImageObject","inLanguage":"hu","@id":"https:\/\/gr1993records.com\/index.php\/product\/djabe-slices-of-life-dvd-audio\/#primaryimage","url":"https:\/\/gr1993records.com\/wp-content\/uploads\/2021\/01\/kiadvany_djabe_slices_of_life_DVD-Audio_front.jpg","contentUrl":"https:\/\/gr1993records.com\/wp-content\/uploads\/2021\/01\/kiadvany_djabe_slices_of_life_DVD-Audio_front.jpg","width":1000,"height":1000,"caption":"Djabe \u2013 Slices of Life (5.1 DVD-EAD) cover"},{"@type":"BreadcrumbList","@id":"https:\/\/gr1993records.com\/index.php\/product\/djabe-slices-of-life-dvd-audio\/#breadcrumb","itemListElement":[{"@type":"ListItem","position":1,"name":"Home","item":"https:\/\/gr1993records.com\/"},{"@type":"ListItem","position":2,"name":"Kiadv\u00e1nyok","item":"https:\/\/gr1993records.com\/index.php\/shop\/"},{"@type":"ListItem","position":3,"name":"Djabe Slices of Life (5.1 DVD-EAD)"}]},{"@type":"WebSite","@id":"https:\/\/gr1993records.com\/#website","url":"https:\/\/gr1993records.com\/","name":"GR1993 Records","description":"","publisher":{"@id":"https:\/\/gr1993records.com\/#organization"},"potentialAction":[{"@type":"SearchAction","target":{"@type":"EntryPoint","urlTemplate":"https:\/\/gr1993records.com\/?s={search_term_string}"},"query-input":{"@type":"PropertyValueSpecification","valueRequired":true,"valueName":"search_term_string"}}],"inLanguage":"hu"},{"@type":"Organization","@id":"https:\/\/gr1993records.com\/#organization","name":"Gramy-H Ltd.","url":"https:\/\/gr1993records.com\/","logo":{"@type":"ImageObject","inLanguage":"hu","@id":"https:\/\/gr1993records.com\/#\/schema\/logo\/image\/","url":"https:\/\/gr1993records.com\/wp-content\/uploads\/2019\/08\/GR1993_Records_logo_CC.png","contentUrl":"https:\/\/gr1993records.com\/wp-content\/uploads\/2019\/08\/GR1993_Records_logo_CC.png","width":2900,"height":2001,"caption":"Gramy-H Ltd."},"image":{"@id":"https:\/\/gr1993records.com\/#\/schema\/logo\/image\/"},"sameAs":["https:\/\/www.facebook.com\/GR1993Records-113564886691383\/"]}]}},"jetpack_sharing_enabled":true,"_links":{"self":[{"href":"https:\/\/gr1993records.com\/index.php\/wp-json\/wp\/v2\/product\/6182","targetHints":{"allow":["GET"]}}],"collection":[{"href":"https:\/\/gr1993records.com\/index.php\/wp-json\/wp\/v2\/product"}],"about":[{"href":"https:\/\/gr1993records.com\/index.php\/wp-json\/wp\/v2\/types\/product"}],"wp:featuredmedia":[{"embeddable":true,"href":"https:\/\/gr1993records.com\/index.php\/wp-json\/wp\/v2\/media\/6184"}],"wp:attachment":[{"href":"https:\/\/gr1993records.com\/index.php\/wp-json\/wp\/v2\/media?parent=6182"}],"wp:term":[{"taxonomy":"product_brand","embeddable":true,"href":"https:\/\/gr1993records.com\/index.php\/wp-json\/wp\/v2\/product_brand?post=6182"},{"taxonomy":"product_cat","embeddable":true,"href":"https:\/\/gr1993records.com\/index.php\/wp-json\/wp\/v2\/product_cat?post=6182"},{"taxonomy":"product_tag","embeddable":true,"href":"https:\/\/gr1993records.com\/index.php\/wp-json\/wp\/v2\/product_tag?post=6182"}],"curies":[{"name":"wp","href":"https:\/\/api.w.org\/{rel}","templated":true}]}}