{"id":6175,"date":"2021-01-22T14:49:19","date_gmt":"2021-01-22T14:49:19","guid":{"rendered":"https:\/\/gr1993records.com\/?post_type=product&#038;p=6175"},"modified":"2026-03-31T11:48:22","modified_gmt":"2026-03-31T09:48:22","slug":"djabe-amit-az-updaterol-meg-tudni-lehet-cd","status":"publish","type":"product","link":"https:\/\/gr1993records.com\/index.php\/product\/djabe-amit-az-updaterol-meg-tudni-lehet-cd\/","title":{"rendered":"Djabe <\/br>Amit az Updatero\u030bl <br\/>me\u0301g tudni lehet <br\/>(CD)"},"content":{"rendered":"<p>[vc_row][vc_column][vc_column_text]A h\u00e9t tagra b\u0151v\u0171lt zenekar \u00e9let\u00e9ben igazi kih\u00edv\u00e1st jelentett a 2001-ben megjelent lemez megalkot\u00e1sa \u00e9s a turn\u00e9. A sz\u00ednesebb zenei megnyilv\u00e1nul\u00e1sra k\u00e9sz\u00fcl\u0151d\u00e9s els\u0151 l\u00e9p\u00e9sei az \u00dajraj\u00e1tsz\u00e1s c\u00edm\u0171 albumon m\u00e1r megjelentek. Ez a CD olyan anyagokat tartalmaz, melyek az Update felv\u00e9telekor \u00e9s a turn\u00e9 pr\u00f3b\u00e1in ker\u00fcltek r\u00f6gz\u00edt\u00e9sre. Mindegyik sz\u00e1mnak k\u00fcl\u00f6n is felt\u00fcntett\u00fck a keletkez\u00e9si k\u00f6r\u00fclm\u00e9nyeit \u00e9s saj\u00e1toss\u00e1gait, de \u00e1ltal\u00e1ban elmondhatjuk, hogy az \u00faj klubalbum anyag\u00e1nak fel\u00e9t olyan st\u00fadi\u00f3felv\u00e9telek teszik ki, melyek az Update-en megjelent kompoz\u00edci\u00f3k m\u00e1s verzi\u00f3i. egyt\u0151l egyig hordoznak olyan egyedi \u00e9rt\u00e9ket, ami miatt ezeket is \u00e9rdemes k\u00f6zkinccs\u00e9 tenni. A m\u00e1sik nagyobb blokk az Update turn\u00e9 2001. j\u00fanius 20-i pr\u00f3b\u00e1j\u00e1n k\u00e9sz\u00fclt. Ez volt az els\u0151 alkalom, amikor Ben Castle is csatlakozott a zenekarhoz a pr\u00f3b\u00e1kra. Term\u00e9szetesen az ekkor k\u00e9sz\u00fclt felv\u00e9tel tartalmaz olyan zenei \u00e9s technikai saj\u00e1toss\u00e1gokat, melyek a pr\u00f3ba k\u00f6tetlen hangulat\u00e1ra jellemz\u0151ek.[\/vc_column_text][vc_separator][vc_column_text]<strong>A lemezen szerepl\u0151 el\u0151ad\u00f3k<\/strong><br \/>\nBarab\u00e1s Tam\u00e1s \u2013 basszusgit\u00e1r<br \/>\n\u00c9gerh\u00e1zi Attila \u2013 git\u00e1rok<br \/>\nSipos Andr\u00e1s \u2013 \u00e9nek, \u00fct\u0151hangszerek<br \/>\nKov\u00e1cs Ferenc \u2013 trombita, sz\u00e1rnyk\u00fcrt, heged\u0171, \u00e9nek<br \/>\nKov\u00e1cs Zolt\u00e1n \u2013 billenty\u0171s hangszerek<br \/>\nBanai Szil\u00e1rd \u2013 dobok<br \/>\nBen Castle \u2013 szaxofon, fuvola, basszus klarin\u00e9t[\/vc_column_text][\/vc_column][\/vc_row]<\/p>","protected":false},"excerpt":{"rendered":"<p>A h\u00e9t tagra b\u0151v\u0171lt zenekar \u00e9let\u00e9ben igazi kih\u00edv\u00e1st jelentett a 2001-ben megjelent lemez megalkot\u00e1sa \u00e9s a turn\u00e9. A sz\u00ednesebb zenei megnyilv\u00e1nul\u00e1sra k\u00e9sz\u00fcl\u0151d\u00e9s els\u0151 l\u00e9p\u00e9sei az \u00dajraj\u00e1tsz\u00e1s c\u00edm\u0171 albumon m\u00e1r kor\u00e1bban megjelentek. Ez a CD olyan anyagokat tartalmaz, melyek az Update felv\u00e9telekor \u00e9s a turn\u00e9 pr\u00f3b\u00e1in ker\u00fcltek r\u00f6gz\u00edt\u00e9sre.<\/p>\n","protected":false},"featured_media":6176,"template":"","meta":[],"product_brand":[],"product_cat":[92],"product_tag":[],"class_list":{"0":"post-6175","1":"product","2":"type-product","3":"status-publish","4":"has-post-thumbnail","6":"product_cat-cd","7":"yith_product_brand-djabe","8":"col-12 col-sm-6 col-md-4","10":"first","11":"instock","12":"sale","13":"shipping-taxable","14":"purchasable","15":"product-type-simple"},"yoast_head":"<!-- This site is optimized with the Yoast SEO plugin v27.2 - https:\/\/yoast.com\/product\/yoast-seo-wordpress\/ -->\n<title>Djabe Amit az Updatero\u030bl me\u0301g tudni lehet (CD) &#8211; GR1993 Records<\/title>\n<meta name=\"robots\" content=\"index, follow, max-snippet:-1, max-image-preview:large, max-video-preview:-1\" \/>\n<link rel=\"canonical\" href=\"https:\/\/gr1993records.com\/index.php\/product\/djabe-amit-az-updaterol-meg-tudni-lehet-cd\/\" \/>\n<meta property=\"og:locale\" content=\"hu_HU\" \/>\n<meta property=\"og:type\" content=\"article\" \/>\n<meta property=\"og:title\" content=\"Djabe Amit az Updatero\u030bl me\u0301g tudni lehet (CD) &#8211; GR1993 Records\" \/>\n<meta property=\"og:description\" content=\"[:hu]A h\u00e9t tagra b\u0151v\u0171lt zenekar \u00e9let\u00e9ben igazi kih\u00edv\u00e1st jelentett a 2001-ben megjelent lemez megalkot\u00e1sa \u00e9s a turn\u00e9. A sz\u00ednesebb zenei megnyilv\u00e1nul\u00e1sra k\u00e9sz\u00fcl\u0151d\u00e9s els\u0151 l\u00e9p\u00e9sei az \u00dajraj\u00e1tsz\u00e1s c\u00edm\u0171 albumon m\u00e1r kor\u00e1bban megjelentek. Ez a CD olyan anyagokat tartalmaz, melyek az Update felv\u00e9telekor \u00e9s a turn\u00e9 pr\u00f3b\u00e1in ker\u00fcltek r\u00f6gz\u00edt\u00e9sre.[:en]The creation of the 2001 album and the tour were a real challenge in the life of the seven-member band. The first steps in preparing for a more colourful musical manifestation have already been released on the album \u00dajraj\u00e1tsz\u00e1s. The current CD contains material recorded during the production of Update and during the rehearsals of the tour.[:]\" \/>\n<meta property=\"og:url\" content=\"https:\/\/gr1993records.com\/index.php\/product\/djabe-amit-az-updaterol-meg-tudni-lehet-cd\/\" \/>\n<meta property=\"og:site_name\" content=\"GR1993 Records\" \/>\n<meta property=\"article:publisher\" content=\"https:\/\/www.facebook.com\/GR1993Records-113564886691383\/\" \/>\n<meta property=\"article:modified_time\" content=\"2026-03-31T09:48:22+00:00\" \/>\n<meta property=\"og:image\" content=\"https:\/\/gr1993records.com\/wp-content\/uploads\/2021\/01\/kiadvany_djabe_amit_az_updaterol_CD_front.jpg\" \/>\n\t<meta property=\"og:image:width\" content=\"1000\" \/>\n\t<meta property=\"og:image:height\" content=\"1000\" \/>\n\t<meta property=\"og:image:type\" content=\"image\/jpeg\" \/>\n<meta name=\"twitter:card\" content=\"summary_large_image\" \/>\n<meta name=\"twitter:label1\" content=\"Becs\u00fclt olvas\u00e1si id\u0151\" \/>\n\t<meta name=\"twitter:data1\" content=\"2 perc\" \/>\n<script type=\"application\/ld+json\" class=\"yoast-schema-graph\">{\"@context\":\"https:\/\/schema.org\",\"@graph\":[{\"@type\":\"WebPage\",\"@id\":\"https:\/\/gr1993records.com\/index.php\/product\/djabe-amit-az-updaterol-meg-tudni-lehet-cd\/\",\"url\":\"https:\/\/gr1993records.com\/index.php\/product\/djabe-amit-az-updaterol-meg-tudni-lehet-cd\/\",\"name\":\"Djabe Amit az Updatero\u030bl me\u0301g tudni lehet (CD) &#8211; GR1993 Records\",\"isPartOf\":{\"@id\":\"https:\/\/gr1993records.com\/#website\"},\"primaryImageOfPage\":{\"@id\":\"https:\/\/gr1993records.com\/index.php\/product\/djabe-amit-az-updaterol-meg-tudni-lehet-cd\/#primaryimage\"},\"image\":{\"@id\":\"https:\/\/gr1993records.com\/index.php\/product\/djabe-amit-az-updaterol-meg-tudni-lehet-cd\/#primaryimage\"},\"thumbnailUrl\":\"https:\/\/gr1993records.com\/wp-content\/uploads\/2021\/01\/kiadvany_djabe_amit_az_updaterol_CD_front.jpg\",\"datePublished\":\"2021-01-22T14:49:19+00:00\",\"dateModified\":\"2026-03-31T09:48:22+00:00\",\"breadcrumb\":{\"@id\":\"https:\/\/gr1993records.com\/index.php\/product\/djabe-amit-az-updaterol-meg-tudni-lehet-cd\/#breadcrumb\"},\"inLanguage\":\"hu\",\"potentialAction\":[{\"@type\":\"ReadAction\",\"target\":[\"https:\/\/gr1993records.com\/index.php\/product\/djabe-amit-az-updaterol-meg-tudni-lehet-cd\/\"]}]},{\"@type\":\"ImageObject\",\"inLanguage\":\"hu\",\"@id\":\"https:\/\/gr1993records.com\/index.php\/product\/djabe-amit-az-updaterol-meg-tudni-lehet-cd\/#primaryimage\",\"url\":\"https:\/\/gr1993records.com\/wp-content\/uploads\/2021\/01\/kiadvany_djabe_amit_az_updaterol_CD_front.jpg\",\"contentUrl\":\"https:\/\/gr1993records.com\/wp-content\/uploads\/2021\/01\/kiadvany_djabe_amit_az_updaterol_CD_front.jpg\",\"width\":1000,\"height\":1000,\"caption\":\"Djabe \u2013 Amit az Updaterol meg tudni lehet (CD) cover\"},{\"@type\":\"BreadcrumbList\",\"@id\":\"https:\/\/gr1993records.com\/index.php\/product\/djabe-amit-az-updaterol-meg-tudni-lehet-cd\/#breadcrumb\",\"itemListElement\":[{\"@type\":\"ListItem\",\"position\":1,\"name\":\"Home\",\"item\":\"https:\/\/gr1993records.com\/\"},{\"@type\":\"ListItem\",\"position\":2,\"name\":\"Kiadv\u00e1nyok\",\"item\":\"https:\/\/gr1993records.com\/index.php\/shop\/\"},{\"@type\":\"ListItem\",\"position\":3,\"name\":\"Djabe Amit az Updatero\u030bl me\u0301g tudni lehet (CD)\"}]},{\"@type\":\"WebSite\",\"@id\":\"https:\/\/gr1993records.com\/#website\",\"url\":\"https:\/\/gr1993records.com\/\",\"name\":\"GR1993 Records\",\"description\":\"\",\"publisher\":{\"@id\":\"https:\/\/gr1993records.com\/#organization\"},\"potentialAction\":[{\"@type\":\"SearchAction\",\"target\":{\"@type\":\"EntryPoint\",\"urlTemplate\":\"https:\/\/gr1993records.com\/?s={search_term_string}\"},\"query-input\":{\"@type\":\"PropertyValueSpecification\",\"valueRequired\":true,\"valueName\":\"search_term_string\"}}],\"inLanguage\":\"hu\"},{\"@type\":\"Organization\",\"@id\":\"https:\/\/gr1993records.com\/#organization\",\"name\":\"Gramy-H Ltd.\",\"url\":\"https:\/\/gr1993records.com\/\",\"logo\":{\"@type\":\"ImageObject\",\"inLanguage\":\"hu\",\"@id\":\"https:\/\/gr1993records.com\/#\/schema\/logo\/image\/\",\"url\":\"https:\/\/gr1993records.com\/wp-content\/uploads\/2019\/08\/GR1993_Records_logo_CC.png\",\"contentUrl\":\"https:\/\/gr1993records.com\/wp-content\/uploads\/2019\/08\/GR1993_Records_logo_CC.png\",\"width\":2900,\"height\":2001,\"caption\":\"Gramy-H Ltd.\"},\"image\":{\"@id\":\"https:\/\/gr1993records.com\/#\/schema\/logo\/image\/\"},\"sameAs\":[\"https:\/\/www.facebook.com\/GR1993Records-113564886691383\/\"]}]}<\/script>\n<!-- \/ Yoast SEO plugin. -->","yoast_head_json":{"title":"Djabe Amit az Updatero\u030bl me\u0301g tudni lehet (CD) &#8211; GR1993 Records","robots":{"index":"index","follow":"follow","max-snippet":"max-snippet:-1","max-image-preview":"max-image-preview:large","max-video-preview":"max-video-preview:-1"},"canonical":"https:\/\/gr1993records.com\/index.php\/product\/djabe-amit-az-updaterol-meg-tudni-lehet-cd\/","og_locale":"hu_HU","og_type":"article","og_title":"Djabe Amit az Updatero\u030bl me\u0301g tudni lehet (CD) &#8211; GR1993 Records","og_description":"[:hu]A h\u00e9t tagra b\u0151v\u0171lt zenekar \u00e9let\u00e9ben igazi kih\u00edv\u00e1st jelentett a 2001-ben megjelent lemez megalkot\u00e1sa \u00e9s a turn\u00e9. A sz\u00ednesebb zenei megnyilv\u00e1nul\u00e1sra k\u00e9sz\u00fcl\u0151d\u00e9s els\u0151 l\u00e9p\u00e9sei az \u00dajraj\u00e1tsz\u00e1s c\u00edm\u0171 albumon m\u00e1r kor\u00e1bban megjelentek. Ez a CD olyan anyagokat tartalmaz, melyek az Update felv\u00e9telekor \u00e9s a turn\u00e9 pr\u00f3b\u00e1in ker\u00fcltek r\u00f6gz\u00edt\u00e9sre.[:en]The creation of the 2001 album and the tour were a real challenge in the life of the seven-member band. The first steps in preparing for a more colourful musical manifestation have already been released on the album \u00dajraj\u00e1tsz\u00e1s. The current CD contains material recorded during the production of Update and during the rehearsals of the tour.[:]","og_url":"https:\/\/gr1993records.com\/index.php\/product\/djabe-amit-az-updaterol-meg-tudni-lehet-cd\/","og_site_name":"GR1993 Records","article_publisher":"https:\/\/www.facebook.com\/GR1993Records-113564886691383\/","article_modified_time":"2026-03-31T09:48:22+00:00","og_image":[{"width":1000,"height":1000,"url":"https:\/\/gr1993records.com\/wp-content\/uploads\/2021\/01\/kiadvany_djabe_amit_az_updaterol_CD_front.jpg","type":"image\/jpeg"}],"twitter_card":"summary_large_image","twitter_misc":{"Becs\u00fclt olvas\u00e1si id\u0151":"2 perc"},"schema":{"@context":"https:\/\/schema.org","@graph":[{"@type":"WebPage","@id":"https:\/\/gr1993records.com\/index.php\/product\/djabe-amit-az-updaterol-meg-tudni-lehet-cd\/","url":"https:\/\/gr1993records.com\/index.php\/product\/djabe-amit-az-updaterol-meg-tudni-lehet-cd\/","name":"Djabe Amit az Updatero\u030bl me\u0301g tudni lehet (CD) &#8211; GR1993 Records","isPartOf":{"@id":"https:\/\/gr1993records.com\/#website"},"primaryImageOfPage":{"@id":"https:\/\/gr1993records.com\/index.php\/product\/djabe-amit-az-updaterol-meg-tudni-lehet-cd\/#primaryimage"},"image":{"@id":"https:\/\/gr1993records.com\/index.php\/product\/djabe-amit-az-updaterol-meg-tudni-lehet-cd\/#primaryimage"},"thumbnailUrl":"https:\/\/gr1993records.com\/wp-content\/uploads\/2021\/01\/kiadvany_djabe_amit_az_updaterol_CD_front.jpg","datePublished":"2021-01-22T14:49:19+00:00","dateModified":"2026-03-31T09:48:22+00:00","breadcrumb":{"@id":"https:\/\/gr1993records.com\/index.php\/product\/djabe-amit-az-updaterol-meg-tudni-lehet-cd\/#breadcrumb"},"inLanguage":"hu","potentialAction":[{"@type":"ReadAction","target":["https:\/\/gr1993records.com\/index.php\/product\/djabe-amit-az-updaterol-meg-tudni-lehet-cd\/"]}]},{"@type":"ImageObject","inLanguage":"hu","@id":"https:\/\/gr1993records.com\/index.php\/product\/djabe-amit-az-updaterol-meg-tudni-lehet-cd\/#primaryimage","url":"https:\/\/gr1993records.com\/wp-content\/uploads\/2021\/01\/kiadvany_djabe_amit_az_updaterol_CD_front.jpg","contentUrl":"https:\/\/gr1993records.com\/wp-content\/uploads\/2021\/01\/kiadvany_djabe_amit_az_updaterol_CD_front.jpg","width":1000,"height":1000,"caption":"Djabe \u2013 Amit az Updaterol meg tudni lehet (CD) cover"},{"@type":"BreadcrumbList","@id":"https:\/\/gr1993records.com\/index.php\/product\/djabe-amit-az-updaterol-meg-tudni-lehet-cd\/#breadcrumb","itemListElement":[{"@type":"ListItem","position":1,"name":"Home","item":"https:\/\/gr1993records.com\/"},{"@type":"ListItem","position":2,"name":"Kiadv\u00e1nyok","item":"https:\/\/gr1993records.com\/index.php\/shop\/"},{"@type":"ListItem","position":3,"name":"Djabe Amit az Updatero\u030bl me\u0301g tudni lehet (CD)"}]},{"@type":"WebSite","@id":"https:\/\/gr1993records.com\/#website","url":"https:\/\/gr1993records.com\/","name":"GR1993 Records","description":"","publisher":{"@id":"https:\/\/gr1993records.com\/#organization"},"potentialAction":[{"@type":"SearchAction","target":{"@type":"EntryPoint","urlTemplate":"https:\/\/gr1993records.com\/?s={search_term_string}"},"query-input":{"@type":"PropertyValueSpecification","valueRequired":true,"valueName":"search_term_string"}}],"inLanguage":"hu"},{"@type":"Organization","@id":"https:\/\/gr1993records.com\/#organization","name":"Gramy-H Ltd.","url":"https:\/\/gr1993records.com\/","logo":{"@type":"ImageObject","inLanguage":"hu","@id":"https:\/\/gr1993records.com\/#\/schema\/logo\/image\/","url":"https:\/\/gr1993records.com\/wp-content\/uploads\/2019\/08\/GR1993_Records_logo_CC.png","contentUrl":"https:\/\/gr1993records.com\/wp-content\/uploads\/2019\/08\/GR1993_Records_logo_CC.png","width":2900,"height":2001,"caption":"Gramy-H Ltd."},"image":{"@id":"https:\/\/gr1993records.com\/#\/schema\/logo\/image\/"},"sameAs":["https:\/\/www.facebook.com\/GR1993Records-113564886691383\/"]}]}},"jetpack_sharing_enabled":true,"_links":{"self":[{"href":"https:\/\/gr1993records.com\/index.php\/wp-json\/wp\/v2\/product\/6175","targetHints":{"allow":["GET"]}}],"collection":[{"href":"https:\/\/gr1993records.com\/index.php\/wp-json\/wp\/v2\/product"}],"about":[{"href":"https:\/\/gr1993records.com\/index.php\/wp-json\/wp\/v2\/types\/product"}],"wp:featuredmedia":[{"embeddable":true,"href":"https:\/\/gr1993records.com\/index.php\/wp-json\/wp\/v2\/media\/6176"}],"wp:attachment":[{"href":"https:\/\/gr1993records.com\/index.php\/wp-json\/wp\/v2\/media?parent=6175"}],"wp:term":[{"taxonomy":"product_brand","embeddable":true,"href":"https:\/\/gr1993records.com\/index.php\/wp-json\/wp\/v2\/product_brand?post=6175"},{"taxonomy":"product_cat","embeddable":true,"href":"https:\/\/gr1993records.com\/index.php\/wp-json\/wp\/v2\/product_cat?post=6175"},{"taxonomy":"product_tag","embeddable":true,"href":"https:\/\/gr1993records.com\/index.php\/wp-json\/wp\/v2\/product_tag?post=6175"}],"curies":[{"name":"wp","href":"https:\/\/api.w.org\/{rel}","templated":true}]}}