{"id":6131,"date":"2021-01-13T15:19:07","date_gmt":"2021-01-13T15:19:07","guid":{"rendered":"https:\/\/gr1993records.com\/?post_type=product&#038;p=6131"},"modified":"2026-03-31T11:49:10","modified_gmt":"2026-03-31T09:49:10","slug":"djabe-ly-o-lay-ale-loya-cd","status":"publish","type":"product","link":"https:\/\/gr1993records.com\/index.php\/product\/djabe-ly-o-lay-ale-loya-cd\/","title":{"rendered":"Djabe <\/br>Ly-O-Lay Ale Loya <\/br>(CD)"},"content":{"rendered":"<p>[vc_row][vc_column][vc_column_text]A Djabe harmadik st\u00fadi\u00f3albuma, zeneileg tov\u00e1bbfejlesztette a Witchi Tai To hangz\u00e1svil\u00e1g\u00e1t. A zenekar \u00f6sszes felv\u00e9tele k\u00f6z\u00fcl ebben domin\u00e1lnak legjelent\u0151sebben a world music st\u00edlusjegyei. Ezt a kiadv\u00e1nyt k\u00e9tszer is jel\u00f6lt\u00e9k \u201cAz \u00c9v Legjobb Hazai Vil\u00e1gzenei Albuma&#8221; d\u00edjra 2000-ban \u00e9s 2001-ben Magyarorsz\u00e1gon.<\/p>\n<p>\u201cA Djabe mindent tud a zen\u00e9r\u0151l, amit tudni lehet. \u00d6sszeszokott, egym\u00e1sra figyel\u0151, a t\u00f6bbiek rezd\u00fcl\u00e9seit is ismer\u0151 csapat, ezt bizony\u00edtj\u00e1k a kompoz\u00edci\u00f3k is. Gondosan fel\u00e9p\u00edtett darabok, prec\u00edzen kisz\u00e1m\u00edtott sz\u00f3l\u00f3k, amelyek m\u00e9gis minden meghallgat\u00e1skor azt az \u00e9rz\u00e9st keltik a hallgat\u00f3ban, mintha \u00e9pp akkor sz\u00fcletn\u00e9nek meg. Humor \u00e9s l\u00edrai szel\u00edds\u00e9g, felszabadult, sodr\u00f3 l\u00fcktet\u00e9s \u00e9s \u00e9rzelmess\u00e9g v\u00e1ltakozik an\u00e9lk\u00fcl, hogy egy pillanatra is \u00e9rzelg\u0151ss\u00e9gbe csapna \u00e1t.\u201d<br \/>\nNeltz J\u00e1nos<br \/>\nMagyar R\u00e1di\u00f3[\/vc_column_text][vc_separator][vc_column_text]<strong>A lemezen szerepl\u0151 el\u0151ad\u00f3k<\/strong><br \/>\nBarab\u00e1s Tam\u00e1s \u2013 basszusgit\u00e1r<br \/>\n\u00c9gerh\u00e1zi Attila \u2013 git\u00e1r<br \/>\nSipos Andr\u00e1s \u2013 \u00e9nek, \u00fct\u0151hangszerek<br \/>\nMuck Ferenc \u2013 szaxofon<br \/>\nHerczeg Judit \u2013 vok\u00e1l<br \/>\nGesztelyi Nagy Judit \u2013 fuvola[\/vc_column_text][\/vc_column][\/vc_row]<\/p>","protected":false},"excerpt":{"rendered":"<p>A Djabe harmadik st\u00fadi\u00f3albuma, zeneileg tov\u00e1bbfejlesztette a Witchi Tai To hangz\u00e1svil\u00e1g\u00e1t. A zenekar \u00f6sszes felv\u00e9tele k\u00f6z\u00fcl ebben domin\u00e1lnak legjelent\u0151sebben a world music st\u00edlusjegyei. Ezt a kiadv\u00e1nyt k\u00e9tszer is jel\u00f6lt\u00e9k \u201cAz \u00c9v Legjobb Hazai Vil\u00e1gzenei Albuma&#8221; d\u00edjra 2000-ban \u00e9s 2001-ben Magyarorsz\u00e1gon.<\/p>\n","protected":false},"featured_media":6132,"template":"","meta":[],"product_brand":[],"product_cat":[92],"product_tag":[],"class_list":{"0":"post-6131","1":"product","2":"type-product","3":"status-publish","4":"has-post-thumbnail","6":"product_cat-cd","7":"yith_product_brand-djabe","8":"col-12 col-sm-6 col-md-4","10":"first","11":"instock","12":"sale","13":"shipping-taxable","14":"purchasable","15":"product-type-simple"},"yoast_head":"<!-- This site is optimized with the Yoast SEO plugin v27.2 - https:\/\/yoast.com\/product\/yoast-seo-wordpress\/ -->\n<title>Djabe Ly-O-Lay Ale Loya (CD) &#8211; GR1993 Records<\/title>\n<meta name=\"robots\" content=\"index, follow, max-snippet:-1, max-image-preview:large, max-video-preview:-1\" \/>\n<link rel=\"canonical\" href=\"https:\/\/gr1993records.com\/index.php\/product\/djabe-ly-o-lay-ale-loya-cd\/\" \/>\n<meta property=\"og:locale\" content=\"hu_HU\" \/>\n<meta property=\"og:type\" content=\"article\" \/>\n<meta property=\"og:title\" content=\"Djabe Ly-O-Lay Ale Loya (CD) &#8211; GR1993 Records\" \/>\n<meta property=\"og:description\" content=\"[:hu]A Djabe harmadik st\u00fadi\u00f3albuma, zeneileg tov\u00e1bbfejlesztette a Witchi Tai To hangz\u00e1svil\u00e1g\u00e1t. A zenekar \u00f6sszes felv\u00e9tele k\u00f6z\u00fcl ebben domin\u00e1lnak legjelent\u0151sebben a world music st\u00edlusjegyei. Ezt a kiadv\u00e1nyt k\u00e9tszer is jel\u00f6lt\u00e9k \u201cAz \u00c9v Legjobb Hazai Vil\u00e1gzenei Albuma&quot; d\u00edjra 2000-ban \u00e9s 2001-ben Magyarorsz\u00e1gon.[:en]The third studio album of Djabe musically improved the Witchi Tai To\u2019 jazz\/world sound. From among all of the Djabe CDs, the world music style is dominant mainly on this record. The album was nominated for the \u201cBest Hungarian World Music Album Of The Year&quot; on two occasions in 2000 and 2001 in Hungary.[:]\" \/>\n<meta property=\"og:url\" content=\"https:\/\/gr1993records.com\/index.php\/product\/djabe-ly-o-lay-ale-loya-cd\/\" \/>\n<meta property=\"og:site_name\" content=\"GR1993 Records\" \/>\n<meta property=\"article:publisher\" content=\"https:\/\/www.facebook.com\/GR1993Records-113564886691383\/\" \/>\n<meta property=\"article:modified_time\" content=\"2026-03-31T09:49:10+00:00\" \/>\n<meta property=\"og:image\" content=\"https:\/\/gr1993records.com\/wp-content\/uploads\/2021\/01\/kiadvany_djabe_ly-o-lay_CD_front.jpg\" \/>\n\t<meta property=\"og:image:width\" content=\"1000\" \/>\n\t<meta property=\"og:image:height\" content=\"1000\" \/>\n\t<meta property=\"og:image:type\" content=\"image\/jpeg\" \/>\n<meta name=\"twitter:card\" content=\"summary_large_image\" \/>\n<meta name=\"twitter:label1\" content=\"Becs\u00fclt olvas\u00e1si id\u0151\" \/>\n\t<meta name=\"twitter:data1\" content=\"2 perc\" \/>\n<script type=\"application\/ld+json\" class=\"yoast-schema-graph\">{\"@context\":\"https:\/\/schema.org\",\"@graph\":[{\"@type\":\"WebPage\",\"@id\":\"https:\/\/gr1993records.com\/index.php\/product\/djabe-ly-o-lay-ale-loya-cd\/\",\"url\":\"https:\/\/gr1993records.com\/index.php\/product\/djabe-ly-o-lay-ale-loya-cd\/\",\"name\":\"Djabe Ly-O-Lay Ale Loya (CD) &#8211; GR1993 Records\",\"isPartOf\":{\"@id\":\"https:\/\/gr1993records.com\/#website\"},\"primaryImageOfPage\":{\"@id\":\"https:\/\/gr1993records.com\/index.php\/product\/djabe-ly-o-lay-ale-loya-cd\/#primaryimage\"},\"image\":{\"@id\":\"https:\/\/gr1993records.com\/index.php\/product\/djabe-ly-o-lay-ale-loya-cd\/#primaryimage\"},\"thumbnailUrl\":\"https:\/\/gr1993records.com\/wp-content\/uploads\/2021\/01\/kiadvany_djabe_ly-o-lay_CD_front.jpg\",\"datePublished\":\"2021-01-13T15:19:07+00:00\",\"dateModified\":\"2026-03-31T09:49:10+00:00\",\"breadcrumb\":{\"@id\":\"https:\/\/gr1993records.com\/index.php\/product\/djabe-ly-o-lay-ale-loya-cd\/#breadcrumb\"},\"inLanguage\":\"hu\",\"potentialAction\":[{\"@type\":\"ReadAction\",\"target\":[\"https:\/\/gr1993records.com\/index.php\/product\/djabe-ly-o-lay-ale-loya-cd\/\"]}]},{\"@type\":\"ImageObject\",\"inLanguage\":\"hu\",\"@id\":\"https:\/\/gr1993records.com\/index.php\/product\/djabe-ly-o-lay-ale-loya-cd\/#primaryimage\",\"url\":\"https:\/\/gr1993records.com\/wp-content\/uploads\/2021\/01\/kiadvany_djabe_ly-o-lay_CD_front.jpg\",\"contentUrl\":\"https:\/\/gr1993records.com\/wp-content\/uploads\/2021\/01\/kiadvany_djabe_ly-o-lay_CD_front.jpg\",\"width\":1000,\"height\":1000,\"caption\":\"Djabe \u2013 Ly-O-Lay Ale Loya (CD) cover\"},{\"@type\":\"BreadcrumbList\",\"@id\":\"https:\/\/gr1993records.com\/index.php\/product\/djabe-ly-o-lay-ale-loya-cd\/#breadcrumb\",\"itemListElement\":[{\"@type\":\"ListItem\",\"position\":1,\"name\":\"Home\",\"item\":\"https:\/\/gr1993records.com\/\"},{\"@type\":\"ListItem\",\"position\":2,\"name\":\"Kiadv\u00e1nyok\",\"item\":\"https:\/\/gr1993records.com\/index.php\/shop\/\"},{\"@type\":\"ListItem\",\"position\":3,\"name\":\"Djabe Ly-O-Lay Ale Loya (CD)\"}]},{\"@type\":\"WebSite\",\"@id\":\"https:\/\/gr1993records.com\/#website\",\"url\":\"https:\/\/gr1993records.com\/\",\"name\":\"GR1993 Records\",\"description\":\"\",\"publisher\":{\"@id\":\"https:\/\/gr1993records.com\/#organization\"},\"potentialAction\":[{\"@type\":\"SearchAction\",\"target\":{\"@type\":\"EntryPoint\",\"urlTemplate\":\"https:\/\/gr1993records.com\/?s={search_term_string}\"},\"query-input\":{\"@type\":\"PropertyValueSpecification\",\"valueRequired\":true,\"valueName\":\"search_term_string\"}}],\"inLanguage\":\"hu\"},{\"@type\":\"Organization\",\"@id\":\"https:\/\/gr1993records.com\/#organization\",\"name\":\"Gramy-H Ltd.\",\"url\":\"https:\/\/gr1993records.com\/\",\"logo\":{\"@type\":\"ImageObject\",\"inLanguage\":\"hu\",\"@id\":\"https:\/\/gr1993records.com\/#\/schema\/logo\/image\/\",\"url\":\"https:\/\/gr1993records.com\/wp-content\/uploads\/2019\/08\/GR1993_Records_logo_CC.png\",\"contentUrl\":\"https:\/\/gr1993records.com\/wp-content\/uploads\/2019\/08\/GR1993_Records_logo_CC.png\",\"width\":2900,\"height\":2001,\"caption\":\"Gramy-H Ltd.\"},\"image\":{\"@id\":\"https:\/\/gr1993records.com\/#\/schema\/logo\/image\/\"},\"sameAs\":[\"https:\/\/www.facebook.com\/GR1993Records-113564886691383\/\"]}]}<\/script>\n<!-- \/ Yoast SEO plugin. -->","yoast_head_json":{"title":"Djabe Ly-O-Lay Ale Loya (CD) &#8211; GR1993 Records","robots":{"index":"index","follow":"follow","max-snippet":"max-snippet:-1","max-image-preview":"max-image-preview:large","max-video-preview":"max-video-preview:-1"},"canonical":"https:\/\/gr1993records.com\/index.php\/product\/djabe-ly-o-lay-ale-loya-cd\/","og_locale":"hu_HU","og_type":"article","og_title":"Djabe Ly-O-Lay Ale Loya (CD) &#8211; GR1993 Records","og_description":"[:hu]A Djabe harmadik st\u00fadi\u00f3albuma, zeneileg tov\u00e1bbfejlesztette a Witchi Tai To hangz\u00e1svil\u00e1g\u00e1t. A zenekar \u00f6sszes felv\u00e9tele k\u00f6z\u00fcl ebben domin\u00e1lnak legjelent\u0151sebben a world music st\u00edlusjegyei. Ezt a kiadv\u00e1nyt k\u00e9tszer is jel\u00f6lt\u00e9k \u201cAz \u00c9v Legjobb Hazai Vil\u00e1gzenei Albuma\" d\u00edjra 2000-ban \u00e9s 2001-ben Magyarorsz\u00e1gon.[:en]The third studio album of Djabe musically improved the Witchi Tai To\u2019 jazz\/world sound. From among all of the Djabe CDs, the world music style is dominant mainly on this record. The album was nominated for the \u201cBest Hungarian World Music Album Of The Year\" on two occasions in 2000 and 2001 in Hungary.[:]","og_url":"https:\/\/gr1993records.com\/index.php\/product\/djabe-ly-o-lay-ale-loya-cd\/","og_site_name":"GR1993 Records","article_publisher":"https:\/\/www.facebook.com\/GR1993Records-113564886691383\/","article_modified_time":"2026-03-31T09:49:10+00:00","og_image":[{"width":1000,"height":1000,"url":"https:\/\/gr1993records.com\/wp-content\/uploads\/2021\/01\/kiadvany_djabe_ly-o-lay_CD_front.jpg","type":"image\/jpeg"}],"twitter_card":"summary_large_image","twitter_misc":{"Becs\u00fclt olvas\u00e1si id\u0151":"2 perc"},"schema":{"@context":"https:\/\/schema.org","@graph":[{"@type":"WebPage","@id":"https:\/\/gr1993records.com\/index.php\/product\/djabe-ly-o-lay-ale-loya-cd\/","url":"https:\/\/gr1993records.com\/index.php\/product\/djabe-ly-o-lay-ale-loya-cd\/","name":"Djabe Ly-O-Lay Ale Loya (CD) &#8211; GR1993 Records","isPartOf":{"@id":"https:\/\/gr1993records.com\/#website"},"primaryImageOfPage":{"@id":"https:\/\/gr1993records.com\/index.php\/product\/djabe-ly-o-lay-ale-loya-cd\/#primaryimage"},"image":{"@id":"https:\/\/gr1993records.com\/index.php\/product\/djabe-ly-o-lay-ale-loya-cd\/#primaryimage"},"thumbnailUrl":"https:\/\/gr1993records.com\/wp-content\/uploads\/2021\/01\/kiadvany_djabe_ly-o-lay_CD_front.jpg","datePublished":"2021-01-13T15:19:07+00:00","dateModified":"2026-03-31T09:49:10+00:00","breadcrumb":{"@id":"https:\/\/gr1993records.com\/index.php\/product\/djabe-ly-o-lay-ale-loya-cd\/#breadcrumb"},"inLanguage":"hu","potentialAction":[{"@type":"ReadAction","target":["https:\/\/gr1993records.com\/index.php\/product\/djabe-ly-o-lay-ale-loya-cd\/"]}]},{"@type":"ImageObject","inLanguage":"hu","@id":"https:\/\/gr1993records.com\/index.php\/product\/djabe-ly-o-lay-ale-loya-cd\/#primaryimage","url":"https:\/\/gr1993records.com\/wp-content\/uploads\/2021\/01\/kiadvany_djabe_ly-o-lay_CD_front.jpg","contentUrl":"https:\/\/gr1993records.com\/wp-content\/uploads\/2021\/01\/kiadvany_djabe_ly-o-lay_CD_front.jpg","width":1000,"height":1000,"caption":"Djabe \u2013 Ly-O-Lay Ale Loya (CD) cover"},{"@type":"BreadcrumbList","@id":"https:\/\/gr1993records.com\/index.php\/product\/djabe-ly-o-lay-ale-loya-cd\/#breadcrumb","itemListElement":[{"@type":"ListItem","position":1,"name":"Home","item":"https:\/\/gr1993records.com\/"},{"@type":"ListItem","position":2,"name":"Kiadv\u00e1nyok","item":"https:\/\/gr1993records.com\/index.php\/shop\/"},{"@type":"ListItem","position":3,"name":"Djabe Ly-O-Lay Ale Loya (CD)"}]},{"@type":"WebSite","@id":"https:\/\/gr1993records.com\/#website","url":"https:\/\/gr1993records.com\/","name":"GR1993 Records","description":"","publisher":{"@id":"https:\/\/gr1993records.com\/#organization"},"potentialAction":[{"@type":"SearchAction","target":{"@type":"EntryPoint","urlTemplate":"https:\/\/gr1993records.com\/?s={search_term_string}"},"query-input":{"@type":"PropertyValueSpecification","valueRequired":true,"valueName":"search_term_string"}}],"inLanguage":"hu"},{"@type":"Organization","@id":"https:\/\/gr1993records.com\/#organization","name":"Gramy-H Ltd.","url":"https:\/\/gr1993records.com\/","logo":{"@type":"ImageObject","inLanguage":"hu","@id":"https:\/\/gr1993records.com\/#\/schema\/logo\/image\/","url":"https:\/\/gr1993records.com\/wp-content\/uploads\/2019\/08\/GR1993_Records_logo_CC.png","contentUrl":"https:\/\/gr1993records.com\/wp-content\/uploads\/2019\/08\/GR1993_Records_logo_CC.png","width":2900,"height":2001,"caption":"Gramy-H Ltd."},"image":{"@id":"https:\/\/gr1993records.com\/#\/schema\/logo\/image\/"},"sameAs":["https:\/\/www.facebook.com\/GR1993Records-113564886691383\/"]}]}},"jetpack_sharing_enabled":true,"_links":{"self":[{"href":"https:\/\/gr1993records.com\/index.php\/wp-json\/wp\/v2\/product\/6131","targetHints":{"allow":["GET"]}}],"collection":[{"href":"https:\/\/gr1993records.com\/index.php\/wp-json\/wp\/v2\/product"}],"about":[{"href":"https:\/\/gr1993records.com\/index.php\/wp-json\/wp\/v2\/types\/product"}],"wp:featuredmedia":[{"embeddable":true,"href":"https:\/\/gr1993records.com\/index.php\/wp-json\/wp\/v2\/media\/6132"}],"wp:attachment":[{"href":"https:\/\/gr1993records.com\/index.php\/wp-json\/wp\/v2\/media?parent=6131"}],"wp:term":[{"taxonomy":"product_brand","embeddable":true,"href":"https:\/\/gr1993records.com\/index.php\/wp-json\/wp\/v2\/product_brand?post=6131"},{"taxonomy":"product_cat","embeddable":true,"href":"https:\/\/gr1993records.com\/index.php\/wp-json\/wp\/v2\/product_cat?post=6131"},{"taxonomy":"product_tag","embeddable":true,"href":"https:\/\/gr1993records.com\/index.php\/wp-json\/wp\/v2\/product_tag?post=6131"}],"curies":[{"name":"wp","href":"https:\/\/api.w.org\/{rel}","templated":true}]}}