{"id":6129,"date":"2021-01-13T14:54:20","date_gmt":"2021-01-13T14:54:20","guid":{"rendered":"https:\/\/gr1993records.com\/?post_type=product&#038;p=6129"},"modified":"2026-03-31T11:49:22","modified_gmt":"2026-03-31T09:49:22","slug":"djabe-update-cd","status":"publish","type":"product","link":"https:\/\/gr1993records.com\/product\/djabe-update-cd\/","title":{"rendered":"Djabe <\/br>Update <\/br>(CD)"},"content":{"rendered":"<p><\/p>\n<p>[vc_row][vc_column][vc_column_text]First album of the band renewed in 2001, Update won the eMeRTon Award right after its premiere in May \u2013 the professional jurors awarded the World Music Band of the Year to Djabe. This great success did not peak in only the award, as this is the album that brought the first foreign invitations for the band. Since then, Djabe performed in nearly 50 countries, for the joy of the audience.<\/p>\n<p>After the 2001 reformation the band got a new soloist: Ferenc Kov\u00e1cs (trumpet, violin). Next to Andr\u00e1s Sipos (percussion) arrived the young and talented Szil\u00e1rd Banai (drums) and made an excellent percussive duo. A position never existed before was filled by Zolt\u00e1n Kov\u00e1cs (keyboard). Besides Andr\u00e1s Sipos two more remained from the old line-up: Tam\u00e1s Barab\u00e1s (bass guitar) and Attila \u00c9gerh\u00e1zi (guitar). Ferenc Muck (saxophone) left Djabe at the end of 2000. Between 1997-2000 Djabe\u2019s sounding was vastly determined by saxophone, and so it had to be filled \u2013 and none other did but the Englishman Ben Castle, who expanded the band\u2019s portfolio of instruments by his flute and bass clarinet. At Update\u2019s recordings the Moroccan vocalist-percussionist Sa\u00efd Tichiti also appears, with his characteristically Moroccan folk music of gembri and vocal added an exotic flavor to the composition First Step.<\/p>\n<p>The music gained complexity compared to the world music-dominated Djabe of 1996-2000 and made a turn towards jazz, largely because of Tam\u00e1s Barab\u00e1s\u2019 compositions, most of them co-composed with Attila \u00c9gerh\u00e1zi.<\/p>\n<p>Besides the eMeRTon Award, the CD was also nominated for the Hungarian Music Award, showing the band was still largely popular in its home country. Originally, the album released on casette and CD. In 2011 a new surround mix was made and released in single and double DVD-Audio versions (the second DVD contained the 2001 gig in Szolnok, Hungary in 5.1 mixing, and numerous documentaries and TV appearances). The 2011 Deluxe Edition was the same stereo mix of 2001, because the band was so satisfied with Tam\u00e1s Barab\u00e1s\u2019 audio engineer job and did not want to touch it.[\/vc_column_text][vc_separator][vc_column_text]<strong>Musicians<\/strong><br \/>\nBarab\u00e1s Tam\u00e1s \u2013 bass guitaar, synthesizer programs<br \/>\n\u00c9gerh\u00e1zi Attila \u2013 guitars<br \/>\nSipos Andr\u00e1s \u2013 vocal, percussions<br \/>\nKov\u00e1cs Ferenc \u2013 trumpet, flugelhorn, violin, vocal<br \/>\nKov\u00e1cs Zolt\u00e1n \u2013 keyboards<br \/>\nBanai Szil\u00e1rd \u2013 drums<br \/>\nBen Castle \u2013 saxophone, flute, bass clarinet<br \/>\nSa\u00efd Tichiti \u2013 vocal, gembri, karbakat[\/vc_column_text][vc_separator][vc_column_text]<b>Djabe &#8211; Flying<\/b>[\/vc_column_text][vc_video link=&#8221;https:\/\/youtu.be\/6DI0NsFdTnU&#8221; align=&#8221;center&#8221;][\/vc_column][\/vc_row]<\/p>\n<p><\/p>","protected":false},"excerpt":{"rendered":"<p>This is an excellent studio album of the renewed band in 2001. The Djabe music kept its original values, but the band made a further step on the road of improvement. The compositions and arrangement became more complex and are of a higher standard. The band earned prestigious eMeRTon award in Hungary in 2001 with Update.<\/p>\n","protected":false},"featured_media":6130,"template":"","meta":[],"product_brand":[],"product_cat":[92],"product_tag":[],"class_list":{"0":"post-6129","1":"product","2":"type-product","3":"status-publish","4":"has-post-thumbnail","6":"product_cat-cd","7":"yith_product_brand-djabe","8":"col-12 col-sm-6 col-md-4","10":"first","11":"instock","12":"shipping-taxable","13":"purchasable","14":"product-type-simple"},"yoast_head":"<!-- This site is optimized with the Yoast SEO plugin v27.5 - https:\/\/yoast.com\/product\/yoast-seo-wordpress\/ -->\n<title>Djabe Update (CD) &#8211; GR1993 Records<\/title>\n<meta name=\"robots\" content=\"index, follow, max-snippet:-1, max-image-preview:large, max-video-preview:-1\" \/>\n<link rel=\"canonical\" href=\"https:\/\/gr1993records.com\/product\/djabe-update-cd\/\" \/>\n<meta property=\"og:locale\" content=\"en_US\" \/>\n<meta property=\"og:type\" content=\"article\" \/>\n<meta property=\"og:title\" content=\"Djabe Update (CD) &#8211; GR1993 Records\" \/>\n<meta property=\"og:description\" content=\"[:hu]A 2001-ben meg\u00fajult zenekar eMeRTon d\u00edjas st\u00fadi\u00f3albuma. A hangz\u00e1s megtartotta eddigi \u00e9rt\u00e9kekeit, de a zenekar tov\u00e1bb l\u00e9pett a fejl\u0151d\u00e9s \u00fatj\u00e1n. A kompoz\u00edci\u00f3k \u00e9s a hangszerel\u00e9sek \u00f6sszetettebbek \u00e9s ig\u00e9nyesebbek lettek.[:en]This is an excellent studio album of the renewed band in 2001. The Djabe music kept its original values, but the band made a further step on the road of improvement. The compositions and arrangement became more complex and are of a higher standard. The band earned prestigious eMeRTon award in Hungary in 2001 with Update.[:]\" \/>\n<meta property=\"og:url\" content=\"https:\/\/gr1993records.com\/product\/djabe-update-cd\/\" \/>\n<meta property=\"og:site_name\" content=\"GR1993 Records\" \/>\n<meta property=\"article:publisher\" content=\"https:\/\/www.facebook.com\/GR1993Records-113564886691383\/\" \/>\n<meta property=\"article:modified_time\" content=\"2026-03-31T09:49:22+00:00\" \/>\n<meta property=\"og:image\" content=\"https:\/\/gr1993records.com\/wp-content\/uploads\/2021\/01\/kiadvany_djabe_update_CD_front.jpg\" \/>\n\t<meta property=\"og:image:width\" content=\"1000\" \/>\n\t<meta property=\"og:image:height\" content=\"1000\" \/>\n\t<meta property=\"og:image:type\" content=\"image\/jpeg\" \/>\n<meta name=\"twitter:card\" content=\"summary_large_image\" \/>\n<meta name=\"twitter:label1\" content=\"Est. reading time\" \/>\n\t<meta name=\"twitter:data1\" content=\"5 minutes\" \/>\n<script type=\"application\/ld+json\" class=\"yoast-schema-graph\">{\"@context\":\"https:\\\/\\\/schema.org\",\"@graph\":[{\"@type\":\"WebPage\",\"@id\":\"https:\\\/\\\/gr1993records.com\\\/product\\\/djabe-update-cd\\\/\",\"url\":\"https:\\\/\\\/gr1993records.com\\\/product\\\/djabe-update-cd\\\/\",\"name\":\"Djabe Update (CD) &#8211; GR1993 Records\",\"isPartOf\":{\"@id\":\"https:\\\/\\\/gr1993records.com\\\/#website\"},\"primaryImageOfPage\":{\"@id\":\"https:\\\/\\\/gr1993records.com\\\/product\\\/djabe-update-cd\\\/#primaryimage\"},\"image\":{\"@id\":\"https:\\\/\\\/gr1993records.com\\\/product\\\/djabe-update-cd\\\/#primaryimage\"},\"thumbnailUrl\":\"https:\\\/\\\/gr1993records.com\\\/wp-content\\\/uploads\\\/2021\\\/01\\\/kiadvany_djabe_update_CD_front.jpg\",\"datePublished\":\"2021-01-13T14:54:20+00:00\",\"dateModified\":\"2026-03-31T09:49:22+00:00\",\"breadcrumb\":{\"@id\":\"https:\\\/\\\/gr1993records.com\\\/product\\\/djabe-update-cd\\\/#breadcrumb\"},\"inLanguage\":\"en-US\",\"potentialAction\":[{\"@type\":\"ReadAction\",\"target\":[\"https:\\\/\\\/gr1993records.com\\\/product\\\/djabe-update-cd\\\/\"]}]},{\"@type\":\"ImageObject\",\"inLanguage\":\"en-US\",\"@id\":\"https:\\\/\\\/gr1993records.com\\\/product\\\/djabe-update-cd\\\/#primaryimage\",\"url\":\"https:\\\/\\\/gr1993records.com\\\/wp-content\\\/uploads\\\/2021\\\/01\\\/kiadvany_djabe_update_CD_front.jpg\",\"contentUrl\":\"https:\\\/\\\/gr1993records.com\\\/wp-content\\\/uploads\\\/2021\\\/01\\\/kiadvany_djabe_update_CD_front.jpg\",\"width\":1000,\"height\":1000,\"caption\":\"Djabe \u2013 Update (CD) cover\"},{\"@type\":\"BreadcrumbList\",\"@id\":\"https:\\\/\\\/gr1993records.com\\\/product\\\/djabe-update-cd\\\/#breadcrumb\",\"itemListElement\":[{\"@type\":\"ListItem\",\"position\":1,\"name\":\"Home\",\"item\":\"https:\\\/\\\/gr1993records.com\\\/?lang=en\"},{\"@type\":\"ListItem\",\"position\":2,\"name\":\"Releases\",\"item\":\"https:\\\/\\\/gr1993records.com\\\/shop\\\/?lang=en\"},{\"@type\":\"ListItem\",\"position\":3,\"name\":\"Djabe Update (CD)\"}]},{\"@type\":\"WebSite\",\"@id\":\"https:\\\/\\\/gr1993records.com\\\/#website\",\"url\":\"https:\\\/\\\/gr1993records.com\\\/\",\"name\":\"GR1993 Records\",\"description\":\"\",\"publisher\":{\"@id\":\"https:\\\/\\\/gr1993records.com\\\/#organization\"},\"potentialAction\":[{\"@type\":\"SearchAction\",\"target\":{\"@type\":\"EntryPoint\",\"urlTemplate\":\"https:\\\/\\\/gr1993records.com\\\/?s={search_term_string}\"},\"query-input\":{\"@type\":\"PropertyValueSpecification\",\"valueRequired\":true,\"valueName\":\"search_term_string\"}}],\"inLanguage\":\"en-US\"},{\"@type\":\"Organization\",\"@id\":\"https:\\\/\\\/gr1993records.com\\\/#organization\",\"name\":\"Gramy-H Ltd.\",\"url\":\"https:\\\/\\\/gr1993records.com\\\/\",\"logo\":{\"@type\":\"ImageObject\",\"inLanguage\":\"en-US\",\"@id\":\"https:\\\/\\\/gr1993records.com\\\/#\\\/schema\\\/logo\\\/image\\\/\",\"url\":\"https:\\\/\\\/gr1993records.com\\\/wp-content\\\/uploads\\\/2019\\\/08\\\/GR1993_Records_logo_CC.png\",\"contentUrl\":\"https:\\\/\\\/gr1993records.com\\\/wp-content\\\/uploads\\\/2019\\\/08\\\/GR1993_Records_logo_CC.png\",\"width\":2900,\"height\":2001,\"caption\":\"Gramy-H Ltd.\"},\"image\":{\"@id\":\"https:\\\/\\\/gr1993records.com\\\/#\\\/schema\\\/logo\\\/image\\\/\"},\"sameAs\":[\"https:\\\/\\\/www.facebook.com\\\/GR1993Records-113564886691383\\\/\"]}]}<\/script>\n<!-- \/ Yoast SEO plugin. -->","yoast_head_json":{"title":"Djabe Update (CD) &#8211; GR1993 Records","robots":{"index":"index","follow":"follow","max-snippet":"max-snippet:-1","max-image-preview":"max-image-preview:large","max-video-preview":"max-video-preview:-1"},"canonical":"https:\/\/gr1993records.com\/product\/djabe-update-cd\/","og_locale":"en_US","og_type":"article","og_title":"Djabe Update (CD) &#8211; GR1993 Records","og_description":"[:hu]A 2001-ben meg\u00fajult zenekar eMeRTon d\u00edjas st\u00fadi\u00f3albuma. A hangz\u00e1s megtartotta eddigi \u00e9rt\u00e9kekeit, de a zenekar tov\u00e1bb l\u00e9pett a fejl\u0151d\u00e9s \u00fatj\u00e1n. A kompoz\u00edci\u00f3k \u00e9s a hangszerel\u00e9sek \u00f6sszetettebbek \u00e9s ig\u00e9nyesebbek lettek.[:en]This is an excellent studio album of the renewed band in 2001. The Djabe music kept its original values, but the band made a further step on the road of improvement. The compositions and arrangement became more complex and are of a higher standard. The band earned prestigious eMeRTon award in Hungary in 2001 with Update.[:]","og_url":"https:\/\/gr1993records.com\/product\/djabe-update-cd\/","og_site_name":"GR1993 Records","article_publisher":"https:\/\/www.facebook.com\/GR1993Records-113564886691383\/","article_modified_time":"2026-03-31T09:49:22+00:00","og_image":[{"width":1000,"height":1000,"url":"https:\/\/gr1993records.com\/wp-content\/uploads\/2021\/01\/kiadvany_djabe_update_CD_front.jpg","type":"image\/jpeg"}],"twitter_card":"summary_large_image","twitter_misc":{"Est. reading time":"5 minutes"},"schema":{"@context":"https:\/\/schema.org","@graph":[{"@type":"WebPage","@id":"https:\/\/gr1993records.com\/product\/djabe-update-cd\/","url":"https:\/\/gr1993records.com\/product\/djabe-update-cd\/","name":"Djabe Update (CD) &#8211; GR1993 Records","isPartOf":{"@id":"https:\/\/gr1993records.com\/#website"},"primaryImageOfPage":{"@id":"https:\/\/gr1993records.com\/product\/djabe-update-cd\/#primaryimage"},"image":{"@id":"https:\/\/gr1993records.com\/product\/djabe-update-cd\/#primaryimage"},"thumbnailUrl":"https:\/\/gr1993records.com\/wp-content\/uploads\/2021\/01\/kiadvany_djabe_update_CD_front.jpg","datePublished":"2021-01-13T14:54:20+00:00","dateModified":"2026-03-31T09:49:22+00:00","breadcrumb":{"@id":"https:\/\/gr1993records.com\/product\/djabe-update-cd\/#breadcrumb"},"inLanguage":"en-US","potentialAction":[{"@type":"ReadAction","target":["https:\/\/gr1993records.com\/product\/djabe-update-cd\/"]}]},{"@type":"ImageObject","inLanguage":"en-US","@id":"https:\/\/gr1993records.com\/product\/djabe-update-cd\/#primaryimage","url":"https:\/\/gr1993records.com\/wp-content\/uploads\/2021\/01\/kiadvany_djabe_update_CD_front.jpg","contentUrl":"https:\/\/gr1993records.com\/wp-content\/uploads\/2021\/01\/kiadvany_djabe_update_CD_front.jpg","width":1000,"height":1000,"caption":"Djabe \u2013 Update (CD) cover"},{"@type":"BreadcrumbList","@id":"https:\/\/gr1993records.com\/product\/djabe-update-cd\/#breadcrumb","itemListElement":[{"@type":"ListItem","position":1,"name":"Home","item":"https:\/\/gr1993records.com\/?lang=en"},{"@type":"ListItem","position":2,"name":"Releases","item":"https:\/\/gr1993records.com\/shop\/?lang=en"},{"@type":"ListItem","position":3,"name":"Djabe Update (CD)"}]},{"@type":"WebSite","@id":"https:\/\/gr1993records.com\/#website","url":"https:\/\/gr1993records.com\/","name":"GR1993 Records","description":"","publisher":{"@id":"https:\/\/gr1993records.com\/#organization"},"potentialAction":[{"@type":"SearchAction","target":{"@type":"EntryPoint","urlTemplate":"https:\/\/gr1993records.com\/?s={search_term_string}"},"query-input":{"@type":"PropertyValueSpecification","valueRequired":true,"valueName":"search_term_string"}}],"inLanguage":"en-US"},{"@type":"Organization","@id":"https:\/\/gr1993records.com\/#organization","name":"Gramy-H Ltd.","url":"https:\/\/gr1993records.com\/","logo":{"@type":"ImageObject","inLanguage":"en-US","@id":"https:\/\/gr1993records.com\/#\/schema\/logo\/image\/","url":"https:\/\/gr1993records.com\/wp-content\/uploads\/2019\/08\/GR1993_Records_logo_CC.png","contentUrl":"https:\/\/gr1993records.com\/wp-content\/uploads\/2019\/08\/GR1993_Records_logo_CC.png","width":2900,"height":2001,"caption":"Gramy-H Ltd."},"image":{"@id":"https:\/\/gr1993records.com\/#\/schema\/logo\/image\/"},"sameAs":["https:\/\/www.facebook.com\/GR1993Records-113564886691383\/"]}]}},"jetpack_sharing_enabled":true,"_links":{"self":[{"href":"https:\/\/gr1993records.com\/wp-json\/wp\/v2\/product\/6129","targetHints":{"allow":["GET"]}}],"collection":[{"href":"https:\/\/gr1993records.com\/wp-json\/wp\/v2\/product"}],"about":[{"href":"https:\/\/gr1993records.com\/wp-json\/wp\/v2\/types\/product"}],"wp:featuredmedia":[{"embeddable":true,"href":"https:\/\/gr1993records.com\/wp-json\/wp\/v2\/media\/6130"}],"wp:attachment":[{"href":"https:\/\/gr1993records.com\/wp-json\/wp\/v2\/media?parent=6129"}],"wp:term":[{"taxonomy":"product_brand","embeddable":true,"href":"https:\/\/gr1993records.com\/wp-json\/wp\/v2\/product_brand?post=6129"},{"taxonomy":"product_cat","embeddable":true,"href":"https:\/\/gr1993records.com\/wp-json\/wp\/v2\/product_cat?post=6129"},{"taxonomy":"product_tag","embeddable":true,"href":"https:\/\/gr1993records.com\/wp-json\/wp\/v2\/product_tag?post=6129"}],"curies":[{"name":"wp","href":"https:\/\/api.w.org\/{rel}","templated":true}]}}