{"id":6126,"date":"2021-01-13T13:36:46","date_gmt":"2021-01-13T13:36:46","guid":{"rendered":"https:\/\/gr1993records.com\/?post_type=product&#038;p=6126"},"modified":"2026-03-31T12:14:10","modified_gmt":"2026-03-31T10:14:10","slug":"djabe-forward-live-mediabook-2cd2dvd","status":"publish","type":"product","link":"https:\/\/gr1993records.com\/index.php\/product\/djabe-forward-live-mediabook-2cd2dvd\/","title":{"rendered":"Djabe <\/br>Forward Live <\/br>Mediabook (2CD+2DVD)"},"content":{"rendered":"<p>[vc_row][vc_column][vc_column_text]A Djabe zenekar 2014-ben jelentette meg Forward c\u00edmmel a Miskolci Szimfonikus Zenekarral k\u00f6z\u00f6sen k\u00e9sz\u00edtett album\u00e1t. A kritika \u00e9s a hallgat\u00f3k szerint is a zenekar p\u00e1lyafut\u00e1s\u00e1nak legnagyobb szab\u00e1s\u00fa m\u0171ve k\u00e9sz\u00fclt el. A lemez egyik legf\u0151bb er\u00e9nye, hogy olyan kompoz\u00edci\u00f3k sz\u00fclettek, ahol a szimfonikus zenekar \u00e9s a Djabe megsz\u00f3lal\u00e1sban egyenrang\u00fa partnerek, a k\u00e9t zenei vil\u00e1g teljesen kieg\u00e9sz\u00edti egym\u00e1st, egy\u00fctt k\u00e9peznek egy \u00faj egys\u00e9get. Sokak szerint ez az eddig k\u00e9sz\u00fclt legjobb Djabe lemez. A m\u0171veket Barab\u00e1s Tam\u00e1s \u00e9s \u00c9gerh\u00e1zi Attila jegyzik, a szimfonikus r\u00e9szeket Barab\u00e1s Tam\u00e1s \u00edrta, a szimfonikusok hangszerel\u00e9s\u00e9t Kov\u00e1cs Zolt\u00e1n k\u00e9sz\u00edtette el. Az album koncert bemutat\u00f3j\u00e1ra 2015. november 10-\u00e9n ker\u00fclt sor Budapesten a M\u0171v\u00e9szetek Palot\u00e1ja, Bart\u00f3k B\u00e9la Nemzeti Hangversenyterm\u00e9ben. A Djabe \u00e9s a Miskolci Szimfonikus Zenekar a teljes albumot elj\u00e1tszotta. A karmester Rem\u00e9nyi J\u00f3zsef volt. A Forward album anyaga mellett, a koncert m\u0171sor\u00e1t k\u00e9t \u00f3r\u00e1sra kieg\u00e9sz\u00edtend\u0151, Barab\u00e1s Tam\u00e1s szimfonikus verzi\u00f3ban \u00fajra\u00e9rtelmezte J\u00e9gvil\u00e1g c\u00edm\u0171 kompoz\u00edci\u00f3j\u00e1t, \u00e9s sz\u00fcletett egy egyveleg r\u00e9gebbi Djabe sz\u00e1mokb\u00f3l, szint\u00e9n a szimfonikusokkal kieg\u00e9sz\u00fclve. A st\u00fadi\u00f3 felv\u00e9telen t\u00f6bb vend\u00e9gzen\u00e9sz is j\u00e1tszott, akik k\u00f6z\u00fcl szerep\u00fckben a k\u00e9t legjelent\u0151sebb muzsikus, az azerbajdzs\u00e1ni taros Malik Mansurov, \u00e9s a hazai tabl\u00e1s M\u00f3ty\u00e1n Tibor szint\u00e9n ott volt az el\u0151ad\u00e1son. A koncert k\u00e9tf\u00e9le kiadv\u00e1nyban is hozz\u00e1f\u00e9rhet\u0151. A 64 oldalas, kem\u00e9nyfedeles k\u00f6nyvbe k\u00e9t CD \u00e9s k\u00e9t DVD korong is ker\u00fclt. A k\u00f6nyvben gazdag k\u00e9panyaggal illusztr\u00e1lva olvashatunk az album \u00e9s a koncert t\u00f6rt\u00e9net\u00e9r\u0151l t\u00f6bb szerz\u0151 \u00e9s kritikus toll\u00e1b\u00f3l, magyar \u00e9s angol nyelven. A CD-ken meghallgathat\u00f3 a koncert teljes hangfelv\u00e9tele. Az els\u0151 DVD-n pedig megn\u00e9zhet\u0151 a 24 kamer\u00e1val r\u00f6gz\u00edtett koncert, valamint egy r\u00f6vid dokumentumfilm is. A koncert 24 bit\/48 kHz sztere\u00f3 PCM, \u00e9s 24 bit\/96kHz DTS surroundban is el\u00e9rhet\u0151 a DVD-n. A m\u00e1sodik DVD-n az eredeti Forward st\u00fadi\u00f3album kapott helyet. A legkiv\u00e1l\u00f3bb min\u0151s\u00e9get biztos\u00edt\u00f3 24 bit\/96 kHz MLP sztere\u00f3 \u00e9s surround hangs\u00e1vok mellett, DTS 5.1 \u00e9s PCM 2.0 hangs\u00e1vok is ker\u00fcltek a lemezre. Ez a DVD is tartalmaz extra vide\u00f3 \u00e9s audi\u00f3 anyagokat. A Djabe \u00e9s Miskolci Szimfonikus Zenekar M\u00fcp\u00e1ban adott koncertj\u00e9nek filmv\u00e1ltozat\u00e1ra nyugodtan mondhatjuk, hogy minden id\u0151k legjobb Djabe koncertfilmje.[\/vc_column_text][vc_separator][vc_column_text]<strong>A koncerten k\u00f6zrem\u0171k\u00f6d\u00f6tt el\u0151ad\u00f3k<\/strong><br \/>\nMiskolci Szimfonikus Zenekar<br \/>\nBarab\u00e1s Tam\u00e1s \u2013 basszusgit\u00e1r<br \/>\n\u00c9gerh\u00e1zi Attila \u2013 git\u00e1r, \u00fct\u0151hangszerek<br \/>\nKov\u00e1cs Zolt\u00e1n \u2013 billenty\u0171s hangszerek<br \/>\nMalik Mansurov \u2013 tar<br \/>\nKov\u00e1cs Ferenc \u2013 trombita, heged\u0171, \u00e9nek<br \/>\nBanai Szil\u00e1rd \u2013 dob<br \/>\nM\u00f3ty\u00e1n Tibor \u2013 tabla, \u00fct\u0151hangszerek[\/vc_column_text][vc_separator][vc_column_text]<strong>Djabe and MSO &#8211; Hang Out and New Words<\/strong>[\/vc_column_text][vc_video link=&#8221;https:\/\/youtu.be\/hQtRsmLW5ig&#8221; align=&#8221;center&#8221;][\/vc_column][\/vc_row]<\/p>","protected":false},"excerpt":{"rendered":"<p>A Djabe zenekar 2014-ben jelentette meg Forward c\u00edmmel a Miskolci Szimfonikus Zenekarral k\u00f6z\u00f6sen k\u00e9sz\u00edtett album\u00e1t. A kritika \u00e9s a hallgat\u00f3k szerint is a zenekar p\u00e1lyafut\u00e1s\u00e1nak legnagyobb szab\u00e1s\u00fa m\u0171ve k\u00e9sz\u00fclt el. Az album koncert bemutat\u00f3j\u00e1ra 2015. november 10-\u00e9n ker\u00fclt sor Budapesten a M\u0171v\u00e9szetek Palot\u00e1ja, Bart\u00f3k B\u00e9la Nemzeti Hangversenyterm\u00e9ben. A Djabe \u00e9s a Miskolci Szimfonikus Zenekar a teljes albumot elj\u00e1tszotta. A karmester Rem\u00e9nyi J\u00f3zsef volt.<\/p>\n<p>K\u00e9sz\u00fclt az NKA t\u00e1mogat\u00e1s\u00e1val.<br \/>\n<a href=\"http:\/\/www.nka.hu\/\">www.nka.hu<\/a><\/p>\n","protected":false},"featured_media":6154,"template":"","meta":[],"product_brand":[],"product_cat":[92,93,107],"product_tag":[],"class_list":{"0":"post-6126","1":"product","2":"type-product","3":"status-publish","4":"has-post-thumbnail","6":"product_cat-cd","7":"product_cat-dvd","8":"product_cat-mediabook","9":"yith_product_brand-djabe","10":"col-12 col-sm-6 col-md-4","12":"first","13":"instock","14":"shipping-taxable","15":"purchasable","16":"product-type-simple"},"yoast_head":"<!-- This site is optimized with the Yoast SEO plugin v27.3 - https:\/\/yoast.com\/product\/yoast-seo-wordpress\/ -->\n<title>Djabe Forward Live Mediabook (2CD+2DVD) &#8211; GR1993 Records<\/title>\n<meta name=\"robots\" content=\"index, follow, max-snippet:-1, max-image-preview:large, max-video-preview:-1\" \/>\n<link rel=\"canonical\" href=\"https:\/\/gr1993records.com\/index.php\/product\/djabe-forward-live-mediabook-2cd2dvd\/\" \/>\n<meta property=\"og:locale\" content=\"hu_HU\" \/>\n<meta property=\"og:type\" content=\"article\" \/>\n<meta property=\"og:title\" content=\"Djabe Forward Live Mediabook (2CD+2DVD) &#8211; GR1993 Records\" \/>\n<meta property=\"og:description\" content=\"[:hu]A Djabe zenekar 2014-ben jelentette meg Forward c\u00edmmel a Miskolci Szimfonikus Zenekarral k\u00f6z\u00f6sen k\u00e9sz\u00edtett album\u00e1t. A kritika \u00e9s a hallgat\u00f3k szerint is a zenekar p\u00e1lyafut\u00e1s\u00e1nak legnagyobb szab\u00e1s\u00fa m\u0171ve k\u00e9sz\u00fclt el. Az album koncert bemutat\u00f3j\u00e1ra 2015. november 10-\u00e9n ker\u00fclt sor Budapesten a M\u0171v\u00e9szetek Palot\u00e1ja, Bart\u00f3k B\u00e9la Nemzeti Hangversenyterm\u00e9ben. A Djabe \u00e9s a Miskolci Szimfonikus Zenekar a teljes albumot elj\u00e1tszotta. A karmester Rem\u00e9nyi J\u00f3zsef volt.  K\u00e9sz\u00fclt az NKA t\u00e1mogat\u00e1s\u00e1val. www.nka.hu[:en]Djabe released Forward in 2014, an album made with together the Hungarian Symphony Orchestra Miskolc. Both the audience and critics hailed this release as the paramount Djabe experience. Album premiere was held at the B\u00e9la Bart\u00f3k Music Hall of M\u00fcpa Budapest, on 10th of November, 2015, with the complete album performed by the band and the HSOM, conducted by J\u00f3zsef Rem\u00e9nyi.  Sponsored by NKA www.nka.hu[:]\" \/>\n<meta property=\"og:url\" content=\"https:\/\/gr1993records.com\/index.php\/product\/djabe-forward-live-mediabook-2cd2dvd\/\" \/>\n<meta property=\"og:site_name\" content=\"GR1993 Records\" \/>\n<meta property=\"article:publisher\" content=\"https:\/\/www.facebook.com\/GR1993Records-113564886691383\/\" \/>\n<meta property=\"article:modified_time\" content=\"2026-03-31T10:14:10+00:00\" \/>\n<meta property=\"og:image\" content=\"https:\/\/gr1993records.com\/wp-content\/uploads\/2021\/01\/kiadvany_djabe_forward_live_mediabook_front1.jpg\" \/>\n\t<meta property=\"og:image:width\" content=\"1000\" \/>\n\t<meta property=\"og:image:height\" content=\"1000\" \/>\n\t<meta property=\"og:image:type\" content=\"image\/jpeg\" \/>\n<meta name=\"twitter:card\" content=\"summary_large_image\" \/>\n<meta name=\"twitter:label1\" content=\"Becs\u00fclt olvas\u00e1si id\u0151\" \/>\n\t<meta name=\"twitter:data1\" content=\"5 perc\" \/>\n<script type=\"application\/ld+json\" class=\"yoast-schema-graph\">{\"@context\":\"https:\\\/\\\/schema.org\",\"@graph\":[{\"@type\":\"WebPage\",\"@id\":\"https:\\\/\\\/gr1993records.com\\\/index.php\\\/product\\\/djabe-forward-live-mediabook-2cd2dvd\\\/\",\"url\":\"https:\\\/\\\/gr1993records.com\\\/index.php\\\/product\\\/djabe-forward-live-mediabook-2cd2dvd\\\/\",\"name\":\"Djabe Forward Live Mediabook (2CD+2DVD) &#8211; GR1993 Records\",\"isPartOf\":{\"@id\":\"https:\\\/\\\/gr1993records.com\\\/#website\"},\"primaryImageOfPage\":{\"@id\":\"https:\\\/\\\/gr1993records.com\\\/index.php\\\/product\\\/djabe-forward-live-mediabook-2cd2dvd\\\/#primaryimage\"},\"image\":{\"@id\":\"https:\\\/\\\/gr1993records.com\\\/index.php\\\/product\\\/djabe-forward-live-mediabook-2cd2dvd\\\/#primaryimage\"},\"thumbnailUrl\":\"https:\\\/\\\/gr1993records.com\\\/wp-content\\\/uploads\\\/2021\\\/01\\\/kiadvany_djabe_forward_live_mediabook_front1.jpg\",\"datePublished\":\"2021-01-13T13:36:46+00:00\",\"dateModified\":\"2026-03-31T10:14:10+00:00\",\"breadcrumb\":{\"@id\":\"https:\\\/\\\/gr1993records.com\\\/index.php\\\/product\\\/djabe-forward-live-mediabook-2cd2dvd\\\/#breadcrumb\"},\"inLanguage\":\"hu\",\"potentialAction\":[{\"@type\":\"ReadAction\",\"target\":[\"https:\\\/\\\/gr1993records.com\\\/index.php\\\/product\\\/djabe-forward-live-mediabook-2cd2dvd\\\/\"]}]},{\"@type\":\"ImageObject\",\"inLanguage\":\"hu\",\"@id\":\"https:\\\/\\\/gr1993records.com\\\/index.php\\\/product\\\/djabe-forward-live-mediabook-2cd2dvd\\\/#primaryimage\",\"url\":\"https:\\\/\\\/gr1993records.com\\\/wp-content\\\/uploads\\\/2021\\\/01\\\/kiadvany_djabe_forward_live_mediabook_front1.jpg\",\"contentUrl\":\"https:\\\/\\\/gr1993records.com\\\/wp-content\\\/uploads\\\/2021\\\/01\\\/kiadvany_djabe_forward_live_mediabook_front1.jpg\",\"width\":1000,\"height\":1000,\"caption\":\"Djabe \u2013 Forward Live Mediabook (2CD+2DVD) cover\"},{\"@type\":\"BreadcrumbList\",\"@id\":\"https:\\\/\\\/gr1993records.com\\\/index.php\\\/product\\\/djabe-forward-live-mediabook-2cd2dvd\\\/#breadcrumb\",\"itemListElement\":[{\"@type\":\"ListItem\",\"position\":1,\"name\":\"Home\",\"item\":\"https:\\\/\\\/gr1993records.com\\\/\"},{\"@type\":\"ListItem\",\"position\":2,\"name\":\"Kiadv\u00e1nyok\",\"item\":\"https:\\\/\\\/gr1993records.com\\\/index.php\\\/shop\\\/\"},{\"@type\":\"ListItem\",\"position\":3,\"name\":\"Djabe Forward Live Mediabook (2CD+2DVD)\"}]},{\"@type\":\"WebSite\",\"@id\":\"https:\\\/\\\/gr1993records.com\\\/#website\",\"url\":\"https:\\\/\\\/gr1993records.com\\\/\",\"name\":\"GR1993 Records\",\"description\":\"\",\"publisher\":{\"@id\":\"https:\\\/\\\/gr1993records.com\\\/#organization\"},\"potentialAction\":[{\"@type\":\"SearchAction\",\"target\":{\"@type\":\"EntryPoint\",\"urlTemplate\":\"https:\\\/\\\/gr1993records.com\\\/?s={search_term_string}\"},\"query-input\":{\"@type\":\"PropertyValueSpecification\",\"valueRequired\":true,\"valueName\":\"search_term_string\"}}],\"inLanguage\":\"hu\"},{\"@type\":\"Organization\",\"@id\":\"https:\\\/\\\/gr1993records.com\\\/#organization\",\"name\":\"Gramy-H Ltd.\",\"url\":\"https:\\\/\\\/gr1993records.com\\\/\",\"logo\":{\"@type\":\"ImageObject\",\"inLanguage\":\"hu\",\"@id\":\"https:\\\/\\\/gr1993records.com\\\/#\\\/schema\\\/logo\\\/image\\\/\",\"url\":\"https:\\\/\\\/gr1993records.com\\\/wp-content\\\/uploads\\\/2019\\\/08\\\/GR1993_Records_logo_CC.png\",\"contentUrl\":\"https:\\\/\\\/gr1993records.com\\\/wp-content\\\/uploads\\\/2019\\\/08\\\/GR1993_Records_logo_CC.png\",\"width\":2900,\"height\":2001,\"caption\":\"Gramy-H Ltd.\"},\"image\":{\"@id\":\"https:\\\/\\\/gr1993records.com\\\/#\\\/schema\\\/logo\\\/image\\\/\"},\"sameAs\":[\"https:\\\/\\\/www.facebook.com\\\/GR1993Records-113564886691383\\\/\"]}]}<\/script>\n<!-- \/ Yoast SEO plugin. -->","yoast_head_json":{"title":"Djabe Forward Live Mediabook (2CD+2DVD) &#8211; GR1993 Records","robots":{"index":"index","follow":"follow","max-snippet":"max-snippet:-1","max-image-preview":"max-image-preview:large","max-video-preview":"max-video-preview:-1"},"canonical":"https:\/\/gr1993records.com\/index.php\/product\/djabe-forward-live-mediabook-2cd2dvd\/","og_locale":"hu_HU","og_type":"article","og_title":"Djabe Forward Live Mediabook (2CD+2DVD) &#8211; GR1993 Records","og_description":"[:hu]A Djabe zenekar 2014-ben jelentette meg Forward c\u00edmmel a Miskolci Szimfonikus Zenekarral k\u00f6z\u00f6sen k\u00e9sz\u00edtett album\u00e1t. A kritika \u00e9s a hallgat\u00f3k szerint is a zenekar p\u00e1lyafut\u00e1s\u00e1nak legnagyobb szab\u00e1s\u00fa m\u0171ve k\u00e9sz\u00fclt el. Az album koncert bemutat\u00f3j\u00e1ra 2015. november 10-\u00e9n ker\u00fclt sor Budapesten a M\u0171v\u00e9szetek Palot\u00e1ja, Bart\u00f3k B\u00e9la Nemzeti Hangversenyterm\u00e9ben. A Djabe \u00e9s a Miskolci Szimfonikus Zenekar a teljes albumot elj\u00e1tszotta. A karmester Rem\u00e9nyi J\u00f3zsef volt.  K\u00e9sz\u00fclt az NKA t\u00e1mogat\u00e1s\u00e1val. www.nka.hu[:en]Djabe released Forward in 2014, an album made with together the Hungarian Symphony Orchestra Miskolc. Both the audience and critics hailed this release as the paramount Djabe experience. Album premiere was held at the B\u00e9la Bart\u00f3k Music Hall of M\u00fcpa Budapest, on 10th of November, 2015, with the complete album performed by the band and the HSOM, conducted by J\u00f3zsef Rem\u00e9nyi.  Sponsored by NKA www.nka.hu[:]","og_url":"https:\/\/gr1993records.com\/index.php\/product\/djabe-forward-live-mediabook-2cd2dvd\/","og_site_name":"GR1993 Records","article_publisher":"https:\/\/www.facebook.com\/GR1993Records-113564886691383\/","article_modified_time":"2026-03-31T10:14:10+00:00","og_image":[{"width":1000,"height":1000,"url":"https:\/\/gr1993records.com\/wp-content\/uploads\/2021\/01\/kiadvany_djabe_forward_live_mediabook_front1.jpg","type":"image\/jpeg"}],"twitter_card":"summary_large_image","twitter_misc":{"Becs\u00fclt olvas\u00e1si id\u0151":"5 perc"},"schema":{"@context":"https:\/\/schema.org","@graph":[{"@type":"WebPage","@id":"https:\/\/gr1993records.com\/index.php\/product\/djabe-forward-live-mediabook-2cd2dvd\/","url":"https:\/\/gr1993records.com\/index.php\/product\/djabe-forward-live-mediabook-2cd2dvd\/","name":"Djabe Forward Live Mediabook (2CD+2DVD) &#8211; GR1993 Records","isPartOf":{"@id":"https:\/\/gr1993records.com\/#website"},"primaryImageOfPage":{"@id":"https:\/\/gr1993records.com\/index.php\/product\/djabe-forward-live-mediabook-2cd2dvd\/#primaryimage"},"image":{"@id":"https:\/\/gr1993records.com\/index.php\/product\/djabe-forward-live-mediabook-2cd2dvd\/#primaryimage"},"thumbnailUrl":"https:\/\/gr1993records.com\/wp-content\/uploads\/2021\/01\/kiadvany_djabe_forward_live_mediabook_front1.jpg","datePublished":"2021-01-13T13:36:46+00:00","dateModified":"2026-03-31T10:14:10+00:00","breadcrumb":{"@id":"https:\/\/gr1993records.com\/index.php\/product\/djabe-forward-live-mediabook-2cd2dvd\/#breadcrumb"},"inLanguage":"hu","potentialAction":[{"@type":"ReadAction","target":["https:\/\/gr1993records.com\/index.php\/product\/djabe-forward-live-mediabook-2cd2dvd\/"]}]},{"@type":"ImageObject","inLanguage":"hu","@id":"https:\/\/gr1993records.com\/index.php\/product\/djabe-forward-live-mediabook-2cd2dvd\/#primaryimage","url":"https:\/\/gr1993records.com\/wp-content\/uploads\/2021\/01\/kiadvany_djabe_forward_live_mediabook_front1.jpg","contentUrl":"https:\/\/gr1993records.com\/wp-content\/uploads\/2021\/01\/kiadvany_djabe_forward_live_mediabook_front1.jpg","width":1000,"height":1000,"caption":"Djabe \u2013 Forward Live Mediabook (2CD+2DVD) cover"},{"@type":"BreadcrumbList","@id":"https:\/\/gr1993records.com\/index.php\/product\/djabe-forward-live-mediabook-2cd2dvd\/#breadcrumb","itemListElement":[{"@type":"ListItem","position":1,"name":"Home","item":"https:\/\/gr1993records.com\/"},{"@type":"ListItem","position":2,"name":"Kiadv\u00e1nyok","item":"https:\/\/gr1993records.com\/index.php\/shop\/"},{"@type":"ListItem","position":3,"name":"Djabe Forward Live Mediabook (2CD+2DVD)"}]},{"@type":"WebSite","@id":"https:\/\/gr1993records.com\/#website","url":"https:\/\/gr1993records.com\/","name":"GR1993 Records","description":"","publisher":{"@id":"https:\/\/gr1993records.com\/#organization"},"potentialAction":[{"@type":"SearchAction","target":{"@type":"EntryPoint","urlTemplate":"https:\/\/gr1993records.com\/?s={search_term_string}"},"query-input":{"@type":"PropertyValueSpecification","valueRequired":true,"valueName":"search_term_string"}}],"inLanguage":"hu"},{"@type":"Organization","@id":"https:\/\/gr1993records.com\/#organization","name":"Gramy-H Ltd.","url":"https:\/\/gr1993records.com\/","logo":{"@type":"ImageObject","inLanguage":"hu","@id":"https:\/\/gr1993records.com\/#\/schema\/logo\/image\/","url":"https:\/\/gr1993records.com\/wp-content\/uploads\/2019\/08\/GR1993_Records_logo_CC.png","contentUrl":"https:\/\/gr1993records.com\/wp-content\/uploads\/2019\/08\/GR1993_Records_logo_CC.png","width":2900,"height":2001,"caption":"Gramy-H Ltd."},"image":{"@id":"https:\/\/gr1993records.com\/#\/schema\/logo\/image\/"},"sameAs":["https:\/\/www.facebook.com\/GR1993Records-113564886691383\/"]}]}},"jetpack_sharing_enabled":true,"_links":{"self":[{"href":"https:\/\/gr1993records.com\/index.php\/wp-json\/wp\/v2\/product\/6126","targetHints":{"allow":["GET"]}}],"collection":[{"href":"https:\/\/gr1993records.com\/index.php\/wp-json\/wp\/v2\/product"}],"about":[{"href":"https:\/\/gr1993records.com\/index.php\/wp-json\/wp\/v2\/types\/product"}],"wp:featuredmedia":[{"embeddable":true,"href":"https:\/\/gr1993records.com\/index.php\/wp-json\/wp\/v2\/media\/6154"}],"wp:attachment":[{"href":"https:\/\/gr1993records.com\/index.php\/wp-json\/wp\/v2\/media?parent=6126"}],"wp:term":[{"taxonomy":"product_brand","embeddable":true,"href":"https:\/\/gr1993records.com\/index.php\/wp-json\/wp\/v2\/product_brand?post=6126"},{"taxonomy":"product_cat","embeddable":true,"href":"https:\/\/gr1993records.com\/index.php\/wp-json\/wp\/v2\/product_cat?post=6126"},{"taxonomy":"product_tag","embeddable":true,"href":"https:\/\/gr1993records.com\/index.php\/wp-json\/wp\/v2\/product_tag?post=6126"}],"curies":[{"name":"wp","href":"https:\/\/api.w.org\/{rel}","templated":true}]}}