{"id":6053,"date":"2020-10-29T13:56:58","date_gmt":"2020-10-29T13:56:58","guid":{"rendered":"https:\/\/gr1993records.com\/?post_type=product&#038;p=6053"},"modified":"2026-03-31T11:49:47","modified_gmt":"2026-03-31T09:49:47","slug":"android-svejkfigurak-cd","status":"publish","type":"product","link":"https:\/\/gr1993records.com\/product\/android-svejkfigurak-cd\/","title":{"rendered":"Android <\/br>Svejkfigur\u00e1k <\/br>(CD)"},"content":{"rendered":"<p>[vc_row][vc_column][vc_column_text]<strong>R\u00e9szletek a zenekar vezet\u0151j\u00e9nek, T\u0151zs\u00e9r J\u00f3zsefnek a visszaeml\u00e9kez\u00e9s\u00e9b\u0151l<\/strong><\/p>\n<p>\u201eAz Android p\u00e1ly\u00e1j\u00e1nak kezdet\u00e9n a zenekar rendszeres vend\u00e9gfell\u00e9p\u0151je volt S\u00e1ri Zsuzsa, aki konfer\u00e1lt \u00e9s sz\u00f6vegr\u00e9szleteket olvasott fel. \u0150 hozott \u00f6ssze benn\u00fcnket 1981-ben Magi Istv\u00e1nnal, t\u0151le kaptuk a Jaroslav Hasek: \u201eSvejk a der\u00e9k katona\u201d c\u00edm\u0171 reg\u00e9nye alapj\u00e1n k\u00e9sz\u00fclt forgat\u00f3k\u00f6nyvet, \u00e9s elkezd\u0151d\u00f6tt a zeneszerz\u0151i-sz\u00f6veg\u00edr\u00f3i munka. Az els\u0151 el\u0151ad\u00e1s \u201eV\u00e1ltozatok a Svejk mot\u00edvumaira\u201c c\u00edmmel, 1982 \u00e1prilis 19-\u00e9n volt a KLTE Kossuth Klubban, majd a zen\u00e9s j\u00e1t\u00e9k m\u00e1sodik bemutat\u00f3ja a KLTE 1982. november 21-ei\u00a0 g\u00f3lyab\u00e1lj\u00e1n k\u00f6vette az Aud Max-ban (ekkor a zenekar fel\u00e1ll\u00e1sa: Dud\u00e1s J\u00e1nos, git\u00e1r, \u00e9nek; Pataji G\u00e9za dobok; Sz\u00e9kelyhidi L\u00e1szl\u00f3, basszusgit\u00e1r, \u00e9nek; T\u0151zs\u00e9r J\u00f3zsef, billenty\u0171s hangszerek, \u00e9nek). A darabban az irodalmi sz\u00ednpad \u00e9s a zenekar tagjai is szerepeltek, egy-egy figur\u00e1t megszem\u00e9lyes\u00edtve.<\/p>\n<p>Az ANDROID 2010-ben nagyszab\u00e1s\u00fa dupla koncerttel \u00fcnnepelte megalakul\u00e1s\u00e1nak harmincadik \u00e9vfordul\u00f3j\u00e1t, a sz\u00e1mos kor\u00e1bbi sikeres koncertnek helyet ad\u00f3 Debreceni Egyetemi Aud. Max. el\u0151ad\u00f3teremben. Ennek el\u0151k\u00e9sz\u00edt\u00e9se sor\u00e1n ker\u00fclt\u00fcnk kapcsolatba Vranyecz Art\u00far sz\u00ednm\u0171v\u00e9sszel (Csokonai sz\u00ednh\u00e1z), aki el\u00e9v\u00fclhetetlen \u00e9rdemeket szerzett az anyag fel\u00e9leszt\u00e9s\u00e9ben. 2014-ben Budapesten a SYMA csarnokban is j\u00e1tszottunk ebb\u0151l a v\u00e1ltozatb\u00f3l egy kb. 25 perces r\u00e9szletet. Az el\u0151ad\u00e1s nagy siker\u00e9re val\u00f3 tekintettel felk\u00e9r\u00e9st kaptunk, hogy a k\u00f6vetkez\u0151 \u00e9vre a teljes darabot \u00e1ll\u00edtsuk sz\u00ednpadra. Art\u00far \u00f6tlete volt, hogy meg kellene keresn\u00fcnk T\u00f3th Zolt\u00e1n (1961-2018) sz\u00ednm\u0171v\u00e9szt, aki kor\u00e1bban nagy sikerrel j\u00e1tszotta Svejk-et a Csokonai sz\u00ednh\u00e1zban, \u00e9s \u00e9vek \u00f3ta j\u00e1rta az orsz\u00e1got egy egyszem\u00e9lyes Svejk m\u0171sorral. \u00cdgy az \u0151 anyaga \u00e9s az Art\u00far f\u00e9le forgat\u00f3k\u00f6nyv \u00f6sszegy\u00far\u00e1s\u00e1b\u00f3l alakult ki az a v\u00e1ltozat, melyet 2015. m\u00e1jus 17-\u00e9n \u201eSvejkfigur\u00e1k zene\/j\u00e1t\u00e9k\u201d c\u00edmmel el\u0151adtunk a SYMA csarnokban.<\/p>\n<p>Ezt k\u00f6vette az egy\u00fcttes 35. Sz\u00fclet\u00e9snapi koncertjei egyik\u00e9n (2015. december 6.) az \u00fajabb el\u0151ad\u00e1s a debreceni V\u00edztoronyban, Vranyecz Art\u00far (Katz) \u00e9s T\u00f6r\u0151 Ildik\u00f3 (M\u00fcllern\u00e9) k\u00f6zrem\u0171k\u00f6d\u00e9s\u00e9vel. Ugyanez a produkci\u00f3 szerepelt 2016 nyar\u00e1n a debreceni Campus fesztiv\u00e1lon. 2018 december\u00e9ben T\u00f3th Zolt\u00e1n eml\u00e9k\u00e9re j\u00f3t\u00e9konys\u00e1gi koncerten ism\u00e9t el\u0151adtuk a darabot, ez\u00fattal video r\u00e9szletekkel id\u00e9zt\u00fck fel a sz\u00f6veges bet\u00e9teket. A teljes zenei anyag n\u00e9h\u00e1ny \u00fajra felj\u00e1tszott sz\u00e1mmal, \u00e9nekkel \u00e9s az epil\u00f3gussal 2020-ban nyerte el v\u00e9gleges form\u00e1j\u00e1t.\u201d[\/vc_column_text][vc_separator][vc_column_text]<strong>K\u00f6zrem\u0171k\u00f6d\u0151 el\u0151ad\u00f3k<\/strong><br \/>\nT\u0151zs\u00e9r J\u00f3zsef \u2013 billenty\u0171s hangszerek, vok\u00f3der<br \/>\nL\u00e9tm\u00e1nyi Istv\u00e1n \u2013 git\u00e1r, \u00e9nek<br \/>\nNikolin Zolt\u00e1n \u2013 basszusgit\u00e1r, \u00e9nek<br \/>\nDud\u00e1s J\u00e1nos \u2013 git\u00e1r<br \/>\nMez\u0151 Orb\u00e1n \u2013 dob, \u00fct\u0151hangszerek[\/vc_column_text][\/vc_column][\/vc_row]<\/p>","protected":false},"excerpt":{"rendered":"<p>Az Android az East Of Eden Revisited kiadv\u00e1nysorozat ut\u00e1n egy m\u00e1sik r\u00e9gebbi produkci\u00f3j\u00e1t jelenteti meg. A Svejkfigur\u00e1k felv\u00e9telei, a napjaink biztos\u00edtotta korszer\u0171 hangszerel\u00e9si \u00e9s technikai lehet\u0151s\u00e9gek kihaszn\u00e1l\u00e1s\u00e1val, 2020-ban az UNIDEB st\u00fadi\u00f3ban k\u00e9sz\u00fcltek. Felv\u00e9tel\u00a0 \u00e9s kever\u00e9s Dud\u00e1s J\u00e1nos. A maszteringet Barab\u00e1s Tam\u00e1s k\u00e9sz\u00edtette.<\/p>\n","protected":false},"featured_media":6055,"template":"","meta":[],"product_brand":[],"product_cat":[92],"product_tag":[],"class_list":{"0":"post-6053","1":"product","2":"type-product","3":"status-publish","4":"has-post-thumbnail","6":"product_cat-cd","7":"yith_product_brand-android","8":"col-12 col-sm-6 col-md-4","10":"first","11":"instock","12":"shipping-taxable","13":"purchasable","14":"product-type-simple"},"yoast_head":"<!-- This site is optimized with the Yoast SEO plugin v27.5 - https:\/\/yoast.com\/product\/yoast-seo-wordpress\/ -->\n<title>Android Svejkfigur\u00e1k (CD) &#8211; GR1993 Records<\/title>\n<meta name=\"robots\" content=\"index, follow, max-snippet:-1, max-image-preview:large, max-video-preview:-1\" \/>\n<link rel=\"canonical\" href=\"https:\/\/gr1993records.com\/product\/android-svejkfigurak-cd\/\" \/>\n<meta property=\"og:locale\" content=\"hu_HU\" \/>\n<meta property=\"og:type\" content=\"article\" \/>\n<meta property=\"og:title\" content=\"Android Svejkfigur\u00e1k (CD) &#8211; GR1993 Records\" \/>\n<meta property=\"og:description\" content=\"[:hu]Az Android az East Of Eden Revisited kiadv\u00e1nysorozat ut\u00e1n egy m\u00e1sik r\u00e9gebbi produkci\u00f3j\u00e1t jelenteti meg. A Svejkfigur\u00e1k felv\u00e9telei, a napjaink biztos\u00edtotta korszer\u0171 hangszerel\u00e9si \u00e9s technikai lehet\u0151s\u00e9gek kihaszn\u00e1l\u00e1s\u00e1val, 2020-ban az UNIDEB st\u00fadi\u00f3ban k\u00e9sz\u00fcltek. Felv\u00e9tel\u00a0 \u00e9s kever\u00e9s Dud\u00e1s J\u00e1nos. A maszteringet Barab\u00e1s Tam\u00e1s k\u00e9sz\u00edtette.[:en]Android releases another older production, after the East Of Eden Revisited series. The recordings of Svejkfigur\u00e1k (Figurines of Svejk) were made in 2020 in the UNIDEB studio, taking advantage of the modern instrumentation and technical possibilities of today\u2019s. Recording and mixing by J\u00e1nos Dud\u00e1s. Mastering by Tam\u00e1s Barab\u00e1s.[:]\" \/>\n<meta property=\"og:url\" content=\"https:\/\/gr1993records.com\/product\/android-svejkfigurak-cd\/\" \/>\n<meta property=\"og:site_name\" content=\"GR1993 Records\" \/>\n<meta property=\"article:publisher\" content=\"https:\/\/www.facebook.com\/GR1993Records-113564886691383\/\" \/>\n<meta property=\"article:modified_time\" content=\"2026-03-31T09:49:47+00:00\" \/>\n<meta property=\"og:image\" content=\"https:\/\/gr1993records.com\/wp-content\/uploads\/2020\/10\/kiadvany_android_svejk_cd_front.jpg\" \/>\n\t<meta property=\"og:image:width\" content=\"1000\" \/>\n\t<meta property=\"og:image:height\" content=\"1000\" \/>\n\t<meta property=\"og:image:type\" content=\"image\/jpeg\" \/>\n<meta name=\"twitter:card\" content=\"summary_large_image\" \/>\n<meta name=\"twitter:label1\" content=\"Becs\u00fclt olvas\u00e1si id\u0151\" \/>\n\t<meta name=\"twitter:data1\" content=\"5 perc\" \/>\n<script type=\"application\/ld+json\" class=\"yoast-schema-graph\">{\"@context\":\"https:\\\/\\\/schema.org\",\"@graph\":[{\"@type\":\"WebPage\",\"@id\":\"https:\\\/\\\/gr1993records.com\\\/product\\\/android-svejkfigurak-cd\\\/\",\"url\":\"https:\\\/\\\/gr1993records.com\\\/product\\\/android-svejkfigurak-cd\\\/\",\"name\":\"Android Svejkfigur\u00e1k (CD) &#8211; GR1993 Records\",\"isPartOf\":{\"@id\":\"https:\\\/\\\/gr1993records.com\\\/#website\"},\"primaryImageOfPage\":{\"@id\":\"https:\\\/\\\/gr1993records.com\\\/product\\\/android-svejkfigurak-cd\\\/#primaryimage\"},\"image\":{\"@id\":\"https:\\\/\\\/gr1993records.com\\\/product\\\/android-svejkfigurak-cd\\\/#primaryimage\"},\"thumbnailUrl\":\"https:\\\/\\\/gr1993records.com\\\/wp-content\\\/uploads\\\/2020\\\/10\\\/kiadvany_android_svejk_cd_front.jpg\",\"datePublished\":\"2020-10-29T13:56:58+00:00\",\"dateModified\":\"2026-03-31T09:49:47+00:00\",\"breadcrumb\":{\"@id\":\"https:\\\/\\\/gr1993records.com\\\/product\\\/android-svejkfigurak-cd\\\/#breadcrumb\"},\"inLanguage\":\"hu\",\"potentialAction\":[{\"@type\":\"ReadAction\",\"target\":[\"https:\\\/\\\/gr1993records.com\\\/product\\\/android-svejkfigurak-cd\\\/\"]}]},{\"@type\":\"ImageObject\",\"inLanguage\":\"hu\",\"@id\":\"https:\\\/\\\/gr1993records.com\\\/product\\\/android-svejkfigurak-cd\\\/#primaryimage\",\"url\":\"https:\\\/\\\/gr1993records.com\\\/wp-content\\\/uploads\\\/2020\\\/10\\\/kiadvany_android_svejk_cd_front.jpg\",\"contentUrl\":\"https:\\\/\\\/gr1993records.com\\\/wp-content\\\/uploads\\\/2020\\\/10\\\/kiadvany_android_svejk_cd_front.jpg\",\"width\":1000,\"height\":1000,\"caption\":\"Android \u2013 Svejkfigurak (CD) cover\"},{\"@type\":\"BreadcrumbList\",\"@id\":\"https:\\\/\\\/gr1993records.com\\\/product\\\/android-svejkfigurak-cd\\\/#breadcrumb\",\"itemListElement\":[{\"@type\":\"ListItem\",\"position\":1,\"name\":\"Home\",\"item\":\"https:\\\/\\\/gr1993records.com\\\/?lang=en\"},{\"@type\":\"ListItem\",\"position\":2,\"name\":\"Releases\",\"item\":\"https:\\\/\\\/gr1993records.com\\\/shop\\\/?lang=en\"},{\"@type\":\"ListItem\",\"position\":3,\"name\":\"Android Svejkfigur\u00e1k (CD)\"}]},{\"@type\":\"WebSite\",\"@id\":\"https:\\\/\\\/gr1993records.com\\\/#website\",\"url\":\"https:\\\/\\\/gr1993records.com\\\/\",\"name\":\"GR1993 Records\",\"description\":\"\",\"publisher\":{\"@id\":\"https:\\\/\\\/gr1993records.com\\\/#organization\"},\"potentialAction\":[{\"@type\":\"SearchAction\",\"target\":{\"@type\":\"EntryPoint\",\"urlTemplate\":\"https:\\\/\\\/gr1993records.com\\\/?s={search_term_string}\"},\"query-input\":{\"@type\":\"PropertyValueSpecification\",\"valueRequired\":true,\"valueName\":\"search_term_string\"}}],\"inLanguage\":\"hu\"},{\"@type\":\"Organization\",\"@id\":\"https:\\\/\\\/gr1993records.com\\\/#organization\",\"name\":\"Gramy-H Ltd.\",\"url\":\"https:\\\/\\\/gr1993records.com\\\/\",\"logo\":{\"@type\":\"ImageObject\",\"inLanguage\":\"hu\",\"@id\":\"https:\\\/\\\/gr1993records.com\\\/#\\\/schema\\\/logo\\\/image\\\/\",\"url\":\"https:\\\/\\\/gr1993records.com\\\/wp-content\\\/uploads\\\/2019\\\/08\\\/GR1993_Records_logo_CC.png\",\"contentUrl\":\"https:\\\/\\\/gr1993records.com\\\/wp-content\\\/uploads\\\/2019\\\/08\\\/GR1993_Records_logo_CC.png\",\"width\":2900,\"height\":2001,\"caption\":\"Gramy-H Ltd.\"},\"image\":{\"@id\":\"https:\\\/\\\/gr1993records.com\\\/#\\\/schema\\\/logo\\\/image\\\/\"},\"sameAs\":[\"https:\\\/\\\/www.facebook.com\\\/GR1993Records-113564886691383\\\/\"]}]}<\/script>\n<!-- \/ Yoast SEO plugin. -->","yoast_head_json":{"title":"Android Svejkfigur\u00e1k (CD) &#8211; GR1993 Records","robots":{"index":"index","follow":"follow","max-snippet":"max-snippet:-1","max-image-preview":"max-image-preview:large","max-video-preview":"max-video-preview:-1"},"canonical":"https:\/\/gr1993records.com\/product\/android-svejkfigurak-cd\/","og_locale":"hu_HU","og_type":"article","og_title":"Android Svejkfigur\u00e1k (CD) &#8211; GR1993 Records","og_description":"[:hu]Az Android az East Of Eden Revisited kiadv\u00e1nysorozat ut\u00e1n egy m\u00e1sik r\u00e9gebbi produkci\u00f3j\u00e1t jelenteti meg. A Svejkfigur\u00e1k felv\u00e9telei, a napjaink biztos\u00edtotta korszer\u0171 hangszerel\u00e9si \u00e9s technikai lehet\u0151s\u00e9gek kihaszn\u00e1l\u00e1s\u00e1val, 2020-ban az UNIDEB st\u00fadi\u00f3ban k\u00e9sz\u00fcltek. Felv\u00e9tel\u00a0 \u00e9s kever\u00e9s Dud\u00e1s J\u00e1nos. A maszteringet Barab\u00e1s Tam\u00e1s k\u00e9sz\u00edtette.[:en]Android releases another older production, after the East Of Eden Revisited series. The recordings of Svejkfigur\u00e1k (Figurines of Svejk) were made in 2020 in the UNIDEB studio, taking advantage of the modern instrumentation and technical possibilities of today\u2019s. Recording and mixing by J\u00e1nos Dud\u00e1s. Mastering by Tam\u00e1s Barab\u00e1s.[:]","og_url":"https:\/\/gr1993records.com\/product\/android-svejkfigurak-cd\/","og_site_name":"GR1993 Records","article_publisher":"https:\/\/www.facebook.com\/GR1993Records-113564886691383\/","article_modified_time":"2026-03-31T09:49:47+00:00","og_image":[{"width":1000,"height":1000,"url":"https:\/\/gr1993records.com\/wp-content\/uploads\/2020\/10\/kiadvany_android_svejk_cd_front.jpg","type":"image\/jpeg"}],"twitter_card":"summary_large_image","twitter_misc":{"Becs\u00fclt olvas\u00e1si id\u0151":"5 perc"},"schema":{"@context":"https:\/\/schema.org","@graph":[{"@type":"WebPage","@id":"https:\/\/gr1993records.com\/product\/android-svejkfigurak-cd\/","url":"https:\/\/gr1993records.com\/product\/android-svejkfigurak-cd\/","name":"Android Svejkfigur\u00e1k (CD) &#8211; GR1993 Records","isPartOf":{"@id":"https:\/\/gr1993records.com\/#website"},"primaryImageOfPage":{"@id":"https:\/\/gr1993records.com\/product\/android-svejkfigurak-cd\/#primaryimage"},"image":{"@id":"https:\/\/gr1993records.com\/product\/android-svejkfigurak-cd\/#primaryimage"},"thumbnailUrl":"https:\/\/gr1993records.com\/wp-content\/uploads\/2020\/10\/kiadvany_android_svejk_cd_front.jpg","datePublished":"2020-10-29T13:56:58+00:00","dateModified":"2026-03-31T09:49:47+00:00","breadcrumb":{"@id":"https:\/\/gr1993records.com\/product\/android-svejkfigurak-cd\/#breadcrumb"},"inLanguage":"hu","potentialAction":[{"@type":"ReadAction","target":["https:\/\/gr1993records.com\/product\/android-svejkfigurak-cd\/"]}]},{"@type":"ImageObject","inLanguage":"hu","@id":"https:\/\/gr1993records.com\/product\/android-svejkfigurak-cd\/#primaryimage","url":"https:\/\/gr1993records.com\/wp-content\/uploads\/2020\/10\/kiadvany_android_svejk_cd_front.jpg","contentUrl":"https:\/\/gr1993records.com\/wp-content\/uploads\/2020\/10\/kiadvany_android_svejk_cd_front.jpg","width":1000,"height":1000,"caption":"Android \u2013 Svejkfigurak (CD) cover"},{"@type":"BreadcrumbList","@id":"https:\/\/gr1993records.com\/product\/android-svejkfigurak-cd\/#breadcrumb","itemListElement":[{"@type":"ListItem","position":1,"name":"Home","item":"https:\/\/gr1993records.com\/?lang=en"},{"@type":"ListItem","position":2,"name":"Releases","item":"https:\/\/gr1993records.com\/shop\/?lang=en"},{"@type":"ListItem","position":3,"name":"Android Svejkfigur\u00e1k (CD)"}]},{"@type":"WebSite","@id":"https:\/\/gr1993records.com\/#website","url":"https:\/\/gr1993records.com\/","name":"GR1993 Records","description":"","publisher":{"@id":"https:\/\/gr1993records.com\/#organization"},"potentialAction":[{"@type":"SearchAction","target":{"@type":"EntryPoint","urlTemplate":"https:\/\/gr1993records.com\/?s={search_term_string}"},"query-input":{"@type":"PropertyValueSpecification","valueRequired":true,"valueName":"search_term_string"}}],"inLanguage":"hu"},{"@type":"Organization","@id":"https:\/\/gr1993records.com\/#organization","name":"Gramy-H Ltd.","url":"https:\/\/gr1993records.com\/","logo":{"@type":"ImageObject","inLanguage":"hu","@id":"https:\/\/gr1993records.com\/#\/schema\/logo\/image\/","url":"https:\/\/gr1993records.com\/wp-content\/uploads\/2019\/08\/GR1993_Records_logo_CC.png","contentUrl":"https:\/\/gr1993records.com\/wp-content\/uploads\/2019\/08\/GR1993_Records_logo_CC.png","width":2900,"height":2001,"caption":"Gramy-H Ltd."},"image":{"@id":"https:\/\/gr1993records.com\/#\/schema\/logo\/image\/"},"sameAs":["https:\/\/www.facebook.com\/GR1993Records-113564886691383\/"]}]}},"jetpack_sharing_enabled":true,"_links":{"self":[{"href":"https:\/\/gr1993records.com\/wp-json\/wp\/v2\/product\/6053","targetHints":{"allow":["GET"]}}],"collection":[{"href":"https:\/\/gr1993records.com\/wp-json\/wp\/v2\/product"}],"about":[{"href":"https:\/\/gr1993records.com\/wp-json\/wp\/v2\/types\/product"}],"wp:featuredmedia":[{"embeddable":true,"href":"https:\/\/gr1993records.com\/wp-json\/wp\/v2\/media\/6055"}],"wp:attachment":[{"href":"https:\/\/gr1993records.com\/wp-json\/wp\/v2\/media?parent=6053"}],"wp:term":[{"taxonomy":"product_brand","embeddable":true,"href":"https:\/\/gr1993records.com\/wp-json\/wp\/v2\/product_brand?post=6053"},{"taxonomy":"product_cat","embeddable":true,"href":"https:\/\/gr1993records.com\/wp-json\/wp\/v2\/product_cat?post=6053"},{"taxonomy":"product_tag","embeddable":true,"href":"https:\/\/gr1993records.com\/wp-json\/wp\/v2\/product_tag?post=6053"}],"curies":[{"name":"wp","href":"https:\/\/api.w.org\/{rel}","templated":true}]}}