{"id":6013,"date":"2020-10-06T12:07:38","date_gmt":"2020-10-06T12:07:38","guid":{"rendered":"https:\/\/gr1993records.com\/?post_type=product&#038;p=6013"},"modified":"2026-03-31T11:50:29","modified_gmt":"2026-03-31T09:50:29","slug":"android-east-of-eden-revisited-dvd","status":"publish","type":"product","link":"https:\/\/gr1993records.com\/index.php\/product\/android-east-of-eden-revisited-dvd\/","title":{"rendered":"Android <\/br>East Of Eden Revisited <\/br>(DVD)"},"content":{"rendered":"<p>[vc_row][vc_column][vc_column_text]Az Android 1980-ban, Debrecenben alap\u00edtott progressz\u00edv zenekar. Olyan debreceni egy\u00fcttesekkel eml\u00edthetj\u00fck egy\u00fctt, mint a Color, a Panta Rhei vagy a Lux. Az Android folyamatosan koncertezik napjainkban is. Zen\u00e9j\u00fck egyedi, progressz\u00edv rockot kombin\u00e1lnak new age, jazz \u00e9s folk elemekkel.[\/vc_column_text][vc_separator][vc_column_text]Az Android zenekar 25 \u00e9ves m\u00faltra visszatekint\u0151 East Of Eden c\u00edmet visel\u0151, instrument\u00e1lis remekm\u0171ve a magyar progressz\u00edv zenei m\u0171faj egyik legjelent\u0151sebb darabja.<\/p>\n<p>A zenekar zeneszerz\u0151je, T\u0151zs\u00e9r J\u00f3zsef t\u00f6bb mint 25 \u00e9vvel ezel\u0151tt kompon\u00e1lta. El\u0151sz\u00f6r Dud\u00e1s J\u00e1nos git\u00e1rossal vett\u00e9k fel \u00e9s kazett\u00e1n adt\u00e1k ki 1995-ben. 2009-ben jelent meg CD-n, ez\u00fattal m\u00e1r a teljes Android zenekar k\u00f6zrem\u0171k\u00f6d\u00f6tt rajta. A zenekar 2008 \u00f3ta folyamatosan j\u00e1tssza a m\u0171vet, mely term\u00e9szetesen fejl\u0151dik, T\u0151zs\u00e9r J\u00f3zsef \u00fajabb r\u00e9szeket \u00edrt hozz\u00e1 az elm\u00falt \u00e9vekben.<\/p>\n<p>2019-ben a Gramy-H Kft Quality Vinyl Projects kiad\u00f3j\u00e1nak gondoz\u00e1s\u00e1ban jelent meg az East Of Eden Revisited vinyl album, mely a zeneanyag 5 legfontosabb darabj\u00e1t tartalmazza.<\/p>\n<p>Az Android a teljes zeneanyagot \u00fajra felvette, \u00edgy lett a c\u00edme East Of Eden Revisited.<\/p>\n<p>A zenekar a kiv\u00e1l\u00f3 min\u0151s\u00e9gre szakosodott kiad\u00f3 \u00fatmutat\u00e1sait k\u00f6vetve r\u00f6gz\u00edtette t\u00f6k\u00e9letes hangmin\u0151s\u00e9gben az albumot, melyet azt\u00e1n Barab\u00e1s Tam\u00e1s, a QVP nemzetk\u00f6zileg is elismert hangm\u00e9rn\u00f6ke, kevert ki \u00e9s k\u00e9sz\u00edtett masztert az audiofil kiad\u00e1shoz. Az \u00fajraj\u00e1tszott East Of Eden szvit azonban nem csak a hangmin\u0151s\u00e9g miatt ker\u00fclt magasabb szintre, hanem a zenekar a darabokat \u00fajrahangszerelte, be\u00e9p\u00edtve a t\u00f6bb mint 10 \u00e9ves folyamatos j\u00e1tsz\u00e1s sor\u00e1n ki\u00e9rlel\u0151d\u00f6tt fejl\u0151d\u00e9st.<\/p>\n<p>2019. \u0151sz\u00e9n CD-n is kiad\u00e1sra ker\u00fclt a kiad\u00f3 gondoz\u00e1s\u00e1ban az album. Ezen a vinyl v\u00e1ltozat 5 kompoz\u00edci\u00f3ja mellett az eredeti East Of Eden teljes anyaga, azaz mind a 7 kompoz\u00edci\u00f3 helyet kapott.<\/p>\n<p>Azt gondolhatn\u00e1nk, hogy ezzel teljess\u00e9 v\u00e1lt az Android \u2013 East Of Eden Revisited projektje, de kor\u00e1nt sincs err\u0151l sz\u00f3. A zenekar elhat\u00e1rozta, hogy az albumot el\u00e9rhet\u0151v\u00e9 teszik nagyfelbont\u00e1s\u00fa audi\u00f3 form\u00e1tumban, sztere\u00f3 \u00e9s surround hangz\u00e1sban egyar\u00e1nt. 24 bit \/96 kHz sztere\u00f3 wav, 24 bit \/ 96 kHz 5.1 DTS \u00e9s Dolby Digital 5.1 hangs\u00e1vokat is tal\u00e1lunk a lemezen.<\/p>\n<p>T\u0151zs\u00e9r J\u00f3zsef 2 \u00faj szerzem\u00e9nyt is kompon\u00e1lt a DVD v\u00e1ltozatra, ezzel 9-re emelve az East Of Eden Revisited darabjainak sz\u00e1m\u00e1t. A felv\u00e9telek ism\u00e9t a megfelel\u0151 gondoss\u00e1ggal k\u00e9sz\u00fcltek, Barab\u00e1s Tam\u00e1s pedig elk\u00e9sz\u00edtette a nagyfelbont\u00e1s\u00fa sztere\u00f3 \u00e9s surround kever\u00e9seket is, a Gramy Recording St\u00fadi\u00f3 nemzetk\u00f6zileg is elismert m\u0171hely\u00e9ben.<\/p>\n<p>Az audio trackek mellett video extr\u00e1k is tal\u00e1lhat\u00f3k a lemezen. \u00d6sszesen 6 kompoz\u00edci\u00f3hoz k\u00e9sz\u00fcltek vide\u00f3 klipek, melyekhez szint\u00e9n sztere\u00f3 \u00e9s 5.1-es hang is tartozik. A vide\u00f3 extr\u00e1k mellett egy audi\u00f3 extra is meghallgathat\u00f3 a kib\u0151v\u00edtett kiad\u00e1sban. 2011-ben szimfonikus zenekarral is felvett\u00e9k a XVIth Century Hungary kompoz\u00edci\u00f3t, melyhez 2020-ban k\u00e9sz\u00edtett extra hangs\u00e1vokat T\u0151zs\u00e9r, Mez\u0151 \u00e9s Dud\u00e1s.[\/vc_column_text][vc_separator][vc_column_text]<strong>K\u00f6zrem\u0171k\u00f6d\u0151 el\u0151ad\u00f3k<br \/>\n<\/strong>T\u0151zs\u00e9r J\u00f3zsef \u2013 billenty\u0171s hangszerek<br \/>\nL\u00e9tm\u00e1nyi Istv\u00e1n \u2013 git\u00e1r<br \/>\nNikolin Zolt\u00e1n \u2013 basszusgit\u00e1r<br \/>\nDud\u00e1s J\u00e1nos \u2013 git\u00e1r<br \/>\nMez\u0151 Orb\u00e1n \u2013 dob<br \/>\nAranyheged\u0171 Symphonic Orchestra K\u00f6rmendi P\u00e9ter vez\u00e9nyl\u00e9s\u00e9vel (XVIth Century of Hungary Symphonic Version)[\/vc_column_text][\/vc_column][\/vc_row]<\/p>","protected":false},"excerpt":{"rendered":"<p><strong>High Definition Surround Sound DVD<\/strong><\/p>\n<p><strong>Megjelen\u00e9s:<\/strong> 2020. okt\u00f3ber 22.<\/p>\n","protected":false},"featured_media":6015,"template":"","meta":[],"product_brand":[],"product_cat":[93],"product_tag":[],"class_list":{"0":"post-6013","1":"product","2":"type-product","3":"status-publish","4":"has-post-thumbnail","6":"product_cat-dvd","7":"yith_product_brand-android","8":"col-12 col-sm-6 col-md-4","10":"first","11":"instock","12":"sale","13":"shipping-taxable","14":"purchasable","15":"product-type-simple"},"yoast_head":"<!-- This site is optimized with the Yoast SEO plugin v27.2 - https:\/\/yoast.com\/product\/yoast-seo-wordpress\/ -->\n<title>Android East Of Eden Revisited (DVD) &#8211; GR1993 Records<\/title>\n<meta name=\"robots\" content=\"index, follow, max-snippet:-1, max-image-preview:large, max-video-preview:-1\" \/>\n<link rel=\"canonical\" href=\"https:\/\/gr1993records.com\/index.php\/product\/android-east-of-eden-revisited-dvd\/\" \/>\n<meta property=\"og:locale\" content=\"hu_HU\" \/>\n<meta property=\"og:type\" content=\"article\" \/>\n<meta property=\"og:title\" content=\"Android East Of Eden Revisited (DVD) &#8211; GR1993 Records\" \/>\n<meta property=\"og:description\" content=\"[:hu]High Definition Surround Sound DVD  Megjelen\u00e9s: 2020. okt\u00f3ber 22.[:en]High Definition Surround Sound DVD  Released: 22 October 2020.[:]\" \/>\n<meta property=\"og:url\" content=\"https:\/\/gr1993records.com\/index.php\/product\/android-east-of-eden-revisited-dvd\/\" \/>\n<meta property=\"og:site_name\" content=\"GR1993 Records\" \/>\n<meta property=\"article:publisher\" content=\"https:\/\/www.facebook.com\/GR1993Records-113564886691383\/\" \/>\n<meta property=\"article:modified_time\" content=\"2026-03-31T09:50:29+00:00\" \/>\n<meta property=\"og:image\" content=\"https:\/\/gr1993records.com\/wp-content\/uploads\/2020\/10\/kiadvany_android_EOER_DVD_front.jpg\" \/>\n\t<meta property=\"og:image:width\" content=\"1000\" \/>\n\t<meta property=\"og:image:height\" content=\"1000\" \/>\n\t<meta property=\"og:image:type\" content=\"image\/jpeg\" \/>\n<meta name=\"twitter:card\" content=\"summary_large_image\" \/>\n<meta name=\"twitter:label1\" content=\"Becs\u00fclt olvas\u00e1si id\u0151\" \/>\n\t<meta name=\"twitter:data1\" content=\"6 perc\" \/>\n<script type=\"application\/ld+json\" class=\"yoast-schema-graph\">{\"@context\":\"https:\/\/schema.org\",\"@graph\":[{\"@type\":\"WebPage\",\"@id\":\"https:\/\/gr1993records.com\/index.php\/product\/android-east-of-eden-revisited-dvd\/\",\"url\":\"https:\/\/gr1993records.com\/index.php\/product\/android-east-of-eden-revisited-dvd\/\",\"name\":\"Android East Of Eden Revisited (DVD) &#8211; GR1993 Records\",\"isPartOf\":{\"@id\":\"https:\/\/gr1993records.com\/#website\"},\"primaryImageOfPage\":{\"@id\":\"https:\/\/gr1993records.com\/index.php\/product\/android-east-of-eden-revisited-dvd\/#primaryimage\"},\"image\":{\"@id\":\"https:\/\/gr1993records.com\/index.php\/product\/android-east-of-eden-revisited-dvd\/#primaryimage\"},\"thumbnailUrl\":\"https:\/\/gr1993records.com\/wp-content\/uploads\/2020\/10\/kiadvany_android_EOER_DVD_front.jpg\",\"datePublished\":\"2020-10-06T12:07:38+00:00\",\"dateModified\":\"2026-03-31T09:50:29+00:00\",\"breadcrumb\":{\"@id\":\"https:\/\/gr1993records.com\/index.php\/product\/android-east-of-eden-revisited-dvd\/#breadcrumb\"},\"inLanguage\":\"hu\",\"potentialAction\":[{\"@type\":\"ReadAction\",\"target\":[\"https:\/\/gr1993records.com\/index.php\/product\/android-east-of-eden-revisited-dvd\/\"]}]},{\"@type\":\"ImageObject\",\"inLanguage\":\"hu\",\"@id\":\"https:\/\/gr1993records.com\/index.php\/product\/android-east-of-eden-revisited-dvd\/#primaryimage\",\"url\":\"https:\/\/gr1993records.com\/wp-content\/uploads\/2020\/10\/kiadvany_android_EOER_DVD_front.jpg\",\"contentUrl\":\"https:\/\/gr1993records.com\/wp-content\/uploads\/2020\/10\/kiadvany_android_EOER_DVD_front.jpg\",\"width\":1000,\"height\":1000,\"caption\":\"Android \u2013 East Of Eden Revisited (DVD) cover\"},{\"@type\":\"BreadcrumbList\",\"@id\":\"https:\/\/gr1993records.com\/index.php\/product\/android-east-of-eden-revisited-dvd\/#breadcrumb\",\"itemListElement\":[{\"@type\":\"ListItem\",\"position\":1,\"name\":\"Home\",\"item\":\"https:\/\/gr1993records.com\/\"},{\"@type\":\"ListItem\",\"position\":2,\"name\":\"Kiadv\u00e1nyok\",\"item\":\"https:\/\/gr1993records.com\/index.php\/shop\/\"},{\"@type\":\"ListItem\",\"position\":3,\"name\":\"Android East Of Eden Revisited (DVD)\"}]},{\"@type\":\"WebSite\",\"@id\":\"https:\/\/gr1993records.com\/#website\",\"url\":\"https:\/\/gr1993records.com\/\",\"name\":\"GR1993 Records\",\"description\":\"\",\"publisher\":{\"@id\":\"https:\/\/gr1993records.com\/#organization\"},\"potentialAction\":[{\"@type\":\"SearchAction\",\"target\":{\"@type\":\"EntryPoint\",\"urlTemplate\":\"https:\/\/gr1993records.com\/?s={search_term_string}\"},\"query-input\":{\"@type\":\"PropertyValueSpecification\",\"valueRequired\":true,\"valueName\":\"search_term_string\"}}],\"inLanguage\":\"hu\"},{\"@type\":\"Organization\",\"@id\":\"https:\/\/gr1993records.com\/#organization\",\"name\":\"Gramy-H Ltd.\",\"url\":\"https:\/\/gr1993records.com\/\",\"logo\":{\"@type\":\"ImageObject\",\"inLanguage\":\"hu\",\"@id\":\"https:\/\/gr1993records.com\/#\/schema\/logo\/image\/\",\"url\":\"https:\/\/gr1993records.com\/wp-content\/uploads\/2019\/08\/GR1993_Records_logo_CC.png\",\"contentUrl\":\"https:\/\/gr1993records.com\/wp-content\/uploads\/2019\/08\/GR1993_Records_logo_CC.png\",\"width\":2900,\"height\":2001,\"caption\":\"Gramy-H Ltd.\"},\"image\":{\"@id\":\"https:\/\/gr1993records.com\/#\/schema\/logo\/image\/\"},\"sameAs\":[\"https:\/\/www.facebook.com\/GR1993Records-113564886691383\/\"]}]}<\/script>\n<!-- \/ Yoast SEO plugin. -->","yoast_head_json":{"title":"Android East Of Eden Revisited (DVD) &#8211; GR1993 Records","robots":{"index":"index","follow":"follow","max-snippet":"max-snippet:-1","max-image-preview":"max-image-preview:large","max-video-preview":"max-video-preview:-1"},"canonical":"https:\/\/gr1993records.com\/index.php\/product\/android-east-of-eden-revisited-dvd\/","og_locale":"hu_HU","og_type":"article","og_title":"Android East Of Eden Revisited (DVD) &#8211; GR1993 Records","og_description":"[:hu]High Definition Surround Sound DVD  Megjelen\u00e9s: 2020. okt\u00f3ber 22.[:en]High Definition Surround Sound DVD  Released: 22 October 2020.[:]","og_url":"https:\/\/gr1993records.com\/index.php\/product\/android-east-of-eden-revisited-dvd\/","og_site_name":"GR1993 Records","article_publisher":"https:\/\/www.facebook.com\/GR1993Records-113564886691383\/","article_modified_time":"2026-03-31T09:50:29+00:00","og_image":[{"width":1000,"height":1000,"url":"https:\/\/gr1993records.com\/wp-content\/uploads\/2020\/10\/kiadvany_android_EOER_DVD_front.jpg","type":"image\/jpeg"}],"twitter_card":"summary_large_image","twitter_misc":{"Becs\u00fclt olvas\u00e1si id\u0151":"6 perc"},"schema":{"@context":"https:\/\/schema.org","@graph":[{"@type":"WebPage","@id":"https:\/\/gr1993records.com\/index.php\/product\/android-east-of-eden-revisited-dvd\/","url":"https:\/\/gr1993records.com\/index.php\/product\/android-east-of-eden-revisited-dvd\/","name":"Android East Of Eden Revisited (DVD) &#8211; GR1993 Records","isPartOf":{"@id":"https:\/\/gr1993records.com\/#website"},"primaryImageOfPage":{"@id":"https:\/\/gr1993records.com\/index.php\/product\/android-east-of-eden-revisited-dvd\/#primaryimage"},"image":{"@id":"https:\/\/gr1993records.com\/index.php\/product\/android-east-of-eden-revisited-dvd\/#primaryimage"},"thumbnailUrl":"https:\/\/gr1993records.com\/wp-content\/uploads\/2020\/10\/kiadvany_android_EOER_DVD_front.jpg","datePublished":"2020-10-06T12:07:38+00:00","dateModified":"2026-03-31T09:50:29+00:00","breadcrumb":{"@id":"https:\/\/gr1993records.com\/index.php\/product\/android-east-of-eden-revisited-dvd\/#breadcrumb"},"inLanguage":"hu","potentialAction":[{"@type":"ReadAction","target":["https:\/\/gr1993records.com\/index.php\/product\/android-east-of-eden-revisited-dvd\/"]}]},{"@type":"ImageObject","inLanguage":"hu","@id":"https:\/\/gr1993records.com\/index.php\/product\/android-east-of-eden-revisited-dvd\/#primaryimage","url":"https:\/\/gr1993records.com\/wp-content\/uploads\/2020\/10\/kiadvany_android_EOER_DVD_front.jpg","contentUrl":"https:\/\/gr1993records.com\/wp-content\/uploads\/2020\/10\/kiadvany_android_EOER_DVD_front.jpg","width":1000,"height":1000,"caption":"Android \u2013 East Of Eden Revisited (DVD) cover"},{"@type":"BreadcrumbList","@id":"https:\/\/gr1993records.com\/index.php\/product\/android-east-of-eden-revisited-dvd\/#breadcrumb","itemListElement":[{"@type":"ListItem","position":1,"name":"Home","item":"https:\/\/gr1993records.com\/"},{"@type":"ListItem","position":2,"name":"Kiadv\u00e1nyok","item":"https:\/\/gr1993records.com\/index.php\/shop\/"},{"@type":"ListItem","position":3,"name":"Android East Of Eden Revisited (DVD)"}]},{"@type":"WebSite","@id":"https:\/\/gr1993records.com\/#website","url":"https:\/\/gr1993records.com\/","name":"GR1993 Records","description":"","publisher":{"@id":"https:\/\/gr1993records.com\/#organization"},"potentialAction":[{"@type":"SearchAction","target":{"@type":"EntryPoint","urlTemplate":"https:\/\/gr1993records.com\/?s={search_term_string}"},"query-input":{"@type":"PropertyValueSpecification","valueRequired":true,"valueName":"search_term_string"}}],"inLanguage":"hu"},{"@type":"Organization","@id":"https:\/\/gr1993records.com\/#organization","name":"Gramy-H Ltd.","url":"https:\/\/gr1993records.com\/","logo":{"@type":"ImageObject","inLanguage":"hu","@id":"https:\/\/gr1993records.com\/#\/schema\/logo\/image\/","url":"https:\/\/gr1993records.com\/wp-content\/uploads\/2019\/08\/GR1993_Records_logo_CC.png","contentUrl":"https:\/\/gr1993records.com\/wp-content\/uploads\/2019\/08\/GR1993_Records_logo_CC.png","width":2900,"height":2001,"caption":"Gramy-H Ltd."},"image":{"@id":"https:\/\/gr1993records.com\/#\/schema\/logo\/image\/"},"sameAs":["https:\/\/www.facebook.com\/GR1993Records-113564886691383\/"]}]}},"jetpack_sharing_enabled":true,"_links":{"self":[{"href":"https:\/\/gr1993records.com\/index.php\/wp-json\/wp\/v2\/product\/6013","targetHints":{"allow":["GET"]}}],"collection":[{"href":"https:\/\/gr1993records.com\/index.php\/wp-json\/wp\/v2\/product"}],"about":[{"href":"https:\/\/gr1993records.com\/index.php\/wp-json\/wp\/v2\/types\/product"}],"wp:featuredmedia":[{"embeddable":true,"href":"https:\/\/gr1993records.com\/index.php\/wp-json\/wp\/v2\/media\/6015"}],"wp:attachment":[{"href":"https:\/\/gr1993records.com\/index.php\/wp-json\/wp\/v2\/media?parent=6013"}],"wp:term":[{"taxonomy":"product_brand","embeddable":true,"href":"https:\/\/gr1993records.com\/index.php\/wp-json\/wp\/v2\/product_brand?post=6013"},{"taxonomy":"product_cat","embeddable":true,"href":"https:\/\/gr1993records.com\/index.php\/wp-json\/wp\/v2\/product_cat?post=6013"},{"taxonomy":"product_tag","embeddable":true,"href":"https:\/\/gr1993records.com\/index.php\/wp-json\/wp\/v2\/product_tag?post=6013"}],"curies":[{"name":"wp","href":"https:\/\/api.w.org\/{rel}","templated":true}]}}