{"id":5931,"date":"2020-09-04T09:39:23","date_gmt":"2020-09-04T09:39:23","guid":{"rendered":"https:\/\/gr1993records.com\/?post_type=product&#038;p=5931"},"modified":"2026-03-31T11:50:47","modified_gmt":"2026-03-31T09:50:47","slug":"djabe-the-magic-stag-2lp","status":"publish","type":"product","link":"https:\/\/gr1993records.com\/index.php\/product\/djabe-the-magic-stag-2lp\/","title":{"rendered":"Djabe <\/br>The Magic Stag <\/br>(2LP)"},"content":{"rendered":"<p>[vc_row][vc_column][vc_column_text][\/vc_column_text][\/vc_column][\/vc_row][vc_row][vc_column][vc_column_text][\/vc_column_text][\/vc_column][\/vc_row][vc_row][vc_column][vc_column_text]A Djabe a magyarorsz\u00e1gi zenekarok k\u00f6z\u00fcl egyed\u00fcl\u00e1ll\u00f3 m\u00f3don 4 \u00e9ven bel\u00fcl m\u00e1r az \u00f6t\u00f6dik lemez\u00e9t jelenteti meg Angli\u00e1ban. Ez\u00fattal nem Djabe &amp; Steve Hackett n\u00e9vvel adja ki az albumot az eg\u00e9sz vil\u00e1gon ismert Cherry Red Records, hanem az el\u0151ad\u00f3 kiz\u00e1r\u00f3lag a Djabe.<\/p>\n<p>A fentiek nem jelentik azt, hogy Steve ne szerepelne az albumon, hiszen az album koncepci\u00f3ja \u00e9s a c\u00edmad\u00f3 dal sz\u00f6vege Steve Hackettnek \u00e9s\u00a0 feles\u00e9g\u00e9nek k\u00f6sz\u00f6nhet\u0151. A Hackett h\u00e1zasp\u00e1rt \u00e9s alkot\u00f3 p\u00e1rost \u00c9gerh\u00e1zi Imre: Magyar mond\u00e1k, legend\u00e1k c\u00edm\u0171 festm\u00e9nye ihlette a The Magic Stag meg\u00edr\u00e1s\u00e1ra. Barab\u00e1s Tam\u00e1s \u00e9s \u00c9gerh\u00e1zi Attila teljes egyet\u00e9rt\u00e9sben v\u00e1lasztott\u00e1k ki az albumban szerepl\u0151 tov\u00e1bbi festm\u00e9nyeket, melyekhez az egyes szerzem\u00e9nyek k\u00f6thet\u0151k.<\/p>\n<p>Az vinyl dupla albumon helyet kapott a CD verzi\u00f3 mind a 11 kompoz\u00edci\u00f3ja, melyb\u0151l 9-nek a zen\u00e9j\u00e9t Barab\u00e1s Tam\u00e1s szerezte, egyet pedig k\u00f6z\u00f6sen \u00c9gerh\u00e1zi Attil\u00e1val. A lemez z\u00e1r\u00f3 darabja, az Uncertain Time pedig \u00c9gerh\u00e1zi szerzem\u00e9nye. Az alkot\u00f3k k\u00f6z\u00f6tt ott tal\u00e1ljuk P\u00e9ly Barn\u00e1t is, aki a m\u00e1sik \u00e9nekes dal, a Down By The Lakeside sz\u00f6veg\u00e9t jegyzi.<\/p>\n<p>A Djabe ezzel nem el\u00e9gedett meg, hiszen az LP v\u00e1ltozatra m\u00e9g elf\u00e9rt plusz k\u00e9r felv\u00e9tel. A 12-ik sz\u00e1m a S\u00e1ri\u2019s Dream az Uncertain Time folytat\u00e1s\u00e1nak tekinthet\u0151 st\u00fadi\u00f3 felv\u00e9tel, melyen Steve Hackett kapta a f\u0151szerepet. A 13-ik track pedig egy 2019-es Djabe &amp; Steve Hackett koncertfelv\u00e9tel a Budapest Jazz Clubb\u00f3l, \u00c9gerh\u00e1zi Attila lassan 30 \u00e9ves V\u00e1gta c\u00edm\u0171 kompoz\u00edci\u00f3ja.<\/p>\n<p>A Cherry Red Records beharangoz\u00f3j\u00e1ban kit\u00e9r arra, hogy a Djabe napjainkban a vil\u00e1g egyik legkiv\u00e1l\u00f3bb progressz\u00edv\/jazz\/vil\u00e1gzenei f\u00fazi\u00f3s zenekara. Magyarorsz\u00e1gon k\u00edv\u00fcli ismerts\u00e9g\u00fck \u00e9s elismerts\u00e9g\u00fck t\u00f6bbek k\u00f6z\u00f6tt a legend\u00e1s Genesis-git\u00e1ros, Steve Hackett szerepl\u00e9s\u00e9vel l\u00e9trej\u00f6tt k\u00f6z\u00f6s albumoknak \u00e9s koncerteknek is k\u00f6sz\u00f6nhet\u0151.<\/p>\n<p>A kor\u00e1bbi Djabe &amp; Steve Hackett albumok gyakorlat\u00e1nak megfelel\u0151en a vinyl \u00e9s egy\u00e9b anal\u00f3g form\u00e1tumok kiad\u00e1si jogai a Gramy-H Kft-n\u00e9l maradtak. Az angol kiad\u00f3 a CD\/DVD \u00e9s tov\u00e1bbi digit\u00e1lis form\u00e1tumokat kezeli.<\/p>\n<p>A zenekar tagjai Barab\u00e1s Tam\u00e1s (basszusgit\u00e1r), \u00c9gerh\u00e1zi Attila (git\u00e1r, \u00fct\u0151hangszerek), Ko\u00f3s-Hut\u00e1s \u00c1ron (sz\u00e1rnyk\u00fcrt, trombita), Nagy J\u00e1nos (billenty\u0171k) \u00e9s Kasz\u00e1s P\u00e9ter (dobok, \u00e9nek). Zen\u00e9j\u00fckre a progressz\u00edv rock, a jazz \u00e9s a world music st\u00edlusok vannak a legnagyobb hat\u00e1ssal, \u00faj albumuk inspir\u00e1ci\u00f3jak\u00e9nt pedig, Attila \u00e9desapj\u00e1nak, \u00c9gerh\u00e1zi Imr\u00e9nek festm\u00e9nyei szolg\u00e1ltak.<\/p>\n<p>Az ezredfordul\u00f3ra \u00c9gerh\u00e1zi Imr\u00e9t az Alf\u00f6ld egyik vezet\u0151 mesterek\u00e9nt tartott\u00e1k sz\u00e1mon. Fest\u00e9szete \u00e9s m\u0171v\u00e9szi szervez\u0151tev\u00e9kenys\u00e9ge, valamint az alkot\u00f3i k\u00f6z\u00f6ss\u00e9gek \u00e9s alkot\u00f3t\u00e1rsak ir\u00e1nti elk\u00f6telezetts\u00e9ge elismer\u00e9st hozott sz\u00e1m\u00e1ra Magyarorsz\u00e1gon \u00e9s nemzetk\u00f6zi szinten egyar\u00e1nt. Az \u0151 munk\u00e1ja, az \u0151 \u00e9lete ihlette a The Magci Stag (Csodaszarvas)sz\u00f6veg\u00e9t zenei vil\u00e1g\u00e1t valamint a teljes album zenei anyag\u00e1t.<\/p>\n<p>Steve Hackett nem csup\u00e1n a c\u00edmad\u00f3 kompoz\u00edci\u00f3 sz\u00f6veg\u00e9t \u00edrta feles\u00e9g\u00e9vel, Jo Hackettel kar\u00f6ltve, de narr\u00e1tork\u00e9nt, valamint 9 sz\u00e1m\u00e1ban git\u00e1rosk\u00e9nt is szerepel az albumon. A\u00a0The Magic Stagtov\u00e1bbi vend\u00e9gszerepl\u0151i k\u00f6z\u00f6tt tal\u00e1ljuk a Steve Hackett zenekar\u00e1ban j\u00e1tsz\u00f3 Rob Townsendet tenor szaxofonon, a tar legnagyobb g\u00e9niusz\u00e1nak tartott Malik Mansurovot. R\u00e9gebbi Djabe tagok, mint Muck Ferenc szaxofon \u00e9s Karvaly Tibor heged\u0171 szint\u00e9n szerepet kaptak. A zenekar k\u00e9t \u00e9ve dolgozik Szab\u00f3 L\u00e1szl\u00f3val, aki git\u00e1ron \u00e9s szit\u00e1ron is k\u00f6zrem\u0171k\u00f6dik a Power Of Wings var\u00e1zslatos hangulat\u00e1ba.[\/vc_column_text][vc_separator][vc_row_inner][vc_column_inner width=&#8221;1\/2&#8243;][vc_column_text]<strong>K\u00f6zrem\u0171k\u00f6d\u0151k<\/strong><br \/>\nBarab\u00e1s Tam\u00e1s \u2013 basszusgit\u00e1r<br \/>\n\u00c9gerh\u00e1zi Attila \u2013 git\u00e1r, \u00fct\u0151hangszerek<br \/>\nKo\u00f3s-Hut\u00e1s \u00c1ron \u2013 sz\u00e1rnyk\u0171rt, trombita<br \/>\nNagy J\u00e1nos \u2013 billenty\u0171s hangszerek<br \/>\nKasz\u00e1s P\u00e9ter \u2013 dob, \u00e9nek[\/vc_column_text][\/vc_column_inner][vc_column_inner width=&#8221;1\/2&#8243;][vc_column_text]<strong>Vend\u00e9g zen\u00e9szek<\/strong><br \/>\nSteve Hackett \u2013 git\u00e1r, mes\u00e9l\u0151<br \/>\nRob Townsend \u2013 szaxofon<br \/>\nMalik Mansurov \u2013 tar<br \/>\nMuck Ferenc \u2013 szaxofon<br \/>\nSzab\u00f3 L\u00e1szl\u00f3 \u2013 szit\u00e1r, git\u00e1r<br \/>\nKarvaly Tibor \u2013 heged\u0171<br \/>\nKov\u00e1cs S\u00e1ra \u2013 furulya<br \/>\nKozma \u00c9va \u2013 koboz[\/vc_column_text][\/vc_column_inner][\/vc_row_inner][vc_separator][vc_video link=&#8221;https:\/\/youtu.be\/Kyxau5P0DYo&#8221; align=&#8221;center&#8221;][\/vc_column][\/vc_row][vc_row][vc_column][vc_column_text][\/vc_column_text][\/vc_column][\/vc_row][vc_row][vc_column][vc_column_text][\/vc_column_text][\/vc_column][\/vc_row]<\/p>","protected":false},"excerpt":{"rendered":"<p><strong>T\u00e1mogatta:<\/strong><\/p>\n<p><a href=\"http:\/\/www.nka.hu\/\" target=\"_blank\" rel=\"noopener noreferrer\"><img loading=\"lazy\" decoding=\"async\" class=\"wp-image-5805 alignleft\" title=\"NKA\" src=\"http:\/\/gr1993records.com\/wp-content\/uploads\/2020\/07\/nka-300x94.png\" alt=\"NKA\" width=\"160\" height=\"75\" \/><\/a><\/p>\n<p>&nbsp;<\/p>\n<p>&nbsp;<\/p>\n<p>2 x 180 gr Vinyl LP, Gatefold Jacket, PVC Inner Sleeve, 2 B\u00f3nusz Track<\/p>\n","protected":false},"featured_media":5935,"template":"","meta":[],"product_brand":[],"product_cat":[91],"product_tag":[],"class_list":{"0":"post-5931","1":"product","2":"type-product","3":"status-publish","4":"has-post-thumbnail","6":"product_cat-lp","7":"yith_product_brand-djabe","8":"col-12 col-sm-6 col-md-4","10":"first","11":"instock","12":"featured","13":"shipping-taxable","14":"purchasable","15":"product-type-simple"},"yoast_head":"<!-- This site is optimized with the Yoast SEO plugin v27.3 - https:\/\/yoast.com\/product\/yoast-seo-wordpress\/ -->\n<title>Djabe The Magic Stag (2LP) &#8211; GR1993 Records<\/title>\n<meta name=\"robots\" content=\"index, follow, max-snippet:-1, max-image-preview:large, max-video-preview:-1\" \/>\n<link rel=\"canonical\" href=\"https:\/\/gr1993records.com\/index.php\/product\/djabe-the-magic-stag-2lp\/\" \/>\n<meta property=\"og:locale\" content=\"hu_HU\" \/>\n<meta property=\"og:type\" content=\"article\" \/>\n<meta property=\"og:title\" content=\"Djabe The Magic Stag (2LP) &#8211; GR1993 Records\" \/>\n<meta property=\"og:description\" content=\"[:hu][:hu][:hu]T\u00e1mogatta:    &nbsp;  &nbsp;  2 x 180 gr Vinyl LP, Gatefold Jacket, PVC Inner Sleeve, 2 B\u00f3nusz Track[:en]Sponsored by:    &nbsp;  &nbsp;  2 x 180 gr Vinyl LP, Gatefold Jacket, PVC Inner Sleeve, 2 Bonus Tracks[:][:en]Sponsored by:    &nbsp;  &nbsp;  2 x 180 gr Vinyl LP, Gatefold Jacket, PVC Inner Sleeve, 2 Bonus Tracks[:][:en]Sponsored by:    &nbsp;  &nbsp;  2 x 180 gr Vinyl LP, Gatefold Jacket, PVC Inner Sleeve, 2 Bonus TracksSponsored by:    &nbsp;  &nbsp;  2 x 180 gr Vinyl LP, Gatefold Jacket, PVC Inner Sleeve, 2 Bonus Tracks[:]\" \/>\n<meta property=\"og:url\" content=\"https:\/\/gr1993records.com\/index.php\/product\/djabe-the-magic-stag-2lp\/\" \/>\n<meta property=\"og:site_name\" content=\"GR1993 Records\" \/>\n<meta property=\"article:publisher\" content=\"https:\/\/www.facebook.com\/GR1993Records-113564886691383\/\" \/>\n<meta property=\"article:modified_time\" content=\"2026-03-31T09:50:47+00:00\" \/>\n<meta property=\"og:image\" content=\"https:\/\/gr1993records.com\/wp-content\/uploads\/2020\/09\/kiadvany_djabe_magic_stag_lp_dvd_front.jpg\" \/>\n\t<meta property=\"og:image:width\" content=\"1000\" \/>\n\t<meta property=\"og:image:height\" content=\"1000\" \/>\n\t<meta property=\"og:image:type\" content=\"image\/jpeg\" \/>\n<meta name=\"twitter:card\" content=\"summary_large_image\" \/>\n<meta name=\"twitter:label1\" content=\"Becs\u00fclt olvas\u00e1si id\u0151\" \/>\n\t<meta name=\"twitter:data1\" content=\"9 perc\" \/>\n<script type=\"application\/ld+json\" class=\"yoast-schema-graph\">{\"@context\":\"https:\\\/\\\/schema.org\",\"@graph\":[{\"@type\":\"WebPage\",\"@id\":\"https:\\\/\\\/gr1993records.com\\\/index.php\\\/product\\\/djabe-the-magic-stag-2lp\\\/\",\"url\":\"https:\\\/\\\/gr1993records.com\\\/index.php\\\/product\\\/djabe-the-magic-stag-2lp\\\/\",\"name\":\"Djabe The Magic Stag (2LP) &#8211; GR1993 Records\",\"isPartOf\":{\"@id\":\"https:\\\/\\\/gr1993records.com\\\/#website\"},\"primaryImageOfPage\":{\"@id\":\"https:\\\/\\\/gr1993records.com\\\/index.php\\\/product\\\/djabe-the-magic-stag-2lp\\\/#primaryimage\"},\"image\":{\"@id\":\"https:\\\/\\\/gr1993records.com\\\/index.php\\\/product\\\/djabe-the-magic-stag-2lp\\\/#primaryimage\"},\"thumbnailUrl\":\"https:\\\/\\\/gr1993records.com\\\/wp-content\\\/uploads\\\/2020\\\/09\\\/kiadvany_djabe_magic_stag_lp_dvd_front.jpg\",\"datePublished\":\"2020-09-04T09:39:23+00:00\",\"dateModified\":\"2026-03-31T09:50:47+00:00\",\"breadcrumb\":{\"@id\":\"https:\\\/\\\/gr1993records.com\\\/index.php\\\/product\\\/djabe-the-magic-stag-2lp\\\/#breadcrumb\"},\"inLanguage\":\"hu\",\"potentialAction\":[{\"@type\":\"ReadAction\",\"target\":[\"https:\\\/\\\/gr1993records.com\\\/index.php\\\/product\\\/djabe-the-magic-stag-2lp\\\/\"]}]},{\"@type\":\"ImageObject\",\"inLanguage\":\"hu\",\"@id\":\"https:\\\/\\\/gr1993records.com\\\/index.php\\\/product\\\/djabe-the-magic-stag-2lp\\\/#primaryimage\",\"url\":\"https:\\\/\\\/gr1993records.com\\\/wp-content\\\/uploads\\\/2020\\\/09\\\/kiadvany_djabe_magic_stag_lp_dvd_front.jpg\",\"contentUrl\":\"https:\\\/\\\/gr1993records.com\\\/wp-content\\\/uploads\\\/2020\\\/09\\\/kiadvany_djabe_magic_stag_lp_dvd_front.jpg\",\"width\":1000,\"height\":1000,\"caption\":\"Djabe \u2013 The Magic Stag (2LP+DVD) cover\"},{\"@type\":\"BreadcrumbList\",\"@id\":\"https:\\\/\\\/gr1993records.com\\\/index.php\\\/product\\\/djabe-the-magic-stag-2lp\\\/#breadcrumb\",\"itemListElement\":[{\"@type\":\"ListItem\",\"position\":1,\"name\":\"Home\",\"item\":\"https:\\\/\\\/gr1993records.com\\\/\"},{\"@type\":\"ListItem\",\"position\":2,\"name\":\"Kiadv\u00e1nyok\",\"item\":\"https:\\\/\\\/gr1993records.com\\\/index.php\\\/shop\\\/\"},{\"@type\":\"ListItem\",\"position\":3,\"name\":\"Djabe The Magic Stag (2LP)\"}]},{\"@type\":\"WebSite\",\"@id\":\"https:\\\/\\\/gr1993records.com\\\/#website\",\"url\":\"https:\\\/\\\/gr1993records.com\\\/\",\"name\":\"GR1993 Records\",\"description\":\"\",\"publisher\":{\"@id\":\"https:\\\/\\\/gr1993records.com\\\/#organization\"},\"potentialAction\":[{\"@type\":\"SearchAction\",\"target\":{\"@type\":\"EntryPoint\",\"urlTemplate\":\"https:\\\/\\\/gr1993records.com\\\/?s={search_term_string}\"},\"query-input\":{\"@type\":\"PropertyValueSpecification\",\"valueRequired\":true,\"valueName\":\"search_term_string\"}}],\"inLanguage\":\"hu\"},{\"@type\":\"Organization\",\"@id\":\"https:\\\/\\\/gr1993records.com\\\/#organization\",\"name\":\"Gramy-H Ltd.\",\"url\":\"https:\\\/\\\/gr1993records.com\\\/\",\"logo\":{\"@type\":\"ImageObject\",\"inLanguage\":\"hu\",\"@id\":\"https:\\\/\\\/gr1993records.com\\\/#\\\/schema\\\/logo\\\/image\\\/\",\"url\":\"https:\\\/\\\/gr1993records.com\\\/wp-content\\\/uploads\\\/2019\\\/08\\\/GR1993_Records_logo_CC.png\",\"contentUrl\":\"https:\\\/\\\/gr1993records.com\\\/wp-content\\\/uploads\\\/2019\\\/08\\\/GR1993_Records_logo_CC.png\",\"width\":2900,\"height\":2001,\"caption\":\"Gramy-H Ltd.\"},\"image\":{\"@id\":\"https:\\\/\\\/gr1993records.com\\\/#\\\/schema\\\/logo\\\/image\\\/\"},\"sameAs\":[\"https:\\\/\\\/www.facebook.com\\\/GR1993Records-113564886691383\\\/\"]}]}<\/script>\n<!-- \/ Yoast SEO plugin. -->","yoast_head_json":{"title":"Djabe The Magic Stag (2LP) &#8211; GR1993 Records","robots":{"index":"index","follow":"follow","max-snippet":"max-snippet:-1","max-image-preview":"max-image-preview:large","max-video-preview":"max-video-preview:-1"},"canonical":"https:\/\/gr1993records.com\/index.php\/product\/djabe-the-magic-stag-2lp\/","og_locale":"hu_HU","og_type":"article","og_title":"Djabe The Magic Stag (2LP) &#8211; GR1993 Records","og_description":"[:hu][:hu][:hu]T\u00e1mogatta:    &nbsp;  &nbsp;  2 x 180 gr Vinyl LP, Gatefold Jacket, PVC Inner Sleeve, 2 B\u00f3nusz Track[:en]Sponsored by:    &nbsp;  &nbsp;  2 x 180 gr Vinyl LP, Gatefold Jacket, PVC Inner Sleeve, 2 Bonus Tracks[:][:en]Sponsored by:    &nbsp;  &nbsp;  2 x 180 gr Vinyl LP, Gatefold Jacket, PVC Inner Sleeve, 2 Bonus Tracks[:][:en]Sponsored by:    &nbsp;  &nbsp;  2 x 180 gr Vinyl LP, Gatefold Jacket, PVC Inner Sleeve, 2 Bonus TracksSponsored by:    &nbsp;  &nbsp;  2 x 180 gr Vinyl LP, Gatefold Jacket, PVC Inner Sleeve, 2 Bonus Tracks[:]","og_url":"https:\/\/gr1993records.com\/index.php\/product\/djabe-the-magic-stag-2lp\/","og_site_name":"GR1993 Records","article_publisher":"https:\/\/www.facebook.com\/GR1993Records-113564886691383\/","article_modified_time":"2026-03-31T09:50:47+00:00","og_image":[{"width":1000,"height":1000,"url":"https:\/\/gr1993records.com\/wp-content\/uploads\/2020\/09\/kiadvany_djabe_magic_stag_lp_dvd_front.jpg","type":"image\/jpeg"}],"twitter_card":"summary_large_image","twitter_misc":{"Becs\u00fclt olvas\u00e1si id\u0151":"9 perc"},"schema":{"@context":"https:\/\/schema.org","@graph":[{"@type":"WebPage","@id":"https:\/\/gr1993records.com\/index.php\/product\/djabe-the-magic-stag-2lp\/","url":"https:\/\/gr1993records.com\/index.php\/product\/djabe-the-magic-stag-2lp\/","name":"Djabe The Magic Stag (2LP) &#8211; GR1993 Records","isPartOf":{"@id":"https:\/\/gr1993records.com\/#website"},"primaryImageOfPage":{"@id":"https:\/\/gr1993records.com\/index.php\/product\/djabe-the-magic-stag-2lp\/#primaryimage"},"image":{"@id":"https:\/\/gr1993records.com\/index.php\/product\/djabe-the-magic-stag-2lp\/#primaryimage"},"thumbnailUrl":"https:\/\/gr1993records.com\/wp-content\/uploads\/2020\/09\/kiadvany_djabe_magic_stag_lp_dvd_front.jpg","datePublished":"2020-09-04T09:39:23+00:00","dateModified":"2026-03-31T09:50:47+00:00","breadcrumb":{"@id":"https:\/\/gr1993records.com\/index.php\/product\/djabe-the-magic-stag-2lp\/#breadcrumb"},"inLanguage":"hu","potentialAction":[{"@type":"ReadAction","target":["https:\/\/gr1993records.com\/index.php\/product\/djabe-the-magic-stag-2lp\/"]}]},{"@type":"ImageObject","inLanguage":"hu","@id":"https:\/\/gr1993records.com\/index.php\/product\/djabe-the-magic-stag-2lp\/#primaryimage","url":"https:\/\/gr1993records.com\/wp-content\/uploads\/2020\/09\/kiadvany_djabe_magic_stag_lp_dvd_front.jpg","contentUrl":"https:\/\/gr1993records.com\/wp-content\/uploads\/2020\/09\/kiadvany_djabe_magic_stag_lp_dvd_front.jpg","width":1000,"height":1000,"caption":"Djabe \u2013 The Magic Stag (2LP+DVD) cover"},{"@type":"BreadcrumbList","@id":"https:\/\/gr1993records.com\/index.php\/product\/djabe-the-magic-stag-2lp\/#breadcrumb","itemListElement":[{"@type":"ListItem","position":1,"name":"Home","item":"https:\/\/gr1993records.com\/"},{"@type":"ListItem","position":2,"name":"Kiadv\u00e1nyok","item":"https:\/\/gr1993records.com\/index.php\/shop\/"},{"@type":"ListItem","position":3,"name":"Djabe The Magic Stag (2LP)"}]},{"@type":"WebSite","@id":"https:\/\/gr1993records.com\/#website","url":"https:\/\/gr1993records.com\/","name":"GR1993 Records","description":"","publisher":{"@id":"https:\/\/gr1993records.com\/#organization"},"potentialAction":[{"@type":"SearchAction","target":{"@type":"EntryPoint","urlTemplate":"https:\/\/gr1993records.com\/?s={search_term_string}"},"query-input":{"@type":"PropertyValueSpecification","valueRequired":true,"valueName":"search_term_string"}}],"inLanguage":"hu"},{"@type":"Organization","@id":"https:\/\/gr1993records.com\/#organization","name":"Gramy-H Ltd.","url":"https:\/\/gr1993records.com\/","logo":{"@type":"ImageObject","inLanguage":"hu","@id":"https:\/\/gr1993records.com\/#\/schema\/logo\/image\/","url":"https:\/\/gr1993records.com\/wp-content\/uploads\/2019\/08\/GR1993_Records_logo_CC.png","contentUrl":"https:\/\/gr1993records.com\/wp-content\/uploads\/2019\/08\/GR1993_Records_logo_CC.png","width":2900,"height":2001,"caption":"Gramy-H Ltd."},"image":{"@id":"https:\/\/gr1993records.com\/#\/schema\/logo\/image\/"},"sameAs":["https:\/\/www.facebook.com\/GR1993Records-113564886691383\/"]}]}},"jetpack_sharing_enabled":true,"_links":{"self":[{"href":"https:\/\/gr1993records.com\/index.php\/wp-json\/wp\/v2\/product\/5931","targetHints":{"allow":["GET"]}}],"collection":[{"href":"https:\/\/gr1993records.com\/index.php\/wp-json\/wp\/v2\/product"}],"about":[{"href":"https:\/\/gr1993records.com\/index.php\/wp-json\/wp\/v2\/types\/product"}],"wp:featuredmedia":[{"embeddable":true,"href":"https:\/\/gr1993records.com\/index.php\/wp-json\/wp\/v2\/media\/5935"}],"wp:attachment":[{"href":"https:\/\/gr1993records.com\/index.php\/wp-json\/wp\/v2\/media?parent=5931"}],"wp:term":[{"taxonomy":"product_brand","embeddable":true,"href":"https:\/\/gr1993records.com\/index.php\/wp-json\/wp\/v2\/product_brand?post=5931"},{"taxonomy":"product_cat","embeddable":true,"href":"https:\/\/gr1993records.com\/index.php\/wp-json\/wp\/v2\/product_cat?post=5931"},{"taxonomy":"product_tag","embeddable":true,"href":"https:\/\/gr1993records.com\/index.php\/wp-json\/wp\/v2\/product_tag?post=5931"}],"curies":[{"name":"wp","href":"https:\/\/api.w.org\/{rel}","templated":true}]}}