{"id":5923,"date":"2020-09-03T08:26:52","date_gmt":"2020-09-03T06:26:52","guid":{"rendered":"https:\/\/gr1993records.com\/?post_type=product&#038;p=5923"},"modified":"2026-03-31T11:50:59","modified_gmt":"2026-03-31T09:50:59","slug":"djabe-the-magic-stag-cd-dvd","status":"publish","type":"product","link":"https:\/\/gr1993records.com\/index.php\/product\/djabe-the-magic-stag-cd-dvd\/","title":{"rendered":"Djabe <\/br>The Magic Stag <\/br>(CD\/DVD)"},"content":{"rendered":"<p>[vc_row][vc_column][vc_column_text]A Djabe a magyarorsz\u00e1gi zenekarok k\u00f6z\u00fcl egyed\u00fcl\u00e1ll\u00f3 m\u00f3don 4 \u00e9ven bel\u00fcl m\u00e1r az \u00f6t\u00f6dik lemez\u00e9t jelenteti meg Angli\u00e1ban. Ez\u00fattal nem Djabe &amp; Steve Hackett n\u00e9vvel adja ki az albumot az eg\u00e9sz vil\u00e1gon ismert Cherry Red Records, hanem az el\u0151ad\u00f3 kiz\u00e1r\u00f3lag a Djabe.<\/p>\n<p>A fentiek nem jelentik azt, hogy Steve ne szerepelne az albumon, hiszen az album koncepci\u00f3ja \u00e9s a c\u00edmad\u00f3 dal sz\u00f6vege neki \u00e9s feles\u00e9g\u00e9nek k\u00f6sz\u00f6nhet\u0151. A Hackett h\u00e1zasp\u00e1rt \u00e9s alkot\u00f3 p\u00e1rost \u00c9gerh\u00e1zi Imre: Magyar mond\u00e1k, legend\u00e1k c\u00edm\u0171 festm\u00e9nye ihlette a The Magic Stag meg\u00edr\u00e1s\u00e1ra. Barab\u00e1s Tam\u00e1s \u00e9s \u00c9gerh\u00e1zi Attila teljes egyet\u00e9rt\u00e9sben v\u00e1lasztott\u00e1k ki az albumban szerepl\u0151 tov\u00e1bbi festm\u00e9nyeket, melyekhez az egyes szerzem\u00e9nyek k\u00f6thet\u0151k.<\/p>\n<p>Az album 11 kompoz\u00edci\u00f3t tartalmaz, melyb\u0151l 9 zen\u00e9j\u00e9t Barab\u00e1s Tam\u00e1s szerzett, egyet pedig k\u00f6z\u00f6sen \u00c9gerh\u00e1zi Attil\u00e1val. A lemez z\u00e1r\u00f3 darabja, az Uncertain Time pedig \u00c9gerh\u00e1zi szerzem\u00e9nye. Az alkot\u00f3k k\u00f6z\u00f6tt ott tal\u00e1ljuk P\u00e9ly Barn\u00e1t is, aki a m\u00e1sik \u00e9nekes dal, a Down By The Lakeside sz\u00f6veg\u00e9t jegyzi.<\/p>\n<p>A Cherry Red Records a lemezt, az \u00faj felv\u00e9teleket kiad\u00f3, Esoteric Recordings labelen kereszt\u00fcl jelenteti meg 2020. szeptember 25.\u00e9n. A kiad\u00f3t a kifejezetten ig\u00e9nyes fizikai kiadv\u00e1nyok jellemzik. Az eleg\u00e1ns pap\u00edrtokos, \u00fagynevezett digipak csomagol\u00e1sba a CD mellett beker\u00fclt egy DVDis, mely az album teljes anyag\u00e1t tartalmazza nagyfelbont\u00e1s\u00fa (24 bit\/96 kHz) surround \u00e9s sztere\u00f3 hangban, valamint a zenekar 2019-es turn\u00e9j\u00e1n r\u00f6gz\u00edtett koncert vide\u00f3kat, egy 2020. \u00e1prilisi karant\u00e9n vide\u00f3t \u00e9s egy vadonat\u00faj, \u00c9gerh\u00e1zi Imre fest\u0151m\u0171v\u00e9szr\u0151l k\u00e9sz\u00edtett dokumentumfilmet is.<\/p>\n<p>A kiad\u00f3 beharangoz\u00f3j\u00e1ban kit\u00e9r arra, hogy a Djabe napjainkban a vil\u00e1g egyik legkiv\u00e1l\u00f3bb progressz\u00edv\/jazz\/vil\u00e1gzenei f\u00fazi\u00f3s zenekara. Magyarorsz\u00e1gon k\u00edv\u00fcli ismerts\u00e9g\u00fck \u00e9s elismerts\u00e9g\u00fck t\u00f6bbek k\u00f6z\u00f6tt a legend\u00e1s Genesis-git\u00e1ros, Steve Hackett szerepl\u00e9s\u00e9vel l\u00e9trej\u00f6tt k\u00f6z\u00f6s albumoknak \u00e9s koncerteknek is k\u00f6sz\u00f6nhet\u0151.<\/p>\n<p>A zenekar tagjai Barab\u00e1s Tam\u00e1s (basszusgit\u00e1r), \u00c9gerh\u00e1zi Attila (git\u00e1r, \u00fct\u0151hangszerek), Ko\u00f3s-Hut\u00e1s \u00c1ron (sz\u00e1rnyk\u00fcrt, trombita), Nagy J\u00e1nos (billenty\u0171k) \u00e9s Kasz\u00e1s P\u00e9ter (dobok, \u00e9nek). Zen\u00e9j\u00fckre a progressz\u00edv rock, a jazz \u00e9s a world music st\u00edlusok vannak a legnagyobb hat\u00e1ssal, \u00faj albumuk inspir\u00e1ci\u00f3jak\u00e9nt pedig, Attila \u00e9desapj\u00e1nak, \u00c9gerh\u00e1zi Imr\u00e9nek festm\u00e9nyei szolg\u00e1ltak.<\/p>\n<p>Az ezredfordul\u00f3ra \u00c9gerh\u00e1zi Imr\u00e9t az Alf\u00f6ld egyik vezet\u0151 mesterek\u00e9nt tartott\u00e1k sz\u00e1mon. Fest\u00e9szete \u00e9s m\u0171v\u00e9szi szervez\u0151tev\u00e9kenys\u00e9ge, valamint az alkot\u00f3i k\u00f6z\u00f6ss\u00e9gek \u00e9s alkot\u00f3t\u00e1rsak ir\u00e1nti elk\u00f6telezetts\u00e9ge elismer\u00e9st hozott sz\u00e1m\u00e1ra Magyarorsz\u00e1gon \u00e9s nemzetk\u00f6zi szinten egyar\u00e1nt. Az \u0151 munk\u00e1ja, az \u0151 \u00e9lete ihlette a The Magci Stag (Csodaszarvas)sz\u00f6veg\u00e9t zenei vil\u00e1g\u00e1t valamint a teljes album zenei anyag\u00e1t.<\/p>\n<p>Steve Hackett nem csup\u00e1n a c\u00edmad\u00f3 kompoz\u00edci\u00f3 sz\u00f6veg\u00e9t \u00edrta feles\u00e9g\u00e9vel, Jo Hackettel kar\u00f6ltve, de narr\u00e1tork\u00e9nt, valamint h\u00e9t sz\u00e1m\u00e1ban git\u00e1rosk\u00e9nt is szerepel az albumon. A\u00a0The Magic Stagtov\u00e1bbi vend\u00e9gszerepl\u0151i k\u00f6z\u00f6tt tal\u00e1ljuk a Steve Hackett zenekar\u00e1ban j\u00e1tsz\u00f3 Rob Townsendet tenor szaxofonon, \u00a0a tar legnagyobb g\u00e9niusz\u00e1nak tartott Malik Mansurovot. R\u00e9gebbi Djabe tagok, mint Muck Ferenc szaxofon \u00e9s Karvaly Tibor heged\u0171 szint\u00e9n szerepet kaptak. A zenekar k\u00e9t \u00e9ve dolgozik Szab\u00f3 L\u00e1szl\u00f3val, aki git\u00e1ron \u00e9s szit\u00e1ron is k\u00f6zrem\u0171k\u00f6dik a Power Of Wings var\u00e1zslatos hangulat\u00e1ban<\/p>\n<p>A Csodaszarvas egyik oldalr\u00f3l a magyar mondavil\u00e1g \u00fcnnepl\u00e9se, m\u00e1sik oldalr\u00f3l pedig tisztelg\u00e9s \u00c9gerh\u00e1zi Imre fest\u0151m\u0171v\u00e9sz munk\u00e1j\u00e1nak. A deluxe digipak kiad\u00e1sban a CD mellett egy DVD is helyet kapott, melyen az album teljes zenei anyaga megtal\u00e1lhat\u00f3 HD felbont\u00e1s\u00fa 5.1 Surround \u00e9s Stereo kever\u00e9sben, illetve tov\u00e1bbi extr\u00e1kat tartalmaz \u00e9l\u0151ben r\u00f6gz\u00edtett felv\u00e9telek \u00e9s egy \u00c9gerh\u00e1zi Imre dokumentumfilm form\u00e1j\u00e1ban. A csomag r\u00e9sze egy 32 oldalas k\u00f6nyv, mely \u00c9gerh\u00e1zi Imre az albumot inspir\u00e1l\u00f3 festm\u00e9nyeit tartalmazza.[\/vc_column_text][vc_separator][vc_row_inner][vc_column_inner width=&#8221;1\/2&#8243;][vc_column_text]<strong>K\u00f6zrem\u0171k\u00f6d\u0151k<br \/>\n<\/strong>Barab\u00e1s Tam\u00e1s \u2013 basszusgit\u00e1r<br \/>\n\u00c9gerh\u00e1zi Attila \u2013 git\u00e1r, \u00fct\u0151hangszerek<br \/>\nKo\u00f3s-Hut\u00e1s \u00c1ron \u2013 sz\u00e1rnyk\u0171rt, trombita<br \/>\nNagy J\u00e1nos \u2013 billenty\u0171s hangszerek<br \/>\nKasz\u00e1s P\u00e9ter \u2013 dob, \u00e9nek[\/vc_column_text][\/vc_column_inner][vc_column_inner width=&#8221;1\/2&#8243;][vc_column_text]<strong>Vend\u00e9g zen\u00e9szek<\/strong><br \/>\nSteve Hackett \u2013 git\u00e1r, mes\u00e9l\u0151<br \/>\nRob Townsend \u2013 szaxofon<br \/>\nMalik Mansurov \u2013 tar<br \/>\nMuck Ferenc \u2013 szaxofon<br \/>\nSzab\u00f3 L\u00e1szl\u00f3 \u2013 szit\u00e1r, git\u00e1r<br \/>\nKarvaly Tibor \u2013 heged\u0171<br \/>\nKov\u00e1cs S\u00e1ra \u2013 furulya<br \/>\nKozma \u00c9va \u2013 koboz[\/vc_column_text][\/vc_column_inner][\/vc_row_inner][vc_separator][vc_video link=&#8221;https:\/\/youtu.be\/Kyxau5P0DYo&#8221; align=&#8221;center&#8221;][\/vc_column][\/vc_row]<\/p>","protected":false},"excerpt":{"rendered":"<p>CD\/DVD, 6 oldalas DIGIPAK, 32 oldal booklet<br \/>\nA CD mellett a digpak csomagol\u00e1sba beker\u00fclt egy DVD is, mely az album teljes anyag\u00e1t tartalmazza nagyfelbont\u00e1s\u00fa (24 bit \/ 96 khz) surround \u00e9s sztere\u00f3 hangban, valamint a zenekar 2019-es turn\u00e9j\u00e1n r\u00f6gz\u00edtett koncert vide\u00f3kat, egy 2020 \u00e1prilisi karant\u00e9n vide\u00f3t \u00e9s egy vadonat\u00faj, \u00c9gerh\u00e1zi Imre fest\u0151m\u0171v\u00e9szr\u0151l k\u00e9sz\u00edtett dokumentumfilmet is.<\/p>\n<p><img loading=\"lazy\" decoding=\"async\" class=\"wp-image-6024 alignnone\" src=\"https:\/\/gr1993records.com\/wp-content\/uploads\/2020\/10\/Cherry_Red_Records_logo-300x162.png\" alt=\"\" width=\"111\" height=\"60\" srcset=\"https:\/\/gr1993records.com\/wp-content\/uploads\/2020\/10\/Cherry_Red_Records_logo-300x165.png 300w, https:\/\/gr1993records.com\/wp-content\/uploads\/2020\/10\/Cherry_Red_Records_logo.png 305w\" sizes=\"auto, (max-width: 111px) 100vw, 111px\" \/><\/p>\n","protected":false},"featured_media":5926,"template":"","meta":[],"product_brand":[],"product_cat":[92,93],"product_tag":[],"class_list":{"0":"post-5923","1":"product","2":"type-product","3":"status-publish","4":"has-post-thumbnail","6":"product_cat-cd","7":"product_cat-dvd","8":"yith_product_brand-djabe","9":"col-12 col-sm-6 col-md-4","11":"first","12":"instock","13":"sale","14":"featured","15":"shipping-taxable","16":"purchasable","17":"product-type-simple"},"yoast_head":"<!-- This site is optimized with the Yoast SEO plugin v27.2 - https:\/\/yoast.com\/product\/yoast-seo-wordpress\/ -->\n<title>Djabe The Magic Stag (CD\/DVD) &#8211; GR1993 Records<\/title>\n<meta name=\"robots\" content=\"index, follow, max-snippet:-1, max-image-preview:large, max-video-preview:-1\" \/>\n<link rel=\"canonical\" href=\"https:\/\/gr1993records.com\/index.php\/product\/djabe-the-magic-stag-cd-dvd\/\" \/>\n<meta property=\"og:locale\" content=\"hu_HU\" \/>\n<meta property=\"og:type\" content=\"article\" \/>\n<meta property=\"og:title\" content=\"Djabe The Magic Stag (CD\/DVD) &#8211; GR1993 Records\" \/>\n<meta property=\"og:description\" content=\"[:hu]CD\/DVD, 6 oldalas DIGIPAK, 32 oldal booklet A CD mellett a digpak csomagol\u00e1sba beker\u00fclt egy DVD is, mely az album teljes anyag\u00e1t tartalmazza nagyfelbont\u00e1s\u00fa (24 bit \/ 96 khz) surround \u00e9s sztere\u00f3 hangban, valamint a zenekar 2019-es turn\u00e9j\u00e1n r\u00f6gz\u00edtett koncert vide\u00f3kat, egy 2020 \u00e1prilisi karant\u00e9n vide\u00f3t \u00e9s egy vadonat\u00faj, \u00c9gerh\u00e1zi Imre fest\u0151m\u0171v\u00e9szr\u0151l k\u00e9sz\u00edtett dokumentumfilmet is.  [:en]Djabe is one of the finest Progressive \/ Jazz fusion bands working in the world today. They are also known to a wider audience outside of their native land thanks to a series of collaborative albums and live appearances with the legendary solo musician and ex-Genesis member STEVE HACKETT.  [:]\" \/>\n<meta property=\"og:url\" content=\"https:\/\/gr1993records.com\/index.php\/product\/djabe-the-magic-stag-cd-dvd\/\" \/>\n<meta property=\"og:site_name\" content=\"GR1993 Records\" \/>\n<meta property=\"article:publisher\" content=\"https:\/\/www.facebook.com\/GR1993Records-113564886691383\/\" \/>\n<meta property=\"article:modified_time\" content=\"2026-03-31T09:50:59+00:00\" \/>\n<meta property=\"og:image\" content=\"https:\/\/gr1993records.com\/wp-content\/uploads\/2020\/09\/kiadvany_djabe_magic_stag_cd_dvd_front-1.jpg\" \/>\n\t<meta property=\"og:image:width\" content=\"1000\" \/>\n\t<meta property=\"og:image:height\" content=\"1000\" \/>\n\t<meta property=\"og:image:type\" content=\"image\/jpeg\" \/>\n<meta name=\"twitter:card\" content=\"summary_large_image\" \/>\n<meta name=\"twitter:label1\" content=\"Becs\u00fclt olvas\u00e1si id\u0151\" \/>\n\t<meta name=\"twitter:data1\" content=\"2 perc\" \/>\n<script type=\"application\/ld+json\" class=\"yoast-schema-graph\">{\"@context\":\"https:\/\/schema.org\",\"@graph\":[{\"@type\":\"WebPage\",\"@id\":\"https:\/\/gr1993records.com\/index.php\/product\/djabe-the-magic-stag-cd-dvd\/\",\"url\":\"https:\/\/gr1993records.com\/index.php\/product\/djabe-the-magic-stag-cd-dvd\/\",\"name\":\"Djabe The Magic Stag (CD\/DVD) &#8211; GR1993 Records\",\"isPartOf\":{\"@id\":\"https:\/\/gr1993records.com\/#website\"},\"primaryImageOfPage\":{\"@id\":\"https:\/\/gr1993records.com\/index.php\/product\/djabe-the-magic-stag-cd-dvd\/#primaryimage\"},\"image\":{\"@id\":\"https:\/\/gr1993records.com\/index.php\/product\/djabe-the-magic-stag-cd-dvd\/#primaryimage\"},\"thumbnailUrl\":\"https:\/\/gr1993records.com\/wp-content\/uploads\/2020\/09\/kiadvany_djabe_magic_stag_cd_dvd_front-1.jpg\",\"datePublished\":\"2020-09-03T06:26:52+00:00\",\"dateModified\":\"2026-03-31T09:50:59+00:00\",\"breadcrumb\":{\"@id\":\"https:\/\/gr1993records.com\/index.php\/product\/djabe-the-magic-stag-cd-dvd\/#breadcrumb\"},\"inLanguage\":\"hu\",\"potentialAction\":[{\"@type\":\"ReadAction\",\"target\":[\"https:\/\/gr1993records.com\/index.php\/product\/djabe-the-magic-stag-cd-dvd\/\"]}]},{\"@type\":\"ImageObject\",\"inLanguage\":\"hu\",\"@id\":\"https:\/\/gr1993records.com\/index.php\/product\/djabe-the-magic-stag-cd-dvd\/#primaryimage\",\"url\":\"https:\/\/gr1993records.com\/wp-content\/uploads\/2020\/09\/kiadvany_djabe_magic_stag_cd_dvd_front-1.jpg\",\"contentUrl\":\"https:\/\/gr1993records.com\/wp-content\/uploads\/2020\/09\/kiadvany_djabe_magic_stag_cd_dvd_front-1.jpg\",\"width\":1000,\"height\":1000,\"caption\":\"Djabe \u2013 The Magic Stag (CD+DVD) cover\"},{\"@type\":\"BreadcrumbList\",\"@id\":\"https:\/\/gr1993records.com\/index.php\/product\/djabe-the-magic-stag-cd-dvd\/#breadcrumb\",\"itemListElement\":[{\"@type\":\"ListItem\",\"position\":1,\"name\":\"Home\",\"item\":\"https:\/\/gr1993records.com\/\"},{\"@type\":\"ListItem\",\"position\":2,\"name\":\"Kiadv\u00e1nyok\",\"item\":\"https:\/\/gr1993records.com\/index.php\/shop\/\"},{\"@type\":\"ListItem\",\"position\":3,\"name\":\"Djabe The Magic Stag (CD\/DVD)\"}]},{\"@type\":\"WebSite\",\"@id\":\"https:\/\/gr1993records.com\/#website\",\"url\":\"https:\/\/gr1993records.com\/\",\"name\":\"GR1993 Records\",\"description\":\"\",\"publisher\":{\"@id\":\"https:\/\/gr1993records.com\/#organization\"},\"potentialAction\":[{\"@type\":\"SearchAction\",\"target\":{\"@type\":\"EntryPoint\",\"urlTemplate\":\"https:\/\/gr1993records.com\/?s={search_term_string}\"},\"query-input\":{\"@type\":\"PropertyValueSpecification\",\"valueRequired\":true,\"valueName\":\"search_term_string\"}}],\"inLanguage\":\"hu\"},{\"@type\":\"Organization\",\"@id\":\"https:\/\/gr1993records.com\/#organization\",\"name\":\"Gramy-H Ltd.\",\"url\":\"https:\/\/gr1993records.com\/\",\"logo\":{\"@type\":\"ImageObject\",\"inLanguage\":\"hu\",\"@id\":\"https:\/\/gr1993records.com\/#\/schema\/logo\/image\/\",\"url\":\"https:\/\/gr1993records.com\/wp-content\/uploads\/2019\/08\/GR1993_Records_logo_CC.png\",\"contentUrl\":\"https:\/\/gr1993records.com\/wp-content\/uploads\/2019\/08\/GR1993_Records_logo_CC.png\",\"width\":2900,\"height\":2001,\"caption\":\"Gramy-H Ltd.\"},\"image\":{\"@id\":\"https:\/\/gr1993records.com\/#\/schema\/logo\/image\/\"},\"sameAs\":[\"https:\/\/www.facebook.com\/GR1993Records-113564886691383\/\"]}]}<\/script>\n<!-- \/ Yoast SEO plugin. -->","yoast_head_json":{"title":"Djabe The Magic Stag (CD\/DVD) &#8211; GR1993 Records","robots":{"index":"index","follow":"follow","max-snippet":"max-snippet:-1","max-image-preview":"max-image-preview:large","max-video-preview":"max-video-preview:-1"},"canonical":"https:\/\/gr1993records.com\/index.php\/product\/djabe-the-magic-stag-cd-dvd\/","og_locale":"hu_HU","og_type":"article","og_title":"Djabe The Magic Stag (CD\/DVD) &#8211; GR1993 Records","og_description":"[:hu]CD\/DVD, 6 oldalas DIGIPAK, 32 oldal booklet A CD mellett a digpak csomagol\u00e1sba beker\u00fclt egy DVD is, mely az album teljes anyag\u00e1t tartalmazza nagyfelbont\u00e1s\u00fa (24 bit \/ 96 khz) surround \u00e9s sztere\u00f3 hangban, valamint a zenekar 2019-es turn\u00e9j\u00e1n r\u00f6gz\u00edtett koncert vide\u00f3kat, egy 2020 \u00e1prilisi karant\u00e9n vide\u00f3t \u00e9s egy vadonat\u00faj, \u00c9gerh\u00e1zi Imre fest\u0151m\u0171v\u00e9szr\u0151l k\u00e9sz\u00edtett dokumentumfilmet is.  [:en]Djabe is one of the finest Progressive \/ Jazz fusion bands working in the world today. They are also known to a wider audience outside of their native land thanks to a series of collaborative albums and live appearances with the legendary solo musician and ex-Genesis member STEVE HACKETT.  [:]","og_url":"https:\/\/gr1993records.com\/index.php\/product\/djabe-the-magic-stag-cd-dvd\/","og_site_name":"GR1993 Records","article_publisher":"https:\/\/www.facebook.com\/GR1993Records-113564886691383\/","article_modified_time":"2026-03-31T09:50:59+00:00","og_image":[{"width":1000,"height":1000,"url":"https:\/\/gr1993records.com\/wp-content\/uploads\/2020\/09\/kiadvany_djabe_magic_stag_cd_dvd_front-1.jpg","type":"image\/jpeg"}],"twitter_card":"summary_large_image","twitter_misc":{"Becs\u00fclt olvas\u00e1si id\u0151":"2 perc"},"schema":{"@context":"https:\/\/schema.org","@graph":[{"@type":"WebPage","@id":"https:\/\/gr1993records.com\/index.php\/product\/djabe-the-magic-stag-cd-dvd\/","url":"https:\/\/gr1993records.com\/index.php\/product\/djabe-the-magic-stag-cd-dvd\/","name":"Djabe The Magic Stag (CD\/DVD) &#8211; GR1993 Records","isPartOf":{"@id":"https:\/\/gr1993records.com\/#website"},"primaryImageOfPage":{"@id":"https:\/\/gr1993records.com\/index.php\/product\/djabe-the-magic-stag-cd-dvd\/#primaryimage"},"image":{"@id":"https:\/\/gr1993records.com\/index.php\/product\/djabe-the-magic-stag-cd-dvd\/#primaryimage"},"thumbnailUrl":"https:\/\/gr1993records.com\/wp-content\/uploads\/2020\/09\/kiadvany_djabe_magic_stag_cd_dvd_front-1.jpg","datePublished":"2020-09-03T06:26:52+00:00","dateModified":"2026-03-31T09:50:59+00:00","breadcrumb":{"@id":"https:\/\/gr1993records.com\/index.php\/product\/djabe-the-magic-stag-cd-dvd\/#breadcrumb"},"inLanguage":"hu","potentialAction":[{"@type":"ReadAction","target":["https:\/\/gr1993records.com\/index.php\/product\/djabe-the-magic-stag-cd-dvd\/"]}]},{"@type":"ImageObject","inLanguage":"hu","@id":"https:\/\/gr1993records.com\/index.php\/product\/djabe-the-magic-stag-cd-dvd\/#primaryimage","url":"https:\/\/gr1993records.com\/wp-content\/uploads\/2020\/09\/kiadvany_djabe_magic_stag_cd_dvd_front-1.jpg","contentUrl":"https:\/\/gr1993records.com\/wp-content\/uploads\/2020\/09\/kiadvany_djabe_magic_stag_cd_dvd_front-1.jpg","width":1000,"height":1000,"caption":"Djabe \u2013 The Magic Stag (CD+DVD) cover"},{"@type":"BreadcrumbList","@id":"https:\/\/gr1993records.com\/index.php\/product\/djabe-the-magic-stag-cd-dvd\/#breadcrumb","itemListElement":[{"@type":"ListItem","position":1,"name":"Home","item":"https:\/\/gr1993records.com\/"},{"@type":"ListItem","position":2,"name":"Kiadv\u00e1nyok","item":"https:\/\/gr1993records.com\/index.php\/shop\/"},{"@type":"ListItem","position":3,"name":"Djabe The Magic Stag (CD\/DVD)"}]},{"@type":"WebSite","@id":"https:\/\/gr1993records.com\/#website","url":"https:\/\/gr1993records.com\/","name":"GR1993 Records","description":"","publisher":{"@id":"https:\/\/gr1993records.com\/#organization"},"potentialAction":[{"@type":"SearchAction","target":{"@type":"EntryPoint","urlTemplate":"https:\/\/gr1993records.com\/?s={search_term_string}"},"query-input":{"@type":"PropertyValueSpecification","valueRequired":true,"valueName":"search_term_string"}}],"inLanguage":"hu"},{"@type":"Organization","@id":"https:\/\/gr1993records.com\/#organization","name":"Gramy-H Ltd.","url":"https:\/\/gr1993records.com\/","logo":{"@type":"ImageObject","inLanguage":"hu","@id":"https:\/\/gr1993records.com\/#\/schema\/logo\/image\/","url":"https:\/\/gr1993records.com\/wp-content\/uploads\/2019\/08\/GR1993_Records_logo_CC.png","contentUrl":"https:\/\/gr1993records.com\/wp-content\/uploads\/2019\/08\/GR1993_Records_logo_CC.png","width":2900,"height":2001,"caption":"Gramy-H Ltd."},"image":{"@id":"https:\/\/gr1993records.com\/#\/schema\/logo\/image\/"},"sameAs":["https:\/\/www.facebook.com\/GR1993Records-113564886691383\/"]}]}},"jetpack_sharing_enabled":true,"_links":{"self":[{"href":"https:\/\/gr1993records.com\/index.php\/wp-json\/wp\/v2\/product\/5923","targetHints":{"allow":["GET"]}}],"collection":[{"href":"https:\/\/gr1993records.com\/index.php\/wp-json\/wp\/v2\/product"}],"about":[{"href":"https:\/\/gr1993records.com\/index.php\/wp-json\/wp\/v2\/types\/product"}],"wp:featuredmedia":[{"embeddable":true,"href":"https:\/\/gr1993records.com\/index.php\/wp-json\/wp\/v2\/media\/5926"}],"wp:attachment":[{"href":"https:\/\/gr1993records.com\/index.php\/wp-json\/wp\/v2\/media?parent=5923"}],"wp:term":[{"taxonomy":"product_brand","embeddable":true,"href":"https:\/\/gr1993records.com\/index.php\/wp-json\/wp\/v2\/product_brand?post=5923"},{"taxonomy":"product_cat","embeddable":true,"href":"https:\/\/gr1993records.com\/index.php\/wp-json\/wp\/v2\/product_cat?post=5923"},{"taxonomy":"product_tag","embeddable":true,"href":"https:\/\/gr1993records.com\/index.php\/wp-json\/wp\/v2\/product_tag?post=5923"}],"curies":[{"name":"wp","href":"https:\/\/api.w.org\/{rel}","templated":true}]}}