{"id":5802,"date":"2020-07-30T11:47:33","date_gmt":"2020-07-30T11:47:33","guid":{"rendered":"http:\/\/gr1993records.com\/?post_type=product&#038;p=5802"},"modified":"2026-03-31T11:52:39","modified_gmt":"2026-03-31T09:52:39","slug":"djabe-live-in-edmonton-2lp","status":"publish","type":"product","link":"https:\/\/gr1993records.com\/product\/djabe-live-in-edmonton-2lp\/","title":{"rendered":"Djabe <\/br>Live in Edmonton <\/br>(2LP)"},"content":{"rendered":"<p>[vc_row][vc_column][vc_column_text]<span lang=\"HU\">In 2019 the band went on an North-American tour to play single live shows and perform at festivals. Some of the highlights of this tour is the full house show in the Kennedy Center in Washington, DC, the 8<sup>th<\/sup> performance at the Rochester International Jazzfest (one of the 10 largest jazz festivals of the world) in New York, and the closing gig at the Edmonton International Jazz Festival of Canada. In the band\u2019s opinion the latter show was the best and they decided to release the recorded multitracks. Djabe played 2 sets with different tracklists, now featured both of them on this release.<\/span><\/p>\n<p><span lang=\"HU\"><strong>More information:<\/strong> <a href=\"https:\/\/www.facebook.com\/djabeworld\" target=\"_blank\" rel=\"noopener noreferrer\">Facebook.com\/djabeworld<\/a><\/span>[\/vc_column_text][vc_column_text]<span lang=\"HU\">\u201cLive in Edmonton\u201d showcases why Djabe is the #1 Fusion band in Hungary, right from the opening track the listener is treated to a very well-crafted live recording, great playing throughout the band with exciting arrangements and energized solo performances. It is so refreshing to hear such a strong performance captured \u201clive\u201d, the way it is intended to be experienced, in the moment!<br \/>\nDjabe has appeared several times in Edmonton and always deliver a high quality, world class fusion set that leaves the audience satisfied and wanting much more.<br \/>\nCongratulations on the newest release, another significant recording and addition to Djabe\u2019s very impressive track record of being one of the best working fusion bands in the world today.\u201d<\/span><\/p>\n<p><strong><span lang=\"HU\">Kent Sangster<\/span><\/strong><span lang=\"HU\"><br \/>\nExecutive and Artistic Producer Edmonton International Jazz Festival<\/span>[\/vc_column_text][vc_separator][vc_column_text]<strong>Musicians<\/strong><\/p>\n<p><span lang=\"HU\">Tam\u00e1s Barab\u00e1s <\/span><span lang=\"HU\">\u2013 bass guitar<br \/>\nAttila \u00c9gerh\u00e1zi \u2013\u00a0guitar, percussion, vocal<br \/>\nP\u00e9ter Kasz\u00e1s \u2013\u00a0drums, vocal<br \/>\n\u00c1ron Ko\u00f3s-Hut\u00e1s \u2013\u00a0trumpet, flugelhorn<br \/>\nJ\u00e1nos Nagy \u2013\u00a0keyboards<\/span>[\/vc_column_text][vc_separator][vc_column_text]<strong>Djabe: Deep Lights<\/strong>[\/vc_column_text][vc_video link=&#8221;https:\/\/youtu.be\/U9y9gFOT2Fk&#8221; el_width=&#8221;90&#8243; align=&#8221;center&#8221;][vc_separator][vc_column_text]<strong>Djabe: Witchi Tai To<\/strong>[\/vc_column_text][vc_video link=&#8221;https:\/\/youtu.be\/umAOBgDDLJI&#8221; el_width=&#8221;90&#8243; align=&#8221;center&#8221;][vc_separator][vc_column_text]<a href=\"http:\/\/gr1993records.magex.hu\/index.php\/quality-vinyl-projects\/\"><strong>Quality Vinyl Projects release<\/strong><\/a><\/p>\n<p>This album is only released on vinyl among physical media. Release and manufacturing coordinated by the Quality Vinyl Projects service of Gramy-H, ltd. The mission of QVP is to only use the highest quality masters to release albums. In order to get the best possible master discs we work with the most excellent cutting studios of Europe (Abbey Road Studios, Record Industry etc.), and manufacture the final products only by Record Industry, Netherlands, the best pressing plant of the continent. Records are available in the same high-quality, high-durability transparent plastic outer sleeve like Music On Vinyl series, distinguished by the embossed QVP logo. Quality Vinyl Projects is hallmarked by the internationally acclaimed grade of Djabe releases, but starting this year, available for 3<sup>rd<\/sup>\u00a0parties. Services include studio and live recording, mixing, analogue master tape production, cutting and all phases of manufacturing.[\/vc_column_text][vc_btn title=&#8221;More information from QVP&#8221; style=&#8221;outline-custom&#8221; outline_custom_color=&#8221;#005681&#8243; outline_custom_hover_background=&#8221;#005681&#8243; outline_custom_hover_text=&#8221;#ffffff&#8221; shape=&#8221;square&#8221; link=&#8221;url:http%3A%2F%2Fgr1993records.com%2Findex.php%2Fquality-vinyl-projects%2F|title:Quality%20Vinyl%20Projects||&#8221; el_class=&#8221;qvp-btn&#8221;][\/vc_column][\/vc_row]<\/p>","protected":false},"excerpt":{"rendered":"<p><strong>Sponsored by<\/strong><\/p>\n<p><a href=\"http:\/\/www.nka.hu\/\" target=\"_blank\" rel=\"noopener noreferrer\"><img loading=\"lazy\" decoding=\"async\" class=\"wp-image-5805 alignleft\" title=\"NKA\" src=\"http:\/\/gr1993records.com\/wp-content\/uploads\/2020\/07\/nka-300x94.png\" alt=\"NKA\" width=\"160\" height=\"75\" \/><\/a><\/p>\n<p>&nbsp;<\/p>\n<p>&nbsp;<\/p>\n<p>One of the best Djabe shows ever!<\/p>\n<p>Quality Vinyl Projects release<\/p>\n","protected":false},"featured_media":5804,"template":"","meta":[],"product_brand":[],"product_cat":[91],"product_tag":[],"class_list":{"0":"post-5802","1":"product","2":"type-product","3":"status-publish","4":"has-post-thumbnail","6":"product_cat-lp","7":"yith_product_brand-djabe","8":"col-12 col-sm-6 col-md-4","10":"first","11":"instock","12":"featured","13":"shipping-taxable","14":"purchasable","15":"product-type-simple"},"yoast_head":"<!-- This site is optimized with the Yoast SEO plugin v27.5 - https:\/\/yoast.com\/product\/yoast-seo-wordpress\/ -->\n<title>Djabe Live in Edmonton (2LP) &#8211; GR1993 Records<\/title>\n<meta name=\"robots\" content=\"index, follow, max-snippet:-1, max-image-preview:large, max-video-preview:-1\" \/>\n<link rel=\"canonical\" href=\"https:\/\/gr1993records.com\/product\/djabe-live-in-edmonton-2lp\/\" \/>\n<meta property=\"og:locale\" content=\"en_US\" \/>\n<meta property=\"og:type\" content=\"article\" \/>\n<meta property=\"og:title\" content=\"Djabe Live in Edmonton (2LP) &#8211; GR1993 Records\" \/>\n<meta property=\"og:description\" content=\"[:hu]T\u00e1mogatta:    &nbsp;  &nbsp;  Minden id\u0151k egyik legjobb Djabe koncertje!  Gratul\u00e1lok a legut\u00f3bbi kiadv\u00e1nyhoz, egy \u00fajabb \u00e9kes adal\u00e9k a nagyon impoz\u00e1ns Djabe katal\u00f3gushoz, ami bizony\u00edtja, hogy napjaink egyik legjobb f\u00fazi\u00f3s zenekara a vil\u00e1gon.\u201d  Kent Sangster Executive and Artistic Producer Edmonton International Jazz Festival[:en]Sponsored by    &nbsp;  &nbsp;  One of the best Djabe shows ever!  Quality Vinyl Projects release[:]\" \/>\n<meta property=\"og:url\" content=\"https:\/\/gr1993records.com\/product\/djabe-live-in-edmonton-2lp\/\" \/>\n<meta property=\"og:site_name\" content=\"GR1993 Records\" \/>\n<meta property=\"article:publisher\" content=\"https:\/\/www.facebook.com\/GR1993Records-113564886691383\/\" \/>\n<meta property=\"article:modified_time\" content=\"2026-03-31T09:52:39+00:00\" \/>\n<meta property=\"og:image\" content=\"https:\/\/gr1993records.com\/wp-content\/uploads\/2020\/07\/kiadvany_djabe_liveined_2LP_front.jpg\" \/>\n\t<meta property=\"og:image:width\" content=\"1000\" \/>\n\t<meta property=\"og:image:height\" content=\"1000\" \/>\n\t<meta property=\"og:image:type\" content=\"image\/jpeg\" \/>\n<meta name=\"twitter:card\" content=\"summary_large_image\" \/>\n<meta name=\"twitter:label1\" content=\"Est. reading time\" \/>\n\t<meta name=\"twitter:data1\" content=\"6 minutes\" \/>\n<script type=\"application\/ld+json\" class=\"yoast-schema-graph\">{\"@context\":\"https:\\\/\\\/schema.org\",\"@graph\":[{\"@type\":\"WebPage\",\"@id\":\"https:\\\/\\\/gr1993records.com\\\/product\\\/djabe-live-in-edmonton-2lp\\\/\",\"url\":\"https:\\\/\\\/gr1993records.com\\\/product\\\/djabe-live-in-edmonton-2lp\\\/\",\"name\":\"Djabe Live in Edmonton (2LP) &#8211; GR1993 Records\",\"isPartOf\":{\"@id\":\"https:\\\/\\\/gr1993records.com\\\/#website\"},\"primaryImageOfPage\":{\"@id\":\"https:\\\/\\\/gr1993records.com\\\/product\\\/djabe-live-in-edmonton-2lp\\\/#primaryimage\"},\"image\":{\"@id\":\"https:\\\/\\\/gr1993records.com\\\/product\\\/djabe-live-in-edmonton-2lp\\\/#primaryimage\"},\"thumbnailUrl\":\"https:\\\/\\\/gr1993records.com\\\/wp-content\\\/uploads\\\/2020\\\/07\\\/kiadvany_djabe_liveined_2LP_front.jpg\",\"datePublished\":\"2020-07-30T11:47:33+00:00\",\"dateModified\":\"2026-03-31T09:52:39+00:00\",\"breadcrumb\":{\"@id\":\"https:\\\/\\\/gr1993records.com\\\/product\\\/djabe-live-in-edmonton-2lp\\\/#breadcrumb\"},\"inLanguage\":\"en-US\",\"potentialAction\":[{\"@type\":\"ReadAction\",\"target\":[\"https:\\\/\\\/gr1993records.com\\\/product\\\/djabe-live-in-edmonton-2lp\\\/\"]}]},{\"@type\":\"ImageObject\",\"inLanguage\":\"en-US\",\"@id\":\"https:\\\/\\\/gr1993records.com\\\/product\\\/djabe-live-in-edmonton-2lp\\\/#primaryimage\",\"url\":\"https:\\\/\\\/gr1993records.com\\\/wp-content\\\/uploads\\\/2020\\\/07\\\/kiadvany_djabe_liveined_2LP_front.jpg\",\"contentUrl\":\"https:\\\/\\\/gr1993records.com\\\/wp-content\\\/uploads\\\/2020\\\/07\\\/kiadvany_djabe_liveined_2LP_front.jpg\",\"width\":1000,\"height\":1000,\"caption\":\"Djabe \u2013 Live In Edmonton (2LP) cover\"},{\"@type\":\"BreadcrumbList\",\"@id\":\"https:\\\/\\\/gr1993records.com\\\/product\\\/djabe-live-in-edmonton-2lp\\\/#breadcrumb\",\"itemListElement\":[{\"@type\":\"ListItem\",\"position\":1,\"name\":\"Home\",\"item\":\"https:\\\/\\\/gr1993records.com\\\/?lang=en\"},{\"@type\":\"ListItem\",\"position\":2,\"name\":\"Releases\",\"item\":\"https:\\\/\\\/gr1993records.com\\\/shop\\\/?lang=en\"},{\"@type\":\"ListItem\",\"position\":3,\"name\":\"Djabe Live in Edmonton (2LP)\"}]},{\"@type\":\"WebSite\",\"@id\":\"https:\\\/\\\/gr1993records.com\\\/#website\",\"url\":\"https:\\\/\\\/gr1993records.com\\\/\",\"name\":\"GR1993 Records\",\"description\":\"\",\"publisher\":{\"@id\":\"https:\\\/\\\/gr1993records.com\\\/#organization\"},\"potentialAction\":[{\"@type\":\"SearchAction\",\"target\":{\"@type\":\"EntryPoint\",\"urlTemplate\":\"https:\\\/\\\/gr1993records.com\\\/?s={search_term_string}\"},\"query-input\":{\"@type\":\"PropertyValueSpecification\",\"valueRequired\":true,\"valueName\":\"search_term_string\"}}],\"inLanguage\":\"en-US\"},{\"@type\":\"Organization\",\"@id\":\"https:\\\/\\\/gr1993records.com\\\/#organization\",\"name\":\"Gramy-H Ltd.\",\"url\":\"https:\\\/\\\/gr1993records.com\\\/\",\"logo\":{\"@type\":\"ImageObject\",\"inLanguage\":\"en-US\",\"@id\":\"https:\\\/\\\/gr1993records.com\\\/#\\\/schema\\\/logo\\\/image\\\/\",\"url\":\"https:\\\/\\\/gr1993records.com\\\/wp-content\\\/uploads\\\/2019\\\/08\\\/GR1993_Records_logo_CC.png\",\"contentUrl\":\"https:\\\/\\\/gr1993records.com\\\/wp-content\\\/uploads\\\/2019\\\/08\\\/GR1993_Records_logo_CC.png\",\"width\":2900,\"height\":2001,\"caption\":\"Gramy-H Ltd.\"},\"image\":{\"@id\":\"https:\\\/\\\/gr1993records.com\\\/#\\\/schema\\\/logo\\\/image\\\/\"},\"sameAs\":[\"https:\\\/\\\/www.facebook.com\\\/GR1993Records-113564886691383\\\/\"]}]}<\/script>\n<!-- \/ Yoast SEO plugin. -->","yoast_head_json":{"title":"Djabe Live in Edmonton (2LP) &#8211; GR1993 Records","robots":{"index":"index","follow":"follow","max-snippet":"max-snippet:-1","max-image-preview":"max-image-preview:large","max-video-preview":"max-video-preview:-1"},"canonical":"https:\/\/gr1993records.com\/product\/djabe-live-in-edmonton-2lp\/","og_locale":"en_US","og_type":"article","og_title":"Djabe Live in Edmonton (2LP) &#8211; GR1993 Records","og_description":"[:hu]T\u00e1mogatta:    &nbsp;  &nbsp;  Minden id\u0151k egyik legjobb Djabe koncertje!  Gratul\u00e1lok a legut\u00f3bbi kiadv\u00e1nyhoz, egy \u00fajabb \u00e9kes adal\u00e9k a nagyon impoz\u00e1ns Djabe katal\u00f3gushoz, ami bizony\u00edtja, hogy napjaink egyik legjobb f\u00fazi\u00f3s zenekara a vil\u00e1gon.\u201d  Kent Sangster Executive and Artistic Producer Edmonton International Jazz Festival[:en]Sponsored by    &nbsp;  &nbsp;  One of the best Djabe shows ever!  Quality Vinyl Projects release[:]","og_url":"https:\/\/gr1993records.com\/product\/djabe-live-in-edmonton-2lp\/","og_site_name":"GR1993 Records","article_publisher":"https:\/\/www.facebook.com\/GR1993Records-113564886691383\/","article_modified_time":"2026-03-31T09:52:39+00:00","og_image":[{"width":1000,"height":1000,"url":"https:\/\/gr1993records.com\/wp-content\/uploads\/2020\/07\/kiadvany_djabe_liveined_2LP_front.jpg","type":"image\/jpeg"}],"twitter_card":"summary_large_image","twitter_misc":{"Est. reading time":"6 minutes"},"schema":{"@context":"https:\/\/schema.org","@graph":[{"@type":"WebPage","@id":"https:\/\/gr1993records.com\/product\/djabe-live-in-edmonton-2lp\/","url":"https:\/\/gr1993records.com\/product\/djabe-live-in-edmonton-2lp\/","name":"Djabe Live in Edmonton (2LP) &#8211; GR1993 Records","isPartOf":{"@id":"https:\/\/gr1993records.com\/#website"},"primaryImageOfPage":{"@id":"https:\/\/gr1993records.com\/product\/djabe-live-in-edmonton-2lp\/#primaryimage"},"image":{"@id":"https:\/\/gr1993records.com\/product\/djabe-live-in-edmonton-2lp\/#primaryimage"},"thumbnailUrl":"https:\/\/gr1993records.com\/wp-content\/uploads\/2020\/07\/kiadvany_djabe_liveined_2LP_front.jpg","datePublished":"2020-07-30T11:47:33+00:00","dateModified":"2026-03-31T09:52:39+00:00","breadcrumb":{"@id":"https:\/\/gr1993records.com\/product\/djabe-live-in-edmonton-2lp\/#breadcrumb"},"inLanguage":"en-US","potentialAction":[{"@type":"ReadAction","target":["https:\/\/gr1993records.com\/product\/djabe-live-in-edmonton-2lp\/"]}]},{"@type":"ImageObject","inLanguage":"en-US","@id":"https:\/\/gr1993records.com\/product\/djabe-live-in-edmonton-2lp\/#primaryimage","url":"https:\/\/gr1993records.com\/wp-content\/uploads\/2020\/07\/kiadvany_djabe_liveined_2LP_front.jpg","contentUrl":"https:\/\/gr1993records.com\/wp-content\/uploads\/2020\/07\/kiadvany_djabe_liveined_2LP_front.jpg","width":1000,"height":1000,"caption":"Djabe \u2013 Live In Edmonton (2LP) cover"},{"@type":"BreadcrumbList","@id":"https:\/\/gr1993records.com\/product\/djabe-live-in-edmonton-2lp\/#breadcrumb","itemListElement":[{"@type":"ListItem","position":1,"name":"Home","item":"https:\/\/gr1993records.com\/?lang=en"},{"@type":"ListItem","position":2,"name":"Releases","item":"https:\/\/gr1993records.com\/shop\/?lang=en"},{"@type":"ListItem","position":3,"name":"Djabe Live in Edmonton (2LP)"}]},{"@type":"WebSite","@id":"https:\/\/gr1993records.com\/#website","url":"https:\/\/gr1993records.com\/","name":"GR1993 Records","description":"","publisher":{"@id":"https:\/\/gr1993records.com\/#organization"},"potentialAction":[{"@type":"SearchAction","target":{"@type":"EntryPoint","urlTemplate":"https:\/\/gr1993records.com\/?s={search_term_string}"},"query-input":{"@type":"PropertyValueSpecification","valueRequired":true,"valueName":"search_term_string"}}],"inLanguage":"en-US"},{"@type":"Organization","@id":"https:\/\/gr1993records.com\/#organization","name":"Gramy-H Ltd.","url":"https:\/\/gr1993records.com\/","logo":{"@type":"ImageObject","inLanguage":"en-US","@id":"https:\/\/gr1993records.com\/#\/schema\/logo\/image\/","url":"https:\/\/gr1993records.com\/wp-content\/uploads\/2019\/08\/GR1993_Records_logo_CC.png","contentUrl":"https:\/\/gr1993records.com\/wp-content\/uploads\/2019\/08\/GR1993_Records_logo_CC.png","width":2900,"height":2001,"caption":"Gramy-H Ltd."},"image":{"@id":"https:\/\/gr1993records.com\/#\/schema\/logo\/image\/"},"sameAs":["https:\/\/www.facebook.com\/GR1993Records-113564886691383\/"]}]}},"jetpack_sharing_enabled":true,"_links":{"self":[{"href":"https:\/\/gr1993records.com\/wp-json\/wp\/v2\/product\/5802","targetHints":{"allow":["GET"]}}],"collection":[{"href":"https:\/\/gr1993records.com\/wp-json\/wp\/v2\/product"}],"about":[{"href":"https:\/\/gr1993records.com\/wp-json\/wp\/v2\/types\/product"}],"wp:featuredmedia":[{"embeddable":true,"href":"https:\/\/gr1993records.com\/wp-json\/wp\/v2\/media\/5804"}],"wp:attachment":[{"href":"https:\/\/gr1993records.com\/wp-json\/wp\/v2\/media?parent=5802"}],"wp:term":[{"taxonomy":"product_brand","embeddable":true,"href":"https:\/\/gr1993records.com\/wp-json\/wp\/v2\/product_brand?post=5802"},{"taxonomy":"product_cat","embeddable":true,"href":"https:\/\/gr1993records.com\/wp-json\/wp\/v2\/product_cat?post=5802"},{"taxonomy":"product_tag","embeddable":true,"href":"https:\/\/gr1993records.com\/wp-json\/wp\/v2\/product_tag?post=5802"}],"curies":[{"name":"wp","href":"https:\/\/api.w.org\/{rel}","templated":true}]}}