{"id":5766,"date":"2020-05-13T14:50:23","date_gmt":"2020-05-13T12:50:23","guid":{"rendered":"http:\/\/gr1993records.com\/?post_type=product&#038;p=5766"},"modified":"2026-03-31T11:52:52","modified_gmt":"2026-03-31T09:52:52","slug":"djabe-live-in-edmonton-2cd","status":"publish","type":"product","link":"https:\/\/gr1993records.com\/product\/djabe-live-in-edmonton-2cd\/","title":{"rendered":"Djabe <\/br>Live in Edmonton <\/br>(2CD)"},"content":{"rendered":"<p>[vc_row][vc_column][vc_column_text]In 2019 the band went on an North-American tour to play single live shows and perform at festivals. Some of the highlights of this tour is the full house show in the Kennedy Center in Washington, DC, the 8<sup>th<\/sup>\u00a0performance at the Rochester International Jazzfest (one of the 10 largest jazz festivals of the world) in New York, and the closing gig at the Edmonton International Jazz Festival of Canada. In the band\u2019s opinion the latter show was the best and they decided to release the recorded multitracks. Djabe played 2 sets with different tracklists, now featured both of them on this release.<\/p>\n<p>\u201cLive in Edmonton\u201d showcases why Djabe is the #1 Fusion band in Hungary, right from the opening track the listener is treated to a very well-crafted live recording, great playing throughout the band with exciting arrangements and energized solo performances. It is so refreshing to hear such a strong performance captured \u201clive\u201d, the way it is intended to be experienced, in the moment!<br \/>\nDjabe has appeared several times in Edmonton and always deliver a high quality, world class fusion set that leaves the audience satisfied and wanting much more.<br \/>\nCongratulations on the newest release, another significant recording and addition to Djabe\u2019s very impressive track record of being one of the best working fusion bands in the world today.\u201d<br \/>\n<strong>Kent Sangster<\/strong><br \/>\nExecutive and Artistic Producer Edmonton International Jazz Festival[\/vc_column_text][vc_separator][vc_column_text]<strong>Musicians<\/strong><br \/>\nTam\u00e1s\u00a0Barab\u00e1s &#8211;\u00a0bass guitar<br \/>\nAttila\u00a0\u00c9gerh\u00e1zi &#8211;\u00a0guitar, percussion, vocal<br \/>\nP\u00e9ter\u00a0Kasz\u00e1s &#8211;\u00a0drums, vocal<br \/>\n\u00c1ron\u00a0Ko\u00f3s-Hut\u00e1s &#8211;\u00a0trumpet, flugelhorn<br \/>\nJ\u00e1nos\u00a0Nagy &#8211;\u00a0keyboards[\/vc_column_text][\/vc_column][\/vc_row]<\/p>","protected":false},"excerpt":{"rendered":"<p>In 2019 the band went on an North-American tour. Some of the highlights of this tour is the full house show in the Kennedy Center in Washington, DC, the 8<sup>th<\/sup>\u00a0performance at the Rochester International Jazzfest in New York, and the closing gig at the Edmonton International Jazz Festival of Canada. In the band\u2019s opinion the latter show was the best and they decided to release the recorded multitracks. Djabe played 2 sets with different tracklists, now featured both of them on this release.<\/p>\n","protected":false},"featured_media":5768,"template":"","meta":[],"product_brand":[],"product_cat":[92],"product_tag":[],"class_list":{"0":"post-5766","1":"product","2":"type-product","3":"status-publish","4":"has-post-thumbnail","6":"product_cat-cd","7":"yith_product_brand-djabe","8":"col-12 col-sm-6 col-md-4","10":"first","11":"instock","12":"shipping-taxable","13":"purchasable","14":"product-type-simple"},"yoast_head":"<!-- This site is optimized with the Yoast SEO plugin v27.4 - https:\/\/yoast.com\/product\/yoast-seo-wordpress\/ -->\n<title>Djabe Live in Edmonton (2CD) &#8211; GR1993 Records<\/title>\n<meta name=\"robots\" content=\"index, follow, max-snippet:-1, max-image-preview:large, max-video-preview:-1\" \/>\n<link rel=\"canonical\" href=\"https:\/\/gr1993records.com\/product\/djabe-live-in-edmonton-2cd\/\" \/>\n<meta property=\"og:locale\" content=\"en_US\" \/>\n<meta property=\"og:type\" content=\"article\" \/>\n<meta property=\"og:title\" content=\"Djabe Live in Edmonton (2CD) &#8211; GR1993 Records\" \/>\n<meta property=\"og:description\" content=\"[:hu]2019 nyar\u00e1n a zenekar \u00e9szak-amerikai turn\u00e9n vett r\u00e9szt. Az el\u0151ad\u00e1sok k\u00f6z\u00fcl kiemelhetj\u00fck a Washington DC, Kennedy Center sz\u00ednh\u00e1zterm\u00e9ben adott telth\u00e1zas koncertet, a 8. alkalommal t\u00f6rt\u00e9n\u0151 visszat\u00e9r\u00e9st Rochester International Jazzfest rendezv\u00e9ny\u00e9re New York \u00e1llamban, valamint a z\u00e1r\u00f3fell\u00e9p\u00e9st a kanadai Edmonton International Jazz fesztiv\u00e1lon. A zenekar egybehangz\u00f3 v\u00e9lem\u00e9nye szerint az edmontoni fell\u00e9p\u00e9s siker\u00fclt a legjobban, ez\u00e9rt elhat\u00e1rozt\u00e1k, hogy az ott k\u00e9sz\u00fclt felv\u00e9telt megjelentetik. A Djabe k\u00e9t, k\u00fcl\u00f6nb\u00f6z\u0151 sz\u00e1mokb\u00f3l \u00e1ll\u00f3, teljes koncertet is adott, melyek teljes hossz\u00fas\u00e1gukban kiad\u00e1sra ker\u00fclnek.[:en]In 2019 the band went on an North-American tour. Some of the highlights of this tour is the full house show in the Kennedy Center in Washington, DC, the 8th\u00a0performance at the Rochester International Jazzfest in New York, and the closing gig at the Edmonton International Jazz Festival of Canada. In the band\u2019s opinion the latter show was the best and they decided to release the recorded multitracks. Djabe played 2 sets with different tracklists, now featured both of them on this release.[:]\" \/>\n<meta property=\"og:url\" content=\"https:\/\/gr1993records.com\/product\/djabe-live-in-edmonton-2cd\/\" \/>\n<meta property=\"og:site_name\" content=\"GR1993 Records\" \/>\n<meta property=\"article:publisher\" content=\"https:\/\/www.facebook.com\/GR1993Records-113564886691383\/\" \/>\n<meta property=\"article:modified_time\" content=\"2026-03-31T09:52:52+00:00\" \/>\n<meta property=\"og:image\" content=\"https:\/\/gr1993records.com\/wp-content\/uploads\/2020\/05\/kiadvany_djabe_liveined_2CD_front.jpg\" \/>\n\t<meta property=\"og:image:width\" content=\"1000\" \/>\n\t<meta property=\"og:image:height\" content=\"1000\" \/>\n\t<meta property=\"og:image:type\" content=\"image\/jpeg\" \/>\n<meta name=\"twitter:card\" content=\"summary_large_image\" \/>\n<meta name=\"twitter:label1\" content=\"Est. reading time\" \/>\n\t<meta name=\"twitter:data1\" content=\"3 minutes\" \/>\n<script type=\"application\/ld+json\" class=\"yoast-schema-graph\">{\"@context\":\"https:\\\/\\\/schema.org\",\"@graph\":[{\"@type\":\"WebPage\",\"@id\":\"https:\\\/\\\/gr1993records.com\\\/product\\\/djabe-live-in-edmonton-2cd\\\/\",\"url\":\"https:\\\/\\\/gr1993records.com\\\/product\\\/djabe-live-in-edmonton-2cd\\\/\",\"name\":\"Djabe Live in Edmonton (2CD) &#8211; GR1993 Records\",\"isPartOf\":{\"@id\":\"https:\\\/\\\/gr1993records.com\\\/#website\"},\"primaryImageOfPage\":{\"@id\":\"https:\\\/\\\/gr1993records.com\\\/product\\\/djabe-live-in-edmonton-2cd\\\/#primaryimage\"},\"image\":{\"@id\":\"https:\\\/\\\/gr1993records.com\\\/product\\\/djabe-live-in-edmonton-2cd\\\/#primaryimage\"},\"thumbnailUrl\":\"https:\\\/\\\/gr1993records.com\\\/wp-content\\\/uploads\\\/2020\\\/05\\\/kiadvany_djabe_liveined_2CD_front.jpg\",\"datePublished\":\"2020-05-13T12:50:23+00:00\",\"dateModified\":\"2026-03-31T09:52:52+00:00\",\"breadcrumb\":{\"@id\":\"https:\\\/\\\/gr1993records.com\\\/product\\\/djabe-live-in-edmonton-2cd\\\/#breadcrumb\"},\"inLanguage\":\"en-US\",\"potentialAction\":[{\"@type\":\"ReadAction\",\"target\":[\"https:\\\/\\\/gr1993records.com\\\/product\\\/djabe-live-in-edmonton-2cd\\\/\"]}]},{\"@type\":\"ImageObject\",\"inLanguage\":\"en-US\",\"@id\":\"https:\\\/\\\/gr1993records.com\\\/product\\\/djabe-live-in-edmonton-2cd\\\/#primaryimage\",\"url\":\"https:\\\/\\\/gr1993records.com\\\/wp-content\\\/uploads\\\/2020\\\/05\\\/kiadvany_djabe_liveined_2CD_front.jpg\",\"contentUrl\":\"https:\\\/\\\/gr1993records.com\\\/wp-content\\\/uploads\\\/2020\\\/05\\\/kiadvany_djabe_liveined_2CD_front.jpg\",\"width\":1000,\"height\":1000,\"caption\":\"Djabe \u2013 Live In Edmonton (2CD) cover\"},{\"@type\":\"BreadcrumbList\",\"@id\":\"https:\\\/\\\/gr1993records.com\\\/product\\\/djabe-live-in-edmonton-2cd\\\/#breadcrumb\",\"itemListElement\":[{\"@type\":\"ListItem\",\"position\":1,\"name\":\"Home\",\"item\":\"https:\\\/\\\/gr1993records.com\\\/?lang=en\"},{\"@type\":\"ListItem\",\"position\":2,\"name\":\"Releases\",\"item\":\"https:\\\/\\\/gr1993records.com\\\/shop\\\/?lang=en\"},{\"@type\":\"ListItem\",\"position\":3,\"name\":\"Djabe Live in Edmonton (2CD)\"}]},{\"@type\":\"WebSite\",\"@id\":\"https:\\\/\\\/gr1993records.com\\\/#website\",\"url\":\"https:\\\/\\\/gr1993records.com\\\/\",\"name\":\"GR1993 Records\",\"description\":\"\",\"publisher\":{\"@id\":\"https:\\\/\\\/gr1993records.com\\\/#organization\"},\"potentialAction\":[{\"@type\":\"SearchAction\",\"target\":{\"@type\":\"EntryPoint\",\"urlTemplate\":\"https:\\\/\\\/gr1993records.com\\\/?s={search_term_string}\"},\"query-input\":{\"@type\":\"PropertyValueSpecification\",\"valueRequired\":true,\"valueName\":\"search_term_string\"}}],\"inLanguage\":\"en-US\"},{\"@type\":\"Organization\",\"@id\":\"https:\\\/\\\/gr1993records.com\\\/#organization\",\"name\":\"Gramy-H Ltd.\",\"url\":\"https:\\\/\\\/gr1993records.com\\\/\",\"logo\":{\"@type\":\"ImageObject\",\"inLanguage\":\"en-US\",\"@id\":\"https:\\\/\\\/gr1993records.com\\\/#\\\/schema\\\/logo\\\/image\\\/\",\"url\":\"https:\\\/\\\/gr1993records.com\\\/wp-content\\\/uploads\\\/2019\\\/08\\\/GR1993_Records_logo_CC.png\",\"contentUrl\":\"https:\\\/\\\/gr1993records.com\\\/wp-content\\\/uploads\\\/2019\\\/08\\\/GR1993_Records_logo_CC.png\",\"width\":2900,\"height\":2001,\"caption\":\"Gramy-H Ltd.\"},\"image\":{\"@id\":\"https:\\\/\\\/gr1993records.com\\\/#\\\/schema\\\/logo\\\/image\\\/\"},\"sameAs\":[\"https:\\\/\\\/www.facebook.com\\\/GR1993Records-113564886691383\\\/\"]}]}<\/script>\n<!-- \/ Yoast SEO plugin. -->","yoast_head_json":{"title":"Djabe Live in Edmonton (2CD) &#8211; GR1993 Records","robots":{"index":"index","follow":"follow","max-snippet":"max-snippet:-1","max-image-preview":"max-image-preview:large","max-video-preview":"max-video-preview:-1"},"canonical":"https:\/\/gr1993records.com\/product\/djabe-live-in-edmonton-2cd\/","og_locale":"en_US","og_type":"article","og_title":"Djabe Live in Edmonton (2CD) &#8211; GR1993 Records","og_description":"[:hu]2019 nyar\u00e1n a zenekar \u00e9szak-amerikai turn\u00e9n vett r\u00e9szt. Az el\u0151ad\u00e1sok k\u00f6z\u00fcl kiemelhetj\u00fck a Washington DC, Kennedy Center sz\u00ednh\u00e1zterm\u00e9ben adott telth\u00e1zas koncertet, a 8. alkalommal t\u00f6rt\u00e9n\u0151 visszat\u00e9r\u00e9st Rochester International Jazzfest rendezv\u00e9ny\u00e9re New York \u00e1llamban, valamint a z\u00e1r\u00f3fell\u00e9p\u00e9st a kanadai Edmonton International Jazz fesztiv\u00e1lon. A zenekar egybehangz\u00f3 v\u00e9lem\u00e9nye szerint az edmontoni fell\u00e9p\u00e9s siker\u00fclt a legjobban, ez\u00e9rt elhat\u00e1rozt\u00e1k, hogy az ott k\u00e9sz\u00fclt felv\u00e9telt megjelentetik. A Djabe k\u00e9t, k\u00fcl\u00f6nb\u00f6z\u0151 sz\u00e1mokb\u00f3l \u00e1ll\u00f3, teljes koncertet is adott, melyek teljes hossz\u00fas\u00e1gukban kiad\u00e1sra ker\u00fclnek.[:en]In 2019 the band went on an North-American tour. Some of the highlights of this tour is the full house show in the Kennedy Center in Washington, DC, the 8th\u00a0performance at the Rochester International Jazzfest in New York, and the closing gig at the Edmonton International Jazz Festival of Canada. In the band\u2019s opinion the latter show was the best and they decided to release the recorded multitracks. Djabe played 2 sets with different tracklists, now featured both of them on this release.[:]","og_url":"https:\/\/gr1993records.com\/product\/djabe-live-in-edmonton-2cd\/","og_site_name":"GR1993 Records","article_publisher":"https:\/\/www.facebook.com\/GR1993Records-113564886691383\/","article_modified_time":"2026-03-31T09:52:52+00:00","og_image":[{"width":1000,"height":1000,"url":"https:\/\/gr1993records.com\/wp-content\/uploads\/2020\/05\/kiadvany_djabe_liveined_2CD_front.jpg","type":"image\/jpeg"}],"twitter_card":"summary_large_image","twitter_misc":{"Est. reading time":"3 minutes"},"schema":{"@context":"https:\/\/schema.org","@graph":[{"@type":"WebPage","@id":"https:\/\/gr1993records.com\/product\/djabe-live-in-edmonton-2cd\/","url":"https:\/\/gr1993records.com\/product\/djabe-live-in-edmonton-2cd\/","name":"Djabe Live in Edmonton (2CD) &#8211; GR1993 Records","isPartOf":{"@id":"https:\/\/gr1993records.com\/#website"},"primaryImageOfPage":{"@id":"https:\/\/gr1993records.com\/product\/djabe-live-in-edmonton-2cd\/#primaryimage"},"image":{"@id":"https:\/\/gr1993records.com\/product\/djabe-live-in-edmonton-2cd\/#primaryimage"},"thumbnailUrl":"https:\/\/gr1993records.com\/wp-content\/uploads\/2020\/05\/kiadvany_djabe_liveined_2CD_front.jpg","datePublished":"2020-05-13T12:50:23+00:00","dateModified":"2026-03-31T09:52:52+00:00","breadcrumb":{"@id":"https:\/\/gr1993records.com\/product\/djabe-live-in-edmonton-2cd\/#breadcrumb"},"inLanguage":"en-US","potentialAction":[{"@type":"ReadAction","target":["https:\/\/gr1993records.com\/product\/djabe-live-in-edmonton-2cd\/"]}]},{"@type":"ImageObject","inLanguage":"en-US","@id":"https:\/\/gr1993records.com\/product\/djabe-live-in-edmonton-2cd\/#primaryimage","url":"https:\/\/gr1993records.com\/wp-content\/uploads\/2020\/05\/kiadvany_djabe_liveined_2CD_front.jpg","contentUrl":"https:\/\/gr1993records.com\/wp-content\/uploads\/2020\/05\/kiadvany_djabe_liveined_2CD_front.jpg","width":1000,"height":1000,"caption":"Djabe \u2013 Live In Edmonton (2CD) cover"},{"@type":"BreadcrumbList","@id":"https:\/\/gr1993records.com\/product\/djabe-live-in-edmonton-2cd\/#breadcrumb","itemListElement":[{"@type":"ListItem","position":1,"name":"Home","item":"https:\/\/gr1993records.com\/?lang=en"},{"@type":"ListItem","position":2,"name":"Releases","item":"https:\/\/gr1993records.com\/shop\/?lang=en"},{"@type":"ListItem","position":3,"name":"Djabe Live in Edmonton (2CD)"}]},{"@type":"WebSite","@id":"https:\/\/gr1993records.com\/#website","url":"https:\/\/gr1993records.com\/","name":"GR1993 Records","description":"","publisher":{"@id":"https:\/\/gr1993records.com\/#organization"},"potentialAction":[{"@type":"SearchAction","target":{"@type":"EntryPoint","urlTemplate":"https:\/\/gr1993records.com\/?s={search_term_string}"},"query-input":{"@type":"PropertyValueSpecification","valueRequired":true,"valueName":"search_term_string"}}],"inLanguage":"en-US"},{"@type":"Organization","@id":"https:\/\/gr1993records.com\/#organization","name":"Gramy-H Ltd.","url":"https:\/\/gr1993records.com\/","logo":{"@type":"ImageObject","inLanguage":"en-US","@id":"https:\/\/gr1993records.com\/#\/schema\/logo\/image\/","url":"https:\/\/gr1993records.com\/wp-content\/uploads\/2019\/08\/GR1993_Records_logo_CC.png","contentUrl":"https:\/\/gr1993records.com\/wp-content\/uploads\/2019\/08\/GR1993_Records_logo_CC.png","width":2900,"height":2001,"caption":"Gramy-H Ltd."},"image":{"@id":"https:\/\/gr1993records.com\/#\/schema\/logo\/image\/"},"sameAs":["https:\/\/www.facebook.com\/GR1993Records-113564886691383\/"]}]}},"jetpack_sharing_enabled":true,"_links":{"self":[{"href":"https:\/\/gr1993records.com\/wp-json\/wp\/v2\/product\/5766","targetHints":{"allow":["GET"]}}],"collection":[{"href":"https:\/\/gr1993records.com\/wp-json\/wp\/v2\/product"}],"about":[{"href":"https:\/\/gr1993records.com\/wp-json\/wp\/v2\/types\/product"}],"wp:featuredmedia":[{"embeddable":true,"href":"https:\/\/gr1993records.com\/wp-json\/wp\/v2\/media\/5768"}],"wp:attachment":[{"href":"https:\/\/gr1993records.com\/wp-json\/wp\/v2\/media?parent=5766"}],"wp:term":[{"taxonomy":"product_brand","embeddable":true,"href":"https:\/\/gr1993records.com\/wp-json\/wp\/v2\/product_brand?post=5766"},{"taxonomy":"product_cat","embeddable":true,"href":"https:\/\/gr1993records.com\/wp-json\/wp\/v2\/product_cat?post=5766"},{"taxonomy":"product_tag","embeddable":true,"href":"https:\/\/gr1993records.com\/wp-json\/wp\/v2\/product_tag?post=5766"}],"curies":[{"name":"wp","href":"https:\/\/api.w.org\/{rel}","templated":true}]}}