{"id":5691,"date":"2020-04-23T10:24:05","date_gmt":"2020-04-23T10:24:05","guid":{"rendered":"http:\/\/gr1993records.com\/?post_type=product&#038;p=5691"},"modified":"2026-03-31T11:53:51","modified_gmt":"2026-03-31T09:53:51","slug":"djabe-steve-hackett-sipi-emlekkoncert-2cd","status":"publish","type":"product","link":"https:\/\/gr1993records.com\/index.php\/product\/djabe-steve-hackett-sipi-emlekkoncert-2cd\/","title":{"rendered":"Djabe \/ Steve Hackett <\/br>Sipi eml\u00e9kkoncert <\/br>(2CD)"},"content":{"rendered":"<p>[vc_row][vc_column][vc_column_text]A Djabe zenekar 2007. november 30-\u00e1n, Andr\u00e1s napj\u00e1n minden id\u0151k legjobb koncertj\u00e9t adta Budapesten a Pet\u0151fi Csarnokban. Az el\u0151ad\u00e1s aprop\u00f3ja sajnos egy szomor\u00fa esem\u00e9ny volt, m\u00e9gpedig az egyik alap\u00edt\u00f3 tag, Sipos Andr\u00e1s elveszt\u00e9se. Sipi 2007. szeptember 14-\u00e9n tragikus hirtelens\u00e9ggel hunyt el. A zenekar tagjai mindent beleadtak a j\u00e1t\u00e9kukba t\u00e1rsuk eml\u00e9k\u00e9re, akinek szellemis\u00e9ge v\u00e9gig jelen volt a sz\u00ednpadon.\u00a0A koncertet a Djabe mellett Steve Hackett, a Genesis egykori git\u00e1rosa is jegyzi, aki saj\u00e1t k\u00f6lts\u00e9g\u00e9n utazott el Budapestre. A k\u00f6z\u00f6ns\u00e9g egy k\u00fcl\u00f6n Steve Hackett akusztikus blokknak is tapsolhatott. Az el\u0151ad\u00e1s sor\u00e1n sok zen\u00e9szbar\u00e1t is sz\u00ednpadra l\u00e9pett. Dresch Mih\u00e1ly szaxofonon, Balogh K\u00e1lm\u00e1n cimbalmon, Said Tichiti \u00fct\u0151hangszereken, Budai S\u00e1ndor heged\u0171n \u00e9s N\u00e9meth Ferenc \u00e9nekes. A koncert, ahogyan Steve fogalmazott, dics\u0151s\u00e9gg\u00e9 v\u00e1ltoztatta a trag\u00e9di\u00e1t. A vend\u00e9gm\u0171v\u00e9szekkel a Djabe \u00e9s Steve olyan zenei szint\u00e9zist hozott l\u00e9tre, mely egyed\u00fcl\u00e1ll\u00f3 min\u0151s\u00e9get k\u00e9pvisel a zenei \u00e9letben. A n\u00e9gy\u00f3r\u00e1s m\u0171sorban a n\u00e9pzen\u00e9t\u0151l a pop, rock, \u00e9s jazzzen \u00e1t eg\u00e9szen a klasszikus hangv\u00e9telig h\u00f6mp\u00f6lyg\u00f6tt a zenefolyam, melyet a fell\u00e9p\u0151k \u00e1tszellem\u00fclt \u00f6r\u00f6mmel \u00e9s tehets\u00e9ggel adtak el\u0151. A k\u00f6z\u00f6ns\u00e9g t\u00f6bbsz\u00f6r is fel\u00e1llva, vastapssal \u00fcnnepelt.<\/p>\n<p><strong><em>\u201eM\u00e9lt\u00f3 megeml\u00e9kez\u00e9s\u201d<\/em><\/strong><\/p>\n<p><em>\u201e4 \u00f3r\u00e1s monstre koncerttel b\u00facs\u00fazott a Djabe zenekar Sipos Andr\u00e1st\u00f3l. T\u00f6bb vend\u00e9g is fell\u00e9pett, sz\u00edn\u00e9szek, zen\u00e9szek, a szt\u00e1rvend\u00e9g Steve Hackett volt, akit m\u00e9g soha nem l\u00e1ttam ilyen j\u00f3kedv\u0171en j\u00e1tszani.<br \/>\nA koncert el\u0151tt annyit lehetett tudni, hogy a v\u00e1ratlanul elhunyt Sipos Andr\u00e1s eml\u00e9k\u00e9nek szentelt koncerten t\u00f6bb vend\u00e9g is fell\u00e9p majd. Senki nem sejtette, hogy a valamivel 19 \u00f3ra ut\u00e1n kezd\u0151d\u0151 koncertnek 23 \u00f3rakor lesz v\u00e9ge. A 4 \u00f3r\u00e1s koncert csupa meglepet\u00e9st tartogatott. De n\u00e9zz\u00fck sorban az esem\u00e9nyeket\u2026\u201d<\/em>[\/vc_column_text][vc_separator][vc_column_text]<strong>A lemezen szerepl\u0151 el\u0151ad\u00f3k:<\/strong><br \/>\nSipos Andr\u00e1s \u2013 \u00fct\u0151hangszerek, \u00e9nek a k\u00f6vetkez\u0151 sz\u00e1mokban: <em>Djol\u00e9 \u2013 1999-es felv\u00e9tel, Szemreh\u00e1ny\u00e1s \u00e9s Hajd\u00fab\u00f6sz\u00f6rm\u00e9ny utcar\u00e9sz \u2013 2003-as felv\u00e9tel<\/em><\/p>\n<p>Steve Hackett \u2013 akusztikus \u00e9s elektromos git\u00e1r<br \/>\n\u00c9gerh\u00e1zi Attila \u2013 git\u00e1r, \u00fct\u0151hangszerek<br \/>\nBarab\u00e1s Tam\u00e1s \u2013 basszusgit\u00e1r, derbouka<br \/>\nKov\u00e1cs Ferenc \u2013 trombita, heged\u0171, \u00e9nek<br \/>\nKov\u00e1cs Zolt\u00e1n \u2013 billenty\u0171s hangszerek<br \/>\nBanai Szil\u00e1rd \u2013 dobok<br \/>\nDresch Mih\u00e1ly \u2013 szopr\u00e1n \u00e9s tenor szaxofon, furulya<br \/>\nBalogh K\u00e1lm\u00e1n \u2013 cimbalom<br \/>\nSaid Tichiti \u2013 \u00e9nek, gembri, djembe, derbouka<br \/>\nBudai S\u00e1ndor \u2013 heged\u0171<br \/>\nN\u00e9meth Ferenc \u2013 \u00e9nek[\/vc_column_text][vc_separator][vc_column_text]<strong>Djabe \/ Steve Hackett &#8211; Reflection of Thi\u00e9rache<\/strong>[\/vc_column_text][vc_video link=&#8221;https:\/\/www.youtube.com\/watch?v=DjCfve63yiQ&#8221; align=&#8221;center&#8221;][vc_separator][vc_column_text]<strong>Djabe \/ Steve Hackett &#8211; Distant Dance<\/strong>[\/vc_column_text][vc_video link=&#8221;https:\/\/www.youtube.com\/watch?v=Wf6C5Iovy50&#8243; align=&#8221;center&#8221;][\/vc_column][\/vc_row]<\/p>","protected":false},"excerpt":{"rendered":"<p>A Djabe zenekar 2007. november 30-\u00e1n, Andr\u00e1s napj\u00e1n minden id\u0151k legjobb koncertj\u00e9t adta Budapesten a Pet\u0151fi Csarnokban. Az el\u0151ad\u00e1s aprop\u00f3ja sajnos egy szomor\u00fa esem\u00e9ny volt, m\u00e9gpedig az egyik alap\u00edt\u00f3 tag, Sipos Andr\u00e1s elveszt\u00e9se. Steve Hackett t\u00f6bb mint k\u00e9t \u00f3r\u00e1t t\u00f6lt\u00f6tt sz\u00ednpadon \u00e9s nem csak a Djabe sz\u00e1mokban j\u00e1tszott, harem el\u0151adott egy saj\u00e1t akusztikus egyveleget is. Minden id\u0151k egyik legjobb Djabe koncertje volt!<\/p>\n","protected":false},"featured_media":5703,"template":"","meta":[],"product_brand":[],"product_cat":[92],"product_tag":[],"class_list":{"0":"post-5691","1":"product","2":"type-product","3":"status-publish","4":"has-post-thumbnail","6":"product_cat-cd","7":"yith_product_brand-djabe","8":"yith_product_brand-steve-hackett","9":"col-12 col-sm-6 col-md-4","11":"first","12":"instock","13":"sale","14":"shipping-taxable","15":"purchasable","16":"product-type-simple"},"yoast_head":"<!-- This site is optimized with the Yoast SEO plugin v27.2 - https:\/\/yoast.com\/product\/yoast-seo-wordpress\/ -->\n<title>Djabe \/ Steve Hackett Sipi eml\u00e9kkoncert (2CD) &#8211; GR1993 Records<\/title>\n<meta name=\"robots\" content=\"index, follow, max-snippet:-1, max-image-preview:large, max-video-preview:-1\" \/>\n<link rel=\"canonical\" href=\"https:\/\/gr1993records.com\/index.php\/product\/djabe-steve-hackett-sipi-emlekkoncert-2cd\/\" \/>\n<meta property=\"og:locale\" content=\"hu_HU\" \/>\n<meta property=\"og:type\" content=\"article\" \/>\n<meta property=\"og:title\" content=\"Djabe \/ Steve Hackett Sipi eml\u00e9kkoncert (2CD) &#8211; GR1993 Records\" \/>\n<meta property=\"og:description\" content=\"[:hu]A Djabe zenekar 2007. november 30-\u00e1n, Andr\u00e1s napj\u00e1n minden id\u0151k legjobb koncertj\u00e9t adta Budapesten a Pet\u0151fi Csarnokban. Az el\u0151ad\u00e1s aprop\u00f3ja sajnos egy szomor\u00fa esem\u00e9ny volt, m\u00e9gpedig az egyik alap\u00edt\u00f3 tag, Sipos Andr\u00e1s elveszt\u00e9se. Steve Hackett t\u00f6bb mint k\u00e9t \u00f3r\u00e1t t\u00f6lt\u00f6tt sz\u00ednpadon \u00e9s nem csak a Djabe sz\u00e1mokban j\u00e1tszott, harem el\u0151adott egy saj\u00e1t akusztikus egyveleget is. Minden id\u0151k egyik legjobb Djabe koncertje volt![:en]In 2007 Djabe organized a charity concert for their late percussionist Andras Sipos, as they call him, Sipi\u2019s family. Their long time friend, the former Genesis guitar player helped out to fully pack the concert venue in Budapest. Steve was on stage more than two hours, and not only played in the Djabe tunes, but also has an own acoustic medley. It was one of the best Djabe shows ever![:]\" \/>\n<meta property=\"og:url\" content=\"https:\/\/gr1993records.com\/index.php\/product\/djabe-steve-hackett-sipi-emlekkoncert-2cd\/\" \/>\n<meta property=\"og:site_name\" content=\"GR1993 Records\" \/>\n<meta property=\"article:publisher\" content=\"https:\/\/www.facebook.com\/GR1993Records-113564886691383\/\" \/>\n<meta property=\"article:modified_time\" content=\"2026-03-31T09:53:51+00:00\" \/>\n<meta property=\"og:image\" content=\"https:\/\/gr1993records.com\/wp-content\/uploads\/2020\/04\/kiadvany_djabe_sipibenefit_2CD_front.jpg\" \/>\n\t<meta property=\"og:image:width\" content=\"1000\" \/>\n\t<meta property=\"og:image:height\" content=\"1000\" \/>\n\t<meta property=\"og:image:type\" content=\"image\/jpeg\" \/>\n<meta name=\"twitter:card\" content=\"summary_large_image\" \/>\n<meta name=\"twitter:label1\" content=\"Becs\u00fclt olvas\u00e1si id\u0151\" \/>\n\t<meta name=\"twitter:data1\" content=\"4 perc\" \/>\n<script type=\"application\/ld+json\" class=\"yoast-schema-graph\">{\"@context\":\"https:\/\/schema.org\",\"@graph\":[{\"@type\":\"WebPage\",\"@id\":\"https:\/\/gr1993records.com\/index.php\/product\/djabe-steve-hackett-sipi-emlekkoncert-2cd\/\",\"url\":\"https:\/\/gr1993records.com\/index.php\/product\/djabe-steve-hackett-sipi-emlekkoncert-2cd\/\",\"name\":\"Djabe \/ Steve Hackett Sipi eml\u00e9kkoncert (2CD) &#8211; GR1993 Records\",\"isPartOf\":{\"@id\":\"https:\/\/gr1993records.com\/#website\"},\"primaryImageOfPage\":{\"@id\":\"https:\/\/gr1993records.com\/index.php\/product\/djabe-steve-hackett-sipi-emlekkoncert-2cd\/#primaryimage\"},\"image\":{\"@id\":\"https:\/\/gr1993records.com\/index.php\/product\/djabe-steve-hackett-sipi-emlekkoncert-2cd\/#primaryimage\"},\"thumbnailUrl\":\"https:\/\/gr1993records.com\/wp-content\/uploads\/2020\/04\/kiadvany_djabe_sipibenefit_2CD_front.jpg\",\"datePublished\":\"2020-04-23T10:24:05+00:00\",\"dateModified\":\"2026-03-31T09:53:51+00:00\",\"breadcrumb\":{\"@id\":\"https:\/\/gr1993records.com\/index.php\/product\/djabe-steve-hackett-sipi-emlekkoncert-2cd\/#breadcrumb\"},\"inLanguage\":\"hu\",\"potentialAction\":[{\"@type\":\"ReadAction\",\"target\":[\"https:\/\/gr1993records.com\/index.php\/product\/djabe-steve-hackett-sipi-emlekkoncert-2cd\/\"]}]},{\"@type\":\"ImageObject\",\"inLanguage\":\"hu\",\"@id\":\"https:\/\/gr1993records.com\/index.php\/product\/djabe-steve-hackett-sipi-emlekkoncert-2cd\/#primaryimage\",\"url\":\"https:\/\/gr1993records.com\/wp-content\/uploads\/2020\/04\/kiadvany_djabe_sipibenefit_2CD_front.jpg\",\"contentUrl\":\"https:\/\/gr1993records.com\/wp-content\/uploads\/2020\/04\/kiadvany_djabe_sipibenefit_2CD_front.jpg\",\"width\":1000,\"height\":1000,\"caption\":\"Djabe\/Steve Hackett \u2013 Sipi eml\u00e9kkoncert (2CD) cover\"},{\"@type\":\"BreadcrumbList\",\"@id\":\"https:\/\/gr1993records.com\/index.php\/product\/djabe-steve-hackett-sipi-emlekkoncert-2cd\/#breadcrumb\",\"itemListElement\":[{\"@type\":\"ListItem\",\"position\":1,\"name\":\"Home\",\"item\":\"https:\/\/gr1993records.com\/\"},{\"@type\":\"ListItem\",\"position\":2,\"name\":\"Kiadv\u00e1nyok\",\"item\":\"https:\/\/gr1993records.com\/index.php\/shop\/\"},{\"@type\":\"ListItem\",\"position\":3,\"name\":\"[:hu]Djabe \/ Steve Hackett Sipi eml\u00e9kkoncert (2CD)[:en]Djabe \/ Steve Hackett Sipi benefit concert (2CD)[:]\"}]},{\"@type\":\"WebSite\",\"@id\":\"https:\/\/gr1993records.com\/#website\",\"url\":\"https:\/\/gr1993records.com\/\",\"name\":\"GR1993 Records\",\"description\":\"\",\"publisher\":{\"@id\":\"https:\/\/gr1993records.com\/#organization\"},\"potentialAction\":[{\"@type\":\"SearchAction\",\"target\":{\"@type\":\"EntryPoint\",\"urlTemplate\":\"https:\/\/gr1993records.com\/?s={search_term_string}\"},\"query-input\":{\"@type\":\"PropertyValueSpecification\",\"valueRequired\":true,\"valueName\":\"search_term_string\"}}],\"inLanguage\":\"hu\"},{\"@type\":\"Organization\",\"@id\":\"https:\/\/gr1993records.com\/#organization\",\"name\":\"Gramy-H Ltd.\",\"url\":\"https:\/\/gr1993records.com\/\",\"logo\":{\"@type\":\"ImageObject\",\"inLanguage\":\"hu\",\"@id\":\"https:\/\/gr1993records.com\/#\/schema\/logo\/image\/\",\"url\":\"https:\/\/gr1993records.com\/wp-content\/uploads\/2019\/08\/GR1993_Records_logo_CC.png\",\"contentUrl\":\"https:\/\/gr1993records.com\/wp-content\/uploads\/2019\/08\/GR1993_Records_logo_CC.png\",\"width\":2900,\"height\":2001,\"caption\":\"Gramy-H Ltd.\"},\"image\":{\"@id\":\"https:\/\/gr1993records.com\/#\/schema\/logo\/image\/\"},\"sameAs\":[\"https:\/\/www.facebook.com\/GR1993Records-113564886691383\/\"]}]}<\/script>\n<!-- \/ Yoast SEO plugin. -->","yoast_head_json":{"title":"Djabe \/ Steve Hackett Sipi eml\u00e9kkoncert (2CD) &#8211; GR1993 Records","robots":{"index":"index","follow":"follow","max-snippet":"max-snippet:-1","max-image-preview":"max-image-preview:large","max-video-preview":"max-video-preview:-1"},"canonical":"https:\/\/gr1993records.com\/index.php\/product\/djabe-steve-hackett-sipi-emlekkoncert-2cd\/","og_locale":"hu_HU","og_type":"article","og_title":"Djabe \/ Steve Hackett Sipi eml\u00e9kkoncert (2CD) &#8211; GR1993 Records","og_description":"[:hu]A Djabe zenekar 2007. november 30-\u00e1n, Andr\u00e1s napj\u00e1n minden id\u0151k legjobb koncertj\u00e9t adta Budapesten a Pet\u0151fi Csarnokban. Az el\u0151ad\u00e1s aprop\u00f3ja sajnos egy szomor\u00fa esem\u00e9ny volt, m\u00e9gpedig az egyik alap\u00edt\u00f3 tag, Sipos Andr\u00e1s elveszt\u00e9se. Steve Hackett t\u00f6bb mint k\u00e9t \u00f3r\u00e1t t\u00f6lt\u00f6tt sz\u00ednpadon \u00e9s nem csak a Djabe sz\u00e1mokban j\u00e1tszott, harem el\u0151adott egy saj\u00e1t akusztikus egyveleget is. Minden id\u0151k egyik legjobb Djabe koncertje volt![:en]In 2007 Djabe organized a charity concert for their late percussionist Andras Sipos, as they call him, Sipi\u2019s family. Their long time friend, the former Genesis guitar player helped out to fully pack the concert venue in Budapest. Steve was on stage more than two hours, and not only played in the Djabe tunes, but also has an own acoustic medley. It was one of the best Djabe shows ever![:]","og_url":"https:\/\/gr1993records.com\/index.php\/product\/djabe-steve-hackett-sipi-emlekkoncert-2cd\/","og_site_name":"GR1993 Records","article_publisher":"https:\/\/www.facebook.com\/GR1993Records-113564886691383\/","article_modified_time":"2026-03-31T09:53:51+00:00","og_image":[{"width":1000,"height":1000,"url":"https:\/\/gr1993records.com\/wp-content\/uploads\/2020\/04\/kiadvany_djabe_sipibenefit_2CD_front.jpg","type":"image\/jpeg"}],"twitter_card":"summary_large_image","twitter_misc":{"Becs\u00fclt olvas\u00e1si id\u0151":"4 perc"},"schema":{"@context":"https:\/\/schema.org","@graph":[{"@type":"WebPage","@id":"https:\/\/gr1993records.com\/index.php\/product\/djabe-steve-hackett-sipi-emlekkoncert-2cd\/","url":"https:\/\/gr1993records.com\/index.php\/product\/djabe-steve-hackett-sipi-emlekkoncert-2cd\/","name":"Djabe \/ Steve Hackett Sipi eml\u00e9kkoncert (2CD) &#8211; GR1993 Records","isPartOf":{"@id":"https:\/\/gr1993records.com\/#website"},"primaryImageOfPage":{"@id":"https:\/\/gr1993records.com\/index.php\/product\/djabe-steve-hackett-sipi-emlekkoncert-2cd\/#primaryimage"},"image":{"@id":"https:\/\/gr1993records.com\/index.php\/product\/djabe-steve-hackett-sipi-emlekkoncert-2cd\/#primaryimage"},"thumbnailUrl":"https:\/\/gr1993records.com\/wp-content\/uploads\/2020\/04\/kiadvany_djabe_sipibenefit_2CD_front.jpg","datePublished":"2020-04-23T10:24:05+00:00","dateModified":"2026-03-31T09:53:51+00:00","breadcrumb":{"@id":"https:\/\/gr1993records.com\/index.php\/product\/djabe-steve-hackett-sipi-emlekkoncert-2cd\/#breadcrumb"},"inLanguage":"hu","potentialAction":[{"@type":"ReadAction","target":["https:\/\/gr1993records.com\/index.php\/product\/djabe-steve-hackett-sipi-emlekkoncert-2cd\/"]}]},{"@type":"ImageObject","inLanguage":"hu","@id":"https:\/\/gr1993records.com\/index.php\/product\/djabe-steve-hackett-sipi-emlekkoncert-2cd\/#primaryimage","url":"https:\/\/gr1993records.com\/wp-content\/uploads\/2020\/04\/kiadvany_djabe_sipibenefit_2CD_front.jpg","contentUrl":"https:\/\/gr1993records.com\/wp-content\/uploads\/2020\/04\/kiadvany_djabe_sipibenefit_2CD_front.jpg","width":1000,"height":1000,"caption":"Djabe\/Steve Hackett \u2013 Sipi eml\u00e9kkoncert (2CD) cover"},{"@type":"BreadcrumbList","@id":"https:\/\/gr1993records.com\/index.php\/product\/djabe-steve-hackett-sipi-emlekkoncert-2cd\/#breadcrumb","itemListElement":[{"@type":"ListItem","position":1,"name":"Home","item":"https:\/\/gr1993records.com\/"},{"@type":"ListItem","position":2,"name":"Kiadv\u00e1nyok","item":"https:\/\/gr1993records.com\/index.php\/shop\/"},{"@type":"ListItem","position":3,"name":"[:hu]Djabe \/ Steve Hackett Sipi eml\u00e9kkoncert (2CD)[:en]Djabe \/ Steve Hackett Sipi benefit concert (2CD)[:]"}]},{"@type":"WebSite","@id":"https:\/\/gr1993records.com\/#website","url":"https:\/\/gr1993records.com\/","name":"GR1993 Records","description":"","publisher":{"@id":"https:\/\/gr1993records.com\/#organization"},"potentialAction":[{"@type":"SearchAction","target":{"@type":"EntryPoint","urlTemplate":"https:\/\/gr1993records.com\/?s={search_term_string}"},"query-input":{"@type":"PropertyValueSpecification","valueRequired":true,"valueName":"search_term_string"}}],"inLanguage":"hu"},{"@type":"Organization","@id":"https:\/\/gr1993records.com\/#organization","name":"Gramy-H Ltd.","url":"https:\/\/gr1993records.com\/","logo":{"@type":"ImageObject","inLanguage":"hu","@id":"https:\/\/gr1993records.com\/#\/schema\/logo\/image\/","url":"https:\/\/gr1993records.com\/wp-content\/uploads\/2019\/08\/GR1993_Records_logo_CC.png","contentUrl":"https:\/\/gr1993records.com\/wp-content\/uploads\/2019\/08\/GR1993_Records_logo_CC.png","width":2900,"height":2001,"caption":"Gramy-H Ltd."},"image":{"@id":"https:\/\/gr1993records.com\/#\/schema\/logo\/image\/"},"sameAs":["https:\/\/www.facebook.com\/GR1993Records-113564886691383\/"]}]}},"jetpack_sharing_enabled":true,"_links":{"self":[{"href":"https:\/\/gr1993records.com\/index.php\/wp-json\/wp\/v2\/product\/5691","targetHints":{"allow":["GET"]}}],"collection":[{"href":"https:\/\/gr1993records.com\/index.php\/wp-json\/wp\/v2\/product"}],"about":[{"href":"https:\/\/gr1993records.com\/index.php\/wp-json\/wp\/v2\/types\/product"}],"wp:featuredmedia":[{"embeddable":true,"href":"https:\/\/gr1993records.com\/index.php\/wp-json\/wp\/v2\/media\/5703"}],"wp:attachment":[{"href":"https:\/\/gr1993records.com\/index.php\/wp-json\/wp\/v2\/media?parent=5691"}],"wp:term":[{"taxonomy":"product_brand","embeddable":true,"href":"https:\/\/gr1993records.com\/index.php\/wp-json\/wp\/v2\/product_brand?post=5691"},{"taxonomy":"product_cat","embeddable":true,"href":"https:\/\/gr1993records.com\/index.php\/wp-json\/wp\/v2\/product_cat?post=5691"},{"taxonomy":"product_tag","embeddable":true,"href":"https:\/\/gr1993records.com\/index.php\/wp-json\/wp\/v2\/product_tag?post=5691"}],"curies":[{"name":"wp","href":"https:\/\/api.w.org\/{rel}","templated":true}]}}