{"id":5670,"date":"2020-04-07T14:40:56","date_gmt":"2020-04-07T12:40:56","guid":{"rendered":"http:\/\/gr1993records.com\/?post_type=product&#038;p=5670"},"modified":"2026-03-31T11:54:07","modified_gmt":"2026-03-31T09:54:07","slug":"john-hackett-steve-hackett-sketches-of-satie-lp","status":"publish","type":"product","link":"https:\/\/gr1993records.com\/index.php\/product\/john-hackett-steve-hackett-sketches-of-satie-lp\/","title":{"rendered":"John Hackett, Steve Hackett <\/br>Sketches of Satie <\/br>(LP)"},"content":{"rendered":"<p>[vc_row][vc_column][vc_column_text]John \u00e9s Steve Hackett: Sketches of Satie c\u00edm\u0171 Erik Satie feldolgoz\u00e1sokat tartalmaz\u00f3 albuma a Gramy-H Kft. gondoz\u00e1s\u00e1ban kiad\u00e1sra ker\u00fclt 180g-os audiofil vinyl lemezen is. Az anal\u00f3g hangz\u00e1s szerelmeseinek igazi csemege a CD teljes anyag\u00e1t tartalmaz\u00f3 49 perces korong.<br \/>\nErik Satie var\u00e1zslatos zen\u00e9j\u00e9t Steve Hackett hangszerelte \u00e1t akusztikus git\u00e1rra \u00e9s fuvol\u00e1ra. A Gnossienne \u00e9s a Gymnop\u00e9die darabokat hallgatni mai zaklatott, d\u00fcb\u00f6rg\u0151 vil\u00e1gunkban nyugtat\u00f3 fel\u00fcd\u00fcl\u00e9s, k\u00fcl\u00f6n\u00f6sen lemezj\u00e1tsz\u00f3r\u00f3l. Hackett \u00e9s bakelit rajong\u00f3knak k\u00f6telez\u0151.[\/vc_column_text][vc_separator][vc_column_text]<strong>A lemezen szerepl\u0151 el\u0151ad\u00f3k<\/strong><br \/>\nJohn Hackett &#8211; Fuvola<br \/>\nSteve Hackett &#8211; Git\u00e1r[\/vc_column_text][\/vc_column][\/vc_row]<\/p>","protected":false},"excerpt":{"rendered":"<p>John \u00e9s Steve Hackett: Sketches of Satie c\u00edm\u0171 Erik Satie feldolgoz\u00e1sokat tartalmaz\u00f3 albuma korl\u00e1tozott darabsz\u00e1mban kiad\u00e1sra ker\u00fclt 180g-os audiofil vinyl lemezen is. Az anal\u00f3g hangz\u00e1s szerelmeseinek igazi csemege a CD teljes anyag\u00e1t tartalmaz\u00f3 49 perces korong.<\/p>\n","protected":false},"featured_media":5671,"template":"","meta":[],"product_brand":[],"product_cat":[91],"product_tag":[],"class_list":{"0":"post-5670","1":"product","2":"type-product","3":"status-publish","4":"has-post-thumbnail","6":"product_cat-lp","7":"yith_product_brand-steve-hackett","8":"col-12 col-sm-6 col-md-4","10":"first","11":"outofstock","12":"sale","13":"sold-individually","14":"shipping-taxable","15":"purchasable","16":"product-type-simple"},"yoast_head":"<!-- This site is optimized with the Yoast SEO plugin v27.2 - https:\/\/yoast.com\/product\/yoast-seo-wordpress\/ -->\n<title>John Hackett, Steve Hackett Sketches of Satie (LP) &#8211; GR1993 Records<\/title>\n<meta name=\"robots\" content=\"index, follow, max-snippet:-1, max-image-preview:large, max-video-preview:-1\" \/>\n<link rel=\"canonical\" href=\"https:\/\/gr1993records.com\/index.php\/product\/john-hackett-steve-hackett-sketches-of-satie-lp\/\" \/>\n<meta property=\"og:locale\" content=\"hu_HU\" \/>\n<meta property=\"og:type\" content=\"article\" \/>\n<meta property=\"og:title\" content=\"John Hackett, Steve Hackett Sketches of Satie (LP) &#8211; GR1993 Records\" \/>\n<meta property=\"og:description\" content=\"[:hu]John \u00e9s Steve Hackett: Sketches of Satie c\u00edm\u0171 Erik Satie feldolgoz\u00e1sokat tartalmaz\u00f3 albuma korl\u00e1tozott darabsz\u00e1mban kiad\u00e1sra ker\u00fclt 180g-os audiofil vinyl lemezen is. Az anal\u00f3g hangz\u00e1s szerelmeseinek igazi csemege a CD teljes anyag\u00e1t tartalmaz\u00f3 49 perces korong.[:en]Last copies of the vinyl version of the \u201cSketches of Satie\u201d album from 2000 Limited edition. Get \u2019em while you can![:]\" \/>\n<meta property=\"og:url\" content=\"https:\/\/gr1993records.com\/index.php\/product\/john-hackett-steve-hackett-sketches-of-satie-lp\/\" \/>\n<meta property=\"og:site_name\" content=\"GR1993 Records\" \/>\n<meta property=\"article:publisher\" content=\"https:\/\/www.facebook.com\/GR1993Records-113564886691383\/\" \/>\n<meta property=\"article:modified_time\" content=\"2026-03-31T09:54:07+00:00\" \/>\n<meta property=\"og:image\" content=\"https:\/\/gr1993records.com\/wp-content\/uploads\/2020\/04\/kiadvany_john_steve_hackett_sketches_of_satie_LP_front.jpg\" \/>\n\t<meta property=\"og:image:width\" content=\"1000\" \/>\n\t<meta property=\"og:image:height\" content=\"1000\" \/>\n\t<meta property=\"og:image:type\" content=\"image\/jpeg\" \/>\n<meta name=\"twitter:card\" content=\"summary_large_image\" \/>\n<meta name=\"twitter:label1\" content=\"Becs\u00fclt olvas\u00e1si id\u0151\" \/>\n\t<meta name=\"twitter:data1\" content=\"2 perc\" \/>\n<script type=\"application\/ld+json\" class=\"yoast-schema-graph\">{\"@context\":\"https:\/\/schema.org\",\"@graph\":[{\"@type\":\"WebPage\",\"@id\":\"https:\/\/gr1993records.com\/index.php\/product\/john-hackett-steve-hackett-sketches-of-satie-lp\/\",\"url\":\"https:\/\/gr1993records.com\/index.php\/product\/john-hackett-steve-hackett-sketches-of-satie-lp\/\",\"name\":\"John Hackett, Steve Hackett Sketches of Satie (LP) &#8211; GR1993 Records\",\"isPartOf\":{\"@id\":\"https:\/\/gr1993records.com\/#website\"},\"primaryImageOfPage\":{\"@id\":\"https:\/\/gr1993records.com\/index.php\/product\/john-hackett-steve-hackett-sketches-of-satie-lp\/#primaryimage\"},\"image\":{\"@id\":\"https:\/\/gr1993records.com\/index.php\/product\/john-hackett-steve-hackett-sketches-of-satie-lp\/#primaryimage\"},\"thumbnailUrl\":\"https:\/\/gr1993records.com\/wp-content\/uploads\/2020\/04\/kiadvany_john_steve_hackett_sketches_of_satie_LP_front.jpg\",\"datePublished\":\"2020-04-07T12:40:56+00:00\",\"dateModified\":\"2026-03-31T09:54:07+00:00\",\"breadcrumb\":{\"@id\":\"https:\/\/gr1993records.com\/index.php\/product\/john-hackett-steve-hackett-sketches-of-satie-lp\/#breadcrumb\"},\"inLanguage\":\"hu\",\"potentialAction\":[{\"@type\":\"ReadAction\",\"target\":[\"https:\/\/gr1993records.com\/index.php\/product\/john-hackett-steve-hackett-sketches-of-satie-lp\/\"]}]},{\"@type\":\"ImageObject\",\"inLanguage\":\"hu\",\"@id\":\"https:\/\/gr1993records.com\/index.php\/product\/john-hackett-steve-hackett-sketches-of-satie-lp\/#primaryimage\",\"url\":\"https:\/\/gr1993records.com\/wp-content\/uploads\/2020\/04\/kiadvany_john_steve_hackett_sketches_of_satie_LP_front.jpg\",\"contentUrl\":\"https:\/\/gr1993records.com\/wp-content\/uploads\/2020\/04\/kiadvany_john_steve_hackett_sketches_of_satie_LP_front.jpg\",\"width\":1000,\"height\":1000,\"caption\":\"John Hackett Steve Hackett \u2013 Sketches of Satie (LP) cover\"},{\"@type\":\"BreadcrumbList\",\"@id\":\"https:\/\/gr1993records.com\/index.php\/product\/john-hackett-steve-hackett-sketches-of-satie-lp\/#breadcrumb\",\"itemListElement\":[{\"@type\":\"ListItem\",\"position\":1,\"name\":\"Home\",\"item\":\"https:\/\/gr1993records.com\/\"},{\"@type\":\"ListItem\",\"position\":2,\"name\":\"Kiadv\u00e1nyok\",\"item\":\"https:\/\/gr1993records.com\/index.php\/shop\/\"},{\"@type\":\"ListItem\",\"position\":3,\"name\":\"John Hackett, Steve Hackett Sketches of Satie (LP)\"}]},{\"@type\":\"WebSite\",\"@id\":\"https:\/\/gr1993records.com\/#website\",\"url\":\"https:\/\/gr1993records.com\/\",\"name\":\"GR1993 Records\",\"description\":\"\",\"publisher\":{\"@id\":\"https:\/\/gr1993records.com\/#organization\"},\"potentialAction\":[{\"@type\":\"SearchAction\",\"target\":{\"@type\":\"EntryPoint\",\"urlTemplate\":\"https:\/\/gr1993records.com\/?s={search_term_string}\"},\"query-input\":{\"@type\":\"PropertyValueSpecification\",\"valueRequired\":true,\"valueName\":\"search_term_string\"}}],\"inLanguage\":\"hu\"},{\"@type\":\"Organization\",\"@id\":\"https:\/\/gr1993records.com\/#organization\",\"name\":\"Gramy-H Ltd.\",\"url\":\"https:\/\/gr1993records.com\/\",\"logo\":{\"@type\":\"ImageObject\",\"inLanguage\":\"hu\",\"@id\":\"https:\/\/gr1993records.com\/#\/schema\/logo\/image\/\",\"url\":\"https:\/\/gr1993records.com\/wp-content\/uploads\/2019\/08\/GR1993_Records_logo_CC.png\",\"contentUrl\":\"https:\/\/gr1993records.com\/wp-content\/uploads\/2019\/08\/GR1993_Records_logo_CC.png\",\"width\":2900,\"height\":2001,\"caption\":\"Gramy-H Ltd.\"},\"image\":{\"@id\":\"https:\/\/gr1993records.com\/#\/schema\/logo\/image\/\"},\"sameAs\":[\"https:\/\/www.facebook.com\/GR1993Records-113564886691383\/\"]}]}<\/script>\n<!-- \/ Yoast SEO plugin. -->","yoast_head_json":{"title":"John Hackett, Steve Hackett Sketches of Satie (LP) &#8211; GR1993 Records","robots":{"index":"index","follow":"follow","max-snippet":"max-snippet:-1","max-image-preview":"max-image-preview:large","max-video-preview":"max-video-preview:-1"},"canonical":"https:\/\/gr1993records.com\/index.php\/product\/john-hackett-steve-hackett-sketches-of-satie-lp\/","og_locale":"hu_HU","og_type":"article","og_title":"John Hackett, Steve Hackett Sketches of Satie (LP) &#8211; GR1993 Records","og_description":"[:hu]John \u00e9s Steve Hackett: Sketches of Satie c\u00edm\u0171 Erik Satie feldolgoz\u00e1sokat tartalmaz\u00f3 albuma korl\u00e1tozott darabsz\u00e1mban kiad\u00e1sra ker\u00fclt 180g-os audiofil vinyl lemezen is. Az anal\u00f3g hangz\u00e1s szerelmeseinek igazi csemege a CD teljes anyag\u00e1t tartalmaz\u00f3 49 perces korong.[:en]Last copies of the vinyl version of the \u201cSketches of Satie\u201d album from 2000 Limited edition. Get \u2019em while you can![:]","og_url":"https:\/\/gr1993records.com\/index.php\/product\/john-hackett-steve-hackett-sketches-of-satie-lp\/","og_site_name":"GR1993 Records","article_publisher":"https:\/\/www.facebook.com\/GR1993Records-113564886691383\/","article_modified_time":"2026-03-31T09:54:07+00:00","og_image":[{"width":1000,"height":1000,"url":"https:\/\/gr1993records.com\/wp-content\/uploads\/2020\/04\/kiadvany_john_steve_hackett_sketches_of_satie_LP_front.jpg","type":"image\/jpeg"}],"twitter_card":"summary_large_image","twitter_misc":{"Becs\u00fclt olvas\u00e1si id\u0151":"2 perc"},"schema":{"@context":"https:\/\/schema.org","@graph":[{"@type":"WebPage","@id":"https:\/\/gr1993records.com\/index.php\/product\/john-hackett-steve-hackett-sketches-of-satie-lp\/","url":"https:\/\/gr1993records.com\/index.php\/product\/john-hackett-steve-hackett-sketches-of-satie-lp\/","name":"John Hackett, Steve Hackett Sketches of Satie (LP) &#8211; GR1993 Records","isPartOf":{"@id":"https:\/\/gr1993records.com\/#website"},"primaryImageOfPage":{"@id":"https:\/\/gr1993records.com\/index.php\/product\/john-hackett-steve-hackett-sketches-of-satie-lp\/#primaryimage"},"image":{"@id":"https:\/\/gr1993records.com\/index.php\/product\/john-hackett-steve-hackett-sketches-of-satie-lp\/#primaryimage"},"thumbnailUrl":"https:\/\/gr1993records.com\/wp-content\/uploads\/2020\/04\/kiadvany_john_steve_hackett_sketches_of_satie_LP_front.jpg","datePublished":"2020-04-07T12:40:56+00:00","dateModified":"2026-03-31T09:54:07+00:00","breadcrumb":{"@id":"https:\/\/gr1993records.com\/index.php\/product\/john-hackett-steve-hackett-sketches-of-satie-lp\/#breadcrumb"},"inLanguage":"hu","potentialAction":[{"@type":"ReadAction","target":["https:\/\/gr1993records.com\/index.php\/product\/john-hackett-steve-hackett-sketches-of-satie-lp\/"]}]},{"@type":"ImageObject","inLanguage":"hu","@id":"https:\/\/gr1993records.com\/index.php\/product\/john-hackett-steve-hackett-sketches-of-satie-lp\/#primaryimage","url":"https:\/\/gr1993records.com\/wp-content\/uploads\/2020\/04\/kiadvany_john_steve_hackett_sketches_of_satie_LP_front.jpg","contentUrl":"https:\/\/gr1993records.com\/wp-content\/uploads\/2020\/04\/kiadvany_john_steve_hackett_sketches_of_satie_LP_front.jpg","width":1000,"height":1000,"caption":"John Hackett Steve Hackett \u2013 Sketches of Satie (LP) cover"},{"@type":"BreadcrumbList","@id":"https:\/\/gr1993records.com\/index.php\/product\/john-hackett-steve-hackett-sketches-of-satie-lp\/#breadcrumb","itemListElement":[{"@type":"ListItem","position":1,"name":"Home","item":"https:\/\/gr1993records.com\/"},{"@type":"ListItem","position":2,"name":"Kiadv\u00e1nyok","item":"https:\/\/gr1993records.com\/index.php\/shop\/"},{"@type":"ListItem","position":3,"name":"John Hackett, Steve Hackett Sketches of Satie (LP)"}]},{"@type":"WebSite","@id":"https:\/\/gr1993records.com\/#website","url":"https:\/\/gr1993records.com\/","name":"GR1993 Records","description":"","publisher":{"@id":"https:\/\/gr1993records.com\/#organization"},"potentialAction":[{"@type":"SearchAction","target":{"@type":"EntryPoint","urlTemplate":"https:\/\/gr1993records.com\/?s={search_term_string}"},"query-input":{"@type":"PropertyValueSpecification","valueRequired":true,"valueName":"search_term_string"}}],"inLanguage":"hu"},{"@type":"Organization","@id":"https:\/\/gr1993records.com\/#organization","name":"Gramy-H Ltd.","url":"https:\/\/gr1993records.com\/","logo":{"@type":"ImageObject","inLanguage":"hu","@id":"https:\/\/gr1993records.com\/#\/schema\/logo\/image\/","url":"https:\/\/gr1993records.com\/wp-content\/uploads\/2019\/08\/GR1993_Records_logo_CC.png","contentUrl":"https:\/\/gr1993records.com\/wp-content\/uploads\/2019\/08\/GR1993_Records_logo_CC.png","width":2900,"height":2001,"caption":"Gramy-H Ltd."},"image":{"@id":"https:\/\/gr1993records.com\/#\/schema\/logo\/image\/"},"sameAs":["https:\/\/www.facebook.com\/GR1993Records-113564886691383\/"]}]}},"jetpack_sharing_enabled":true,"_links":{"self":[{"href":"https:\/\/gr1993records.com\/index.php\/wp-json\/wp\/v2\/product\/5670","targetHints":{"allow":["GET"]}}],"collection":[{"href":"https:\/\/gr1993records.com\/index.php\/wp-json\/wp\/v2\/product"}],"about":[{"href":"https:\/\/gr1993records.com\/index.php\/wp-json\/wp\/v2\/types\/product"}],"wp:featuredmedia":[{"embeddable":true,"href":"https:\/\/gr1993records.com\/index.php\/wp-json\/wp\/v2\/media\/5671"}],"wp:attachment":[{"href":"https:\/\/gr1993records.com\/index.php\/wp-json\/wp\/v2\/media?parent=5670"}],"wp:term":[{"taxonomy":"product_brand","embeddable":true,"href":"https:\/\/gr1993records.com\/index.php\/wp-json\/wp\/v2\/product_brand?post=5670"},{"taxonomy":"product_cat","embeddable":true,"href":"https:\/\/gr1993records.com\/index.php\/wp-json\/wp\/v2\/product_cat?post=5670"},{"taxonomy":"product_tag","embeddable":true,"href":"https:\/\/gr1993records.com\/index.php\/wp-json\/wp\/v2\/product_tag?post=5670"}],"curies":[{"name":"wp","href":"https:\/\/api.w.org\/{rel}","templated":true}]}}