{"id":5601,"date":"2020-04-03T12:00:33","date_gmt":"2020-04-03T10:00:33","guid":{"rendered":"http:\/\/gr1993records.com\/?post_type=product&#038;p=5601"},"modified":"2026-03-31T11:55:22","modified_gmt":"2026-03-31T09:55:22","slug":"horgas-eszter-arcai-ii-hazafele-cd","status":"publish","type":"product","link":"https:\/\/gr1993records.com\/index.php\/product\/horgas-eszter-arcai-ii-hazafele-cd\/","title":{"rendered":"Horgas Eszter Arcai II. <\/br>Hazafel\u00e9 <\/br>(CD)"},"content":{"rendered":"<p>[vc_row][vc_column][vc_column_text]A n\u00e9pszer\u0171 Horgas Eszter Arcai sorozat m\u00e1sodik CD-je, melyet szimf\u00f3nikus \u00e9s jazz zenekar k\u00f6zrem\u0171k\u00f6d\u00e9s\u00e9vel k\u00e9sz\u00edtett el. Igazi crossover csemege, melyet az Artisjus, eMeRTon, Erkel d\u00edjas zeneszerz\u0151, a Djabe zongorist\u00e1ja Nagy J\u00e1nos szerezett. A hazai jazz \u00e9let olyan kiv\u00e1l\u00f3s\u00e1gai m\u0171k\u00f6dnek k\u00f6zre rajta, mint pl. L\u00e1szl\u00f3 Attila (git\u00e1r), Borb\u00e9ly Mih\u00e1ly (szaxofon), Bal\u00f3 Istv\u00e1n (dob) stb.<br \/>\nA Horgas Eszter Arcai sorozat m\u00e1sodik darabja t\u00falhaladta az els\u0151 sikereit is.[\/vc_column_text][vc_separator][vc_column_text]<b>A lemezen szerepl\u0151 el\u0151ad\u00f3k:<\/b><br \/>\nHorgas Eszter &#8211; fuvola, altfuvola<br \/>\nNagy J\u00e1nos &#8211; zongora, szintetiz\u00e1tor<br \/>\nL\u00e1szl\u00f3 Attila &#8211; git\u00e1r<br \/>\nBorb\u00e9ly Mih\u00e1ly &#8211; saxofon, t\u00e1rogat\u00f3, klarin\u00e9t<br \/>\nSzappanos Gy\u00f6rgy &#8211; basszusgit\u00e1r<br \/>\nTisza Bea &#8211; \u00e9nek<br \/>\nBal\u00f3 Istv\u00e1n &#8211; dobok<br \/>\nF\u00fcd\u0151 S\u00e1ndor &#8211; \u00fct\u0151hangszerek, szintetiz\u00e1tor<br \/>\nFrankie L\u00e1t\u00f3 &#8211; heged\u0171<br \/>\nWeiner Sz\u00e1sz Kamarazenekar<br \/>\nvez\u00e9nyel &#8211; Vajda Gergely[\/vc_column_text][\/vc_column][\/vc_row]<\/p>","protected":false},"excerpt":{"rendered":"<p>A n\u00e9pszer\u0171 fuvolam\u0171v\u00e9szn\u0151 kiadv\u00e1nysorozat\u00e1nak m\u00e1sodik CD-je, melyet szimfonikus \u00e9s jazz zenekar k\u00f6zrem\u0171k\u00f6d\u00e9s\u00e9vel k\u00e9sz\u00edtett el. A zeneanyagot a kit\u0171n\u0151 zongorista, Nagy J\u00e1nos szerezte \u00e9s a hazai jazz \u00e9let kiv\u00e1l\u00f3s\u00e1gai k\u00f6zrem\u0171k\u00f6dnek rajta, \u00edgy Borb\u00e9ly Mih\u00e1ly, Tisza Bea, L\u00e1szl\u00f3 Attila, Bal\u00f3 Istv\u00e1n.<\/p>\n","protected":false},"featured_media":5603,"template":"","meta":[],"product_brand":[],"product_cat":[92],"product_tag":[],"class_list":{"0":"post-5601","1":"product","2":"type-product","3":"status-publish","4":"has-post-thumbnail","6":"product_cat-cd","7":"yith_product_brand-horgas-eszter","8":"col-12 col-sm-6 col-md-4","10":"first","11":"outofstock","12":"sale","13":"shipping-taxable","14":"purchasable","15":"product-type-simple"},"yoast_head":"<!-- This site is optimized with the Yoast SEO plugin v27.2 - https:\/\/yoast.com\/product\/yoast-seo-wordpress\/ -->\n<title>Horgas Eszter Arcai II. Hazafel\u00e9 (CD) &#8211; GR1993 Records<\/title>\n<meta name=\"robots\" content=\"index, follow, max-snippet:-1, max-image-preview:large, max-video-preview:-1\" \/>\n<link rel=\"canonical\" href=\"https:\/\/gr1993records.com\/index.php\/product\/horgas-eszter-arcai-ii-hazafele-cd\/\" \/>\n<meta property=\"og:locale\" content=\"hu_HU\" \/>\n<meta property=\"og:type\" content=\"article\" \/>\n<meta property=\"og:title\" content=\"Horgas Eszter Arcai II. Hazafel\u00e9 (CD) &#8211; GR1993 Records\" \/>\n<meta property=\"og:description\" content=\"[:hu]A n\u00e9pszer\u0171 fuvolam\u0171v\u00e9szn\u0151 kiadv\u00e1nysorozat\u00e1nak m\u00e1sodik CD-je, melyet szimfonikus \u00e9s jazz zenekar k\u00f6zrem\u0171k\u00f6d\u00e9s\u00e9vel k\u00e9sz\u00edtett el. A zeneanyagot a kit\u0171n\u0151 zongorista, Nagy J\u00e1nos szerezte \u00e9s a hazai jazz \u00e9let kiv\u00e1l\u00f3s\u00e1gai k\u00f6zrem\u0171k\u00f6dnek rajta, \u00edgy Borb\u00e9ly Mih\u00e1ly, Tisza Bea, L\u00e1szl\u00f3 Attila, Bal\u00f3 Istv\u00e1n.[:en]This CD is the second instalment of the series \u201cHorgas Eszter Arcai\u201d by popular flautist Eszter Horgas, recorded in tandem with a symphonic and jazz orchestra. Composed by excellent pianist J\u00e1nos Nagy and hallmarked by jazz scene giants like Mih\u00e1ly Borb\u00e9ly, Bea Tisza, Attila L\u00e1szl\u00f3, Istv\u00e1n Bal\u00f3 and others.[:]\" \/>\n<meta property=\"og:url\" content=\"https:\/\/gr1993records.com\/index.php\/product\/horgas-eszter-arcai-ii-hazafele-cd\/\" \/>\n<meta property=\"og:site_name\" content=\"GR1993 Records\" \/>\n<meta property=\"article:publisher\" content=\"https:\/\/www.facebook.com\/GR1993Records-113564886691383\/\" \/>\n<meta property=\"article:modified_time\" content=\"2026-03-31T09:55:22+00:00\" \/>\n<meta property=\"og:image\" content=\"https:\/\/gr1993records.com\/wp-content\/uploads\/2020\/01\/kiadvany_horgas_eszter_II_hazafele_CD_front.jpg\" \/>\n\t<meta property=\"og:image:width\" content=\"1000\" \/>\n\t<meta property=\"og:image:height\" content=\"1000\" \/>\n\t<meta property=\"og:image:type\" content=\"image\/jpeg\" \/>\n<meta name=\"twitter:card\" content=\"summary_large_image\" \/>\n<meta name=\"twitter:label1\" content=\"Becs\u00fclt olvas\u00e1si id\u0151\" \/>\n\t<meta name=\"twitter:data1\" content=\"1 perc\" \/>\n<script type=\"application\/ld+json\" class=\"yoast-schema-graph\">{\"@context\":\"https:\/\/schema.org\",\"@graph\":[{\"@type\":\"WebPage\",\"@id\":\"https:\/\/gr1993records.com\/index.php\/product\/horgas-eszter-arcai-ii-hazafele-cd\/\",\"url\":\"https:\/\/gr1993records.com\/index.php\/product\/horgas-eszter-arcai-ii-hazafele-cd\/\",\"name\":\"Horgas Eszter Arcai II. Hazafel\u00e9 (CD) &#8211; GR1993 Records\",\"isPartOf\":{\"@id\":\"https:\/\/gr1993records.com\/#website\"},\"primaryImageOfPage\":{\"@id\":\"https:\/\/gr1993records.com\/index.php\/product\/horgas-eszter-arcai-ii-hazafele-cd\/#primaryimage\"},\"image\":{\"@id\":\"https:\/\/gr1993records.com\/index.php\/product\/horgas-eszter-arcai-ii-hazafele-cd\/#primaryimage\"},\"thumbnailUrl\":\"https:\/\/gr1993records.com\/wp-content\/uploads\/2020\/01\/kiadvany_horgas_eszter_II_hazafele_CD_front.jpg\",\"datePublished\":\"2020-04-03T10:00:33+00:00\",\"dateModified\":\"2026-03-31T09:55:22+00:00\",\"breadcrumb\":{\"@id\":\"https:\/\/gr1993records.com\/index.php\/product\/horgas-eszter-arcai-ii-hazafele-cd\/#breadcrumb\"},\"inLanguage\":\"hu\",\"potentialAction\":[{\"@type\":\"ReadAction\",\"target\":[\"https:\/\/gr1993records.com\/index.php\/product\/horgas-eszter-arcai-ii-hazafele-cd\/\"]}]},{\"@type\":\"ImageObject\",\"inLanguage\":\"hu\",\"@id\":\"https:\/\/gr1993records.com\/index.php\/product\/horgas-eszter-arcai-ii-hazafele-cd\/#primaryimage\",\"url\":\"https:\/\/gr1993records.com\/wp-content\/uploads\/2020\/01\/kiadvany_horgas_eszter_II_hazafele_CD_front.jpg\",\"contentUrl\":\"https:\/\/gr1993records.com\/wp-content\/uploads\/2020\/01\/kiadvany_horgas_eszter_II_hazafele_CD_front.jpg\",\"width\":1000,\"height\":1000,\"caption\":\"Horgas Eszter Arcai II. \u2013 Hazafele (CD) cover\"},{\"@type\":\"BreadcrumbList\",\"@id\":\"https:\/\/gr1993records.com\/index.php\/product\/horgas-eszter-arcai-ii-hazafele-cd\/#breadcrumb\",\"itemListElement\":[{\"@type\":\"ListItem\",\"position\":1,\"name\":\"Home\",\"item\":\"https:\/\/gr1993records.com\/\"},{\"@type\":\"ListItem\",\"position\":2,\"name\":\"Kiadv\u00e1nyok\",\"item\":\"https:\/\/gr1993records.com\/index.php\/shop\/\"},{\"@type\":\"ListItem\",\"position\":3,\"name\":\"Horgas Eszter Arcai II. Hazafel\u00e9 (CD)\"}]},{\"@type\":\"WebSite\",\"@id\":\"https:\/\/gr1993records.com\/#website\",\"url\":\"https:\/\/gr1993records.com\/\",\"name\":\"GR1993 Records\",\"description\":\"\",\"publisher\":{\"@id\":\"https:\/\/gr1993records.com\/#organization\"},\"potentialAction\":[{\"@type\":\"SearchAction\",\"target\":{\"@type\":\"EntryPoint\",\"urlTemplate\":\"https:\/\/gr1993records.com\/?s={search_term_string}\"},\"query-input\":{\"@type\":\"PropertyValueSpecification\",\"valueRequired\":true,\"valueName\":\"search_term_string\"}}],\"inLanguage\":\"hu\"},{\"@type\":\"Organization\",\"@id\":\"https:\/\/gr1993records.com\/#organization\",\"name\":\"Gramy-H Ltd.\",\"url\":\"https:\/\/gr1993records.com\/\",\"logo\":{\"@type\":\"ImageObject\",\"inLanguage\":\"hu\",\"@id\":\"https:\/\/gr1993records.com\/#\/schema\/logo\/image\/\",\"url\":\"https:\/\/gr1993records.com\/wp-content\/uploads\/2019\/08\/GR1993_Records_logo_CC.png\",\"contentUrl\":\"https:\/\/gr1993records.com\/wp-content\/uploads\/2019\/08\/GR1993_Records_logo_CC.png\",\"width\":2900,\"height\":2001,\"caption\":\"Gramy-H Ltd.\"},\"image\":{\"@id\":\"https:\/\/gr1993records.com\/#\/schema\/logo\/image\/\"},\"sameAs\":[\"https:\/\/www.facebook.com\/GR1993Records-113564886691383\/\"]}]}<\/script>\n<!-- \/ Yoast SEO plugin. -->","yoast_head_json":{"title":"Horgas Eszter Arcai II. Hazafel\u00e9 (CD) &#8211; GR1993 Records","robots":{"index":"index","follow":"follow","max-snippet":"max-snippet:-1","max-image-preview":"max-image-preview:large","max-video-preview":"max-video-preview:-1"},"canonical":"https:\/\/gr1993records.com\/index.php\/product\/horgas-eszter-arcai-ii-hazafele-cd\/","og_locale":"hu_HU","og_type":"article","og_title":"Horgas Eszter Arcai II. Hazafel\u00e9 (CD) &#8211; GR1993 Records","og_description":"[:hu]A n\u00e9pszer\u0171 fuvolam\u0171v\u00e9szn\u0151 kiadv\u00e1nysorozat\u00e1nak m\u00e1sodik CD-je, melyet szimfonikus \u00e9s jazz zenekar k\u00f6zrem\u0171k\u00f6d\u00e9s\u00e9vel k\u00e9sz\u00edtett el. A zeneanyagot a kit\u0171n\u0151 zongorista, Nagy J\u00e1nos szerezte \u00e9s a hazai jazz \u00e9let kiv\u00e1l\u00f3s\u00e1gai k\u00f6zrem\u0171k\u00f6dnek rajta, \u00edgy Borb\u00e9ly Mih\u00e1ly, Tisza Bea, L\u00e1szl\u00f3 Attila, Bal\u00f3 Istv\u00e1n.[:en]This CD is the second instalment of the series \u201cHorgas Eszter Arcai\u201d by popular flautist Eszter Horgas, recorded in tandem with a symphonic and jazz orchestra. Composed by excellent pianist J\u00e1nos Nagy and hallmarked by jazz scene giants like Mih\u00e1ly Borb\u00e9ly, Bea Tisza, Attila L\u00e1szl\u00f3, Istv\u00e1n Bal\u00f3 and others.[:]","og_url":"https:\/\/gr1993records.com\/index.php\/product\/horgas-eszter-arcai-ii-hazafele-cd\/","og_site_name":"GR1993 Records","article_publisher":"https:\/\/www.facebook.com\/GR1993Records-113564886691383\/","article_modified_time":"2026-03-31T09:55:22+00:00","og_image":[{"width":1000,"height":1000,"url":"https:\/\/gr1993records.com\/wp-content\/uploads\/2020\/01\/kiadvany_horgas_eszter_II_hazafele_CD_front.jpg","type":"image\/jpeg"}],"twitter_card":"summary_large_image","twitter_misc":{"Becs\u00fclt olvas\u00e1si id\u0151":"1 perc"},"schema":{"@context":"https:\/\/schema.org","@graph":[{"@type":"WebPage","@id":"https:\/\/gr1993records.com\/index.php\/product\/horgas-eszter-arcai-ii-hazafele-cd\/","url":"https:\/\/gr1993records.com\/index.php\/product\/horgas-eszter-arcai-ii-hazafele-cd\/","name":"Horgas Eszter Arcai II. Hazafel\u00e9 (CD) &#8211; GR1993 Records","isPartOf":{"@id":"https:\/\/gr1993records.com\/#website"},"primaryImageOfPage":{"@id":"https:\/\/gr1993records.com\/index.php\/product\/horgas-eszter-arcai-ii-hazafele-cd\/#primaryimage"},"image":{"@id":"https:\/\/gr1993records.com\/index.php\/product\/horgas-eszter-arcai-ii-hazafele-cd\/#primaryimage"},"thumbnailUrl":"https:\/\/gr1993records.com\/wp-content\/uploads\/2020\/01\/kiadvany_horgas_eszter_II_hazafele_CD_front.jpg","datePublished":"2020-04-03T10:00:33+00:00","dateModified":"2026-03-31T09:55:22+00:00","breadcrumb":{"@id":"https:\/\/gr1993records.com\/index.php\/product\/horgas-eszter-arcai-ii-hazafele-cd\/#breadcrumb"},"inLanguage":"hu","potentialAction":[{"@type":"ReadAction","target":["https:\/\/gr1993records.com\/index.php\/product\/horgas-eszter-arcai-ii-hazafele-cd\/"]}]},{"@type":"ImageObject","inLanguage":"hu","@id":"https:\/\/gr1993records.com\/index.php\/product\/horgas-eszter-arcai-ii-hazafele-cd\/#primaryimage","url":"https:\/\/gr1993records.com\/wp-content\/uploads\/2020\/01\/kiadvany_horgas_eszter_II_hazafele_CD_front.jpg","contentUrl":"https:\/\/gr1993records.com\/wp-content\/uploads\/2020\/01\/kiadvany_horgas_eszter_II_hazafele_CD_front.jpg","width":1000,"height":1000,"caption":"Horgas Eszter Arcai II. \u2013 Hazafele (CD) cover"},{"@type":"BreadcrumbList","@id":"https:\/\/gr1993records.com\/index.php\/product\/horgas-eszter-arcai-ii-hazafele-cd\/#breadcrumb","itemListElement":[{"@type":"ListItem","position":1,"name":"Home","item":"https:\/\/gr1993records.com\/"},{"@type":"ListItem","position":2,"name":"Kiadv\u00e1nyok","item":"https:\/\/gr1993records.com\/index.php\/shop\/"},{"@type":"ListItem","position":3,"name":"Horgas Eszter Arcai II. Hazafel\u00e9 (CD)"}]},{"@type":"WebSite","@id":"https:\/\/gr1993records.com\/#website","url":"https:\/\/gr1993records.com\/","name":"GR1993 Records","description":"","publisher":{"@id":"https:\/\/gr1993records.com\/#organization"},"potentialAction":[{"@type":"SearchAction","target":{"@type":"EntryPoint","urlTemplate":"https:\/\/gr1993records.com\/?s={search_term_string}"},"query-input":{"@type":"PropertyValueSpecification","valueRequired":true,"valueName":"search_term_string"}}],"inLanguage":"hu"},{"@type":"Organization","@id":"https:\/\/gr1993records.com\/#organization","name":"Gramy-H Ltd.","url":"https:\/\/gr1993records.com\/","logo":{"@type":"ImageObject","inLanguage":"hu","@id":"https:\/\/gr1993records.com\/#\/schema\/logo\/image\/","url":"https:\/\/gr1993records.com\/wp-content\/uploads\/2019\/08\/GR1993_Records_logo_CC.png","contentUrl":"https:\/\/gr1993records.com\/wp-content\/uploads\/2019\/08\/GR1993_Records_logo_CC.png","width":2900,"height":2001,"caption":"Gramy-H Ltd."},"image":{"@id":"https:\/\/gr1993records.com\/#\/schema\/logo\/image\/"},"sameAs":["https:\/\/www.facebook.com\/GR1993Records-113564886691383\/"]}]}},"jetpack_sharing_enabled":true,"_links":{"self":[{"href":"https:\/\/gr1993records.com\/index.php\/wp-json\/wp\/v2\/product\/5601","targetHints":{"allow":["GET"]}}],"collection":[{"href":"https:\/\/gr1993records.com\/index.php\/wp-json\/wp\/v2\/product"}],"about":[{"href":"https:\/\/gr1993records.com\/index.php\/wp-json\/wp\/v2\/types\/product"}],"wp:featuredmedia":[{"embeddable":true,"href":"https:\/\/gr1993records.com\/index.php\/wp-json\/wp\/v2\/media\/5603"}],"wp:attachment":[{"href":"https:\/\/gr1993records.com\/index.php\/wp-json\/wp\/v2\/media?parent=5601"}],"wp:term":[{"taxonomy":"product_brand","embeddable":true,"href":"https:\/\/gr1993records.com\/index.php\/wp-json\/wp\/v2\/product_brand?post=5601"},{"taxonomy":"product_cat","embeddable":true,"href":"https:\/\/gr1993records.com\/index.php\/wp-json\/wp\/v2\/product_cat?post=5601"},{"taxonomy":"product_tag","embeddable":true,"href":"https:\/\/gr1993records.com\/index.php\/wp-json\/wp\/v2\/product_tag?post=5601"}],"curies":[{"name":"wp","href":"https:\/\/api.w.org\/{rel}","templated":true}]}}