{"id":5584,"date":"2020-01-13T09:29:40","date_gmt":"2020-01-13T08:29:40","guid":{"rendered":"http:\/\/gr1993records.com\/?post_type=product&#038;p=5584"},"modified":"2026-03-31T11:56:28","modified_gmt":"2026-03-31T09:56:28","slug":"johanna-beisteiner-live-in-budapest-dvd","status":"publish","type":"product","link":"https:\/\/gr1993records.com\/index.php\/product\/johanna-beisteiner-live-in-budapest-dvd\/","title":{"rendered":"Johanna Beisteiner <\/br>Live in Budapest <\/br>(DVD)"},"content":{"rendered":"<p>[vc_row][vc_column][vc_column_text]A b\u00e9csi git\u00e1rm\u0171v\u00e9sz, Johanna Beisteiner ezzel a kiadv\u00e1nnyal r\u00e9szletes \u00e1ttekint\u00e9st ad sz\u00e9les reperto\u00e1rj\u00e1b\u00f3l, \u00e9s szerte\u00e1gaz\u00f3 m\u0171v\u00e9szi munk\u00e1ib\u00f3l. Vivaldi, Schubert, Bach \u00e9s T\u00e1rrega h\u00edres m\u0171vei mellett kort\u00e1rs zen\u00e9t is j\u00e1tszik. A kiadv\u00e1ny legfontosabb eleme a magyar zeneszerz\u0151vel, Gulya R\u00f3berttel val\u00f3 egy\u00fcttm\u0171k\u00f6d\u00e9s, akinek git\u00e1rra \u00e9s zenekarra \u00edrt koncsert\u00f3j\u00e1t a 2001. szeptember 11-\u00e9n t\u00f6rt\u00e9nt esem\u00e9nyek ihlett\u00e9k, \u00e9s a kultur\u00e1lis k\u00fcl\u00f6nbs\u00e9gekb\u0151l ered\u0151 konfliktusokat fejezi ki zen\u00e9ben.<\/p>\n<p>A Milonguero \u00e9s a m\u00fazsa c\u00edm\u0171 videoklip forgat\u00e1s\u00e1n Johanna Beisteiner az argentin t\u00e1ncos-koreogr\u00e1fussal, Rafael Ramirezzel dolgozott egy\u00fctt. A Milonguero olyan f\u00e9rfi , aki a tang\u00f3 seg\u00edts\u00e9g\u00e9vel pr\u00f3b\u00e1lja meg a n\u0151ket elcs\u00e1b\u00edtani. A klip egy zavart Milonguero-r\u00f3l sz\u00f3l, aki \u00e1lmai asszony\u00e1t keresi. Amikor elkapja a git\u00e1ros tekintet\u00e9t, r\u00e1d\u00f6bben, hogy megtal\u00e1lta a m\u00fazs\u00e1j\u00e1t. De amikor egy\u00fctt t\u00e1ncolnak, kider\u00fcl, hogy nem illenek \u00f6ssze. Ez a t\u00f6rt\u00e9net a gyakran szomor\u00fa val\u00f3s\u00e1g szimb\u00f3luma a tang\u00f3ban: rem\u00e9ny, v\u00e1rakoz\u00e1s \u00e9s csal\u00f3d\u00e1s.<\/p>\n<p>Eduard Shafransky Egy Caravaggio festm\u00e9ny t\u00fckr\u00f6z\u0151d\u00e9sei c\u00edm\u0171 m\u0171v\u00e9t, a h\u00edres Lant m\u0171v\u00e9sz (1596) c\u00edm\u0171 festm\u00e9ny ihlette. A lant a 18. sz\u00e1zadig nagyon kedvelt hangszer volt, de k\u00e9s\u0151bb a git\u00e1r \u00e1tvette a szerep\u00e9t. Ez\u00e9rt a vide\u00f3 c\u00edme Caravaggio ma.[\/vc_column_text][vc_separator][vc_column_text]<span class=\"text_b\"><b>A lemezen szerepl\u0151 el\u0151ad\u00f3k<\/b><br \/>\n<\/span>Johanna Beisteiner &#8211; klsszikus git\u00e1r<br \/>\nBudapest Symphony Orchestra vez\u00e9nyel Drahos B\u00e9la[\/vc_column_text][vc_separator][vc_column_text]<strong>Johanna Beisteiner: Robert Gulya \u2013 Tango<\/strong><b><\/b>[\/vc_column_text][vc_video link=&#8221;https:\/\/youtu.be\/WgI4GPv2NA4&#8243; align=&#8221;center&#8221;][vc_separator][vc_column_text]<strong>Interview with Robert Gulya<\/strong>[\/vc_column_text][vc_video link=&#8221;https:\/\/youtu.be\/Ip1U37_qemw&#8221; align=&#8221;center&#8221;][vc_separator][vc_column_text]<strong>Johanna Beisteiner: Vivaldi &#8211; Concerto in D major, 1st movement &#8220;Allegro giusto&#8221;<\/strong>[\/vc_column_text][vc_video link=&#8221;https:\/\/youtu.be\/rJukpZPNm_I&#8221; align=&#8221;center&#8221;][\/vc_column][\/vc_row]<\/p>","protected":false},"excerpt":{"rendered":"<p>Budapest Symphony Orchestra vez\u00e9nyel Drahos B\u00e9la<\/p>\n","protected":false},"featured_media":5586,"template":"","meta":[],"product_brand":[],"product_cat":[93],"product_tag":[],"class_list":{"0":"post-5584","1":"product","2":"type-product","3":"status-publish","4":"has-post-thumbnail","6":"product_cat-dvd","7":"yith_product_brand-johanna-beisteiner","8":"col-12 col-sm-6 col-md-4","10":"first","11":"instock","12":"sale","13":"shipping-taxable","14":"purchasable","15":"product-type-simple"},"yoast_head":"<!-- This site is optimized with the Yoast SEO plugin v27.2 - https:\/\/yoast.com\/product\/yoast-seo-wordpress\/ -->\n<title>Johanna Beisteiner Live in Budapest (DVD) &#8211; GR1993 Records<\/title>\n<meta name=\"robots\" content=\"index, follow, max-snippet:-1, max-image-preview:large, max-video-preview:-1\" \/>\n<link rel=\"canonical\" href=\"https:\/\/gr1993records.com\/index.php\/product\/johanna-beisteiner-live-in-budapest-dvd\/\" \/>\n<meta property=\"og:locale\" content=\"hu_HU\" \/>\n<meta property=\"og:type\" content=\"article\" \/>\n<meta property=\"og:title\" content=\"Johanna Beisteiner Live in Budapest (DVD) &#8211; GR1993 Records\" \/>\n<meta property=\"og:description\" content=\"[:hu]Budapest Symphony Orchestra vez\u00e9nyel Drahos B\u00e9la[:en]Budapest Symphony Orchestra conductor B\u00e9la Drahos[:]\" \/>\n<meta property=\"og:url\" content=\"https:\/\/gr1993records.com\/index.php\/product\/johanna-beisteiner-live-in-budapest-dvd\/\" \/>\n<meta property=\"og:site_name\" content=\"GR1993 Records\" \/>\n<meta property=\"article:publisher\" content=\"https:\/\/www.facebook.com\/GR1993Records-113564886691383\/\" \/>\n<meta property=\"article:modified_time\" content=\"2026-03-31T09:56:28+00:00\" \/>\n<meta property=\"og:image\" content=\"https:\/\/gr1993records.com\/wp-content\/uploads\/2020\/01\/kiadvany_johanna_beisteiner_live_in_budapest_DVD_front.jpg\" \/>\n\t<meta property=\"og:image:width\" content=\"1000\" \/>\n\t<meta property=\"og:image:height\" content=\"1000\" \/>\n\t<meta property=\"og:image:type\" content=\"image\/jpeg\" \/>\n<meta name=\"twitter:card\" content=\"summary_large_image\" \/>\n<meta name=\"twitter:label1\" content=\"Becs\u00fclt olvas\u00e1si id\u0151\" \/>\n\t<meta name=\"twitter:data1\" content=\"4 perc\" \/>\n<script type=\"application\/ld+json\" class=\"yoast-schema-graph\">{\"@context\":\"https:\/\/schema.org\",\"@graph\":[{\"@type\":\"WebPage\",\"@id\":\"https:\/\/gr1993records.com\/index.php\/product\/johanna-beisteiner-live-in-budapest-dvd\/\",\"url\":\"https:\/\/gr1993records.com\/index.php\/product\/johanna-beisteiner-live-in-budapest-dvd\/\",\"name\":\"Johanna Beisteiner Live in Budapest (DVD) &#8211; GR1993 Records\",\"isPartOf\":{\"@id\":\"https:\/\/gr1993records.com\/#website\"},\"primaryImageOfPage\":{\"@id\":\"https:\/\/gr1993records.com\/index.php\/product\/johanna-beisteiner-live-in-budapest-dvd\/#primaryimage\"},\"image\":{\"@id\":\"https:\/\/gr1993records.com\/index.php\/product\/johanna-beisteiner-live-in-budapest-dvd\/#primaryimage\"},\"thumbnailUrl\":\"https:\/\/gr1993records.com\/wp-content\/uploads\/2020\/01\/kiadvany_johanna_beisteiner_live_in_budapest_DVD_front.jpg\",\"datePublished\":\"2020-01-13T08:29:40+00:00\",\"dateModified\":\"2026-03-31T09:56:28+00:00\",\"breadcrumb\":{\"@id\":\"https:\/\/gr1993records.com\/index.php\/product\/johanna-beisteiner-live-in-budapest-dvd\/#breadcrumb\"},\"inLanguage\":\"hu\",\"potentialAction\":[{\"@type\":\"ReadAction\",\"target\":[\"https:\/\/gr1993records.com\/index.php\/product\/johanna-beisteiner-live-in-budapest-dvd\/\"]}]},{\"@type\":\"ImageObject\",\"inLanguage\":\"hu\",\"@id\":\"https:\/\/gr1993records.com\/index.php\/product\/johanna-beisteiner-live-in-budapest-dvd\/#primaryimage\",\"url\":\"https:\/\/gr1993records.com\/wp-content\/uploads\/2020\/01\/kiadvany_johanna_beisteiner_live_in_budapest_DVD_front.jpg\",\"contentUrl\":\"https:\/\/gr1993records.com\/wp-content\/uploads\/2020\/01\/kiadvany_johanna_beisteiner_live_in_budapest_DVD_front.jpg\",\"width\":1000,\"height\":1000,\"caption\":\"Johanna Beisteiner \u2013 Live In Budapest (DVD) cover\"},{\"@type\":\"BreadcrumbList\",\"@id\":\"https:\/\/gr1993records.com\/index.php\/product\/johanna-beisteiner-live-in-budapest-dvd\/#breadcrumb\",\"itemListElement\":[{\"@type\":\"ListItem\",\"position\":1,\"name\":\"Home\",\"item\":\"https:\/\/gr1993records.com\/\"},{\"@type\":\"ListItem\",\"position\":2,\"name\":\"Kiadv\u00e1nyok\",\"item\":\"https:\/\/gr1993records.com\/index.php\/shop\/\"},{\"@type\":\"ListItem\",\"position\":3,\"name\":\"Johanna Beisteiner Live in Budapest (DVD)\"}]},{\"@type\":\"WebSite\",\"@id\":\"https:\/\/gr1993records.com\/#website\",\"url\":\"https:\/\/gr1993records.com\/\",\"name\":\"GR1993 Records\",\"description\":\"\",\"publisher\":{\"@id\":\"https:\/\/gr1993records.com\/#organization\"},\"potentialAction\":[{\"@type\":\"SearchAction\",\"target\":{\"@type\":\"EntryPoint\",\"urlTemplate\":\"https:\/\/gr1993records.com\/?s={search_term_string}\"},\"query-input\":{\"@type\":\"PropertyValueSpecification\",\"valueRequired\":true,\"valueName\":\"search_term_string\"}}],\"inLanguage\":\"hu\"},{\"@type\":\"Organization\",\"@id\":\"https:\/\/gr1993records.com\/#organization\",\"name\":\"Gramy-H Ltd.\",\"url\":\"https:\/\/gr1993records.com\/\",\"logo\":{\"@type\":\"ImageObject\",\"inLanguage\":\"hu\",\"@id\":\"https:\/\/gr1993records.com\/#\/schema\/logo\/image\/\",\"url\":\"https:\/\/gr1993records.com\/wp-content\/uploads\/2019\/08\/GR1993_Records_logo_CC.png\",\"contentUrl\":\"https:\/\/gr1993records.com\/wp-content\/uploads\/2019\/08\/GR1993_Records_logo_CC.png\",\"width\":2900,\"height\":2001,\"caption\":\"Gramy-H Ltd.\"},\"image\":{\"@id\":\"https:\/\/gr1993records.com\/#\/schema\/logo\/image\/\"},\"sameAs\":[\"https:\/\/www.facebook.com\/GR1993Records-113564886691383\/\"]}]}<\/script>\n<!-- \/ Yoast SEO plugin. -->","yoast_head_json":{"title":"Johanna Beisteiner Live in Budapest (DVD) &#8211; GR1993 Records","robots":{"index":"index","follow":"follow","max-snippet":"max-snippet:-1","max-image-preview":"max-image-preview:large","max-video-preview":"max-video-preview:-1"},"canonical":"https:\/\/gr1993records.com\/index.php\/product\/johanna-beisteiner-live-in-budapest-dvd\/","og_locale":"hu_HU","og_type":"article","og_title":"Johanna Beisteiner Live in Budapest (DVD) &#8211; GR1993 Records","og_description":"[:hu]Budapest Symphony Orchestra vez\u00e9nyel Drahos B\u00e9la[:en]Budapest Symphony Orchestra conductor B\u00e9la Drahos[:]","og_url":"https:\/\/gr1993records.com\/index.php\/product\/johanna-beisteiner-live-in-budapest-dvd\/","og_site_name":"GR1993 Records","article_publisher":"https:\/\/www.facebook.com\/GR1993Records-113564886691383\/","article_modified_time":"2026-03-31T09:56:28+00:00","og_image":[{"width":1000,"height":1000,"url":"https:\/\/gr1993records.com\/wp-content\/uploads\/2020\/01\/kiadvany_johanna_beisteiner_live_in_budapest_DVD_front.jpg","type":"image\/jpeg"}],"twitter_card":"summary_large_image","twitter_misc":{"Becs\u00fclt olvas\u00e1si id\u0151":"4 perc"},"schema":{"@context":"https:\/\/schema.org","@graph":[{"@type":"WebPage","@id":"https:\/\/gr1993records.com\/index.php\/product\/johanna-beisteiner-live-in-budapest-dvd\/","url":"https:\/\/gr1993records.com\/index.php\/product\/johanna-beisteiner-live-in-budapest-dvd\/","name":"Johanna Beisteiner Live in Budapest (DVD) &#8211; GR1993 Records","isPartOf":{"@id":"https:\/\/gr1993records.com\/#website"},"primaryImageOfPage":{"@id":"https:\/\/gr1993records.com\/index.php\/product\/johanna-beisteiner-live-in-budapest-dvd\/#primaryimage"},"image":{"@id":"https:\/\/gr1993records.com\/index.php\/product\/johanna-beisteiner-live-in-budapest-dvd\/#primaryimage"},"thumbnailUrl":"https:\/\/gr1993records.com\/wp-content\/uploads\/2020\/01\/kiadvany_johanna_beisteiner_live_in_budapest_DVD_front.jpg","datePublished":"2020-01-13T08:29:40+00:00","dateModified":"2026-03-31T09:56:28+00:00","breadcrumb":{"@id":"https:\/\/gr1993records.com\/index.php\/product\/johanna-beisteiner-live-in-budapest-dvd\/#breadcrumb"},"inLanguage":"hu","potentialAction":[{"@type":"ReadAction","target":["https:\/\/gr1993records.com\/index.php\/product\/johanna-beisteiner-live-in-budapest-dvd\/"]}]},{"@type":"ImageObject","inLanguage":"hu","@id":"https:\/\/gr1993records.com\/index.php\/product\/johanna-beisteiner-live-in-budapest-dvd\/#primaryimage","url":"https:\/\/gr1993records.com\/wp-content\/uploads\/2020\/01\/kiadvany_johanna_beisteiner_live_in_budapest_DVD_front.jpg","contentUrl":"https:\/\/gr1993records.com\/wp-content\/uploads\/2020\/01\/kiadvany_johanna_beisteiner_live_in_budapest_DVD_front.jpg","width":1000,"height":1000,"caption":"Johanna Beisteiner \u2013 Live In Budapest (DVD) cover"},{"@type":"BreadcrumbList","@id":"https:\/\/gr1993records.com\/index.php\/product\/johanna-beisteiner-live-in-budapest-dvd\/#breadcrumb","itemListElement":[{"@type":"ListItem","position":1,"name":"Home","item":"https:\/\/gr1993records.com\/"},{"@type":"ListItem","position":2,"name":"Kiadv\u00e1nyok","item":"https:\/\/gr1993records.com\/index.php\/shop\/"},{"@type":"ListItem","position":3,"name":"Johanna Beisteiner Live in Budapest (DVD)"}]},{"@type":"WebSite","@id":"https:\/\/gr1993records.com\/#website","url":"https:\/\/gr1993records.com\/","name":"GR1993 Records","description":"","publisher":{"@id":"https:\/\/gr1993records.com\/#organization"},"potentialAction":[{"@type":"SearchAction","target":{"@type":"EntryPoint","urlTemplate":"https:\/\/gr1993records.com\/?s={search_term_string}"},"query-input":{"@type":"PropertyValueSpecification","valueRequired":true,"valueName":"search_term_string"}}],"inLanguage":"hu"},{"@type":"Organization","@id":"https:\/\/gr1993records.com\/#organization","name":"Gramy-H Ltd.","url":"https:\/\/gr1993records.com\/","logo":{"@type":"ImageObject","inLanguage":"hu","@id":"https:\/\/gr1993records.com\/#\/schema\/logo\/image\/","url":"https:\/\/gr1993records.com\/wp-content\/uploads\/2019\/08\/GR1993_Records_logo_CC.png","contentUrl":"https:\/\/gr1993records.com\/wp-content\/uploads\/2019\/08\/GR1993_Records_logo_CC.png","width":2900,"height":2001,"caption":"Gramy-H Ltd."},"image":{"@id":"https:\/\/gr1993records.com\/#\/schema\/logo\/image\/"},"sameAs":["https:\/\/www.facebook.com\/GR1993Records-113564886691383\/"]}]}},"jetpack_sharing_enabled":true,"_links":{"self":[{"href":"https:\/\/gr1993records.com\/index.php\/wp-json\/wp\/v2\/product\/5584","targetHints":{"allow":["GET"]}}],"collection":[{"href":"https:\/\/gr1993records.com\/index.php\/wp-json\/wp\/v2\/product"}],"about":[{"href":"https:\/\/gr1993records.com\/index.php\/wp-json\/wp\/v2\/types\/product"}],"wp:featuredmedia":[{"embeddable":true,"href":"https:\/\/gr1993records.com\/index.php\/wp-json\/wp\/v2\/media\/5586"}],"wp:attachment":[{"href":"https:\/\/gr1993records.com\/index.php\/wp-json\/wp\/v2\/media?parent=5584"}],"wp:term":[{"taxonomy":"product_brand","embeddable":true,"href":"https:\/\/gr1993records.com\/index.php\/wp-json\/wp\/v2\/product_brand?post=5584"},{"taxonomy":"product_cat","embeddable":true,"href":"https:\/\/gr1993records.com\/index.php\/wp-json\/wp\/v2\/product_cat?post=5584"},{"taxonomy":"product_tag","embeddable":true,"href":"https:\/\/gr1993records.com\/index.php\/wp-json\/wp\/v2\/product_tag?post=5584"}],"curies":[{"name":"wp","href":"https:\/\/api.w.org\/{rel}","templated":true}]}}