{"id":5577,"date":"2020-01-10T15:26:23","date_gmt":"2020-01-10T15:26:23","guid":{"rendered":"http:\/\/gr1993records.com\/?post_type=product&#038;p=5577"},"modified":"2026-03-31T11:56:52","modified_gmt":"2026-03-31T09:56:52","slug":"johanna-beisteiner-between-present-and-past-cd","status":"publish","type":"product","link":"https:\/\/gr1993records.com\/product\/johanna-beisteiner-between-present-and-past-cd\/","title":{"rendered":"Johanna Beisteiner <\/br>Between Present and Past <\/br>(CD)"},"content":{"rendered":"<p>[vc_row][vc_column][vc_column_text]Between Present and Past, the fourth album by Johanna Beisteiner, is a special medley of works by distinguished composers of the past and contemporary music by the highly talented Hungarian composer Robert Gulya (*1973), who dedicated two new works to Johanna Beisteiner: a Guitar Concerto and a Capriccio for guitar and piano.<\/p>\n<p>\u201cFirst I wanted to compose a cheerful concerto for Johanna, but when I started to work on the first theme in late summer 2001 during a stay in Los Angeles the terrible event of September 11 influenced my thoughts. For this reason all movements became rather melancholic and sensitive. I tried to realize most of my musical ideas by using all technical possibilities of the guitar. That makes this concerto difficult and challenging even for highly skilled players.<\/p>\n<p>With the Capriccio I wanted to prove that a contemporary guitar piece can be demanding and entertaining as well. Although the guitar is only rarely combined with the piano, these two instruments harmonize very well and give fresh and colourful sound to the composition.<\/p>\n<p>Both pieces were written in order to show a broader public that the classical guitar has a great potential to become a real solo instrument in our concert life. After many years of collaboration I am convinced that both musically and technically Johanna is the perfect artist to reach this aim.\u201d Robert Gulya<\/p>\n<p>In 1704 the only 19-year-old Johann Sebastian Bach composed the Capriccio on the departure of the most beloved brother BWV 992. This piece is supposed to have been written on the departure of Bach\u2019 s brother Johann Jakob (1682-1722), who joined as an oboist the guard of the Swedish King Charles XII in 1704 for taking part at the Great Nordic War. Originally written for keyboard, the Capriccio was recorded on this CD in a new arrangement by Robert Gulya for guitar and strings. This cast intensifies the worried atmosphere and retains the intimate character of the original version as well.<\/p>\n<p>Antonio Vivaldi composed his Concerto in D major for lute, strings and basso continuo. The lute was one of the most popular instruments in the baroque age, but later it was replaced by the guitar. Therefore the guitar takes the place of the lute also in this recording.[\/vc_column_text][vc_separator][vc_column_text]<strong>Musicians<br \/>\n<\/strong>The Budapest Symphony Orchestra<br \/>\nConductors: Domonkos H\u00e9ja, B\u00e9la Drahos<br \/>\nPiano: Wanda Mazalin[\/vc_column_text][\/vc_column][\/vc_row]<\/p>","protected":false},"excerpt":{"rendered":"<p>Between Present and Past, the fourth album by the Austrian guitarist Johanna Beisteiner, is a special medley of works by distinguished composers of the past and contemporary music by the highly talented Hungarian composer Robert Gulya.<\/p>\n","protected":false},"featured_media":5579,"template":"","meta":[],"product_brand":[],"product_cat":[92],"product_tag":[],"class_list":{"0":"post-5577","1":"product","2":"type-product","3":"status-publish","4":"has-post-thumbnail","6":"product_cat-cd","7":"yith_product_brand-johanna-beisteiner","8":"col-12 col-sm-6 col-md-4","10":"first","11":"instock","12":"shipping-taxable","13":"purchasable","14":"product-type-simple"},"yoast_head":"<!-- This site is optimized with the Yoast SEO plugin v27.5 - https:\/\/yoast.com\/product\/yoast-seo-wordpress\/ -->\n<title>Johanna Beisteiner Between Present and Past (CD) &#8211; GR1993 Records<\/title>\n<meta name=\"robots\" content=\"index, follow, max-snippet:-1, max-image-preview:large, max-video-preview:-1\" \/>\n<link rel=\"canonical\" href=\"https:\/\/gr1993records.com\/product\/johanna-beisteiner-between-present-and-past-cd\/\" \/>\n<meta property=\"og:locale\" content=\"en_US\" \/>\n<meta property=\"og:type\" content=\"article\" \/>\n<meta property=\"og:title\" content=\"Johanna Beisteiner Between Present and Past (CD) &#8211; GR1993 Records\" \/>\n<meta property=\"og:description\" content=\"[:hu]A Between Present and Past Johanna Beisteiner, osztr\u00e1k git\u00e1rm\u0171v\u00e9sz negyedik albuma, a m\u00falt nagy mestereinek \u00e9s a tehets\u00e9ges kort\u00e1rs magyar zeneszerz\u0151, Gulya R\u00f3bert m\u0171veinek k\u00fcl\u00f6n\u00f6s elegye. A felv\u00e9teleken k\u00f6zrem\u0171k\u00f6dik a Budapest Symphony Orchestra is, H\u00e9jja Domonkos vez\u00e9nylet\u00e9vel.[:en]Between Present and Past, the fourth album by the Austrian guitarist Johanna Beisteiner, is a special medley of works by distinguished composers of the past and contemporary music by the highly talented Hungarian composer Robert Gulya.[:]\" \/>\n<meta property=\"og:url\" content=\"https:\/\/gr1993records.com\/product\/johanna-beisteiner-between-present-and-past-cd\/\" \/>\n<meta property=\"og:site_name\" content=\"GR1993 Records\" \/>\n<meta property=\"article:publisher\" content=\"https:\/\/www.facebook.com\/GR1993Records-113564886691383\/\" \/>\n<meta property=\"article:modified_time\" content=\"2026-03-31T09:56:52+00:00\" \/>\n<meta property=\"og:image\" content=\"https:\/\/gr1993records.com\/wp-content\/uploads\/2020\/01\/kiadvany_johanna_beisteiner_between_CD_front.jpg\" \/>\n\t<meta property=\"og:image:width\" content=\"1000\" \/>\n\t<meta property=\"og:image:height\" content=\"1000\" \/>\n\t<meta property=\"og:image:type\" content=\"image\/jpeg\" \/>\n<meta name=\"twitter:card\" content=\"summary_large_image\" \/>\n<meta name=\"twitter:label1\" content=\"Est. reading time\" \/>\n\t<meta name=\"twitter:data1\" content=\"5 minutes\" \/>\n<script type=\"application\/ld+json\" class=\"yoast-schema-graph\">{\"@context\":\"https:\\\/\\\/schema.org\",\"@graph\":[{\"@type\":\"WebPage\",\"@id\":\"https:\\\/\\\/gr1993records.com\\\/product\\\/johanna-beisteiner-between-present-and-past-cd\\\/\",\"url\":\"https:\\\/\\\/gr1993records.com\\\/product\\\/johanna-beisteiner-between-present-and-past-cd\\\/\",\"name\":\"Johanna Beisteiner Between Present and Past (CD) &#8211; GR1993 Records\",\"isPartOf\":{\"@id\":\"https:\\\/\\\/gr1993records.com\\\/#website\"},\"primaryImageOfPage\":{\"@id\":\"https:\\\/\\\/gr1993records.com\\\/product\\\/johanna-beisteiner-between-present-and-past-cd\\\/#primaryimage\"},\"image\":{\"@id\":\"https:\\\/\\\/gr1993records.com\\\/product\\\/johanna-beisteiner-between-present-and-past-cd\\\/#primaryimage\"},\"thumbnailUrl\":\"https:\\\/\\\/gr1993records.com\\\/wp-content\\\/uploads\\\/2020\\\/01\\\/kiadvany_johanna_beisteiner_between_CD_front.jpg\",\"datePublished\":\"2020-01-10T15:26:23+00:00\",\"dateModified\":\"2026-03-31T09:56:52+00:00\",\"breadcrumb\":{\"@id\":\"https:\\\/\\\/gr1993records.com\\\/product\\\/johanna-beisteiner-between-present-and-past-cd\\\/#breadcrumb\"},\"inLanguage\":\"en-US\",\"potentialAction\":[{\"@type\":\"ReadAction\",\"target\":[\"https:\\\/\\\/gr1993records.com\\\/product\\\/johanna-beisteiner-between-present-and-past-cd\\\/\"]}]},{\"@type\":\"ImageObject\",\"inLanguage\":\"en-US\",\"@id\":\"https:\\\/\\\/gr1993records.com\\\/product\\\/johanna-beisteiner-between-present-and-past-cd\\\/#primaryimage\",\"url\":\"https:\\\/\\\/gr1993records.com\\\/wp-content\\\/uploads\\\/2020\\\/01\\\/kiadvany_johanna_beisteiner_between_CD_front.jpg\",\"contentUrl\":\"https:\\\/\\\/gr1993records.com\\\/wp-content\\\/uploads\\\/2020\\\/01\\\/kiadvany_johanna_beisteiner_between_CD_front.jpg\",\"width\":1000,\"height\":1000,\"caption\":\"Johanna Beisteiner \u2013 Between Present and Past (CD) cover\"},{\"@type\":\"BreadcrumbList\",\"@id\":\"https:\\\/\\\/gr1993records.com\\\/product\\\/johanna-beisteiner-between-present-and-past-cd\\\/#breadcrumb\",\"itemListElement\":[{\"@type\":\"ListItem\",\"position\":1,\"name\":\"Home\",\"item\":\"https:\\\/\\\/gr1993records.com\\\/?lang=en\"},{\"@type\":\"ListItem\",\"position\":2,\"name\":\"Releases\",\"item\":\"https:\\\/\\\/gr1993records.com\\\/shop\\\/?lang=en\"},{\"@type\":\"ListItem\",\"position\":3,\"name\":\"Johanna Beisteiner Between Present and Past (CD)\"}]},{\"@type\":\"WebSite\",\"@id\":\"https:\\\/\\\/gr1993records.com\\\/#website\",\"url\":\"https:\\\/\\\/gr1993records.com\\\/\",\"name\":\"GR1993 Records\",\"description\":\"\",\"publisher\":{\"@id\":\"https:\\\/\\\/gr1993records.com\\\/#organization\"},\"potentialAction\":[{\"@type\":\"SearchAction\",\"target\":{\"@type\":\"EntryPoint\",\"urlTemplate\":\"https:\\\/\\\/gr1993records.com\\\/?s={search_term_string}\"},\"query-input\":{\"@type\":\"PropertyValueSpecification\",\"valueRequired\":true,\"valueName\":\"search_term_string\"}}],\"inLanguage\":\"en-US\"},{\"@type\":\"Organization\",\"@id\":\"https:\\\/\\\/gr1993records.com\\\/#organization\",\"name\":\"Gramy-H Ltd.\",\"url\":\"https:\\\/\\\/gr1993records.com\\\/\",\"logo\":{\"@type\":\"ImageObject\",\"inLanguage\":\"en-US\",\"@id\":\"https:\\\/\\\/gr1993records.com\\\/#\\\/schema\\\/logo\\\/image\\\/\",\"url\":\"https:\\\/\\\/gr1993records.com\\\/wp-content\\\/uploads\\\/2019\\\/08\\\/GR1993_Records_logo_CC.png\",\"contentUrl\":\"https:\\\/\\\/gr1993records.com\\\/wp-content\\\/uploads\\\/2019\\\/08\\\/GR1993_Records_logo_CC.png\",\"width\":2900,\"height\":2001,\"caption\":\"Gramy-H Ltd.\"},\"image\":{\"@id\":\"https:\\\/\\\/gr1993records.com\\\/#\\\/schema\\\/logo\\\/image\\\/\"},\"sameAs\":[\"https:\\\/\\\/www.facebook.com\\\/GR1993Records-113564886691383\\\/\"]}]}<\/script>\n<!-- \/ Yoast SEO plugin. -->","yoast_head_json":{"title":"Johanna Beisteiner Between Present and Past (CD) &#8211; GR1993 Records","robots":{"index":"index","follow":"follow","max-snippet":"max-snippet:-1","max-image-preview":"max-image-preview:large","max-video-preview":"max-video-preview:-1"},"canonical":"https:\/\/gr1993records.com\/product\/johanna-beisteiner-between-present-and-past-cd\/","og_locale":"en_US","og_type":"article","og_title":"Johanna Beisteiner Between Present and Past (CD) &#8211; GR1993 Records","og_description":"[:hu]A Between Present and Past Johanna Beisteiner, osztr\u00e1k git\u00e1rm\u0171v\u00e9sz negyedik albuma, a m\u00falt nagy mestereinek \u00e9s a tehets\u00e9ges kort\u00e1rs magyar zeneszerz\u0151, Gulya R\u00f3bert m\u0171veinek k\u00fcl\u00f6n\u00f6s elegye. A felv\u00e9teleken k\u00f6zrem\u0171k\u00f6dik a Budapest Symphony Orchestra is, H\u00e9jja Domonkos vez\u00e9nylet\u00e9vel.[:en]Between Present and Past, the fourth album by the Austrian guitarist Johanna Beisteiner, is a special medley of works by distinguished composers of the past and contemporary music by the highly talented Hungarian composer Robert Gulya.[:]","og_url":"https:\/\/gr1993records.com\/product\/johanna-beisteiner-between-present-and-past-cd\/","og_site_name":"GR1993 Records","article_publisher":"https:\/\/www.facebook.com\/GR1993Records-113564886691383\/","article_modified_time":"2026-03-31T09:56:52+00:00","og_image":[{"width":1000,"height":1000,"url":"https:\/\/gr1993records.com\/wp-content\/uploads\/2020\/01\/kiadvany_johanna_beisteiner_between_CD_front.jpg","type":"image\/jpeg"}],"twitter_card":"summary_large_image","twitter_misc":{"Est. reading time":"5 minutes"},"schema":{"@context":"https:\/\/schema.org","@graph":[{"@type":"WebPage","@id":"https:\/\/gr1993records.com\/product\/johanna-beisteiner-between-present-and-past-cd\/","url":"https:\/\/gr1993records.com\/product\/johanna-beisteiner-between-present-and-past-cd\/","name":"Johanna Beisteiner Between Present and Past (CD) &#8211; GR1993 Records","isPartOf":{"@id":"https:\/\/gr1993records.com\/#website"},"primaryImageOfPage":{"@id":"https:\/\/gr1993records.com\/product\/johanna-beisteiner-between-present-and-past-cd\/#primaryimage"},"image":{"@id":"https:\/\/gr1993records.com\/product\/johanna-beisteiner-between-present-and-past-cd\/#primaryimage"},"thumbnailUrl":"https:\/\/gr1993records.com\/wp-content\/uploads\/2020\/01\/kiadvany_johanna_beisteiner_between_CD_front.jpg","datePublished":"2020-01-10T15:26:23+00:00","dateModified":"2026-03-31T09:56:52+00:00","breadcrumb":{"@id":"https:\/\/gr1993records.com\/product\/johanna-beisteiner-between-present-and-past-cd\/#breadcrumb"},"inLanguage":"en-US","potentialAction":[{"@type":"ReadAction","target":["https:\/\/gr1993records.com\/product\/johanna-beisteiner-between-present-and-past-cd\/"]}]},{"@type":"ImageObject","inLanguage":"en-US","@id":"https:\/\/gr1993records.com\/product\/johanna-beisteiner-between-present-and-past-cd\/#primaryimage","url":"https:\/\/gr1993records.com\/wp-content\/uploads\/2020\/01\/kiadvany_johanna_beisteiner_between_CD_front.jpg","contentUrl":"https:\/\/gr1993records.com\/wp-content\/uploads\/2020\/01\/kiadvany_johanna_beisteiner_between_CD_front.jpg","width":1000,"height":1000,"caption":"Johanna Beisteiner \u2013 Between Present and Past (CD) cover"},{"@type":"BreadcrumbList","@id":"https:\/\/gr1993records.com\/product\/johanna-beisteiner-between-present-and-past-cd\/#breadcrumb","itemListElement":[{"@type":"ListItem","position":1,"name":"Home","item":"https:\/\/gr1993records.com\/?lang=en"},{"@type":"ListItem","position":2,"name":"Releases","item":"https:\/\/gr1993records.com\/shop\/?lang=en"},{"@type":"ListItem","position":3,"name":"Johanna Beisteiner Between Present and Past (CD)"}]},{"@type":"WebSite","@id":"https:\/\/gr1993records.com\/#website","url":"https:\/\/gr1993records.com\/","name":"GR1993 Records","description":"","publisher":{"@id":"https:\/\/gr1993records.com\/#organization"},"potentialAction":[{"@type":"SearchAction","target":{"@type":"EntryPoint","urlTemplate":"https:\/\/gr1993records.com\/?s={search_term_string}"},"query-input":{"@type":"PropertyValueSpecification","valueRequired":true,"valueName":"search_term_string"}}],"inLanguage":"en-US"},{"@type":"Organization","@id":"https:\/\/gr1993records.com\/#organization","name":"Gramy-H Ltd.","url":"https:\/\/gr1993records.com\/","logo":{"@type":"ImageObject","inLanguage":"en-US","@id":"https:\/\/gr1993records.com\/#\/schema\/logo\/image\/","url":"https:\/\/gr1993records.com\/wp-content\/uploads\/2019\/08\/GR1993_Records_logo_CC.png","contentUrl":"https:\/\/gr1993records.com\/wp-content\/uploads\/2019\/08\/GR1993_Records_logo_CC.png","width":2900,"height":2001,"caption":"Gramy-H Ltd."},"image":{"@id":"https:\/\/gr1993records.com\/#\/schema\/logo\/image\/"},"sameAs":["https:\/\/www.facebook.com\/GR1993Records-113564886691383\/"]}]}},"jetpack_sharing_enabled":true,"_links":{"self":[{"href":"https:\/\/gr1993records.com\/wp-json\/wp\/v2\/product\/5577","targetHints":{"allow":["GET"]}}],"collection":[{"href":"https:\/\/gr1993records.com\/wp-json\/wp\/v2\/product"}],"about":[{"href":"https:\/\/gr1993records.com\/wp-json\/wp\/v2\/types\/product"}],"wp:featuredmedia":[{"embeddable":true,"href":"https:\/\/gr1993records.com\/wp-json\/wp\/v2\/media\/5579"}],"wp:attachment":[{"href":"https:\/\/gr1993records.com\/wp-json\/wp\/v2\/media?parent=5577"}],"wp:term":[{"taxonomy":"product_brand","embeddable":true,"href":"https:\/\/gr1993records.com\/wp-json\/wp\/v2\/product_brand?post=5577"},{"taxonomy":"product_cat","embeddable":true,"href":"https:\/\/gr1993records.com\/wp-json\/wp\/v2\/product_cat?post=5577"},{"taxonomy":"product_tag","embeddable":true,"href":"https:\/\/gr1993records.com\/wp-json\/wp\/v2\/product_tag?post=5577"}],"curies":[{"name":"wp","href":"https:\/\/api.w.org\/{rel}","templated":true}]}}