{"id":5571,"date":"2020-01-10T15:09:43","date_gmt":"2020-01-10T15:09:43","guid":{"rendered":"http:\/\/gr1993records.com\/?post_type=product&#038;p=5571"},"modified":"2026-03-31T11:57:01","modified_gmt":"2026-03-31T09:57:01","slug":"johanna-beisteiner-salon-cd","status":"publish","type":"product","link":"https:\/\/gr1993records.com\/index.php\/product\/johanna-beisteiner-salon-cd\/","title":{"rendered":"Johanna Beisteiner <\/br>Salon <\/br>(CD)"},"content":{"rendered":"<p>[vc_row][vc_column][vc_column_text]Johanna Beisteiner harmadik album\u00e1n osztr\u00e1k, n\u00e9met, olasz \u00e9s spanyol szerz\u0151k sz\u00f3l\u00f3 git\u00e1r darabjaib\u00f3l v\u00e1logat. A vil\u00e1gsz\u00ednvonal\u00fa albumon a magyar zeneszerz\u0151, Gulya R\u00f3bert is k\u00f6zrem\u0171k\u00f6dik zongor\u00e1n. Gulya t\u00f6bb git\u00e1r, kamara \u00e1s nagyzenekari m\u0171vet is \u00edrt Johanna sz\u00e1m\u00e1ra az elm\u00falt h\u00fasz \u00e9vben.<\/p>\n<p>\u201eJohanna korunk egyik \u00faj zenei csod\u00e1ja\u201d \u00edrta a lemez kapcs\u00e1n Edoardo Brenci, a \u00a0Societ\u00e0 del Teatro della Concordia eln\u00f6ke.[\/vc_column_text][vc_separator][vc_column_text]<strong>Fernando Sor: Variations on a theme by Mozart, op. 9<\/strong>[\/vc_column_text][vc_video link=&#8221;https:\/\/youtu.be\/oqMc19g0mok&#8221; align=&#8221;center&#8221;][\/vc_column][\/vc_row]<\/p>","protected":false},"excerpt":{"rendered":"<p>Johanna Beisteiner harmadik album\u00e1n osztr\u00e1k, n\u00e9met, olasz \u00e9s spanyol szerz\u0151k sz\u00f3l\u00f3 git\u00e1r darabjaib\u00f3l v\u00e1logat.<\/p>\n<p>\u201eJohanna korunk egyik \u00faj zenei csod\u00e1ja\u201d \u00edrta a lemez kapcs\u00e1n Edoardo Brenci, a\u00a0 Societ\u00e0 del Teatro della Concordia eln\u00f6ke.<\/p>\n","protected":false},"featured_media":5573,"template":"","meta":[],"product_brand":[],"product_cat":[92],"product_tag":[],"class_list":{"0":"post-5571","1":"product","2":"type-product","3":"status-publish","4":"has-post-thumbnail","6":"product_cat-cd","7":"yith_product_brand-johanna-beisteiner","8":"col-12 col-sm-6 col-md-4","10":"first","11":"instock","12":"sale","13":"shipping-taxable","14":"purchasable","15":"product-type-simple"},"yoast_head":"<!-- This site is optimized with the Yoast SEO plugin v27.2 - https:\/\/yoast.com\/product\/yoast-seo-wordpress\/ -->\n<title>Johanna Beisteiner Salon (CD) &#8211; GR1993 Records<\/title>\n<meta name=\"robots\" content=\"index, follow, max-snippet:-1, max-image-preview:large, max-video-preview:-1\" \/>\n<link rel=\"canonical\" href=\"https:\/\/gr1993records.com\/index.php\/product\/johanna-beisteiner-salon-cd\/\" \/>\n<meta property=\"og:locale\" content=\"hu_HU\" \/>\n<meta property=\"og:type\" content=\"article\" \/>\n<meta property=\"og:title\" content=\"Johanna Beisteiner Salon (CD) &#8211; GR1993 Records\" \/>\n<meta property=\"og:description\" content=\"[:hu]Johanna Beisteiner harmadik album\u00e1n osztr\u00e1k, n\u00e9met, olasz \u00e9s spanyol szerz\u0151k sz\u00f3l\u00f3 git\u00e1r darabjaib\u00f3l v\u00e1logat.  \u201eJohanna korunk egyik \u00faj zenei csod\u00e1ja\u201d \u00edrta a lemez kapcs\u00e1n Edoardo Brenci, a\u00a0 Societ\u00e0 del Teatro della Concordia eln\u00f6ke.[:en]For her 3rd album, Johanna Beisteiner takes solo guitar pieces from Austrian, German, Italian and Spanish composers.  \u201eJohanna is one of the great musical wonders of our era,\u201d wrote Edoardo Brenci, president of the Societ\u00e0 del Teatro della Concordia.[:]\" \/>\n<meta property=\"og:url\" content=\"https:\/\/gr1993records.com\/index.php\/product\/johanna-beisteiner-salon-cd\/\" \/>\n<meta property=\"og:site_name\" content=\"GR1993 Records\" \/>\n<meta property=\"article:publisher\" content=\"https:\/\/www.facebook.com\/GR1993Records-113564886691383\/\" \/>\n<meta property=\"article:modified_time\" content=\"2026-03-31T09:57:01+00:00\" \/>\n<meta property=\"og:image\" content=\"https:\/\/gr1993records.com\/wp-content\/uploads\/2020\/01\/kiadvany_johanna_beisteiner_salon_CD_front.jpg\" \/>\n\t<meta property=\"og:image:width\" content=\"1000\" \/>\n\t<meta property=\"og:image:height\" content=\"1000\" \/>\n\t<meta property=\"og:image:type\" content=\"image\/jpeg\" \/>\n<meta name=\"twitter:card\" content=\"summary_large_image\" \/>\n<meta name=\"twitter:label1\" content=\"Becs\u00fclt olvas\u00e1si id\u0151\" \/>\n\t<meta name=\"twitter:data1\" content=\"1 perc\" \/>\n<script type=\"application\/ld+json\" class=\"yoast-schema-graph\">{\"@context\":\"https:\/\/schema.org\",\"@graph\":[{\"@type\":\"WebPage\",\"@id\":\"https:\/\/gr1993records.com\/index.php\/product\/johanna-beisteiner-salon-cd\/\",\"url\":\"https:\/\/gr1993records.com\/index.php\/product\/johanna-beisteiner-salon-cd\/\",\"name\":\"Johanna Beisteiner Salon (CD) &#8211; GR1993 Records\",\"isPartOf\":{\"@id\":\"https:\/\/gr1993records.com\/#website\"},\"primaryImageOfPage\":{\"@id\":\"https:\/\/gr1993records.com\/index.php\/product\/johanna-beisteiner-salon-cd\/#primaryimage\"},\"image\":{\"@id\":\"https:\/\/gr1993records.com\/index.php\/product\/johanna-beisteiner-salon-cd\/#primaryimage\"},\"thumbnailUrl\":\"https:\/\/gr1993records.com\/wp-content\/uploads\/2020\/01\/kiadvany_johanna_beisteiner_salon_CD_front.jpg\",\"datePublished\":\"2020-01-10T15:09:43+00:00\",\"dateModified\":\"2026-03-31T09:57:01+00:00\",\"breadcrumb\":{\"@id\":\"https:\/\/gr1993records.com\/index.php\/product\/johanna-beisteiner-salon-cd\/#breadcrumb\"},\"inLanguage\":\"hu\",\"potentialAction\":[{\"@type\":\"ReadAction\",\"target\":[\"https:\/\/gr1993records.com\/index.php\/product\/johanna-beisteiner-salon-cd\/\"]}]},{\"@type\":\"ImageObject\",\"inLanguage\":\"hu\",\"@id\":\"https:\/\/gr1993records.com\/index.php\/product\/johanna-beisteiner-salon-cd\/#primaryimage\",\"url\":\"https:\/\/gr1993records.com\/wp-content\/uploads\/2020\/01\/kiadvany_johanna_beisteiner_salon_CD_front.jpg\",\"contentUrl\":\"https:\/\/gr1993records.com\/wp-content\/uploads\/2020\/01\/kiadvany_johanna_beisteiner_salon_CD_front.jpg\",\"width\":1000,\"height\":1000,\"caption\":\"Johanna Beisteiner \u2013 Salon (CD) cover\"},{\"@type\":\"BreadcrumbList\",\"@id\":\"https:\/\/gr1993records.com\/index.php\/product\/johanna-beisteiner-salon-cd\/#breadcrumb\",\"itemListElement\":[{\"@type\":\"ListItem\",\"position\":1,\"name\":\"Home\",\"item\":\"https:\/\/gr1993records.com\/\"},{\"@type\":\"ListItem\",\"position\":2,\"name\":\"Kiadv\u00e1nyok\",\"item\":\"https:\/\/gr1993records.com\/index.php\/shop\/\"},{\"@type\":\"ListItem\",\"position\":3,\"name\":\"Johanna Beisteiner Salon (CD)\"}]},{\"@type\":\"WebSite\",\"@id\":\"https:\/\/gr1993records.com\/#website\",\"url\":\"https:\/\/gr1993records.com\/\",\"name\":\"GR1993 Records\",\"description\":\"\",\"publisher\":{\"@id\":\"https:\/\/gr1993records.com\/#organization\"},\"potentialAction\":[{\"@type\":\"SearchAction\",\"target\":{\"@type\":\"EntryPoint\",\"urlTemplate\":\"https:\/\/gr1993records.com\/?s={search_term_string}\"},\"query-input\":{\"@type\":\"PropertyValueSpecification\",\"valueRequired\":true,\"valueName\":\"search_term_string\"}}],\"inLanguage\":\"hu\"},{\"@type\":\"Organization\",\"@id\":\"https:\/\/gr1993records.com\/#organization\",\"name\":\"Gramy-H Ltd.\",\"url\":\"https:\/\/gr1993records.com\/\",\"logo\":{\"@type\":\"ImageObject\",\"inLanguage\":\"hu\",\"@id\":\"https:\/\/gr1993records.com\/#\/schema\/logo\/image\/\",\"url\":\"https:\/\/gr1993records.com\/wp-content\/uploads\/2019\/08\/GR1993_Records_logo_CC.png\",\"contentUrl\":\"https:\/\/gr1993records.com\/wp-content\/uploads\/2019\/08\/GR1993_Records_logo_CC.png\",\"width\":2900,\"height\":2001,\"caption\":\"Gramy-H Ltd.\"},\"image\":{\"@id\":\"https:\/\/gr1993records.com\/#\/schema\/logo\/image\/\"},\"sameAs\":[\"https:\/\/www.facebook.com\/GR1993Records-113564886691383\/\"]}]}<\/script>\n<!-- \/ Yoast SEO plugin. -->","yoast_head_json":{"title":"Johanna Beisteiner Salon (CD) &#8211; GR1993 Records","robots":{"index":"index","follow":"follow","max-snippet":"max-snippet:-1","max-image-preview":"max-image-preview:large","max-video-preview":"max-video-preview:-1"},"canonical":"https:\/\/gr1993records.com\/index.php\/product\/johanna-beisteiner-salon-cd\/","og_locale":"hu_HU","og_type":"article","og_title":"Johanna Beisteiner Salon (CD) &#8211; GR1993 Records","og_description":"[:hu]Johanna Beisteiner harmadik album\u00e1n osztr\u00e1k, n\u00e9met, olasz \u00e9s spanyol szerz\u0151k sz\u00f3l\u00f3 git\u00e1r darabjaib\u00f3l v\u00e1logat.  \u201eJohanna korunk egyik \u00faj zenei csod\u00e1ja\u201d \u00edrta a lemez kapcs\u00e1n Edoardo Brenci, a\u00a0 Societ\u00e0 del Teatro della Concordia eln\u00f6ke.[:en]For her 3rd album, Johanna Beisteiner takes solo guitar pieces from Austrian, German, Italian and Spanish composers.  \u201eJohanna is one of the great musical wonders of our era,\u201d wrote Edoardo Brenci, president of the Societ\u00e0 del Teatro della Concordia.[:]","og_url":"https:\/\/gr1993records.com\/index.php\/product\/johanna-beisteiner-salon-cd\/","og_site_name":"GR1993 Records","article_publisher":"https:\/\/www.facebook.com\/GR1993Records-113564886691383\/","article_modified_time":"2026-03-31T09:57:01+00:00","og_image":[{"width":1000,"height":1000,"url":"https:\/\/gr1993records.com\/wp-content\/uploads\/2020\/01\/kiadvany_johanna_beisteiner_salon_CD_front.jpg","type":"image\/jpeg"}],"twitter_card":"summary_large_image","twitter_misc":{"Becs\u00fclt olvas\u00e1si id\u0151":"1 perc"},"schema":{"@context":"https:\/\/schema.org","@graph":[{"@type":"WebPage","@id":"https:\/\/gr1993records.com\/index.php\/product\/johanna-beisteiner-salon-cd\/","url":"https:\/\/gr1993records.com\/index.php\/product\/johanna-beisteiner-salon-cd\/","name":"Johanna Beisteiner Salon (CD) &#8211; GR1993 Records","isPartOf":{"@id":"https:\/\/gr1993records.com\/#website"},"primaryImageOfPage":{"@id":"https:\/\/gr1993records.com\/index.php\/product\/johanna-beisteiner-salon-cd\/#primaryimage"},"image":{"@id":"https:\/\/gr1993records.com\/index.php\/product\/johanna-beisteiner-salon-cd\/#primaryimage"},"thumbnailUrl":"https:\/\/gr1993records.com\/wp-content\/uploads\/2020\/01\/kiadvany_johanna_beisteiner_salon_CD_front.jpg","datePublished":"2020-01-10T15:09:43+00:00","dateModified":"2026-03-31T09:57:01+00:00","breadcrumb":{"@id":"https:\/\/gr1993records.com\/index.php\/product\/johanna-beisteiner-salon-cd\/#breadcrumb"},"inLanguage":"hu","potentialAction":[{"@type":"ReadAction","target":["https:\/\/gr1993records.com\/index.php\/product\/johanna-beisteiner-salon-cd\/"]}]},{"@type":"ImageObject","inLanguage":"hu","@id":"https:\/\/gr1993records.com\/index.php\/product\/johanna-beisteiner-salon-cd\/#primaryimage","url":"https:\/\/gr1993records.com\/wp-content\/uploads\/2020\/01\/kiadvany_johanna_beisteiner_salon_CD_front.jpg","contentUrl":"https:\/\/gr1993records.com\/wp-content\/uploads\/2020\/01\/kiadvany_johanna_beisteiner_salon_CD_front.jpg","width":1000,"height":1000,"caption":"Johanna Beisteiner \u2013 Salon (CD) cover"},{"@type":"BreadcrumbList","@id":"https:\/\/gr1993records.com\/index.php\/product\/johanna-beisteiner-salon-cd\/#breadcrumb","itemListElement":[{"@type":"ListItem","position":1,"name":"Home","item":"https:\/\/gr1993records.com\/"},{"@type":"ListItem","position":2,"name":"Kiadv\u00e1nyok","item":"https:\/\/gr1993records.com\/index.php\/shop\/"},{"@type":"ListItem","position":3,"name":"Johanna Beisteiner Salon (CD)"}]},{"@type":"WebSite","@id":"https:\/\/gr1993records.com\/#website","url":"https:\/\/gr1993records.com\/","name":"GR1993 Records","description":"","publisher":{"@id":"https:\/\/gr1993records.com\/#organization"},"potentialAction":[{"@type":"SearchAction","target":{"@type":"EntryPoint","urlTemplate":"https:\/\/gr1993records.com\/?s={search_term_string}"},"query-input":{"@type":"PropertyValueSpecification","valueRequired":true,"valueName":"search_term_string"}}],"inLanguage":"hu"},{"@type":"Organization","@id":"https:\/\/gr1993records.com\/#organization","name":"Gramy-H Ltd.","url":"https:\/\/gr1993records.com\/","logo":{"@type":"ImageObject","inLanguage":"hu","@id":"https:\/\/gr1993records.com\/#\/schema\/logo\/image\/","url":"https:\/\/gr1993records.com\/wp-content\/uploads\/2019\/08\/GR1993_Records_logo_CC.png","contentUrl":"https:\/\/gr1993records.com\/wp-content\/uploads\/2019\/08\/GR1993_Records_logo_CC.png","width":2900,"height":2001,"caption":"Gramy-H Ltd."},"image":{"@id":"https:\/\/gr1993records.com\/#\/schema\/logo\/image\/"},"sameAs":["https:\/\/www.facebook.com\/GR1993Records-113564886691383\/"]}]}},"jetpack_sharing_enabled":true,"_links":{"self":[{"href":"https:\/\/gr1993records.com\/index.php\/wp-json\/wp\/v2\/product\/5571","targetHints":{"allow":["GET"]}}],"collection":[{"href":"https:\/\/gr1993records.com\/index.php\/wp-json\/wp\/v2\/product"}],"about":[{"href":"https:\/\/gr1993records.com\/index.php\/wp-json\/wp\/v2\/types\/product"}],"wp:featuredmedia":[{"embeddable":true,"href":"https:\/\/gr1993records.com\/index.php\/wp-json\/wp\/v2\/media\/5573"}],"wp:attachment":[{"href":"https:\/\/gr1993records.com\/index.php\/wp-json\/wp\/v2\/media?parent=5571"}],"wp:term":[{"taxonomy":"product_brand","embeddable":true,"href":"https:\/\/gr1993records.com\/index.php\/wp-json\/wp\/v2\/product_brand?post=5571"},{"taxonomy":"product_cat","embeddable":true,"href":"https:\/\/gr1993records.com\/index.php\/wp-json\/wp\/v2\/product_cat?post=5571"},{"taxonomy":"product_tag","embeddable":true,"href":"https:\/\/gr1993records.com\/index.php\/wp-json\/wp\/v2\/product_tag?post=5571"}],"curies":[{"name":"wp","href":"https:\/\/api.w.org\/{rel}","templated":true}]}}