{"id":5521,"date":"2020-01-03T10:10:01","date_gmt":"2020-01-03T10:10:01","guid":{"rendered":"http:\/\/gr1993records.com\/?post_type=product&#038;p=5521"},"modified":"2026-03-31T11:59:08","modified_gmt":"2026-03-31T09:59:08","slug":"english-android-east-of-eden-revisited-prelude","status":"publish","type":"product","link":"https:\/\/gr1993records.com\/index.php\/product\/english-android-east-of-eden-revisited-prelude\/","title":{"rendered":"Android &#8211; EOER 01 Prelude"},"content":{"rendered":"<p>[vc_row][vc_column][vc_column_text]Az Android 1980-ban, Debrecenben alap\u00edtott progressz\u00edv zenekar. Olyan debreceni egy\u00fcttesekkel eml\u00edthetj\u00fck egy\u00fctt, mint a Color, a Phanta Rei vagy a Lux. Az Android folyamatosan koncertezik napjainkban is. Zen\u00e9j\u00fck egyedi, progressz\u00edv rockot kombin\u00e1lnak new age, jazz \u00e9s folk elemekkel.<br \/>\nAz East Of Eden szvit tal\u00e1n a legismertebb munk\u00e1juk, melyet az \u00e1llap\u00edt\u00f3 T\u0151zs\u00e9r J\u00f3zsef \u00edrt \u00e9s el\u0151sz\u00f6r 1995-ben jelent meg kazett\u00e1n. A 2009-es CD kiad\u00e1s volt a zenekar els\u0151 hivatalos kiadv\u00e1nya. Az anyagot az\u00f3ta is folyamatosan j\u00e1tssz\u00e1k, \u00edgy sokat fejl\u0151d\u00f6tt \u00e9s v\u00e1ltozott id\u0151k\u00f6zben.<br \/>\nA 2019-es East of Eden Revisited kiad\u00e1sra a sz\u00e1mokat \u00fajra hangszerelt\u00e9k, \u00e9s High Definition min\u0151s\u00e9gben fel is vett\u00e9k. A vinyl v\u00e1ltozat a 7 kompoz\u00edci\u00f3 k\u00f6z\u00fcl 5 darabot tartalmaz. Az albumot a Djabe nemzetk\u00f6zileg is elismert hangm\u00e9rn\u00f6ke, Barab\u00e1s Tam\u00e1s keverte ki.[\/vc_column_text][vc_separator][vc_column_text]<strong>A zenekar tagjai<\/strong><br \/>\nT\u0151zs\u00e9r J\u00f3zsef \u2013 billenty\u0171s hangszerek<br \/>\nL\u00e9tm\u00e1nyi Istv\u00e1n &#8211; git\u00e1r<br \/>\nNikolin Zolt\u00e1n &#8211; basszusgit\u00e1r<br \/>\nDud\u00e1s J\u00e1nos &#8211; git\u00e1r<br \/>\nMez\u0151 Orb\u00e1n &#8211; dob[\/vc_column_text][\/vc_column][\/vc_row]<\/p>","protected":false},"excerpt":{"rendered":"<p>A progressz\u00edv m\u0171fajt k\u00e9pvisel\u0151 Android zenekar 1980-ban alakult. Els\u0151 hivatalos albumuk, az East of Eden CD form\u00e1tumban jelent meg 2009-ben, melynek 10. \u00e9vfordul\u00f3ja alkalm\u00e1b\u00f3l a zen\u00e9szek \u00fajrahangszerelt\u00e9k \u00e9s \u00fajravett\u00e9k kompoz\u00edci\u00f3ikat, amik az eltelt dek\u00e1d alatt sz\u00e1mtalanszor \u00e1talakultak, tovbbfejl\u0151dtek. A mostani CD az \u00f6sszes eredeti kompoz\u00edci\u00f3t tartalmazza. Az Android igaz\u00e1n egyedi, a klasszikus progressz\u00edv rock \u00e9s a new age, jazz \u00e9s n\u00e9pzene elemeinek \u00f6tv\u00f6z\u00e9s\u00e9b\u0151l sz\u00fcletett zenei vil\u00e1got mondhat mag\u00e1\u00e9nak.<\/p>\n","protected":false},"featured_media":5439,"template":"","meta":[],"product_brand":[],"product_cat":[98],"product_tag":[],"class_list":{"0":"post-5521","1":"product","2":"type-product","3":"status-publish","4":"has-post-thumbnail","6":"product_cat-downloadable","7":"yith_product_brand-android","8":"col-12 col-sm-6 col-md-4","10":"first","11":"instock","12":"sale","13":"downloadable","14":"virtual","15":"purchasable","16":"product-type-simple"},"yoast_head":"<!-- This site is optimized with the Yoast SEO plugin v27.2 - https:\/\/yoast.com\/product\/yoast-seo-wordpress\/ -->\n<title>Android - EOER 01 Prelude &#8211; GR1993 Records<\/title>\n<meta name=\"robots\" content=\"index, follow, max-snippet:-1, max-image-preview:large, max-video-preview:-1\" \/>\n<link rel=\"canonical\" href=\"https:\/\/gr1993records.com\/index.php\/product\/english-android-east-of-eden-revisited-prelude\/\" \/>\n<meta property=\"og:locale\" content=\"hu_HU\" \/>\n<meta property=\"og:type\" content=\"article\" \/>\n<meta property=\"og:title\" content=\"Android - EOER 01 Prelude &#8211; GR1993 Records\" \/>\n<meta property=\"og:description\" content=\"[:hu]A progressz\u00edv m\u0171fajt k\u00e9pvisel\u0151 Android zenekar 1980-ban alakult. Els\u0151 hivatalos albumuk, az East of Eden CD form\u00e1tumban jelent meg 2009-ben, melynek 10. \u00e9vfordul\u00f3ja alkalm\u00e1b\u00f3l a zen\u00e9szek \u00fajrahangszerelt\u00e9k \u00e9s \u00fajravett\u00e9k kompoz\u00edci\u00f3ikat, amik az eltelt dek\u00e1d alatt sz\u00e1mtalanszor \u00e1talakultak, tovbbfejl\u0151dtek. A mostani CD az \u00f6sszes eredeti kompoz\u00edci\u00f3t tartalmazza. Az Android igaz\u00e1n egyedi, a klasszikus progressz\u00edv rock \u00e9s a new age, jazz \u00e9s n\u00e9pzene elemeinek \u00f6tv\u00f6z\u00e9s\u00e9b\u0151l sz\u00fcletett zenei vil\u00e1got mondhat mag\u00e1\u00e9nak.[:en]Android is a progressive group founded in 1980. \u201cEast Of Eden\u201d was the first official CD of the band, released in 2009. On the 10th anniversary the band decided to rearrange and re-record the material as the compositions are continuously evolving, regularly played during live shows. This CD edition contains all of the original seven tunes. The music of Android is rather unique, combining classic progressive rock with new age, jazz, and folkloric song motifs.[:]\" \/>\n<meta property=\"og:url\" content=\"https:\/\/gr1993records.com\/index.php\/product\/english-android-east-of-eden-revisited-prelude\/\" \/>\n<meta property=\"og:site_name\" content=\"GR1993 Records\" \/>\n<meta property=\"article:publisher\" content=\"https:\/\/www.facebook.com\/GR1993Records-113564886691383\/\" \/>\n<meta property=\"article:modified_time\" content=\"2026-03-31T09:59:08+00:00\" \/>\n<meta property=\"og:image\" content=\"https:\/\/gr1993records.com\/wp-content\/uploads\/2019\/11\/kiadvany_android_EOER_CD_front.jpg\" \/>\n\t<meta property=\"og:image:width\" content=\"1000\" \/>\n\t<meta property=\"og:image:height\" content=\"1000\" \/>\n\t<meta property=\"og:image:type\" content=\"image\/jpeg\" \/>\n<meta name=\"twitter:card\" content=\"summary_large_image\" \/>\n<meta name=\"twitter:label1\" content=\"Becs\u00fclt olvas\u00e1si id\u0151\" \/>\n\t<meta name=\"twitter:data1\" content=\"2 perc\" \/>\n<script type=\"application\/ld+json\" class=\"yoast-schema-graph\">{\"@context\":\"https:\/\/schema.org\",\"@graph\":[{\"@type\":\"WebPage\",\"@id\":\"https:\/\/gr1993records.com\/index.php\/product\/english-android-east-of-eden-revisited-prelude\/\",\"url\":\"https:\/\/gr1993records.com\/index.php\/product\/english-android-east-of-eden-revisited-prelude\/\",\"name\":\"Android - EOER 01 Prelude &#8211; GR1993 Records\",\"isPartOf\":{\"@id\":\"https:\/\/gr1993records.com\/#website\"},\"primaryImageOfPage\":{\"@id\":\"https:\/\/gr1993records.com\/index.php\/product\/english-android-east-of-eden-revisited-prelude\/#primaryimage\"},\"image\":{\"@id\":\"https:\/\/gr1993records.com\/index.php\/product\/english-android-east-of-eden-revisited-prelude\/#primaryimage\"},\"thumbnailUrl\":\"https:\/\/gr1993records.com\/wp-content\/uploads\/2019\/11\/kiadvany_android_EOER_CD_front.jpg\",\"datePublished\":\"2020-01-03T10:10:01+00:00\",\"dateModified\":\"2026-03-31T09:59:08+00:00\",\"breadcrumb\":{\"@id\":\"https:\/\/gr1993records.com\/index.php\/product\/english-android-east-of-eden-revisited-prelude\/#breadcrumb\"},\"inLanguage\":\"hu\",\"potentialAction\":[{\"@type\":\"ReadAction\",\"target\":[\"https:\/\/gr1993records.com\/index.php\/product\/english-android-east-of-eden-revisited-prelude\/\"]}]},{\"@type\":\"ImageObject\",\"inLanguage\":\"hu\",\"@id\":\"https:\/\/gr1993records.com\/index.php\/product\/english-android-east-of-eden-revisited-prelude\/#primaryimage\",\"url\":\"https:\/\/gr1993records.com\/wp-content\/uploads\/2019\/11\/kiadvany_android_EOER_CD_front.jpg\",\"contentUrl\":\"https:\/\/gr1993records.com\/wp-content\/uploads\/2019\/11\/kiadvany_android_EOER_CD_front.jpg\",\"width\":1000,\"height\":1000,\"caption\":\"Android \u2013 East of Eden Revisited (CD) cover\"},{\"@type\":\"BreadcrumbList\",\"@id\":\"https:\/\/gr1993records.com\/index.php\/product\/english-android-east-of-eden-revisited-prelude\/#breadcrumb\",\"itemListElement\":[{\"@type\":\"ListItem\",\"position\":1,\"name\":\"Home\",\"item\":\"https:\/\/gr1993records.com\/\"},{\"@type\":\"ListItem\",\"position\":2,\"name\":\"Kiadv\u00e1nyok\",\"item\":\"https:\/\/gr1993records.com\/index.php\/shop\/\"},{\"@type\":\"ListItem\",\"position\":3,\"name\":\"Android &#8211; EOER 01 Prelude\"}]},{\"@type\":\"WebSite\",\"@id\":\"https:\/\/gr1993records.com\/#website\",\"url\":\"https:\/\/gr1993records.com\/\",\"name\":\"GR1993 Records\",\"description\":\"\",\"publisher\":{\"@id\":\"https:\/\/gr1993records.com\/#organization\"},\"potentialAction\":[{\"@type\":\"SearchAction\",\"target\":{\"@type\":\"EntryPoint\",\"urlTemplate\":\"https:\/\/gr1993records.com\/?s={search_term_string}\"},\"query-input\":{\"@type\":\"PropertyValueSpecification\",\"valueRequired\":true,\"valueName\":\"search_term_string\"}}],\"inLanguage\":\"hu\"},{\"@type\":\"Organization\",\"@id\":\"https:\/\/gr1993records.com\/#organization\",\"name\":\"Gramy-H Ltd.\",\"url\":\"https:\/\/gr1993records.com\/\",\"logo\":{\"@type\":\"ImageObject\",\"inLanguage\":\"hu\",\"@id\":\"https:\/\/gr1993records.com\/#\/schema\/logo\/image\/\",\"url\":\"https:\/\/gr1993records.com\/wp-content\/uploads\/2019\/08\/GR1993_Records_logo_CC.png\",\"contentUrl\":\"https:\/\/gr1993records.com\/wp-content\/uploads\/2019\/08\/GR1993_Records_logo_CC.png\",\"width\":2900,\"height\":2001,\"caption\":\"Gramy-H Ltd.\"},\"image\":{\"@id\":\"https:\/\/gr1993records.com\/#\/schema\/logo\/image\/\"},\"sameAs\":[\"https:\/\/www.facebook.com\/GR1993Records-113564886691383\/\"]}]}<\/script>\n<!-- \/ Yoast SEO plugin. -->","yoast_head_json":{"title":"Android - EOER 01 Prelude &#8211; GR1993 Records","robots":{"index":"index","follow":"follow","max-snippet":"max-snippet:-1","max-image-preview":"max-image-preview:large","max-video-preview":"max-video-preview:-1"},"canonical":"https:\/\/gr1993records.com\/index.php\/product\/english-android-east-of-eden-revisited-prelude\/","og_locale":"hu_HU","og_type":"article","og_title":"Android - EOER 01 Prelude &#8211; GR1993 Records","og_description":"[:hu]A progressz\u00edv m\u0171fajt k\u00e9pvisel\u0151 Android zenekar 1980-ban alakult. Els\u0151 hivatalos albumuk, az East of Eden CD form\u00e1tumban jelent meg 2009-ben, melynek 10. \u00e9vfordul\u00f3ja alkalm\u00e1b\u00f3l a zen\u00e9szek \u00fajrahangszerelt\u00e9k \u00e9s \u00fajravett\u00e9k kompoz\u00edci\u00f3ikat, amik az eltelt dek\u00e1d alatt sz\u00e1mtalanszor \u00e1talakultak, tovbbfejl\u0151dtek. A mostani CD az \u00f6sszes eredeti kompoz\u00edci\u00f3t tartalmazza. Az Android igaz\u00e1n egyedi, a klasszikus progressz\u00edv rock \u00e9s a new age, jazz \u00e9s n\u00e9pzene elemeinek \u00f6tv\u00f6z\u00e9s\u00e9b\u0151l sz\u00fcletett zenei vil\u00e1got mondhat mag\u00e1\u00e9nak.[:en]Android is a progressive group founded in 1980. \u201cEast Of Eden\u201d was the first official CD of the band, released in 2009. On the 10th anniversary the band decided to rearrange and re-record the material as the compositions are continuously evolving, regularly played during live shows. This CD edition contains all of the original seven tunes. The music of Android is rather unique, combining classic progressive rock with new age, jazz, and folkloric song motifs.[:]","og_url":"https:\/\/gr1993records.com\/index.php\/product\/english-android-east-of-eden-revisited-prelude\/","og_site_name":"GR1993 Records","article_publisher":"https:\/\/www.facebook.com\/GR1993Records-113564886691383\/","article_modified_time":"2026-03-31T09:59:08+00:00","og_image":[{"width":1000,"height":1000,"url":"https:\/\/gr1993records.com\/wp-content\/uploads\/2019\/11\/kiadvany_android_EOER_CD_front.jpg","type":"image\/jpeg"}],"twitter_card":"summary_large_image","twitter_misc":{"Becs\u00fclt olvas\u00e1si id\u0151":"2 perc"},"schema":{"@context":"https:\/\/schema.org","@graph":[{"@type":"WebPage","@id":"https:\/\/gr1993records.com\/index.php\/product\/english-android-east-of-eden-revisited-prelude\/","url":"https:\/\/gr1993records.com\/index.php\/product\/english-android-east-of-eden-revisited-prelude\/","name":"Android - EOER 01 Prelude &#8211; GR1993 Records","isPartOf":{"@id":"https:\/\/gr1993records.com\/#website"},"primaryImageOfPage":{"@id":"https:\/\/gr1993records.com\/index.php\/product\/english-android-east-of-eden-revisited-prelude\/#primaryimage"},"image":{"@id":"https:\/\/gr1993records.com\/index.php\/product\/english-android-east-of-eden-revisited-prelude\/#primaryimage"},"thumbnailUrl":"https:\/\/gr1993records.com\/wp-content\/uploads\/2019\/11\/kiadvany_android_EOER_CD_front.jpg","datePublished":"2020-01-03T10:10:01+00:00","dateModified":"2026-03-31T09:59:08+00:00","breadcrumb":{"@id":"https:\/\/gr1993records.com\/index.php\/product\/english-android-east-of-eden-revisited-prelude\/#breadcrumb"},"inLanguage":"hu","potentialAction":[{"@type":"ReadAction","target":["https:\/\/gr1993records.com\/index.php\/product\/english-android-east-of-eden-revisited-prelude\/"]}]},{"@type":"ImageObject","inLanguage":"hu","@id":"https:\/\/gr1993records.com\/index.php\/product\/english-android-east-of-eden-revisited-prelude\/#primaryimage","url":"https:\/\/gr1993records.com\/wp-content\/uploads\/2019\/11\/kiadvany_android_EOER_CD_front.jpg","contentUrl":"https:\/\/gr1993records.com\/wp-content\/uploads\/2019\/11\/kiadvany_android_EOER_CD_front.jpg","width":1000,"height":1000,"caption":"Android \u2013 East of Eden Revisited (CD) cover"},{"@type":"BreadcrumbList","@id":"https:\/\/gr1993records.com\/index.php\/product\/english-android-east-of-eden-revisited-prelude\/#breadcrumb","itemListElement":[{"@type":"ListItem","position":1,"name":"Home","item":"https:\/\/gr1993records.com\/"},{"@type":"ListItem","position":2,"name":"Kiadv\u00e1nyok","item":"https:\/\/gr1993records.com\/index.php\/shop\/"},{"@type":"ListItem","position":3,"name":"Android &#8211; EOER 01 Prelude"}]},{"@type":"WebSite","@id":"https:\/\/gr1993records.com\/#website","url":"https:\/\/gr1993records.com\/","name":"GR1993 Records","description":"","publisher":{"@id":"https:\/\/gr1993records.com\/#organization"},"potentialAction":[{"@type":"SearchAction","target":{"@type":"EntryPoint","urlTemplate":"https:\/\/gr1993records.com\/?s={search_term_string}"},"query-input":{"@type":"PropertyValueSpecification","valueRequired":true,"valueName":"search_term_string"}}],"inLanguage":"hu"},{"@type":"Organization","@id":"https:\/\/gr1993records.com\/#organization","name":"Gramy-H Ltd.","url":"https:\/\/gr1993records.com\/","logo":{"@type":"ImageObject","inLanguage":"hu","@id":"https:\/\/gr1993records.com\/#\/schema\/logo\/image\/","url":"https:\/\/gr1993records.com\/wp-content\/uploads\/2019\/08\/GR1993_Records_logo_CC.png","contentUrl":"https:\/\/gr1993records.com\/wp-content\/uploads\/2019\/08\/GR1993_Records_logo_CC.png","width":2900,"height":2001,"caption":"Gramy-H Ltd."},"image":{"@id":"https:\/\/gr1993records.com\/#\/schema\/logo\/image\/"},"sameAs":["https:\/\/www.facebook.com\/GR1993Records-113564886691383\/"]}]}},"jetpack_sharing_enabled":true,"_links":{"self":[{"href":"https:\/\/gr1993records.com\/index.php\/wp-json\/wp\/v2\/product\/5521","targetHints":{"allow":["GET"]}}],"collection":[{"href":"https:\/\/gr1993records.com\/index.php\/wp-json\/wp\/v2\/product"}],"about":[{"href":"https:\/\/gr1993records.com\/index.php\/wp-json\/wp\/v2\/types\/product"}],"wp:featuredmedia":[{"embeddable":true,"href":"https:\/\/gr1993records.com\/index.php\/wp-json\/wp\/v2\/media\/5439"}],"wp:attachment":[{"href":"https:\/\/gr1993records.com\/index.php\/wp-json\/wp\/v2\/media?parent=5521"}],"wp:term":[{"taxonomy":"product_brand","embeddable":true,"href":"https:\/\/gr1993records.com\/index.php\/wp-json\/wp\/v2\/product_brand?post=5521"},{"taxonomy":"product_cat","embeddable":true,"href":"https:\/\/gr1993records.com\/index.php\/wp-json\/wp\/v2\/product_cat?post=5521"},{"taxonomy":"product_tag","embeddable":true,"href":"https:\/\/gr1993records.com\/index.php\/wp-json\/wp\/v2\/product_tag?post=5521"}],"curies":[{"name":"wp","href":"https:\/\/api.w.org\/{rel}","templated":true}]}}