{"id":5460,"date":"2019-12-07T11:32:23","date_gmt":"2019-12-07T11:32:23","guid":{"rendered":"http:\/\/gr1993records.com\/?post_type=product&#038;p=5460"},"modified":"2026-03-31T12:00:51","modified_gmt":"2026-03-31T10:00:51","slug":"djabe-steve-hackett-back-to-sardinia-2lp","status":"publish","type":"product","link":"https:\/\/gr1993records.com\/index.php\/product\/djabe-steve-hackett-back-to-sardinia-2lp\/","title":{"rendered":"Djabe &#038; Steve Hackett <\/br>Back to Sardinia <\/br>(2LP)"},"content":{"rendered":"<p>[vc_row][vc_column][vc_column_text]Half-speed cut at Abbey Road Studios by Miles Showell.<\/p>\n<p>A Djabe zenekar m\u00e1r negyedik k\u00f6z\u00f6s album\u00e1t jelenteti meg Steve Hackettel Angli\u00e1ban. A 2017-ben napvil\u00e1got l\u00e1tott Life Is A Journey \u2013 The Sardinia Tapes st\u00fadi\u00f3albumot Szard\u00ednia sziget\u00e9n r\u00f6gz\u00edtett\u00e9k. A mediterr\u00e1n nyugodt \u00e9s a r\u00e9gi korok misztikum\u00e1val tel\u00edtett hangulat k\u00fcl\u00f6nleges inspir\u00e1ci\u00f3t adott a m\u0171v\u00e9szeknek. Az anal\u00f3g szalagokra felvett 3 napi improviz\u00e1ci\u00f3b\u00f3l Barab\u00e1s Tam\u00e1s, a Djabe basszusgit\u00e1ros hangm\u00e9rn\u00f6ke kompon\u00e1lt egy teljes albumot, melyet Steve \u00fagy \u00e9rt\u00e9kelt, hogy az egyik legjobb dolog, amiben valaha r\u00e9szt vett, \u00e9s nagyon b\u00fcszke r\u00e1.<br \/>\nA kiadv\u00e1ny rendk\u00edv\u00fcl sikeres lett, sokezer p\u00e9ld\u00e1ny fogyott el bel\u0151le m\u00e1r az els\u0151 \u00e9vben. A k\u00f6z\u00f6ns\u00e9g \u00e9s a szakma is nagyra \u00e9rt\u00e9kelte a produkci\u00f3t<br \/>\n2019-ben a zen\u00e9szek visszat\u00e9rtek Szard\u00edni\u00e1ra, \u00e9s elk\u00e9sz\u00edtett\u00e9k a folytat\u00e1st. Ez\u00fattal 4 napon \u00e1t tartottak a felv\u00e9telek. Az els\u0151 lemez nyugodt, medit\u00e1l\u00f3 hangz\u00e1sa megmaradt, de a zenei \u00f6sszk\u00e9p sz\u00ednesebb lett. M\u0171faj\u00e1t tekintve instrument\u00e1lis progressz\u00edv rock\/world\/jazz\/ambient f\u00fazi\u00f3s zene illik r\u00e1 legjobban. A felv\u00e9teleket Barab\u00e1s Tam\u00e1s \u2013 basszusgit\u00e1r, git\u00e1r; Steve Hackett \u2013 git\u00e1r; \u00c9gerh\u00e1zi Attila \u2013 git\u00e1r, \u00fct\u0151hangszerek; Nagy J\u00e1nos- billenty\u0171s hangszerek; Ko\u00f3s-Hut\u00e1s \u00c1ron- trombita, sz\u00e1rnyk\u00fcrt; Kasz\u00e1s P\u00e9ter \u2013 dobok, \u00fct\u0151hangszerek, \u00e9nek k\u00e9sz\u00edtett\u00e9k.<br \/>\nA z\u00e1r\u00f3 sz\u00e1mot a 2016-os felv\u00e9telekb\u0151l emelt\u00e9k be, \u00edgy Gulli Briem a Mezzoforte dobosa is j\u00e1tszik egy sz\u00e1mban, hiszen az els\u0151 szard\u00edniai albumon \u0151 dobolt.[\/vc_column_text][vc_separator][vc_column_text]<strong>Az albumon k\u00f6zrem\u0171k\u00f6d\u0151 zen\u00e9szek<\/strong><br \/>\nTamas Barabas \u2013 bass guitar, guitar, synths<br \/>\nSteve Hackett \u2013 guitar<br \/>\nAttila Egerhazi \u2013 guitar, percussion<br \/>\n\u00c1ron Ko\u00f3s-Hut\u00e1s \u2013 trumpet, flugelhorn<br \/>\nJ\u00e1nos Nagy \u2013 keyboards<br \/>\nP\u00e9ter Kasz\u00e1s \u2013 drums, percussion, vocal<br \/>\nGulli Briem \u2013 drums (Floating Boat 2016)[\/vc_column_text][vc_separator][vc_video link=&#8221;https:\/\/youtu.be\/NuVVnHBzVIs&#8221; align=&#8221;center&#8221;][\/vc_column][\/vc_row]<\/p>","protected":false},"excerpt":{"rendered":"<p>A Djabe zenekar m\u00e1r negyedik k\u00f6z\u00f6s album\u00e1t jelenteti meg Steve Hackettel Angli\u00e1ban. A 2017-ben napvil\u00e1got l\u00e1tott Life Is A Journey \u2013 The Sardinia Tapes st\u00fadi\u00f3albumot Szard\u00ednia sziget\u00e9n r\u00f6gz\u00edtett\u00e9k. Az anal\u00f3g szalagokra felvett 3 napi improviz\u00e1ci\u00f3b\u00f3l Barab\u00e1s Tam\u00e1s, a Djabe basszusgit\u00e1ros hangm\u00e9rn\u00f6ke kompon\u00e1lt egy teljes albumot, melyet Steve \u00fagy \u00e9rt\u00e9kelt, hogy az egyik legjobb dolog, amiben valaha r\u00e9szt vett, \u00e9s, hogy nagyon b\u00fcszke r\u00e1. A kiadv\u00e1ny rendk\u00edv\u00fcl sikeres lett, sokezer p\u00e9ld\u00e1ny fogyott el bel\u0151le m\u00e1r az els\u0151 \u00e9vben. A k\u00f6z\u00f6ns\u00e9g \u00e9s a szakma is nagyra \u00e9rt\u00e9kelte a produkci\u00f3t.<br \/>\n2019-ben a zen\u00e9szek visszat\u00e9rtek Szard\u00edni\u00e1ra, \u00e9s elk\u00e9sz\u00edtett\u00e9k a folytat\u00e1st.<\/p>\n","protected":false},"featured_media":5464,"template":"","meta":[],"product_brand":[],"product_cat":[91],"product_tag":[],"class_list":{"0":"post-5460","1":"product","2":"type-product","3":"status-publish","4":"has-post-thumbnail","6":"product_cat-lp","7":"yith_product_brand-djabe","8":"yith_product_brand-steve-hackett","9":"col-12 col-sm-6 col-md-4","11":"first","12":"instock","13":"shipping-taxable","14":"purchasable","15":"product-type-simple"},"yoast_head":"<!-- This site is optimized with the Yoast SEO plugin v27.3 - https:\/\/yoast.com\/product\/yoast-seo-wordpress\/ -->\n<title>Djabe &amp; Steve Hackett Back to Sardinia (2LP) &#8211; GR1993 Records<\/title>\n<meta name=\"robots\" content=\"index, follow, max-snippet:-1, max-image-preview:large, max-video-preview:-1\" \/>\n<link rel=\"canonical\" href=\"https:\/\/gr1993records.com\/index.php\/product\/djabe-steve-hackett-back-to-sardinia-2lp\/\" \/>\n<meta property=\"og:locale\" content=\"hu_HU\" \/>\n<meta property=\"og:type\" content=\"article\" \/>\n<meta property=\"og:title\" content=\"Djabe &amp; Steve Hackett Back to Sardinia (2LP) &#8211; GR1993 Records\" \/>\n<meta property=\"og:description\" content=\"[:hu]A Djabe zenekar m\u00e1r negyedik k\u00f6z\u00f6s album\u00e1t jelenteti meg Steve Hackettel Angli\u00e1ban. A 2017-ben napvil\u00e1got l\u00e1tott Life Is A Journey \u2013 The Sardinia Tapes st\u00fadi\u00f3albumot Szard\u00ednia sziget\u00e9n r\u00f6gz\u00edtett\u00e9k. Az anal\u00f3g szalagokra felvett 3 napi improviz\u00e1ci\u00f3b\u00f3l Barab\u00e1s Tam\u00e1s, a Djabe basszusgit\u00e1ros hangm\u00e9rn\u00f6ke kompon\u00e1lt egy teljes albumot, melyet Steve \u00fagy \u00e9rt\u00e9kelt, hogy az egyik legjobb dolog, amiben valaha r\u00e9szt vett, \u00e9s, hogy nagyon b\u00fcszke r\u00e1. A kiadv\u00e1ny rendk\u00edv\u00fcl sikeres lett, sokezer p\u00e9ld\u00e1ny fogyott el bel\u0151le m\u00e1r az els\u0151 \u00e9vben. A k\u00f6z\u00f6ns\u00e9g \u00e9s a szakma is nagyra \u00e9rt\u00e9kelte a produkci\u00f3t. 2019-ben a zen\u00e9szek visszat\u00e9rtek Szard\u00edni\u00e1ra, \u00e9s elk\u00e9sz\u00edtett\u00e9k a folytat\u00e1st.[:en]In 2016 the celebrated Hungarian group DJABE and acclaimed solo musician and former Genesis guitarist STEVE HACKETT spent a few days on the magnificent island of Sardinia. Near the Nostra Signore di Tergu cathedral they built a temporary recording studio in the priest\u2019s house. The 3-day long improvised session was put into shape by Tam\u00e1s Barab\u00e1s, who later in Budapest produced a whole album from the multitrack tapes to create the album Life Is A Journey \u2013 The Sardinia Tapes. Three years on from those initial recordings, DJABE returned to Sardinia once again and recorded some newly improvised sessions. They worked at the same location and recorded onto 24 track analogue tape. STEVE HACKETT later completed his parts in Budapest, before the mixing period, as his summer schedule did not allow free time to share the fresh Sardinian air with his DJABE friends. The final result is again unique.[:]\" \/>\n<meta property=\"og:url\" content=\"https:\/\/gr1993records.com\/index.php\/product\/djabe-steve-hackett-back-to-sardinia-2lp\/\" \/>\n<meta property=\"og:site_name\" content=\"GR1993 Records\" \/>\n<meta property=\"article:publisher\" content=\"https:\/\/www.facebook.com\/GR1993Records-113564886691383\/\" \/>\n<meta property=\"article:modified_time\" content=\"2026-03-31T10:00:51+00:00\" \/>\n<meta property=\"og:image\" content=\"https:\/\/gr1993records.com\/wp-content\/uploads\/2019\/12\/kiadvany_djabe_sh_backtosardinia_2lp_front.jpg\" \/>\n\t<meta property=\"og:image:width\" content=\"1000\" \/>\n\t<meta property=\"og:image:height\" content=\"1000\" \/>\n\t<meta property=\"og:image:type\" content=\"image\/jpeg\" \/>\n<meta name=\"twitter:card\" content=\"summary_large_image\" \/>\n<meta name=\"twitter:label1\" content=\"Becs\u00fclt olvas\u00e1si id\u0151\" \/>\n\t<meta name=\"twitter:data1\" content=\"2 perc\" \/>\n<script type=\"application\/ld+json\" class=\"yoast-schema-graph\">{\"@context\":\"https:\\\/\\\/schema.org\",\"@graph\":[{\"@type\":\"WebPage\",\"@id\":\"https:\\\/\\\/gr1993records.com\\\/index.php\\\/product\\\/djabe-steve-hackett-back-to-sardinia-2lp\\\/\",\"url\":\"https:\\\/\\\/gr1993records.com\\\/index.php\\\/product\\\/djabe-steve-hackett-back-to-sardinia-2lp\\\/\",\"name\":\"Djabe & Steve Hackett Back to Sardinia (2LP) &#8211; GR1993 Records\",\"isPartOf\":{\"@id\":\"https:\\\/\\\/gr1993records.com\\\/#website\"},\"primaryImageOfPage\":{\"@id\":\"https:\\\/\\\/gr1993records.com\\\/index.php\\\/product\\\/djabe-steve-hackett-back-to-sardinia-2lp\\\/#primaryimage\"},\"image\":{\"@id\":\"https:\\\/\\\/gr1993records.com\\\/index.php\\\/product\\\/djabe-steve-hackett-back-to-sardinia-2lp\\\/#primaryimage\"},\"thumbnailUrl\":\"https:\\\/\\\/gr1993records.com\\\/wp-content\\\/uploads\\\/2019\\\/12\\\/kiadvany_djabe_sh_backtosardinia_2lp_front.jpg\",\"datePublished\":\"2019-12-07T11:32:23+00:00\",\"dateModified\":\"2026-03-31T10:00:51+00:00\",\"breadcrumb\":{\"@id\":\"https:\\\/\\\/gr1993records.com\\\/index.php\\\/product\\\/djabe-steve-hackett-back-to-sardinia-2lp\\\/#breadcrumb\"},\"inLanguage\":\"hu\",\"potentialAction\":[{\"@type\":\"ReadAction\",\"target\":[\"https:\\\/\\\/gr1993records.com\\\/index.php\\\/product\\\/djabe-steve-hackett-back-to-sardinia-2lp\\\/\"]}]},{\"@type\":\"ImageObject\",\"inLanguage\":\"hu\",\"@id\":\"https:\\\/\\\/gr1993records.com\\\/index.php\\\/product\\\/djabe-steve-hackett-back-to-sardinia-2lp\\\/#primaryimage\",\"url\":\"https:\\\/\\\/gr1993records.com\\\/wp-content\\\/uploads\\\/2019\\\/12\\\/kiadvany_djabe_sh_backtosardinia_2lp_front.jpg\",\"contentUrl\":\"https:\\\/\\\/gr1993records.com\\\/wp-content\\\/uploads\\\/2019\\\/12\\\/kiadvany_djabe_sh_backtosardinia_2lp_front.jpg\",\"width\":1000,\"height\":1000,\"caption\":\"Djabe & Steve Hackett \u2013 Back To Sardinia (2LP) cover\"},{\"@type\":\"BreadcrumbList\",\"@id\":\"https:\\\/\\\/gr1993records.com\\\/index.php\\\/product\\\/djabe-steve-hackett-back-to-sardinia-2lp\\\/#breadcrumb\",\"itemListElement\":[{\"@type\":\"ListItem\",\"position\":1,\"name\":\"Home\",\"item\":\"https:\\\/\\\/gr1993records.com\\\/\"},{\"@type\":\"ListItem\",\"position\":2,\"name\":\"Kiadv\u00e1nyok\",\"item\":\"https:\\\/\\\/gr1993records.com\\\/index.php\\\/shop\\\/\"},{\"@type\":\"ListItem\",\"position\":3,\"name\":\"Djabe &#038; Steve Hackett Back to Sardinia (2LP)\"}]},{\"@type\":\"WebSite\",\"@id\":\"https:\\\/\\\/gr1993records.com\\\/#website\",\"url\":\"https:\\\/\\\/gr1993records.com\\\/\",\"name\":\"GR1993 Records\",\"description\":\"\",\"publisher\":{\"@id\":\"https:\\\/\\\/gr1993records.com\\\/#organization\"},\"potentialAction\":[{\"@type\":\"SearchAction\",\"target\":{\"@type\":\"EntryPoint\",\"urlTemplate\":\"https:\\\/\\\/gr1993records.com\\\/?s={search_term_string}\"},\"query-input\":{\"@type\":\"PropertyValueSpecification\",\"valueRequired\":true,\"valueName\":\"search_term_string\"}}],\"inLanguage\":\"hu\"},{\"@type\":\"Organization\",\"@id\":\"https:\\\/\\\/gr1993records.com\\\/#organization\",\"name\":\"Gramy-H Ltd.\",\"url\":\"https:\\\/\\\/gr1993records.com\\\/\",\"logo\":{\"@type\":\"ImageObject\",\"inLanguage\":\"hu\",\"@id\":\"https:\\\/\\\/gr1993records.com\\\/#\\\/schema\\\/logo\\\/image\\\/\",\"url\":\"https:\\\/\\\/gr1993records.com\\\/wp-content\\\/uploads\\\/2019\\\/08\\\/GR1993_Records_logo_CC.png\",\"contentUrl\":\"https:\\\/\\\/gr1993records.com\\\/wp-content\\\/uploads\\\/2019\\\/08\\\/GR1993_Records_logo_CC.png\",\"width\":2900,\"height\":2001,\"caption\":\"Gramy-H Ltd.\"},\"image\":{\"@id\":\"https:\\\/\\\/gr1993records.com\\\/#\\\/schema\\\/logo\\\/image\\\/\"},\"sameAs\":[\"https:\\\/\\\/www.facebook.com\\\/GR1993Records-113564886691383\\\/\"]}]}<\/script>\n<!-- \/ Yoast SEO plugin. -->","yoast_head_json":{"title":"Djabe & Steve Hackett Back to Sardinia (2LP) &#8211; GR1993 Records","robots":{"index":"index","follow":"follow","max-snippet":"max-snippet:-1","max-image-preview":"max-image-preview:large","max-video-preview":"max-video-preview:-1"},"canonical":"https:\/\/gr1993records.com\/index.php\/product\/djabe-steve-hackett-back-to-sardinia-2lp\/","og_locale":"hu_HU","og_type":"article","og_title":"Djabe & Steve Hackett Back to Sardinia (2LP) &#8211; GR1993 Records","og_description":"[:hu]A Djabe zenekar m\u00e1r negyedik k\u00f6z\u00f6s album\u00e1t jelenteti meg Steve Hackettel Angli\u00e1ban. A 2017-ben napvil\u00e1got l\u00e1tott Life Is A Journey \u2013 The Sardinia Tapes st\u00fadi\u00f3albumot Szard\u00ednia sziget\u00e9n r\u00f6gz\u00edtett\u00e9k. Az anal\u00f3g szalagokra felvett 3 napi improviz\u00e1ci\u00f3b\u00f3l Barab\u00e1s Tam\u00e1s, a Djabe basszusgit\u00e1ros hangm\u00e9rn\u00f6ke kompon\u00e1lt egy teljes albumot, melyet Steve \u00fagy \u00e9rt\u00e9kelt, hogy az egyik legjobb dolog, amiben valaha r\u00e9szt vett, \u00e9s, hogy nagyon b\u00fcszke r\u00e1. A kiadv\u00e1ny rendk\u00edv\u00fcl sikeres lett, sokezer p\u00e9ld\u00e1ny fogyott el bel\u0151le m\u00e1r az els\u0151 \u00e9vben. A k\u00f6z\u00f6ns\u00e9g \u00e9s a szakma is nagyra \u00e9rt\u00e9kelte a produkci\u00f3t. 2019-ben a zen\u00e9szek visszat\u00e9rtek Szard\u00edni\u00e1ra, \u00e9s elk\u00e9sz\u00edtett\u00e9k a folytat\u00e1st.[:en]In 2016 the celebrated Hungarian group DJABE and acclaimed solo musician and former Genesis guitarist STEVE HACKETT spent a few days on the magnificent island of Sardinia. Near the Nostra Signore di Tergu cathedral they built a temporary recording studio in the priest\u2019s house. The 3-day long improvised session was put into shape by Tam\u00e1s Barab\u00e1s, who later in Budapest produced a whole album from the multitrack tapes to create the album Life Is A Journey \u2013 The Sardinia Tapes. Three years on from those initial recordings, DJABE returned to Sardinia once again and recorded some newly improvised sessions. They worked at the same location and recorded onto 24 track analogue tape. STEVE HACKETT later completed his parts in Budapest, before the mixing period, as his summer schedule did not allow free time to share the fresh Sardinian air with his DJABE friends. The final result is again unique.[:]","og_url":"https:\/\/gr1993records.com\/index.php\/product\/djabe-steve-hackett-back-to-sardinia-2lp\/","og_site_name":"GR1993 Records","article_publisher":"https:\/\/www.facebook.com\/GR1993Records-113564886691383\/","article_modified_time":"2026-03-31T10:00:51+00:00","og_image":[{"width":1000,"height":1000,"url":"https:\/\/gr1993records.com\/wp-content\/uploads\/2019\/12\/kiadvany_djabe_sh_backtosardinia_2lp_front.jpg","type":"image\/jpeg"}],"twitter_card":"summary_large_image","twitter_misc":{"Becs\u00fclt olvas\u00e1si id\u0151":"2 perc"},"schema":{"@context":"https:\/\/schema.org","@graph":[{"@type":"WebPage","@id":"https:\/\/gr1993records.com\/index.php\/product\/djabe-steve-hackett-back-to-sardinia-2lp\/","url":"https:\/\/gr1993records.com\/index.php\/product\/djabe-steve-hackett-back-to-sardinia-2lp\/","name":"Djabe & Steve Hackett Back to Sardinia (2LP) &#8211; GR1993 Records","isPartOf":{"@id":"https:\/\/gr1993records.com\/#website"},"primaryImageOfPage":{"@id":"https:\/\/gr1993records.com\/index.php\/product\/djabe-steve-hackett-back-to-sardinia-2lp\/#primaryimage"},"image":{"@id":"https:\/\/gr1993records.com\/index.php\/product\/djabe-steve-hackett-back-to-sardinia-2lp\/#primaryimage"},"thumbnailUrl":"https:\/\/gr1993records.com\/wp-content\/uploads\/2019\/12\/kiadvany_djabe_sh_backtosardinia_2lp_front.jpg","datePublished":"2019-12-07T11:32:23+00:00","dateModified":"2026-03-31T10:00:51+00:00","breadcrumb":{"@id":"https:\/\/gr1993records.com\/index.php\/product\/djabe-steve-hackett-back-to-sardinia-2lp\/#breadcrumb"},"inLanguage":"hu","potentialAction":[{"@type":"ReadAction","target":["https:\/\/gr1993records.com\/index.php\/product\/djabe-steve-hackett-back-to-sardinia-2lp\/"]}]},{"@type":"ImageObject","inLanguage":"hu","@id":"https:\/\/gr1993records.com\/index.php\/product\/djabe-steve-hackett-back-to-sardinia-2lp\/#primaryimage","url":"https:\/\/gr1993records.com\/wp-content\/uploads\/2019\/12\/kiadvany_djabe_sh_backtosardinia_2lp_front.jpg","contentUrl":"https:\/\/gr1993records.com\/wp-content\/uploads\/2019\/12\/kiadvany_djabe_sh_backtosardinia_2lp_front.jpg","width":1000,"height":1000,"caption":"Djabe & Steve Hackett \u2013 Back To Sardinia (2LP) cover"},{"@type":"BreadcrumbList","@id":"https:\/\/gr1993records.com\/index.php\/product\/djabe-steve-hackett-back-to-sardinia-2lp\/#breadcrumb","itemListElement":[{"@type":"ListItem","position":1,"name":"Home","item":"https:\/\/gr1993records.com\/"},{"@type":"ListItem","position":2,"name":"Kiadv\u00e1nyok","item":"https:\/\/gr1993records.com\/index.php\/shop\/"},{"@type":"ListItem","position":3,"name":"Djabe &#038; Steve Hackett Back to Sardinia (2LP)"}]},{"@type":"WebSite","@id":"https:\/\/gr1993records.com\/#website","url":"https:\/\/gr1993records.com\/","name":"GR1993 Records","description":"","publisher":{"@id":"https:\/\/gr1993records.com\/#organization"},"potentialAction":[{"@type":"SearchAction","target":{"@type":"EntryPoint","urlTemplate":"https:\/\/gr1993records.com\/?s={search_term_string}"},"query-input":{"@type":"PropertyValueSpecification","valueRequired":true,"valueName":"search_term_string"}}],"inLanguage":"hu"},{"@type":"Organization","@id":"https:\/\/gr1993records.com\/#organization","name":"Gramy-H Ltd.","url":"https:\/\/gr1993records.com\/","logo":{"@type":"ImageObject","inLanguage":"hu","@id":"https:\/\/gr1993records.com\/#\/schema\/logo\/image\/","url":"https:\/\/gr1993records.com\/wp-content\/uploads\/2019\/08\/GR1993_Records_logo_CC.png","contentUrl":"https:\/\/gr1993records.com\/wp-content\/uploads\/2019\/08\/GR1993_Records_logo_CC.png","width":2900,"height":2001,"caption":"Gramy-H Ltd."},"image":{"@id":"https:\/\/gr1993records.com\/#\/schema\/logo\/image\/"},"sameAs":["https:\/\/www.facebook.com\/GR1993Records-113564886691383\/"]}]}},"jetpack_sharing_enabled":true,"_links":{"self":[{"href":"https:\/\/gr1993records.com\/index.php\/wp-json\/wp\/v2\/product\/5460","targetHints":{"allow":["GET"]}}],"collection":[{"href":"https:\/\/gr1993records.com\/index.php\/wp-json\/wp\/v2\/product"}],"about":[{"href":"https:\/\/gr1993records.com\/index.php\/wp-json\/wp\/v2\/types\/product"}],"wp:featuredmedia":[{"embeddable":true,"href":"https:\/\/gr1993records.com\/index.php\/wp-json\/wp\/v2\/media\/5464"}],"wp:attachment":[{"href":"https:\/\/gr1993records.com\/index.php\/wp-json\/wp\/v2\/media?parent=5460"}],"wp:term":[{"taxonomy":"product_brand","embeddable":true,"href":"https:\/\/gr1993records.com\/index.php\/wp-json\/wp\/v2\/product_brand?post=5460"},{"taxonomy":"product_cat","embeddable":true,"href":"https:\/\/gr1993records.com\/index.php\/wp-json\/wp\/v2\/product_cat?post=5460"},{"taxonomy":"product_tag","embeddable":true,"href":"https:\/\/gr1993records.com\/index.php\/wp-json\/wp\/v2\/product_tag?post=5460"}],"curies":[{"name":"wp","href":"https:\/\/api.w.org\/{rel}","templated":true}]}}