{"id":5414,"date":"2019-11-22T10:12:12","date_gmt":"2019-11-22T10:12:12","guid":{"rendered":"http:\/\/gr1993records.com\/?post_type=product&#038;p=5414"},"modified":"2026-03-31T12:01:12","modified_gmt":"2026-03-31T10:01:12","slug":"djabe-new-dimensions-update-live-lp","status":"publish","type":"product","link":"https:\/\/gr1993records.com\/index.php\/product\/djabe-new-dimensions-update-live-lp\/","title":{"rendered":"Djabe <\/br>New Dimensions Update Live <\/br>(LP)"},"content":{"rendered":"<p>[vc_row][vc_column][vc_column_text]A Djabe zenekar 2016 okt\u00f3ber\u00e9ben meg\u00fajult form\u00e1ci\u00f3val \u00e1llt sz\u00ednpadra. \u00c9gerh\u00e1zi Attila az egy\u00fcttes alap\u00edt\u00f3ja \u00e9s Barab\u00e1s Tam\u00e1s a zenei vezet\u0151je a t\u0151l\u00fck megszokott ig\u00e9nyess\u00e9ggel friss\u00edtett\u00e9k fel a csapatot. A dobokn\u00e1l a nemzetk\u00f6zi szinten is t\u00f6bb szakmai elismer\u00e9st elnyert, valamint Artisjus-d\u00edjas \u00e9s Grammy-d\u00edjra jel\u00f6lt Kasz\u00e1s P\u00e9ter \u00fcl, aki Al di Meola egy\u00fcttes\u00e9nek dobosa volt 9 \u00e9vig. A Djabe r\u00e9gi-\u00faj tagja Ko\u00f3s-Hut\u00e1s \u00c1ron t\u00f6bbsz\u00f6r\u00f6s d\u00edjnyertes trombit\u00e1s, aki 2008- \u00e9s 2010 k\u00f6z\u00f6tt rendszeresen szerepelt a zenekar koncertjein. Els\u0151sorban Kov\u00e1cs Ferenc helyettesek\u00e9nt l\u00e9pett fel a zenekarral, de 2010 ut\u00e1n egy\u00fctt is j\u00e1tszottak koncerteken. A billenty\u0171kn\u00e9l a hazai jazz\u00e9let kimagasl\u00f3 zongorist\u00e1ja, az Artisjus-, eMeRTon- \u00e9s Erkel-d\u00edjjal rendelkez\u0151 Nagy J\u00e1nos hallhat\u00f3, aki rengeteg kiemelked\u0151 nemzetk\u00f6zi \u00e9s hazai m\u0171v\u00e9sszel dogozott m\u00e1r egy\u00fctt. A lemezfelv\u00e9tel az \u00faj fel\u00e1ll\u00e1s legels\u0151 koncertj\u00e9n k\u00e9sz\u00fclt 2016. okt\u00f3ber 26-\u00e1n a Columbus Jazz Klubban. A k\u00f6z\u00f6ns\u00e9g meggy\u0151z\u0151dhetett a Djabe friss form\u00e1ci\u00f3j\u00e1nak kvalit\u00e1sair\u00f3l. Ezt az \u00e9lm\u00e9nyt a kiad\u00f3 most elhozta \u00d6n\u00f6knek is. A koncertr\u0151l soks\u00e1vos anal\u00f3g felv\u00e9tel k\u00e9sz\u00fclt, melyet a vil\u00e1gszerte elismert hangm\u00e9rn\u00f6k, a zenekar basszusgit\u00e1rosa Barab\u00e1s Tam\u00e1s kevert ki. Az anal\u00f3g mesterszalagokat a gy\u00e1rt\u00e1shoz a zenekar git\u00e1rosa \u00c9gerh\u00e1zi Attila k\u00e9sz\u00edtette el. Az el\u0151ad\u00e1s alkalm\u00e1val a zenekar Best Of jelleg\u0171 m\u0171sort j\u00e1tszott \u00e1tfogva a Djabe 21 \u00e9ves reperto\u00e1rj\u00e1t.[\/vc_column_text][vc_separator][vc_column_text]<strong>A lemezen szerepl\u0151 el\u0151ad\u00f3k<\/strong><br \/>\nBarab\u00e1s Tam\u00e1s \u2013 basszus git\u00e1r<br \/>\n\u00c9gerh\u00e1zi Attila \u2013 git\u00e1r, \u00fct\u0151s hangszerek<br \/>\nKasz\u00e1s P\u00e9ter \u2013 dobok<br \/>\nKo\u00f3s-Hut\u00e1s \u00c1ron \u2013 trombita<br \/>\nNagy J\u00e1nos \u2013 zongora[\/vc_column_text][vc_separator][vc_video link=&#8221;https:\/\/youtu.be\/SK_fUBQk2gs&#8221; align=&#8221;center&#8221;][vc_video link=&#8221;https:\/\/youtu.be\/24-qjyPcMoc&#8221; align=&#8221;center&#8221;][vc_video link=&#8221;https:\/\/youtu.be\/jXPCm3D2AsU&#8221; align=&#8221;center&#8221;][\/vc_column][\/vc_row]<\/p>","protected":false},"excerpt":{"rendered":"<p>A Djabe zenekar 2016 okt\u00f3ber\u00e9ben meg\u00fajult form\u00e1ci\u00f3val \u00e1llt sz\u00ednpadra. \u00c9gerh\u00e1zi Attila az egy\u00fcttes alap\u00edt\u00f3ja \u00e9s Barab\u00e1s Tam\u00e1s a zenei vezet\u0151je a t\u0151l\u00fck megszokott ig\u00e9nyess\u00e9ggel friss\u00edtett\u00e9k fel a csapatot.<br \/>\nA zenekar 24 s\u00e1vos anal\u00f3g technik\u00e1val r\u00f6gz\u00edtette a fel\u00e1ll\u00e1s legeslegels\u0151 koncertj\u00e9t. Az LP anyaga felfoghat\u00f3 a zenekar akkor 20 \u00e9ver t\u00f6rt\u00e9net\u00e9nek egyfajta \u00f6sszefoglal\u00e1sak\u00e9nt is.<\/p>\n","protected":false},"featured_media":5416,"template":"","meta":[],"product_brand":[],"product_cat":[91],"product_tag":[],"class_list":{"0":"post-5414","1":"product","2":"type-product","3":"status-publish","4":"has-post-thumbnail","6":"product_cat-lp","7":"yith_product_brand-djabe","8":"col-12 col-sm-6 col-md-4","10":"first","11":"instock","12":"sale","13":"shipping-taxable","14":"purchasable","15":"product-type-simple"},"yoast_head":"<!-- This site is optimized with the Yoast SEO plugin v27.2 - https:\/\/yoast.com\/product\/yoast-seo-wordpress\/ -->\n<title>Djabe New Dimensions Update Live (LP) &#8211; GR1993 Records<\/title>\n<meta name=\"robots\" content=\"index, follow, max-snippet:-1, max-image-preview:large, max-video-preview:-1\" \/>\n<link rel=\"canonical\" href=\"https:\/\/gr1993records.com\/index.php\/product\/djabe-new-dimensions-update-live-lp\/\" \/>\n<meta property=\"og:locale\" content=\"hu_HU\" \/>\n<meta property=\"og:type\" content=\"article\" \/>\n<meta property=\"og:title\" content=\"Djabe New Dimensions Update Live (LP) &#8211; GR1993 Records\" \/>\n<meta property=\"og:description\" content=\"[:hu]A Djabe zenekar 2016 okt\u00f3ber\u00e9ben meg\u00fajult form\u00e1ci\u00f3val \u00e1llt sz\u00ednpadra. \u00c9gerh\u00e1zi Attila az egy\u00fcttes alap\u00edt\u00f3ja \u00e9s Barab\u00e1s Tam\u00e1s a zenei vezet\u0151je a t\u0151l\u00fck megszokott ig\u00e9nyess\u00e9ggel friss\u00edtett\u00e9k fel a csapatot. A zenekar 24 s\u00e1vos anal\u00f3g technik\u00e1val r\u00f6gz\u00edtette a fel\u00e1ll\u00e1s legeslegels\u0151 koncertj\u00e9t. Az LP anyaga felfoghat\u00f3 a zenekar akkor 20 \u00e9ver t\u00f6rt\u00e9net\u00e9nek egyfajta \u00f6sszefoglal\u00e1sak\u00e9nt is.[:en]Djabe stepped on stage with a renewed line-up in October, 2016. Founder of the band, Attila \u00c9gerh\u00e1zi (guitar) and musical director Tam\u00e1s Barab\u00e1s (bass guitar) refreshed the band along the guidelines of their high standards. Djabe recorded the very first gig of the new line-up onto 24 track analogue tape. The LP is a kind of a highlights compilation of the band\u2019s then 20 years carrier.[:]\" \/>\n<meta property=\"og:url\" content=\"https:\/\/gr1993records.com\/index.php\/product\/djabe-new-dimensions-update-live-lp\/\" \/>\n<meta property=\"og:site_name\" content=\"GR1993 Records\" \/>\n<meta property=\"article:publisher\" content=\"https:\/\/www.facebook.com\/GR1993Records-113564886691383\/\" \/>\n<meta property=\"article:modified_time\" content=\"2026-03-31T10:01:12+00:00\" \/>\n<meta property=\"og:image\" content=\"https:\/\/gr1993records.com\/wp-content\/uploads\/2019\/11\/kiadvany_djabe_newdimupdatelive_lp_front.jpg\" \/>\n\t<meta property=\"og:image:width\" content=\"1000\" \/>\n\t<meta property=\"og:image:height\" content=\"1000\" \/>\n\t<meta property=\"og:image:type\" content=\"image\/jpeg\" \/>\n<meta name=\"twitter:card\" content=\"summary_large_image\" \/>\n<meta name=\"twitter:label1\" content=\"Becs\u00fclt olvas\u00e1si id\u0151\" \/>\n\t<meta name=\"twitter:data1\" content=\"4 perc\" \/>\n<script type=\"application\/ld+json\" class=\"yoast-schema-graph\">{\"@context\":\"https:\/\/schema.org\",\"@graph\":[{\"@type\":\"WebPage\",\"@id\":\"https:\/\/gr1993records.com\/index.php\/product\/djabe-new-dimensions-update-live-lp\/\",\"url\":\"https:\/\/gr1993records.com\/index.php\/product\/djabe-new-dimensions-update-live-lp\/\",\"name\":\"Djabe New Dimensions Update Live (LP) &#8211; GR1993 Records\",\"isPartOf\":{\"@id\":\"https:\/\/gr1993records.com\/#website\"},\"primaryImageOfPage\":{\"@id\":\"https:\/\/gr1993records.com\/index.php\/product\/djabe-new-dimensions-update-live-lp\/#primaryimage\"},\"image\":{\"@id\":\"https:\/\/gr1993records.com\/index.php\/product\/djabe-new-dimensions-update-live-lp\/#primaryimage\"},\"thumbnailUrl\":\"https:\/\/gr1993records.com\/wp-content\/uploads\/2019\/11\/kiadvany_djabe_newdimupdatelive_lp_front.jpg\",\"datePublished\":\"2019-11-22T10:12:12+00:00\",\"dateModified\":\"2026-03-31T10:01:12+00:00\",\"breadcrumb\":{\"@id\":\"https:\/\/gr1993records.com\/index.php\/product\/djabe-new-dimensions-update-live-lp\/#breadcrumb\"},\"inLanguage\":\"hu\",\"potentialAction\":[{\"@type\":\"ReadAction\",\"target\":[\"https:\/\/gr1993records.com\/index.php\/product\/djabe-new-dimensions-update-live-lp\/\"]}]},{\"@type\":\"ImageObject\",\"inLanguage\":\"hu\",\"@id\":\"https:\/\/gr1993records.com\/index.php\/product\/djabe-new-dimensions-update-live-lp\/#primaryimage\",\"url\":\"https:\/\/gr1993records.com\/wp-content\/uploads\/2019\/11\/kiadvany_djabe_newdimupdatelive_lp_front.jpg\",\"contentUrl\":\"https:\/\/gr1993records.com\/wp-content\/uploads\/2019\/11\/kiadvany_djabe_newdimupdatelive_lp_front.jpg\",\"width\":1000,\"height\":1000,\"caption\":\"Djabe \u2013 New Dimensions Update Live (LP) cover\"},{\"@type\":\"BreadcrumbList\",\"@id\":\"https:\/\/gr1993records.com\/index.php\/product\/djabe-new-dimensions-update-live-lp\/#breadcrumb\",\"itemListElement\":[{\"@type\":\"ListItem\",\"position\":1,\"name\":\"Home\",\"item\":\"https:\/\/gr1993records.com\/\"},{\"@type\":\"ListItem\",\"position\":2,\"name\":\"Kiadv\u00e1nyok\",\"item\":\"https:\/\/gr1993records.com\/index.php\/shop\/\"},{\"@type\":\"ListItem\",\"position\":3,\"name\":\"Djabe New Dimensions Update Live (LP)\"}]},{\"@type\":\"WebSite\",\"@id\":\"https:\/\/gr1993records.com\/#website\",\"url\":\"https:\/\/gr1993records.com\/\",\"name\":\"GR1993 Records\",\"description\":\"\",\"publisher\":{\"@id\":\"https:\/\/gr1993records.com\/#organization\"},\"potentialAction\":[{\"@type\":\"SearchAction\",\"target\":{\"@type\":\"EntryPoint\",\"urlTemplate\":\"https:\/\/gr1993records.com\/?s={search_term_string}\"},\"query-input\":{\"@type\":\"PropertyValueSpecification\",\"valueRequired\":true,\"valueName\":\"search_term_string\"}}],\"inLanguage\":\"hu\"},{\"@type\":\"Organization\",\"@id\":\"https:\/\/gr1993records.com\/#organization\",\"name\":\"Gramy-H Ltd.\",\"url\":\"https:\/\/gr1993records.com\/\",\"logo\":{\"@type\":\"ImageObject\",\"inLanguage\":\"hu\",\"@id\":\"https:\/\/gr1993records.com\/#\/schema\/logo\/image\/\",\"url\":\"https:\/\/gr1993records.com\/wp-content\/uploads\/2019\/08\/GR1993_Records_logo_CC.png\",\"contentUrl\":\"https:\/\/gr1993records.com\/wp-content\/uploads\/2019\/08\/GR1993_Records_logo_CC.png\",\"width\":2900,\"height\":2001,\"caption\":\"Gramy-H Ltd.\"},\"image\":{\"@id\":\"https:\/\/gr1993records.com\/#\/schema\/logo\/image\/\"},\"sameAs\":[\"https:\/\/www.facebook.com\/GR1993Records-113564886691383\/\"]}]}<\/script>\n<!-- \/ Yoast SEO plugin. -->","yoast_head_json":{"title":"Djabe New Dimensions Update Live (LP) &#8211; GR1993 Records","robots":{"index":"index","follow":"follow","max-snippet":"max-snippet:-1","max-image-preview":"max-image-preview:large","max-video-preview":"max-video-preview:-1"},"canonical":"https:\/\/gr1993records.com\/index.php\/product\/djabe-new-dimensions-update-live-lp\/","og_locale":"hu_HU","og_type":"article","og_title":"Djabe New Dimensions Update Live (LP) &#8211; GR1993 Records","og_description":"[:hu]A Djabe zenekar 2016 okt\u00f3ber\u00e9ben meg\u00fajult form\u00e1ci\u00f3val \u00e1llt sz\u00ednpadra. \u00c9gerh\u00e1zi Attila az egy\u00fcttes alap\u00edt\u00f3ja \u00e9s Barab\u00e1s Tam\u00e1s a zenei vezet\u0151je a t\u0151l\u00fck megszokott ig\u00e9nyess\u00e9ggel friss\u00edtett\u00e9k fel a csapatot. A zenekar 24 s\u00e1vos anal\u00f3g technik\u00e1val r\u00f6gz\u00edtette a fel\u00e1ll\u00e1s legeslegels\u0151 koncertj\u00e9t. Az LP anyaga felfoghat\u00f3 a zenekar akkor 20 \u00e9ver t\u00f6rt\u00e9net\u00e9nek egyfajta \u00f6sszefoglal\u00e1sak\u00e9nt is.[:en]Djabe stepped on stage with a renewed line-up in October, 2016. Founder of the band, Attila \u00c9gerh\u00e1zi (guitar) and musical director Tam\u00e1s Barab\u00e1s (bass guitar) refreshed the band along the guidelines of their high standards. Djabe recorded the very first gig of the new line-up onto 24 track analogue tape. The LP is a kind of a highlights compilation of the band\u2019s then 20 years carrier.[:]","og_url":"https:\/\/gr1993records.com\/index.php\/product\/djabe-new-dimensions-update-live-lp\/","og_site_name":"GR1993 Records","article_publisher":"https:\/\/www.facebook.com\/GR1993Records-113564886691383\/","article_modified_time":"2026-03-31T10:01:12+00:00","og_image":[{"width":1000,"height":1000,"url":"https:\/\/gr1993records.com\/wp-content\/uploads\/2019\/11\/kiadvany_djabe_newdimupdatelive_lp_front.jpg","type":"image\/jpeg"}],"twitter_card":"summary_large_image","twitter_misc":{"Becs\u00fclt olvas\u00e1si id\u0151":"4 perc"},"schema":{"@context":"https:\/\/schema.org","@graph":[{"@type":"WebPage","@id":"https:\/\/gr1993records.com\/index.php\/product\/djabe-new-dimensions-update-live-lp\/","url":"https:\/\/gr1993records.com\/index.php\/product\/djabe-new-dimensions-update-live-lp\/","name":"Djabe New Dimensions Update Live (LP) &#8211; GR1993 Records","isPartOf":{"@id":"https:\/\/gr1993records.com\/#website"},"primaryImageOfPage":{"@id":"https:\/\/gr1993records.com\/index.php\/product\/djabe-new-dimensions-update-live-lp\/#primaryimage"},"image":{"@id":"https:\/\/gr1993records.com\/index.php\/product\/djabe-new-dimensions-update-live-lp\/#primaryimage"},"thumbnailUrl":"https:\/\/gr1993records.com\/wp-content\/uploads\/2019\/11\/kiadvany_djabe_newdimupdatelive_lp_front.jpg","datePublished":"2019-11-22T10:12:12+00:00","dateModified":"2026-03-31T10:01:12+00:00","breadcrumb":{"@id":"https:\/\/gr1993records.com\/index.php\/product\/djabe-new-dimensions-update-live-lp\/#breadcrumb"},"inLanguage":"hu","potentialAction":[{"@type":"ReadAction","target":["https:\/\/gr1993records.com\/index.php\/product\/djabe-new-dimensions-update-live-lp\/"]}]},{"@type":"ImageObject","inLanguage":"hu","@id":"https:\/\/gr1993records.com\/index.php\/product\/djabe-new-dimensions-update-live-lp\/#primaryimage","url":"https:\/\/gr1993records.com\/wp-content\/uploads\/2019\/11\/kiadvany_djabe_newdimupdatelive_lp_front.jpg","contentUrl":"https:\/\/gr1993records.com\/wp-content\/uploads\/2019\/11\/kiadvany_djabe_newdimupdatelive_lp_front.jpg","width":1000,"height":1000,"caption":"Djabe \u2013 New Dimensions Update Live (LP) cover"},{"@type":"BreadcrumbList","@id":"https:\/\/gr1993records.com\/index.php\/product\/djabe-new-dimensions-update-live-lp\/#breadcrumb","itemListElement":[{"@type":"ListItem","position":1,"name":"Home","item":"https:\/\/gr1993records.com\/"},{"@type":"ListItem","position":2,"name":"Kiadv\u00e1nyok","item":"https:\/\/gr1993records.com\/index.php\/shop\/"},{"@type":"ListItem","position":3,"name":"Djabe New Dimensions Update Live (LP)"}]},{"@type":"WebSite","@id":"https:\/\/gr1993records.com\/#website","url":"https:\/\/gr1993records.com\/","name":"GR1993 Records","description":"","publisher":{"@id":"https:\/\/gr1993records.com\/#organization"},"potentialAction":[{"@type":"SearchAction","target":{"@type":"EntryPoint","urlTemplate":"https:\/\/gr1993records.com\/?s={search_term_string}"},"query-input":{"@type":"PropertyValueSpecification","valueRequired":true,"valueName":"search_term_string"}}],"inLanguage":"hu"},{"@type":"Organization","@id":"https:\/\/gr1993records.com\/#organization","name":"Gramy-H Ltd.","url":"https:\/\/gr1993records.com\/","logo":{"@type":"ImageObject","inLanguage":"hu","@id":"https:\/\/gr1993records.com\/#\/schema\/logo\/image\/","url":"https:\/\/gr1993records.com\/wp-content\/uploads\/2019\/08\/GR1993_Records_logo_CC.png","contentUrl":"https:\/\/gr1993records.com\/wp-content\/uploads\/2019\/08\/GR1993_Records_logo_CC.png","width":2900,"height":2001,"caption":"Gramy-H Ltd."},"image":{"@id":"https:\/\/gr1993records.com\/#\/schema\/logo\/image\/"},"sameAs":["https:\/\/www.facebook.com\/GR1993Records-113564886691383\/"]}]}},"jetpack_sharing_enabled":true,"_links":{"self":[{"href":"https:\/\/gr1993records.com\/index.php\/wp-json\/wp\/v2\/product\/5414","targetHints":{"allow":["GET"]}}],"collection":[{"href":"https:\/\/gr1993records.com\/index.php\/wp-json\/wp\/v2\/product"}],"about":[{"href":"https:\/\/gr1993records.com\/index.php\/wp-json\/wp\/v2\/types\/product"}],"wp:featuredmedia":[{"embeddable":true,"href":"https:\/\/gr1993records.com\/index.php\/wp-json\/wp\/v2\/media\/5416"}],"wp:attachment":[{"href":"https:\/\/gr1993records.com\/index.php\/wp-json\/wp\/v2\/media?parent=5414"}],"wp:term":[{"taxonomy":"product_brand","embeddable":true,"href":"https:\/\/gr1993records.com\/index.php\/wp-json\/wp\/v2\/product_brand?post=5414"},{"taxonomy":"product_cat","embeddable":true,"href":"https:\/\/gr1993records.com\/index.php\/wp-json\/wp\/v2\/product_cat?post=5414"},{"taxonomy":"product_tag","embeddable":true,"href":"https:\/\/gr1993records.com\/index.php\/wp-json\/wp\/v2\/product_tag?post=5414"}],"curies":[{"name":"wp","href":"https:\/\/api.w.org\/{rel}","templated":true}]}}