{"id":5411,"date":"2019-11-22T09:54:27","date_gmt":"2019-11-22T09:54:27","guid":{"rendered":"http:\/\/gr1993records.com\/?post_type=product&#038;p=5411"},"modified":"2026-03-31T12:01:26","modified_gmt":"2026-03-31T10:01:26","slug":"djabe-live-in-blue-lp","status":"publish","type":"product","link":"https:\/\/gr1993records.com\/index.php\/product\/djabe-live-in-blue-lp\/","title":{"rendered":"Djabe <\/br>Live in Blue <\/br>(LP)"},"content":{"rendered":"<p>[vc_row][vc_column][vc_column_text]180 grammos, \u00e1tl\u00e1tsz\u00f3 k\u00e9k vinyl LP.<br \/>\nLimit\u00e1lt kiad\u00e1s, mind\u00f6ssze 500 darab sz\u00e1mozott p\u00e9ld\u00e1ny k\u00e9sz\u00fclt.<br \/>\nAz albumhoz 24\/96 wav let\u00f6lt\u00e9st adunk aj\u00e1nd\u00e9kba a bor\u00edt\u00f3n tal\u00e1lhat\u00f3 k\u00f3dsz\u00e1m alapj\u00e1n.<\/p>\n<p>A felv\u00e9telek a Down And Up sztere\u00f3 \u00e9s surround turn\u00e9k alkalm\u00e1val k\u00e9sz\u00fcltek 2012 \u2013 2014 k\u00f6z\u00f6tt.<br \/>\nEz az els\u0151 darabja a Live in Blue LP, 2CD, DVD, Blu-Ray sz\u00e9ri\u00e1nak. Minden kiadv\u00e1ny tartalmaz olyan felv\u00e9telt, ami a t\u00f6bbi lemezen nem tal\u00e1lhat\u00f3 meg.<br \/>\nA Djabe 2012-ben a Down And Up album megjelen\u00e9se kapcs\u00e1n nagyszab\u00e1s\u00fa koncertk\u00f6r\u00fatba kezdett \u00e9s 2014 nyar\u00e1ig eml\u00e9kezetes fell\u00e9p\u00e9sek sor\u00e1t adt\u00e1k Magyarorsz\u00e1gon, Eur\u00f3p\u00e1ban \u00e9s Kanad\u00e1ban. Az el\u0151ad\u00e1sokhoz gyakran csatlakoztak a zenekar zen\u00e9sz bar\u00e1tai is. \u00cdgy a kiadv\u00e1nyon jelent\u0151s szerep jutott a vend\u00e9geknek is. Steve Hackett git\u00e1rozott a Genesisb\u0151l, Gulli Briem \u00fct\u0151hangszeren \u00e9s dobon j\u00e1tszott a Mezzofort\u00e9b\u0151l, \u00e9s a New Yorkban \u00e9l\u0151 kanadai szaxofonos John Nugent (Tony Bennett, Ella Fitzgerald) tette teljess\u00e9 a vend\u00e9gek list\u00e1j\u00e1t. A 2013. november 10-i Miskolci koncert k\u00fcl\u00f6n\u00f6sen rendhagy\u00f3 lett, hiszen a Miskolci Szimfonikusok \u00e9s Kov\u00e1cs S\u00e1ra fuvol\u00e1n is k\u00f6zrem\u0171k\u00f6d\u00f6tt a programban. A Live in Blue kiadv\u00e1nyok els\u0151 darabja, a vinyl LP, a koncerteken szerepl\u0151 mindegyik sz\u00ednpadi fel\u00e1ll\u00e1sb\u00f3l ad izgalmas \u00edzel\u00edt\u0151t.<br \/>\nHallhat\u00f3 rajta a Djabe alapfel\u00e1ll\u00e1s\u00e1t\u00f3l (Barab\u00e1s, Banai, \u00c9gerh\u00e1zi, Kov\u00e1cs Ferenc, Kov\u00e1cs Zolt\u00e1n) a Los Sipos a miskolci koncertb\u0151l \u00e9s a Life Spirit a 2014-es \u00d3budai Fesztiv\u00e1lr\u00f3l. Ez a kompoz\u00edci\u00f3 m\u00e1r a Forward albumr\u00f3l val\u00f3, \u00e9s a sorozat t\u00f6bbi kiadv\u00e1ny\u00e1ra nem ker\u00fcl fel, csak az LP-n lehet megtal\u00e1lni. A Djabe Steve Hackettel hallhat\u00f3 az Ace of Wands felv\u00e9tel\u00e9n Miskolcr\u00f3l. Szint\u00e9n Miskolcon k\u00e9sz\u00fclt a Jacuzzi \u00e9s az Overnight Sleeper ahol Kov\u00e1cs Zolt\u00e1n hangszerelte \u00e9s vez\u00e9nyelte a szimfonikusokat. Kov\u00e1cs S\u00e1ra fuvol\u00e1zott, Steve Hackett git\u00e1rozott. A Djabe 2013-ban a PECSA Music Hallban r\u00f6gz\u00edtette az LP anyag\u00e1nak t\u00f6bbi felv\u00e9tel\u00e9t, ahol Gulli Briem \u00e9s John Nugent voltak a vend\u00e9gzen\u00e9szek. Ezek a darabok k\u00e9t hossz\u00fa egyveleg form\u00e1j\u00e1ban \u00edzel\u00edt\u0151t adnak a zenekar teljes p\u00e1lyafut\u00e1s\u00e1b\u00f3l, hiszen a Take on-ig mindegyik albumr\u00f3l tartalmaznak kompoz\u00edci\u00f3kat.<\/p>\n<p>Joz\u00e9 (Bese Jozef\u00e1k L\u00e1szl\u00f3) rock producer, zenei \u00fajs\u00e1g\u00edr\u00f3 (Rock Diszkont, RockinforM, Ellens\u00faly, Passzi\u00f3, \u00c9rt\u00e9kmeg\u0151rz\u0151, stb.) lemezaj\u00e1nl\u00f3ja:<br \/>\nDjabe \u2013 Live in Blue LP (GR1993 Records \/ 2015)<br \/>\nA 2015. \u00e9v els\u0151 Djabe kiadv\u00e1nya a Down and Up turn\u00e9 \u00e9rdekesebb felv\u00e9teleib\u0151l szemezget. \u00c9gerh\u00e1zi Attil\u00e1\u00e9k ezzel, az \u00fajabb rendk\u00edv\u00fcl ig\u00e9nyes kiadv\u00e1nnyal ism\u00e9t szintet ugrottak. A Live in Blue LP p\u00e9lda\u00e9rt\u00e9k\u0171 mind tartalm\u00e1ban, mind kivitel\u00e9ben, mind min\u0151s\u00e9g\u00e9ben.<br \/>\nA 180 grammos audiofil hanglemez egy coloured vinyl, vagyis egy gy\u00f6ny\u00f6r\u0171, \u00e1tl\u00e1tsz\u00f3 k\u00e9k sz\u00edn\u0171 LP. Limit\u00e1lt kiad\u00e1s, melyb\u0151l mind\u00f6ssze \u00f6tsz\u00e1z darab sorsz\u00e1mozott p\u00e9ld\u00e1ny k\u00e9sz\u00fclt. \u00cdzl\u00e9ses, csodasz\u00e9p tasakban. \u00d6r\u00f6m k\u00e9zbe venni. R\u00e1ad\u00e1sul az albumhoz 24 bit \/ 96 kHz min\u0151s\u00e9g\u0171 t\u00f6m\u00f6r\u00edtetlen (wav) let\u00f6lt\u00e9st ad aj\u00e1nd\u00e9kba a zenekar, digit\u00e1lis bor\u00edt\u00f3val egy\u00fctt.<br \/>\nR\u00f6viden megfogalmazva: j\u00f3l sz\u00f3l. Kiss\u00e9 hosszabban: megd\u00f6bbent\u0151en j\u00f3l sz\u00f3l. M\u00e9g a Djabe \/ Gramy katal\u00f3gus kor\u00e1bbi darabjaihoz viszony\u00edtva is kiemelked\u0151 a hangfalakb\u00f3l \u00e1rad\u00f3 zene \u00f6sszhat\u00e1sa. A tiszta \u00e9lettel teli hangz\u00e1s er\u0151teljes, eg\u00e9szs\u00e9ges dinamik\u00e1val t\u00e1rsul. K\u00f6zhelyek, de kev\u00e9sszer voltak enn\u00e9l igazabbak, aktu\u00e1lisabbak. Igencsak meg lenn\u00e9k lepve, ha a Live in Blue nem ker\u00fclne be nagyon hamar a komoly hifist\u00e1k, illetve a vil\u00e1g m\u00e9rt\u00e9kad\u00f3 audi\u00f3-szalonjainak gyakran forgatott tesztlemezei k\u00f6z\u00e9.<br \/>\nA felv\u00e9telek 2013-ban \u00e9s 2014-ben k\u00e9sz\u00fcltek budapesti \u00e9s miskolci helysz\u00edneken, v\u00e1ltoz\u00f3 fel\u00e1ll\u00e1sokban. Term\u00e9szetesen hallhat\u00f3 rajta \u00e9leter\u0151t\u0151l duzzad\u00f3 koncertfelv\u00e9tel a Djabe (Barab\u00e1s Tam\u00e1s, Banai Szil\u00e1rd, \u00c9gerh\u00e1zi Attila, Kov\u00e1cs Ferenc, Kov\u00e1cs Zolt\u00e1n) alapfel\u00e1ll\u00e1s\u00e1t\u00f3l. A felv\u00e9telek tan\u00fas\u00e1ga szerint az el\u0151ad\u00e1sokon a szt\u00e1rvend\u00e9gek, a zenekar bar\u00e1tai (Steve Hackett \u2013 Genesis; Gulli Briem \u2013Mezzoforte; John Nugent \u2013 Tony Bennett, Ella Fiztgerald) is kitettek maguk\u00e9rt. Rajtuk k\u00edv\u00fcl egy tehets\u00e9ges fiatal fuvolista: Kov\u00e1cs S\u00e1ra, illetve a Forward album k\u00f6zrem\u0171k\u00f6d\u0151je, a Miskolci Szimfonikus Zenekar hallhat\u00f3 m\u00e9g Banai\u00e9k mellett. A nagylemez tartalmilag egy igen kompakt, highlights jelleg\u0171 tracklistet tartalmaz, mely \u00e1tfog\u00f3 m\u00f3don tartalmazza a Djabe \u00e9letm\u0171v\u00e9nek ismertebb darabjait. M\u00e9g pontosabban az 1996-os deb\u00fctalbumt\u00f3l a 2008-as Take On CD \/ DVD-audio p\u00e1rosig eltelt id\u0151szak klasszikuss\u00e1 \u00e9rett szerzem\u00e9nyeit foglalja \u00f6ssze. Az \u00f6sszesen tizen\u00f6t t\u00e9tel nagyr\u00e9szt medley, azaz k\u00fcl\u00f6nleges egyveleg form\u00e1ban sz\u00f3lal meg. \u00cdgy nemcsak, hogy sok dalb\u00f3l hangzanak fel ismer\u0151s dallamok, hanem a hossz\u00fa kompoz\u00edci\u00f3k ler\u00f6vid\u00edt\u00e9s\u00e9vel, illetve a sz\u00f3l\u00f3k visszafog\u00e1s\u00e1val minden kor\u00e1bbin\u00e1l l\u00e9nyegre t\u00f6r\u0151bben mutatkoznak meg a Djabe formanyelvgy\u00f6kei: a r\u00e1juk jellemz\u0151 \u00e9s az \u00e9vek sor\u00e1n egyre egyedibb\u00e9 v\u00e1l\u00f3 harm\u00f3niavil\u00e1g; valamint az egzotikus hangszerel\u00e9s \u00e9s a repetit\u00edv r\u00e9szek \u00e1ltal keltett kiss\u00e9 meditat\u00edv, felfel\u00e9 tekint\u0151, alapvet\u0151en pozit\u00edv szellemis\u00e9g\u0171 hangulatok.<br \/>\nA korongon term\u00e9szetesen helyet kaptak m\u00e9g Steve Hackett zseni\u00e1lis szerzem\u00e9nyei. Valamint a This Is Not America c\u00edm\u0171, m\u00e1ra m\u00e1r sztenderdnek sz\u00e1m\u00edt\u00f3 kompoz\u00edci\u00f3, melyet eredetileg 1984-ben r\u00f6gz\u00edtett David Bowie \u00e9s a Pat Metheny Group, de az\u00f3ta m\u00e1r sz\u00e1mos eml\u00e9kezetes feldolgoz\u00e1s bontotta ki a k\u00fcl\u00f6nleges szerzem\u00e9ny sz\u00edneit. Ez\u00fattal a Gulli Briemmel \u00e9s John Nugenttel kieg\u00e9sz\u00fclt Djabe pip\u00e1lta ki a k\u00e9ket. A Live in Blue egy kiv\u00e9teles karrier kiemelked\u0151 koncertlemeze, az id\u00e9n h\u00fasz esztend\u0151s zenekar koncert\u00e9lm\u00e9nyeinek ki\u00e9rlelt s\u0171r\u00edtm\u00e9nye. A Djabe live esszenci\u00e1ja. Egy ilyen pr\u00e9miumkiadv\u00e1nnyal legink\u00e1bb \u00f6nmag\u00e1t tiszteli meg a kult\u00far\u00e1ra \u00e9hes \u00e9s min\u0151s\u00e9gre ig\u00e9nyes emberi l\u00e9lek. A t\u00f6k\u00e9letess\u00e9g ill\u00fazi\u00f3j\u00e1ban csak m\u00e1sodsorban mer\u00fclhet fel az erk\u00f6lcs\u00f6s elj\u00e1r\u00e1s \u00e9s a zenekar t\u00e1mogat\u00e1sa. Az egy\u00fcttes t\u00e1j\u00e9koztat\u00e1sa szerint id\u00e9n m\u00e9g tov\u00e1bbi kiadv\u00e1nyokkal, k\u00f6zt\u00fck egy gy\u0171jtem\u00e9nyes box-szal folytat\u00f3dik a Down and Up Tour 2012-2014 feldolgoz\u00e1sa. \u00dagy legyen!<\/p>\n<p>Joz\u00e9 \/ Ellens\u00faly 2015[\/vc_column_text][vc_separator][vc_column_text]<strong>A lemezen szerepl\u0151 el\u0151ad\u00f3k<\/strong><br \/>\nSzil\u00e1rd Banai \u2013 drums<br \/>\nTam\u00e1s Barab\u00e1s \u2013 bass guitar<br \/>\nAttila \u00c9gerh\u00e1zi \u2013 guitar, percussion<br \/>\nFerenc Kov\u00e1cs \u2013 trumpet, violin<br \/>\nZolt\u00e1n Kov\u00e1cs \u2013 keyboards<br \/>\nGulli Briem \u2013 hang, djembe, shaker, drums<br \/>\nJohn Nugent \u2013 tenor and soprano saxophone<br \/>\nMiskolci Szimfonikus Zenekar[\/vc_column_text][vc_separator][vc_video link=&#8221;https:\/\/youtu.be\/8MHnDUru6MU&#8221;][\/vc_column][\/vc_row]<\/p>","protected":false},"excerpt":{"rendered":"<p>180 gr, transparent blue LP, 500 sz\u00e1mozott p\u00e9ld\u00e1ny<br \/>\n24 bit \/ 96 kHz digital album let\u00f6lthet\u0151<\/p>\n<p>A Djabe 2012-ben a Down And Up album megjelen\u00e9se kapcs\u00e1n nagyszab\u00e1s\u00fa koncertk\u00f6r\u00fatba kezdett \u00e9s 2014 nyar\u00e1ig eml\u00e9kezetes fell\u00e9p\u00e9sek sor\u00e1t adt\u00e1k Magyarorsz\u00e1gon, Eur\u00f3p\u00e1ban \u00e9s Kanad\u00e1ban. Az el\u0151ad\u00e1sokhoz gyakran csatlakoztak a zenekar zen\u00e9sz bar\u00e1tai is. \u00cdgy a kiadv\u00e1nyon jelent\u0151s szerep jutott a vend\u00e9geknek is. Steve Hackett git\u00e1rozott a Genesisb\u0151l, Gulli Briem \u00fct\u0151hangszeren \u00e9s dobon j\u00e1tszott a Mezzofort\u00e9b\u0151l, \u00e9s a New Yorkban \u00e9l\u0151 kanadai szaxofonos John Nugent (Tony Bennett, Ella Fitzgerald) tette teljess\u00e9 a vend\u00e9gek list\u00e1j\u00e1t.<br \/>\nA koncertsorozat legjobb pillanatait v\u00e1logatta \u00f6ssze a zenekar 180 grammos \u00e1tl\u00e1tsz\u00f3 k\u00e9k vinylre. Az 500 sz\u00e1mozott p\u00e9ld\u00e1nyhoz 24 bit \/ 96 kHz let\u00f6lt\u00e9st kapunk aj\u00e1nd\u00e9kba.<\/p>\n","protected":false},"featured_media":5413,"template":"","meta":[],"product_brand":[],"product_cat":[91],"product_tag":[],"class_list":{"0":"post-5411","1":"product","2":"type-product","3":"status-publish","4":"has-post-thumbnail","6":"product_cat-lp","7":"yith_product_brand-djabe","8":"col-12 col-sm-6 col-md-4","10":"first","11":"instock","12":"sale","13":"shipping-taxable","14":"purchasable","15":"product-type-simple"},"yoast_head":"<!-- This site is optimized with the Yoast SEO plugin v27.2 - https:\/\/yoast.com\/product\/yoast-seo-wordpress\/ -->\n<title>Djabe Live in Blue (LP) &#8211; GR1993 Records<\/title>\n<meta name=\"robots\" content=\"index, follow, max-snippet:-1, max-image-preview:large, max-video-preview:-1\" \/>\n<link rel=\"canonical\" href=\"https:\/\/gr1993records.com\/index.php\/product\/djabe-live-in-blue-lp\/\" \/>\n<meta property=\"og:locale\" content=\"hu_HU\" \/>\n<meta property=\"og:type\" content=\"article\" \/>\n<meta property=\"og:title\" content=\"Djabe Live in Blue (LP) &#8211; GR1993 Records\" \/>\n<meta property=\"og:description\" content=\"[:hu]180 gr, transparent blue LP, 500 sz\u00e1mozott p\u00e9ld\u00e1ny 24 bit \/ 96 kHz digital album let\u00f6lthet\u0151  A Djabe 2012-ben a Down And Up album megjelen\u00e9se kapcs\u00e1n nagyszab\u00e1s\u00fa koncertk\u00f6r\u00fatba kezdett \u00e9s 2014 nyar\u00e1ig eml\u00e9kezetes fell\u00e9p\u00e9sek sor\u00e1t adt\u00e1k Magyarorsz\u00e1gon, Eur\u00f3p\u00e1ban \u00e9s Kanad\u00e1ban. Az el\u0151ad\u00e1sokhoz gyakran csatlakoztak a zenekar zen\u00e9sz bar\u00e1tai is. \u00cdgy a kiadv\u00e1nyon jelent\u0151s szerep jutott a vend\u00e9geknek is. Steve Hackett git\u00e1rozott a Genesisb\u0151l, Gulli Briem \u00fct\u0151hangszeren \u00e9s dobon j\u00e1tszott a Mezzofort\u00e9b\u0151l, \u00e9s a New Yorkban \u00e9l\u0151 kanadai szaxofonos John Nugent (Tony Bennett, Ella Fitzgerald) tette teljess\u00e9 a vend\u00e9gek list\u00e1j\u00e1t. A koncertsorozat legjobb pillanatait v\u00e1logatta \u00f6ssze a zenekar 180 grammos \u00e1tl\u00e1tsz\u00f3 k\u00e9k vinylre. Az 500 sz\u00e1mozott p\u00e9ld\u00e1nyhoz 24 bit \/ 96 kHz let\u00f6lt\u00e9st kapunk aj\u00e1nd\u00e9kba.[:en]180 gr, transparent blue LP, only 500 numbered copy worldwide 24 bit \/ 96 kHz digital album included  Djabe in 2012 in connection with the Down And Up album release started a concert series in Hungary, Europe and Canada. The tour lasted until the summer of 2014. The gigs are often joined by friends of the band. Steve Hackett played guitar from Genesis, Gulli Briem of Mezzoforte added drums and percussion, living in New York the Canadian born saxophonist John Nugent (Tony Bennett, Ella Fiztgerald) completed the list of guests. This LP contains the highlights of the tour on 180 gr transparent blue vinyl. The 500 numbered copies come with a 24bit \/ 96 kHz download. A real value for our money.[:]\" \/>\n<meta property=\"og:url\" content=\"https:\/\/gr1993records.com\/index.php\/product\/djabe-live-in-blue-lp\/\" \/>\n<meta property=\"og:site_name\" content=\"GR1993 Records\" \/>\n<meta property=\"article:publisher\" content=\"https:\/\/www.facebook.com\/GR1993Records-113564886691383\/\" \/>\n<meta property=\"article:modified_time\" content=\"2026-03-31T10:01:26+00:00\" \/>\n<meta property=\"og:image\" content=\"https:\/\/gr1993records.com\/wp-content\/uploads\/2019\/11\/kiadvany_djabe_liveinblue_lp_front.jpg\" \/>\n\t<meta property=\"og:image:width\" content=\"1000\" \/>\n\t<meta property=\"og:image:height\" content=\"1000\" \/>\n\t<meta property=\"og:image:type\" content=\"image\/jpeg\" \/>\n<meta name=\"twitter:card\" content=\"summary_large_image\" \/>\n<meta name=\"twitter:label1\" content=\"Becs\u00fclt olvas\u00e1si id\u0151\" \/>\n\t<meta name=\"twitter:data1\" content=\"2 perc\" \/>\n<script type=\"application\/ld+json\" class=\"yoast-schema-graph\">{\"@context\":\"https:\/\/schema.org\",\"@graph\":[{\"@type\":\"WebPage\",\"@id\":\"https:\/\/gr1993records.com\/index.php\/product\/djabe-live-in-blue-lp\/\",\"url\":\"https:\/\/gr1993records.com\/index.php\/product\/djabe-live-in-blue-lp\/\",\"name\":\"Djabe Live in Blue (LP) &#8211; GR1993 Records\",\"isPartOf\":{\"@id\":\"https:\/\/gr1993records.com\/#website\"},\"primaryImageOfPage\":{\"@id\":\"https:\/\/gr1993records.com\/index.php\/product\/djabe-live-in-blue-lp\/#primaryimage\"},\"image\":{\"@id\":\"https:\/\/gr1993records.com\/index.php\/product\/djabe-live-in-blue-lp\/#primaryimage\"},\"thumbnailUrl\":\"https:\/\/gr1993records.com\/wp-content\/uploads\/2019\/11\/kiadvany_djabe_liveinblue_lp_front.jpg\",\"datePublished\":\"2019-11-22T09:54:27+00:00\",\"dateModified\":\"2026-03-31T10:01:26+00:00\",\"breadcrumb\":{\"@id\":\"https:\/\/gr1993records.com\/index.php\/product\/djabe-live-in-blue-lp\/#breadcrumb\"},\"inLanguage\":\"hu\",\"potentialAction\":[{\"@type\":\"ReadAction\",\"target\":[\"https:\/\/gr1993records.com\/index.php\/product\/djabe-live-in-blue-lp\/\"]}]},{\"@type\":\"ImageObject\",\"inLanguage\":\"hu\",\"@id\":\"https:\/\/gr1993records.com\/index.php\/product\/djabe-live-in-blue-lp\/#primaryimage\",\"url\":\"https:\/\/gr1993records.com\/wp-content\/uploads\/2019\/11\/kiadvany_djabe_liveinblue_lp_front.jpg\",\"contentUrl\":\"https:\/\/gr1993records.com\/wp-content\/uploads\/2019\/11\/kiadvany_djabe_liveinblue_lp_front.jpg\",\"width\":1000,\"height\":1000,\"caption\":\"Djabe \u2013 Live in Blue (LP) cover\"},{\"@type\":\"BreadcrumbList\",\"@id\":\"https:\/\/gr1993records.com\/index.php\/product\/djabe-live-in-blue-lp\/#breadcrumb\",\"itemListElement\":[{\"@type\":\"ListItem\",\"position\":1,\"name\":\"Home\",\"item\":\"https:\/\/gr1993records.com\/\"},{\"@type\":\"ListItem\",\"position\":2,\"name\":\"Kiadv\u00e1nyok\",\"item\":\"https:\/\/gr1993records.com\/index.php\/shop\/\"},{\"@type\":\"ListItem\",\"position\":3,\"name\":\"Djabe Live in Blue (LP)\"}]},{\"@type\":\"WebSite\",\"@id\":\"https:\/\/gr1993records.com\/#website\",\"url\":\"https:\/\/gr1993records.com\/\",\"name\":\"GR1993 Records\",\"description\":\"\",\"publisher\":{\"@id\":\"https:\/\/gr1993records.com\/#organization\"},\"potentialAction\":[{\"@type\":\"SearchAction\",\"target\":{\"@type\":\"EntryPoint\",\"urlTemplate\":\"https:\/\/gr1993records.com\/?s={search_term_string}\"},\"query-input\":{\"@type\":\"PropertyValueSpecification\",\"valueRequired\":true,\"valueName\":\"search_term_string\"}}],\"inLanguage\":\"hu\"},{\"@type\":\"Organization\",\"@id\":\"https:\/\/gr1993records.com\/#organization\",\"name\":\"Gramy-H Ltd.\",\"url\":\"https:\/\/gr1993records.com\/\",\"logo\":{\"@type\":\"ImageObject\",\"inLanguage\":\"hu\",\"@id\":\"https:\/\/gr1993records.com\/#\/schema\/logo\/image\/\",\"url\":\"https:\/\/gr1993records.com\/wp-content\/uploads\/2019\/08\/GR1993_Records_logo_CC.png\",\"contentUrl\":\"https:\/\/gr1993records.com\/wp-content\/uploads\/2019\/08\/GR1993_Records_logo_CC.png\",\"width\":2900,\"height\":2001,\"caption\":\"Gramy-H Ltd.\"},\"image\":{\"@id\":\"https:\/\/gr1993records.com\/#\/schema\/logo\/image\/\"},\"sameAs\":[\"https:\/\/www.facebook.com\/GR1993Records-113564886691383\/\"]}]}<\/script>\n<!-- \/ Yoast SEO plugin. -->","yoast_head_json":{"title":"Djabe Live in Blue (LP) &#8211; GR1993 Records","robots":{"index":"index","follow":"follow","max-snippet":"max-snippet:-1","max-image-preview":"max-image-preview:large","max-video-preview":"max-video-preview:-1"},"canonical":"https:\/\/gr1993records.com\/index.php\/product\/djabe-live-in-blue-lp\/","og_locale":"hu_HU","og_type":"article","og_title":"Djabe Live in Blue (LP) &#8211; GR1993 Records","og_description":"[:hu]180 gr, transparent blue LP, 500 sz\u00e1mozott p\u00e9ld\u00e1ny 24 bit \/ 96 kHz digital album let\u00f6lthet\u0151  A Djabe 2012-ben a Down And Up album megjelen\u00e9se kapcs\u00e1n nagyszab\u00e1s\u00fa koncertk\u00f6r\u00fatba kezdett \u00e9s 2014 nyar\u00e1ig eml\u00e9kezetes fell\u00e9p\u00e9sek sor\u00e1t adt\u00e1k Magyarorsz\u00e1gon, Eur\u00f3p\u00e1ban \u00e9s Kanad\u00e1ban. Az el\u0151ad\u00e1sokhoz gyakran csatlakoztak a zenekar zen\u00e9sz bar\u00e1tai is. \u00cdgy a kiadv\u00e1nyon jelent\u0151s szerep jutott a vend\u00e9geknek is. Steve Hackett git\u00e1rozott a Genesisb\u0151l, Gulli Briem \u00fct\u0151hangszeren \u00e9s dobon j\u00e1tszott a Mezzofort\u00e9b\u0151l, \u00e9s a New Yorkban \u00e9l\u0151 kanadai szaxofonos John Nugent (Tony Bennett, Ella Fitzgerald) tette teljess\u00e9 a vend\u00e9gek list\u00e1j\u00e1t. A koncertsorozat legjobb pillanatait v\u00e1logatta \u00f6ssze a zenekar 180 grammos \u00e1tl\u00e1tsz\u00f3 k\u00e9k vinylre. Az 500 sz\u00e1mozott p\u00e9ld\u00e1nyhoz 24 bit \/ 96 kHz let\u00f6lt\u00e9st kapunk aj\u00e1nd\u00e9kba.[:en]180 gr, transparent blue LP, only 500 numbered copy worldwide 24 bit \/ 96 kHz digital album included  Djabe in 2012 in connection with the Down And Up album release started a concert series in Hungary, Europe and Canada. The tour lasted until the summer of 2014. The gigs are often joined by friends of the band. Steve Hackett played guitar from Genesis, Gulli Briem of Mezzoforte added drums and percussion, living in New York the Canadian born saxophonist John Nugent (Tony Bennett, Ella Fiztgerald) completed the list of guests. This LP contains the highlights of the tour on 180 gr transparent blue vinyl. The 500 numbered copies come with a 24bit \/ 96 kHz download. A real value for our money.[:]","og_url":"https:\/\/gr1993records.com\/index.php\/product\/djabe-live-in-blue-lp\/","og_site_name":"GR1993 Records","article_publisher":"https:\/\/www.facebook.com\/GR1993Records-113564886691383\/","article_modified_time":"2026-03-31T10:01:26+00:00","og_image":[{"width":1000,"height":1000,"url":"https:\/\/gr1993records.com\/wp-content\/uploads\/2019\/11\/kiadvany_djabe_liveinblue_lp_front.jpg","type":"image\/jpeg"}],"twitter_card":"summary_large_image","twitter_misc":{"Becs\u00fclt olvas\u00e1si id\u0151":"2 perc"},"schema":{"@context":"https:\/\/schema.org","@graph":[{"@type":"WebPage","@id":"https:\/\/gr1993records.com\/index.php\/product\/djabe-live-in-blue-lp\/","url":"https:\/\/gr1993records.com\/index.php\/product\/djabe-live-in-blue-lp\/","name":"Djabe Live in Blue (LP) &#8211; GR1993 Records","isPartOf":{"@id":"https:\/\/gr1993records.com\/#website"},"primaryImageOfPage":{"@id":"https:\/\/gr1993records.com\/index.php\/product\/djabe-live-in-blue-lp\/#primaryimage"},"image":{"@id":"https:\/\/gr1993records.com\/index.php\/product\/djabe-live-in-blue-lp\/#primaryimage"},"thumbnailUrl":"https:\/\/gr1993records.com\/wp-content\/uploads\/2019\/11\/kiadvany_djabe_liveinblue_lp_front.jpg","datePublished":"2019-11-22T09:54:27+00:00","dateModified":"2026-03-31T10:01:26+00:00","breadcrumb":{"@id":"https:\/\/gr1993records.com\/index.php\/product\/djabe-live-in-blue-lp\/#breadcrumb"},"inLanguage":"hu","potentialAction":[{"@type":"ReadAction","target":["https:\/\/gr1993records.com\/index.php\/product\/djabe-live-in-blue-lp\/"]}]},{"@type":"ImageObject","inLanguage":"hu","@id":"https:\/\/gr1993records.com\/index.php\/product\/djabe-live-in-blue-lp\/#primaryimage","url":"https:\/\/gr1993records.com\/wp-content\/uploads\/2019\/11\/kiadvany_djabe_liveinblue_lp_front.jpg","contentUrl":"https:\/\/gr1993records.com\/wp-content\/uploads\/2019\/11\/kiadvany_djabe_liveinblue_lp_front.jpg","width":1000,"height":1000,"caption":"Djabe \u2013 Live in Blue (LP) cover"},{"@type":"BreadcrumbList","@id":"https:\/\/gr1993records.com\/index.php\/product\/djabe-live-in-blue-lp\/#breadcrumb","itemListElement":[{"@type":"ListItem","position":1,"name":"Home","item":"https:\/\/gr1993records.com\/"},{"@type":"ListItem","position":2,"name":"Kiadv\u00e1nyok","item":"https:\/\/gr1993records.com\/index.php\/shop\/"},{"@type":"ListItem","position":3,"name":"Djabe Live in Blue (LP)"}]},{"@type":"WebSite","@id":"https:\/\/gr1993records.com\/#website","url":"https:\/\/gr1993records.com\/","name":"GR1993 Records","description":"","publisher":{"@id":"https:\/\/gr1993records.com\/#organization"},"potentialAction":[{"@type":"SearchAction","target":{"@type":"EntryPoint","urlTemplate":"https:\/\/gr1993records.com\/?s={search_term_string}"},"query-input":{"@type":"PropertyValueSpecification","valueRequired":true,"valueName":"search_term_string"}}],"inLanguage":"hu"},{"@type":"Organization","@id":"https:\/\/gr1993records.com\/#organization","name":"Gramy-H Ltd.","url":"https:\/\/gr1993records.com\/","logo":{"@type":"ImageObject","inLanguage":"hu","@id":"https:\/\/gr1993records.com\/#\/schema\/logo\/image\/","url":"https:\/\/gr1993records.com\/wp-content\/uploads\/2019\/08\/GR1993_Records_logo_CC.png","contentUrl":"https:\/\/gr1993records.com\/wp-content\/uploads\/2019\/08\/GR1993_Records_logo_CC.png","width":2900,"height":2001,"caption":"Gramy-H Ltd."},"image":{"@id":"https:\/\/gr1993records.com\/#\/schema\/logo\/image\/"},"sameAs":["https:\/\/www.facebook.com\/GR1993Records-113564886691383\/"]}]}},"jetpack_sharing_enabled":true,"_links":{"self":[{"href":"https:\/\/gr1993records.com\/index.php\/wp-json\/wp\/v2\/product\/5411","targetHints":{"allow":["GET"]}}],"collection":[{"href":"https:\/\/gr1993records.com\/index.php\/wp-json\/wp\/v2\/product"}],"about":[{"href":"https:\/\/gr1993records.com\/index.php\/wp-json\/wp\/v2\/types\/product"}],"wp:featuredmedia":[{"embeddable":true,"href":"https:\/\/gr1993records.com\/index.php\/wp-json\/wp\/v2\/media\/5413"}],"wp:attachment":[{"href":"https:\/\/gr1993records.com\/index.php\/wp-json\/wp\/v2\/media?parent=5411"}],"wp:term":[{"taxonomy":"product_brand","embeddable":true,"href":"https:\/\/gr1993records.com\/index.php\/wp-json\/wp\/v2\/product_brand?post=5411"},{"taxonomy":"product_cat","embeddable":true,"href":"https:\/\/gr1993records.com\/index.php\/wp-json\/wp\/v2\/product_cat?post=5411"},{"taxonomy":"product_tag","embeddable":true,"href":"https:\/\/gr1993records.com\/index.php\/wp-json\/wp\/v2\/product_tag?post=5411"}],"curies":[{"name":"wp","href":"https:\/\/api.w.org\/{rel}","templated":true}]}}