{"id":5376,"date":"2019-11-06T15:34:36","date_gmt":"2019-11-06T15:34:36","guid":{"rendered":"http:\/\/gr1993records.com\/?post_type=product&#038;p=5376"},"modified":"2026-03-31T12:02:29","modified_gmt":"2026-03-31T10:02:29","slug":"djabe-summer-storms-and-rocking-rivers-2lp","status":"publish","type":"product","link":"https:\/\/gr1993records.com\/index.php\/product\/djabe-summer-storms-and-rocking-rivers-2lp\/","title":{"rendered":"Djabe <\/br>special guest Steve Hackett <\/br>Summer Storms <\/br>and Rocking Rivers <\/br>(2LP)"},"content":{"rendered":"<p>[vc_row][vc_column][vc_column_text]<span style=\"font-weight: 400;\">A Summer Storms And Rocking Rivers a m\u00e1sodik olyan album, mely Steve blogj\u00e1nak c\u00edm\u00e9t veszi \u00e1t. A dupla lemez a 2011-es turn\u00e9 sor\u00e1n ker\u00fclt r\u00f6gz\u00edt\u00e9sre Pozsonyban. A j\u00faliusi koncertek folyam\u00e1n nagy ny\u00e1ri viharok tark\u00edtott\u00e1k a zenekar \u00fatj\u00e1t Magyarorsz\u00e1gon \u00e9s Szlov\u00e1ki\u00e1ban. A c\u00edmben szerepl\u0151 foly\u00f3k a Pozsonyt \u00e9s Budapestet \u00f6sszek\u00f6t\u0151 Duna mellett a Tokajt \u00e9rint\u0151 Tisz\u00e1ra utalnak. A turn\u00e9 m\u00e1sodik \u00e1llom\u00e1sa volt a pozsonyi MMC Klub, ahol Genesis mel\u00f3di\u00e1kra ki\u00e9hezett szlov\u00e1k rajong\u00f3k v\u00e1rt\u00e1k a form\u00e1ci\u00f3t. Az el\u0151ad\u00e1snak k\u00fcl\u00f6n\u00f6s hev\u00fcletet adott, hogy Steve Hackett m\u00e9g soha nem l\u00e9pett fel Szlov\u00e1ki\u00e1ban. A 2011-es turn\u00e9 sok \u00fajdons\u00e1got tartalmazott a 2010-es koncertsorozathoz k\u00e9pest, hiszen Steve ez\u00fattal \u00c9gerh\u00e1zi Attila k\u00e9r\u00e9s\u00e9re az elmaradhatatlan Fernandes elektromos git\u00e1r mellett akusztikus hangszer\u00e9t is mag\u00e1val hozta. A reperto\u00e1rba \u00edgy olyan akusztikus darabok is beker\u00fcltek, mint az Ace of Wands, Firth of Fifth kib\u0151v\u00edtett verzi\u00f3ja, valamint Steve legismertebb sz\u00f3l\u00f3darabjai a Genesis id\u0151kb\u0151l, a Horizons \u00e9s a Blood on the Rooftops. A Pozsonyban j\u00e1tszott szett a Djabe sz\u00e1mok tekintet\u00e9ben is hozott v\u00e1ltoz\u00e1st 2010-hez k\u00e9pest, beker\u00fclt a programba a T\u00e1jak, a Hajsza a M\u00e9nes Ut\u00e1n \u00e9s a Vir\u00e1gcsend\u00e9let is. Steve nagyon j\u00f3l illeszkedett ezekbe a kompoz\u00edci\u00f3kba \u00e9s felcsend\u00fclt j\u00f3 n\u00e9h\u00e1ny m\u00e1r klasszikusnak sz\u00e1m\u00edt\u00f3 Djabe special guest Steve Hackett sz\u00e1m is. T\u00f6bbek k\u00f6z\u00f6tt a The Steppes, City of Habi, Butterfly, Last Train To Istanbul, In That Quiet Earth, Distant Dance. A kiadv\u00e1ny \u00e9rdekess\u00e9ge, hogy CD-n nem jelenik meg, csak hagyom\u00e1nyos vinyl (k\u00f6zismertebb nev\u00e9n bakelit) hanglemezen. A kivitel extra min\u0151s\u00e9g\u0171, az \u00f6sszehajthat\u00f3 gatefold bor\u00edt\u00f3nak k\u00f6sz\u00f6nhet\u0151en. A lemezeket tartalmaz\u00f3 tasakok szint\u00e9n n\u00e9gy sz\u00ednnel nyomottak, de a legfontosabb inform\u00e1ci\u00f3, hogy maguk a korongok 200g-os audiofil nyom\u00e1sban k\u00e9sz\u00fcltek. A Gramy Records kiad\u00f3 ezzel a d\u00f6nt\u00e9ssel szeretn\u00e9 t\u00e1mogatni a vinyl kiadv\u00e1nyokat \u00e9s \u00f6szt\u00f6n\u00f6zni a hallgat\u00f3kat a fizikai hanghordoz\u00f3khoz val\u00f3 visszat\u00e9r\u00e9sre. Aki azonban m\u00e9gsem szeretn\u00e9 leporolni lemezj\u00e1tsz\u00f3j\u00e1t vagy \u00fajat v\u00e1s\u00e1rolni, annak sem kell k\u00e9ts\u00e9gbeesnie, mert 2013 kar\u00e1csony\u00e1ra a pozsonyi koncert DVD-n is megjelenik. A dupla lemez \u00e9rdekess\u00e9ge, hogy a negyedik oldal a Los Endos Genesis klasszikus z\u00e1r\u00f3 r\u00e9sz\u00e9vel fejez\u0151dik be, melyet nem 2011-ben Pozsonyban, hanem 2012. novemberben Budapesten, az IBS sz\u00ednpad\u00e1n r\u00f6gz\u00edtettek. A felv\u00e9tel k\u00fcl\u00f6n \u00e9rdekess\u00e9ge, hogy j\u00e1tszik rajta m\u00e1sodik dobosk\u00e9nt a Mezzoforte ikonja, Gulli Briem.<\/span>[\/vc_column_text][vc_separator][vc_column_text]<span style=\"font-weight: 400;\"><strong>Az albumon k\u00f6zrem\u0171k\u00f6d\u0151 zen\u00e9szek<\/strong><br \/>\n<\/span><span style=\"font-weight: 400;\">Steve Hackett \u2013 vok\u00e1l, git\u00e1r<\/span><span style=\"font-weight: 400;\"><br \/>\n<\/span><span style=\"font-weight: 400;\">Kov\u00e1cs Ferenc \u2013 vok\u00e1l, trombita, heged\u0171<\/span><span style=\"font-weight: 400;\"><br \/>\n<\/span><span style=\"font-weight: 400;\">Kov\u00e1cs Zolt\u00e1n \u2013 billenty\u0171s hangszerek<\/span><span style=\"font-weight: 400;\"><br \/>\n<\/span><span style=\"font-weight: 400;\">\u00c9gerh\u00e1zi Attila \u2013 git\u00e1r, \u00fct\u0151hangszerek<\/span><span style=\"font-weight: 400;\"><br \/>\n<\/span><span style=\"font-weight: 400;\">Barab\u00e1s Tam\u00e1s \u2013 basszusgit\u00e1r<\/span><span style=\"font-weight: 400;\"><br \/>\n<\/span><span style=\"font-weight: 400;\">Banai Szil\u00e1rd \u2013 dobok<\/span>[\/vc_column_text][\/vc_column][\/vc_row]<\/p>","protected":false},"excerpt":{"rendered":"<p>A Summer Storms And Rocking Rivers a m\u00e1sodik olyan album, mely Steve blogj\u00e1nak c\u00edm\u00e9t veszi \u00e1t. A dupla lemez a 2011-es turn\u00e9 sor\u00e1n ker\u00fclt r\u00f6gz\u00edt\u00e9sre Pozsonyban. A j\u00faliusi koncertek folyam\u00e1n nagy ny\u00e1ri viharok tark\u00edtott\u00e1k a zenekar \u00fatj\u00e1t Magyarorsz\u00e1gon \u00e9s Szlov\u00e1ki\u00e1ban. A c\u00edmben szerepl\u0151 foly\u00f3k a Pozsonyt \u00e9s Budapestet \u00f6sszek\u00f6t\u0151 Duna mellett a Tokajt \u00e9rint\u0151 Tisz\u00e1ra utalnak.<\/p>\n","protected":false},"featured_media":5711,"template":"","meta":[],"product_brand":[],"product_cat":[91],"product_tag":[],"class_list":{"0":"post-5376","1":"product","2":"type-product","3":"status-publish","4":"has-post-thumbnail","6":"product_cat-lp","7":"yith_product_brand-djabe","8":"yith_product_brand-steve-hackett","9":"col-12 col-sm-6 col-md-4","11":"first","12":"instock","13":"sale","14":"shipping-taxable","15":"purchasable","16":"product-type-simple"},"yoast_head":"<!-- This site is optimized with the Yoast SEO plugin v27.2 - https:\/\/yoast.com\/product\/yoast-seo-wordpress\/ -->\n<title>Djabe special guest Steve Hackett Summer Storms and Rocking Rivers (2LP) &#8211; GR1993 Records<\/title>\n<meta name=\"robots\" content=\"index, follow, max-snippet:-1, max-image-preview:large, max-video-preview:-1\" \/>\n<link rel=\"canonical\" href=\"https:\/\/gr1993records.com\/index.php\/product\/djabe-summer-storms-and-rocking-rivers-2lp\/\" \/>\n<meta property=\"og:locale\" content=\"hu_HU\" \/>\n<meta property=\"og:type\" content=\"article\" \/>\n<meta property=\"og:title\" content=\"Djabe special guest Steve Hackett Summer Storms and Rocking Rivers (2LP) &#8211; GR1993 Records\" \/>\n<meta property=\"og:description\" content=\"[:hu]A Summer Storms And Rocking Rivers a m\u00e1sodik olyan album, mely Steve blogj\u00e1nak c\u00edm\u00e9t veszi \u00e1t. A dupla lemez a 2011-es turn\u00e9 sor\u00e1n ker\u00fclt r\u00f6gz\u00edt\u00e9sre Pozsonyban. A j\u00faliusi koncertek folyam\u00e1n nagy ny\u00e1ri viharok tark\u00edtott\u00e1k a zenekar \u00fatj\u00e1t Magyarorsz\u00e1gon \u00e9s Szlov\u00e1ki\u00e1ban. A c\u00edmben szerepl\u0151 foly\u00f3k a Pozsonyt \u00e9s Budapestet \u00f6sszek\u00f6t\u0151 Duna mellett a Tokajt \u00e9rint\u0151 Tisz\u00e1ra utalnak.[:en]The band borrowed the title from Steve Hackett\u2019s tour blog in which the guitar legend describes his wanderings with his Hungarian friends across Russia, Bulgaria, Macedonia, Serbia, Austria and Hungary. The double album was recorded in Bratislava during the tour of 2011.[:]\" \/>\n<meta property=\"og:url\" content=\"https:\/\/gr1993records.com\/index.php\/product\/djabe-summer-storms-and-rocking-rivers-2lp\/\" \/>\n<meta property=\"og:site_name\" content=\"GR1993 Records\" \/>\n<meta property=\"article:publisher\" content=\"https:\/\/www.facebook.com\/GR1993Records-113564886691383\/\" \/>\n<meta property=\"article:modified_time\" content=\"2026-03-31T10:02:29+00:00\" \/>\n<meta property=\"og:image\" content=\"https:\/\/gr1993records.com\/wp-content\/uploads\/2019\/11\/kiadvany_djabe_summer_storms_2LP_front-1.jpg\" \/>\n\t<meta property=\"og:image:width\" content=\"1000\" \/>\n\t<meta property=\"og:image:height\" content=\"1000\" \/>\n\t<meta property=\"og:image:type\" content=\"image\/jpeg\" \/>\n<meta name=\"twitter:card\" content=\"summary_large_image\" \/>\n<meta name=\"twitter:label1\" content=\"Becs\u00fclt olvas\u00e1si id\u0151\" \/>\n\t<meta name=\"twitter:data1\" content=\"6 perc\" \/>\n<script type=\"application\/ld+json\" class=\"yoast-schema-graph\">{\"@context\":\"https:\/\/schema.org\",\"@graph\":[{\"@type\":\"WebPage\",\"@id\":\"https:\/\/gr1993records.com\/index.php\/product\/djabe-summer-storms-and-rocking-rivers-2lp\/\",\"url\":\"https:\/\/gr1993records.com\/index.php\/product\/djabe-summer-storms-and-rocking-rivers-2lp\/\",\"name\":\"Djabe special guest Steve Hackett Summer Storms and Rocking Rivers (2LP) &#8211; GR1993 Records\",\"isPartOf\":{\"@id\":\"https:\/\/gr1993records.com\/#website\"},\"primaryImageOfPage\":{\"@id\":\"https:\/\/gr1993records.com\/index.php\/product\/djabe-summer-storms-and-rocking-rivers-2lp\/#primaryimage\"},\"image\":{\"@id\":\"https:\/\/gr1993records.com\/index.php\/product\/djabe-summer-storms-and-rocking-rivers-2lp\/#primaryimage\"},\"thumbnailUrl\":\"https:\/\/gr1993records.com\/wp-content\/uploads\/2019\/11\/kiadvany_djabe_summer_storms_2LP_front-1.jpg\",\"datePublished\":\"2019-11-06T15:34:36+00:00\",\"dateModified\":\"2026-03-31T10:02:29+00:00\",\"breadcrumb\":{\"@id\":\"https:\/\/gr1993records.com\/index.php\/product\/djabe-summer-storms-and-rocking-rivers-2lp\/#breadcrumb\"},\"inLanguage\":\"hu\",\"potentialAction\":[{\"@type\":\"ReadAction\",\"target\":[\"https:\/\/gr1993records.com\/index.php\/product\/djabe-summer-storms-and-rocking-rivers-2lp\/\"]}]},{\"@type\":\"ImageObject\",\"inLanguage\":\"hu\",\"@id\":\"https:\/\/gr1993records.com\/index.php\/product\/djabe-summer-storms-and-rocking-rivers-2lp\/#primaryimage\",\"url\":\"https:\/\/gr1993records.com\/wp-content\/uploads\/2019\/11\/kiadvany_djabe_summer_storms_2LP_front-1.jpg\",\"contentUrl\":\"https:\/\/gr1993records.com\/wp-content\/uploads\/2019\/11\/kiadvany_djabe_summer_storms_2LP_front-1.jpg\",\"width\":1000,\"height\":1000,\"caption\":\"Djabe special guest Steve Hackett \u2013 Summer Storms and Rocking Rivers (2LP) cover\"},{\"@type\":\"BreadcrumbList\",\"@id\":\"https:\/\/gr1993records.com\/index.php\/product\/djabe-summer-storms-and-rocking-rivers-2lp\/#breadcrumb\",\"itemListElement\":[{\"@type\":\"ListItem\",\"position\":1,\"name\":\"Home\",\"item\":\"https:\/\/gr1993records.com\/\"},{\"@type\":\"ListItem\",\"position\":2,\"name\":\"Kiadv\u00e1nyok\",\"item\":\"https:\/\/gr1993records.com\/index.php\/shop\/\"},{\"@type\":\"ListItem\",\"position\":3,\"name\":\"Djabe special guest Steve Hackett Summer Storms and Rocking Rivers (2LP)\"}]},{\"@type\":\"WebSite\",\"@id\":\"https:\/\/gr1993records.com\/#website\",\"url\":\"https:\/\/gr1993records.com\/\",\"name\":\"GR1993 Records\",\"description\":\"\",\"publisher\":{\"@id\":\"https:\/\/gr1993records.com\/#organization\"},\"potentialAction\":[{\"@type\":\"SearchAction\",\"target\":{\"@type\":\"EntryPoint\",\"urlTemplate\":\"https:\/\/gr1993records.com\/?s={search_term_string}\"},\"query-input\":{\"@type\":\"PropertyValueSpecification\",\"valueRequired\":true,\"valueName\":\"search_term_string\"}}],\"inLanguage\":\"hu\"},{\"@type\":\"Organization\",\"@id\":\"https:\/\/gr1993records.com\/#organization\",\"name\":\"Gramy-H Ltd.\",\"url\":\"https:\/\/gr1993records.com\/\",\"logo\":{\"@type\":\"ImageObject\",\"inLanguage\":\"hu\",\"@id\":\"https:\/\/gr1993records.com\/#\/schema\/logo\/image\/\",\"url\":\"https:\/\/gr1993records.com\/wp-content\/uploads\/2019\/08\/GR1993_Records_logo_CC.png\",\"contentUrl\":\"https:\/\/gr1993records.com\/wp-content\/uploads\/2019\/08\/GR1993_Records_logo_CC.png\",\"width\":2900,\"height\":2001,\"caption\":\"Gramy-H Ltd.\"},\"image\":{\"@id\":\"https:\/\/gr1993records.com\/#\/schema\/logo\/image\/\"},\"sameAs\":[\"https:\/\/www.facebook.com\/GR1993Records-113564886691383\/\"]}]}<\/script>\n<!-- \/ Yoast SEO plugin. -->","yoast_head_json":{"title":"Djabe special guest Steve Hackett Summer Storms and Rocking Rivers (2LP) &#8211; GR1993 Records","robots":{"index":"index","follow":"follow","max-snippet":"max-snippet:-1","max-image-preview":"max-image-preview:large","max-video-preview":"max-video-preview:-1"},"canonical":"https:\/\/gr1993records.com\/index.php\/product\/djabe-summer-storms-and-rocking-rivers-2lp\/","og_locale":"hu_HU","og_type":"article","og_title":"Djabe special guest Steve Hackett Summer Storms and Rocking Rivers (2LP) &#8211; GR1993 Records","og_description":"[:hu]A Summer Storms And Rocking Rivers a m\u00e1sodik olyan album, mely Steve blogj\u00e1nak c\u00edm\u00e9t veszi \u00e1t. A dupla lemez a 2011-es turn\u00e9 sor\u00e1n ker\u00fclt r\u00f6gz\u00edt\u00e9sre Pozsonyban. A j\u00faliusi koncertek folyam\u00e1n nagy ny\u00e1ri viharok tark\u00edtott\u00e1k a zenekar \u00fatj\u00e1t Magyarorsz\u00e1gon \u00e9s Szlov\u00e1ki\u00e1ban. A c\u00edmben szerepl\u0151 foly\u00f3k a Pozsonyt \u00e9s Budapestet \u00f6sszek\u00f6t\u0151 Duna mellett a Tokajt \u00e9rint\u0151 Tisz\u00e1ra utalnak.[:en]The band borrowed the title from Steve Hackett\u2019s tour blog in which the guitar legend describes his wanderings with his Hungarian friends across Russia, Bulgaria, Macedonia, Serbia, Austria and Hungary. The double album was recorded in Bratislava during the tour of 2011.[:]","og_url":"https:\/\/gr1993records.com\/index.php\/product\/djabe-summer-storms-and-rocking-rivers-2lp\/","og_site_name":"GR1993 Records","article_publisher":"https:\/\/www.facebook.com\/GR1993Records-113564886691383\/","article_modified_time":"2026-03-31T10:02:29+00:00","og_image":[{"width":1000,"height":1000,"url":"https:\/\/gr1993records.com\/wp-content\/uploads\/2019\/11\/kiadvany_djabe_summer_storms_2LP_front-1.jpg","type":"image\/jpeg"}],"twitter_card":"summary_large_image","twitter_misc":{"Becs\u00fclt olvas\u00e1si id\u0151":"6 perc"},"schema":{"@context":"https:\/\/schema.org","@graph":[{"@type":"WebPage","@id":"https:\/\/gr1993records.com\/index.php\/product\/djabe-summer-storms-and-rocking-rivers-2lp\/","url":"https:\/\/gr1993records.com\/index.php\/product\/djabe-summer-storms-and-rocking-rivers-2lp\/","name":"Djabe special guest Steve Hackett Summer Storms and Rocking Rivers (2LP) &#8211; GR1993 Records","isPartOf":{"@id":"https:\/\/gr1993records.com\/#website"},"primaryImageOfPage":{"@id":"https:\/\/gr1993records.com\/index.php\/product\/djabe-summer-storms-and-rocking-rivers-2lp\/#primaryimage"},"image":{"@id":"https:\/\/gr1993records.com\/index.php\/product\/djabe-summer-storms-and-rocking-rivers-2lp\/#primaryimage"},"thumbnailUrl":"https:\/\/gr1993records.com\/wp-content\/uploads\/2019\/11\/kiadvany_djabe_summer_storms_2LP_front-1.jpg","datePublished":"2019-11-06T15:34:36+00:00","dateModified":"2026-03-31T10:02:29+00:00","breadcrumb":{"@id":"https:\/\/gr1993records.com\/index.php\/product\/djabe-summer-storms-and-rocking-rivers-2lp\/#breadcrumb"},"inLanguage":"hu","potentialAction":[{"@type":"ReadAction","target":["https:\/\/gr1993records.com\/index.php\/product\/djabe-summer-storms-and-rocking-rivers-2lp\/"]}]},{"@type":"ImageObject","inLanguage":"hu","@id":"https:\/\/gr1993records.com\/index.php\/product\/djabe-summer-storms-and-rocking-rivers-2lp\/#primaryimage","url":"https:\/\/gr1993records.com\/wp-content\/uploads\/2019\/11\/kiadvany_djabe_summer_storms_2LP_front-1.jpg","contentUrl":"https:\/\/gr1993records.com\/wp-content\/uploads\/2019\/11\/kiadvany_djabe_summer_storms_2LP_front-1.jpg","width":1000,"height":1000,"caption":"Djabe special guest Steve Hackett \u2013 Summer Storms and Rocking Rivers (2LP) cover"},{"@type":"BreadcrumbList","@id":"https:\/\/gr1993records.com\/index.php\/product\/djabe-summer-storms-and-rocking-rivers-2lp\/#breadcrumb","itemListElement":[{"@type":"ListItem","position":1,"name":"Home","item":"https:\/\/gr1993records.com\/"},{"@type":"ListItem","position":2,"name":"Kiadv\u00e1nyok","item":"https:\/\/gr1993records.com\/index.php\/shop\/"},{"@type":"ListItem","position":3,"name":"Djabe special guest Steve Hackett Summer Storms and Rocking Rivers (2LP)"}]},{"@type":"WebSite","@id":"https:\/\/gr1993records.com\/#website","url":"https:\/\/gr1993records.com\/","name":"GR1993 Records","description":"","publisher":{"@id":"https:\/\/gr1993records.com\/#organization"},"potentialAction":[{"@type":"SearchAction","target":{"@type":"EntryPoint","urlTemplate":"https:\/\/gr1993records.com\/?s={search_term_string}"},"query-input":{"@type":"PropertyValueSpecification","valueRequired":true,"valueName":"search_term_string"}}],"inLanguage":"hu"},{"@type":"Organization","@id":"https:\/\/gr1993records.com\/#organization","name":"Gramy-H Ltd.","url":"https:\/\/gr1993records.com\/","logo":{"@type":"ImageObject","inLanguage":"hu","@id":"https:\/\/gr1993records.com\/#\/schema\/logo\/image\/","url":"https:\/\/gr1993records.com\/wp-content\/uploads\/2019\/08\/GR1993_Records_logo_CC.png","contentUrl":"https:\/\/gr1993records.com\/wp-content\/uploads\/2019\/08\/GR1993_Records_logo_CC.png","width":2900,"height":2001,"caption":"Gramy-H Ltd."},"image":{"@id":"https:\/\/gr1993records.com\/#\/schema\/logo\/image\/"},"sameAs":["https:\/\/www.facebook.com\/GR1993Records-113564886691383\/"]}]}},"jetpack_sharing_enabled":true,"_links":{"self":[{"href":"https:\/\/gr1993records.com\/index.php\/wp-json\/wp\/v2\/product\/5376","targetHints":{"allow":["GET"]}}],"collection":[{"href":"https:\/\/gr1993records.com\/index.php\/wp-json\/wp\/v2\/product"}],"about":[{"href":"https:\/\/gr1993records.com\/index.php\/wp-json\/wp\/v2\/types\/product"}],"wp:featuredmedia":[{"embeddable":true,"href":"https:\/\/gr1993records.com\/index.php\/wp-json\/wp\/v2\/media\/5711"}],"wp:attachment":[{"href":"https:\/\/gr1993records.com\/index.php\/wp-json\/wp\/v2\/media?parent=5376"}],"wp:term":[{"taxonomy":"product_brand","embeddable":true,"href":"https:\/\/gr1993records.com\/index.php\/wp-json\/wp\/v2\/product_brand?post=5376"},{"taxonomy":"product_cat","embeddable":true,"href":"https:\/\/gr1993records.com\/index.php\/wp-json\/wp\/v2\/product_cat?post=5376"},{"taxonomy":"product_tag","embeddable":true,"href":"https:\/\/gr1993records.com\/index.php\/wp-json\/wp\/v2\/product_tag?post=5376"}],"curies":[{"name":"wp","href":"https:\/\/api.w.org\/{rel}","templated":true}]}}