{"id":5349,"date":"2019-10-30T14:47:25","date_gmt":"2019-10-30T14:47:25","guid":{"rendered":"http:\/\/gr1993records.com\/?post_type=product&#038;p=5349"},"modified":"2026-03-31T12:02:40","modified_gmt":"2026-03-31T10:02:40","slug":"djabe-forward-2lpcd","status":"publish","type":"product","link":"https:\/\/gr1993records.com\/index.php\/product\/djabe-forward-2lpcd\/","title":{"rendered":"Djabe Forward (2LP + CD)"},"content":{"rendered":"<p>[vc_row][vc_column][vc_column_text]A Djabe zenekar t\u00f6rt\u00e9net\u00e9ben mindig \u00fagy t\u0171nt, hogy az aktu\u00e1lis st\u00fadi\u00f3 lemez\u00fck az addigi munk\u00e1ss\u00e1guk legjelent\u0151sebb darabja. Ez a Forward eset\u00e9ben is \u00edgy van, m\u00e1r els\u0151 hall\u00e1sra meggy\u0151z\u0151dhet\u00fcnk err\u0151l. Az album teljesen \u00faj megk\u00f6zel\u00edt\u00e9sben \u00e9p\u00edtkezik. A Djabe ez\u00fattal a megszokott hangz\u00e1s\u00e1t \u00e9s szt\u00e1rvend\u00e9geit megtoldotta egy 57 tag\u00fa szimfonikus zenekarral. \u00c9gerh\u00e1zi Attila \u00f6sszefoglal\u00f3ja a kiadv\u00e1nyr\u00f3l:<br \/>\n\u201eElhat\u00e1roztuk, hogy \u00edrunk egy teljes lemezt, amiben szervesen k\u00f6zrem\u0171k\u00f6dik a Miskolci Szimfonikus zenekar. Siker\u00fclt is meg\u00e1llapodni a felv\u00e9telek elk\u00e9sz\u00edt\u00e9s\u00e9ben az MSO-val, mik\u00f6zben Barab\u00e1s Tam\u00e1s elkezdte \u00fagy \u00edrni \u00e9s \u00f6sszerakni a sz\u00e1mokat, hogy azok a szimfonikus zenekarra \u00e9p\u00fcljenek. Zolival megkonzult\u00e1lt\u00e1k a zenekar \u00f6sszet\u00e9tel\u00e9t, \u00e9s folyamatosan dolgoztak a partit\u00far\u00e1kon. Tam\u00e1s a t\u0151le megszokott ig\u00e9nyess\u00e9ggel, zeneszerz\u0151i st\u00edlusban \u00e9s sz\u00ednvonalon v\u00e1gott bele a munk\u00e1ba. Meghallgatva a kompoz\u00edci\u00f3it felismerhet\u0151k benne az ut\u00f3bbi Djabe lemezek karakteres jegyei, ugyanakkor a szimfonikusok m\u00e1s dimenzi\u00f3ba emelik m\u0171veit. A c\u00edmad\u00f3 Forward az\u00e9rt is kiemelked\u0151, mert az els\u0151 3 percben, mintegy a lemez nyit\u00e1nyak\u00e9nt, csak a klasszikus zen\u00e9szek j\u00e1tszanak. Ezut\u00e1n j\u00e1tszi k\u00f6nnyeds\u00e9ggel folyik \u00e1t a zene a megszokott Djabe megsz\u00f3lal\u00e1sba, \u00fagy, hogy m\u00e9gis a szimfonikusok maradnak a hangz\u00e1s cs\u00facs\u00e1n. Ezek az er\u00e9nyek a Twin Pines \u00e9s a My Day kompoz\u00edci\u00f3kra is jellemz\u0151k. K\u00fcl\u00f6nleges darab a Hang Out, mely Gulli Briemmel a Mezzoforte dobos\u00e1val kialakult, egyre gy\u00fcm\u00f6lcs\u00f6z\u0151bb egy\u00fcttm\u0171k\u00f6d\u00e9s\u00fcnknek k\u00f6sz\u00f6nhet\u0151. Gulli rendszeres r\u00e9sztvev\u0151je a Djabe koncerteknek, \u00e9s most m\u00e1r a lemezeknek is. A Forwardon \u00fct\u0151hangszeres oldal\u00e1r\u00f3l mutatkozik be a kiv\u00e1l\u00f3 dobos. Egyik kedvenc hangszere a hang drum, amely koncerten k\u00fcl\u00f6nleges hangz\u00e1sa \u00e9s form\u00e1ja miatt mindig \u00f3ri\u00e1si siker. Mi is megszerett\u00fck, \u00e9s Tam\u00e1s \u00edrt egy nagy \u00edv\u0171 m\u0171vet erre a hangszerre. A Hang Outban is jelent\u0151sen \u00e9p\u00edt a szimfonikusokra. Gulli emellett t\u00f6bb sz\u00e1mban is k\u00f6zrem\u0171k\u00f6dik. A New Wordsben berimbaun j\u00e1tszik \u00e9s \u00e9nekel, amit utolj\u00e1ra Sipos Andr\u00e1st\u00f3l hallhattunk a Djabe zenekarban. Szerett\u00fck volna, hogy a lemez ne csak a szimfonikusokt\u00f3l legyen k\u00fcl\u00f6nleges, hanem legyen tov\u00e1bbi egyedi karakterisztik\u00e1ja is. Ez\u00e9rt elh\u00edvtuk Budapestre r\u00e9gi bar\u00e1tunkat Azerbajdzs\u00e1nb\u00f3l, Malik Mansurovot, az \u0151si tar legnagyobb mester\u00e9t a vil\u00e1gon. Ahogy Steve Hackett jellemezte \u0151t, zenei nagys\u00e1ga \u00e9s j\u00e1t\u00e9ka kever\u00e9ke John McLaughlinnak \u00e9s Ravi Shankarnak. Tam\u00e1s Mr. East c\u00edm\u0171 kompoz\u00edci\u00f3j\u00e1t kifejezetten neki \u00edrta. Maliknak nagyon tetszett, \u00e9s dics\u00e9rte Tam\u00e1s zeneszerz\u0151i k\u00e9pess\u00e9geit, \u00e9s ahogy fogalmazott, a mel\u00f3dia az ir\u00e1ni tar st\u00edlusra eml\u00e9kezteti. Sz\u00edvesen j\u00e1tszan\u00e1 a t\u00e9m\u00e1t saj\u00e1t bakui, hagyom\u00e1nyos azeri egy\u00fcttes\u00e9vel is. T\u00f6bb sz\u00e1mban hallhatjuk Malik fantasztikus j\u00e1t\u00e9k\u00e1t, pl. a Lava Lamp-ben is, ahol k\u00f6zrem\u0171k\u00f6d\u00f6tt m\u00e9g a r\u00e9gi bar\u00e1t New Yorkb\u00f3l, John Nugent szaxofonos. John az amerikai szaxofonosokra jellemz\u0151 hangon \u00e9s vil\u00e1gsz\u00ednvonalon sz\u00f3lal meg egyenesen Rochesterb\u0151l, ahonnan elk\u00fcldte nek\u00fcnk a felv\u00e9telt. Szint\u00e9n hallhat\u00f3 a Lava Lamp-ben, \u00e9s m\u00e9g k\u00e9t m\u00e1sik sz\u00e1mban Steve Hackett, r\u00e9gi zen\u00e9sz- \u00e9s lelki t\u00e1rsunk, a Genesis git\u00e1rosa, akinek git\u00e1rsz\u00f3l\u00f3i ismer\u0151sen k\u00f6sz\u00f6nnek vissza a Djabe rajong\u00f3knak is. A v\u00e9g\u00e9re hagytam a saj\u00e1t sz\u00e1maimat, melyekkel ez\u00fattal a legr\u00e9gebbi Djabe hangz\u00e1sb\u00f3l is sok megsz\u00f3lal a lemezen, igazi \u00e1tfog\u00f3 k\u00e9p kialakul\u00e1s\u00e1t seg\u00edtve a zenekarr\u00f3l. Tomi nagy kedvvel \u00e9s lelkesed\u00e9ssel ny\u00falt az \u00fajabb \u00e9s r\u00e9gebbi kompoz\u00edci\u00f3imhoz. A megszokott rutin szerint szerkesztette, hangszerelte, \u00e9s \u00edrt hozz\u00e1 r\u00e9szeket, k\u00fcl\u00f6n\u00f6s tekintettel \u00e9s gonddal kezelve a szimfonikusokat. A New Words igazi world music opus lett, hiszen hallhat\u00f3 benne a zenekar tagjain k\u00edv\u00fcl Malik taron, Gulli berimbaun, Steve jazz(!) git\u00e1ron, Kov\u00e1cs S\u00e1ra didgeridoon, \u00e9n pedig kalimb\u00e1n \u00e9s es\u0151csin\u00e1l\u00f3n j\u00e1tszom. Egy kor\u00e1bbi kezdetleges v\u00e1ltozata a sz\u00e1mnak m\u00e1r felker\u00fclt Szavak n\u00e9lk\u00fcl c\u00edmmel a 2007-es K\u00f6sz\u00f6nj\u00fck Sipi! eml\u00e9k CD-re is. A Life Spirit 3 r\u00e9szes kompoz\u00edci\u00f3, melynek 3-ik t\u00e9tele Steve Hackett \u00e9s a Genesis ir\u00e1nti tiszteletem jegy\u00e9ben sz\u00fcletett. Tomi remek \u00f6tlete volt a lead t\u00e9ma \u00e9s sz\u00f3l\u00f3, ami igazi progressz\u00edv \u00edzt ad neki, \u00e9s nem utols\u00f3 sorban el fogja var\u00e1zsolni a Genesis rajong\u00f3kat. A Wind Tale c\u00edm\u0171 sz\u00e1m felv\u00e9telei m\u00e9g 2004-ben kezd\u0151dtek a Slices of Life c\u00edm\u0171 CD-hez. Akkor nem ker\u00fclt befejez\u00e9sre, b\u00e1r az\u00f3ta mindegyik st\u00fadi\u00f3 album k\u00e9sz\u00edt\u00e9sekor felvet\u0151d\u00f6tt r\u00e9szemr\u0151l a kidolgoz\u00e1sa. Most megtal\u00e1lta az \u00fatj\u00e1t az albumra. Nem is baj, hogy \u00e9ppen most, hiszen bizonyos r\u00e9szei pont a szimfonikusokkal sz\u00f3lnak remek\u00fcl. A felv\u00e9tel \u00e9rdekess\u00e9ge, hogy 2004-ben Sipos Andr\u00e1s j\u00e1tszotta fel a kong\u00e1t, az \u00fct\u0151hangszereket, bele\u00e9rtve a Kov\u00e1cs Feri \u00e1ltal k\u00e9sz\u00edtett xylophon szer\u0171 \u00fct\u0151f\u00e1k hangj\u00e1t is. Abban az id\u0151ben tagja volt a zenekarnak a kit\u0171n\u0151 altszaxofonos T\u00f3th Viktor is, akinek alto sz\u00f3l\u00f3ja \u00e9s bambusz fuvola j\u00e1t\u00e9ka is megsz\u00f3lal a Wind Tale-ben. A lemez z\u00e1r\u00f3darabja az \u00fcr\u00f6mi mad\u00e1rcsicserg\u00e9ssel indul\u00f3 My Day, Tomi hi\u00e1nyp\u00f3tl\u00f3 darabja. A melodikus, sz\u00f3lisztikus basszusgit\u00e1rj\u00e1t\u00e9kra \u00e9p\u00fcl\u0151 kompoz\u00edci\u00f3 sz\u00e1momra hi\u00e1nyp\u00f3tl\u00f3. Ezt a hangz\u00e1st f\u0151leg improviz\u00e1ci\u00f3k alkalm\u00e1val hallhattuk t\u0151le. Itt egy szimfonikusokkal k\u00eds\u00e9rt nagy\u00edv\u0171 kompoz\u00edci\u00f3k\u00e9nt adja a Forward album z\u00e1r\u00e1s\u00e1t. A Djabe tagjai mind lelkesen vettek r\u00e9szt a munk\u00e1ban. \u00daj elem volt, hogy a dobok egy r\u00e9sz\u00e9t Banai Szil\u00e1rd az otthoni st\u00fadi\u00f3j\u00e1ban vette fel. Az otthoni intim k\u00f6rnyezet a tapasztalatok szerint inspir\u00e1l\u00f3an hat a munk\u00e1ra. \u00cdgy volt ez Kov\u00e1cs Zoli billenty\u0171in\u00e9l \u00e9s az \u00e9n otthoni git\u00e1r \u00e9s \u00fct\u0151hangszer felv\u00e9teleimn\u00e9l. Ferivel a New Words-h\u00f6z szint\u00e9n otthon, n\u00e1lam vett\u00fck fel a heged\u0171ket. Tomi is otthon dolgozott a lemezen mint hangm\u00e9rn\u00f6k, \u00e9s mint zen\u00e9sz is. Term\u00e9szetesen sok felv\u00e9tel k\u00e9sz\u00fclt a Gramy st\u00fadi\u00f3ban is. Nagy \u00e9lm\u00e9ny \u00e9s munkatapasztalat volt az \u00e1prilisi 3 napos felv\u00e9tel Miskolcon a szimfonikusokkal. Tomi fel\u00fcgyelte a felv\u00e9teleket, \u00e9s mint zeneszerz\u0151 egy\u00fctt dolgozott Zolival, aki a hangszerel\u00e9st k\u00e9sz\u00edtette \u00e9s vez\u00e9nyelte a zenekart.\u201d<\/p>\n<p>A Forward a Gramy Records kiad\u00e1s\u00e1ban jelent meg CD-n. A 9 audio track mellett a korong tartalmat egy sz\u00e1m\u00edt\u00f3g\u00e9pben lej\u00e1tszhat\u00f3 vide\u00f3t is, melyet a Forward c\u00edm\u0171 sz\u00e1m szimfonikus felv\u00e9telein k\u00e9sz\u00edtettek.<br \/>\nA CD a Forward form\u00e1tumait illet\u0151en a dupla 200 grammos vinyl LP k\u00f6veti t\u00f6bb mint 20 perc extra tartalommal a CD-hez k\u00e9pest. Az LP-hez aj\u00e1nd\u00e9kk\u00e9nt a CD v\u00e1ltozatott is megkapj\u00e1k a v\u00e1s\u00e1rl\u00f3k. Az anyag 5.1 surround v\u00e1ltozatban DVD-Audio lemezen is kiad\u00e1sra ker\u00fcl szint\u00e9n extr\u00e1kkal, \u00e9s term\u00e9szetesen let\u00f6lt\u00e9sben is.<\/p>\n<p>Video aj\u00e1nl\u00f3: https:\/\/www.youtube.com\/watch?v=FG8esQwGcSs[\/vc_column_text][vc_separator][vc_column_text]<strong>A lemezen szerepl\u0151 el\u0151ad\u00f3k<\/strong><\/p>\n<p>Banai Szil\u00e1rd \u2013 dobok<br \/>\nBarab\u00e1s Tam\u00e1s \u2013 basszusgit\u00e1r, szintetiz\u00e1tor, git\u00e1r (9)<br \/>\n\u00c9gerh\u00e1zi Attila \u2013 akusztikus \u00e9s elektromos git\u00e1rok, git\u00e1r szintetiz\u00e1tor (7) \u00fct\u0151hangszerek (6, 7, 8)<br \/>\nFerenc Kov\u00e1cs \u2013 heged\u0171, trombita, \u00e9nek<br \/>\nKov\u00e1cs Zolt\u00e1n \u2013 billenty\u0171s hangszerek<br \/>\n\u00e9s a<br \/>\nMiskolci Szimfonikus Zenekar (1, 3, 4, 6, 7, 8, 9)<br \/>\nMalik Mansurov \u2013 tar (2, 4, 5, 6)<br \/>\nSteve Hackett \u2013 git\u00e1r (2, 6, 8)<br \/>\nGulli Briem \u2013 hang drum (3) \u00fct\u0151hangszerek (2, 4, 5, 6), vok\u00e1l (6), berimbau (6)<br \/>\nJohn Nugent \u2013 tenor szaxofon (2)<br \/>\nM\u00f3ty\u00e1n Tibor \u2013 tabla (5)<br \/>\nHerczeg Judit \u2013 vok\u00e1l (3)<br \/>\nKasz\u00e1s P\u00e9ter \u2013 vok\u00e1l (3)<br \/>\nKov\u00e1cs S\u00e1ra \u2013 didgeridoo (6, 7)<br \/>\n\u00c9gerh\u00e1zi S\u00e1ra \u2013 cs\u00f6rg\u0151, chimes (6)<br \/>\nRon Stackman \u2013 besz\u00e9d (2)<\/p>\n<p>2004-es felv\u00e9telek:<br \/>\nSipos Andr\u00e1s \u2013 konga, es\u0151csin\u00e1l\u00f3, cs\u00f6rg\u0151, fa xilofon (Kov\u00e1cs Feri faragta) (8)<br \/>\nT\u00f3th Viktor \u2013 alt szaxofon, bambusz fuvola (8)[\/vc_column_text][vc_separator][vc_column_text]<a href=\"http:\/\/gr1993records.magex.hu\/index.php\/quality-vinyl-projects\/\"><strong>Quality Vinyl Projects kiadv\u00e1ny<\/strong><\/a><\/p>\n<p>Az album a fizikai hanghordoz\u00f3k k\u00f6z\u00fcl kiz\u00e1r\u00f3lag vinyl lemezen jelent meg. A kiad\u00e1st \u00e9s a gy\u00e1rt\u00e1st a Gramy-H Kft Quality Vinyl Projects szolg\u00e1ltat\u00e1sa koordin\u00e1lta. A QVP l\u00e9nyege, hogy kiz\u00e1r\u00f3lag kiv\u00e1l\u00f3 min\u0151s\u00e9g\u0171 maszterek felhaszn\u00e1l\u00e1s\u00e1val, Eur\u00f3pa legjobb v\u00e1g\u00f3 m\u0171helyeiben k\u00e9sz\u00edtett mesterlemezekr\u0151l, a kontinens legjobb min\u0151s\u00e9gben dolgoz\u00f3 gy\u00e1r\u00e1ban, a holland Record Industryban k\u00e9sz\u00fcl a sorozatgy\u00e1rt\u00e1s. A lemezek a Music On Vinyl sorozatn\u00e1l megszokott dombornyomott, ez\u00fattal QVP log\u00f3val, vastag k\u00fcls\u0151 \u00e1tl\u00e1tsz\u00f3 m\u0171anyag borit\u00f3ban ker\u00fclnek forgalomba. A Quality Vinyl Projects min\u0151s\u00e9g\u00e9t a nemzetk\u00f6zileg elismert Djabe kiadv\u00e1nyok f\u00e9mjelezt\u00e9k eddig, de mostant\u00f3l m\u00e1s zenekarok sz\u00e1m\u00e1ra is el\u00e9rhet\u0151 a szolg\u00e1ltat\u00e1s a felv\u00e9tel k\u00e9sz\u00edt\u00e9st\u0151l, a kever\u00e9sen \u00e9s az anal\u00f3g maszteren \u00e1t, a v\u00e1g\u00e1s \u00e9s gy\u00e1rt\u00e1s minden f\u00e1zis\u00e1ig.[\/vc_column_text][vc_btn title=&#8221;Tov\u00e1bb a szolg\u00e1ltat\u00e1s oldal\u00e1ra&#8221; style=&#8221;outline-custom&#8221; outline_custom_color=&#8221;#005681&#8243; outline_custom_hover_background=&#8221;#005681&#8243; outline_custom_hover_text=&#8221;#ffffff&#8221; shape=&#8221;square&#8221; link=&#8221;url:http%3A%2F%2Fgr1993records.com%2Findex.php%2Fquality-vinyl-projects%2F||target:%20_blank|&#8221; el_class=&#8221;qvp-btn&#8221;][vc_empty_space][vc_separator][vc_column_text]<strong>Djabe: Forward album taster<\/strong>[\/vc_column_text][vc_video link=&#8221;https:\/\/www.youtube.com\/watch?v=FG8esQwGcSs&#8221;][\/vc_column][\/vc_row]<\/p>","protected":false},"excerpt":{"rendered":"<p>A Djabe zenekar t\u00f6rt\u00e9net\u00e9ben mindig \u00fagy t\u0171nt, hogy az aktu\u00e1lis st\u00fadi\u00f3 lemez\u00fck az addigi munk\u00e1ss\u00e1guk legjelent\u0151sebb darabja. Ez a Forward eset\u00e9ben is \u00edgy van, m\u00e1r els\u0151 hall\u00e1sra meggy\u0151z\u0151dhet\u00fcnk err\u0151l. Az album teljesen \u00faj megk\u00f6zel\u00edt\u00e9sben \u00e9p\u00edtkezik. A Djabe ez\u00fattal a megszokott hangz\u00e1s\u00e1t \u00e9s szt\u00e1rvend\u00e9geit megtoldotta egy 57 tag\u00fa szimfonikus zenekarral. \u00c9gerh\u00e1zi Attila \u00f6sszefoglal\u00f3ja a kiadv\u00e1nyr\u00f3l: \u201eElhat\u00e1roztuk, hogy \u00edrunk egy teljes lemezt, amiben szervesen k\u00f6zrem\u0171k\u00f6dik a Miskolci Szimfonikus zenekar.&#8221;<\/p>\n","protected":false},"featured_media":5707,"template":"","meta":[],"product_brand":[],"product_cat":[92,91],"product_tag":[],"class_list":{"0":"post-5349","1":"product","2":"type-product","3":"status-publish","4":"has-post-thumbnail","6":"product_cat-cd","7":"product_cat-lp","8":"yith_product_brand-djabe","9":"col-12 col-sm-6 col-md-4","11":"first","12":"instock","13":"sale","14":"shipping-taxable","15":"purchasable","16":"product-type-simple"},"yoast_head":"<!-- This site is optimized with the Yoast SEO plugin v27.2 - https:\/\/yoast.com\/product\/yoast-seo-wordpress\/ -->\n<title>Djabe Forward (2LP + CD) &#8211; GR1993 Records<\/title>\n<meta name=\"robots\" content=\"index, follow, max-snippet:-1, max-image-preview:large, max-video-preview:-1\" \/>\n<link rel=\"canonical\" href=\"https:\/\/gr1993records.com\/index.php\/product\/djabe-forward-2lpcd\/\" \/>\n<meta property=\"og:locale\" content=\"hu_HU\" \/>\n<meta property=\"og:type\" content=\"article\" \/>\n<meta property=\"og:title\" content=\"Djabe Forward (2LP + CD) &#8211; GR1993 Records\" \/>\n<meta property=\"og:description\" content=\"[:hu]A Djabe zenekar t\u00f6rt\u00e9net\u00e9ben mindig \u00fagy t\u0171nt, hogy az aktu\u00e1lis st\u00fadi\u00f3 lemez\u00fck az addigi munk\u00e1ss\u00e1guk legjelent\u0151sebb darabja. Ez a Forward eset\u00e9ben is \u00edgy van, m\u00e1r els\u0151 hall\u00e1sra meggy\u0151z\u0151dhet\u00fcnk err\u0151l. Az album teljesen \u00faj megk\u00f6zel\u00edt\u00e9sben \u00e9p\u00edtkezik. A Djabe ez\u00fattal a megszokott hangz\u00e1s\u00e1t \u00e9s szt\u00e1rvend\u00e9geit megtoldotta egy 57 tag\u00fa szimfonikus zenekarral. \u00c9gerh\u00e1zi Attila \u00f6sszefoglal\u00f3ja a kiadv\u00e1nyr\u00f3l: \u201eElhat\u00e1roztuk, hogy \u00edrunk egy teljes lemezt, amiben szervesen k\u00f6zrem\u0171k\u00f6dik a Miskolci Szimfonikus zenekar.&quot;[:en]In the history of Djabe we realized that the actual studio album has been the most significant piece of the group\u2019s work. We can hear it on the \u201cForward\u201d during the first listening. Djabe completed its line-up and the special guests with a 57 piece symphony orchestra. Attila \u00c9gerh\u00e1zi\u2019s summarize of the release: \u201cWe decided to write a whole album in which the Symphonic Orchestra takes part integrally.&quot;[:]\" \/>\n<meta property=\"og:url\" content=\"https:\/\/gr1993records.com\/index.php\/product\/djabe-forward-2lpcd\/\" \/>\n<meta property=\"og:site_name\" content=\"GR1993 Records\" \/>\n<meta property=\"article:publisher\" content=\"https:\/\/www.facebook.com\/GR1993Records-113564886691383\/\" \/>\n<meta property=\"article:modified_time\" content=\"2026-03-31T10:02:40+00:00\" \/>\n<meta property=\"og:image\" content=\"https:\/\/gr1993records.com\/wp-content\/uploads\/2019\/10\/kiadvany_djabe_forward_2LPCD_front.jpg\" \/>\n\t<meta property=\"og:image:width\" content=\"1000\" \/>\n\t<meta property=\"og:image:height\" content=\"1000\" \/>\n\t<meta property=\"og:image:type\" content=\"image\/jpeg\" \/>\n<meta name=\"twitter:card\" content=\"summary_large_image\" \/>\n<meta name=\"twitter:label1\" content=\"Becs\u00fclt olvas\u00e1si id\u0151\" \/>\n\t<meta name=\"twitter:data1\" content=\"16 perc\" \/>\n<script type=\"application\/ld+json\" class=\"yoast-schema-graph\">{\"@context\":\"https:\/\/schema.org\",\"@graph\":[{\"@type\":\"WebPage\",\"@id\":\"https:\/\/gr1993records.com\/index.php\/product\/djabe-forward-2lpcd\/\",\"url\":\"https:\/\/gr1993records.com\/index.php\/product\/djabe-forward-2lpcd\/\",\"name\":\"Djabe Forward (2LP + CD) &#8211; GR1993 Records\",\"isPartOf\":{\"@id\":\"https:\/\/gr1993records.com\/#website\"},\"primaryImageOfPage\":{\"@id\":\"https:\/\/gr1993records.com\/index.php\/product\/djabe-forward-2lpcd\/#primaryimage\"},\"image\":{\"@id\":\"https:\/\/gr1993records.com\/index.php\/product\/djabe-forward-2lpcd\/#primaryimage\"},\"thumbnailUrl\":\"https:\/\/gr1993records.com\/wp-content\/uploads\/2019\/10\/kiadvany_djabe_forward_2LPCD_front.jpg\",\"datePublished\":\"2019-10-30T14:47:25+00:00\",\"dateModified\":\"2026-03-31T10:02:40+00:00\",\"breadcrumb\":{\"@id\":\"https:\/\/gr1993records.com\/index.php\/product\/djabe-forward-2lpcd\/#breadcrumb\"},\"inLanguage\":\"hu\",\"potentialAction\":[{\"@type\":\"ReadAction\",\"target\":[\"https:\/\/gr1993records.com\/index.php\/product\/djabe-forward-2lpcd\/\"]}]},{\"@type\":\"ImageObject\",\"inLanguage\":\"hu\",\"@id\":\"https:\/\/gr1993records.com\/index.php\/product\/djabe-forward-2lpcd\/#primaryimage\",\"url\":\"https:\/\/gr1993records.com\/wp-content\/uploads\/2019\/10\/kiadvany_djabe_forward_2LPCD_front.jpg\",\"contentUrl\":\"https:\/\/gr1993records.com\/wp-content\/uploads\/2019\/10\/kiadvany_djabe_forward_2LPCD_front.jpg\",\"width\":1000,\"height\":1000,\"caption\":\"Djabe \u2013 Forward (2LP+CD) cover\"},{\"@type\":\"BreadcrumbList\",\"@id\":\"https:\/\/gr1993records.com\/index.php\/product\/djabe-forward-2lpcd\/#breadcrumb\",\"itemListElement\":[{\"@type\":\"ListItem\",\"position\":1,\"name\":\"Home\",\"item\":\"https:\/\/gr1993records.com\/\"},{\"@type\":\"ListItem\",\"position\":2,\"name\":\"Kiadv\u00e1nyok\",\"item\":\"https:\/\/gr1993records.com\/index.php\/shop\/\"},{\"@type\":\"ListItem\",\"position\":3,\"name\":\"Djabe Forward (2LP + CD)\"}]},{\"@type\":\"WebSite\",\"@id\":\"https:\/\/gr1993records.com\/#website\",\"url\":\"https:\/\/gr1993records.com\/\",\"name\":\"GR1993 Records\",\"description\":\"\",\"publisher\":{\"@id\":\"https:\/\/gr1993records.com\/#organization\"},\"potentialAction\":[{\"@type\":\"SearchAction\",\"target\":{\"@type\":\"EntryPoint\",\"urlTemplate\":\"https:\/\/gr1993records.com\/?s={search_term_string}\"},\"query-input\":{\"@type\":\"PropertyValueSpecification\",\"valueRequired\":true,\"valueName\":\"search_term_string\"}}],\"inLanguage\":\"hu\"},{\"@type\":\"Organization\",\"@id\":\"https:\/\/gr1993records.com\/#organization\",\"name\":\"Gramy-H Ltd.\",\"url\":\"https:\/\/gr1993records.com\/\",\"logo\":{\"@type\":\"ImageObject\",\"inLanguage\":\"hu\",\"@id\":\"https:\/\/gr1993records.com\/#\/schema\/logo\/image\/\",\"url\":\"https:\/\/gr1993records.com\/wp-content\/uploads\/2019\/08\/GR1993_Records_logo_CC.png\",\"contentUrl\":\"https:\/\/gr1993records.com\/wp-content\/uploads\/2019\/08\/GR1993_Records_logo_CC.png\",\"width\":2900,\"height\":2001,\"caption\":\"Gramy-H Ltd.\"},\"image\":{\"@id\":\"https:\/\/gr1993records.com\/#\/schema\/logo\/image\/\"},\"sameAs\":[\"https:\/\/www.facebook.com\/GR1993Records-113564886691383\/\"]}]}<\/script>\n<!-- \/ Yoast SEO plugin. -->","yoast_head_json":{"title":"Djabe Forward (2LP + CD) &#8211; GR1993 Records","robots":{"index":"index","follow":"follow","max-snippet":"max-snippet:-1","max-image-preview":"max-image-preview:large","max-video-preview":"max-video-preview:-1"},"canonical":"https:\/\/gr1993records.com\/index.php\/product\/djabe-forward-2lpcd\/","og_locale":"hu_HU","og_type":"article","og_title":"Djabe Forward (2LP + CD) &#8211; GR1993 Records","og_description":"[:hu]A Djabe zenekar t\u00f6rt\u00e9net\u00e9ben mindig \u00fagy t\u0171nt, hogy az aktu\u00e1lis st\u00fadi\u00f3 lemez\u00fck az addigi munk\u00e1ss\u00e1guk legjelent\u0151sebb darabja. Ez a Forward eset\u00e9ben is \u00edgy van, m\u00e1r els\u0151 hall\u00e1sra meggy\u0151z\u0151dhet\u00fcnk err\u0151l. Az album teljesen \u00faj megk\u00f6zel\u00edt\u00e9sben \u00e9p\u00edtkezik. A Djabe ez\u00fattal a megszokott hangz\u00e1s\u00e1t \u00e9s szt\u00e1rvend\u00e9geit megtoldotta egy 57 tag\u00fa szimfonikus zenekarral. \u00c9gerh\u00e1zi Attila \u00f6sszefoglal\u00f3ja a kiadv\u00e1nyr\u00f3l: \u201eElhat\u00e1roztuk, hogy \u00edrunk egy teljes lemezt, amiben szervesen k\u00f6zrem\u0171k\u00f6dik a Miskolci Szimfonikus zenekar.\"[:en]In the history of Djabe we realized that the actual studio album has been the most significant piece of the group\u2019s work. We can hear it on the \u201cForward\u201d during the first listening. Djabe completed its line-up and the special guests with a 57 piece symphony orchestra. Attila \u00c9gerh\u00e1zi\u2019s summarize of the release: \u201cWe decided to write a whole album in which the Symphonic Orchestra takes part integrally.\"[:]","og_url":"https:\/\/gr1993records.com\/index.php\/product\/djabe-forward-2lpcd\/","og_site_name":"GR1993 Records","article_publisher":"https:\/\/www.facebook.com\/GR1993Records-113564886691383\/","article_modified_time":"2026-03-31T10:02:40+00:00","og_image":[{"width":1000,"height":1000,"url":"https:\/\/gr1993records.com\/wp-content\/uploads\/2019\/10\/kiadvany_djabe_forward_2LPCD_front.jpg","type":"image\/jpeg"}],"twitter_card":"summary_large_image","twitter_misc":{"Becs\u00fclt olvas\u00e1si id\u0151":"16 perc"},"schema":{"@context":"https:\/\/schema.org","@graph":[{"@type":"WebPage","@id":"https:\/\/gr1993records.com\/index.php\/product\/djabe-forward-2lpcd\/","url":"https:\/\/gr1993records.com\/index.php\/product\/djabe-forward-2lpcd\/","name":"Djabe Forward (2LP + CD) &#8211; GR1993 Records","isPartOf":{"@id":"https:\/\/gr1993records.com\/#website"},"primaryImageOfPage":{"@id":"https:\/\/gr1993records.com\/index.php\/product\/djabe-forward-2lpcd\/#primaryimage"},"image":{"@id":"https:\/\/gr1993records.com\/index.php\/product\/djabe-forward-2lpcd\/#primaryimage"},"thumbnailUrl":"https:\/\/gr1993records.com\/wp-content\/uploads\/2019\/10\/kiadvany_djabe_forward_2LPCD_front.jpg","datePublished":"2019-10-30T14:47:25+00:00","dateModified":"2026-03-31T10:02:40+00:00","breadcrumb":{"@id":"https:\/\/gr1993records.com\/index.php\/product\/djabe-forward-2lpcd\/#breadcrumb"},"inLanguage":"hu","potentialAction":[{"@type":"ReadAction","target":["https:\/\/gr1993records.com\/index.php\/product\/djabe-forward-2lpcd\/"]}]},{"@type":"ImageObject","inLanguage":"hu","@id":"https:\/\/gr1993records.com\/index.php\/product\/djabe-forward-2lpcd\/#primaryimage","url":"https:\/\/gr1993records.com\/wp-content\/uploads\/2019\/10\/kiadvany_djabe_forward_2LPCD_front.jpg","contentUrl":"https:\/\/gr1993records.com\/wp-content\/uploads\/2019\/10\/kiadvany_djabe_forward_2LPCD_front.jpg","width":1000,"height":1000,"caption":"Djabe \u2013 Forward (2LP+CD) cover"},{"@type":"BreadcrumbList","@id":"https:\/\/gr1993records.com\/index.php\/product\/djabe-forward-2lpcd\/#breadcrumb","itemListElement":[{"@type":"ListItem","position":1,"name":"Home","item":"https:\/\/gr1993records.com\/"},{"@type":"ListItem","position":2,"name":"Kiadv\u00e1nyok","item":"https:\/\/gr1993records.com\/index.php\/shop\/"},{"@type":"ListItem","position":3,"name":"Djabe Forward (2LP + CD)"}]},{"@type":"WebSite","@id":"https:\/\/gr1993records.com\/#website","url":"https:\/\/gr1993records.com\/","name":"GR1993 Records","description":"","publisher":{"@id":"https:\/\/gr1993records.com\/#organization"},"potentialAction":[{"@type":"SearchAction","target":{"@type":"EntryPoint","urlTemplate":"https:\/\/gr1993records.com\/?s={search_term_string}"},"query-input":{"@type":"PropertyValueSpecification","valueRequired":true,"valueName":"search_term_string"}}],"inLanguage":"hu"},{"@type":"Organization","@id":"https:\/\/gr1993records.com\/#organization","name":"Gramy-H Ltd.","url":"https:\/\/gr1993records.com\/","logo":{"@type":"ImageObject","inLanguage":"hu","@id":"https:\/\/gr1993records.com\/#\/schema\/logo\/image\/","url":"https:\/\/gr1993records.com\/wp-content\/uploads\/2019\/08\/GR1993_Records_logo_CC.png","contentUrl":"https:\/\/gr1993records.com\/wp-content\/uploads\/2019\/08\/GR1993_Records_logo_CC.png","width":2900,"height":2001,"caption":"Gramy-H Ltd."},"image":{"@id":"https:\/\/gr1993records.com\/#\/schema\/logo\/image\/"},"sameAs":["https:\/\/www.facebook.com\/GR1993Records-113564886691383\/"]}]}},"jetpack_sharing_enabled":true,"_links":{"self":[{"href":"https:\/\/gr1993records.com\/index.php\/wp-json\/wp\/v2\/product\/5349","targetHints":{"allow":["GET"]}}],"collection":[{"href":"https:\/\/gr1993records.com\/index.php\/wp-json\/wp\/v2\/product"}],"about":[{"href":"https:\/\/gr1993records.com\/index.php\/wp-json\/wp\/v2\/types\/product"}],"wp:featuredmedia":[{"embeddable":true,"href":"https:\/\/gr1993records.com\/index.php\/wp-json\/wp\/v2\/media\/5707"}],"wp:attachment":[{"href":"https:\/\/gr1993records.com\/index.php\/wp-json\/wp\/v2\/media?parent=5349"}],"wp:term":[{"taxonomy":"product_brand","embeddable":true,"href":"https:\/\/gr1993records.com\/index.php\/wp-json\/wp\/v2\/product_brand?post=5349"},{"taxonomy":"product_cat","embeddable":true,"href":"https:\/\/gr1993records.com\/index.php\/wp-json\/wp\/v2\/product_cat?post=5349"},{"taxonomy":"product_tag","embeddable":true,"href":"https:\/\/gr1993records.com\/index.php\/wp-json\/wp\/v2\/product_tag?post=5349"}],"curies":[{"name":"wp","href":"https:\/\/api.w.org\/{rel}","templated":true}]}}