{"id":5325,"date":"2019-10-18T12:03:42","date_gmt":"2019-10-18T12:03:42","guid":{"rendered":"http:\/\/gr1993records.com\/?post_type=product&#038;p=5325"},"modified":"2026-03-31T12:02:51","modified_gmt":"2026-03-31T10:02:51","slug":"djabe-20-dimensions-2lp-cd","status":"publish","type":"product","link":"https:\/\/gr1993records.com\/index.php\/product\/djabe-20-dimensions-2lp-cd\/","title":{"rendered":"Djabe <\/br>20 Dimensions <\/br>(2LP + CD)"},"content":{"rendered":"<p>[vc_row][vc_column][vc_column_text]A Djabe 2016-os st\u00fadi\u00f3albuma a CD \u00e9s DVD-Audio kiad\u00e1s ut\u00e1n vinyl lemezen is megjelent.<br \/>\nA kiadv\u00e1ny k\u00e9t 180 grammos audiofil lemezt tartalmaz, melynek pr\u00e9slemezeit anal\u00f3g mesterszalagokr\u00f3l v\u00e1gt\u00e1k. A kiad\u00e1s tov\u00e1bbi \u00e9rdekess\u00e9ge, hogy mindk\u00e9t korong h\u00f3feh\u00e9r vinyl. Mind\u00f6ssze 500 darab sorsz\u00e1mozott limit\u00e1lt p\u00e9ld\u00e1ny ker\u00fclt forgalomba. A dupla LP a CD v\u00e1ltozathoz k\u00e9pest egy b\u00f3nusz felv\u00e9telt is tartalmaz, melyet \u00c9gerh\u00e1zi Attila \u00e9s Barab\u00e1s Tam\u00e1s ketten k\u00e9sz\u00edtettek. A c\u00edme Lelkek cser\u00e9je.<br \/>\nA kiadv\u00e1ny rendelhet\u0151 a b\u00f3nusz CD-vel \u00e9s CD n\u00e9lk\u00fcl is.<br \/>\nA kor\u00e1bbi Forward albumhoz k\u00e9pest, mely a Miskolci Szimfonikusokkal val\u00f3 egy\u00fcttm\u0171k\u00f6d\u00e9sre \u00e9p\u00fclt, most sokkal ink\u00e1bb a zenekar akusztikus \u00e9s f\u00fazi\u00f3s vonala ker\u00fclt el\u0151t\u00e9rbe, helyenk\u00e9nt megf\u0171szerezve modern elektronik\u00e1val. A 20 darabot, azaz dimenzi\u00f3t tartalmaz\u00f3 lemez keretes szerkezet\u0171. Az elej\u00e9n megfogalmazz\u00e1k a lemez koncepci\u00f3j\u00e1t ad\u00f3 dimenzi\u00f3k alapvet\u00e9seit, a 20. darab pedig filozofikus \u00f6sszefoglal\u00e1sa az elhangzottaknak \u00e9s ir\u00e1nymutat\u00e1s a folytat\u00e1sra. A Barab\u00e1s Tam\u00e1s \u00e9s \u00c9gerh\u00e1zi Attila \u00e1ltal megkompon\u00e1lt felv\u00e9teleket 9 improviz\u00e1ci\u00f3 (Transition 1-9) k\u00f6ti \u00f6ssze. Ezeken az improviz\u00e1ci\u00f3kon nem csak a zenekar alaptagjai, hanem Malik Mansurov (tar) \u00e9s Kov\u00e1cs S\u00e1ra (didgeridoo, fuvola) is k\u00f6zrem\u0171k\u00f6dtek. Barab\u00e1s Tam\u00e1s kompoz\u00edci\u00f3i a t\u0151le megszokott lend\u00fcletes \u00e9s sodr\u00f3 virtu\u00f3z darabok, az \u00c9gerh\u00e1zi Attil\u00e1val k\u00f6z\u00f6s kompoz\u00edci\u00f3k a Djabe els\u0151 id\u0151szak\u00e1ra jellemz\u0151 l\u00edrai hangv\u00e9tel\u0171 felv\u00e9telek.[\/vc_column_text][vc_separator][\/vc_column][\/vc_row][vc_row][vc_column width=&#8221;1\/2&#8243;][vc_column_text]<strong>A lemezen szerepl\u0151 el\u0151ad\u00f3k<\/strong><br \/>\nDjabe<br \/>\nTam\u00e1s Barab\u00e1s \u2013 basszus git\u00e1r, git\u00e1r, synth program<br \/>\nAttila \u00c9gerh\u00e1zi \u2013 git\u00e1r, git\u00e1r synth, djembe<br \/>\nSzil\u00e1rd Banai \u2013 dobok<br \/>\nFerenc Kov\u00e1cs \u2013 trombita, heged\u0171, sz\u00e1rnyk\u00fcrt<br \/>\nZolt\u00e1n Kov\u00e1cs \u2013 zongora[\/vc_column_text][\/vc_column][vc_column width=&#8221;1\/2&#8243;][vc_column_text]<strong>Vend\u00e9gzen\u00e9szek<\/strong><br \/>\nSteve Hackett \u2013 elektromos git\u00e1r (14, 16)<br \/>\nMalik Mansurov \u2013 tar<br \/>\nJohn Nugent \u2013 saxofon (2)<br \/>\nBen Castle \u2013 saxofon (8)<br \/>\nTibor M\u00f3ty\u00e1n \u2013 tabla<br \/>\nS\u00e1ra Kov\u00e1cs \u2013 didgeridoo, furulya<br \/>\nHans Peterson \u2013 narr\u00e1ci\u00f3[\/vc_column_text][\/vc_column][\/vc_row]<\/p>","protected":false},"excerpt":{"rendered":"<p>A kiadv\u00e1ny k\u00e9t 180 grammos audiofil lemezt tartalmaz, melynek pr\u00e9slemezeit anal\u00f3g mesterszalagokr\u00f3l v\u00e1gt\u00e1k. Mindk\u00e9t korong h\u00f3feh\u00e9r vinyl lemez. A csomagol\u00e1sban bonus CD is tal\u00e1lhat\u00f3. Mind\u00f6ssze 500 darab sorsz\u00e1mozott limit\u00e1lt p\u00e9ld\u00e1ny ker\u00fcl forgalomba.<\/p>\n","protected":false},"featured_media":5330,"template":"","meta":[],"product_brand":[],"product_cat":[92,91],"product_tag":[],"class_list":{"0":"post-5325","1":"product","2":"type-product","3":"status-publish","4":"has-post-thumbnail","6":"product_cat-cd","7":"product_cat-lp","8":"yith_product_brand-djabe","9":"col-12 col-sm-6 col-md-4","11":"first","12":"instock","13":"sale","14":"shipping-taxable","15":"purchasable","16":"product-type-simple"},"yoast_head":"<!-- This site is optimized with the Yoast SEO plugin v27.2 - https:\/\/yoast.com\/product\/yoast-seo-wordpress\/ -->\n<title>Djabe 20 Dimensions (2LP + CD) &#8211; GR1993 Records<\/title>\n<meta name=\"robots\" content=\"index, follow, max-snippet:-1, max-image-preview:large, max-video-preview:-1\" \/>\n<link rel=\"canonical\" href=\"https:\/\/gr1993records.com\/index.php\/product\/djabe-20-dimensions-2lp-cd\/\" \/>\n<meta property=\"og:locale\" content=\"hu_HU\" \/>\n<meta property=\"og:type\" content=\"article\" \/>\n<meta property=\"og:title\" content=\"Djabe 20 Dimensions (2LP + CD) &#8211; GR1993 Records\" \/>\n<meta property=\"og:description\" content=\"[:hu]A kiadv\u00e1ny k\u00e9t 180 grammos audiofil lemezt tartalmaz, melynek pr\u00e9slemezeit anal\u00f3g mesterszalagokr\u00f3l v\u00e1gt\u00e1k. Mindk\u00e9t korong h\u00f3feh\u00e9r vinyl lemez. A csomagol\u00e1sban bonus CD is tal\u00e1lhat\u00f3. Mind\u00f6ssze 500 darab sorsz\u00e1mozott limit\u00e1lt p\u00e9ld\u00e1ny ker\u00fcl forgalomba.[:en]This package contains two 180gr audiophile quality white colour records cut from analogue master tapes, plus a bonus CD. 500 numbered copies pressed only.[:]\" \/>\n<meta property=\"og:url\" content=\"https:\/\/gr1993records.com\/index.php\/product\/djabe-20-dimensions-2lp-cd\/\" \/>\n<meta property=\"og:site_name\" content=\"GR1993 Records\" \/>\n<meta property=\"article:publisher\" content=\"https:\/\/www.facebook.com\/GR1993Records-113564886691383\/\" \/>\n<meta property=\"article:modified_time\" content=\"2026-03-31T10:02:51+00:00\" \/>\n<meta property=\"og:image\" content=\"https:\/\/gr1993records.com\/wp-content\/uploads\/2019\/10\/kiadvany_djabe_20dimensions_2LPCD_front-1.jpg\" \/>\n\t<meta property=\"og:image:width\" content=\"1000\" \/>\n\t<meta property=\"og:image:height\" content=\"1000\" \/>\n\t<meta property=\"og:image:type\" content=\"image\/jpeg\" \/>\n<meta name=\"twitter:card\" content=\"summary_large_image\" \/>\n<meta name=\"twitter:label1\" content=\"Becs\u00fclt olvas\u00e1si id\u0151\" \/>\n\t<meta name=\"twitter:data1\" content=\"4 perc\" \/>\n<script type=\"application\/ld+json\" class=\"yoast-schema-graph\">{\"@context\":\"https:\/\/schema.org\",\"@graph\":[{\"@type\":\"WebPage\",\"@id\":\"https:\/\/gr1993records.com\/index.php\/product\/djabe-20-dimensions-2lp-cd\/\",\"url\":\"https:\/\/gr1993records.com\/index.php\/product\/djabe-20-dimensions-2lp-cd\/\",\"name\":\"Djabe 20 Dimensions (2LP + CD) &#8211; GR1993 Records\",\"isPartOf\":{\"@id\":\"https:\/\/gr1993records.com\/#website\"},\"primaryImageOfPage\":{\"@id\":\"https:\/\/gr1993records.com\/index.php\/product\/djabe-20-dimensions-2lp-cd\/#primaryimage\"},\"image\":{\"@id\":\"https:\/\/gr1993records.com\/index.php\/product\/djabe-20-dimensions-2lp-cd\/#primaryimage\"},\"thumbnailUrl\":\"https:\/\/gr1993records.com\/wp-content\/uploads\/2019\/10\/kiadvany_djabe_20dimensions_2LPCD_front-1.jpg\",\"datePublished\":\"2019-10-18T12:03:42+00:00\",\"dateModified\":\"2026-03-31T10:02:51+00:00\",\"breadcrumb\":{\"@id\":\"https:\/\/gr1993records.com\/index.php\/product\/djabe-20-dimensions-2lp-cd\/#breadcrumb\"},\"inLanguage\":\"hu\",\"potentialAction\":[{\"@type\":\"ReadAction\",\"target\":[\"https:\/\/gr1993records.com\/index.php\/product\/djabe-20-dimensions-2lp-cd\/\"]}]},{\"@type\":\"ImageObject\",\"inLanguage\":\"hu\",\"@id\":\"https:\/\/gr1993records.com\/index.php\/product\/djabe-20-dimensions-2lp-cd\/#primaryimage\",\"url\":\"https:\/\/gr1993records.com\/wp-content\/uploads\/2019\/10\/kiadvany_djabe_20dimensions_2LPCD_front-1.jpg\",\"contentUrl\":\"https:\/\/gr1993records.com\/wp-content\/uploads\/2019\/10\/kiadvany_djabe_20dimensions_2LPCD_front-1.jpg\",\"width\":1000,\"height\":1000,\"caption\":\"Djabe \u2013 20 Dimensions (2LP+CD) cover\"},{\"@type\":\"BreadcrumbList\",\"@id\":\"https:\/\/gr1993records.com\/index.php\/product\/djabe-20-dimensions-2lp-cd\/#breadcrumb\",\"itemListElement\":[{\"@type\":\"ListItem\",\"position\":1,\"name\":\"Home\",\"item\":\"https:\/\/gr1993records.com\/\"},{\"@type\":\"ListItem\",\"position\":2,\"name\":\"Kiadv\u00e1nyok\",\"item\":\"https:\/\/gr1993records.com\/index.php\/shop\/\"},{\"@type\":\"ListItem\",\"position\":3,\"name\":\"Djabe 20 Dimensions (2LP + CD)\"}]},{\"@type\":\"WebSite\",\"@id\":\"https:\/\/gr1993records.com\/#website\",\"url\":\"https:\/\/gr1993records.com\/\",\"name\":\"GR1993 Records\",\"description\":\"\",\"publisher\":{\"@id\":\"https:\/\/gr1993records.com\/#organization\"},\"potentialAction\":[{\"@type\":\"SearchAction\",\"target\":{\"@type\":\"EntryPoint\",\"urlTemplate\":\"https:\/\/gr1993records.com\/?s={search_term_string}\"},\"query-input\":{\"@type\":\"PropertyValueSpecification\",\"valueRequired\":true,\"valueName\":\"search_term_string\"}}],\"inLanguage\":\"hu\"},{\"@type\":\"Organization\",\"@id\":\"https:\/\/gr1993records.com\/#organization\",\"name\":\"Gramy-H Ltd.\",\"url\":\"https:\/\/gr1993records.com\/\",\"logo\":{\"@type\":\"ImageObject\",\"inLanguage\":\"hu\",\"@id\":\"https:\/\/gr1993records.com\/#\/schema\/logo\/image\/\",\"url\":\"https:\/\/gr1993records.com\/wp-content\/uploads\/2019\/08\/GR1993_Records_logo_CC.png\",\"contentUrl\":\"https:\/\/gr1993records.com\/wp-content\/uploads\/2019\/08\/GR1993_Records_logo_CC.png\",\"width\":2900,\"height\":2001,\"caption\":\"Gramy-H Ltd.\"},\"image\":{\"@id\":\"https:\/\/gr1993records.com\/#\/schema\/logo\/image\/\"},\"sameAs\":[\"https:\/\/www.facebook.com\/GR1993Records-113564886691383\/\"]}]}<\/script>\n<!-- \/ Yoast SEO plugin. -->","yoast_head_json":{"title":"Djabe 20 Dimensions (2LP + CD) &#8211; GR1993 Records","robots":{"index":"index","follow":"follow","max-snippet":"max-snippet:-1","max-image-preview":"max-image-preview:large","max-video-preview":"max-video-preview:-1"},"canonical":"https:\/\/gr1993records.com\/index.php\/product\/djabe-20-dimensions-2lp-cd\/","og_locale":"hu_HU","og_type":"article","og_title":"Djabe 20 Dimensions (2LP + CD) &#8211; GR1993 Records","og_description":"[:hu]A kiadv\u00e1ny k\u00e9t 180 grammos audiofil lemezt tartalmaz, melynek pr\u00e9slemezeit anal\u00f3g mesterszalagokr\u00f3l v\u00e1gt\u00e1k. Mindk\u00e9t korong h\u00f3feh\u00e9r vinyl lemez. A csomagol\u00e1sban bonus CD is tal\u00e1lhat\u00f3. Mind\u00f6ssze 500 darab sorsz\u00e1mozott limit\u00e1lt p\u00e9ld\u00e1ny ker\u00fcl forgalomba.[:en]This package contains two 180gr audiophile quality white colour records cut from analogue master tapes, plus a bonus CD. 500 numbered copies pressed only.[:]","og_url":"https:\/\/gr1993records.com\/index.php\/product\/djabe-20-dimensions-2lp-cd\/","og_site_name":"GR1993 Records","article_publisher":"https:\/\/www.facebook.com\/GR1993Records-113564886691383\/","article_modified_time":"2026-03-31T10:02:51+00:00","og_image":[{"width":1000,"height":1000,"url":"https:\/\/gr1993records.com\/wp-content\/uploads\/2019\/10\/kiadvany_djabe_20dimensions_2LPCD_front-1.jpg","type":"image\/jpeg"}],"twitter_card":"summary_large_image","twitter_misc":{"Becs\u00fclt olvas\u00e1si id\u0151":"4 perc"},"schema":{"@context":"https:\/\/schema.org","@graph":[{"@type":"WebPage","@id":"https:\/\/gr1993records.com\/index.php\/product\/djabe-20-dimensions-2lp-cd\/","url":"https:\/\/gr1993records.com\/index.php\/product\/djabe-20-dimensions-2lp-cd\/","name":"Djabe 20 Dimensions (2LP + CD) &#8211; GR1993 Records","isPartOf":{"@id":"https:\/\/gr1993records.com\/#website"},"primaryImageOfPage":{"@id":"https:\/\/gr1993records.com\/index.php\/product\/djabe-20-dimensions-2lp-cd\/#primaryimage"},"image":{"@id":"https:\/\/gr1993records.com\/index.php\/product\/djabe-20-dimensions-2lp-cd\/#primaryimage"},"thumbnailUrl":"https:\/\/gr1993records.com\/wp-content\/uploads\/2019\/10\/kiadvany_djabe_20dimensions_2LPCD_front-1.jpg","datePublished":"2019-10-18T12:03:42+00:00","dateModified":"2026-03-31T10:02:51+00:00","breadcrumb":{"@id":"https:\/\/gr1993records.com\/index.php\/product\/djabe-20-dimensions-2lp-cd\/#breadcrumb"},"inLanguage":"hu","potentialAction":[{"@type":"ReadAction","target":["https:\/\/gr1993records.com\/index.php\/product\/djabe-20-dimensions-2lp-cd\/"]}]},{"@type":"ImageObject","inLanguage":"hu","@id":"https:\/\/gr1993records.com\/index.php\/product\/djabe-20-dimensions-2lp-cd\/#primaryimage","url":"https:\/\/gr1993records.com\/wp-content\/uploads\/2019\/10\/kiadvany_djabe_20dimensions_2LPCD_front-1.jpg","contentUrl":"https:\/\/gr1993records.com\/wp-content\/uploads\/2019\/10\/kiadvany_djabe_20dimensions_2LPCD_front-1.jpg","width":1000,"height":1000,"caption":"Djabe \u2013 20 Dimensions (2LP+CD) cover"},{"@type":"BreadcrumbList","@id":"https:\/\/gr1993records.com\/index.php\/product\/djabe-20-dimensions-2lp-cd\/#breadcrumb","itemListElement":[{"@type":"ListItem","position":1,"name":"Home","item":"https:\/\/gr1993records.com\/"},{"@type":"ListItem","position":2,"name":"Kiadv\u00e1nyok","item":"https:\/\/gr1993records.com\/index.php\/shop\/"},{"@type":"ListItem","position":3,"name":"Djabe 20 Dimensions (2LP + CD)"}]},{"@type":"WebSite","@id":"https:\/\/gr1993records.com\/#website","url":"https:\/\/gr1993records.com\/","name":"GR1993 Records","description":"","publisher":{"@id":"https:\/\/gr1993records.com\/#organization"},"potentialAction":[{"@type":"SearchAction","target":{"@type":"EntryPoint","urlTemplate":"https:\/\/gr1993records.com\/?s={search_term_string}"},"query-input":{"@type":"PropertyValueSpecification","valueRequired":true,"valueName":"search_term_string"}}],"inLanguage":"hu"},{"@type":"Organization","@id":"https:\/\/gr1993records.com\/#organization","name":"Gramy-H Ltd.","url":"https:\/\/gr1993records.com\/","logo":{"@type":"ImageObject","inLanguage":"hu","@id":"https:\/\/gr1993records.com\/#\/schema\/logo\/image\/","url":"https:\/\/gr1993records.com\/wp-content\/uploads\/2019\/08\/GR1993_Records_logo_CC.png","contentUrl":"https:\/\/gr1993records.com\/wp-content\/uploads\/2019\/08\/GR1993_Records_logo_CC.png","width":2900,"height":2001,"caption":"Gramy-H Ltd."},"image":{"@id":"https:\/\/gr1993records.com\/#\/schema\/logo\/image\/"},"sameAs":["https:\/\/www.facebook.com\/GR1993Records-113564886691383\/"]}]}},"jetpack_sharing_enabled":true,"_links":{"self":[{"href":"https:\/\/gr1993records.com\/index.php\/wp-json\/wp\/v2\/product\/5325","targetHints":{"allow":["GET"]}}],"collection":[{"href":"https:\/\/gr1993records.com\/index.php\/wp-json\/wp\/v2\/product"}],"about":[{"href":"https:\/\/gr1993records.com\/index.php\/wp-json\/wp\/v2\/types\/product"}],"wp:featuredmedia":[{"embeddable":true,"href":"https:\/\/gr1993records.com\/index.php\/wp-json\/wp\/v2\/media\/5330"}],"wp:attachment":[{"href":"https:\/\/gr1993records.com\/index.php\/wp-json\/wp\/v2\/media?parent=5325"}],"wp:term":[{"taxonomy":"product_brand","embeddable":true,"href":"https:\/\/gr1993records.com\/index.php\/wp-json\/wp\/v2\/product_brand?post=5325"},{"taxonomy":"product_cat","embeddable":true,"href":"https:\/\/gr1993records.com\/index.php\/wp-json\/wp\/v2\/product_cat?post=5325"},{"taxonomy":"product_tag","embeddable":true,"href":"https:\/\/gr1993records.com\/index.php\/wp-json\/wp\/v2\/product_tag?post=5325"}],"curies":[{"name":"wp","href":"https:\/\/api.w.org\/{rel}","templated":true}]}}