{"id":5285,"date":"2019-10-04T12:32:42","date_gmt":"2019-10-04T12:32:42","guid":{"rendered":"http:\/\/gr1993records.com\/?post_type=product&#038;p=5285"},"modified":"2026-04-01T11:50:00","modified_gmt":"2026-04-01T09:50:00","slug":"djabe-steve-hackett-life-is-a-journey-the-sardinia-tapes-2lp","status":"publish","type":"product","link":"https:\/\/gr1993records.com\/product\/djabe-steve-hackett-life-is-a-journey-the-sardinia-tapes-2lp\/","title":{"rendered":"Djabe &#038; Steve Hackett <\/br>Life Is A Journey \u2013 <\/br>The Sardinia Tapes <br\/>(2LP) Black Edition"},"content":{"rendered":"<p>[vc_row][vc_column][vc_column_text]<\/p>\n<div><span lang=\"HU\">Steve Hackett, a Genesis git\u00e1rosak\u00e9nt lett ismert a vil\u00e1gon. Jelenleg is akt\u00edv el\u0151ad\u00f3, akinek folyamatosan jelennek meg lemezei \u00e9s a vil\u00e1g minden t\u00e1j\u00e1n rendszeresen koncertezik.<br \/>\nA Djabe zenekar a jazz\/world fusion st\u00edlus els\u0151sz\u00e1m\u00fa magyarorsz\u00e1gi k\u00e9pvisel\u0151je. 22 \u00e9ves p\u00e1lyafut\u00e1suk alatt sz\u00e1mos magyar \u00e9s nemzetk\u00f6zi d\u00edjat nyertek, t\u00f6bb mint 60 kiadv\u00e1nyuk jelent meg. 43 orsz\u00e1gban koncerteztek az elm\u00falt 21 \u00e9vben. Steve Hackett-tel 2003-ban kezd\u0151d\u00f6tt az egy\u00fcttm\u0171k\u00f6d\u00e9s\u00fck, amikor j\u00e1tszott a Djabe T\u00e1ncolnak a kazlak c. lemez\u00e9n. 2007 \u00f3ta folyamatosan koncerteznek egy\u00fctt Eur\u00f3p\u00e1ban \u00e9s \u00c1zsi\u00e1ban, t\u00f6bb k\u00f6z\u00f6s kiadv\u00e1nyuk (CD, DVD, vinyl \u00e9s Blu-ray) jelent meg. A rom\u00e1niai Garana jazz fesztiv\u00e1lon 13 000 rajong\u00f3nak j\u00e1tszottak. Sz\u00e1mos koncertj\u00fck megjelent Djabe &amp; Steve Hackett n\u00e9v alatt, ezek sor\u00e1ban 2017 febru\u00e1rj\u00e1ban jelent meg az els\u0151 az angliai Cherry Red Records gondoz\u00e1s\u00e1ban, Steve Hackett &amp; Djabe: Summer Storms and Rocking Rivers c\u00edmen.<\/span><\/div>\n<div><span lang=\"HU\">2016 nyar\u00e1n Steve Hackett a Djabe zen\u00e9szeivel elutazott Szard\u00ednia sziget\u00e9re, ahol a t\u00f6bb mint ezer \u00e9ves Nostra Signora di Tergu templom szomsz\u00e9ds\u00e1g\u00e1ban alkalmi hangst\u00fadi\u00f3t rendeztek be. H\u00e1rom napot k\u00f6z\u00f6s zen\u00e9l\u00e9ssel ind\u00edtottak \u00e9s fejeztek be. A felv\u00e9telek k\u00f6z\u00f6tt pedig Szard\u00ednia sz\u00e9ps\u00e9geib\u0151l \u00e9s kult\u00far\u00e1j\u00e1b\u00f3l nyertek inspir\u00e1ci\u00f3t. A 24 s\u00e1vos anal\u00f3g szalagra k\u00e9sz\u00fclt felv\u00e9telekb\u0151l Budapesten a Djabe basszusgit\u00e1rosa, zeneszerz\u0151je Barab\u00e1s Tam\u00e1s dolgozta ki a lemez anyag\u00e1t. \u00cdgy sz\u00fcletett meg egy k\u00fcl\u00f6nleges st\u00fadi\u00f3album, mely \u00fajszer\u0171s\u00e9g\u00e9vel elmossa a hat\u00e1rokat a progressz\u00edv rock, a jazz \u00e9s a vil\u00e1gzene k\u00f6z\u00f6tt. Meghat\u00e1roz\u00e1sk\u00e9nt legink\u00e1bb az instrument\u00e1lis progressz\u00edv zene kifejez\u00e9s illik r\u00e1. A felv\u00e9teleken egyedi fel\u00e1ll\u00e1sban hallhat\u00f3 a Djabe, hiszen a dobokn\u00e1l a m\u00e9lt\u00e1n vil\u00e1gh\u00edr\u0171 Mezzoforte egy\u00fcttes dobosa, Gulli Briem hallhat\u00f3. Ko\u00f3s-Hut\u00e1s \u00c1ron j\u00e1tszik trombit\u00e1n, \u00c9gerh\u00e1zi Attila git\u00e1rozik \u00e9s \u00fct\u0151hangszereken k\u00f6zrem\u0171k\u00f6dik, Barab\u00e1s Tam\u00e1s pedig basszusgit\u00e1rozik.<br \/>\nAz album nagy felt\u0171n\u00e9st keltett szerte a vil\u00e1gban, \u00e9s napjainkra a Djabe \u00e9s Steve Hackett munk\u00e1ss\u00e1g\u00e1nak egy kiemelked\u0151 \u00e9s darabja lett. K\u00f6z\u00f6s koncertjeik meghat\u00e1roz\u00f3 sz\u00e1mai a Life Is A Journey &#8211; The Sardinia Tapes kompoz\u00edci\u00f3i.<br \/>\nDjabe \u00e9s Steve Hackett els\u0151 k\u00f6z\u00f6s szerzem\u00e9nyeket tartalmaz\u00f3 st\u00fadi\u00f3 albuma 2017. okt\u00f3ber 2-\u00e1n jelent meg el\u0151sz\u00f6r crystal clear vinylen. A k\u00e9szlet kimer\u00fcl\u00e9se ut\u00e1n a kiad\u00f3 2023-ban fekete v\u00e1ltozatban dobta piacra a lemezt. A kiad\u00e1s a lemezek sz\u00edn\u00e9t lesz\u00e1m\u00edtva teljesen megegyezik az eredetivel.<\/span><\/div>\n<p>[\/vc_column_text][vc_separator][vc_column_text]<strong>A lemezen szerepl\u0151 el\u0151ad\u00f3k:<\/strong><br \/>\nSteve Hackett \u2013 git\u00e1r<br \/>\nGulli Briem \u2013 dobok, \u00fct\u0151hangszerek<br \/>\nBarab\u00e1s Tam\u00e1s \u2013 basszusgit\u00e1r, git\u00e1r\u00a0programok, \u00fct\u0151hangszerek, \u00e9nek<br \/>\nKo\u00f3s-Hut\u00e1s \u00c1ron \u2013 trombita<br \/>\n\u00c9gerh\u00e1zi Attila \u2013 git\u00e1r, git\u00e1rszintetiz\u00e1tor, \u00fct\u0151hangszerek[\/vc_column_text][vc_separator][vc_video link=&#8221;https:\/\/www.youtube.com\/watch?v=ptfUbK3-RSY&#8221; align=&#8221;center&#8221;][vc_video link=&#8221;https:\/\/www.youtube.com\/watch?v=hJfXtlnNnJI&amp;t&#8221; align=&#8221;center&#8221;][vc_video link=&#8221;https:\/\/www.youtube.com\/watch?v=d_dW77LBFxc&#8221; align=&#8221;center&#8221;][vc_video link=&#8221;https:\/\/www.youtube.com\/watch?v=OPAOTeReKa0&#8243; align=&#8221;center&#8221;][\/vc_column][\/vc_row]<\/p>","protected":false},"excerpt":{"rendered":"<p>2016 nyar\u00e1n Steve Hackett a Djabe zen\u00e9szeivel elutazott Szard\u00ednia sziget\u00e9re, ahol a t\u00f6bb mint ezer \u00e9ves Nostra Signora di Tergu templom szomsz\u00e9ds\u00e1g\u00e1ban alkalmi hangst\u00fadi\u00f3t rendeztek be. H\u00e1rom napot k\u00f6z\u00f6s zen\u00e9l\u00e9ssel kezdtek \u00e9s fejeztek be. A felv\u00e9telek k\u00f6z\u00f6tt pedig Szard\u00ednia sz\u00e9ps\u00e9geib\u0151l \u00e9s kult\u00far\u00e1j\u00e1b\u00f3l nyertek inspir\u00e1ci\u00f3t. A 24 s\u00e1vos anal\u00f3g szalagra k\u00e9sz\u00fclt felv\u00e9teleket Budapesten a Djabe basszusgit\u00e1rosa, zeneszerz\u0151je Barab\u00e1s Tam\u00e1s dolgozta ki kompoz\u00edci\u00f3kk\u00e1. \u00cdgy sz\u00fcletett meg egy k\u00fcl\u00f6nleges st\u00fadi\u00f3album, mely \u00fajszer\u0171s\u00e9g\u00e9vel elmossa a hat\u00e1rokat a progressz\u00edv rock, a jazz \u00e9s a vil\u00e1gzene k\u00f6z\u00f6tt.<\/p>\n","protected":false},"featured_media":5287,"template":"","meta":[],"product_brand":[],"product_cat":[91],"product_tag":[],"class_list":{"0":"post-5285","1":"product","2":"type-product","3":"status-publish","4":"has-post-thumbnail","6":"product_cat-lp","7":"yith_product_brand-djabe","8":"yith_product_brand-gulli-briem","9":"yith_product_brand-steve-hackett","10":"col-12 col-sm-6 col-md-4","12":"first","13":"instock","14":"shipping-taxable","15":"purchasable","16":"product-type-simple"},"yoast_head":"<!-- This site is optimized with the Yoast SEO plugin v27.5 - https:\/\/yoast.com\/product\/yoast-seo-wordpress\/ -->\n<title>Djabe &amp; Steve Hackett Life Is A Journey \u2013 The Sardinia Tapes (2LP) Black Edition &#8211; GR1993 Records<\/title>\n<meta name=\"robots\" content=\"index, follow, max-snippet:-1, max-image-preview:large, max-video-preview:-1\" \/>\n<link rel=\"canonical\" href=\"https:\/\/gr1993records.com\/product\/djabe-steve-hackett-life-is-a-journey-the-sardinia-tapes-2lp\/\" \/>\n<meta property=\"og:locale\" content=\"hu_HU\" \/>\n<meta property=\"og:type\" content=\"article\" \/>\n<meta property=\"og:title\" content=\"Djabe &amp; Steve Hackett Life Is A Journey \u2013 The Sardinia Tapes (2LP) Black Edition &#8211; GR1993 Records\" \/>\n<meta property=\"og:description\" content=\"[:hu]2016 nyar\u00e1n Steve Hackett a Djabe zen\u00e9szeivel elutazott Szard\u00ednia sziget\u00e9re, ahol a t\u00f6bb mint ezer \u00e9ves Nostra Signora di Tergu templom szomsz\u00e9ds\u00e1g\u00e1ban alkalmi hangst\u00fadi\u00f3t rendeztek be. H\u00e1rom napot k\u00f6z\u00f6s zen\u00e9l\u00e9ssel kezdtek \u00e9s fejeztek be. A felv\u00e9telek k\u00f6z\u00f6tt pedig Szard\u00ednia sz\u00e9ps\u00e9geib\u0151l \u00e9s kult\u00far\u00e1j\u00e1b\u00f3l nyertek inspir\u00e1ci\u00f3t. A 24 s\u00e1vos anal\u00f3g szalagra k\u00e9sz\u00fclt felv\u00e9teleket Budapesten a Djabe basszusgit\u00e1rosa, zeneszerz\u0151je Barab\u00e1s Tam\u00e1s dolgozta ki kompoz\u00edci\u00f3kk\u00e1. \u00cdgy sz\u00fcletett meg egy k\u00fcl\u00f6nleges st\u00fadi\u00f3album, mely \u00fajszer\u0171s\u00e9g\u00e9vel elmossa a hat\u00e1rokat a progressz\u00edv rock, a jazz \u00e9s a vil\u00e1gzene k\u00f6z\u00f6tt.[:en]At the summer of 2016 Steve Hackett and the musicians of Djabe travelled to the island of Sardinia, and built an temporary recording studio in next to the 1000-year old temple Nostra Signora di Tergu, and spent 3 whole days recording. Between recordings, they explored the island and received inspiration from the natural beauty and rich culture of Sardinia. The 24-track analogue session tapes, were taken to Budapest and Tam\u00e1s Barab\u00e1s, bass guitarist and composer of Djabe produced a whole album from the jams. A unique studio album was born, washing away genre borders between progressive rock, jazz and world music, and moved into the category best described as instrumental progressive music.[:]\" \/>\n<meta property=\"og:url\" content=\"https:\/\/gr1993records.com\/product\/djabe-steve-hackett-life-is-a-journey-the-sardinia-tapes-2lp\/\" \/>\n<meta property=\"og:site_name\" content=\"GR1993 Records\" \/>\n<meta property=\"article:publisher\" content=\"https:\/\/www.facebook.com\/GR1993Records-113564886691383\/\" \/>\n<meta property=\"article:modified_time\" content=\"2026-04-01T09:50:00+00:00\" \/>\n<meta property=\"og:image\" content=\"https:\/\/gr1993records.com\/wp-content\/uploads\/2019\/10\/kiadvany_djabe_steve_hackett_liaj_sardinia_tapes_2LP_front.jpg\" \/>\n\t<meta property=\"og:image:width\" content=\"1000\" \/>\n\t<meta property=\"og:image:height\" content=\"1000\" \/>\n\t<meta property=\"og:image:type\" content=\"image\/jpeg\" \/>\n<meta name=\"twitter:card\" content=\"summary_large_image\" \/>\n<meta name=\"twitter:label1\" content=\"Becs\u00fclt olvas\u00e1si id\u0151\" \/>\n\t<meta name=\"twitter:data1\" content=\"3 perc\" \/>\n<script type=\"application\/ld+json\" class=\"yoast-schema-graph\">{\"@context\":\"https:\\\/\\\/schema.org\",\"@graph\":[{\"@type\":\"WebPage\",\"@id\":\"https:\\\/\\\/gr1993records.com\\\/product\\\/djabe-steve-hackett-life-is-a-journey-the-sardinia-tapes-2lp\\\/\",\"url\":\"https:\\\/\\\/gr1993records.com\\\/product\\\/djabe-steve-hackett-life-is-a-journey-the-sardinia-tapes-2lp\\\/\",\"name\":\"Djabe & Steve Hackett Life Is A Journey \u2013 The Sardinia Tapes (2LP) Black Edition &#8211; GR1993 Records\",\"isPartOf\":{\"@id\":\"https:\\\/\\\/gr1993records.com\\\/#website\"},\"primaryImageOfPage\":{\"@id\":\"https:\\\/\\\/gr1993records.com\\\/product\\\/djabe-steve-hackett-life-is-a-journey-the-sardinia-tapes-2lp\\\/#primaryimage\"},\"image\":{\"@id\":\"https:\\\/\\\/gr1993records.com\\\/product\\\/djabe-steve-hackett-life-is-a-journey-the-sardinia-tapes-2lp\\\/#primaryimage\"},\"thumbnailUrl\":\"https:\\\/\\\/gr1993records.com\\\/wp-content\\\/uploads\\\/2019\\\/10\\\/kiadvany_djabe_steve_hackett_liaj_sardinia_tapes_2LP_front.jpg\",\"datePublished\":\"2019-10-04T12:32:42+00:00\",\"dateModified\":\"2026-04-01T09:50:00+00:00\",\"breadcrumb\":{\"@id\":\"https:\\\/\\\/gr1993records.com\\\/product\\\/djabe-steve-hackett-life-is-a-journey-the-sardinia-tapes-2lp\\\/#breadcrumb\"},\"inLanguage\":\"hu\",\"potentialAction\":[{\"@type\":\"ReadAction\",\"target\":[\"https:\\\/\\\/gr1993records.com\\\/product\\\/djabe-steve-hackett-life-is-a-journey-the-sardinia-tapes-2lp\\\/\"]}]},{\"@type\":\"ImageObject\",\"inLanguage\":\"hu\",\"@id\":\"https:\\\/\\\/gr1993records.com\\\/product\\\/djabe-steve-hackett-life-is-a-journey-the-sardinia-tapes-2lp\\\/#primaryimage\",\"url\":\"https:\\\/\\\/gr1993records.com\\\/wp-content\\\/uploads\\\/2019\\\/10\\\/kiadvany_djabe_steve_hackett_liaj_sardinia_tapes_2LP_front.jpg\",\"contentUrl\":\"https:\\\/\\\/gr1993records.com\\\/wp-content\\\/uploads\\\/2019\\\/10\\\/kiadvany_djabe_steve_hackett_liaj_sardinia_tapes_2LP_front.jpg\",\"width\":1000,\"height\":1000,\"caption\":\"Djabe & Steve Hackett \u2013 Life is a Journey The SardiniaTapes (2LP) cover\"},{\"@type\":\"BreadcrumbList\",\"@id\":\"https:\\\/\\\/gr1993records.com\\\/product\\\/djabe-steve-hackett-life-is-a-journey-the-sardinia-tapes-2lp\\\/#breadcrumb\",\"itemListElement\":[{\"@type\":\"ListItem\",\"position\":1,\"name\":\"Home\",\"item\":\"https:\\\/\\\/gr1993records.com\\\/?lang=en\"},{\"@type\":\"ListItem\",\"position\":2,\"name\":\"Releases\",\"item\":\"https:\\\/\\\/gr1993records.com\\\/shop\\\/?lang=en\"},{\"@type\":\"ListItem\",\"position\":3,\"name\":\"Djabe &#038; Steve Hackett Life Is A Journey \u2013 The Sardinia Tapes (2LP) Black Edition\"}]},{\"@type\":\"WebSite\",\"@id\":\"https:\\\/\\\/gr1993records.com\\\/#website\",\"url\":\"https:\\\/\\\/gr1993records.com\\\/\",\"name\":\"GR1993 Records\",\"description\":\"\",\"publisher\":{\"@id\":\"https:\\\/\\\/gr1993records.com\\\/#organization\"},\"potentialAction\":[{\"@type\":\"SearchAction\",\"target\":{\"@type\":\"EntryPoint\",\"urlTemplate\":\"https:\\\/\\\/gr1993records.com\\\/?s={search_term_string}\"},\"query-input\":{\"@type\":\"PropertyValueSpecification\",\"valueRequired\":true,\"valueName\":\"search_term_string\"}}],\"inLanguage\":\"hu\"},{\"@type\":\"Organization\",\"@id\":\"https:\\\/\\\/gr1993records.com\\\/#organization\",\"name\":\"Gramy-H Ltd.\",\"url\":\"https:\\\/\\\/gr1993records.com\\\/\",\"logo\":{\"@type\":\"ImageObject\",\"inLanguage\":\"hu\",\"@id\":\"https:\\\/\\\/gr1993records.com\\\/#\\\/schema\\\/logo\\\/image\\\/\",\"url\":\"https:\\\/\\\/gr1993records.com\\\/wp-content\\\/uploads\\\/2019\\\/08\\\/GR1993_Records_logo_CC.png\",\"contentUrl\":\"https:\\\/\\\/gr1993records.com\\\/wp-content\\\/uploads\\\/2019\\\/08\\\/GR1993_Records_logo_CC.png\",\"width\":2900,\"height\":2001,\"caption\":\"Gramy-H Ltd.\"},\"image\":{\"@id\":\"https:\\\/\\\/gr1993records.com\\\/#\\\/schema\\\/logo\\\/image\\\/\"},\"sameAs\":[\"https:\\\/\\\/www.facebook.com\\\/GR1993Records-113564886691383\\\/\"]}]}<\/script>\n<!-- \/ Yoast SEO plugin. -->","yoast_head_json":{"title":"Djabe & Steve Hackett Life Is A Journey \u2013 The Sardinia Tapes (2LP) Black Edition &#8211; GR1993 Records","robots":{"index":"index","follow":"follow","max-snippet":"max-snippet:-1","max-image-preview":"max-image-preview:large","max-video-preview":"max-video-preview:-1"},"canonical":"https:\/\/gr1993records.com\/product\/djabe-steve-hackett-life-is-a-journey-the-sardinia-tapes-2lp\/","og_locale":"hu_HU","og_type":"article","og_title":"Djabe & Steve Hackett Life Is A Journey \u2013 The Sardinia Tapes (2LP) Black Edition &#8211; GR1993 Records","og_description":"[:hu]2016 nyar\u00e1n Steve Hackett a Djabe zen\u00e9szeivel elutazott Szard\u00ednia sziget\u00e9re, ahol a t\u00f6bb mint ezer \u00e9ves Nostra Signora di Tergu templom szomsz\u00e9ds\u00e1g\u00e1ban alkalmi hangst\u00fadi\u00f3t rendeztek be. H\u00e1rom napot k\u00f6z\u00f6s zen\u00e9l\u00e9ssel kezdtek \u00e9s fejeztek be. A felv\u00e9telek k\u00f6z\u00f6tt pedig Szard\u00ednia sz\u00e9ps\u00e9geib\u0151l \u00e9s kult\u00far\u00e1j\u00e1b\u00f3l nyertek inspir\u00e1ci\u00f3t. A 24 s\u00e1vos anal\u00f3g szalagra k\u00e9sz\u00fclt felv\u00e9teleket Budapesten a Djabe basszusgit\u00e1rosa, zeneszerz\u0151je Barab\u00e1s Tam\u00e1s dolgozta ki kompoz\u00edci\u00f3kk\u00e1. \u00cdgy sz\u00fcletett meg egy k\u00fcl\u00f6nleges st\u00fadi\u00f3album, mely \u00fajszer\u0171s\u00e9g\u00e9vel elmossa a hat\u00e1rokat a progressz\u00edv rock, a jazz \u00e9s a vil\u00e1gzene k\u00f6z\u00f6tt.[:en]At the summer of 2016 Steve Hackett and the musicians of Djabe travelled to the island of Sardinia, and built an temporary recording studio in next to the 1000-year old temple Nostra Signora di Tergu, and spent 3 whole days recording. Between recordings, they explored the island and received inspiration from the natural beauty and rich culture of Sardinia. The 24-track analogue session tapes, were taken to Budapest and Tam\u00e1s Barab\u00e1s, bass guitarist and composer of Djabe produced a whole album from the jams. A unique studio album was born, washing away genre borders between progressive rock, jazz and world music, and moved into the category best described as instrumental progressive music.[:]","og_url":"https:\/\/gr1993records.com\/product\/djabe-steve-hackett-life-is-a-journey-the-sardinia-tapes-2lp\/","og_site_name":"GR1993 Records","article_publisher":"https:\/\/www.facebook.com\/GR1993Records-113564886691383\/","article_modified_time":"2026-04-01T09:50:00+00:00","og_image":[{"width":1000,"height":1000,"url":"https:\/\/gr1993records.com\/wp-content\/uploads\/2019\/10\/kiadvany_djabe_steve_hackett_liaj_sardinia_tapes_2LP_front.jpg","type":"image\/jpeg"}],"twitter_card":"summary_large_image","twitter_misc":{"Becs\u00fclt olvas\u00e1si id\u0151":"3 perc"},"schema":{"@context":"https:\/\/schema.org","@graph":[{"@type":"WebPage","@id":"https:\/\/gr1993records.com\/product\/djabe-steve-hackett-life-is-a-journey-the-sardinia-tapes-2lp\/","url":"https:\/\/gr1993records.com\/product\/djabe-steve-hackett-life-is-a-journey-the-sardinia-tapes-2lp\/","name":"Djabe & Steve Hackett Life Is A Journey \u2013 The Sardinia Tapes (2LP) Black Edition &#8211; GR1993 Records","isPartOf":{"@id":"https:\/\/gr1993records.com\/#website"},"primaryImageOfPage":{"@id":"https:\/\/gr1993records.com\/product\/djabe-steve-hackett-life-is-a-journey-the-sardinia-tapes-2lp\/#primaryimage"},"image":{"@id":"https:\/\/gr1993records.com\/product\/djabe-steve-hackett-life-is-a-journey-the-sardinia-tapes-2lp\/#primaryimage"},"thumbnailUrl":"https:\/\/gr1993records.com\/wp-content\/uploads\/2019\/10\/kiadvany_djabe_steve_hackett_liaj_sardinia_tapes_2LP_front.jpg","datePublished":"2019-10-04T12:32:42+00:00","dateModified":"2026-04-01T09:50:00+00:00","breadcrumb":{"@id":"https:\/\/gr1993records.com\/product\/djabe-steve-hackett-life-is-a-journey-the-sardinia-tapes-2lp\/#breadcrumb"},"inLanguage":"hu","potentialAction":[{"@type":"ReadAction","target":["https:\/\/gr1993records.com\/product\/djabe-steve-hackett-life-is-a-journey-the-sardinia-tapes-2lp\/"]}]},{"@type":"ImageObject","inLanguage":"hu","@id":"https:\/\/gr1993records.com\/product\/djabe-steve-hackett-life-is-a-journey-the-sardinia-tapes-2lp\/#primaryimage","url":"https:\/\/gr1993records.com\/wp-content\/uploads\/2019\/10\/kiadvany_djabe_steve_hackett_liaj_sardinia_tapes_2LP_front.jpg","contentUrl":"https:\/\/gr1993records.com\/wp-content\/uploads\/2019\/10\/kiadvany_djabe_steve_hackett_liaj_sardinia_tapes_2LP_front.jpg","width":1000,"height":1000,"caption":"Djabe & Steve Hackett \u2013 Life is a Journey The SardiniaTapes (2LP) cover"},{"@type":"BreadcrumbList","@id":"https:\/\/gr1993records.com\/product\/djabe-steve-hackett-life-is-a-journey-the-sardinia-tapes-2lp\/#breadcrumb","itemListElement":[{"@type":"ListItem","position":1,"name":"Home","item":"https:\/\/gr1993records.com\/?lang=en"},{"@type":"ListItem","position":2,"name":"Releases","item":"https:\/\/gr1993records.com\/shop\/?lang=en"},{"@type":"ListItem","position":3,"name":"Djabe &#038; Steve Hackett Life Is A Journey \u2013 The Sardinia Tapes (2LP) Black Edition"}]},{"@type":"WebSite","@id":"https:\/\/gr1993records.com\/#website","url":"https:\/\/gr1993records.com\/","name":"GR1993 Records","description":"","publisher":{"@id":"https:\/\/gr1993records.com\/#organization"},"potentialAction":[{"@type":"SearchAction","target":{"@type":"EntryPoint","urlTemplate":"https:\/\/gr1993records.com\/?s={search_term_string}"},"query-input":{"@type":"PropertyValueSpecification","valueRequired":true,"valueName":"search_term_string"}}],"inLanguage":"hu"},{"@type":"Organization","@id":"https:\/\/gr1993records.com\/#organization","name":"Gramy-H Ltd.","url":"https:\/\/gr1993records.com\/","logo":{"@type":"ImageObject","inLanguage":"hu","@id":"https:\/\/gr1993records.com\/#\/schema\/logo\/image\/","url":"https:\/\/gr1993records.com\/wp-content\/uploads\/2019\/08\/GR1993_Records_logo_CC.png","contentUrl":"https:\/\/gr1993records.com\/wp-content\/uploads\/2019\/08\/GR1993_Records_logo_CC.png","width":2900,"height":2001,"caption":"Gramy-H Ltd."},"image":{"@id":"https:\/\/gr1993records.com\/#\/schema\/logo\/image\/"},"sameAs":["https:\/\/www.facebook.com\/GR1993Records-113564886691383\/"]}]}},"jetpack_sharing_enabled":true,"_links":{"self":[{"href":"https:\/\/gr1993records.com\/wp-json\/wp\/v2\/product\/5285","targetHints":{"allow":["GET"]}}],"collection":[{"href":"https:\/\/gr1993records.com\/wp-json\/wp\/v2\/product"}],"about":[{"href":"https:\/\/gr1993records.com\/wp-json\/wp\/v2\/types\/product"}],"wp:featuredmedia":[{"embeddable":true,"href":"https:\/\/gr1993records.com\/wp-json\/wp\/v2\/media\/5287"}],"wp:attachment":[{"href":"https:\/\/gr1993records.com\/wp-json\/wp\/v2\/media?parent=5285"}],"wp:term":[{"taxonomy":"product_brand","embeddable":true,"href":"https:\/\/gr1993records.com\/wp-json\/wp\/v2\/product_brand?post=5285"},{"taxonomy":"product_cat","embeddable":true,"href":"https:\/\/gr1993records.com\/wp-json\/wp\/v2\/product_cat?post=5285"},{"taxonomy":"product_tag","embeddable":true,"href":"https:\/\/gr1993records.com\/wp-json\/wp\/v2\/product_tag?post=5285"}],"curies":[{"name":"wp","href":"https:\/\/api.w.org\/{rel}","templated":true}]}}