{"id":5281,"date":"2019-10-02T15:33:56","date_gmt":"2019-10-02T15:33:56","guid":{"rendered":"http:\/\/gr1993records.com\/?post_type=product&#038;p=5281"},"modified":"2026-03-31T12:03:43","modified_gmt":"2026-03-31T10:03:43","slug":"steve-hackett-once-above-a-time-dvd","status":"publish","type":"product","link":"https:\/\/gr1993records.com\/index.php\/product\/steve-hackett-once-above-a-time-dvd\/","title":{"rendered":"Steve Hackett <br\/>Once Above a Time <br\/>(DVD)"},"content":{"rendered":"<p>[vc_row][vc_column][vc_column_text]Steve Hackett 2004-es budapesti koncertje DVD-n.<br \/>\nA Gramy Records koncert DVD-n jelentette meg a Steve Hackett Band 2004. \u00e1prilis 3-\u00e1n r\u00f6gz\u00edtett budapesti koncertj\u00e9t.<br \/>\nA fergeteges koncert anyaga \u00e1tfogja Steve teljes \u00e9letm\u0171v\u00e9t. A korai Genesis \u00e9vekt\u0151l kezdve, sz\u00f3l\u00f3p\u00e1ly\u00e1ja legjobb darabj\u00e1n \u00e1t a vadonat\u00faj To Watch the Storms album kompoz\u00edci\u00f3i adj\u00e1k a nagyon v\u00e1ltozatos koncertfilm anyag\u00e1t.<br \/>\nA kritika \u00e9s Steve szerint is minden eddig megjelent filmje k\u00f6zel a legjobb koncertfilmj\u00e9t k\u00e9sz\u00edtette el \u00c9gerh\u00e1zi Attila, aki a kor\u00e1bbi akusztikus, Hungarian Horizons DVD-t is jegyzi producerk\u00e9nt \u00e9s rendez\u0151k\u00e9nt is.[\/vc_column_text][vc_separator][vc_column_text]<strong>A lemezen szerepl\u0151 el\u0151ad\u00f3k<\/strong><br \/>\nSteve Hackett &#8211; git\u00e1r, \u00e9nek<br \/>\nRoger King &#8211; billenty\u0171s hangszerek<br \/>\nRob Townsend &#8211; szaxofon, fuvola, \u00fct\u0151hangszerek, vok\u00e1l<br \/>\nTerry Gregory &#8211; basszusgit\u00e1r, vok\u00e1l<br \/>\nGary O&#8217;Toole &#8211; \u00e9nek, dob, \u00fct\u0151hangszerek[\/vc_column_text][vc_separator][vc_video link=&#8221;https:\/\/www.youtube.com\/watch?v=mLTlAnVUx3A&#8221; align=&#8221;center&#8221;][\/vc_column][\/vc_row]<\/p>","protected":false},"excerpt":{"rendered":"<p>A Gramy Records DVD-n jelentette meg a Steve Hackett Band 2004. \u00e1prilis 3-\u00e1n r\u00f6gz\u00edtett budapesti koncertj\u00e9t. A fergeteges koncert anyaga \u00e1tfogja Steve teljes \u00e9letm\u0171v\u00e9t. A korai Genesis \u00e9vekt\u0151l kezdve, sz\u00f3l\u00f3p\u00e1ly\u00e1ja legjobb darabjain \u00e1t a vadonat\u00faj To Watch the Storms album kompoz\u00edci\u00f3i adj\u00e1k a nagyon v\u00e1ltozatos koncertfilm anyag\u00e1t.<\/p>\n","protected":false},"featured_media":5283,"template":"","meta":[],"product_brand":[],"product_cat":[93],"product_tag":[],"class_list":{"0":"post-5281","1":"product","2":"type-product","3":"status-publish","4":"has-post-thumbnail","6":"product_cat-dvd","7":"yith_product_brand-steve-hackett","8":"col-12 col-sm-6 col-md-4","10":"first","11":"instock","12":"sale","13":"shipping-taxable","14":"purchasable","15":"product-type-simple"},"yoast_head":"<!-- This site is optimized with the Yoast SEO plugin v27.2 - https:\/\/yoast.com\/product\/yoast-seo-wordpress\/ -->\n<title>Steve Hackett Once Above a Time (DVD) &#8211; GR1993 Records<\/title>\n<meta name=\"robots\" content=\"index, follow, max-snippet:-1, max-image-preview:large, max-video-preview:-1\" \/>\n<link rel=\"canonical\" href=\"https:\/\/gr1993records.com\/index.php\/product\/steve-hackett-once-above-a-time-dvd\/\" \/>\n<meta property=\"og:locale\" content=\"hu_HU\" \/>\n<meta property=\"og:type\" content=\"article\" \/>\n<meta property=\"og:title\" content=\"Steve Hackett Once Above a Time (DVD) &#8211; GR1993 Records\" \/>\n<meta property=\"og:description\" content=\"[:hu]A Gramy Records DVD-n jelentette meg a Steve Hackett Band 2004. \u00e1prilis 3-\u00e1n r\u00f6gz\u00edtett budapesti koncertj\u00e9t. A fergeteges koncert anyaga \u00e1tfogja Steve teljes \u00e9letm\u0171v\u00e9t. A korai Genesis \u00e9vekt\u0151l kezdve, sz\u00f3l\u00f3p\u00e1ly\u00e1ja legjobb darabjain \u00e1t a vadonat\u00faj To Watch the Storms album kompoz\u00edci\u00f3i adj\u00e1k a nagyon v\u00e1ltozatos koncertfilm anyag\u00e1t.[:en]This concert was recorded in Budapest in April 2004, that year on the final show of the European tour in support of Hackett\u2019s album &quot;To Watch The Storms&quot;.[:]\" \/>\n<meta property=\"og:url\" content=\"https:\/\/gr1993records.com\/index.php\/product\/steve-hackett-once-above-a-time-dvd\/\" \/>\n<meta property=\"og:site_name\" content=\"GR1993 Records\" \/>\n<meta property=\"article:publisher\" content=\"https:\/\/www.facebook.com\/GR1993Records-113564886691383\/\" \/>\n<meta property=\"article:modified_time\" content=\"2026-03-31T10:03:43+00:00\" \/>\n<meta property=\"og:image\" content=\"https:\/\/gr1993records.com\/wp-content\/uploads\/2019\/10\/kiadvany_steve_hackett_OAAT_DVD_front-1.jpg\" \/>\n\t<meta property=\"og:image:width\" content=\"1000\" \/>\n\t<meta property=\"og:image:height\" content=\"1000\" \/>\n\t<meta property=\"og:image:type\" content=\"image\/jpeg\" \/>\n<meta name=\"twitter:card\" content=\"summary_large_image\" \/>\n<meta name=\"twitter:label1\" content=\"Becs\u00fclt olvas\u00e1si id\u0151\" \/>\n\t<meta name=\"twitter:data1\" content=\"2 perc\" \/>\n<script type=\"application\/ld+json\" class=\"yoast-schema-graph\">{\"@context\":\"https:\/\/schema.org\",\"@graph\":[{\"@type\":\"WebPage\",\"@id\":\"https:\/\/gr1993records.com\/index.php\/product\/steve-hackett-once-above-a-time-dvd\/\",\"url\":\"https:\/\/gr1993records.com\/index.php\/product\/steve-hackett-once-above-a-time-dvd\/\",\"name\":\"Steve Hackett Once Above a Time (DVD) &#8211; GR1993 Records\",\"isPartOf\":{\"@id\":\"https:\/\/gr1993records.com\/#website\"},\"primaryImageOfPage\":{\"@id\":\"https:\/\/gr1993records.com\/index.php\/product\/steve-hackett-once-above-a-time-dvd\/#primaryimage\"},\"image\":{\"@id\":\"https:\/\/gr1993records.com\/index.php\/product\/steve-hackett-once-above-a-time-dvd\/#primaryimage\"},\"thumbnailUrl\":\"https:\/\/gr1993records.com\/wp-content\/uploads\/2019\/10\/kiadvany_steve_hackett_OAAT_DVD_front-1.jpg\",\"datePublished\":\"2019-10-02T15:33:56+00:00\",\"dateModified\":\"2026-03-31T10:03:43+00:00\",\"breadcrumb\":{\"@id\":\"https:\/\/gr1993records.com\/index.php\/product\/steve-hackett-once-above-a-time-dvd\/#breadcrumb\"},\"inLanguage\":\"hu\",\"potentialAction\":[{\"@type\":\"ReadAction\",\"target\":[\"https:\/\/gr1993records.com\/index.php\/product\/steve-hackett-once-above-a-time-dvd\/\"]}]},{\"@type\":\"ImageObject\",\"inLanguage\":\"hu\",\"@id\":\"https:\/\/gr1993records.com\/index.php\/product\/steve-hackett-once-above-a-time-dvd\/#primaryimage\",\"url\":\"https:\/\/gr1993records.com\/wp-content\/uploads\/2019\/10\/kiadvany_steve_hackett_OAAT_DVD_front-1.jpg\",\"contentUrl\":\"https:\/\/gr1993records.com\/wp-content\/uploads\/2019\/10\/kiadvany_steve_hackett_OAAT_DVD_front-1.jpg\",\"width\":1000,\"height\":1000,\"caption\":\"Steve Hackett \u2013 Once Above a Time (DVD) cover\"},{\"@type\":\"BreadcrumbList\",\"@id\":\"https:\/\/gr1993records.com\/index.php\/product\/steve-hackett-once-above-a-time-dvd\/#breadcrumb\",\"itemListElement\":[{\"@type\":\"ListItem\",\"position\":1,\"name\":\"Home\",\"item\":\"https:\/\/gr1993records.com\/\"},{\"@type\":\"ListItem\",\"position\":2,\"name\":\"Kiadv\u00e1nyok\",\"item\":\"https:\/\/gr1993records.com\/index.php\/shop\/\"},{\"@type\":\"ListItem\",\"position\":3,\"name\":\"Steve Hackett Once Above a Time (DVD)\"}]},{\"@type\":\"WebSite\",\"@id\":\"https:\/\/gr1993records.com\/#website\",\"url\":\"https:\/\/gr1993records.com\/\",\"name\":\"GR1993 Records\",\"description\":\"\",\"publisher\":{\"@id\":\"https:\/\/gr1993records.com\/#organization\"},\"potentialAction\":[{\"@type\":\"SearchAction\",\"target\":{\"@type\":\"EntryPoint\",\"urlTemplate\":\"https:\/\/gr1993records.com\/?s={search_term_string}\"},\"query-input\":{\"@type\":\"PropertyValueSpecification\",\"valueRequired\":true,\"valueName\":\"search_term_string\"}}],\"inLanguage\":\"hu\"},{\"@type\":\"Organization\",\"@id\":\"https:\/\/gr1993records.com\/#organization\",\"name\":\"Gramy-H Ltd.\",\"url\":\"https:\/\/gr1993records.com\/\",\"logo\":{\"@type\":\"ImageObject\",\"inLanguage\":\"hu\",\"@id\":\"https:\/\/gr1993records.com\/#\/schema\/logo\/image\/\",\"url\":\"https:\/\/gr1993records.com\/wp-content\/uploads\/2019\/08\/GR1993_Records_logo_CC.png\",\"contentUrl\":\"https:\/\/gr1993records.com\/wp-content\/uploads\/2019\/08\/GR1993_Records_logo_CC.png\",\"width\":2900,\"height\":2001,\"caption\":\"Gramy-H Ltd.\"},\"image\":{\"@id\":\"https:\/\/gr1993records.com\/#\/schema\/logo\/image\/\"},\"sameAs\":[\"https:\/\/www.facebook.com\/GR1993Records-113564886691383\/\"]}]}<\/script>\n<!-- \/ Yoast SEO plugin. -->","yoast_head_json":{"title":"Steve Hackett Once Above a Time (DVD) &#8211; GR1993 Records","robots":{"index":"index","follow":"follow","max-snippet":"max-snippet:-1","max-image-preview":"max-image-preview:large","max-video-preview":"max-video-preview:-1"},"canonical":"https:\/\/gr1993records.com\/index.php\/product\/steve-hackett-once-above-a-time-dvd\/","og_locale":"hu_HU","og_type":"article","og_title":"Steve Hackett Once Above a Time (DVD) &#8211; GR1993 Records","og_description":"[:hu]A Gramy Records DVD-n jelentette meg a Steve Hackett Band 2004. \u00e1prilis 3-\u00e1n r\u00f6gz\u00edtett budapesti koncertj\u00e9t. A fergeteges koncert anyaga \u00e1tfogja Steve teljes \u00e9letm\u0171v\u00e9t. A korai Genesis \u00e9vekt\u0151l kezdve, sz\u00f3l\u00f3p\u00e1ly\u00e1ja legjobb darabjain \u00e1t a vadonat\u00faj To Watch the Storms album kompoz\u00edci\u00f3i adj\u00e1k a nagyon v\u00e1ltozatos koncertfilm anyag\u00e1t.[:en]This concert was recorded in Budapest in April 2004, that year on the final show of the European tour in support of Hackett\u2019s album \"To Watch The Storms\".[:]","og_url":"https:\/\/gr1993records.com\/index.php\/product\/steve-hackett-once-above-a-time-dvd\/","og_site_name":"GR1993 Records","article_publisher":"https:\/\/www.facebook.com\/GR1993Records-113564886691383\/","article_modified_time":"2026-03-31T10:03:43+00:00","og_image":[{"width":1000,"height":1000,"url":"https:\/\/gr1993records.com\/wp-content\/uploads\/2019\/10\/kiadvany_steve_hackett_OAAT_DVD_front-1.jpg","type":"image\/jpeg"}],"twitter_card":"summary_large_image","twitter_misc":{"Becs\u00fclt olvas\u00e1si id\u0151":"2 perc"},"schema":{"@context":"https:\/\/schema.org","@graph":[{"@type":"WebPage","@id":"https:\/\/gr1993records.com\/index.php\/product\/steve-hackett-once-above-a-time-dvd\/","url":"https:\/\/gr1993records.com\/index.php\/product\/steve-hackett-once-above-a-time-dvd\/","name":"Steve Hackett Once Above a Time (DVD) &#8211; GR1993 Records","isPartOf":{"@id":"https:\/\/gr1993records.com\/#website"},"primaryImageOfPage":{"@id":"https:\/\/gr1993records.com\/index.php\/product\/steve-hackett-once-above-a-time-dvd\/#primaryimage"},"image":{"@id":"https:\/\/gr1993records.com\/index.php\/product\/steve-hackett-once-above-a-time-dvd\/#primaryimage"},"thumbnailUrl":"https:\/\/gr1993records.com\/wp-content\/uploads\/2019\/10\/kiadvany_steve_hackett_OAAT_DVD_front-1.jpg","datePublished":"2019-10-02T15:33:56+00:00","dateModified":"2026-03-31T10:03:43+00:00","breadcrumb":{"@id":"https:\/\/gr1993records.com\/index.php\/product\/steve-hackett-once-above-a-time-dvd\/#breadcrumb"},"inLanguage":"hu","potentialAction":[{"@type":"ReadAction","target":["https:\/\/gr1993records.com\/index.php\/product\/steve-hackett-once-above-a-time-dvd\/"]}]},{"@type":"ImageObject","inLanguage":"hu","@id":"https:\/\/gr1993records.com\/index.php\/product\/steve-hackett-once-above-a-time-dvd\/#primaryimage","url":"https:\/\/gr1993records.com\/wp-content\/uploads\/2019\/10\/kiadvany_steve_hackett_OAAT_DVD_front-1.jpg","contentUrl":"https:\/\/gr1993records.com\/wp-content\/uploads\/2019\/10\/kiadvany_steve_hackett_OAAT_DVD_front-1.jpg","width":1000,"height":1000,"caption":"Steve Hackett \u2013 Once Above a Time (DVD) cover"},{"@type":"BreadcrumbList","@id":"https:\/\/gr1993records.com\/index.php\/product\/steve-hackett-once-above-a-time-dvd\/#breadcrumb","itemListElement":[{"@type":"ListItem","position":1,"name":"Home","item":"https:\/\/gr1993records.com\/"},{"@type":"ListItem","position":2,"name":"Kiadv\u00e1nyok","item":"https:\/\/gr1993records.com\/index.php\/shop\/"},{"@type":"ListItem","position":3,"name":"Steve Hackett Once Above a Time (DVD)"}]},{"@type":"WebSite","@id":"https:\/\/gr1993records.com\/#website","url":"https:\/\/gr1993records.com\/","name":"GR1993 Records","description":"","publisher":{"@id":"https:\/\/gr1993records.com\/#organization"},"potentialAction":[{"@type":"SearchAction","target":{"@type":"EntryPoint","urlTemplate":"https:\/\/gr1993records.com\/?s={search_term_string}"},"query-input":{"@type":"PropertyValueSpecification","valueRequired":true,"valueName":"search_term_string"}}],"inLanguage":"hu"},{"@type":"Organization","@id":"https:\/\/gr1993records.com\/#organization","name":"Gramy-H Ltd.","url":"https:\/\/gr1993records.com\/","logo":{"@type":"ImageObject","inLanguage":"hu","@id":"https:\/\/gr1993records.com\/#\/schema\/logo\/image\/","url":"https:\/\/gr1993records.com\/wp-content\/uploads\/2019\/08\/GR1993_Records_logo_CC.png","contentUrl":"https:\/\/gr1993records.com\/wp-content\/uploads\/2019\/08\/GR1993_Records_logo_CC.png","width":2900,"height":2001,"caption":"Gramy-H Ltd."},"image":{"@id":"https:\/\/gr1993records.com\/#\/schema\/logo\/image\/"},"sameAs":["https:\/\/www.facebook.com\/GR1993Records-113564886691383\/"]}]}},"jetpack_sharing_enabled":true,"_links":{"self":[{"href":"https:\/\/gr1993records.com\/index.php\/wp-json\/wp\/v2\/product\/5281","targetHints":{"allow":["GET"]}}],"collection":[{"href":"https:\/\/gr1993records.com\/index.php\/wp-json\/wp\/v2\/product"}],"about":[{"href":"https:\/\/gr1993records.com\/index.php\/wp-json\/wp\/v2\/types\/product"}],"wp:featuredmedia":[{"embeddable":true,"href":"https:\/\/gr1993records.com\/index.php\/wp-json\/wp\/v2\/media\/5283"}],"wp:attachment":[{"href":"https:\/\/gr1993records.com\/index.php\/wp-json\/wp\/v2\/media?parent=5281"}],"wp:term":[{"taxonomy":"product_brand","embeddable":true,"href":"https:\/\/gr1993records.com\/index.php\/wp-json\/wp\/v2\/product_brand?post=5281"},{"taxonomy":"product_cat","embeddable":true,"href":"https:\/\/gr1993records.com\/index.php\/wp-json\/wp\/v2\/product_cat?post=5281"},{"taxonomy":"product_tag","embeddable":true,"href":"https:\/\/gr1993records.com\/index.php\/wp-json\/wp\/v2\/product_tag?post=5281"}],"curies":[{"name":"wp","href":"https:\/\/api.w.org\/{rel}","templated":true}]}}