{"id":5248,"date":"2019-09-26T09:23:40","date_gmt":"2019-09-26T09:23:40","guid":{"rendered":"http:\/\/gr1993records.com\/?post_type=product&#038;p=5248"},"modified":"2026-03-31T12:04:00","modified_gmt":"2026-03-31T10:04:00","slug":"djabe-es-a-miskolci-szimfonikus-zenekar-forward-live-2lp","status":"publish","type":"product","link":"https:\/\/gr1993records.com\/index.php\/product\/djabe-es-a-miskolci-szimfonikus-zenekar-forward-live-2lp\/","title":{"rendered":"Djabe \u00e9s a Miskolci <br\/>Szimfonikus Zenekar <br\/>Forward Live <br\/>(2LP)"},"content":{"rendered":"<p>[vc_row][vc_column][vc_column_text]<\/p>\n<p class=\"western\">A Djabe zenekar 2014-ben jelentette meg Forward c\u00edmmel a Miskolci Szimfonikus Zenekarral k\u00f6z\u00f6sen k\u00e9sz\u00edtett album\u00e1t. A kritika \u00e9s a hallgat\u00f3k szerint is a zenekar p\u00e1lyafut\u00e1s\u00e1nak legnagyobb szab\u00e1s\u00fa m\u0171ve k\u00e9sz\u00fclt el. A lemez egyik legf\u0151bb er\u00e9nye, hogy olyan kompoz\u00edci\u00f3k sz\u00fclettek, ahol a szimfonikus zenekar \u00e9s a Djabe megsz\u00f3lal\u00e1sban egyenrang\u00fa partnerek, a k\u00e9t zenei vil\u00e1g teljesen kieg\u00e9sz\u00edti egym\u00e1st, egy\u00fctt k\u00e9peznek egy \u00faj egys\u00e9get. Sokak szerint ez az eddig k\u00e9sz\u00fclt legjobb Djabe lemez.<br \/>\nA m\u0171veket Barab\u00e1s Tam\u00e1s \u00e9s \u00c9gerh\u00e1zi Attila jegyzik, a szimfonikus r\u00e9szeket Barab\u00e1s Tam\u00e1s \u00edrta, a szimfonikusok hangszerel\u00e9s\u00e9t Kov\u00e1cs Zolt\u00e1n k\u00e9sz\u00edtette el.<br \/>\nAz album koncert bemutat\u00f3j\u00e1ra 2015. november 10-\u00e9n ker\u00fclt sor Budapesten a M\u0171v\u00e9szetek Palot\u00e1ja, Bart\u00f3k B\u00e9la Nemzeti Hangversenyterm\u00e9ben. A Djabe \u00e9s a Miskolci Szimfonikus Zenekar a teljes albumot elj\u00e1tszotta. A karmester Rem\u00e9nyi J\u00f3zsef volt.\u00a0A Forward album anyaga mellett, a koncert m\u0171sor\u00e1t k\u00e9t \u00f3r\u00e1sra kieg\u00e9sz\u00edtend\u0151, Barab\u00e1s Tam\u00e1s szimfonikus verzi\u00f3ban \u00fajra\u00e9rtelmezte J\u00e9gvil\u00e1g c\u00edm\u0171 kompoz\u00edci\u00f3j\u00e1t, \u00e9s sz\u00fcletett egy egyveleg r\u00e9gebbi Djabe sz\u00e1mokb\u00f3l, szint\u00e9n a szimfonikusokkal kieg\u00e9sz\u00fclve.<br \/>\nA st\u00fadi\u00f3 felv\u00e9telen t\u00f6bb vend\u00e9gzen\u00e9sz is j\u00e1tszott, akik k\u00f6z\u00fcl szerep\u00fckben a k\u00e9t legjelent\u0151sebb muzsikus, az azerbajdzs\u00e1ni taros Malik Mansurov, \u00e9s a hazai tabl\u00e1s M\u00f3ty\u00e1n Tibor szint\u00e9n ott volt az el\u0151ad\u00e1son.\u00a0A koncert k\u00e9tf\u00e9le kiadv\u00e1nyban is hozz\u00e1f\u00e9rhet\u0151. A vinyl v\u00e1ltozat Eur\u00f3pa legjobb hanglemezgy\u00e1r\u00e1ban a hollandiai Record Industryban k\u00e9sz\u00fclt. A dupla 180 grammos fekete korongok a lehet\u0151 legjobb audiofil min\u0151s\u00e9gben adj\u00e1k vissza a koncert hangz\u00e1s\u00e1t. A kihajthat\u00f3 (gatefold) bor\u00edt\u00f3n gazdag k\u00e9panyaggal illusztr\u00e1lva olvashatunk az album \u00e9s a koncert t\u00f6rt\u00e9net\u00e9r\u0151l. A lemezeket antisztatikus m\u0171anyagb\u00e9l\u00e9s\u0171 tasak v\u00e9di (poly inner bag).<\/p>\n<p>[\/vc_column_text][vc_separator][vc_column_text]<\/p>\n<p class=\"western\"><b>A koncerten k\u00f6zrem\u0171k\u00f6d\u00f6tt el\u0151ad\u00f3k:<\/b><br \/>\nMiskolci Szimfonikus Zenekar<br \/>\nBarab\u00e1s Tam\u00e1s \u2013 basszusgit\u00e1r<br \/>\n\u00c9gerh\u00e1zi Attila \u2013 git\u00e1r, \u00fct\u0151hangszerek<br \/>\nKov\u00e1cs Zolt\u00e1n \u2013 billenty\u0171s hangszerek<br \/>\nMalik Mansurov \u2013 tar<br \/>\nKov\u00e1cs Ferenc \u2013 trombita, heged\u0171, \u00e9nek<br \/>\nBanai Szil\u00e1rd \u2013 dob<br \/>\nM\u00f3ty\u00e1n Tibor \u2013 tabla, \u00fct\u0151hangszerek<\/p>\n<p>[\/vc_column_text][vc_separator][vc_column_text]<\/p>\n<p class=\"western\"><strong><a href=\"http:\/\/gr1993records.magex.hu\/index.php\/quality-vinyl-projects\/\">Quality Vinyl Projects kiadv\u00e1ny<\/a><\/strong><\/p>\n<p class=\"western\">Az album a fizikai hanghordoz\u00f3k k\u00f6z\u00fcl kiz\u00e1r\u00f3lag vinyl lemezen jelent meg. A kiad\u00e1st \u00e9s a gy\u00e1rt\u00e1st a Gramy-H Kft Quality Vinyl Projects szolg\u00e1ltat\u00e1sa koordin\u00e1lta. A QVP l\u00e9nyege, hogy kiz\u00e1r\u00f3lag kiv\u00e1l\u00f3 min\u0151s\u00e9g\u0171 maszterek felhaszn\u00e1l\u00e1s\u00e1val, Eur\u00f3pa legjobb v\u00e1g\u00f3 m\u0171helyeiben k\u00e9sz\u00edtett mesterlemezekr\u0151l, a kontinens legjobb min\u0151s\u00e9gben dolgoz\u00f3 gy\u00e1r\u00e1ban, a holland Record Industryban k\u00e9sz\u00fcl a sorozatgy\u00e1rt\u00e1s. A lemezek a Music On Vinyl sorozatn\u00e1l megszokott dombornyomott, ez\u00fattal QVP log\u00f3val, vastag k\u00fcls\u0151 \u00e1tl\u00e1tsz\u00f3 m\u0171anyag borit\u00f3ban ker\u00fclnek forgalomba. A Quality Vinyl Projects min\u0151s\u00e9g\u00e9t a nemzetk\u00f6zileg elismert Djabe kiadv\u00e1nyok f\u00e9mjelezt\u00e9k eddig, de mostant\u00f3l m\u00e1s zenekarok sz\u00e1m\u00e1ra is el\u00e9rhet\u0151 a szolg\u00e1ltat\u00e1s a felv\u00e9tel k\u00e9sz\u00edt\u00e9st\u0151l, a kever\u00e9sen \u00e9s az anal\u00f3g maszteren \u00e1t, a v\u00e1g\u00e1s \u00e9s gy\u00e1rt\u00e1s minden f\u00e1zis\u00e1ig.<\/p>\n<p>[\/vc_column_text][vc_btn title=&#8221;Tov\u00e1bb a szolg\u00e1ltat\u00e1s oldal\u00e1ra&#8221; style=&#8221;outline-custom&#8221; outline_custom_color=&#8221;#005681&#8243; outline_custom_hover_background=&#8221;#005681&#8243; outline_custom_hover_text=&#8221;#ffffff&#8221; shape=&#8221;square&#8221; link=&#8221;url:http%3A%2F%2Fgr1993records.com%2Findex.php%2Fquality-vinyl-projects%2F|title:Quality%20Vinyl%20Projects|target:%20_blank|&#8221; el_class=&#8221;qvp-btn&#8221;][vc_separator][vc_video link=&#8221;https:\/\/youtu.be\/hQtRsmLW5ig&#8221; align=&#8221;center&#8221;][\/vc_column][\/vc_row]<\/p>","protected":false},"excerpt":{"rendered":"<p>A Djabe zenekar 2014-ben jelentette meg Forward c\u00edmmel a Miskolci Szimfonikus Zenekarral k\u00f6z\u00f6sen k\u00e9sz\u00edtett album\u00e1t. A kritika \u00e9s a hallgat\u00f3k szerint is a zenekar p\u00e1lyafut\u00e1s\u00e1nak legnagyobb szab\u00e1s\u00fa m\u0171ve k\u00e9sz\u00fclt el. A lemez egyik legf\u0151bb er\u00e9nye, hogy olyan kompoz\u00edci\u00f3k sz\u00fclettek, ahol a szimfonikus zenekar \u00e9s a Djabe megsz\u00f3lal\u00e1sban egyenrang\u00fa partnerek, a k\u00e9t zenei vil\u00e1g teljesen kieg\u00e9sz\u00edti egym\u00e1st, egy\u00fctt k\u00e9peznek egy \u00faj egys\u00e9get. Az album koncert bemutat\u00f3j\u00e1ra 2015. november 10-\u00e9n ker\u00fclt sor Budapesten a M\u00dcPA, Bart\u00f3k B\u00e9la Nemzeti Hangversenyterm\u00e9ben.<\/p>\n","protected":false},"featured_media":5247,"template":"","meta":[],"product_brand":[],"product_cat":[91],"product_tag":[],"class_list":{"0":"post-5248","1":"product","2":"type-product","3":"status-publish","4":"has-post-thumbnail","6":"product_cat-lp","7":"yith_product_brand-djabe","8":"col-12 col-sm-6 col-md-4","10":"first","11":"instock","12":"sale","13":"shipping-taxable","14":"purchasable","15":"product-type-simple"},"yoast_head":"<!-- This site is optimized with the Yoast SEO plugin v27.2 - https:\/\/yoast.com\/product\/yoast-seo-wordpress\/ -->\n<title>Djabe \u00e9s a Miskolci Szimfonikus Zenekar Forward Live (2LP) &#8211; GR1993 Records<\/title>\n<meta name=\"robots\" content=\"index, follow, max-snippet:-1, max-image-preview:large, max-video-preview:-1\" \/>\n<link rel=\"canonical\" href=\"https:\/\/gr1993records.com\/index.php\/product\/djabe-es-a-miskolci-szimfonikus-zenekar-forward-live-2lp\/\" \/>\n<meta property=\"og:locale\" content=\"hu_HU\" \/>\n<meta property=\"og:type\" content=\"article\" \/>\n<meta property=\"og:title\" content=\"Djabe \u00e9s a Miskolci Szimfonikus Zenekar Forward Live (2LP) &#8211; GR1993 Records\" \/>\n<meta property=\"og:description\" content=\"[:hu]A Djabe zenekar 2014-ben jelentette meg Forward c\u00edmmel a Miskolci Szimfonikus Zenekarral k\u00f6z\u00f6sen k\u00e9sz\u00edtett album\u00e1t. A kritika \u00e9s a hallgat\u00f3k szerint is a zenekar p\u00e1lyafut\u00e1s\u00e1nak legnagyobb szab\u00e1s\u00fa m\u0171ve k\u00e9sz\u00fclt el. A lemez egyik legf\u0151bb er\u00e9nye, hogy olyan kompoz\u00edci\u00f3k sz\u00fclettek, ahol a szimfonikus zenekar \u00e9s a Djabe megsz\u00f3lal\u00e1sban egyenrang\u00fa partnerek, a k\u00e9t zenei vil\u00e1g teljesen kieg\u00e9sz\u00edti egym\u00e1st, egy\u00fctt k\u00e9peznek egy \u00faj egys\u00e9get. Az album koncert bemutat\u00f3j\u00e1ra 2015. november 10-\u00e9n ker\u00fclt sor Budapesten a M\u00dcPA, Bart\u00f3k B\u00e9la Nemzeti Hangversenyterm\u00e9ben.[:en]Djabe released Forward in 2014, an album made with the inclusion of the Hungarian Symphony Orchestra Miskolc. Many claim Forward is the best ever album released by the band. Compositions made by Tam\u00e1s Barab\u00e1s and Attila \u00c9gerh\u00e1zi, symphonic sections were written by Tam\u00e1s Barab\u00e1s and orchestrated by Zolt\u00e1n Kov\u00e1cs. Album premiere was held at the B\u00e9la Bart\u00f3k Music Hall of M\u00fcpa Budapest, on 10th of November, 2015, with the complete album performed by the band and the HSOM, conducted by J\u00f3zsef Rem\u00e9nyi.[:]\" \/>\n<meta property=\"og:url\" content=\"https:\/\/gr1993records.com\/index.php\/product\/djabe-es-a-miskolci-szimfonikus-zenekar-forward-live-2lp\/\" \/>\n<meta property=\"og:site_name\" content=\"GR1993 Records\" \/>\n<meta property=\"article:publisher\" content=\"https:\/\/www.facebook.com\/GR1993Records-113564886691383\/\" \/>\n<meta property=\"article:modified_time\" content=\"2026-03-31T10:04:00+00:00\" \/>\n<meta property=\"og:image\" content=\"https:\/\/gr1993records.com\/wp-content\/uploads\/2019\/09\/kiadvany_djabe_forward_live_2LP_front.jpg\" \/>\n\t<meta property=\"og:image:width\" content=\"1000\" \/>\n\t<meta property=\"og:image:height\" content=\"1000\" \/>\n\t<meta property=\"og:image:type\" content=\"image\/jpeg\" \/>\n<meta name=\"twitter:card\" content=\"summary_large_image\" \/>\n<meta name=\"twitter:label1\" content=\"Becs\u00fclt olvas\u00e1si id\u0151\" \/>\n\t<meta name=\"twitter:data1\" content=\"6 perc\" \/>\n<script type=\"application\/ld+json\" class=\"yoast-schema-graph\">{\"@context\":\"https:\/\/schema.org\",\"@graph\":[{\"@type\":\"WebPage\",\"@id\":\"https:\/\/gr1993records.com\/index.php\/product\/djabe-es-a-miskolci-szimfonikus-zenekar-forward-live-2lp\/\",\"url\":\"https:\/\/gr1993records.com\/index.php\/product\/djabe-es-a-miskolci-szimfonikus-zenekar-forward-live-2lp\/\",\"name\":\"Djabe \u00e9s a Miskolci Szimfonikus Zenekar Forward Live (2LP) &#8211; GR1993 Records\",\"isPartOf\":{\"@id\":\"https:\/\/gr1993records.com\/#website\"},\"primaryImageOfPage\":{\"@id\":\"https:\/\/gr1993records.com\/index.php\/product\/djabe-es-a-miskolci-szimfonikus-zenekar-forward-live-2lp\/#primaryimage\"},\"image\":{\"@id\":\"https:\/\/gr1993records.com\/index.php\/product\/djabe-es-a-miskolci-szimfonikus-zenekar-forward-live-2lp\/#primaryimage\"},\"thumbnailUrl\":\"https:\/\/gr1993records.com\/wp-content\/uploads\/2019\/09\/kiadvany_djabe_forward_live_2LP_front.jpg\",\"datePublished\":\"2019-09-26T09:23:40+00:00\",\"dateModified\":\"2026-03-31T10:04:00+00:00\",\"breadcrumb\":{\"@id\":\"https:\/\/gr1993records.com\/index.php\/product\/djabe-es-a-miskolci-szimfonikus-zenekar-forward-live-2lp\/#breadcrumb\"},\"inLanguage\":\"hu\",\"potentialAction\":[{\"@type\":\"ReadAction\",\"target\":[\"https:\/\/gr1993records.com\/index.php\/product\/djabe-es-a-miskolci-szimfonikus-zenekar-forward-live-2lp\/\"]}]},{\"@type\":\"ImageObject\",\"inLanguage\":\"hu\",\"@id\":\"https:\/\/gr1993records.com\/index.php\/product\/djabe-es-a-miskolci-szimfonikus-zenekar-forward-live-2lp\/#primaryimage\",\"url\":\"https:\/\/gr1993records.com\/wp-content\/uploads\/2019\/09\/kiadvany_djabe_forward_live_2LP_front.jpg\",\"contentUrl\":\"https:\/\/gr1993records.com\/wp-content\/uploads\/2019\/09\/kiadvany_djabe_forward_live_2LP_front.jpg\",\"width\":1000,\"height\":1000,\"caption\":\"Djabe \u2013 Forward Live (2LP) cover\"},{\"@type\":\"BreadcrumbList\",\"@id\":\"https:\/\/gr1993records.com\/index.php\/product\/djabe-es-a-miskolci-szimfonikus-zenekar-forward-live-2lp\/#breadcrumb\",\"itemListElement\":[{\"@type\":\"ListItem\",\"position\":1,\"name\":\"Home\",\"item\":\"https:\/\/gr1993records.com\/\"},{\"@type\":\"ListItem\",\"position\":2,\"name\":\"Kiadv\u00e1nyok\",\"item\":\"https:\/\/gr1993records.com\/index.php\/shop\/\"},{\"@type\":\"ListItem\",\"position\":3,\"name\":\"[:hu]Djabe \u00e9s a Miskolci Szimfonikus Zenekar Forward Live (2LP)[:en]Djabe and the Hungarian Symphony Orchestra Miskolc Forward Live (2LP)[:]\"}]},{\"@type\":\"WebSite\",\"@id\":\"https:\/\/gr1993records.com\/#website\",\"url\":\"https:\/\/gr1993records.com\/\",\"name\":\"GR1993 Records\",\"description\":\"\",\"publisher\":{\"@id\":\"https:\/\/gr1993records.com\/#organization\"},\"potentialAction\":[{\"@type\":\"SearchAction\",\"target\":{\"@type\":\"EntryPoint\",\"urlTemplate\":\"https:\/\/gr1993records.com\/?s={search_term_string}\"},\"query-input\":{\"@type\":\"PropertyValueSpecification\",\"valueRequired\":true,\"valueName\":\"search_term_string\"}}],\"inLanguage\":\"hu\"},{\"@type\":\"Organization\",\"@id\":\"https:\/\/gr1993records.com\/#organization\",\"name\":\"Gramy-H Ltd.\",\"url\":\"https:\/\/gr1993records.com\/\",\"logo\":{\"@type\":\"ImageObject\",\"inLanguage\":\"hu\",\"@id\":\"https:\/\/gr1993records.com\/#\/schema\/logo\/image\/\",\"url\":\"https:\/\/gr1993records.com\/wp-content\/uploads\/2019\/08\/GR1993_Records_logo_CC.png\",\"contentUrl\":\"https:\/\/gr1993records.com\/wp-content\/uploads\/2019\/08\/GR1993_Records_logo_CC.png\",\"width\":2900,\"height\":2001,\"caption\":\"Gramy-H Ltd.\"},\"image\":{\"@id\":\"https:\/\/gr1993records.com\/#\/schema\/logo\/image\/\"},\"sameAs\":[\"https:\/\/www.facebook.com\/GR1993Records-113564886691383\/\"]}]}<\/script>\n<!-- \/ Yoast SEO plugin. -->","yoast_head_json":{"title":"Djabe \u00e9s a Miskolci Szimfonikus Zenekar Forward Live (2LP) &#8211; GR1993 Records","robots":{"index":"index","follow":"follow","max-snippet":"max-snippet:-1","max-image-preview":"max-image-preview:large","max-video-preview":"max-video-preview:-1"},"canonical":"https:\/\/gr1993records.com\/index.php\/product\/djabe-es-a-miskolci-szimfonikus-zenekar-forward-live-2lp\/","og_locale":"hu_HU","og_type":"article","og_title":"Djabe \u00e9s a Miskolci Szimfonikus Zenekar Forward Live (2LP) &#8211; GR1993 Records","og_description":"[:hu]A Djabe zenekar 2014-ben jelentette meg Forward c\u00edmmel a Miskolci Szimfonikus Zenekarral k\u00f6z\u00f6sen k\u00e9sz\u00edtett album\u00e1t. A kritika \u00e9s a hallgat\u00f3k szerint is a zenekar p\u00e1lyafut\u00e1s\u00e1nak legnagyobb szab\u00e1s\u00fa m\u0171ve k\u00e9sz\u00fclt el. A lemez egyik legf\u0151bb er\u00e9nye, hogy olyan kompoz\u00edci\u00f3k sz\u00fclettek, ahol a szimfonikus zenekar \u00e9s a Djabe megsz\u00f3lal\u00e1sban egyenrang\u00fa partnerek, a k\u00e9t zenei vil\u00e1g teljesen kieg\u00e9sz\u00edti egym\u00e1st, egy\u00fctt k\u00e9peznek egy \u00faj egys\u00e9get. Az album koncert bemutat\u00f3j\u00e1ra 2015. november 10-\u00e9n ker\u00fclt sor Budapesten a M\u00dcPA, Bart\u00f3k B\u00e9la Nemzeti Hangversenyterm\u00e9ben.[:en]Djabe released Forward in 2014, an album made with the inclusion of the Hungarian Symphony Orchestra Miskolc. Many claim Forward is the best ever album released by the band. Compositions made by Tam\u00e1s Barab\u00e1s and Attila \u00c9gerh\u00e1zi, symphonic sections were written by Tam\u00e1s Barab\u00e1s and orchestrated by Zolt\u00e1n Kov\u00e1cs. Album premiere was held at the B\u00e9la Bart\u00f3k Music Hall of M\u00fcpa Budapest, on 10th of November, 2015, with the complete album performed by the band and the HSOM, conducted by J\u00f3zsef Rem\u00e9nyi.[:]","og_url":"https:\/\/gr1993records.com\/index.php\/product\/djabe-es-a-miskolci-szimfonikus-zenekar-forward-live-2lp\/","og_site_name":"GR1993 Records","article_publisher":"https:\/\/www.facebook.com\/GR1993Records-113564886691383\/","article_modified_time":"2026-03-31T10:04:00+00:00","og_image":[{"width":1000,"height":1000,"url":"https:\/\/gr1993records.com\/wp-content\/uploads\/2019\/09\/kiadvany_djabe_forward_live_2LP_front.jpg","type":"image\/jpeg"}],"twitter_card":"summary_large_image","twitter_misc":{"Becs\u00fclt olvas\u00e1si id\u0151":"6 perc"},"schema":{"@context":"https:\/\/schema.org","@graph":[{"@type":"WebPage","@id":"https:\/\/gr1993records.com\/index.php\/product\/djabe-es-a-miskolci-szimfonikus-zenekar-forward-live-2lp\/","url":"https:\/\/gr1993records.com\/index.php\/product\/djabe-es-a-miskolci-szimfonikus-zenekar-forward-live-2lp\/","name":"Djabe \u00e9s a Miskolci Szimfonikus Zenekar Forward Live (2LP) &#8211; GR1993 Records","isPartOf":{"@id":"https:\/\/gr1993records.com\/#website"},"primaryImageOfPage":{"@id":"https:\/\/gr1993records.com\/index.php\/product\/djabe-es-a-miskolci-szimfonikus-zenekar-forward-live-2lp\/#primaryimage"},"image":{"@id":"https:\/\/gr1993records.com\/index.php\/product\/djabe-es-a-miskolci-szimfonikus-zenekar-forward-live-2lp\/#primaryimage"},"thumbnailUrl":"https:\/\/gr1993records.com\/wp-content\/uploads\/2019\/09\/kiadvany_djabe_forward_live_2LP_front.jpg","datePublished":"2019-09-26T09:23:40+00:00","dateModified":"2026-03-31T10:04:00+00:00","breadcrumb":{"@id":"https:\/\/gr1993records.com\/index.php\/product\/djabe-es-a-miskolci-szimfonikus-zenekar-forward-live-2lp\/#breadcrumb"},"inLanguage":"hu","potentialAction":[{"@type":"ReadAction","target":["https:\/\/gr1993records.com\/index.php\/product\/djabe-es-a-miskolci-szimfonikus-zenekar-forward-live-2lp\/"]}]},{"@type":"ImageObject","inLanguage":"hu","@id":"https:\/\/gr1993records.com\/index.php\/product\/djabe-es-a-miskolci-szimfonikus-zenekar-forward-live-2lp\/#primaryimage","url":"https:\/\/gr1993records.com\/wp-content\/uploads\/2019\/09\/kiadvany_djabe_forward_live_2LP_front.jpg","contentUrl":"https:\/\/gr1993records.com\/wp-content\/uploads\/2019\/09\/kiadvany_djabe_forward_live_2LP_front.jpg","width":1000,"height":1000,"caption":"Djabe \u2013 Forward Live (2LP) cover"},{"@type":"BreadcrumbList","@id":"https:\/\/gr1993records.com\/index.php\/product\/djabe-es-a-miskolci-szimfonikus-zenekar-forward-live-2lp\/#breadcrumb","itemListElement":[{"@type":"ListItem","position":1,"name":"Home","item":"https:\/\/gr1993records.com\/"},{"@type":"ListItem","position":2,"name":"Kiadv\u00e1nyok","item":"https:\/\/gr1993records.com\/index.php\/shop\/"},{"@type":"ListItem","position":3,"name":"[:hu]Djabe \u00e9s a Miskolci Szimfonikus Zenekar Forward Live (2LP)[:en]Djabe and the Hungarian Symphony Orchestra Miskolc Forward Live (2LP)[:]"}]},{"@type":"WebSite","@id":"https:\/\/gr1993records.com\/#website","url":"https:\/\/gr1993records.com\/","name":"GR1993 Records","description":"","publisher":{"@id":"https:\/\/gr1993records.com\/#organization"},"potentialAction":[{"@type":"SearchAction","target":{"@type":"EntryPoint","urlTemplate":"https:\/\/gr1993records.com\/?s={search_term_string}"},"query-input":{"@type":"PropertyValueSpecification","valueRequired":true,"valueName":"search_term_string"}}],"inLanguage":"hu"},{"@type":"Organization","@id":"https:\/\/gr1993records.com\/#organization","name":"Gramy-H Ltd.","url":"https:\/\/gr1993records.com\/","logo":{"@type":"ImageObject","inLanguage":"hu","@id":"https:\/\/gr1993records.com\/#\/schema\/logo\/image\/","url":"https:\/\/gr1993records.com\/wp-content\/uploads\/2019\/08\/GR1993_Records_logo_CC.png","contentUrl":"https:\/\/gr1993records.com\/wp-content\/uploads\/2019\/08\/GR1993_Records_logo_CC.png","width":2900,"height":2001,"caption":"Gramy-H Ltd."},"image":{"@id":"https:\/\/gr1993records.com\/#\/schema\/logo\/image\/"},"sameAs":["https:\/\/www.facebook.com\/GR1993Records-113564886691383\/"]}]}},"jetpack_sharing_enabled":true,"_links":{"self":[{"href":"https:\/\/gr1993records.com\/index.php\/wp-json\/wp\/v2\/product\/5248","targetHints":{"allow":["GET"]}}],"collection":[{"href":"https:\/\/gr1993records.com\/index.php\/wp-json\/wp\/v2\/product"}],"about":[{"href":"https:\/\/gr1993records.com\/index.php\/wp-json\/wp\/v2\/types\/product"}],"wp:featuredmedia":[{"embeddable":true,"href":"https:\/\/gr1993records.com\/index.php\/wp-json\/wp\/v2\/media\/5247"}],"wp:attachment":[{"href":"https:\/\/gr1993records.com\/index.php\/wp-json\/wp\/v2\/media?parent=5248"}],"wp:term":[{"taxonomy":"product_brand","embeddable":true,"href":"https:\/\/gr1993records.com\/index.php\/wp-json\/wp\/v2\/product_brand?post=5248"},{"taxonomy":"product_cat","embeddable":true,"href":"https:\/\/gr1993records.com\/index.php\/wp-json\/wp\/v2\/product_cat?post=5248"},{"taxonomy":"product_tag","embeddable":true,"href":"https:\/\/gr1993records.com\/index.php\/wp-json\/wp\/v2\/product_tag?post=5248"}],"curies":[{"name":"wp","href":"https:\/\/api.w.org\/{rel}","templated":true}]}}