{"id":5240,"date":"2019-09-24T11:18:05","date_gmt":"2019-09-24T11:18:05","guid":{"rendered":"http:\/\/gr1993records.com\/?post_type=product&#038;p=5240"},"modified":"2026-03-31T12:04:08","modified_gmt":"2026-03-31T10:04:08","slug":"gulli-briem-earth-affair-liberte-cd","status":"publish","type":"product","link":"https:\/\/gr1993records.com\/index.php\/product\/gulli-briem-earth-affair-liberte-cd\/","title":{"rendered":"Gulli Briem \u2013 Earth Affair <br\/>Libert\u00e9 <br\/>(CD)"},"content":{"rendered":"<p>[vc_row][vc_column][vc_column_text][\/vc_column_text][\/vc_column][\/vc_row][vc_row][vc_column][vc_column_text]Libert\u00e9 Gulli Briem \u00faj album\u00e1nak c\u00edme, melyet Earth Affair nev\u0171 produkci\u00f3j\u00e1val k\u00e9sz\u00edtett. M\u0171fajilag az indie\/world music\/pop besorol\u00e1st kapta.<\/p>\n<p>Gulli Briem egyik alap\u00edt\u00f3tagja a vil\u00e1gszerte ismert Mezzoforte jazz-funk zenekarnak, mely a legnagyobb sikereit a 80-as \u00e9vek k\u00f6zep\u00e9n \u00e9rte el. Legismertebb sl\u00e1ger\u00fck a diszk\u00f3kat is megh\u00f3d\u00edt\u00f3 Garden Party. Gulli \u00faj oldal\u00e1r\u00f3l mutatkozik be, tehets\u00e9gesen alkotott meg egy filmszer\u0171, \u201eambient\u201d t\u00edpus\u00fa muzsik\u00e1t. T\u00f6bbsz\u00f6r \u00e9p\u00edt von\u00f3s zenekari hangszerel\u00e9sre, egy k\u00fcl\u00f6nleges hangz\u00e1svil\u00e1gba kalauzolva minket. A lebeg\u0151 kompoz\u00edci\u00f3k gyakran lepik meg a hallgat\u00f3t k\u00fcl\u00f6nleges dinamik\u00e1val. Gulli sok vend\u00e9get megh\u00edvott a lemez felv\u00e9teleire, \u00edgy p\u00e9ld\u00e1ul a d\u00e9l-afrikai \u00e9nekest, Vusi Mahlasela-t. A hangszerel\u00e9s is k\u00fcl\u00f6nleges, hiszen olyan ritkas\u00e1gokat haszn\u00e1l, mint az izlandi k\u0151h\u00e1rfa, amelyet a h\u00edres izlandi modern m\u0171v\u00e9sz, P\u00e1ll Gu\u00f0mundsson k\u00e9sz\u00edtett.<\/p>\n<p>A brit hangszerel\u0151 Simon Hale a budapesti B\u00e1nhegyi T\u00fcnde vezette Color von\u00f3sn\u00e9gyes sz\u00e1m\u00e1ra k\u00e9sz\u00edtett partit\u00far\u00e1kat. A Libert\u00e9 albumon nyolc kompoz\u00edci\u00f3 tal\u00e1lhat\u00f3, a legt\u00f6bb Gulli Briem \u00e9s az izlandi k\u00f6lt\u0151 J\u00f6kull J\u00f6rgensen szerzem\u00e9nye. A lemezen k\u00f6zrem\u0171k\u00f6dik a Mezzofort\u00e9b\u00f3l ismert Sebastian Studnitzky \u00e9s Arnar Gu\u00f0j\u00f3nsson. A magyar sz\u00edneket Barab\u00e1s Tam\u00e1s k\u00e9pviseli a Djabe zenekarb\u00f3l. Gulli \u00e9nekhangja, er\u0151teljes dobol\u00e1sa \u00e9s megnyugtat\u00f3 zongoraj\u00e1t\u00e9ka teszi igaz\u00e1n k\u00fcl\u00f6nlegess\u00e9 a Libert\u00e9 albumot.<\/p>\n<p>\u201eAki szereti a Pink Floyd vagy Bj\u00f6rk izgalmas hangz\u00e1svil\u00e1g\u00e1t, vagy az ambient t\u00edpus\u00fa muzsik\u00e1t, annak felt\u00e9tlen\u00fcl aj\u00e1nlom ezt az albumot. Sz\u00e1momra egy igazi progressz\u00edv world music csemege.\u201d \u2013 \u00c9gerh\u00e1zi Attila, Djabe zenekar.<\/p>\n<p><a href=\"http:\/\/www.rocktimes.de\/gesamt\/g\/gulli_briem_earth_affair\/liberte.html\" target=\"_blank\" rel=\"noopener noreferrer\">Rocktimes.de kritika \u00bb<\/a>[\/vc_column_text][\/vc_column][\/vc_row][vc_row][vc_column][vc_column_text][\/vc_column_text][\/vc_column][\/vc_row]<\/p>","protected":false},"excerpt":{"rendered":"<p style=\"font-weight: 400;\">Gulli Briem, a Mezzoforte dobosa rendk\u00edv\u00fcli sikereit a 80-as \u00e9vekben aratta, a<em>\u00a0Garden Party<\/em> c\u00edm\u0171 sl\u00e1gerrel. Az izlandi zen\u00e9sz most \u00faj oldal\u00e1r\u00f3l mutatkozik be, a szinte filmszer\u0171 ambient, nagyzenekari jelleg\u0171 kompoz\u00edci\u00f3kkal. A\u00a0<em>Libert\u00e9<\/em> 8 \u00faj szerzem\u00e9nyt tartalmaz, melyek legt\u00f6bbj\u00e9t Gulli Briem \u00e9s a szint\u00e9n izlandi k\u00f6lt\u0151, J\u00f6kull J\u00f6rgensen szerezt\u00e9k.<\/p>\n<p style=\"font-weight: 400;\">Gulli Briem, a Mezzoforte dobosa rendk\u00edv\u00fcli sikereit a 80-as \u00e9vekben aratta, a<em>\u00a0Garden Party<\/em> c\u00edm\u0171 sl\u00e1gerrel. Az izlandi zen\u00e9sz most \u00faj oldal\u00e1r\u00f3l mutatkozik be, a szinte filmszer\u0171 ambient, nagyzenekari jelleg\u0171 kompoz\u00edci\u00f3kkal. A\u00a0<em>Libert\u00e9<\/em> 8 \u00faj szerzem\u00e9nyt tartalmaz, melyek legt\u00f6bbj\u00e9t Gulli Briem \u00e9s a szint\u00e9n izlandi k\u00f6lt\u0151, J\u00f6kull J\u00f6rgensen szerezt\u00e9k.<\/p>\n","protected":false},"featured_media":5245,"template":"","meta":[],"product_brand":[],"product_cat":[92],"product_tag":[190,192,191],"class_list":{"0":"post-5240","1":"product","2":"type-product","3":"status-publish","4":"has-post-thumbnail","6":"product_cat-cd","7":"product_tag-indie","8":"product_tag-pop","9":"product_tag-world-music","10":"yith_product_brand-gulli-briem","11":"col-12 col-sm-6 col-md-4","13":"first","14":"instock","15":"shipping-taxable","16":"purchasable","17":"product-type-simple"},"yoast_head":"<!-- This site is optimized with the Yoast SEO plugin v27.3 - https:\/\/yoast.com\/product\/yoast-seo-wordpress\/ -->\n<title>Gulli Briem \u2013 Earth Affair Libert\u00e9 (CD) &#8211; GR1993 Records<\/title>\n<meta name=\"robots\" content=\"index, follow, max-snippet:-1, max-image-preview:large, max-video-preview:-1\" \/>\n<link rel=\"canonical\" href=\"https:\/\/gr1993records.com\/index.php\/product\/gulli-briem-earth-affair-liberte-cd\/\" \/>\n<meta property=\"og:locale\" content=\"hu_HU\" \/>\n<meta property=\"og:type\" content=\"article\" \/>\n<meta property=\"og:title\" content=\"Gulli Briem \u2013 Earth Affair Libert\u00e9 (CD) &#8211; GR1993 Records\" \/>\n<meta property=\"og:description\" content=\"[:hu]Gulli Briem, a Mezzoforte dobosa rendk\u00edv\u00fcli sikereit a 80-as \u00e9vekben aratta, a\u00a0Garden Party c\u00edm\u0171 sl\u00e1gerrel. Az izlandi zen\u00e9sz most \u00faj oldal\u00e1r\u00f3l mutatkozik be, a szinte filmszer\u0171 ambient, nagyzenekari jelleg\u0171 kompoz\u00edci\u00f3kkal. A\u00a0Libert\u00e9 8 \u00faj szerzem\u00e9nyt tartalmaz, melyek legt\u00f6bbj\u00e9t Gulli Briem \u00e9s a szint\u00e9n izlandi k\u00f6lt\u0151, J\u00f6kull J\u00f6rgensen szerezt\u00e9k.[:en][:hu] Gulli Briem, a Mezzoforte dobosa rendk\u00edv\u00fcli sikereit a 80-as \u00e9vekben aratta, a\u00a0Garden Party c\u00edm\u0171 sl\u00e1gerrel. Az izlandi zen\u00e9sz most \u00faj oldal\u00e1r\u00f3l mutatkozik be, a szinte filmszer\u0171 ambient, nagyzenekari jelleg\u0171 kompoz\u00edci\u00f3kkal. A\u00a0Libert\u00e9 8 \u00faj szerzem\u00e9nyt tartalmaz, melyek legt\u00f6bbj\u00e9t Gulli Briem \u00e9s a szint\u00e9n izlandi k\u00f6lt\u0151, J\u00f6kull J\u00f6rgensen szerezt\u00e9k. [:en] Gulli Briem is a drummer of the Mezzoforte, that had major success with the the top ten hit single &quot;Garden Party&quot;. Gulli shows a new side to his talents on this record with &quot;film like&quot; ambient, almost orchestral pieces of music. The Libert\u00e9 album features eight new compositions written mostly by Gulli Briem &amp; Icelandic poet J\u00f6kull J\u00f6rgensen. [:][:]\" \/>\n<meta property=\"og:url\" content=\"https:\/\/gr1993records.com\/index.php\/product\/gulli-briem-earth-affair-liberte-cd\/\" \/>\n<meta property=\"og:site_name\" content=\"GR1993 Records\" \/>\n<meta property=\"article:publisher\" content=\"https:\/\/www.facebook.com\/GR1993Records-113564886691383\/\" \/>\n<meta property=\"article:modified_time\" content=\"2026-03-31T10:04:08+00:00\" \/>\n<meta property=\"og:image\" content=\"https:\/\/gr1993records.com\/wp-content\/uploads\/2019\/09\/kiadvany_gullibriem_liberte_front-1.jpg\" \/>\n\t<meta property=\"og:image:width\" content=\"1000\" \/>\n\t<meta property=\"og:image:height\" content=\"1000\" \/>\n\t<meta property=\"og:image:type\" content=\"image\/jpeg\" \/>\n<meta name=\"twitter:card\" content=\"summary_large_image\" \/>\n<meta name=\"twitter:label1\" content=\"Becs\u00fclt olvas\u00e1si id\u0151\" \/>\n\t<meta name=\"twitter:data1\" content=\"3 perc\" \/>\n<script type=\"application\/ld+json\" class=\"yoast-schema-graph\">{\"@context\":\"https:\\\/\\\/schema.org\",\"@graph\":[{\"@type\":\"WebPage\",\"@id\":\"https:\\\/\\\/gr1993records.com\\\/index.php\\\/product\\\/gulli-briem-earth-affair-liberte-cd\\\/\",\"url\":\"https:\\\/\\\/gr1993records.com\\\/index.php\\\/product\\\/gulli-briem-earth-affair-liberte-cd\\\/\",\"name\":\"Gulli Briem \u2013 Earth Affair Libert\u00e9 (CD) &#8211; GR1993 Records\",\"isPartOf\":{\"@id\":\"https:\\\/\\\/gr1993records.com\\\/#website\"},\"primaryImageOfPage\":{\"@id\":\"https:\\\/\\\/gr1993records.com\\\/index.php\\\/product\\\/gulli-briem-earth-affair-liberte-cd\\\/#primaryimage\"},\"image\":{\"@id\":\"https:\\\/\\\/gr1993records.com\\\/index.php\\\/product\\\/gulli-briem-earth-affair-liberte-cd\\\/#primaryimage\"},\"thumbnailUrl\":\"https:\\\/\\\/gr1993records.com\\\/wp-content\\\/uploads\\\/2019\\\/09\\\/kiadvany_gullibriem_liberte_front-1.jpg\",\"datePublished\":\"2019-09-24T11:18:05+00:00\",\"dateModified\":\"2026-03-31T10:04:08+00:00\",\"breadcrumb\":{\"@id\":\"https:\\\/\\\/gr1993records.com\\\/index.php\\\/product\\\/gulli-briem-earth-affair-liberte-cd\\\/#breadcrumb\"},\"inLanguage\":\"hu\",\"potentialAction\":[{\"@type\":\"ReadAction\",\"target\":[\"https:\\\/\\\/gr1993records.com\\\/index.php\\\/product\\\/gulli-briem-earth-affair-liberte-cd\\\/\"]}]},{\"@type\":\"ImageObject\",\"inLanguage\":\"hu\",\"@id\":\"https:\\\/\\\/gr1993records.com\\\/index.php\\\/product\\\/gulli-briem-earth-affair-liberte-cd\\\/#primaryimage\",\"url\":\"https:\\\/\\\/gr1993records.com\\\/wp-content\\\/uploads\\\/2019\\\/09\\\/kiadvany_gullibriem_liberte_front-1.jpg\",\"contentUrl\":\"https:\\\/\\\/gr1993records.com\\\/wp-content\\\/uploads\\\/2019\\\/09\\\/kiadvany_gullibriem_liberte_front-1.jpg\",\"width\":1000,\"height\":1000,\"caption\":\"Gulli Briem \u2013 Liberte (CD) cover\"},{\"@type\":\"BreadcrumbList\",\"@id\":\"https:\\\/\\\/gr1993records.com\\\/index.php\\\/product\\\/gulli-briem-earth-affair-liberte-cd\\\/#breadcrumb\",\"itemListElement\":[{\"@type\":\"ListItem\",\"position\":1,\"name\":\"Home\",\"item\":\"https:\\\/\\\/gr1993records.com\\\/\"},{\"@type\":\"ListItem\",\"position\":2,\"name\":\"Kiadv\u00e1nyok\",\"item\":\"https:\\\/\\\/gr1993records.com\\\/index.php\\\/shop\\\/\"},{\"@type\":\"ListItem\",\"position\":3,\"name\":\"Gulli Briem \u2013 Earth Affair Libert\u00e9 (CD)\"}]},{\"@type\":\"WebSite\",\"@id\":\"https:\\\/\\\/gr1993records.com\\\/#website\",\"url\":\"https:\\\/\\\/gr1993records.com\\\/\",\"name\":\"GR1993 Records\",\"description\":\"\",\"publisher\":{\"@id\":\"https:\\\/\\\/gr1993records.com\\\/#organization\"},\"potentialAction\":[{\"@type\":\"SearchAction\",\"target\":{\"@type\":\"EntryPoint\",\"urlTemplate\":\"https:\\\/\\\/gr1993records.com\\\/?s={search_term_string}\"},\"query-input\":{\"@type\":\"PropertyValueSpecification\",\"valueRequired\":true,\"valueName\":\"search_term_string\"}}],\"inLanguage\":\"hu\"},{\"@type\":\"Organization\",\"@id\":\"https:\\\/\\\/gr1993records.com\\\/#organization\",\"name\":\"Gramy-H Ltd.\",\"url\":\"https:\\\/\\\/gr1993records.com\\\/\",\"logo\":{\"@type\":\"ImageObject\",\"inLanguage\":\"hu\",\"@id\":\"https:\\\/\\\/gr1993records.com\\\/#\\\/schema\\\/logo\\\/image\\\/\",\"url\":\"https:\\\/\\\/gr1993records.com\\\/wp-content\\\/uploads\\\/2019\\\/08\\\/GR1993_Records_logo_CC.png\",\"contentUrl\":\"https:\\\/\\\/gr1993records.com\\\/wp-content\\\/uploads\\\/2019\\\/08\\\/GR1993_Records_logo_CC.png\",\"width\":2900,\"height\":2001,\"caption\":\"Gramy-H Ltd.\"},\"image\":{\"@id\":\"https:\\\/\\\/gr1993records.com\\\/#\\\/schema\\\/logo\\\/image\\\/\"},\"sameAs\":[\"https:\\\/\\\/www.facebook.com\\\/GR1993Records-113564886691383\\\/\"]}]}<\/script>\n<!-- \/ Yoast SEO plugin. -->","yoast_head_json":{"title":"Gulli Briem \u2013 Earth Affair Libert\u00e9 (CD) &#8211; GR1993 Records","robots":{"index":"index","follow":"follow","max-snippet":"max-snippet:-1","max-image-preview":"max-image-preview:large","max-video-preview":"max-video-preview:-1"},"canonical":"https:\/\/gr1993records.com\/index.php\/product\/gulli-briem-earth-affair-liberte-cd\/","og_locale":"hu_HU","og_type":"article","og_title":"Gulli Briem \u2013 Earth Affair Libert\u00e9 (CD) &#8211; GR1993 Records","og_description":"[:hu]Gulli Briem, a Mezzoforte dobosa rendk\u00edv\u00fcli sikereit a 80-as \u00e9vekben aratta, a\u00a0Garden Party c\u00edm\u0171 sl\u00e1gerrel. Az izlandi zen\u00e9sz most \u00faj oldal\u00e1r\u00f3l mutatkozik be, a szinte filmszer\u0171 ambient, nagyzenekari jelleg\u0171 kompoz\u00edci\u00f3kkal. A\u00a0Libert\u00e9 8 \u00faj szerzem\u00e9nyt tartalmaz, melyek legt\u00f6bbj\u00e9t Gulli Briem \u00e9s a szint\u00e9n izlandi k\u00f6lt\u0151, J\u00f6kull J\u00f6rgensen szerezt\u00e9k.[:en][:hu] Gulli Briem, a Mezzoforte dobosa rendk\u00edv\u00fcli sikereit a 80-as \u00e9vekben aratta, a\u00a0Garden Party c\u00edm\u0171 sl\u00e1gerrel. Az izlandi zen\u00e9sz most \u00faj oldal\u00e1r\u00f3l mutatkozik be, a szinte filmszer\u0171 ambient, nagyzenekari jelleg\u0171 kompoz\u00edci\u00f3kkal. A\u00a0Libert\u00e9 8 \u00faj szerzem\u00e9nyt tartalmaz, melyek legt\u00f6bbj\u00e9t Gulli Briem \u00e9s a szint\u00e9n izlandi k\u00f6lt\u0151, J\u00f6kull J\u00f6rgensen szerezt\u00e9k. [:en] Gulli Briem is a drummer of the Mezzoforte, that had major success with the the top ten hit single \"Garden Party\". Gulli shows a new side to his talents on this record with \"film like\" ambient, almost orchestral pieces of music. The Libert\u00e9 album features eight new compositions written mostly by Gulli Briem &amp; Icelandic poet J\u00f6kull J\u00f6rgensen. [:][:]","og_url":"https:\/\/gr1993records.com\/index.php\/product\/gulli-briem-earth-affair-liberte-cd\/","og_site_name":"GR1993 Records","article_publisher":"https:\/\/www.facebook.com\/GR1993Records-113564886691383\/","article_modified_time":"2026-03-31T10:04:08+00:00","og_image":[{"width":1000,"height":1000,"url":"https:\/\/gr1993records.com\/wp-content\/uploads\/2019\/09\/kiadvany_gullibriem_liberte_front-1.jpg","type":"image\/jpeg"}],"twitter_card":"summary_large_image","twitter_misc":{"Becs\u00fclt olvas\u00e1si id\u0151":"3 perc"},"schema":{"@context":"https:\/\/schema.org","@graph":[{"@type":"WebPage","@id":"https:\/\/gr1993records.com\/index.php\/product\/gulli-briem-earth-affair-liberte-cd\/","url":"https:\/\/gr1993records.com\/index.php\/product\/gulli-briem-earth-affair-liberte-cd\/","name":"Gulli Briem \u2013 Earth Affair Libert\u00e9 (CD) &#8211; GR1993 Records","isPartOf":{"@id":"https:\/\/gr1993records.com\/#website"},"primaryImageOfPage":{"@id":"https:\/\/gr1993records.com\/index.php\/product\/gulli-briem-earth-affair-liberte-cd\/#primaryimage"},"image":{"@id":"https:\/\/gr1993records.com\/index.php\/product\/gulli-briem-earth-affair-liberte-cd\/#primaryimage"},"thumbnailUrl":"https:\/\/gr1993records.com\/wp-content\/uploads\/2019\/09\/kiadvany_gullibriem_liberte_front-1.jpg","datePublished":"2019-09-24T11:18:05+00:00","dateModified":"2026-03-31T10:04:08+00:00","breadcrumb":{"@id":"https:\/\/gr1993records.com\/index.php\/product\/gulli-briem-earth-affair-liberte-cd\/#breadcrumb"},"inLanguage":"hu","potentialAction":[{"@type":"ReadAction","target":["https:\/\/gr1993records.com\/index.php\/product\/gulli-briem-earth-affair-liberte-cd\/"]}]},{"@type":"ImageObject","inLanguage":"hu","@id":"https:\/\/gr1993records.com\/index.php\/product\/gulli-briem-earth-affair-liberte-cd\/#primaryimage","url":"https:\/\/gr1993records.com\/wp-content\/uploads\/2019\/09\/kiadvany_gullibriem_liberte_front-1.jpg","contentUrl":"https:\/\/gr1993records.com\/wp-content\/uploads\/2019\/09\/kiadvany_gullibriem_liberte_front-1.jpg","width":1000,"height":1000,"caption":"Gulli Briem \u2013 Liberte (CD) cover"},{"@type":"BreadcrumbList","@id":"https:\/\/gr1993records.com\/index.php\/product\/gulli-briem-earth-affair-liberte-cd\/#breadcrumb","itemListElement":[{"@type":"ListItem","position":1,"name":"Home","item":"https:\/\/gr1993records.com\/"},{"@type":"ListItem","position":2,"name":"Kiadv\u00e1nyok","item":"https:\/\/gr1993records.com\/index.php\/shop\/"},{"@type":"ListItem","position":3,"name":"Gulli Briem \u2013 Earth Affair Libert\u00e9 (CD)"}]},{"@type":"WebSite","@id":"https:\/\/gr1993records.com\/#website","url":"https:\/\/gr1993records.com\/","name":"GR1993 Records","description":"","publisher":{"@id":"https:\/\/gr1993records.com\/#organization"},"potentialAction":[{"@type":"SearchAction","target":{"@type":"EntryPoint","urlTemplate":"https:\/\/gr1993records.com\/?s={search_term_string}"},"query-input":{"@type":"PropertyValueSpecification","valueRequired":true,"valueName":"search_term_string"}}],"inLanguage":"hu"},{"@type":"Organization","@id":"https:\/\/gr1993records.com\/#organization","name":"Gramy-H Ltd.","url":"https:\/\/gr1993records.com\/","logo":{"@type":"ImageObject","inLanguage":"hu","@id":"https:\/\/gr1993records.com\/#\/schema\/logo\/image\/","url":"https:\/\/gr1993records.com\/wp-content\/uploads\/2019\/08\/GR1993_Records_logo_CC.png","contentUrl":"https:\/\/gr1993records.com\/wp-content\/uploads\/2019\/08\/GR1993_Records_logo_CC.png","width":2900,"height":2001,"caption":"Gramy-H Ltd."},"image":{"@id":"https:\/\/gr1993records.com\/#\/schema\/logo\/image\/"},"sameAs":["https:\/\/www.facebook.com\/GR1993Records-113564886691383\/"]}]}},"jetpack_sharing_enabled":true,"_links":{"self":[{"href":"https:\/\/gr1993records.com\/index.php\/wp-json\/wp\/v2\/product\/5240","targetHints":{"allow":["GET"]}}],"collection":[{"href":"https:\/\/gr1993records.com\/index.php\/wp-json\/wp\/v2\/product"}],"about":[{"href":"https:\/\/gr1993records.com\/index.php\/wp-json\/wp\/v2\/types\/product"}],"wp:featuredmedia":[{"embeddable":true,"href":"https:\/\/gr1993records.com\/index.php\/wp-json\/wp\/v2\/media\/5245"}],"wp:attachment":[{"href":"https:\/\/gr1993records.com\/index.php\/wp-json\/wp\/v2\/media?parent=5240"}],"wp:term":[{"taxonomy":"product_brand","embeddable":true,"href":"https:\/\/gr1993records.com\/index.php\/wp-json\/wp\/v2\/product_brand?post=5240"},{"taxonomy":"product_cat","embeddable":true,"href":"https:\/\/gr1993records.com\/index.php\/wp-json\/wp\/v2\/product_cat?post=5240"},{"taxonomy":"product_tag","embeddable":true,"href":"https:\/\/gr1993records.com\/index.php\/wp-json\/wp\/v2\/product_tag?post=5240"}],"curies":[{"name":"wp","href":"https:\/\/api.w.org\/{rel}","templated":true}]}}