{"id":5204,"date":"2009-09-01T08:36:50","date_gmt":"2009-09-01T06:36:50","guid":{"rendered":"http:\/\/gr1993records.com\/?post_type=product&#038;p=5204"},"modified":"2026-03-31T12:08:53","modified_gmt":"2026-03-31T10:08:53","slug":"djabe-witchi-tai-to-2lp-20-eves-jubileumi-kiadas-2lp","status":"publish","type":"product","link":"https:\/\/gr1993records.com\/index.php\/product\/djabe-witchi-tai-to-2lp-20-eves-jubileumi-kiadas-2lp\/","title":{"rendered":"Djabe <br\/>Witchi Tai To 2LP <br\/>20 \u00e9ves jubileumi kiad\u00e1s <br\/>(2LP)"},"content":{"rendered":"<p>[vc_row][vc_column][vc_column_text]A Witchi Tai To a Djabe t\u00f6rt\u00e9net\u00e9nek egyik legsikeresebb lemeze. 1998-ban jelent meg, \u00e9s kiv\u00e1l\u00f3 zenei \u00e9s hang min\u0151s\u00e9ge miatt hamar n\u00e9pszer\u0171 lett a Hi-Fi \u00e9s High-End berendez\u00e9seken zen\u00e9t hallgat\u00f3k k\u00f6r\u00e9ben. Olyannyira, hogy a 20 \u00e9vvel ezel\u0151tt Angli\u00e1ban nyomott hanglemezv\u00e1ltozatra m\u00e9g ma is sokan etalonk\u00e9nt tekintenek, \u00e9s gyakran haszn\u00e1lj\u00e1k berendez\u00e9seik tesztel\u00e9s\u00e9re.<br \/>\nA hangfelv\u00e9tel megjelen\u00e9s\u00e9nek 20-ik jubileum\u00e1ra, a kiad\u00f3 elhat\u00e1rozta, hogy az eredeti LP hangmin\u0151s\u00e9g\u00e9t j\u00f3val t\u00falsz\u00e1rnyal\u00f3 korongokat ad a zenerajong\u00f3k kez\u00e9be.<br \/>\nA lemezen a Djabe akkori fel\u00e1ll\u00e1sa hallhat\u00f3, Sipos Andr\u00e1s \u2013 \u00e9nek, \u00fct\u0151hangszerek; \u00c9gerh\u00e1zi Attila \u2013 git\u00e1r; Barab\u00e1s Tam\u00e1s \u2013 basszusgit\u00e1r; Muck Ferenc \u2013 szaxofon. A kompoz\u00edci\u00f3k nagy r\u00e9sz\u00e9t \u00c9gerh\u00e1zi Attila \u00e9s Sipos Andr\u00e1s jegyzik, de Muck Ferencet is megtal\u00e1ljuk a szerz\u0151k k\u00f6z\u00f6tt. A c\u00edmad\u00f3 sz\u00e1m Jim Pepper kaw indi\u00e1n szaxofonos kultikuss\u00e1 v\u00e1lt autentikus ihlet\u00e9s\u0171 t\u00e9m\u00e1j\u00e1nak feldolgoz\u00e1sa.<br \/>\nA Witchi Tai To volt a Djabe zenekar m\u00e1sodik kiadott albuma. 2000-ben az \u00c9v Vil\u00e1gzenei Albuma d\u00edjat nyerte el Magyarorsz\u00e1gon. A zenekedvel\u0151k eredetileg kazett\u00e1n, dupla CD-n \u00e9s vinyl lemezen szerezhett\u00e9k be az albumot. A dupla CD k\u00fcl\u00f6nlegess\u00e9ge, hogy a m\u00e1sodik CD interakt\u00edv masztere, a m\u00e9lt\u00e1n h\u00edres londoni Abbey Road Interactive st\u00fadi\u00f3ban k\u00e9sz\u00fclt. A zenekar mindig igyekezett kihaszn\u00e1lni a kor legmodernebb m\u00e9diaform\u00e1tumait, mely 1998-ban az Enhanced CD volt, egy \u00faj technol\u00f3gia a zeneiparban. A m\u00e1sodik CD, a dalok r\u00e1di\u00f3s v\u00e1ltozata mellett koncertfilmet, interj\u00fakat, \u00e9letrajzokat, diszkogr\u00e1fi\u00e1t \u00e9s weblinkeket tartalmazott. A szemk\u00e1pr\u00e1ztat\u00f3 digipak \u00e9ppen akkoriban jelent meg a piacon, a holland Van de Steeg Packaging j\u00f3volt\u00e1b\u00f3l. A harmadik fajta hordoz\u00f3t, a vinyl v\u00e1ltozatot Angli\u00e1ban pr\u00e9selt\u00e9k, a nyom\u00f3lemez v\u00e1g\u00e1s\u00e1t pedig szint\u00e9n az Abbey Road Studios v\u00e9gezte. Az album r\u00f6vid id\u0151 alatt a High-End hangrendszerek tesztlemez\u00e9v\u00e9 v\u00e1lt \u2013 nem csak az LP, de a CD v\u00e1ltozat is, hiszen remek lehet\u0151s\u00e9g ny\u00edlt \u00edgy az anal\u00f3g \u00e9s digit\u00e1lis hordoz\u00f3 \u00f6sszehasonl\u00edt\u00e1s\u00e1ra.[\/vc_column_text][vc_gallery type=&#8221;image_grid&#8221; images=&#8221;5184,5185,5186&#8243; img_size=&#8221;medium&#8221;][vc_column_text]2015-ben a Witchi Tai To 2CD+2DVD deluxe \u00fajrakiad\u00e1sban, mediabook form\u00e1j\u00e1ban jelent meg\u2013 Barab\u00e1s Tam\u00e1s \u00faj sztere\u00f3, surround kever\u00e9s\u00e9vel, rengeteg audiovizu\u00e1lis extr\u00e1val.<br \/>\n2018-ban a 20 \u00e9ves jubileumi vinyl kiad\u00e1sra \u00c9gerh\u00e1zi Attila \u00faj anal\u00f3g mesterszalagokat k\u00e9sz\u00edtett a 2015-\u00f6s kever\u00e9s felhaszn\u00e1l\u00e1s\u00e1val az Abbey Road Studios sz\u00e1m\u00e1ra, ahol a kiad\u00f3 a f\u00e9lsebess\u00e9ges lemezv\u00e1g\u00e1st megrendelte. Az album 20 \u00e9v ut\u00e1n visszat\u00e9rt az Abbey Roadra.<br \/>\nAz Emtec SM468 mesterszalagokat egy Ampex ATR-102 st\u00fadi\u00f3magn\u00f3r\u00f3l j\u00e1tszott\u00e1k be a SADIE munka\u00e1llom\u00e1sra, 24bit\/96kHz nagyfelbont\u00e1s\u00fa audi\u00f3 form\u00e1tumban. A f\u00e9lsebess\u00e9ges v\u00e1g\u00e1st Miles Showell mastering egineer v\u00e9gezte egy egyedileg \u00e9p\u00edtett Neumann VMS 80 lemezv\u00e1g\u00f3 berendez\u00e9ssel. A lemez forg\u00e1si sebess\u00e9ge 45 RPM, ami a hanglemezen el\u00e9rhet\u0151 legt\u00f6k\u00e9letesebb hangmin\u0151s\u00e9get biztos\u00edtja, k\u00fcl\u00f6n\u00f6sen f\u00e9lsebess\u00e9ges v\u00e1g\u00e1s eset\u00e9n.[\/vc_column_text][vc_separator][vc_column_text]<strong>A lemezen szerepl\u0151 el\u0151ad\u00f3k<\/strong><br \/>\nMuck Ferenc \u2013 szaxofon<br \/>\nBarab\u00e1s Tam\u00e1s \u2013 basszusgit\u00e1r<br \/>\nSipos Andr\u00e1s \u2013 \u00e9nek, \u00fct\u0151hangszerek<br \/>\n\u00c9gerh\u00e1zi Attila \u2013 git\u00e1r<br \/>\nSn\u00e9tberger Ferenc \u2013 git\u00e1r (A1)<br \/>\nSzal\u00f3ky B\u00e9la \u2013 sz\u00e1rnyk\u00fcrt (D1)<br \/>\nHerczeg Judit \u2013 \u00e9nek (C2)[\/vc_column_text][vc_separator][vc_column_text]<a href=\"http:\/\/gr1993records.magex.hu\/index.php\/quality-vinyl-projects\/\"><strong>Quality Vinyl Projects kiadv\u00e1ny<\/strong><\/a><\/p>\n<p>Az album a fizikai hanghordoz\u00f3k k\u00f6z\u00fcl kiz\u00e1r\u00f3lag vinyl lemezen jelent meg. A kiad\u00e1st \u00e9s a gy\u00e1rt\u00e1st a Gramy-H Kft Quality Vinyl Projects szolg\u00e1ltat\u00e1sa koordin\u00e1lta. A QVP l\u00e9nyege, hogy kiz\u00e1r\u00f3lag kiv\u00e1l\u00f3 min\u0151s\u00e9g\u0171 maszterek felhaszn\u00e1l\u00e1s\u00e1val, Eur\u00f3pa legjobb v\u00e1g\u00f3 m\u0171helyeiben k\u00e9sz\u00edtett mesterlemezekr\u0151l, a kontinens legjobb min\u0151s\u00e9gben dolgoz\u00f3 gy\u00e1r\u00e1ban, a holland Record Industryban k\u00e9sz\u00fcl a sorozatgy\u00e1rt\u00e1s. A lemezek a Music On Vinyl sorozatn\u00e1l megszokott dombornyomott, ez\u00fattal QVP log\u00f3val, vastag k\u00fcls\u0151 \u00e1tl\u00e1tsz\u00f3 m\u0171anyag borit\u00f3ban ker\u00fclnek forgalomba. A Quality Vinyl Projects min\u0151s\u00e9g\u00e9t a nemzetk\u00f6zileg elismert Djabe kiadv\u00e1nyok f\u00e9mjelezt\u00e9k eddig, de mostant\u00f3l m\u00e1s zenekarok sz\u00e1m\u00e1ra is el\u00e9rhet\u0151 a szolg\u00e1ltat\u00e1s a felv\u00e9tel k\u00e9sz\u00edt\u00e9st\u0151l, a kever\u00e9sen \u00e9s az anal\u00f3g maszteren \u00e1t, a v\u00e1g\u00e1s \u00e9s gy\u00e1rt\u00e1s minden f\u00e1zis\u00e1ig.[\/vc_column_text][vc_btn title=&#8221;Tov\u00e1bb a szolg\u00e1ltat\u00e1s oldal\u00e1ra&#8221; style=&#8221;outline-custom&#8221; outline_custom_color=&#8221;#005681&#8243; outline_custom_hover_background=&#8221;#005681&#8243; outline_custom_hover_text=&#8221;#ffffff&#8221; shape=&#8221;square&#8221; link=&#8221;url:http%3A%2F%2Fgr1993records.com%2Findex.php%2Fquality-vinyl-projects%2F|title:Quality%20Vinyl%20Projects|target:%20_blank|&#8221; el_class=&#8221;qvp-btn&#8221;][vc_separator][vc_video link=&#8221;https:\/\/youtu.be\/EHegGps5Kvg&#8221; align=&#8221;center&#8221;][\/vc_column][\/vc_row]<\/p>","protected":false},"excerpt":{"rendered":"<p>A Witchi Tai To a Djabe t\u00f6rt\u00e9net\u00e9nek egyik legsikeresebb lemeze. 1998-ban jelent meg, \u00e9s kiv\u00e1l\u00f3 zenei \u00e9s hang min\u0151s\u00e9ge miatt hamar n\u00e9pszer\u0171 lett a Hi-Fi \u00e9s High-End berendez\u00e9seken zen\u00e9t hallgat\u00f3k k\u00f6r\u00e9ben. A jubileumi album f\u00e9lsebess\u00e9ges v\u00e1g\u00e1s\u00e1t a vadonat \u00faj anal\u00f3g mesterszalagokr\u00f3l Miles Showell k\u00e9sz\u00edtette az Abbey Road Studios masztering m\u0171hely\u00e9ben.<br \/>\n2 x 180gr, 45RPM.<\/p>\n","protected":false},"featured_media":5206,"template":"","meta":[],"product_brand":[],"product_cat":[91],"product_tag":[],"class_list":{"0":"post-5204","1":"product","2":"type-product","3":"status-publish","4":"has-post-thumbnail","6":"product_cat-lp","7":"yith_product_brand-djabe","8":"col-12 col-sm-6 col-md-4","10":"first","11":"instock","12":"sale","13":"shipping-taxable","14":"purchasable","15":"product-type-simple"},"yoast_head":"<!-- This site is optimized with the Yoast SEO plugin v27.2 - https:\/\/yoast.com\/product\/yoast-seo-wordpress\/ -->\n<title>Djabe Witchi Tai To 2LP 20 \u00e9ves jubileumi kiad\u00e1s (2LP) &#8211; GR1993 Records<\/title>\n<meta name=\"robots\" content=\"index, follow, max-snippet:-1, max-image-preview:large, max-video-preview:-1\" \/>\n<link rel=\"canonical\" href=\"https:\/\/gr1993records.com\/index.php\/product\/djabe-witchi-tai-to-2lp-20-eves-jubileumi-kiadas-2lp\/\" \/>\n<meta property=\"og:locale\" content=\"hu_HU\" \/>\n<meta property=\"og:type\" content=\"article\" \/>\n<meta property=\"og:title\" content=\"Djabe Witchi Tai To 2LP 20 \u00e9ves jubileumi kiad\u00e1s (2LP) &#8211; GR1993 Records\" \/>\n<meta property=\"og:description\" content=\"[:hu]A Witchi Tai To a Djabe t\u00f6rt\u00e9net\u00e9nek egyik legsikeresebb lemeze. 1998-ban jelent meg, \u00e9s kiv\u00e1l\u00f3 zenei \u00e9s hang min\u0151s\u00e9ge miatt hamar n\u00e9pszer\u0171 lett a Hi-Fi \u00e9s High-End berendez\u00e9seken zen\u00e9t hallgat\u00f3k k\u00f6r\u00e9ben. A jubileumi album f\u00e9lsebess\u00e9ges v\u00e1g\u00e1s\u00e1t a vadonat \u00faj anal\u00f3g mesterszalagokr\u00f3l Miles Showell k\u00e9sz\u00edtette az Abbey Road Studios masztering m\u0171hely\u00e9ben. 2 x 180gr, 45RPM.[:en]Witchi Tai To was, and still is, one of the most successful albums of Djabe. Released in 1998, it became a yardstick for Hi-Fi and High-End enthusiasts because of its exceptional musical and sound quality. Half-speed cut of this anniversary edition done by Miles Showell in Abbey Road Studios, London, from brand new analogue master tapes. 2 x 180gr, 45RPM.[:]\" \/>\n<meta property=\"og:url\" content=\"https:\/\/gr1993records.com\/index.php\/product\/djabe-witchi-tai-to-2lp-20-eves-jubileumi-kiadas-2lp\/\" \/>\n<meta property=\"og:site_name\" content=\"GR1993 Records\" \/>\n<meta property=\"article:publisher\" content=\"https:\/\/www.facebook.com\/GR1993Records-113564886691383\/\" \/>\n<meta property=\"article:modified_time\" content=\"2026-03-31T10:08:53+00:00\" \/>\n<meta property=\"og:image\" content=\"https:\/\/gr1993records.com\/wp-content\/uploads\/2019\/09\/kiadvany_djabe_witchitaito_2LP_front.jpg\" \/>\n\t<meta property=\"og:image:width\" content=\"1000\" \/>\n\t<meta property=\"og:image:height\" content=\"1000\" \/>\n\t<meta property=\"og:image:type\" content=\"image\/jpeg\" \/>\n<meta name=\"twitter:card\" content=\"summary_large_image\" \/>\n<meta name=\"twitter:label1\" content=\"Becs\u00fclt olvas\u00e1si id\u0151\" \/>\n\t<meta name=\"twitter:data1\" content=\"8 perc\" \/>\n<script type=\"application\/ld+json\" class=\"yoast-schema-graph\">{\"@context\":\"https:\/\/schema.org\",\"@graph\":[{\"@type\":\"WebPage\",\"@id\":\"https:\/\/gr1993records.com\/index.php\/product\/djabe-witchi-tai-to-2lp-20-eves-jubileumi-kiadas-2lp\/\",\"url\":\"https:\/\/gr1993records.com\/index.php\/product\/djabe-witchi-tai-to-2lp-20-eves-jubileumi-kiadas-2lp\/\",\"name\":\"Djabe Witchi Tai To 2LP 20 \u00e9ves jubileumi kiad\u00e1s (2LP) &#8211; GR1993 Records\",\"isPartOf\":{\"@id\":\"https:\/\/gr1993records.com\/#website\"},\"primaryImageOfPage\":{\"@id\":\"https:\/\/gr1993records.com\/index.php\/product\/djabe-witchi-tai-to-2lp-20-eves-jubileumi-kiadas-2lp\/#primaryimage\"},\"image\":{\"@id\":\"https:\/\/gr1993records.com\/index.php\/product\/djabe-witchi-tai-to-2lp-20-eves-jubileumi-kiadas-2lp\/#primaryimage\"},\"thumbnailUrl\":\"https:\/\/gr1993records.com\/wp-content\/uploads\/2019\/09\/kiadvany_djabe_witchitaito_2LP_front.jpg\",\"datePublished\":\"2009-09-01T06:36:50+00:00\",\"dateModified\":\"2026-03-31T10:08:53+00:00\",\"breadcrumb\":{\"@id\":\"https:\/\/gr1993records.com\/index.php\/product\/djabe-witchi-tai-to-2lp-20-eves-jubileumi-kiadas-2lp\/#breadcrumb\"},\"inLanguage\":\"hu\",\"potentialAction\":[{\"@type\":\"ReadAction\",\"target\":[\"https:\/\/gr1993records.com\/index.php\/product\/djabe-witchi-tai-to-2lp-20-eves-jubileumi-kiadas-2lp\/\"]}]},{\"@type\":\"ImageObject\",\"inLanguage\":\"hu\",\"@id\":\"https:\/\/gr1993records.com\/index.php\/product\/djabe-witchi-tai-to-2lp-20-eves-jubileumi-kiadas-2lp\/#primaryimage\",\"url\":\"https:\/\/gr1993records.com\/wp-content\/uploads\/2019\/09\/kiadvany_djabe_witchitaito_2LP_front.jpg\",\"contentUrl\":\"https:\/\/gr1993records.com\/wp-content\/uploads\/2019\/09\/kiadvany_djabe_witchitaito_2LP_front.jpg\",\"width\":1000,\"height\":1000,\"caption\":\"Djabe \u2013 Witchi Tai To 20th Anniversary Edition (2LP) cover\"},{\"@type\":\"BreadcrumbList\",\"@id\":\"https:\/\/gr1993records.com\/index.php\/product\/djabe-witchi-tai-to-2lp-20-eves-jubileumi-kiadas-2lp\/#breadcrumb\",\"itemListElement\":[{\"@type\":\"ListItem\",\"position\":1,\"name\":\"Home\",\"item\":\"https:\/\/gr1993records.com\/\"},{\"@type\":\"ListItem\",\"position\":2,\"name\":\"Kiadv\u00e1nyok\",\"item\":\"https:\/\/gr1993records.com\/index.php\/shop\/\"},{\"@type\":\"ListItem\",\"position\":3,\"name\":\"[:hu]Djabe Witchi Tai To 2LP 20 \u00e9ves jubileumi kiad\u00e1s (2LP)[:en]Djabe Witchi Tai To 2LP 20th anniversary edition (2LP)[:]\"}]},{\"@type\":\"WebSite\",\"@id\":\"https:\/\/gr1993records.com\/#website\",\"url\":\"https:\/\/gr1993records.com\/\",\"name\":\"GR1993 Records\",\"description\":\"\",\"publisher\":{\"@id\":\"https:\/\/gr1993records.com\/#organization\"},\"potentialAction\":[{\"@type\":\"SearchAction\",\"target\":{\"@type\":\"EntryPoint\",\"urlTemplate\":\"https:\/\/gr1993records.com\/?s={search_term_string}\"},\"query-input\":{\"@type\":\"PropertyValueSpecification\",\"valueRequired\":true,\"valueName\":\"search_term_string\"}}],\"inLanguage\":\"hu\"},{\"@type\":\"Organization\",\"@id\":\"https:\/\/gr1993records.com\/#organization\",\"name\":\"Gramy-H Ltd.\",\"url\":\"https:\/\/gr1993records.com\/\",\"logo\":{\"@type\":\"ImageObject\",\"inLanguage\":\"hu\",\"@id\":\"https:\/\/gr1993records.com\/#\/schema\/logo\/image\/\",\"url\":\"https:\/\/gr1993records.com\/wp-content\/uploads\/2019\/08\/GR1993_Records_logo_CC.png\",\"contentUrl\":\"https:\/\/gr1993records.com\/wp-content\/uploads\/2019\/08\/GR1993_Records_logo_CC.png\",\"width\":2900,\"height\":2001,\"caption\":\"Gramy-H Ltd.\"},\"image\":{\"@id\":\"https:\/\/gr1993records.com\/#\/schema\/logo\/image\/\"},\"sameAs\":[\"https:\/\/www.facebook.com\/GR1993Records-113564886691383\/\"]}]}<\/script>\n<!-- \/ Yoast SEO plugin. -->","yoast_head_json":{"title":"Djabe Witchi Tai To 2LP 20 \u00e9ves jubileumi kiad\u00e1s (2LP) &#8211; GR1993 Records","robots":{"index":"index","follow":"follow","max-snippet":"max-snippet:-1","max-image-preview":"max-image-preview:large","max-video-preview":"max-video-preview:-1"},"canonical":"https:\/\/gr1993records.com\/index.php\/product\/djabe-witchi-tai-to-2lp-20-eves-jubileumi-kiadas-2lp\/","og_locale":"hu_HU","og_type":"article","og_title":"Djabe Witchi Tai To 2LP 20 \u00e9ves jubileumi kiad\u00e1s (2LP) &#8211; GR1993 Records","og_description":"[:hu]A Witchi Tai To a Djabe t\u00f6rt\u00e9net\u00e9nek egyik legsikeresebb lemeze. 1998-ban jelent meg, \u00e9s kiv\u00e1l\u00f3 zenei \u00e9s hang min\u0151s\u00e9ge miatt hamar n\u00e9pszer\u0171 lett a Hi-Fi \u00e9s High-End berendez\u00e9seken zen\u00e9t hallgat\u00f3k k\u00f6r\u00e9ben. A jubileumi album f\u00e9lsebess\u00e9ges v\u00e1g\u00e1s\u00e1t a vadonat \u00faj anal\u00f3g mesterszalagokr\u00f3l Miles Showell k\u00e9sz\u00edtette az Abbey Road Studios masztering m\u0171hely\u00e9ben. 2 x 180gr, 45RPM.[:en]Witchi Tai To was, and still is, one of the most successful albums of Djabe. Released in 1998, it became a yardstick for Hi-Fi and High-End enthusiasts because of its exceptional musical and sound quality. Half-speed cut of this anniversary edition done by Miles Showell in Abbey Road Studios, London, from brand new analogue master tapes. 2 x 180gr, 45RPM.[:]","og_url":"https:\/\/gr1993records.com\/index.php\/product\/djabe-witchi-tai-to-2lp-20-eves-jubileumi-kiadas-2lp\/","og_site_name":"GR1993 Records","article_publisher":"https:\/\/www.facebook.com\/GR1993Records-113564886691383\/","article_modified_time":"2026-03-31T10:08:53+00:00","og_image":[{"width":1000,"height":1000,"url":"https:\/\/gr1993records.com\/wp-content\/uploads\/2019\/09\/kiadvany_djabe_witchitaito_2LP_front.jpg","type":"image\/jpeg"}],"twitter_card":"summary_large_image","twitter_misc":{"Becs\u00fclt olvas\u00e1si id\u0151":"8 perc"},"schema":{"@context":"https:\/\/schema.org","@graph":[{"@type":"WebPage","@id":"https:\/\/gr1993records.com\/index.php\/product\/djabe-witchi-tai-to-2lp-20-eves-jubileumi-kiadas-2lp\/","url":"https:\/\/gr1993records.com\/index.php\/product\/djabe-witchi-tai-to-2lp-20-eves-jubileumi-kiadas-2lp\/","name":"Djabe Witchi Tai To 2LP 20 \u00e9ves jubileumi kiad\u00e1s (2LP) &#8211; GR1993 Records","isPartOf":{"@id":"https:\/\/gr1993records.com\/#website"},"primaryImageOfPage":{"@id":"https:\/\/gr1993records.com\/index.php\/product\/djabe-witchi-tai-to-2lp-20-eves-jubileumi-kiadas-2lp\/#primaryimage"},"image":{"@id":"https:\/\/gr1993records.com\/index.php\/product\/djabe-witchi-tai-to-2lp-20-eves-jubileumi-kiadas-2lp\/#primaryimage"},"thumbnailUrl":"https:\/\/gr1993records.com\/wp-content\/uploads\/2019\/09\/kiadvany_djabe_witchitaito_2LP_front.jpg","datePublished":"2009-09-01T06:36:50+00:00","dateModified":"2026-03-31T10:08:53+00:00","breadcrumb":{"@id":"https:\/\/gr1993records.com\/index.php\/product\/djabe-witchi-tai-to-2lp-20-eves-jubileumi-kiadas-2lp\/#breadcrumb"},"inLanguage":"hu","potentialAction":[{"@type":"ReadAction","target":["https:\/\/gr1993records.com\/index.php\/product\/djabe-witchi-tai-to-2lp-20-eves-jubileumi-kiadas-2lp\/"]}]},{"@type":"ImageObject","inLanguage":"hu","@id":"https:\/\/gr1993records.com\/index.php\/product\/djabe-witchi-tai-to-2lp-20-eves-jubileumi-kiadas-2lp\/#primaryimage","url":"https:\/\/gr1993records.com\/wp-content\/uploads\/2019\/09\/kiadvany_djabe_witchitaito_2LP_front.jpg","contentUrl":"https:\/\/gr1993records.com\/wp-content\/uploads\/2019\/09\/kiadvany_djabe_witchitaito_2LP_front.jpg","width":1000,"height":1000,"caption":"Djabe \u2013 Witchi Tai To 20th Anniversary Edition (2LP) cover"},{"@type":"BreadcrumbList","@id":"https:\/\/gr1993records.com\/index.php\/product\/djabe-witchi-tai-to-2lp-20-eves-jubileumi-kiadas-2lp\/#breadcrumb","itemListElement":[{"@type":"ListItem","position":1,"name":"Home","item":"https:\/\/gr1993records.com\/"},{"@type":"ListItem","position":2,"name":"Kiadv\u00e1nyok","item":"https:\/\/gr1993records.com\/index.php\/shop\/"},{"@type":"ListItem","position":3,"name":"[:hu]Djabe Witchi Tai To 2LP 20 \u00e9ves jubileumi kiad\u00e1s (2LP)[:en]Djabe Witchi Tai To 2LP 20th anniversary edition (2LP)[:]"}]},{"@type":"WebSite","@id":"https:\/\/gr1993records.com\/#website","url":"https:\/\/gr1993records.com\/","name":"GR1993 Records","description":"","publisher":{"@id":"https:\/\/gr1993records.com\/#organization"},"potentialAction":[{"@type":"SearchAction","target":{"@type":"EntryPoint","urlTemplate":"https:\/\/gr1993records.com\/?s={search_term_string}"},"query-input":{"@type":"PropertyValueSpecification","valueRequired":true,"valueName":"search_term_string"}}],"inLanguage":"hu"},{"@type":"Organization","@id":"https:\/\/gr1993records.com\/#organization","name":"Gramy-H Ltd.","url":"https:\/\/gr1993records.com\/","logo":{"@type":"ImageObject","inLanguage":"hu","@id":"https:\/\/gr1993records.com\/#\/schema\/logo\/image\/","url":"https:\/\/gr1993records.com\/wp-content\/uploads\/2019\/08\/GR1993_Records_logo_CC.png","contentUrl":"https:\/\/gr1993records.com\/wp-content\/uploads\/2019\/08\/GR1993_Records_logo_CC.png","width":2900,"height":2001,"caption":"Gramy-H Ltd."},"image":{"@id":"https:\/\/gr1993records.com\/#\/schema\/logo\/image\/"},"sameAs":["https:\/\/www.facebook.com\/GR1993Records-113564886691383\/"]}]}},"jetpack_sharing_enabled":true,"_links":{"self":[{"href":"https:\/\/gr1993records.com\/index.php\/wp-json\/wp\/v2\/product\/5204","targetHints":{"allow":["GET"]}}],"collection":[{"href":"https:\/\/gr1993records.com\/index.php\/wp-json\/wp\/v2\/product"}],"about":[{"href":"https:\/\/gr1993records.com\/index.php\/wp-json\/wp\/v2\/types\/product"}],"wp:featuredmedia":[{"embeddable":true,"href":"https:\/\/gr1993records.com\/index.php\/wp-json\/wp\/v2\/media\/5206"}],"wp:attachment":[{"href":"https:\/\/gr1993records.com\/index.php\/wp-json\/wp\/v2\/media?parent=5204"}],"wp:term":[{"taxonomy":"product_brand","embeddable":true,"href":"https:\/\/gr1993records.com\/index.php\/wp-json\/wp\/v2\/product_brand?post=5204"},{"taxonomy":"product_cat","embeddable":true,"href":"https:\/\/gr1993records.com\/index.php\/wp-json\/wp\/v2\/product_cat?post=5204"},{"taxonomy":"product_tag","embeddable":true,"href":"https:\/\/gr1993records.com\/index.php\/wp-json\/wp\/v2\/product_tag?post=5204"}],"curies":[{"name":"wp","href":"https:\/\/api.w.org\/{rel}","templated":true}]}}