{"id":5178,"date":"2009-09-16T14:30:19","date_gmt":"2009-09-16T12:30:19","guid":{"rendered":"http:\/\/gr1993records.com\/?post_type=product&#038;p=5178"},"modified":"2026-03-31T12:08:42","modified_gmt":"2026-03-31T10:08:42","slug":"djabe-update2lp","status":"publish","type":"product","link":"https:\/\/gr1993records.com\/index.php\/product\/djabe-update2lp\/","title":{"rendered":"Djabe <br\/>Update <br\/>(2LP)"},"content":{"rendered":"<p>[vc_row][vc_column][vc_column_text]A 2001-ben els\u0151 alkalommal meg\u00fajult Djabe Update c\u00edm\u0171 lemeze mindj\u00e1rt a m\u00e1jusi megjelen\u00e9s ut\u00e1n eMeRTon d\u00edjat hozott a zenekarnak. A szakmai bizotts\u00e1g az \u00c9v World Music Zenekara c\u00edmet adom\u00e1nyozta a Djab\u00e9nak. A komoly elismer\u00e9s azonban nem \u00e1llt meg az orsz\u00e1ghat\u00e1rokn\u00e1l, hiszen ennek az albumnak hat\u00e1s\u00e1ra kapta els\u0151 k\u00fclf\u00f6ldi megh\u00edv\u00e1sait az egy\u00fcttes. Az\u00f3ta m\u00e1r k\u00f6zel 50 orsz\u00e1gban szerepeltek sikerrel.<\/p>\n<p>A 2001-es meg\u00fajul\u00e1s sor\u00e1n a zenekarba \u00faj sz\u00f3lista \u00e9rkezett, Kov\u00e1cs Ferenc szem\u00e9ly\u00e9ben, aki trombit\u00e1n \u00e9s heged\u0171n is gazdag\u00edtotta a hangz\u00e1st. Sipos Andr\u00e1s \u00fct\u0151hangszeres mell\u00e9 a fiatal dobos, Banai Szil\u00e1rd ker\u00fclt, akivel j\u00f3l kieg\u00e9sz\u00edtve egym\u00e1st kit\u0171n\u0151 \u00fct\u0151s szekci\u00f3t alkottak. Teljesen \u00faj funkci\u00f3 volt a zenekar t\u00f6rt\u00e9net\u00e9ben a billenty\u0171s Kov\u00e1cs Zolt\u00e1n \u00e9rkez\u00e9se. A r\u00e9gi tagok k\u00f6z\u00fcl Sipos Andr\u00e1s mellett Barab\u00e1s Tam\u00e1s basszusgit\u00e1ros \u00e9s \u00c9gerh\u00e1zi Attila git\u00e1ros maradtak a zenekarban, mivel Muck Ferenc szaxofonos az \u00e9v v\u00e9g\u00e9n t\u00e1vozott az egy\u00fcttesb\u0151l. 1997-t\u0151l 2000-ig a Djabe hangz\u00e1s\u00e1t er\u0151sen meghat\u00e1rozta a szaxofon, \u00edgy joggal mer\u00fclt fel az ig\u00e9ny, hogy ez a hangszer tov\u00e1bbra is legyen jelen. A szaxofonos Londonb\u00f3l \u00e9rkezett, a vil\u00e1gsz\u00ednvonal\u00fa muzsikus Ben Castle szem\u00e9ly\u00e9ben, aki mag\u00e1val hozta fuvol\u00e1j\u00e1t \u00e9s a basszusklarin\u00e9tot is. Az Update felv\u00e9telein k\u00f6zrem\u0171k\u00f6d\u00f6tt m\u00e9g a Magyarorsz\u00e1gon \u00e9l\u0151, marokk\u00f3i \u00e9nekes-\u00fct\u0151hangszeres Sa\u00efd Tichiti is, aki jellegzetes marokk\u00f3i n\u00e9pies gembri j\u00e1t\u00e9k\u00e1val \u00e9s \u00e9nekhangj\u00e1val k\u00fcl\u00f6nleges \u00edzt adott a First Step c\u00edm\u0171 kompoz\u00edci\u00f3nak.<\/p>\n<p>A zene a Djabe 1996-2000 k\u00f6z\u00f6tti world music domin\u00e1ns hangz\u00e1s\u00e1hoz k\u00e9pest \u00f6sszetettebb lett \u00e9s elmozdult a jazz ir\u00e1ny\u00e1ba is. Ez nagyban k\u00f6sz\u00f6nhet\u0151 Barab\u00e1s Tam\u00e1s szerzem\u00e9nyeinek, melynek nagy r\u00e9sz\u00e9t \u00c9gerh\u00e1zi Attil\u00e1val k\u00f6z\u00f6sen jegyzi.[\/vc_column_text][vc_gallery type=&#8221;image_grid&#8221; images=&#8221;5184,5185,5186&#8243; img_size=&#8221;medium&#8221;][vc_column_text]Az eMeRTon d\u00edj mellett a CD-t Magyar Zenei D\u00edjra is jel\u00f6lt\u00e9k, mely mutatja, hogy a zenekar tov\u00e1bbra is n\u00e9pszer\u0171 volt a hazai k\u00f6z\u00f6ns\u00e9g k\u00f6r\u00e9ben is. A kiadv\u00e1ny eredetileg CD-n \u00e9s kazett\u00e1n jelent meg. 2011-ben elk\u00e9sz\u00fclt az album surround kever\u00e9se, melyet DVD-Audio lemezen adtak ki k\u00e9t v\u00e1ltozatban is. Az egylemezes csomagol\u00e1s mellett k\u00e9sz\u00fclt egy dupla DVD v\u00e1ltozat is. A m\u00e1sodik DVD-n a 2001-es szolnoki bemutat\u00f3 koncert hallhat\u00f3 teljes hossz\u00fas\u00e1gban szint\u00e9n 5.1 hanggal, valamint rengeteg dokumentum \u00e9s TV felv\u00e9tel ebb\u0151l az id\u0151szakb\u00f3l. A 2011-es deluxe kiad\u00e1sra \u00faj kever\u00e9s nem k\u00e9sz\u00fclt, a zenekar annyira el\u00e9gedett volt Barab\u00e1s Tam\u00e1s 2001-es hangm\u00e9rn\u00f6ki munk\u00e1j\u00e1val, hogy nem l\u00e1tt\u00e1k \u00e9rtelm\u00e9t hozz\u00e1ny\u00falni a hangk\u00e9phez.<\/p>\n<p>A Djabe 2018-ban elhat\u00e1rozta, hogy vinyl hanghordoz\u00f3n is hozz\u00e1f\u00e9rhet\u0151v\u00e9 teszi az Update albumot, m\u00e9gpedig a lehet\u0151 legjobb hangmin\u0151s\u00e9gben. Ennek \u00e9rdek\u00e9ben \u00c9gerh\u00e1zi Attila \u00faj anal\u00f3g mesterszalagokat k\u00e9sz\u00edtett a 2001-es kever\u00e9sr\u0151l. Ezeket a szalagokat vitte mag\u00e1val Londonba az Abbey Road Studios 30-as sz\u00e1m\u00fa mastering helyis\u00e9g\u00e9be, ahol a vil\u00e1g egyik legelismertebb mastering \u00e9s v\u00e1g\u00f3m\u00e9rn\u00f6k\u00e9nek seg\u00edts\u00e9g\u00e9vel elk\u00e9sz\u00fclt az anal\u00f3g szalagokr\u00f3l a f\u00e9lsebess\u00e9ges lakklemez master. A f\u00e9lsebess\u00e9ges v\u00e1g\u00e1s (half-speed cut) a norm\u00e1l sebess\u00e9ges elj\u00e1r\u00e1shoz k\u00e9pest sokkal jobb min\u0151s\u00e9get biztos\u00edt, mivel a v\u00e1g\u00f3t\u0171 pontosabban tudja bar\u00e1zd\u00e1kba v\u00e1gni az inform\u00e1ci\u00f3t. Ez a jobb min\u0151s\u00e9g m\u00e9g nagyobb jelent\u0151s\u00e9get kap, ha a lemez nem 33-as fordulatsz\u00e1m\u00fa, hanem 45-\u00f6s (45 RPM). A le\u00edrt elj\u00e1r\u00e1ssal biztos\u00edtott\u00e1k, hogy a lehet\u0151 legjobb mesterlemez ker\u00fclj\u00f6n a gy\u00e1rba. A zenekar Eur\u00f3pa legjobb min\u0151s\u00e9get biztos\u00edt\u00f3 pr\u00e9s\u00fczem\u00e9ben rendelte meg a nyom\u00e1st, mely nem m\u00e1s, mint a hollandiai Record Industry. A t\u00f6k\u00e9letes audiophyl kivitel \u00e9rdek\u00e9ben mindk\u00e9t lemez 180g-os. A le\u00edrt technol\u00f3giai gondoss\u00e1g minden v\u00e1rakoz\u00e1st fel\u00fclm\u00falt. Az Update album sohasem sz\u00f3lt m\u00e9g ilyen nagyszer\u0171en. Igazi high-end tesztlemez min\u0151s\u00e9g.<\/p>\n<p>Az album meghallgat\u00e1sa a 45-\u00f6s fordulat ellen\u00e9re sem jelent t\u00fal gyors lemezoldal ford\u00edt\u00e1sokat, hiszen mind a n\u00e9gy oldal 15 perces vagy ann\u00e1l hosszabb j\u00e1t\u00e9kidej\u0171.[\/vc_column_text][vc_separator][vc_column_text]<strong>K\u00f6zrem\u0171k\u00f6d\u0151 zen\u00e9szek<\/strong><br \/>\nBarab\u00e1s Tam\u00e1s \u2013 basszusgit\u00e1r, szintetiz\u00e1tor, \u00fct\u0151hangszerek<br \/>\n\u00c9gerh\u00e1zi Attila \u2013 git\u00e1r, git\u00e1rszintetiz\u00e1tor<br \/>\nSipos Andr\u00e1s \u2013 \u00e9nek, \u00fct\u0151hangszerek<br \/>\nKov\u00e1cs Ferenc \u2013 trombita, sz\u00e1rnyk\u00fcrt, heged\u0171, \u00e9nek<br \/>\nKov\u00e1cs Zolt\u00e1n \u2013 zongora, billenty\u0171s hangszerek<br \/>\nBanai Szil\u00e1rd \u2013 dobok<br \/>\nBen Castle \u2013 szopr\u00e1n \u00e9s tenor szaxofon, basszus klarin\u00e9t, fuvola<br \/>\nSa\u00efd Tichiti \u2013 \u00e9nek, gembri[\/vc_column_text][vc_separator][vc_column_text]<a href=\"http:\/\/gr1993records.magex.hu\/index.php\/quality-vinyl-projects\/\"><strong>Quality Vinyl Projects kiadv\u00e1ny<\/strong><\/a><\/p>\n<p>Az album a fizikai hanghordoz\u00f3k k\u00f6z\u00fcl kiz\u00e1r\u00f3lag vinyl lemezen jelent meg. A kiad\u00e1st \u00e9s a gy\u00e1rt\u00e1st a Gramy-H Kft Quality Vinyl Projects szolg\u00e1ltat\u00e1sa koordin\u00e1lta. A QVP l\u00e9nyege, hogy kiz\u00e1r\u00f3lag kiv\u00e1l\u00f3 min\u0151s\u00e9g\u0171 maszterek felhaszn\u00e1l\u00e1s\u00e1val, Eur\u00f3pa legjobb v\u00e1g\u00f3 m\u0171helyeiben k\u00e9sz\u00edtett mesterlemezekr\u0151l, a kontinens legjobb min\u0151s\u00e9gben dolgoz\u00f3 gy\u00e1r\u00e1ban, a holland Record Industryban k\u00e9sz\u00fcl a sorozatgy\u00e1rt\u00e1s. A lemezek a Music On Vinyl sorozatn\u00e1l megszokott dombornyomott, ez\u00fattal QVP log\u00f3val, vastag k\u00fcls\u0151 \u00e1tl\u00e1tsz\u00f3 m\u0171anyag borit\u00f3ban ker\u00fclnek forgalomba. A Quality Vinyl Projects min\u0151s\u00e9g\u00e9t a nemzetk\u00f6zileg elismert Djabe kiadv\u00e1nyok f\u00e9mjelezt\u00e9k eddig, de mostant\u00f3l m\u00e1s zenekarok sz\u00e1m\u00e1ra is el\u00e9rhet\u0151 a szolg\u00e1ltat\u00e1s a felv\u00e9tel k\u00e9sz\u00edt\u00e9st\u0151l, a kever\u00e9sen \u00e9s az anal\u00f3g maszteren \u00e1t, a v\u00e1g\u00e1s \u00e9s gy\u00e1rt\u00e1s minden f\u00e1zis\u00e1ig.[\/vc_column_text][vc_btn title=&#8221;Tov\u00e1bb a szolg\u00e1ltat\u00e1s oldal\u00e1ra&#8221; style=&#8221;outline-custom&#8221; outline_custom_color=&#8221;#005681&#8243; outline_custom_hover_background=&#8221;#005681&#8243; outline_custom_hover_text=&#8221;#ffffff&#8221; shape=&#8221;square&#8221; link=&#8221;url:http%3A%2F%2Fgr1993records.com%2Findex.php%2Fquality-vinyl-projects%2F|title:Quality%20Vinyl%20Projects|target:%20_blank|&#8221; el_class=&#8221;qvp-btn&#8221;][vc_separator][vc_video link=&#8221;https:\/\/youtu.be\/tZkWJzqpkSE&#8221; align=&#8221;center&#8221;][\/vc_column][\/vc_row]<\/p>","protected":false},"excerpt":{"rendered":"<p>A Djabe 2001-es eMeRTon d\u00edjas albuma el\u0151sz\u00f6r \u00e9rhet\u0151 el vinyl lemezen. A f\u00e9lsebess\u00e9ges v\u00e1g\u00e1st az Abbey Road Studio vil\u00e1gh\u00edr\u0171 v\u00e1g\u00f3m\u00e9rn\u00f6ke, Miles Showell v\u00e9gezte, az \u00c9gerh\u00e1zi Attila \u00e1ltal 2018-ban \u00fajramaszterelt anal\u00f3g mesterszalagokr\u00f3l.<\/p>\n","protected":false},"featured_media":5180,"template":"","meta":[],"product_brand":[],"product_cat":[91],"product_tag":[],"class_list":{"0":"post-5178","1":"product","2":"type-product","3":"status-publish","4":"has-post-thumbnail","6":"product_cat-lp","7":"yith_product_brand-djabe","8":"col-12 col-sm-6 col-md-4","10":"first","11":"instock","12":"sale","13":"shipping-taxable","14":"purchasable","15":"product-type-simple"},"yoast_head":"<!-- This site is optimized with the Yoast SEO plugin v27.2 - https:\/\/yoast.com\/product\/yoast-seo-wordpress\/ -->\n<title>Djabe Update (2LP) &#8211; GR1993 Records<\/title>\n<meta name=\"robots\" content=\"index, follow, max-snippet:-1, max-image-preview:large, max-video-preview:-1\" \/>\n<link rel=\"canonical\" href=\"https:\/\/gr1993records.com\/index.php\/product\/djabe-update2lp\/\" \/>\n<meta property=\"og:locale\" content=\"hu_HU\" \/>\n<meta property=\"og:type\" content=\"article\" \/>\n<meta property=\"og:title\" content=\"Djabe Update (2LP) &#8211; GR1993 Records\" \/>\n<meta property=\"og:description\" content=\"[:hu]A Djabe 2001-es eMeRTon d\u00edjas albuma el\u0151sz\u00f6r \u00e9rhet\u0151 el vinyl lemezen. A f\u00e9lsebess\u00e9ges v\u00e1g\u00e1st az Abbey Road Studio vil\u00e1gh\u00edr\u0171 v\u00e1g\u00f3m\u00e9rn\u00f6ke, Miles Showell v\u00e9gezte, az \u00c9gerh\u00e1zi Attila \u00e1ltal 2018-ban \u00fajramaszterelt anal\u00f3g mesterszalagokr\u00f3l.[:en]Djabe\u2019s eMeRTon award-winner album from 2001 is available on vinyl the first time. Half-speed cut made by the world-renown Miles Showell, audio engineer of Abbey Road Studio, London from analogue master tapes remastered by Attila \u00c9gerh\u00e1zi in 2018.[:]\" \/>\n<meta property=\"og:url\" content=\"https:\/\/gr1993records.com\/index.php\/product\/djabe-update2lp\/\" \/>\n<meta property=\"og:site_name\" content=\"GR1993 Records\" \/>\n<meta property=\"article:publisher\" content=\"https:\/\/www.facebook.com\/GR1993Records-113564886691383\/\" \/>\n<meta property=\"article:modified_time\" content=\"2026-03-31T10:08:42+00:00\" \/>\n<meta property=\"og:image\" content=\"https:\/\/gr1993records.com\/wp-content\/uploads\/2019\/09\/kiadvany_djabe_update_LP_front.jpg\" \/>\n\t<meta property=\"og:image:width\" content=\"1000\" \/>\n\t<meta property=\"og:image:height\" content=\"1000\" \/>\n\t<meta property=\"og:image:type\" content=\"image\/jpeg\" \/>\n<meta name=\"twitter:card\" content=\"summary_large_image\" \/>\n<meta name=\"twitter:label1\" content=\"Becs\u00fclt olvas\u00e1si id\u0151\" \/>\n\t<meta name=\"twitter:data1\" content=\"10 perc\" \/>\n<script type=\"application\/ld+json\" class=\"yoast-schema-graph\">{\"@context\":\"https:\/\/schema.org\",\"@graph\":[{\"@type\":\"WebPage\",\"@id\":\"https:\/\/gr1993records.com\/index.php\/product\/djabe-update2lp\/\",\"url\":\"https:\/\/gr1993records.com\/index.php\/product\/djabe-update2lp\/\",\"name\":\"Djabe Update (2LP) &#8211; GR1993 Records\",\"isPartOf\":{\"@id\":\"https:\/\/gr1993records.com\/#website\"},\"primaryImageOfPage\":{\"@id\":\"https:\/\/gr1993records.com\/index.php\/product\/djabe-update2lp\/#primaryimage\"},\"image\":{\"@id\":\"https:\/\/gr1993records.com\/index.php\/product\/djabe-update2lp\/#primaryimage\"},\"thumbnailUrl\":\"https:\/\/gr1993records.com\/wp-content\/uploads\/2019\/09\/kiadvany_djabe_update_LP_front.jpg\",\"datePublished\":\"2009-09-16T12:30:19+00:00\",\"dateModified\":\"2026-03-31T10:08:42+00:00\",\"breadcrumb\":{\"@id\":\"https:\/\/gr1993records.com\/index.php\/product\/djabe-update2lp\/#breadcrumb\"},\"inLanguage\":\"hu\",\"potentialAction\":[{\"@type\":\"ReadAction\",\"target\":[\"https:\/\/gr1993records.com\/index.php\/product\/djabe-update2lp\/\"]}]},{\"@type\":\"ImageObject\",\"inLanguage\":\"hu\",\"@id\":\"https:\/\/gr1993records.com\/index.php\/product\/djabe-update2lp\/#primaryimage\",\"url\":\"https:\/\/gr1993records.com\/wp-content\/uploads\/2019\/09\/kiadvany_djabe_update_LP_front.jpg\",\"contentUrl\":\"https:\/\/gr1993records.com\/wp-content\/uploads\/2019\/09\/kiadvany_djabe_update_LP_front.jpg\",\"width\":1000,\"height\":1000,\"caption\":\"Djabe \u2013 Update (LP) cover\"},{\"@type\":\"BreadcrumbList\",\"@id\":\"https:\/\/gr1993records.com\/index.php\/product\/djabe-update2lp\/#breadcrumb\",\"itemListElement\":[{\"@type\":\"ListItem\",\"position\":1,\"name\":\"Home\",\"item\":\"https:\/\/gr1993records.com\/\"},{\"@type\":\"ListItem\",\"position\":2,\"name\":\"Kiadv\u00e1nyok\",\"item\":\"https:\/\/gr1993records.com\/index.php\/shop\/\"},{\"@type\":\"ListItem\",\"position\":3,\"name\":\"Djabe Update (2LP)\"}]},{\"@type\":\"WebSite\",\"@id\":\"https:\/\/gr1993records.com\/#website\",\"url\":\"https:\/\/gr1993records.com\/\",\"name\":\"GR1993 Records\",\"description\":\"\",\"publisher\":{\"@id\":\"https:\/\/gr1993records.com\/#organization\"},\"potentialAction\":[{\"@type\":\"SearchAction\",\"target\":{\"@type\":\"EntryPoint\",\"urlTemplate\":\"https:\/\/gr1993records.com\/?s={search_term_string}\"},\"query-input\":{\"@type\":\"PropertyValueSpecification\",\"valueRequired\":true,\"valueName\":\"search_term_string\"}}],\"inLanguage\":\"hu\"},{\"@type\":\"Organization\",\"@id\":\"https:\/\/gr1993records.com\/#organization\",\"name\":\"Gramy-H Ltd.\",\"url\":\"https:\/\/gr1993records.com\/\",\"logo\":{\"@type\":\"ImageObject\",\"inLanguage\":\"hu\",\"@id\":\"https:\/\/gr1993records.com\/#\/schema\/logo\/image\/\",\"url\":\"https:\/\/gr1993records.com\/wp-content\/uploads\/2019\/08\/GR1993_Records_logo_CC.png\",\"contentUrl\":\"https:\/\/gr1993records.com\/wp-content\/uploads\/2019\/08\/GR1993_Records_logo_CC.png\",\"width\":2900,\"height\":2001,\"caption\":\"Gramy-H Ltd.\"},\"image\":{\"@id\":\"https:\/\/gr1993records.com\/#\/schema\/logo\/image\/\"},\"sameAs\":[\"https:\/\/www.facebook.com\/GR1993Records-113564886691383\/\"]}]}<\/script>\n<!-- \/ Yoast SEO plugin. -->","yoast_head_json":{"title":"Djabe Update (2LP) &#8211; GR1993 Records","robots":{"index":"index","follow":"follow","max-snippet":"max-snippet:-1","max-image-preview":"max-image-preview:large","max-video-preview":"max-video-preview:-1"},"canonical":"https:\/\/gr1993records.com\/index.php\/product\/djabe-update2lp\/","og_locale":"hu_HU","og_type":"article","og_title":"Djabe Update (2LP) &#8211; GR1993 Records","og_description":"[:hu]A Djabe 2001-es eMeRTon d\u00edjas albuma el\u0151sz\u00f6r \u00e9rhet\u0151 el vinyl lemezen. A f\u00e9lsebess\u00e9ges v\u00e1g\u00e1st az Abbey Road Studio vil\u00e1gh\u00edr\u0171 v\u00e1g\u00f3m\u00e9rn\u00f6ke, Miles Showell v\u00e9gezte, az \u00c9gerh\u00e1zi Attila \u00e1ltal 2018-ban \u00fajramaszterelt anal\u00f3g mesterszalagokr\u00f3l.[:en]Djabe\u2019s eMeRTon award-winner album from 2001 is available on vinyl the first time. Half-speed cut made by the world-renown Miles Showell, audio engineer of Abbey Road Studio, London from analogue master tapes remastered by Attila \u00c9gerh\u00e1zi in 2018.[:]","og_url":"https:\/\/gr1993records.com\/index.php\/product\/djabe-update2lp\/","og_site_name":"GR1993 Records","article_publisher":"https:\/\/www.facebook.com\/GR1993Records-113564886691383\/","article_modified_time":"2026-03-31T10:08:42+00:00","og_image":[{"width":1000,"height":1000,"url":"https:\/\/gr1993records.com\/wp-content\/uploads\/2019\/09\/kiadvany_djabe_update_LP_front.jpg","type":"image\/jpeg"}],"twitter_card":"summary_large_image","twitter_misc":{"Becs\u00fclt olvas\u00e1si id\u0151":"10 perc"},"schema":{"@context":"https:\/\/schema.org","@graph":[{"@type":"WebPage","@id":"https:\/\/gr1993records.com\/index.php\/product\/djabe-update2lp\/","url":"https:\/\/gr1993records.com\/index.php\/product\/djabe-update2lp\/","name":"Djabe Update (2LP) &#8211; GR1993 Records","isPartOf":{"@id":"https:\/\/gr1993records.com\/#website"},"primaryImageOfPage":{"@id":"https:\/\/gr1993records.com\/index.php\/product\/djabe-update2lp\/#primaryimage"},"image":{"@id":"https:\/\/gr1993records.com\/index.php\/product\/djabe-update2lp\/#primaryimage"},"thumbnailUrl":"https:\/\/gr1993records.com\/wp-content\/uploads\/2019\/09\/kiadvany_djabe_update_LP_front.jpg","datePublished":"2009-09-16T12:30:19+00:00","dateModified":"2026-03-31T10:08:42+00:00","breadcrumb":{"@id":"https:\/\/gr1993records.com\/index.php\/product\/djabe-update2lp\/#breadcrumb"},"inLanguage":"hu","potentialAction":[{"@type":"ReadAction","target":["https:\/\/gr1993records.com\/index.php\/product\/djabe-update2lp\/"]}]},{"@type":"ImageObject","inLanguage":"hu","@id":"https:\/\/gr1993records.com\/index.php\/product\/djabe-update2lp\/#primaryimage","url":"https:\/\/gr1993records.com\/wp-content\/uploads\/2019\/09\/kiadvany_djabe_update_LP_front.jpg","contentUrl":"https:\/\/gr1993records.com\/wp-content\/uploads\/2019\/09\/kiadvany_djabe_update_LP_front.jpg","width":1000,"height":1000,"caption":"Djabe \u2013 Update (LP) cover"},{"@type":"BreadcrumbList","@id":"https:\/\/gr1993records.com\/index.php\/product\/djabe-update2lp\/#breadcrumb","itemListElement":[{"@type":"ListItem","position":1,"name":"Home","item":"https:\/\/gr1993records.com\/"},{"@type":"ListItem","position":2,"name":"Kiadv\u00e1nyok","item":"https:\/\/gr1993records.com\/index.php\/shop\/"},{"@type":"ListItem","position":3,"name":"Djabe Update (2LP)"}]},{"@type":"WebSite","@id":"https:\/\/gr1993records.com\/#website","url":"https:\/\/gr1993records.com\/","name":"GR1993 Records","description":"","publisher":{"@id":"https:\/\/gr1993records.com\/#organization"},"potentialAction":[{"@type":"SearchAction","target":{"@type":"EntryPoint","urlTemplate":"https:\/\/gr1993records.com\/?s={search_term_string}"},"query-input":{"@type":"PropertyValueSpecification","valueRequired":true,"valueName":"search_term_string"}}],"inLanguage":"hu"},{"@type":"Organization","@id":"https:\/\/gr1993records.com\/#organization","name":"Gramy-H Ltd.","url":"https:\/\/gr1993records.com\/","logo":{"@type":"ImageObject","inLanguage":"hu","@id":"https:\/\/gr1993records.com\/#\/schema\/logo\/image\/","url":"https:\/\/gr1993records.com\/wp-content\/uploads\/2019\/08\/GR1993_Records_logo_CC.png","contentUrl":"https:\/\/gr1993records.com\/wp-content\/uploads\/2019\/08\/GR1993_Records_logo_CC.png","width":2900,"height":2001,"caption":"Gramy-H Ltd."},"image":{"@id":"https:\/\/gr1993records.com\/#\/schema\/logo\/image\/"},"sameAs":["https:\/\/www.facebook.com\/GR1993Records-113564886691383\/"]}]}},"jetpack_sharing_enabled":true,"_links":{"self":[{"href":"https:\/\/gr1993records.com\/index.php\/wp-json\/wp\/v2\/product\/5178","targetHints":{"allow":["GET"]}}],"collection":[{"href":"https:\/\/gr1993records.com\/index.php\/wp-json\/wp\/v2\/product"}],"about":[{"href":"https:\/\/gr1993records.com\/index.php\/wp-json\/wp\/v2\/types\/product"}],"wp:featuredmedia":[{"embeddable":true,"href":"https:\/\/gr1993records.com\/index.php\/wp-json\/wp\/v2\/media\/5180"}],"wp:attachment":[{"href":"https:\/\/gr1993records.com\/index.php\/wp-json\/wp\/v2\/media?parent=5178"}],"wp:term":[{"taxonomy":"product_brand","embeddable":true,"href":"https:\/\/gr1993records.com\/index.php\/wp-json\/wp\/v2\/product_brand?post=5178"},{"taxonomy":"product_cat","embeddable":true,"href":"https:\/\/gr1993records.com\/index.php\/wp-json\/wp\/v2\/product_cat?post=5178"},{"taxonomy":"product_tag","embeddable":true,"href":"https:\/\/gr1993records.com\/index.php\/wp-json\/wp\/v2\/product_tag?post=5178"}],"curies":[{"name":"wp","href":"https:\/\/api.w.org\/{rel}","templated":true}]}}