{"id":5114,"date":"2019-07-09T08:00:53","date_gmt":"2019-07-09T08:00:53","guid":{"rendered":"http:\/\/gr1993records.com\/?post_type=product&#038;p=5114"},"modified":"2026-03-31T12:04:35","modified_gmt":"2026-03-31T10:04:35","slug":"istvan-alapi-nixfactor-cd","status":"publish","type":"product","link":"https:\/\/gr1993records.com\/index.php\/product\/istvan-alapi-nixfactor-cd\/","title":{"rendered":"Istv\u00e1n Alapi <br\/>niXfactor <br\/>(CD)"},"content":{"rendered":"<p>[vc_row][vc_column][vc_column_text]Ha l\u00e9tezik a sz\u00f3 val\u00f3di \u00e9rtelm\u00e9ben progressz\u00edv f\u00fazi\u00f3s album, nos, megtal\u00e1ltuk.Ne ker\u00fclgess\u00fck az \u00e1tforr\u00f3sodott er\u0151s\u00edt\u0151t: Alapi Istv\u00e1n \u00faj albuma a honi zenet\u00f6rt\u00e9nelem fontos darabja. Kiv\u00e9teles k\u00e9pess\u00e9g\u0171 zen\u00e9sz k\u00e9sz\u00edtett kiv\u00e9teles albumot. Olyan lemezt, mely p\u00e1ratlan Magyarhonban. Kor\u00e1ntsem a nemzetk\u00f6zi sz\u00ednvonal miatt. H\u00e1la Istennek, el\u0151rukkoltak ilyennel j\u00f3n\u00e9h\u00e1nyan eleddig.<br \/>\nAz \u00fczenet egyedi.<br \/>\nAlapi \u00e9vek \u00f3ta haz\u00e1nk legleg git\u00e1rosa. Technikai felk\u00e9sz\u00fclts\u00e9ge, elm\u00e9leti ismerete, emberi tulajdons\u00e1gai miatt \u2013 \u00e9s m\u00e9g hosszan sorolhatn\u00e1nk, de mivel nem \u00e9letrajzr\u00f3l vagyon sz\u00f3, maradjunk annyiban, kiv\u00e9teles szem\u00e9lyis\u00e9g.<br \/>\nA t\u00f6rt\u00e9net az\u00e9rt sz\u00e9p \u00e9s kerek, mivel egy k\u00f6zismert \u2013 Edda M\u0171vek \u2013 zen\u00e9sz megmutatja azt, mi is rejtezik a lelk\u00e9ben val\u00f3j\u00e1ban. Merthogy a \u201en\u00e9p\u201d ezt nem tudja. Mi, v\u00e1jtf\u00fcl\u0171ek persze ismerj\u00fck els\u0151 rezd\u00fcl\u00e9s\u00e9t\u0151l kezdve: m\u00e1r a Bels\u0151 vil\u00e1g c\u00edm\u0171 deb\u00fct\u00e1l\u00f3 lemeze (1996) is megrezegtette az \u00e9rt\u0151 sz\u00edveket, hogy a tavaly kiadott Live anyag\u00e1n\u00e1l m\u00e1r csak b\u00fcszk\u00e9n b\u00f3logassunk.<br \/>\nMost pedig itt a niXfactor, amely eg\u00e9szen egyszer\u0171en &#8211; pazar. Minden rezd\u00fcl\u00e9s\u00e9ben igazolja: remekm\u0171.<br \/>\nAz intro m\u00e1r sokat \u00edg\u00e9r, hogy azt\u00e1n a Love Takes Money, Mr. A durv\u00e1n mellbev\u00e1gjon: a hangulat, a technika, hogy a brut\u00e1lis basszussz\u00f3l\u00f3n\u00e1l m\u00e1r padl\u00f3t fogjunk. A Beauty and The Beast persze azonnal fel\u00e9breszt, sz\u00e9pen r\u00e1\u00e9bred\u00fcnk, hogy ez\u00a0alighanem az egyik legfontosabb magyar fusion-kompoz\u00edci\u00f3,a Desert Wing akusztikus virtuozit\u00e1sa azt\u00e1n mes\u00e9be ill\u0151en tovarep\u00edt, hogy a c\u00edmad\u00f3 szerzem\u00e9ny f\u00fazi\u00f3s progresszivit\u00e1sa v\u00e9g\u00e9rv\u00e9nyesen be\u00fcltessen abba a vil\u00e1gba, amelyet \u00fagy h\u00edvunk: csoda.<br \/>\n\u00c9s nincsen meg\u00e1ll\u00e1s, rep\u00fcl\u00fcnk tov\u00e1bb, egyik dal jobb, mint a m\u00e1sik. A So Far\u2026 c\u00edm\u0171 szerzem\u00e9nyt jobb orsz\u00e1gokban reggel-d\u00e9lben-este sug\u00e1rozn\u00e1k a r\u00e1di\u00f3ad\u00f3k, merthogy az ut\u00f3bbi \u00e9vek egyik legnagyobb sl\u00e1gere- ritka \u00e9rt\u00e9kes sl\u00e1gere persze.<br \/>\nHa azt mondom, r\u00e9gen hallottam ilyen\u00a0produkci\u00f3t, tulajdonk\u00e9ppen nem is mondtam semmit.<br \/>\n\u00c9s itt ama bizonyos \u00fczenet.<br \/>\nMint a p\u00e9lda bizony\u00edtja, lehet ezt, \u00edgy, tehets\u00e9gb\u0151l, akaratb\u00f3l, lelkesed\u00e9sb\u0151l, kitart\u00e1sb\u00f3l \u00f6sszegy\u00farni. Alapi eset\u00e9ben soha nem volt k\u00e9ts\u00e9gem: a kiv\u00e9teles tehets\u00e9g el\u0151bb-ut\u00f3bb utat t\u00f6r mag\u00e1nak.<br \/>\nMegt\u00f6rt\u00e9nt.<br \/>\nA\u00a0produkci\u00f3 dics\u0151\u00edt\u00e9sekor ki ne hagyjuk a remek zenekart: Beke M\u00e1rk (billenty\u0171s\u00f6k), Barab\u00e1s Tam\u00e1s (basszus), Banai Szil\u00e1rd (dob).<\/p>\n<p>Aki megszerzi, b\u00fcszk\u00e9n birtokolja \u2013 ritka \u00e9rt\u00e9k.<\/p>\n<p>&#8211; szil\u00e1gyi &#8211;<br \/>\nwww.riff.hu<\/p>\n<p><a href=\"http:\/\/riff.hu\/index.php?article=543\" target=\"_blank\" rel=\"noopener noreferrer\">Eredeti cikk itt olvashat\u00f3<\/a>[\/vc_column_text][\/vc_column][\/vc_row]<\/p>","protected":false},"excerpt":{"rendered":"<p>Ha l\u00e9tezik a sz\u00f3 val\u00f3di \u00e9rtelm\u00e9ben progressz\u00edv f\u00fazi\u00f3s album, nos, megtal\u00e1ltuk. Alapi Istv\u00e1n \u00faj albuma a honi zenet\u00f6rt\u00e9nelem fontos darabja. Kiv\u00e9teles k\u00e9pess\u00e9g\u0171 zen\u00e9sz k\u00e9sz\u00edtett kiv\u00e9teles albumot. Olyan lemezt, mely p\u00e1ratlan Magyarhonban.<\/p>\n","protected":false},"featured_media":5116,"template":"","meta":[],"product_brand":[],"product_cat":[92],"product_tag":[538,171],"class_list":{"0":"post-5114","1":"product","2":"type-product","3":"status-publish","4":"has-post-thumbnail","6":"product_cat-cd","7":"product_tag-alapi-istvan","8":"product_tag-jazz-rock","9":"yith_product_brand-alapi-istvan","10":"col-12 col-sm-6 col-md-4","12":"first","13":"instock","14":"sale","15":"shipping-taxable","16":"purchasable","17":"product-type-simple"},"yoast_head":"<!-- This site is optimized with the Yoast SEO plugin v27.2 - https:\/\/yoast.com\/product\/yoast-seo-wordpress\/ -->\n<title>Istv\u00e1n Alapi niXfactor (CD) &#8211; GR1993 Records<\/title>\n<meta name=\"robots\" content=\"index, follow, max-snippet:-1, max-image-preview:large, max-video-preview:-1\" \/>\n<link rel=\"canonical\" href=\"https:\/\/gr1993records.com\/index.php\/product\/istvan-alapi-nixfactor-cd\/\" \/>\n<meta property=\"og:locale\" content=\"hu_HU\" \/>\n<meta property=\"og:type\" content=\"article\" \/>\n<meta property=\"og:title\" content=\"Istv\u00e1n Alapi niXfactor (CD) &#8211; GR1993 Records\" \/>\n<meta property=\"og:description\" content=\"[:hu]Ha l\u00e9tezik a sz\u00f3 val\u00f3di \u00e9rtelm\u00e9ben progressz\u00edv f\u00fazi\u00f3s album, nos, megtal\u00e1ltuk. Alapi Istv\u00e1n \u00faj albuma a honi zenet\u00f6rt\u00e9nelem fontos darabja. Kiv\u00e9teles k\u00e9pess\u00e9g\u0171 zen\u00e9sz k\u00e9sz\u00edtett kiv\u00e9teles albumot. Olyan lemezt, mely p\u00e1ratlan Magyarhonban.[:en]If there is a true meaning of a progressive fusion album, well, we&#039;ve found it. This exceptionally talented musician has created an exceptional album. An album which is unique in the land of Hungary, but not because of its international standard, thank God, some have come up with such already. It&#039;s the message that is unique.[:]\" \/>\n<meta property=\"og:url\" content=\"https:\/\/gr1993records.com\/index.php\/product\/istvan-alapi-nixfactor-cd\/\" \/>\n<meta property=\"og:site_name\" content=\"GR1993 Records\" \/>\n<meta property=\"article:publisher\" content=\"https:\/\/www.facebook.com\/GR1993Records-113564886691383\/\" \/>\n<meta property=\"article:modified_time\" content=\"2026-03-31T10:04:35+00:00\" \/>\n<meta property=\"og:image\" content=\"https:\/\/gr1993records.com\/wp-content\/uploads\/2019\/09\/kiadvany_alapi_niXfactor_front.jpg\" \/>\n\t<meta property=\"og:image:width\" content=\"1000\" \/>\n\t<meta property=\"og:image:height\" content=\"1000\" \/>\n\t<meta property=\"og:image:type\" content=\"image\/jpeg\" \/>\n<meta name=\"twitter:card\" content=\"summary_large_image\" \/>\n<meta name=\"twitter:label1\" content=\"Becs\u00fclt olvas\u00e1si id\u0151\" \/>\n\t<meta name=\"twitter:data1\" content=\"2 perc\" \/>\n<script type=\"application\/ld+json\" class=\"yoast-schema-graph\">{\"@context\":\"https:\/\/schema.org\",\"@graph\":[{\"@type\":\"WebPage\",\"@id\":\"https:\/\/gr1993records.com\/index.php\/product\/istvan-alapi-nixfactor-cd\/\",\"url\":\"https:\/\/gr1993records.com\/index.php\/product\/istvan-alapi-nixfactor-cd\/\",\"name\":\"Istv\u00e1n Alapi niXfactor (CD) &#8211; GR1993 Records\",\"isPartOf\":{\"@id\":\"https:\/\/gr1993records.com\/#website\"},\"primaryImageOfPage\":{\"@id\":\"https:\/\/gr1993records.com\/index.php\/product\/istvan-alapi-nixfactor-cd\/#primaryimage\"},\"image\":{\"@id\":\"https:\/\/gr1993records.com\/index.php\/product\/istvan-alapi-nixfactor-cd\/#primaryimage\"},\"thumbnailUrl\":\"https:\/\/gr1993records.com\/wp-content\/uploads\/2019\/09\/kiadvany_alapi_niXfactor_front.jpg\",\"datePublished\":\"2019-07-09T08:00:53+00:00\",\"dateModified\":\"2026-03-31T10:04:35+00:00\",\"breadcrumb\":{\"@id\":\"https:\/\/gr1993records.com\/index.php\/product\/istvan-alapi-nixfactor-cd\/#breadcrumb\"},\"inLanguage\":\"hu\",\"potentialAction\":[{\"@type\":\"ReadAction\",\"target\":[\"https:\/\/gr1993records.com\/index.php\/product\/istvan-alapi-nixfactor-cd\/\"]}]},{\"@type\":\"ImageObject\",\"inLanguage\":\"hu\",\"@id\":\"https:\/\/gr1993records.com\/index.php\/product\/istvan-alapi-nixfactor-cd\/#primaryimage\",\"url\":\"https:\/\/gr1993records.com\/wp-content\/uploads\/2019\/09\/kiadvany_alapi_niXfactor_front.jpg\",\"contentUrl\":\"https:\/\/gr1993records.com\/wp-content\/uploads\/2019\/09\/kiadvany_alapi_niXfactor_front.jpg\",\"width\":1000,\"height\":1000,\"caption\":\"Alapi Istv\u00e1n \u2013 niXfactor (CD) cover\"},{\"@type\":\"BreadcrumbList\",\"@id\":\"https:\/\/gr1993records.com\/index.php\/product\/istvan-alapi-nixfactor-cd\/#breadcrumb\",\"itemListElement\":[{\"@type\":\"ListItem\",\"position\":1,\"name\":\"Home\",\"item\":\"https:\/\/gr1993records.com\/\"},{\"@type\":\"ListItem\",\"position\":2,\"name\":\"Kiadv\u00e1nyok\",\"item\":\"https:\/\/gr1993records.com\/index.php\/shop\/\"},{\"@type\":\"ListItem\",\"position\":3,\"name\":\"Istv\u00e1n Alapi niXfactor (CD)\"}]},{\"@type\":\"WebSite\",\"@id\":\"https:\/\/gr1993records.com\/#website\",\"url\":\"https:\/\/gr1993records.com\/\",\"name\":\"GR1993 Records\",\"description\":\"\",\"publisher\":{\"@id\":\"https:\/\/gr1993records.com\/#organization\"},\"potentialAction\":[{\"@type\":\"SearchAction\",\"target\":{\"@type\":\"EntryPoint\",\"urlTemplate\":\"https:\/\/gr1993records.com\/?s={search_term_string}\"},\"query-input\":{\"@type\":\"PropertyValueSpecification\",\"valueRequired\":true,\"valueName\":\"search_term_string\"}}],\"inLanguage\":\"hu\"},{\"@type\":\"Organization\",\"@id\":\"https:\/\/gr1993records.com\/#organization\",\"name\":\"Gramy-H Ltd.\",\"url\":\"https:\/\/gr1993records.com\/\",\"logo\":{\"@type\":\"ImageObject\",\"inLanguage\":\"hu\",\"@id\":\"https:\/\/gr1993records.com\/#\/schema\/logo\/image\/\",\"url\":\"https:\/\/gr1993records.com\/wp-content\/uploads\/2019\/08\/GR1993_Records_logo_CC.png\",\"contentUrl\":\"https:\/\/gr1993records.com\/wp-content\/uploads\/2019\/08\/GR1993_Records_logo_CC.png\",\"width\":2900,\"height\":2001,\"caption\":\"Gramy-H Ltd.\"},\"image\":{\"@id\":\"https:\/\/gr1993records.com\/#\/schema\/logo\/image\/\"},\"sameAs\":[\"https:\/\/www.facebook.com\/GR1993Records-113564886691383\/\"]}]}<\/script>\n<!-- \/ Yoast SEO plugin. -->","yoast_head_json":{"title":"Istv\u00e1n Alapi niXfactor (CD) &#8211; GR1993 Records","robots":{"index":"index","follow":"follow","max-snippet":"max-snippet:-1","max-image-preview":"max-image-preview:large","max-video-preview":"max-video-preview:-1"},"canonical":"https:\/\/gr1993records.com\/index.php\/product\/istvan-alapi-nixfactor-cd\/","og_locale":"hu_HU","og_type":"article","og_title":"Istv\u00e1n Alapi niXfactor (CD) &#8211; GR1993 Records","og_description":"[:hu]Ha l\u00e9tezik a sz\u00f3 val\u00f3di \u00e9rtelm\u00e9ben progressz\u00edv f\u00fazi\u00f3s album, nos, megtal\u00e1ltuk. Alapi Istv\u00e1n \u00faj albuma a honi zenet\u00f6rt\u00e9nelem fontos darabja. Kiv\u00e9teles k\u00e9pess\u00e9g\u0171 zen\u00e9sz k\u00e9sz\u00edtett kiv\u00e9teles albumot. Olyan lemezt, mely p\u00e1ratlan Magyarhonban.[:en]If there is a true meaning of a progressive fusion album, well, we've found it. This exceptionally talented musician has created an exceptional album. An album which is unique in the land of Hungary, but not because of its international standard, thank God, some have come up with such already. It's the message that is unique.[:]","og_url":"https:\/\/gr1993records.com\/index.php\/product\/istvan-alapi-nixfactor-cd\/","og_site_name":"GR1993 Records","article_publisher":"https:\/\/www.facebook.com\/GR1993Records-113564886691383\/","article_modified_time":"2026-03-31T10:04:35+00:00","og_image":[{"width":1000,"height":1000,"url":"https:\/\/gr1993records.com\/wp-content\/uploads\/2019\/09\/kiadvany_alapi_niXfactor_front.jpg","type":"image\/jpeg"}],"twitter_card":"summary_large_image","twitter_misc":{"Becs\u00fclt olvas\u00e1si id\u0151":"2 perc"},"schema":{"@context":"https:\/\/schema.org","@graph":[{"@type":"WebPage","@id":"https:\/\/gr1993records.com\/index.php\/product\/istvan-alapi-nixfactor-cd\/","url":"https:\/\/gr1993records.com\/index.php\/product\/istvan-alapi-nixfactor-cd\/","name":"Istv\u00e1n Alapi niXfactor (CD) &#8211; GR1993 Records","isPartOf":{"@id":"https:\/\/gr1993records.com\/#website"},"primaryImageOfPage":{"@id":"https:\/\/gr1993records.com\/index.php\/product\/istvan-alapi-nixfactor-cd\/#primaryimage"},"image":{"@id":"https:\/\/gr1993records.com\/index.php\/product\/istvan-alapi-nixfactor-cd\/#primaryimage"},"thumbnailUrl":"https:\/\/gr1993records.com\/wp-content\/uploads\/2019\/09\/kiadvany_alapi_niXfactor_front.jpg","datePublished":"2019-07-09T08:00:53+00:00","dateModified":"2026-03-31T10:04:35+00:00","breadcrumb":{"@id":"https:\/\/gr1993records.com\/index.php\/product\/istvan-alapi-nixfactor-cd\/#breadcrumb"},"inLanguage":"hu","potentialAction":[{"@type":"ReadAction","target":["https:\/\/gr1993records.com\/index.php\/product\/istvan-alapi-nixfactor-cd\/"]}]},{"@type":"ImageObject","inLanguage":"hu","@id":"https:\/\/gr1993records.com\/index.php\/product\/istvan-alapi-nixfactor-cd\/#primaryimage","url":"https:\/\/gr1993records.com\/wp-content\/uploads\/2019\/09\/kiadvany_alapi_niXfactor_front.jpg","contentUrl":"https:\/\/gr1993records.com\/wp-content\/uploads\/2019\/09\/kiadvany_alapi_niXfactor_front.jpg","width":1000,"height":1000,"caption":"Alapi Istv\u00e1n \u2013 niXfactor (CD) cover"},{"@type":"BreadcrumbList","@id":"https:\/\/gr1993records.com\/index.php\/product\/istvan-alapi-nixfactor-cd\/#breadcrumb","itemListElement":[{"@type":"ListItem","position":1,"name":"Home","item":"https:\/\/gr1993records.com\/"},{"@type":"ListItem","position":2,"name":"Kiadv\u00e1nyok","item":"https:\/\/gr1993records.com\/index.php\/shop\/"},{"@type":"ListItem","position":3,"name":"Istv\u00e1n Alapi niXfactor (CD)"}]},{"@type":"WebSite","@id":"https:\/\/gr1993records.com\/#website","url":"https:\/\/gr1993records.com\/","name":"GR1993 Records","description":"","publisher":{"@id":"https:\/\/gr1993records.com\/#organization"},"potentialAction":[{"@type":"SearchAction","target":{"@type":"EntryPoint","urlTemplate":"https:\/\/gr1993records.com\/?s={search_term_string}"},"query-input":{"@type":"PropertyValueSpecification","valueRequired":true,"valueName":"search_term_string"}}],"inLanguage":"hu"},{"@type":"Organization","@id":"https:\/\/gr1993records.com\/#organization","name":"Gramy-H Ltd.","url":"https:\/\/gr1993records.com\/","logo":{"@type":"ImageObject","inLanguage":"hu","@id":"https:\/\/gr1993records.com\/#\/schema\/logo\/image\/","url":"https:\/\/gr1993records.com\/wp-content\/uploads\/2019\/08\/GR1993_Records_logo_CC.png","contentUrl":"https:\/\/gr1993records.com\/wp-content\/uploads\/2019\/08\/GR1993_Records_logo_CC.png","width":2900,"height":2001,"caption":"Gramy-H Ltd."},"image":{"@id":"https:\/\/gr1993records.com\/#\/schema\/logo\/image\/"},"sameAs":["https:\/\/www.facebook.com\/GR1993Records-113564886691383\/"]}]}},"jetpack_sharing_enabled":true,"_links":{"self":[{"href":"https:\/\/gr1993records.com\/index.php\/wp-json\/wp\/v2\/product\/5114","targetHints":{"allow":["GET"]}}],"collection":[{"href":"https:\/\/gr1993records.com\/index.php\/wp-json\/wp\/v2\/product"}],"about":[{"href":"https:\/\/gr1993records.com\/index.php\/wp-json\/wp\/v2\/types\/product"}],"wp:featuredmedia":[{"embeddable":true,"href":"https:\/\/gr1993records.com\/index.php\/wp-json\/wp\/v2\/media\/5116"}],"wp:attachment":[{"href":"https:\/\/gr1993records.com\/index.php\/wp-json\/wp\/v2\/media?parent=5114"}],"wp:term":[{"taxonomy":"product_brand","embeddable":true,"href":"https:\/\/gr1993records.com\/index.php\/wp-json\/wp\/v2\/product_brand?post=5114"},{"taxonomy":"product_cat","embeddable":true,"href":"https:\/\/gr1993records.com\/index.php\/wp-json\/wp\/v2\/product_cat?post=5114"},{"taxonomy":"product_tag","embeddable":true,"href":"https:\/\/gr1993records.com\/index.php\/wp-json\/wp\/v2\/product_tag?post=5114"}],"curies":[{"name":"wp","href":"https:\/\/api.w.org\/{rel}","templated":true}]}}