{"id":4858,"date":"2010-08-16T12:28:07","date_gmt":"2010-08-16T10:28:07","guid":{"rendered":"http:\/\/gr1993records.magex.hu\/?post_type=product&#038;p=4858"},"modified":"2026-04-01T12:00:36","modified_gmt":"2026-04-01T10:00:36","slug":"solati-music-debut-lp","status":"publish","type":"product","link":"https:\/\/gr1993records.com\/index.php\/product\/solati-music-debut-lp\/","title":{"rendered":"Solati Music <br\/>Debut <br\/>(LP)"},"content":{"rendered":"<p>[vc_row][vc_column][vc_column_text]A Solati Music zenekar 2016-ban alakult. \u00c9letre h\u00edv\u00f3ja a nemzetk\u00f6zileg is elismert jazz-zongorista Tzumo \u00c1rp\u00e1d, aki Herbie Hancock tan\u00edtv\u00e1nya volt az Egyes\u00fclt \u00c1llamokban. Hancock nemr\u00e9gen \u00edgy nyilatkozott r\u00f3la: \u201dTzumo\u2019s the greatest from Hungary. He exactly very, very talented.\u201d\u00a0A form\u00e1ci\u00f3 f\u0151k\u00e9nt Rnb, Soul st\u00edlusban, a jazz harm\u00f3niak\u00e9szlet\u00e9t is felhaszn\u00e1lva, el\u0151remutat\u00f3 hangz\u00e1svil\u00e1got teremtett. Zen\u00e9j\u00fck egyfajta h\u00edd, mely k\u00fcl\u00f6nb\u00f6z\u0151 st\u00edlusokat k\u00f6t \u00f6ssze.\u00a0A Solati Music deb\u00fct\u00e1l\u00f3 album\u00e1n hallhat\u00f3 kompoz\u00edci\u00f3kat Tzumo szerezte, a sz\u00f6vegeket pedig Pocsai Kriszta \u00edrta.<\/p>\n<p>Tzumo egy\u00e9nis\u00e9ge nemcsak a billenty\u0171k megsz\u00f3laltat\u00e1s\u00e1ban rejlik, legal\u00e1bb annyira a kort\u00e1rs \u00e9s klasszikus zen\u00e9ben is otthonosan mozg\u00f3 zongorista-zeneszerz\u0151 k\u00f6nnyedebb m\u0171fajokat integr\u00e1l\u00f3 egyedi zenei vil\u00e1g\u00e1ban, mely k\u00f6nnyed\u00e9n tetten \u00e9rhet\u0151 a lemezen szerepl\u0151 szerzem\u00e9nyekben.<\/p>\n<p>A jazz harm\u00f3niak\u00e9szlet\u00e9t az Rn&#8217;B, Neo-Soul \u00e9s Hip-Hop el\u0151remutat\u00f3 formavil\u00e1g\u00e1val \u00e9s st\u00edlusjegyeivel \u00f6tv\u00f6z\u0151 dalok zen\u00e9it kiv\u00e9tel n\u00e9lk\u00fcl Tzumo szerezte \u00e9s hangszerelte, s\u0151t, most megjelen\u0151 Debut c\u00edm\u0171 album st\u00fadi\u00f3-felv\u00e9tel\u00e9t \u00e9s az ut\u00f3munk\u00e1t is az \u0151 neve f\u00e9mjelzi. A sz\u00e1mok sz\u00f6vegeit a SoLaTi \u00e9nekesn\u0151je, Pocsai Kriszta \u00edrta. A BJC-ben rendszeresen koncertez\u0151 zenekar &#8211; Heilig Tomi basszusgit\u00e1ros \u00e9s Toni Sn\u00e9tberger dobos &#8211; \u00e1lland\u00f3 tagjai mellett a k\u00fcl\u00f6nleges, mind\u00f6ssze 500 p\u00e9ld\u00e1nyban gy\u00e1rtott &#8220;transparent blue&#8221; sz\u00edn\u0171 korongon t\u00f6bb vil\u00e1gszt\u00e1r is k\u00f6zrem\u0171k\u00f6dik. Sn\u00e9tberger Ferenc a Fake c\u00edm\u0171 sz\u00e1mban a t\u0151le megszokott\u00f3l elt\u00e9r\u0151en klasszikus helyett jazz git\u00e1rt sz\u00f3laltat meg. A vil\u00e1gklasszis m\u0171v\u00e9sz mellett egy m\u00e1sik nemzetk\u00f6zi rang\u00fa jazz zen\u00e9sz, az egyik legismertebb magyar sz\u00e1rmaz\u00e1s\u00fa szaxofonos, Tony Lakatos j\u00e1t\u00e9ka is hallhat\u00f3.[\/vc_column_text][vc_separator][\/vc_column][\/vc_row][vc_row][vc_column width=&#8221;1\/2&#8243;][vc_column_text]<strong>A zenekar tagjai<\/strong><br \/>\nPocsai Kriszta \u2013 \u00e9nek<br \/>\nTzumo \u00c1rp\u00e1d \u2013 billenty\u0171s hangszerek<br \/>\nHeilig Tomi \u2013 basszusgit\u00e1r<br \/>\nSn\u00e9tberger Toni \u2013 dobok[\/vc_column_text][\/vc_column][vc_column width=&#8221;1\/2&#8243;][vc_column_text]<strong>Vend\u00e9g el\u0151ad\u00f3k<br \/>\n<\/strong>Sn\u00e9tberger Ferenc \u2013 git\u00e1r<br \/>\nTony Lakatos \u2013 szaxofon<br \/>\nFekete-Kov\u00e1cs Korn\u00e9l\u2013 trombita<br \/>\nPecze Bal\u00e1zs \u2013 trombita<br \/>\nLantos Zolt\u00e1n \u2013 heged\u0171[\/vc_column_text][\/vc_column][\/vc_row][vc_row][vc_column][vc_separator][vc_column_text]<a href=\"http:\/\/gr1993records.magex.hu\/index.php\/quality-vinyl-projects\/\"><strong>Quality Vinyl Projects kiadv\u00e1ny<\/strong><\/a><\/p>\n<p>Az album a fizikai hanghordoz\u00f3k k\u00f6z\u00fcl kiz\u00e1r\u00f3lag vinyl lemezen jelent meg. A kiad\u00e1st \u00e9s a gy\u00e1rt\u00e1st a Gramy-H Kft Quality Vinyl Projects szolg\u00e1ltat\u00e1sa koordin\u00e1lta. A QVP l\u00e9nyege, hogy kiz\u00e1r\u00f3lag kiv\u00e1l\u00f3 min\u0151s\u00e9g\u0171 maszterek felhaszn\u00e1l\u00e1s\u00e1val, Eur\u00f3pa legjobb v\u00e1g\u00f3 m\u0171helyeiben k\u00e9sz\u00edtett mesterlemezekr\u0151l, a kontinens legjobb min\u0151s\u00e9gben dolgoz\u00f3 gy\u00e1r\u00e1ban, a holland Record Industryban k\u00e9sz\u00fcl a sorozatgy\u00e1rt\u00e1s. A lemezek a Music On Vinyl sorozatn\u00e1l megszokott dombornyomott, ez\u00fattal QVP log\u00f3val, vastag k\u00fcls\u0151 \u00e1tl\u00e1tsz\u00f3 m\u0171anyag borit\u00f3ban ker\u00fclnek forgalomba. A Quality Vinyl Projects min\u0151s\u00e9g\u00e9t a nemzetk\u00f6zileg elismert Djabe kiadv\u00e1nyok f\u00e9mjelezt\u00e9k eddig, de mostant\u00f3l m\u00e1s zenekarok sz\u00e1m\u00e1ra is el\u00e9rhet\u0151 a szolg\u00e1ltat\u00e1s a felv\u00e9tel k\u00e9sz\u00edt\u00e9st\u0151l, a kever\u00e9sen \u00e9s az anal\u00f3g maszteren \u00e1t, a v\u00e1g\u00e1s \u00e9s gy\u00e1rt\u00e1s minden f\u00e1zis\u00e1ig.[\/vc_column_text][vc_btn title=&#8221;Tov\u00e1bb a szolg\u00e1ltat\u00e1s oldal\u00e1ra&#8221; style=&#8221;outline-custom&#8221; outline_custom_color=&#8221;#005681&#8243; outline_custom_hover_background=&#8221;#005681&#8243; outline_custom_hover_text=&#8221;#ffffff&#8221; shape=&#8221;square&#8221; link=&#8221;url:http%3A%2F%2Fgr1993records.com%2Findex.php%2Fquality-vinyl-projects%2F|title:Quality%20Vinyl%20Projects||&#8221; el_class=&#8221;qvp-btn&#8221;][\/vc_column][\/vc_row]<\/p>","protected":false},"excerpt":{"rendered":"<p>A Solati Music zenekart, a Herbie Hancock tan\u00edtv\u00e1ny, a nemzetk\u00f6zileg is elismert jazz-zongorista Tzumo \u00c1rp\u00e1d alap\u00edtotta. Hancock nemr\u00e9gen \u00edgy nyilatkozott r\u00f3la: \u201dTzumo\u2019s the greatest from Hungary. He exactly very, very talented.\u201d A Debut c\u00edmet visel\u0151 els\u0151 albumon Rnb, Soul, \u00e9s Jazz hangz\u00e1sok egyedi \u00e9s mesterien kimunk\u00e1lt kever\u00e9k\u00e9t hallhatjuk, mely pont ett\u0151l a szint\u00e9zist\u0151l lesz igaz\u00e1n egyedi.<\/p>\n","protected":false},"featured_media":5077,"template":"","meta":[],"product_brand":[],"product_cat":[91],"product_tag":[101,163,164],"class_list":{"0":"post-4858","1":"product","2":"type-product","3":"status-publish","4":"has-post-thumbnail","6":"product_cat-lp","7":"product_tag-jazz","8":"product_tag-rnb","9":"product_tag-soul","10":"yith_product_brand-pocsai-kriszta","11":"yith_product_brand-solati-music","12":"col-12 col-sm-6 col-md-4","14":"first","15":"instock","16":"shipping-taxable","17":"purchasable","18":"product-type-simple"},"yoast_head":"<!-- This site is optimized with the Yoast SEO plugin v27.3 - https:\/\/yoast.com\/product\/yoast-seo-wordpress\/ -->\n<title>Solati Music Debut (LP) &#8211; GR1993 Records<\/title>\n<meta name=\"robots\" content=\"index, follow, max-snippet:-1, max-image-preview:large, max-video-preview:-1\" \/>\n<link rel=\"canonical\" href=\"https:\/\/gr1993records.com\/index.php\/product\/solati-music-debut-lp\/\" \/>\n<meta property=\"og:locale\" content=\"hu_HU\" \/>\n<meta property=\"og:type\" content=\"article\" \/>\n<meta property=\"og:title\" content=\"Solati Music Debut (LP) &#8211; GR1993 Records\" \/>\n<meta property=\"og:description\" content=\"[:hu]A Solati Music zenekart, a Herbie Hancock tan\u00edtv\u00e1ny, a nemzetk\u00f6zileg is elismert jazz-zongorista Tzumo \u00c1rp\u00e1d alap\u00edtotta. Hancock nemr\u00e9gen \u00edgy nyilatkozott r\u00f3la: \u201dTzumo\u2019s the greatest from Hungary. He exactly very, very talented.\u201d A Debut c\u00edmet visel\u0151 els\u0151 albumon Rnb, Soul, \u00e9s Jazz hangz\u00e1sok egyedi \u00e9s mesterien kimunk\u00e1lt kever\u00e9k\u00e9t hallhatjuk, mely pont ett\u0151l a szint\u00e9zist\u0151l lesz igaz\u00e1n egyedi.[:en]Solati Music was founded by the internationally acclaimed jazz pianist \u00c1rp\u00e1d Tzumo, a student of Herbie Hancock. Hancock said the following about him: \u201cTzumo\u2019s the greatest from Hungary. He exactly very, very talented.\u201d\u00a0The album Debut features the unique mixing of RNB, Soul and Jazz genres, a synthesis that makes this release a true one-off.[:]\" \/>\n<meta property=\"og:url\" content=\"https:\/\/gr1993records.com\/index.php\/product\/solati-music-debut-lp\/\" \/>\n<meta property=\"og:site_name\" content=\"GR1993 Records\" \/>\n<meta property=\"article:publisher\" content=\"https:\/\/www.facebook.com\/GR1993Records-113564886691383\/\" \/>\n<meta property=\"article:modified_time\" content=\"2026-04-01T10:00:36+00:00\" \/>\n<meta property=\"og:image\" content=\"https:\/\/gr1993records.com\/wp-content\/uploads\/2019\/08\/kiadvany_solatimusic_debut_front.jpg\" \/>\n\t<meta property=\"og:image:width\" content=\"1000\" \/>\n\t<meta property=\"og:image:height\" content=\"1000\" \/>\n\t<meta property=\"og:image:type\" content=\"image\/jpeg\" \/>\n<meta name=\"twitter:card\" content=\"summary_large_image\" \/>\n<meta name=\"twitter:label1\" content=\"Becs\u00fclt olvas\u00e1si id\u0151\" \/>\n\t<meta name=\"twitter:data1\" content=\"3 perc\" \/>\n<script type=\"application\/ld+json\" class=\"yoast-schema-graph\">{\"@context\":\"https:\\\/\\\/schema.org\",\"@graph\":[{\"@type\":\"WebPage\",\"@id\":\"https:\\\/\\\/gr1993records.com\\\/index.php\\\/product\\\/solati-music-debut-lp\\\/\",\"url\":\"https:\\\/\\\/gr1993records.com\\\/index.php\\\/product\\\/solati-music-debut-lp\\\/\",\"name\":\"Solati Music Debut (LP) &#8211; GR1993 Records\",\"isPartOf\":{\"@id\":\"https:\\\/\\\/gr1993records.com\\\/#website\"},\"primaryImageOfPage\":{\"@id\":\"https:\\\/\\\/gr1993records.com\\\/index.php\\\/product\\\/solati-music-debut-lp\\\/#primaryimage\"},\"image\":{\"@id\":\"https:\\\/\\\/gr1993records.com\\\/index.php\\\/product\\\/solati-music-debut-lp\\\/#primaryimage\"},\"thumbnailUrl\":\"https:\\\/\\\/gr1993records.com\\\/wp-content\\\/uploads\\\/2019\\\/08\\\/kiadvany_solatimusic_debut_front.jpg\",\"datePublished\":\"2010-08-16T10:28:07+00:00\",\"dateModified\":\"2026-04-01T10:00:36+00:00\",\"breadcrumb\":{\"@id\":\"https:\\\/\\\/gr1993records.com\\\/index.php\\\/product\\\/solati-music-debut-lp\\\/#breadcrumb\"},\"inLanguage\":\"hu\",\"potentialAction\":[{\"@type\":\"ReadAction\",\"target\":[\"https:\\\/\\\/gr1993records.com\\\/index.php\\\/product\\\/solati-music-debut-lp\\\/\"]}]},{\"@type\":\"ImageObject\",\"inLanguage\":\"hu\",\"@id\":\"https:\\\/\\\/gr1993records.com\\\/index.php\\\/product\\\/solati-music-debut-lp\\\/#primaryimage\",\"url\":\"https:\\\/\\\/gr1993records.com\\\/wp-content\\\/uploads\\\/2019\\\/08\\\/kiadvany_solatimusic_debut_front.jpg\",\"contentUrl\":\"https:\\\/\\\/gr1993records.com\\\/wp-content\\\/uploads\\\/2019\\\/08\\\/kiadvany_solatimusic_debut_front.jpg\",\"width\":1000,\"height\":1000,\"caption\":\"Solati Music \u2013 Debut (LP) cover\"},{\"@type\":\"BreadcrumbList\",\"@id\":\"https:\\\/\\\/gr1993records.com\\\/index.php\\\/product\\\/solati-music-debut-lp\\\/#breadcrumb\",\"itemListElement\":[{\"@type\":\"ListItem\",\"position\":1,\"name\":\"Home\",\"item\":\"https:\\\/\\\/gr1993records.com\\\/\"},{\"@type\":\"ListItem\",\"position\":2,\"name\":\"Kiadv\u00e1nyok\",\"item\":\"https:\\\/\\\/gr1993records.com\\\/index.php\\\/shop\\\/\"},{\"@type\":\"ListItem\",\"position\":3,\"name\":\"Solati Music Debut (LP)\"}]},{\"@type\":\"WebSite\",\"@id\":\"https:\\\/\\\/gr1993records.com\\\/#website\",\"url\":\"https:\\\/\\\/gr1993records.com\\\/\",\"name\":\"GR1993 Records\",\"description\":\"\",\"publisher\":{\"@id\":\"https:\\\/\\\/gr1993records.com\\\/#organization\"},\"potentialAction\":[{\"@type\":\"SearchAction\",\"target\":{\"@type\":\"EntryPoint\",\"urlTemplate\":\"https:\\\/\\\/gr1993records.com\\\/?s={search_term_string}\"},\"query-input\":{\"@type\":\"PropertyValueSpecification\",\"valueRequired\":true,\"valueName\":\"search_term_string\"}}],\"inLanguage\":\"hu\"},{\"@type\":\"Organization\",\"@id\":\"https:\\\/\\\/gr1993records.com\\\/#organization\",\"name\":\"Gramy-H Ltd.\",\"url\":\"https:\\\/\\\/gr1993records.com\\\/\",\"logo\":{\"@type\":\"ImageObject\",\"inLanguage\":\"hu\",\"@id\":\"https:\\\/\\\/gr1993records.com\\\/#\\\/schema\\\/logo\\\/image\\\/\",\"url\":\"https:\\\/\\\/gr1993records.com\\\/wp-content\\\/uploads\\\/2019\\\/08\\\/GR1993_Records_logo_CC.png\",\"contentUrl\":\"https:\\\/\\\/gr1993records.com\\\/wp-content\\\/uploads\\\/2019\\\/08\\\/GR1993_Records_logo_CC.png\",\"width\":2900,\"height\":2001,\"caption\":\"Gramy-H Ltd.\"},\"image\":{\"@id\":\"https:\\\/\\\/gr1993records.com\\\/#\\\/schema\\\/logo\\\/image\\\/\"},\"sameAs\":[\"https:\\\/\\\/www.facebook.com\\\/GR1993Records-113564886691383\\\/\"]}]}<\/script>\n<!-- \/ Yoast SEO plugin. -->","yoast_head_json":{"title":"Solati Music Debut (LP) &#8211; GR1993 Records","robots":{"index":"index","follow":"follow","max-snippet":"max-snippet:-1","max-image-preview":"max-image-preview:large","max-video-preview":"max-video-preview:-1"},"canonical":"https:\/\/gr1993records.com\/index.php\/product\/solati-music-debut-lp\/","og_locale":"hu_HU","og_type":"article","og_title":"Solati Music Debut (LP) &#8211; GR1993 Records","og_description":"[:hu]A Solati Music zenekart, a Herbie Hancock tan\u00edtv\u00e1ny, a nemzetk\u00f6zileg is elismert jazz-zongorista Tzumo \u00c1rp\u00e1d alap\u00edtotta. Hancock nemr\u00e9gen \u00edgy nyilatkozott r\u00f3la: \u201dTzumo\u2019s the greatest from Hungary. He exactly very, very talented.\u201d A Debut c\u00edmet visel\u0151 els\u0151 albumon Rnb, Soul, \u00e9s Jazz hangz\u00e1sok egyedi \u00e9s mesterien kimunk\u00e1lt kever\u00e9k\u00e9t hallhatjuk, mely pont ett\u0151l a szint\u00e9zist\u0151l lesz igaz\u00e1n egyedi.[:en]Solati Music was founded by the internationally acclaimed jazz pianist \u00c1rp\u00e1d Tzumo, a student of Herbie Hancock. Hancock said the following about him: \u201cTzumo\u2019s the greatest from Hungary. He exactly very, very talented.\u201d\u00a0The album Debut features the unique mixing of RNB, Soul and Jazz genres, a synthesis that makes this release a true one-off.[:]","og_url":"https:\/\/gr1993records.com\/index.php\/product\/solati-music-debut-lp\/","og_site_name":"GR1993 Records","article_publisher":"https:\/\/www.facebook.com\/GR1993Records-113564886691383\/","article_modified_time":"2026-04-01T10:00:36+00:00","og_image":[{"width":1000,"height":1000,"url":"https:\/\/gr1993records.com\/wp-content\/uploads\/2019\/08\/kiadvany_solatimusic_debut_front.jpg","type":"image\/jpeg"}],"twitter_card":"summary_large_image","twitter_misc":{"Becs\u00fclt olvas\u00e1si id\u0151":"3 perc"},"schema":{"@context":"https:\/\/schema.org","@graph":[{"@type":"WebPage","@id":"https:\/\/gr1993records.com\/index.php\/product\/solati-music-debut-lp\/","url":"https:\/\/gr1993records.com\/index.php\/product\/solati-music-debut-lp\/","name":"Solati Music Debut (LP) &#8211; GR1993 Records","isPartOf":{"@id":"https:\/\/gr1993records.com\/#website"},"primaryImageOfPage":{"@id":"https:\/\/gr1993records.com\/index.php\/product\/solati-music-debut-lp\/#primaryimage"},"image":{"@id":"https:\/\/gr1993records.com\/index.php\/product\/solati-music-debut-lp\/#primaryimage"},"thumbnailUrl":"https:\/\/gr1993records.com\/wp-content\/uploads\/2019\/08\/kiadvany_solatimusic_debut_front.jpg","datePublished":"2010-08-16T10:28:07+00:00","dateModified":"2026-04-01T10:00:36+00:00","breadcrumb":{"@id":"https:\/\/gr1993records.com\/index.php\/product\/solati-music-debut-lp\/#breadcrumb"},"inLanguage":"hu","potentialAction":[{"@type":"ReadAction","target":["https:\/\/gr1993records.com\/index.php\/product\/solati-music-debut-lp\/"]}]},{"@type":"ImageObject","inLanguage":"hu","@id":"https:\/\/gr1993records.com\/index.php\/product\/solati-music-debut-lp\/#primaryimage","url":"https:\/\/gr1993records.com\/wp-content\/uploads\/2019\/08\/kiadvany_solatimusic_debut_front.jpg","contentUrl":"https:\/\/gr1993records.com\/wp-content\/uploads\/2019\/08\/kiadvany_solatimusic_debut_front.jpg","width":1000,"height":1000,"caption":"Solati Music \u2013 Debut (LP) cover"},{"@type":"BreadcrumbList","@id":"https:\/\/gr1993records.com\/index.php\/product\/solati-music-debut-lp\/#breadcrumb","itemListElement":[{"@type":"ListItem","position":1,"name":"Home","item":"https:\/\/gr1993records.com\/"},{"@type":"ListItem","position":2,"name":"Kiadv\u00e1nyok","item":"https:\/\/gr1993records.com\/index.php\/shop\/"},{"@type":"ListItem","position":3,"name":"Solati Music Debut (LP)"}]},{"@type":"WebSite","@id":"https:\/\/gr1993records.com\/#website","url":"https:\/\/gr1993records.com\/","name":"GR1993 Records","description":"","publisher":{"@id":"https:\/\/gr1993records.com\/#organization"},"potentialAction":[{"@type":"SearchAction","target":{"@type":"EntryPoint","urlTemplate":"https:\/\/gr1993records.com\/?s={search_term_string}"},"query-input":{"@type":"PropertyValueSpecification","valueRequired":true,"valueName":"search_term_string"}}],"inLanguage":"hu"},{"@type":"Organization","@id":"https:\/\/gr1993records.com\/#organization","name":"Gramy-H Ltd.","url":"https:\/\/gr1993records.com\/","logo":{"@type":"ImageObject","inLanguage":"hu","@id":"https:\/\/gr1993records.com\/#\/schema\/logo\/image\/","url":"https:\/\/gr1993records.com\/wp-content\/uploads\/2019\/08\/GR1993_Records_logo_CC.png","contentUrl":"https:\/\/gr1993records.com\/wp-content\/uploads\/2019\/08\/GR1993_Records_logo_CC.png","width":2900,"height":2001,"caption":"Gramy-H Ltd."},"image":{"@id":"https:\/\/gr1993records.com\/#\/schema\/logo\/image\/"},"sameAs":["https:\/\/www.facebook.com\/GR1993Records-113564886691383\/"]}]}},"jetpack_sharing_enabled":true,"_links":{"self":[{"href":"https:\/\/gr1993records.com\/index.php\/wp-json\/wp\/v2\/product\/4858","targetHints":{"allow":["GET"]}}],"collection":[{"href":"https:\/\/gr1993records.com\/index.php\/wp-json\/wp\/v2\/product"}],"about":[{"href":"https:\/\/gr1993records.com\/index.php\/wp-json\/wp\/v2\/types\/product"}],"wp:featuredmedia":[{"embeddable":true,"href":"https:\/\/gr1993records.com\/index.php\/wp-json\/wp\/v2\/media\/5077"}],"wp:attachment":[{"href":"https:\/\/gr1993records.com\/index.php\/wp-json\/wp\/v2\/media?parent=4858"}],"wp:term":[{"taxonomy":"product_brand","embeddable":true,"href":"https:\/\/gr1993records.com\/index.php\/wp-json\/wp\/v2\/product_brand?post=4858"},{"taxonomy":"product_cat","embeddable":true,"href":"https:\/\/gr1993records.com\/index.php\/wp-json\/wp\/v2\/product_cat?post=4858"},{"taxonomy":"product_tag","embeddable":true,"href":"https:\/\/gr1993records.com\/index.php\/wp-json\/wp\/v2\/product_tag?post=4858"}],"curies":[{"name":"wp","href":"https:\/\/api.w.org\/{rel}","templated":true}]}}