{"id":4777,"date":"2019-07-13T14:02:32","date_gmt":"2019-07-13T14:02:32","guid":{"rendered":"http:\/\/gr1993records.magex.hu\/?post_type=product&#038;p=4777"},"modified":"2026-03-31T12:04:25","modified_gmt":"2026-03-31T10:04:25","slug":"front-featuring-istvan-alapi-echoes-from-the-past","status":"publish","type":"product","link":"https:\/\/gr1993records.com\/index.php\/product\/front-featuring-istvan-alapi-echoes-from-the-past\/","title":{"rendered":"FRONT <br\/>featuring Istv\u00e1n Alapi <br\/>Echoes from the Past <br\/>(CD)"},"content":{"rendered":"<p>[vc_row][vc_column][vc_column_text]A Front zenekar a Fonogram, Pro Arte \u00e9s Artisjus d\u00edjas git\u00e1ros, Alapi Istv\u00e1n egyik form\u00e1ci\u00f3ja. Eredetileg a zenekar 1981-85 k\u00f6z\u00f6tt m\u0171k\u00f6d\u00f6tt, \u00e9s az 1983-as \u201eKi mit tud?\u201d dobog\u00f3sak\u00e9nt v\u00e1lt orsz\u00e1gosan ismertt\u00e9.<br \/>\n2014 \u00f3ta ism\u00e9t akt\u00edv a FRONT zenekar, melynek st\u00edlusa legink\u00e1bb a &#8217;70-es \u00e9s &#8217;80-as \u00e9vek klasszikus, instrument\u00e1lis jazz-rock \u00e9s progressz\u00edv rock m\u0171faj\u00e1ba sorolhat\u00f3.<br \/>\nMost megjelent albumuk, az Echoes From The Past hangulat\u00e1ban (c\u00edm\u00e9b\u0151l k\u00f6vetkeztethet\u0151en is) ezen m\u0171fajok f\u00e9nykor\u00e1t id\u00e9zi meg. A zenekar az ut\u00f3bbi \u00e9vekben egyre gyakrabban l\u00e9p fel az eg\u00e9sz orsz\u00e1gban, \u0151sszel pedig erd\u00e9lyi turn\u00e9ra indul.[\/vc_column_text][vc_separator][vc_column_text]<strong>A zenekar tagjai<\/strong><br \/>\nAlapi Istv\u00e1n \u2013 git\u00e1r<br \/>\nSzil\u00e1gyi P\u00e9ter \u2013 billenty\u0171s hangszerek<br \/>\nVincze L\u00e1szl\u00f3 \u2013 basszusgit\u00e1r<br \/>\nFekete S\u00e1ndor \u2013 dobok[\/vc_column_text][\/vc_column][\/vc_row][vc_row][vc_column][vc_column_text]A Front zenekar a Fonogram, Pro Arte \u00e9s Artisjus d\u00edjas git\u00e1ros, Alapi Istv\u00e1n egyik form\u00e1ci\u00f3ja. Eredetileg a zenekar 1981-85 k\u00f6z\u00f6tt m\u0171k\u00f6d\u00f6tt, \u00e9s az 1983-as \u201eKi mit tud?\u201d dobog\u00f3sak\u00e9nt v\u00e1lt orsz\u00e1gosan ismertt\u00e9.<br \/>\n2014 \u00f3ta ism\u00e9t akt\u00edv a FRONT zenekar, melynek st\u00edlusa legink\u00e1bb a &#8217;70-es \u00e9s &#8217;80-as \u00e9vek klasszikus, instrument\u00e1lis jazz-rock \u00e9s progressz\u00edv rock m\u0171faj\u00e1ba sorolhat\u00f3.<br \/>\nMost megjelent albumuk, az Echoes From The Past hangulat\u00e1ban (c\u00edm\u00e9b\u0151l k\u00f6vetkeztethet\u0151en is) ezen m\u0171fajok f\u00e9nykor\u00e1t id\u00e9zi meg. A zenekar az ut\u00f3bbi \u00e9vekben egyre gyakrabban l\u00e9p fel az eg\u00e9sz orsz\u00e1gban, \u0151sszel pedig erd\u00e9lyi turn\u00e9ra indul.[\/vc_column_text][vc_separator][vc_column_text]<strong>A zenekar tagjai<\/strong><br \/>\nAlapi Istv\u00e1n \u2013 git\u00e1r<br \/>\nSzil\u00e1gyi P\u00e9ter \u2013 billenty\u0171s hangszerek<br \/>\nVincze L\u00e1szl\u00f3 \u2013 basszusgit\u00e1r<br \/>\nFekete S\u00e1ndor \u2013 dobok[\/vc_column_text][\/vc_column][\/vc_row]<\/p>","protected":false},"excerpt":{"rendered":"<p>A Front zenekar, a Fonogram, Pro Arte \u00e9s Artisjus d\u00edjas git\u00e1ros, Alapi Istv\u00e1n egyik form\u00e1ci\u00f3ja. St\u00edlusa legink\u00e1bb a &#8217;70-es \u00e9s &#8217;80-as \u00e9vek klasszikus, instrument\u00e1lis jazz-rock \u00e9s progressz\u00edv rock m\u0171faj\u00e1ba sorolhat\u00f3.A Front zenekar, a Fonogram, Pro Arte \u00e9s Artisjus d\u00edjas git\u00e1ros, Alapi Istv\u00e1n egyik form\u00e1ci\u00f3ja. St\u00edlusa legink\u00e1bb a &#8217;70-es \u00e9s &#8217;80-as \u00e9vek klasszikus, instrument\u00e1lis jazz-rock \u00e9s progressz\u00edv rock m\u0171faj\u00e1ba sorolhat\u00f3.<\/p>\n","protected":false},"featured_media":5081,"template":"","meta":[],"product_brand":[],"product_cat":[92],"product_tag":[],"class_list":{"0":"post-4777","1":"product","2":"type-product","3":"status-publish","4":"has-post-thumbnail","6":"product_cat-cd","7":"yith_product_brand-alapi-istvan","8":"yith_product_brand-front","9":"col-12 col-sm-6 col-md-4","11":"first","12":"instock","13":"sale","14":"shipping-taxable","15":"purchasable","16":"product-type-simple"},"yoast_head":"<!-- This site is optimized with the Yoast SEO plugin v27.2 - https:\/\/yoast.com\/product\/yoast-seo-wordpress\/ -->\n<title>FRONT featuring Istv\u00e1n Alapi Echoes from the Past (CD) &#8211; GR1993 Records<\/title>\n<meta name=\"robots\" content=\"index, follow, max-snippet:-1, max-image-preview:large, max-video-preview:-1\" \/>\n<link rel=\"canonical\" href=\"https:\/\/gr1993records.com\/index.php\/product\/front-featuring-istvan-alapi-echoes-from-the-past\/\" \/>\n<meta property=\"og:locale\" content=\"hu_HU\" \/>\n<meta property=\"og:type\" content=\"article\" \/>\n<meta property=\"og:title\" content=\"FRONT featuring Istv\u00e1n Alapi Echoes from the Past (CD) &#8211; GR1993 Records\" \/>\n<meta property=\"og:description\" content=\"[:hu]A Front zenekar, a Fonogram, Pro Arte \u00e9s Artisjus d\u00edjas git\u00e1ros, Alapi Istv\u00e1n egyik form\u00e1ci\u00f3ja. St\u00edlusa legink\u00e1bb a &#039;70-es \u00e9s &#039;80-as \u00e9vek klasszikus, instrument\u00e1lis jazz-rock \u00e9s progressz\u00edv rock m\u0171faj\u00e1ba sorolhat\u00f3.A Front zenekar, a Fonogram, Pro Arte \u00e9s Artisjus d\u00edjas git\u00e1ros, Alapi Istv\u00e1n egyik form\u00e1ci\u00f3ja. St\u00edlusa legink\u00e1bb a &#039;70-es \u00e9s &#039;80-as \u00e9vek klasszikus, instrument\u00e1lis jazz-rock \u00e9s progressz\u00edv rock m\u0171faj\u00e1ba sorolhat\u00f3.[:en]The band Front is one of the formations of Fonogram, Pro Arte and Atisjus award-winner guitarist Istv\u00e1n Alapi. Their style can best be described as mix of classical, instrumental jazz-rock and prog-rock of the 70s and 80s.[:]\" \/>\n<meta property=\"og:url\" content=\"https:\/\/gr1993records.com\/index.php\/product\/front-featuring-istvan-alapi-echoes-from-the-past\/\" \/>\n<meta property=\"og:site_name\" content=\"GR1993 Records\" \/>\n<meta property=\"article:publisher\" content=\"https:\/\/www.facebook.com\/GR1993Records-113564886691383\/\" \/>\n<meta property=\"article:modified_time\" content=\"2026-03-31T10:04:25+00:00\" \/>\n<meta property=\"og:image\" content=\"https:\/\/gr1993records.com\/wp-content\/uploads\/2019\/08\/kiadvany_alapi_EFTP_front.jpg\" \/>\n\t<meta property=\"og:image:width\" content=\"1000\" \/>\n\t<meta property=\"og:image:height\" content=\"1000\" \/>\n\t<meta property=\"og:image:type\" content=\"image\/jpeg\" \/>\n<meta name=\"twitter:card\" content=\"summary_large_image\" \/>\n<meta name=\"twitter:label1\" content=\"Becs\u00fclt olvas\u00e1si id\u0151\" \/>\n\t<meta name=\"twitter:data1\" content=\"2 perc\" \/>\n<script type=\"application\/ld+json\" class=\"yoast-schema-graph\">{\"@context\":\"https:\/\/schema.org\",\"@graph\":[{\"@type\":\"WebPage\",\"@id\":\"https:\/\/gr1993records.com\/index.php\/product\/front-featuring-istvan-alapi-echoes-from-the-past\/\",\"url\":\"https:\/\/gr1993records.com\/index.php\/product\/front-featuring-istvan-alapi-echoes-from-the-past\/\",\"name\":\"FRONT featuring Istv\u00e1n Alapi Echoes from the Past (CD) &#8211; GR1993 Records\",\"isPartOf\":{\"@id\":\"https:\/\/gr1993records.com\/#website\"},\"primaryImageOfPage\":{\"@id\":\"https:\/\/gr1993records.com\/index.php\/product\/front-featuring-istvan-alapi-echoes-from-the-past\/#primaryimage\"},\"image\":{\"@id\":\"https:\/\/gr1993records.com\/index.php\/product\/front-featuring-istvan-alapi-echoes-from-the-past\/#primaryimage\"},\"thumbnailUrl\":\"https:\/\/gr1993records.com\/wp-content\/uploads\/2019\/08\/kiadvany_alapi_EFTP_front.jpg\",\"datePublished\":\"2019-07-13T14:02:32+00:00\",\"dateModified\":\"2026-03-31T10:04:25+00:00\",\"breadcrumb\":{\"@id\":\"https:\/\/gr1993records.com\/index.php\/product\/front-featuring-istvan-alapi-echoes-from-the-past\/#breadcrumb\"},\"inLanguage\":\"hu\",\"potentialAction\":[{\"@type\":\"ReadAction\",\"target\":[\"https:\/\/gr1993records.com\/index.php\/product\/front-featuring-istvan-alapi-echoes-from-the-past\/\"]}]},{\"@type\":\"ImageObject\",\"inLanguage\":\"hu\",\"@id\":\"https:\/\/gr1993records.com\/index.php\/product\/front-featuring-istvan-alapi-echoes-from-the-past\/#primaryimage\",\"url\":\"https:\/\/gr1993records.com\/wp-content\/uploads\/2019\/08\/kiadvany_alapi_EFTP_front.jpg\",\"contentUrl\":\"https:\/\/gr1993records.com\/wp-content\/uploads\/2019\/08\/kiadvany_alapi_EFTP_front.jpg\",\"width\":1000,\"height\":1000,\"caption\":\"Front \u2013 Echoes from the Past (CD) cover\"},{\"@type\":\"BreadcrumbList\",\"@id\":\"https:\/\/gr1993records.com\/index.php\/product\/front-featuring-istvan-alapi-echoes-from-the-past\/#breadcrumb\",\"itemListElement\":[{\"@type\":\"ListItem\",\"position\":1,\"name\":\"Home\",\"item\":\"https:\/\/gr1993records.com\/\"},{\"@type\":\"ListItem\",\"position\":2,\"name\":\"Kiadv\u00e1nyok\",\"item\":\"https:\/\/gr1993records.com\/index.php\/shop\/\"},{\"@type\":\"ListItem\",\"position\":3,\"name\":\"FRONT featuring Istv\u00e1n Alapi Echoes from the Past (CD)\"}]},{\"@type\":\"WebSite\",\"@id\":\"https:\/\/gr1993records.com\/#website\",\"url\":\"https:\/\/gr1993records.com\/\",\"name\":\"GR1993 Records\",\"description\":\"\",\"publisher\":{\"@id\":\"https:\/\/gr1993records.com\/#organization\"},\"potentialAction\":[{\"@type\":\"SearchAction\",\"target\":{\"@type\":\"EntryPoint\",\"urlTemplate\":\"https:\/\/gr1993records.com\/?s={search_term_string}\"},\"query-input\":{\"@type\":\"PropertyValueSpecification\",\"valueRequired\":true,\"valueName\":\"search_term_string\"}}],\"inLanguage\":\"hu\"},{\"@type\":\"Organization\",\"@id\":\"https:\/\/gr1993records.com\/#organization\",\"name\":\"Gramy-H Ltd.\",\"url\":\"https:\/\/gr1993records.com\/\",\"logo\":{\"@type\":\"ImageObject\",\"inLanguage\":\"hu\",\"@id\":\"https:\/\/gr1993records.com\/#\/schema\/logo\/image\/\",\"url\":\"https:\/\/gr1993records.com\/wp-content\/uploads\/2019\/08\/GR1993_Records_logo_CC.png\",\"contentUrl\":\"https:\/\/gr1993records.com\/wp-content\/uploads\/2019\/08\/GR1993_Records_logo_CC.png\",\"width\":2900,\"height\":2001,\"caption\":\"Gramy-H Ltd.\"},\"image\":{\"@id\":\"https:\/\/gr1993records.com\/#\/schema\/logo\/image\/\"},\"sameAs\":[\"https:\/\/www.facebook.com\/GR1993Records-113564886691383\/\"]}]}<\/script>\n<!-- \/ Yoast SEO plugin. -->","yoast_head_json":{"title":"FRONT featuring Istv\u00e1n Alapi Echoes from the Past (CD) &#8211; GR1993 Records","robots":{"index":"index","follow":"follow","max-snippet":"max-snippet:-1","max-image-preview":"max-image-preview:large","max-video-preview":"max-video-preview:-1"},"canonical":"https:\/\/gr1993records.com\/index.php\/product\/front-featuring-istvan-alapi-echoes-from-the-past\/","og_locale":"hu_HU","og_type":"article","og_title":"FRONT featuring Istv\u00e1n Alapi Echoes from the Past (CD) &#8211; GR1993 Records","og_description":"[:hu]A Front zenekar, a Fonogram, Pro Arte \u00e9s Artisjus d\u00edjas git\u00e1ros, Alapi Istv\u00e1n egyik form\u00e1ci\u00f3ja. St\u00edlusa legink\u00e1bb a '70-es \u00e9s '80-as \u00e9vek klasszikus, instrument\u00e1lis jazz-rock \u00e9s progressz\u00edv rock m\u0171faj\u00e1ba sorolhat\u00f3.A Front zenekar, a Fonogram, Pro Arte \u00e9s Artisjus d\u00edjas git\u00e1ros, Alapi Istv\u00e1n egyik form\u00e1ci\u00f3ja. St\u00edlusa legink\u00e1bb a '70-es \u00e9s '80-as \u00e9vek klasszikus, instrument\u00e1lis jazz-rock \u00e9s progressz\u00edv rock m\u0171faj\u00e1ba sorolhat\u00f3.[:en]The band Front is one of the formations of Fonogram, Pro Arte and Atisjus award-winner guitarist Istv\u00e1n Alapi. Their style can best be described as mix of classical, instrumental jazz-rock and prog-rock of the 70s and 80s.[:]","og_url":"https:\/\/gr1993records.com\/index.php\/product\/front-featuring-istvan-alapi-echoes-from-the-past\/","og_site_name":"GR1993 Records","article_publisher":"https:\/\/www.facebook.com\/GR1993Records-113564886691383\/","article_modified_time":"2026-03-31T10:04:25+00:00","og_image":[{"width":1000,"height":1000,"url":"https:\/\/gr1993records.com\/wp-content\/uploads\/2019\/08\/kiadvany_alapi_EFTP_front.jpg","type":"image\/jpeg"}],"twitter_card":"summary_large_image","twitter_misc":{"Becs\u00fclt olvas\u00e1si id\u0151":"2 perc"},"schema":{"@context":"https:\/\/schema.org","@graph":[{"@type":"WebPage","@id":"https:\/\/gr1993records.com\/index.php\/product\/front-featuring-istvan-alapi-echoes-from-the-past\/","url":"https:\/\/gr1993records.com\/index.php\/product\/front-featuring-istvan-alapi-echoes-from-the-past\/","name":"FRONT featuring Istv\u00e1n Alapi Echoes from the Past (CD) &#8211; GR1993 Records","isPartOf":{"@id":"https:\/\/gr1993records.com\/#website"},"primaryImageOfPage":{"@id":"https:\/\/gr1993records.com\/index.php\/product\/front-featuring-istvan-alapi-echoes-from-the-past\/#primaryimage"},"image":{"@id":"https:\/\/gr1993records.com\/index.php\/product\/front-featuring-istvan-alapi-echoes-from-the-past\/#primaryimage"},"thumbnailUrl":"https:\/\/gr1993records.com\/wp-content\/uploads\/2019\/08\/kiadvany_alapi_EFTP_front.jpg","datePublished":"2019-07-13T14:02:32+00:00","dateModified":"2026-03-31T10:04:25+00:00","breadcrumb":{"@id":"https:\/\/gr1993records.com\/index.php\/product\/front-featuring-istvan-alapi-echoes-from-the-past\/#breadcrumb"},"inLanguage":"hu","potentialAction":[{"@type":"ReadAction","target":["https:\/\/gr1993records.com\/index.php\/product\/front-featuring-istvan-alapi-echoes-from-the-past\/"]}]},{"@type":"ImageObject","inLanguage":"hu","@id":"https:\/\/gr1993records.com\/index.php\/product\/front-featuring-istvan-alapi-echoes-from-the-past\/#primaryimage","url":"https:\/\/gr1993records.com\/wp-content\/uploads\/2019\/08\/kiadvany_alapi_EFTP_front.jpg","contentUrl":"https:\/\/gr1993records.com\/wp-content\/uploads\/2019\/08\/kiadvany_alapi_EFTP_front.jpg","width":1000,"height":1000,"caption":"Front \u2013 Echoes from the Past (CD) cover"},{"@type":"BreadcrumbList","@id":"https:\/\/gr1993records.com\/index.php\/product\/front-featuring-istvan-alapi-echoes-from-the-past\/#breadcrumb","itemListElement":[{"@type":"ListItem","position":1,"name":"Home","item":"https:\/\/gr1993records.com\/"},{"@type":"ListItem","position":2,"name":"Kiadv\u00e1nyok","item":"https:\/\/gr1993records.com\/index.php\/shop\/"},{"@type":"ListItem","position":3,"name":"FRONT featuring Istv\u00e1n Alapi Echoes from the Past (CD)"}]},{"@type":"WebSite","@id":"https:\/\/gr1993records.com\/#website","url":"https:\/\/gr1993records.com\/","name":"GR1993 Records","description":"","publisher":{"@id":"https:\/\/gr1993records.com\/#organization"},"potentialAction":[{"@type":"SearchAction","target":{"@type":"EntryPoint","urlTemplate":"https:\/\/gr1993records.com\/?s={search_term_string}"},"query-input":{"@type":"PropertyValueSpecification","valueRequired":true,"valueName":"search_term_string"}}],"inLanguage":"hu"},{"@type":"Organization","@id":"https:\/\/gr1993records.com\/#organization","name":"Gramy-H Ltd.","url":"https:\/\/gr1993records.com\/","logo":{"@type":"ImageObject","inLanguage":"hu","@id":"https:\/\/gr1993records.com\/#\/schema\/logo\/image\/","url":"https:\/\/gr1993records.com\/wp-content\/uploads\/2019\/08\/GR1993_Records_logo_CC.png","contentUrl":"https:\/\/gr1993records.com\/wp-content\/uploads\/2019\/08\/GR1993_Records_logo_CC.png","width":2900,"height":2001,"caption":"Gramy-H Ltd."},"image":{"@id":"https:\/\/gr1993records.com\/#\/schema\/logo\/image\/"},"sameAs":["https:\/\/www.facebook.com\/GR1993Records-113564886691383\/"]}]}},"jetpack_sharing_enabled":true,"_links":{"self":[{"href":"https:\/\/gr1993records.com\/index.php\/wp-json\/wp\/v2\/product\/4777","targetHints":{"allow":["GET"]}}],"collection":[{"href":"https:\/\/gr1993records.com\/index.php\/wp-json\/wp\/v2\/product"}],"about":[{"href":"https:\/\/gr1993records.com\/index.php\/wp-json\/wp\/v2\/types\/product"}],"wp:featuredmedia":[{"embeddable":true,"href":"https:\/\/gr1993records.com\/index.php\/wp-json\/wp\/v2\/media\/5081"}],"wp:attachment":[{"href":"https:\/\/gr1993records.com\/index.php\/wp-json\/wp\/v2\/media?parent=4777"}],"wp:term":[{"taxonomy":"product_brand","embeddable":true,"href":"https:\/\/gr1993records.com\/index.php\/wp-json\/wp\/v2\/product_brand?post=4777"},{"taxonomy":"product_cat","embeddable":true,"href":"https:\/\/gr1993records.com\/index.php\/wp-json\/wp\/v2\/product_cat?post=4777"},{"taxonomy":"product_tag","embeddable":true,"href":"https:\/\/gr1993records.com\/index.php\/wp-json\/wp\/v2\/product_tag?post=4777"}],"curies":[{"name":"wp","href":"https:\/\/api.w.org\/{rel}","templated":true}]}}