{"id":4580,"date":"2010-08-10T12:19:31","date_gmt":"2010-08-10T10:19:31","guid":{"rendered":"http:\/\/gr1993records.magex.hu\/?post_type=product&#038;p=4580"},"modified":"2026-03-30T17:40:29","modified_gmt":"2026-03-30T15:40:29","slug":"android-east-of-eden-lp","status":"publish","type":"product","link":"https:\/\/gr1993records.com\/index.php\/product\/android-east-of-eden-lp\/","title":{"rendered":"Android <br\/>East Of Eden Revisited <br\/>(LP)"},"content":{"rendered":"<p>[vc_row][vc_column][vc_column_text]Az Android 1980-ban, Debrecenben alap\u00edtott progressz\u00edv zenekar. Olyan debreceni egy\u00fcttesekkel eml\u00edthetj\u00fck egy\u00fctt, mint a Color, a Phanta Rei vagy a Lux.<\/p>\n<p>Az Android folyamatosan koncertezik napjainkban is. Zen\u00e9j\u00fck egyedi, progressz\u00edv rockot kombin\u00e1lnak new age, jazz \u00e9s folk elemekkel.<\/p>\n<p>Az East Of Eden szvit tal\u00e1n a legismertebb munk\u00e1juk, melyet az \u00e1llap\u00edt\u00f3 T\u0151zs\u00e9r J\u00f3zsef \u00edrt \u00e9s el\u0151sz\u00f6r 1995-ben jelent meg kazett\u00e1n. A 2009-es CD kiad\u00e1s volt a zenekar els\u0151 hivatalos kiadv\u00e1nya. Az anyagot az\u00f3ta is folyamatosan j\u00e1tssz\u00e1k, \u00edgy sokat fejl\u0151d\u00f6tt \u00e9s v\u00e1ltozott id\u0151k\u00f6zben.<\/p>\n<p>A 2019-es East of Eden Revisited kiad\u00e1sra a sz\u00e1mokat \u00fajra hangszerelt\u00e9k, \u00e9s High Definition min\u0151s\u00e9gben fel is vett\u00e9k. A vinyl v\u00e1ltozat a 7 kompoz\u00edci\u00f3 k\u00f6z\u00fcl 5 darabot tartalmaz. Az albumot a Djabe nemzetk\u00f6zileg is elismert hangm\u00e9rn\u00f6ke, Barab\u00e1s Tam\u00e1s keverte ki. Az \u00faj kevet\u00e9sb\u0151l \u00c9gerh\u00e1zi Attila, a Djabe vinylek producere k\u00e9sz\u00edtett anal\u00f3g mesterszalagokat. Ezeknek a szalagoknak a felhaszn\u00e1l\u00e1s\u00e1val v\u00e1gt\u00e1k \u00e9s pr\u00e9selt\u00e9k a lemezeket a hollandiai Record Industryban[\/vc_column_text][vc_separator][vc_column_text]<strong>A zenekar tagjai:<\/strong><br \/>\nT\u0151zs\u00e9r J\u00f3zsef \u2013 billenty\u0171s hangszerek<br \/>\nL\u00e9tm\u00e1nyi Istv\u00e1n &#8211; git\u00e1r<br \/>\nNikolin Zolt\u00e1n &#8211; basszusgit\u00e1r<br \/>\nDud\u00e1s J\u00e1nos &#8211; git\u00e1r<br \/>\nMez\u0151 Orb\u00e1n &#8211; dob[\/vc_column_text][vc_separator][vc_column_text]<a href=\"http:\/\/gr1993records.magex.hu\/index.php\/quality-vinyl-projects\/\"><strong>Quality Vinyl Projects kiadv\u00e1ny<\/strong><\/a><\/p>\n<p>A kiad\u00e1st \u00e9s a gy\u00e1rt\u00e1st a Gramy-H Kft Quality Vinyl Projects szolg\u00e1ltat\u00e1sa koordin\u00e1lta. A QVP l\u00e9nyege, hogy kiz\u00e1r\u00f3lag kiv\u00e1l\u00f3 min\u0151s\u00e9g\u0171 maszterek felhaszn\u00e1l\u00e1s\u00e1val, Eur\u00f3pa legjobb v\u00e1g\u00f3 m\u0171helyeiben k\u00e9sz\u00edtett mesterlemezekr\u0151l, a kontinens legjobb min\u0151s\u00e9gben dolgoz\u00f3 gy\u00e1r\u00e1ban, a holland Record Industryban k\u00e9sz\u00fcl a sorozatgy\u00e1rt\u00e1s. A lemezek a Music On Vinyl sorozatn\u00e1l megszokott dombornyomott, ez\u00fattal QVP log\u00f3val, vastag k\u00fcls\u0151 \u00e1tl\u00e1tsz\u00f3 m\u0171anyag borit\u00f3ban ker\u00fclnek forgalomba. A Quality Vinyl Projects min\u0151s\u00e9g\u00e9t a nemzetk\u00f6zileg elismert Djabe kiadv\u00e1nyok f\u00e9mjelezt\u00e9k eddig, de mostant\u00f3l m\u00e1s zenekarok sz\u00e1m\u00e1ra is el\u00e9rhet\u0151 a szolg\u00e1ltat\u00e1s a felv\u00e9tel k\u00e9sz\u00edt\u00e9st\u0151l, a kever\u00e9sen \u00e9s az anal\u00f3g maszteren \u00e1t, a v\u00e1g\u00e1s \u00e9s gy\u00e1rt\u00e1s minden f\u00e1zis\u00e1ig.[\/vc_column_text][vc_btn title=&#8221;Tov\u00e1bb a szolg\u00e1ltat\u00e1s oldal\u00e1ra&#8221; style=&#8221;outline-custom&#8221; outline_custom_color=&#8221;#005681&#8243; outline_custom_hover_background=&#8221;#005681&#8243; outline_custom_hover_text=&#8221;#ffffff&#8221; shape=&#8221;square&#8221; link=&#8221;url:http%3A%2F%2Fgr1993records.com%2Findex.php%2Fquality-vinyl-projects%2F|title:Quality%20Vinyl%20Projects||&#8221; el_class=&#8221;qvp-btn&#8221;][\/vc_column][\/vc_row][vc_row][vc_column][vc_column_text]Az Android 1980-ban, Debrecenben alap\u00edtott progressz\u00edv zenekar. Olyan debreceni egy\u00fcttesekkel eml\u00edthetj\u00fck egy\u00fctt, mint a Color, a Phanta Rei vagy a Lux.<\/p>\n<p>Az Android folyamatosan koncertezik napjainkban is. Zen\u00e9j\u00fck egyedi, progressz\u00edv rockot kombin\u00e1lnak new age, jazz \u00e9s folk elemekkel.<\/p>\n<p>Az East Of Eden szvit tal\u00e1n a legismertebb munk\u00e1juk, melyet az \u00e1llap\u00edt\u00f3 T\u0151zs\u00e9r J\u00f3zsef \u00edrt \u00e9s el\u0151sz\u00f6r 1995-ben jelent meg kazett\u00e1n. A 2009-es CD kiad\u00e1s volt a zenekar els\u0151 hivatalos kiadv\u00e1nya. Az anyagot az\u00f3ta is folyamatosan j\u00e1tssz\u00e1k, \u00edgy sokat fejl\u0151d\u00f6tt \u00e9s v\u00e1ltozott id\u0151k\u00f6zben.<\/p>\n<p>A 2019-es East of Eden Revisited kiad\u00e1sra a sz\u00e1mokat \u00fajra hangszerelt\u00e9k, \u00e9s High Definition min\u0151s\u00e9gben fel is vett\u00e9k. A vinyl v\u00e1ltozat a 7 kompoz\u00edci\u00f3 k\u00f6z\u00fcl 5 darabot tartalmaz. Az albumot a Djabe nemzetk\u00f6zileg is elismert hangm\u00e9rn\u00f6ke, Barab\u00e1s Tam\u00e1s keverte ki. Az \u00faj kevet\u00e9sb\u0151l \u00c9gerh\u00e1zi Attila, a Djabe vinylek producere k\u00e9sz\u00edtett anal\u00f3g mesterszalagokat. Ezeknek a szalagoknak a felhaszn\u00e1l\u00e1s\u00e1val v\u00e1gt\u00e1k \u00e9s pr\u00e9selt\u00e9k a lemezeket a hollandiai Record Industryban[\/vc_column_text][vc_separator][vc_column_text]<strong>A zenekar tagjai:<\/strong><br \/>\nT\u0151zs\u00e9r J\u00f3zsef \u2013 billenty\u0171s hangszerek<br \/>\nL\u00e9tm\u00e1nyi Istv\u00e1n &#8211; git\u00e1r<br \/>\nNikolin Zolt\u00e1n &#8211; basszusgit\u00e1r<br \/>\nDud\u00e1s J\u00e1nos &#8211; git\u00e1r<br \/>\nMez\u0151 Orb\u00e1n &#8211; dob[\/vc_column_text][vc_separator][vc_column_text]<a href=\"http:\/\/gr1993records.magex.hu\/index.php\/quality-vinyl-projects\/\"><strong>Quality Vinyl Projects kiadv\u00e1ny<\/strong><\/a><\/p>\n<p>A kiad\u00e1st \u00e9s a gy\u00e1rt\u00e1st a Gramy-H Kft Quality Vinyl Projects szolg\u00e1ltat\u00e1sa koordin\u00e1lta. A QVP l\u00e9nyege, hogy kiz\u00e1r\u00f3lag kiv\u00e1l\u00f3 min\u0151s\u00e9g\u0171 maszterek felhaszn\u00e1l\u00e1s\u00e1val, Eur\u00f3pa legjobb v\u00e1g\u00f3 m\u0171helyeiben k\u00e9sz\u00edtett mesterlemezekr\u0151l, a kontinens legjobb min\u0151s\u00e9gben dolgoz\u00f3 gy\u00e1r\u00e1ban, a holland Record Industryban k\u00e9sz\u00fcl a sorozatgy\u00e1rt\u00e1s. A lemezek a Music On Vinyl sorozatn\u00e1l megszokott dombornyomott, ez\u00fattal QVP log\u00f3val, vastag k\u00fcls\u0151 \u00e1tl\u00e1tsz\u00f3 m\u0171anyag borit\u00f3ban ker\u00fclnek forgalomba. A Quality Vinyl Projects min\u0151s\u00e9g\u00e9t a nemzetk\u00f6zileg elismert Djabe kiadv\u00e1nyok f\u00e9mjelezt\u00e9k eddig, de mostant\u00f3l m\u00e1s zenekarok sz\u00e1m\u00e1ra is el\u00e9rhet\u0151 a szolg\u00e1ltat\u00e1s a felv\u00e9tel k\u00e9sz\u00edt\u00e9st\u0151l, a kever\u00e9sen \u00e9s az anal\u00f3g maszteren \u00e1t, a v\u00e1g\u00e1s \u00e9s gy\u00e1rt\u00e1s minden f\u00e1zis\u00e1ig.[\/vc_column_text][vc_btn title=&#8221;Tov\u00e1bb a szolg\u00e1ltat\u00e1s oldal\u00e1ra&#8221; style=&#8221;outline-custom&#8221; outline_custom_color=&#8221;#005681&#8243; outline_custom_hover_background=&#8221;#005681&#8243; outline_custom_hover_text=&#8221;#ffffff&#8221; shape=&#8221;square&#8221; link=&#8221;url:http%3A%2F%2Fgr1993records.com%2Findex.php%2Fquality-vinyl-projects%2F|title:Quality%20Vinyl%20Projects||&#8221; el_class=&#8221;qvp-btn&#8221;][\/vc_column][\/vc_row]<\/p>","protected":false},"excerpt":{"rendered":"<p>A progressz\u00edv m\u0171fajt k\u00e9pvisel\u0151 Android zenekar 1980-ban alakult. Els\u0151 hivatalos albumuk, az East Of Eden CD form\u00e1tumban jelent meg 2009-ben, melynek 10. \u00e9vfordul\u00f3ja alkalm\u00e1b\u00f3l a zen\u00e9szek \u00fajrahangszerelt\u00e9k \u00e9s \u00fajravett\u00e9k kompoz\u00edci\u00f3ikat, amik az eltelt dek\u00e1d alatt sz\u00e1mtalanszor \u00e1talakultak, tovbbfejl\u0151dtek. A mostani vinyl kiad\u00e1s 5 sz\u00e1mot tartalmaz az eredeti 7-b\u0151l. Az Android igaz\u00e1n egyedi, a klasszikus progressz\u00edv rock \u00e9s a new age, jazz \u00e9s n\u00e9pzene elemeinek \u00f6tv\u00f6z\u00e9s\u00e9b\u0151l sz\u00fcletett zenei vil\u00e1got mondhat mag\u00e1\u00e9nak.<\/p>\n","protected":false},"featured_media":5079,"template":"","meta":[],"product_brand":[],"product_cat":[91],"product_tag":[101,106,104],"class_list":{"0":"post-4580","1":"product","2":"type-product","3":"status-publish","4":"has-post-thumbnail","6":"product_cat-lp","7":"product_tag-jazz","8":"product_tag-folk","9":"product_tag-progressive_rock","10":"yith_product_brand-android","11":"col-12 col-sm-6 col-md-4","13":"first","14":"instock","15":"sale","16":"shipping-taxable","17":"purchasable","18":"product-type-simple"},"yoast_head":"<!-- This site is optimized with the Yoast SEO plugin v27.2 - https:\/\/yoast.com\/product\/yoast-seo-wordpress\/ -->\n<title>Android East Of Eden Revisited (LP) &#8211; GR1993 Records<\/title>\n<meta name=\"robots\" content=\"index, follow, max-snippet:-1, max-image-preview:large, max-video-preview:-1\" \/>\n<link rel=\"canonical\" href=\"https:\/\/gr1993records.com\/index.php\/product\/android-east-of-eden-lp\/\" \/>\n<meta property=\"og:locale\" content=\"hu_HU\" \/>\n<meta property=\"og:type\" content=\"article\" \/>\n<meta property=\"og:title\" content=\"Android East Of Eden Revisited (LP) &#8211; GR1993 Records\" \/>\n<meta property=\"og:description\" content=\"[:hu]A progressz\u00edv m\u0171fajt k\u00e9pvisel\u0151 Android zenekar 1980-ban alakult. Els\u0151 hivatalos albumuk, az East Of Eden CD form\u00e1tumban jelent meg 2009-ben, melynek 10. \u00e9vfordul\u00f3ja alkalm\u00e1b\u00f3l a zen\u00e9szek \u00fajrahangszerelt\u00e9k \u00e9s \u00fajravett\u00e9k kompoz\u00edci\u00f3ikat, amik az eltelt dek\u00e1d alatt sz\u00e1mtalanszor \u00e1talakultak, tovbbfejl\u0151dtek. A mostani vinyl kiad\u00e1s 5 sz\u00e1mot tartalmaz az eredeti 7-b\u0151l. Az Android igaz\u00e1n egyedi, a klasszikus progressz\u00edv rock \u00e9s a new age, jazz \u00e9s n\u00e9pzene elemeinek \u00f6tv\u00f6z\u00e9s\u00e9b\u0151l sz\u00fcletett zenei vil\u00e1got mondhat mag\u00e1\u00e9nak.[:en]Android is a progressive group founded in 1980. \u201cEast Of Eden\u201d was the first official CD of the band, released in 2009. On the 10th anniversary the band decided to rearrange and re-record the material as the compositions are continuously evolving, regularly played during live shows. This vinyl edition contains five of the original seven tunes. The music of Android is rather unique, combining classic progressive rock with new age, jazz, and folkloric song motifs.[:]\" \/>\n<meta property=\"og:url\" content=\"https:\/\/gr1993records.com\/index.php\/product\/android-east-of-eden-lp\/\" \/>\n<meta property=\"og:site_name\" content=\"GR1993 Records\" \/>\n<meta property=\"article:publisher\" content=\"https:\/\/www.facebook.com\/GR1993Records-113564886691383\/\" \/>\n<meta property=\"article:modified_time\" content=\"2026-03-30T15:40:29+00:00\" \/>\n<meta property=\"og:image\" content=\"https:\/\/gr1993records.com\/wp-content\/uploads\/2019\/08\/kiadvany_android_EOER_front.jpg\" \/>\n\t<meta property=\"og:image:width\" content=\"1000\" \/>\n\t<meta property=\"og:image:height\" content=\"1000\" \/>\n\t<meta property=\"og:image:type\" content=\"image\/jpeg\" \/>\n<meta name=\"twitter:card\" content=\"summary_large_image\" \/>\n<meta name=\"twitter:label1\" content=\"Becs\u00fclt olvas\u00e1si id\u0151\" \/>\n\t<meta name=\"twitter:data1\" content=\"7 perc\" \/>\n<script type=\"application\/ld+json\" class=\"yoast-schema-graph\">{\"@context\":\"https:\/\/schema.org\",\"@graph\":[{\"@type\":\"WebPage\",\"@id\":\"https:\/\/gr1993records.com\/index.php\/product\/android-east-of-eden-lp\/\",\"url\":\"https:\/\/gr1993records.com\/index.php\/product\/android-east-of-eden-lp\/\",\"name\":\"Android East Of Eden Revisited (LP) &#8211; GR1993 Records\",\"isPartOf\":{\"@id\":\"https:\/\/gr1993records.com\/#website\"},\"primaryImageOfPage\":{\"@id\":\"https:\/\/gr1993records.com\/index.php\/product\/android-east-of-eden-lp\/#primaryimage\"},\"image\":{\"@id\":\"https:\/\/gr1993records.com\/index.php\/product\/android-east-of-eden-lp\/#primaryimage\"},\"thumbnailUrl\":\"https:\/\/gr1993records.com\/wp-content\/uploads\/2019\/08\/kiadvany_android_EOER_front.jpg\",\"datePublished\":\"2010-08-10T10:19:31+00:00\",\"dateModified\":\"2026-03-30T15:40:29+00:00\",\"breadcrumb\":{\"@id\":\"https:\/\/gr1993records.com\/index.php\/product\/android-east-of-eden-lp\/#breadcrumb\"},\"inLanguage\":\"hu\",\"potentialAction\":[{\"@type\":\"ReadAction\",\"target\":[\"https:\/\/gr1993records.com\/index.php\/product\/android-east-of-eden-lp\/\"]}]},{\"@type\":\"ImageObject\",\"inLanguage\":\"hu\",\"@id\":\"https:\/\/gr1993records.com\/index.php\/product\/android-east-of-eden-lp\/#primaryimage\",\"url\":\"https:\/\/gr1993records.com\/wp-content\/uploads\/2019\/08\/kiadvany_android_EOER_front.jpg\",\"contentUrl\":\"https:\/\/gr1993records.com\/wp-content\/uploads\/2019\/08\/kiadvany_android_EOER_front.jpg\",\"width\":1000,\"height\":1000,\"caption\":\"Android \u2013 East of Eden Revisited (LP) cover\"},{\"@type\":\"BreadcrumbList\",\"@id\":\"https:\/\/gr1993records.com\/index.php\/product\/android-east-of-eden-lp\/#breadcrumb\",\"itemListElement\":[{\"@type\":\"ListItem\",\"position\":1,\"name\":\"Home\",\"item\":\"https:\/\/gr1993records.com\/\"},{\"@type\":\"ListItem\",\"position\":2,\"name\":\"Kiadv\u00e1nyok\",\"item\":\"https:\/\/gr1993records.com\/index.php\/shop\/\"},{\"@type\":\"ListItem\",\"position\":3,\"name\":\"Android East Of Eden Revisited (LP)\"}]},{\"@type\":\"WebSite\",\"@id\":\"https:\/\/gr1993records.com\/#website\",\"url\":\"https:\/\/gr1993records.com\/\",\"name\":\"GR1993 Records\",\"description\":\"\",\"publisher\":{\"@id\":\"https:\/\/gr1993records.com\/#organization\"},\"potentialAction\":[{\"@type\":\"SearchAction\",\"target\":{\"@type\":\"EntryPoint\",\"urlTemplate\":\"https:\/\/gr1993records.com\/?s={search_term_string}\"},\"query-input\":{\"@type\":\"PropertyValueSpecification\",\"valueRequired\":true,\"valueName\":\"search_term_string\"}}],\"inLanguage\":\"hu\"},{\"@type\":\"Organization\",\"@id\":\"https:\/\/gr1993records.com\/#organization\",\"name\":\"Gramy-H Ltd.\",\"url\":\"https:\/\/gr1993records.com\/\",\"logo\":{\"@type\":\"ImageObject\",\"inLanguage\":\"hu\",\"@id\":\"https:\/\/gr1993records.com\/#\/schema\/logo\/image\/\",\"url\":\"https:\/\/gr1993records.com\/wp-content\/uploads\/2019\/08\/GR1993_Records_logo_CC.png\",\"contentUrl\":\"https:\/\/gr1993records.com\/wp-content\/uploads\/2019\/08\/GR1993_Records_logo_CC.png\",\"width\":2900,\"height\":2001,\"caption\":\"Gramy-H Ltd.\"},\"image\":{\"@id\":\"https:\/\/gr1993records.com\/#\/schema\/logo\/image\/\"},\"sameAs\":[\"https:\/\/www.facebook.com\/GR1993Records-113564886691383\/\"]}]}<\/script>\n<!-- \/ Yoast SEO plugin. -->","yoast_head_json":{"title":"Android East Of Eden Revisited (LP) &#8211; GR1993 Records","robots":{"index":"index","follow":"follow","max-snippet":"max-snippet:-1","max-image-preview":"max-image-preview:large","max-video-preview":"max-video-preview:-1"},"canonical":"https:\/\/gr1993records.com\/index.php\/product\/android-east-of-eden-lp\/","og_locale":"hu_HU","og_type":"article","og_title":"Android East Of Eden Revisited (LP) &#8211; GR1993 Records","og_description":"[:hu]A progressz\u00edv m\u0171fajt k\u00e9pvisel\u0151 Android zenekar 1980-ban alakult. Els\u0151 hivatalos albumuk, az East Of Eden CD form\u00e1tumban jelent meg 2009-ben, melynek 10. \u00e9vfordul\u00f3ja alkalm\u00e1b\u00f3l a zen\u00e9szek \u00fajrahangszerelt\u00e9k \u00e9s \u00fajravett\u00e9k kompoz\u00edci\u00f3ikat, amik az eltelt dek\u00e1d alatt sz\u00e1mtalanszor \u00e1talakultak, tovbbfejl\u0151dtek. A mostani vinyl kiad\u00e1s 5 sz\u00e1mot tartalmaz az eredeti 7-b\u0151l. Az Android igaz\u00e1n egyedi, a klasszikus progressz\u00edv rock \u00e9s a new age, jazz \u00e9s n\u00e9pzene elemeinek \u00f6tv\u00f6z\u00e9s\u00e9b\u0151l sz\u00fcletett zenei vil\u00e1got mondhat mag\u00e1\u00e9nak.[:en]Android is a progressive group founded in 1980. \u201cEast Of Eden\u201d was the first official CD of the band, released in 2009. On the 10th anniversary the band decided to rearrange and re-record the material as the compositions are continuously evolving, regularly played during live shows. This vinyl edition contains five of the original seven tunes. The music of Android is rather unique, combining classic progressive rock with new age, jazz, and folkloric song motifs.[:]","og_url":"https:\/\/gr1993records.com\/index.php\/product\/android-east-of-eden-lp\/","og_site_name":"GR1993 Records","article_publisher":"https:\/\/www.facebook.com\/GR1993Records-113564886691383\/","article_modified_time":"2026-03-30T15:40:29+00:00","og_image":[{"width":1000,"height":1000,"url":"https:\/\/gr1993records.com\/wp-content\/uploads\/2019\/08\/kiadvany_android_EOER_front.jpg","type":"image\/jpeg"}],"twitter_card":"summary_large_image","twitter_misc":{"Becs\u00fclt olvas\u00e1si id\u0151":"7 perc"},"schema":{"@context":"https:\/\/schema.org","@graph":[{"@type":"WebPage","@id":"https:\/\/gr1993records.com\/index.php\/product\/android-east-of-eden-lp\/","url":"https:\/\/gr1993records.com\/index.php\/product\/android-east-of-eden-lp\/","name":"Android East Of Eden Revisited (LP) &#8211; GR1993 Records","isPartOf":{"@id":"https:\/\/gr1993records.com\/#website"},"primaryImageOfPage":{"@id":"https:\/\/gr1993records.com\/index.php\/product\/android-east-of-eden-lp\/#primaryimage"},"image":{"@id":"https:\/\/gr1993records.com\/index.php\/product\/android-east-of-eden-lp\/#primaryimage"},"thumbnailUrl":"https:\/\/gr1993records.com\/wp-content\/uploads\/2019\/08\/kiadvany_android_EOER_front.jpg","datePublished":"2010-08-10T10:19:31+00:00","dateModified":"2026-03-30T15:40:29+00:00","breadcrumb":{"@id":"https:\/\/gr1993records.com\/index.php\/product\/android-east-of-eden-lp\/#breadcrumb"},"inLanguage":"hu","potentialAction":[{"@type":"ReadAction","target":["https:\/\/gr1993records.com\/index.php\/product\/android-east-of-eden-lp\/"]}]},{"@type":"ImageObject","inLanguage":"hu","@id":"https:\/\/gr1993records.com\/index.php\/product\/android-east-of-eden-lp\/#primaryimage","url":"https:\/\/gr1993records.com\/wp-content\/uploads\/2019\/08\/kiadvany_android_EOER_front.jpg","contentUrl":"https:\/\/gr1993records.com\/wp-content\/uploads\/2019\/08\/kiadvany_android_EOER_front.jpg","width":1000,"height":1000,"caption":"Android \u2013 East of Eden Revisited (LP) cover"},{"@type":"BreadcrumbList","@id":"https:\/\/gr1993records.com\/index.php\/product\/android-east-of-eden-lp\/#breadcrumb","itemListElement":[{"@type":"ListItem","position":1,"name":"Home","item":"https:\/\/gr1993records.com\/"},{"@type":"ListItem","position":2,"name":"Kiadv\u00e1nyok","item":"https:\/\/gr1993records.com\/index.php\/shop\/"},{"@type":"ListItem","position":3,"name":"Android East Of Eden Revisited (LP)"}]},{"@type":"WebSite","@id":"https:\/\/gr1993records.com\/#website","url":"https:\/\/gr1993records.com\/","name":"GR1993 Records","description":"","publisher":{"@id":"https:\/\/gr1993records.com\/#organization"},"potentialAction":[{"@type":"SearchAction","target":{"@type":"EntryPoint","urlTemplate":"https:\/\/gr1993records.com\/?s={search_term_string}"},"query-input":{"@type":"PropertyValueSpecification","valueRequired":true,"valueName":"search_term_string"}}],"inLanguage":"hu"},{"@type":"Organization","@id":"https:\/\/gr1993records.com\/#organization","name":"Gramy-H Ltd.","url":"https:\/\/gr1993records.com\/","logo":{"@type":"ImageObject","inLanguage":"hu","@id":"https:\/\/gr1993records.com\/#\/schema\/logo\/image\/","url":"https:\/\/gr1993records.com\/wp-content\/uploads\/2019\/08\/GR1993_Records_logo_CC.png","contentUrl":"https:\/\/gr1993records.com\/wp-content\/uploads\/2019\/08\/GR1993_Records_logo_CC.png","width":2900,"height":2001,"caption":"Gramy-H Ltd."},"image":{"@id":"https:\/\/gr1993records.com\/#\/schema\/logo\/image\/"},"sameAs":["https:\/\/www.facebook.com\/GR1993Records-113564886691383\/"]}]}},"jetpack_sharing_enabled":true,"_links":{"self":[{"href":"https:\/\/gr1993records.com\/index.php\/wp-json\/wp\/v2\/product\/4580","targetHints":{"allow":["GET"]}}],"collection":[{"href":"https:\/\/gr1993records.com\/index.php\/wp-json\/wp\/v2\/product"}],"about":[{"href":"https:\/\/gr1993records.com\/index.php\/wp-json\/wp\/v2\/types\/product"}],"wp:featuredmedia":[{"embeddable":true,"href":"https:\/\/gr1993records.com\/index.php\/wp-json\/wp\/v2\/media\/5079"}],"wp:attachment":[{"href":"https:\/\/gr1993records.com\/index.php\/wp-json\/wp\/v2\/media?parent=4580"}],"wp:term":[{"taxonomy":"product_brand","embeddable":true,"href":"https:\/\/gr1993records.com\/index.php\/wp-json\/wp\/v2\/product_brand?post=4580"},{"taxonomy":"product_cat","embeddable":true,"href":"https:\/\/gr1993records.com\/index.php\/wp-json\/wp\/v2\/product_cat?post=4580"},{"taxonomy":"product_tag","embeddable":true,"href":"https:\/\/gr1993records.com\/index.php\/wp-json\/wp\/v2\/product_tag?post=4580"}],"curies":[{"name":"wp","href":"https:\/\/api.w.org\/{rel}","templated":true}]}}