{"id":7660,"date":"2025-08-21T17:03:59","date_gmt":"2025-08-21T15:03:59","guid":{"rendered":"https:\/\/gr1993records.com\/?page_id=7660"},"modified":"2026-04-01T11:47:03","modified_gmt":"2026-04-01T09:47:03","slug":"muck-eva-band","status":"publish","type":"page","link":"https:\/\/gr1993records.com\/index.php\/muck-eva-band\/","title":{"rendered":"Muck \u00c9va Band"},"content":{"rendered":"<p>[vc_row][vc_column][vc_custom_heading title_font_size=&#8221;fs36&#8243; source=&#8221;post_title&#8221; use_theme_fonts=&#8221;yes&#8221; el_class=&#8221;mb60 mb30-md&#8221;][\/vc_column][\/vc_row][vc_row][vc_column width=&#8221;1\/2&#8243;][vc_column_text]<\/p>\n<p style=\"font-weight: 400;\">Muck \u00c9va tin\u00e9dzserk\u00e9nt v\u00e1ltott klasszikus zongor\u00e1r\u00f3l basszusgit\u00e1rra. K\u00fclf\u00f6ldi sz\u00ednh\u00e1zi \u00e9s hazai session projekteken t\u00fal 2015-ben megnyerte a \u201cQueen of Strings\u201d nev\u0171 nemzetk\u00f6zi versenyt basszusgit\u00e1r kateg\u00f3ri\u00e1ban. Az elismer\u00e9s ut\u00e1n elkezdett saj\u00e1t sz\u00e1mokat \u00edrni.<\/p>\n<p style=\"font-weight: 400;\">2017-ben jelent meg els\u0151 \u00f6n\u00e1ll\u00f3 instrument\u00e1lis nagylemeze \u2018Bassology\u2019 c\u00edmmel a Hangfoglal\u00f3 Program t\u00e1mogat\u00e1s\u00e1val f\u00fazi\u00f3s jazz st\u00edlusban. Saj\u00e1t szerzem\u00e9nyei mellett n\u00e9h\u00e1ny feldolgoz\u00e1s is szerepel &#8211; k\u00f6zt\u00fck egy Bach m\u0171 &#8211; ezzel dinamikus \u00e9s intim zenei \u00e9lm\u00e9nyt ny\u00fajtva a k\u00f6z\u00f6ns\u00e9g sz\u00e1m\u00e1ra. A Born Free c\u00edm\u0171 sz\u00e1mhoz k\u00e9sz\u00fclt el az els\u0151 klip, majd 2019-ben k\u00e9sz\u00fclt el a Hypnose c\u00edm\u0171 sz\u00e1mhoz egy \u00e1lomszer\u0171 klip.<\/p>\n<p style=\"font-weight: 400;\">2022-ben h\u00e1rom r\u00e9szes live st\u00fadi\u00f3 sessionnel jelentkezett \u00c9va \u00e9s zenekara, amiben a nemzetk\u00f6zileg elismert Kasz\u00e1s P\u00e9ter dobol, M\u00e1rkosi Joci billenty\u0171zik \u00e9s Jasper Andor j\u00e1tszik szaxofonon \u00e9s EWI-n. A zenekar a felv\u00e9telt a Supersize Recording st\u00fadi\u00f3ban r\u00f6gz\u00edtette Krem\u00e1n Patrick producer \u00e9s Bolyki M\u00e1rton vide\u00f3filmes seg\u00edts\u00e9g\u00e9vel.<\/p>\n<p>[\/vc_column_text][\/vc_column][vc_column width=&#8221;1\/2&#8243;][vc_single_image image=&#8221;7662&#8243; img_size=&#8221;large&#8221;][\/vc_column][\/vc_row][vc_row][vc_column][vc_column_text]<\/p>\n<p style=\"font-weight: 400;\">2023-ban megjelent I Moog You c\u00edm\u0171 dal\u00e1ban a vil\u00e1g tal\u00e1n legismertebb szintetiz\u00e1tora, a Minimoog Model D \u00e1ll, melyen M\u00e1rkosi Joci j\u00e1tszik.<\/p>\n<p style=\"font-weight: 400;\">2024-ben \u00fajabb live session sorozattal jelentkezik a zenekar. Az Inferno \u00e9s a Golden Hour c\u00edm\u0171 dalt a Pluto Sky Lounge panor\u00e1m\u00e1s tet\u0151terasz\u00e1n j\u00e1tssz\u00e1k el, aminek a hangfelv\u00e9tel\u00e9r\u0151l szint\u00e9n Krem\u00e1n Patrick gondoskodott, \u00e9s a vide\u00f3r\u00f3l a Backhole Sessions csapata.<\/p>\n<p style=\"font-weight: 400;\">2025-ben a zenekar a GR1993 Records godoz\u00e1s\u00e1ban jellentette meg els\u0151 vinyl lemez\u00e9t, amely az eddig r\u00f6gz\u00edtett \u00f6sszes live session felv\u00e9telt tartalmazza. Az album bor\u00edt\u00f3ja M\u00e1rton Szilvia vizu\u00e1lis m\u0171v\u00e9sz \u00e9s Szatm\u00e1ri Csilla fest\u0151m\u0171v\u00e9sz egy\u00fcttm\u0171k\u00f6d\u00e9s\u00e9ben k\u00e9sz\u00fclt, ut\u00f3bbi festm\u00e9nye adta az inspir\u00e1ci\u00f3t a designhoz.<\/p>\n<p>[\/vc_column_text][\/vc_column][\/vc_row][vc_row][vc_column][vc_separator][vc_empty_space][vc_custom_heading title_font_size=&#8221;fs36&#8243; text=&#8221;El\u0151ad\u00f3hoz kapcsol\u00f3d\u00f3 kiadv\u00e1nyok&#8221; use_theme_fonts=&#8221;yes&#8221; el_class=&#8221;mb60 mb30-md&#8221;][vc_basic_grid post_type=&#8221;product&#8221; max_items=&#8221;-1&#8243; element_width=&#8221;3&#8243; item=&#8221;5015&#8243; grid_id=&#8221;vc_gid:1775036789882-619fafea-b5c7-0&#8243; taxonomies=&#8221;543&#8243;][\/vc_column][\/vc_row]<\/p>","protected":false},"excerpt":{"rendered":"<p>[vc_row][vc_column][vc_custom_heading title_font_size=&#8221;fs36&#8243; source=&#8221;post_title&#8221; use_theme_fonts=&#8221;yes&#8221; el_class=&#8221;mb60 mb30-md&#8221;][\/vc_column][\/vc_row][vc_row][vc_column width=&#8221;1\/2&#8243;][vc_column_text] Muck \u00c9va tin\u00e9dzserk\u00e9nt v\u00e1ltott klasszikus zongor\u00e1r\u00f3l basszusgit\u00e1rra. K\u00fclf\u00f6ldi sz\u00ednh\u00e1zi \u00e9s hazai session projekteken t\u00fal 2015-ben megnyerte a \u201cQueen of Strings\u201d nev\u0171 nemzetk\u00f6zi versenyt basszusgit\u00e1r kateg\u00f3ri\u00e1ban. Az elismer\u00e9s ut\u00e1n elkezdett saj\u00e1t sz\u00e1mokat \u00edrni. 2017-ben jelent meg els\u0151 \u00f6n\u00e1ll\u00f3 instrument\u00e1lis nagylemeze \u2018Bassology\u2019 c\u00edmmel a Hangfoglal\u00f3 Program t\u00e1mogat\u00e1s\u00e1val f\u00fazi\u00f3s jazz st\u00edlusban. [&hellip;]<\/p>\n","protected":false},"author":1,"featured_media":7662,"parent":0,"menu_order":0,"comment_status":"closed","ping_status":"closed","template":"","meta":{"footnotes":""},"categories":[128],"tags":[],"class_list":["post-7660","page","type-page","status-publish","has-post-thumbnail","hentry","category-artists"],"yoast_head":"<!-- This site is optimized with the Yoast SEO plugin v27.3 - https:\/\/yoast.com\/product\/yoast-seo-wordpress\/ -->\n<title>Muck \u00c9va Band &#8211; GR1993 Records<\/title>\n<meta name=\"robots\" content=\"index, follow, max-snippet:-1, max-image-preview:large, max-video-preview:-1\" \/>\n<link rel=\"canonical\" href=\"https:\/\/gr1993records.com\/index.php\/muck-eva-band\/\" \/>\n<meta property=\"og:locale\" content=\"hu_HU\" \/>\n<meta property=\"og:type\" content=\"article\" \/>\n<meta property=\"og:title\" content=\"Muck \u00c9va Band &#8211; GR1993 Records\" \/>\n<meta property=\"og:description\" content=\"[vc_row][vc_column][vc_custom_heading title_font_size=&#8221;fs36&#8243; source=&#8221;post_title&#8221; use_theme_fonts=&#8221;yes&#8221; el_class=&#8221;mb60 mb30-md&#8221;][\/vc_column][\/vc_row][vc_row][vc_column width=&#8221;1\/2&#8243;][vc_column_text] Muck \u00c9va tin\u00e9dzserk\u00e9nt v\u00e1ltott klasszikus zongor\u00e1r\u00f3l basszusgit\u00e1rra. K\u00fclf\u00f6ldi sz\u00ednh\u00e1zi \u00e9s hazai session projekteken t\u00fal 2015-ben megnyerte a \u201cQueen of Strings\u201d nev\u0171 nemzetk\u00f6zi versenyt basszusgit\u00e1r kateg\u00f3ri\u00e1ban. Az elismer\u00e9s ut\u00e1n elkezdett saj\u00e1t sz\u00e1mokat \u00edrni. 2017-ben jelent meg els\u0151 \u00f6n\u00e1ll\u00f3 instrument\u00e1lis nagylemeze \u2018Bassology\u2019 c\u00edmmel a Hangfoglal\u00f3 Program t\u00e1mogat\u00e1s\u00e1val f\u00fazi\u00f3s jazz st\u00edlusban. [&hellip;]\" \/>\n<meta property=\"og:url\" content=\"https:\/\/gr1993records.com\/index.php\/muck-eva-band\/\" \/>\n<meta property=\"og:site_name\" content=\"GR1993 Records\" \/>\n<meta property=\"article:publisher\" content=\"https:\/\/www.facebook.com\/GR1993Records-113564886691383\/\" \/>\n<meta property=\"article:modified_time\" content=\"2026-04-01T09:47:03+00:00\" \/>\n<meta property=\"og:image\" content=\"https:\/\/gr1993records.com\/wp-content\/uploads\/2025\/08\/Muck_Eva_Band_2025_01.jpg\" \/>\n\t<meta property=\"og:image:width\" content=\"2000\" \/>\n\t<meta property=\"og:image:height\" content=\"2000\" \/>\n\t<meta property=\"og:image:type\" content=\"image\/jpeg\" \/>\n<meta name=\"twitter:card\" content=\"summary_large_image\" \/>\n<meta name=\"twitter:image\" content=\"https:\/\/gr1993records.com\/wp-content\/uploads\/2025\/08\/Muck_Eva_Band_2025_01.jpg\" \/>\n<meta name=\"twitter:label1\" content=\"Becs\u00fclt olvas\u00e1si id\u0151\" \/>\n\t<meta name=\"twitter:data1\" content=\"2 perc\" \/>\n<script type=\"application\/ld+json\" class=\"yoast-schema-graph\">{\"@context\":\"https:\\\/\\\/schema.org\",\"@graph\":[{\"@type\":\"WebPage\",\"@id\":\"https:\\\/\\\/gr1993records.com\\\/index.php\\\/muck-eva-band\\\/\",\"url\":\"https:\\\/\\\/gr1993records.com\\\/index.php\\\/muck-eva-band\\\/\",\"name\":\"Muck \u00c9va Band &#8211; GR1993 Records\",\"isPartOf\":{\"@id\":\"https:\\\/\\\/gr1993records.com\\\/#website\"},\"primaryImageOfPage\":{\"@id\":\"https:\\\/\\\/gr1993records.com\\\/index.php\\\/muck-eva-band\\\/#primaryimage\"},\"image\":{\"@id\":\"https:\\\/\\\/gr1993records.com\\\/index.php\\\/muck-eva-band\\\/#primaryimage\"},\"thumbnailUrl\":\"https:\\\/\\\/gr1993records.com\\\/wp-content\\\/uploads\\\/2025\\\/08\\\/Muck_Eva_Band_2025_01.jpg\",\"datePublished\":\"2025-08-21T15:03:59+00:00\",\"dateModified\":\"2026-04-01T09:47:03+00:00\",\"breadcrumb\":{\"@id\":\"https:\\\/\\\/gr1993records.com\\\/index.php\\\/muck-eva-band\\\/#breadcrumb\"},\"inLanguage\":\"hu\",\"potentialAction\":[{\"@type\":\"ReadAction\",\"target\":[\"https:\\\/\\\/gr1993records.com\\\/index.php\\\/muck-eva-band\\\/\"]}]},{\"@type\":\"ImageObject\",\"inLanguage\":\"hu\",\"@id\":\"https:\\\/\\\/gr1993records.com\\\/index.php\\\/muck-eva-band\\\/#primaryimage\",\"url\":\"https:\\\/\\\/gr1993records.com\\\/wp-content\\\/uploads\\\/2025\\\/08\\\/Muck_Eva_Band_2025_01.jpg\",\"contentUrl\":\"https:\\\/\\\/gr1993records.com\\\/wp-content\\\/uploads\\\/2025\\\/08\\\/Muck_Eva_Band_2025_01.jpg\",\"width\":2000,\"height\":2000},{\"@type\":\"BreadcrumbList\",\"@id\":\"https:\\\/\\\/gr1993records.com\\\/index.php\\\/muck-eva-band\\\/#breadcrumb\",\"itemListElement\":[{\"@type\":\"ListItem\",\"position\":1,\"name\":\"Home\",\"item\":\"https:\\\/\\\/gr1993records.com\\\/\"},{\"@type\":\"ListItem\",\"position\":2,\"name\":\"Muck \u00c9va Band\"}]},{\"@type\":\"WebSite\",\"@id\":\"https:\\\/\\\/gr1993records.com\\\/#website\",\"url\":\"https:\\\/\\\/gr1993records.com\\\/\",\"name\":\"GR1993 Records\",\"description\":\"\",\"publisher\":{\"@id\":\"https:\\\/\\\/gr1993records.com\\\/#organization\"},\"potentialAction\":[{\"@type\":\"SearchAction\",\"target\":{\"@type\":\"EntryPoint\",\"urlTemplate\":\"https:\\\/\\\/gr1993records.com\\\/?s={search_term_string}\"},\"query-input\":{\"@type\":\"PropertyValueSpecification\",\"valueRequired\":true,\"valueName\":\"search_term_string\"}}],\"inLanguage\":\"hu\"},{\"@type\":\"Organization\",\"@id\":\"https:\\\/\\\/gr1993records.com\\\/#organization\",\"name\":\"Gramy-H Ltd.\",\"url\":\"https:\\\/\\\/gr1993records.com\\\/\",\"logo\":{\"@type\":\"ImageObject\",\"inLanguage\":\"hu\",\"@id\":\"https:\\\/\\\/gr1993records.com\\\/#\\\/schema\\\/logo\\\/image\\\/\",\"url\":\"https:\\\/\\\/gr1993records.com\\\/wp-content\\\/uploads\\\/2019\\\/08\\\/GR1993_Records_logo_CC.png\",\"contentUrl\":\"https:\\\/\\\/gr1993records.com\\\/wp-content\\\/uploads\\\/2019\\\/08\\\/GR1993_Records_logo_CC.png\",\"width\":2900,\"height\":2001,\"caption\":\"Gramy-H Ltd.\"},\"image\":{\"@id\":\"https:\\\/\\\/gr1993records.com\\\/#\\\/schema\\\/logo\\\/image\\\/\"},\"sameAs\":[\"https:\\\/\\\/www.facebook.com\\\/GR1993Records-113564886691383\\\/\"]}]}<\/script>\n<!-- \/ Yoast SEO plugin. -->","yoast_head_json":{"title":"Muck \u00c9va Band &#8211; GR1993 Records","robots":{"index":"index","follow":"follow","max-snippet":"max-snippet:-1","max-image-preview":"max-image-preview:large","max-video-preview":"max-video-preview:-1"},"canonical":"https:\/\/gr1993records.com\/index.php\/muck-eva-band\/","og_locale":"hu_HU","og_type":"article","og_title":"Muck \u00c9va Band &#8211; GR1993 Records","og_description":"[vc_row][vc_column][vc_custom_heading title_font_size=&#8221;fs36&#8243; source=&#8221;post_title&#8221; use_theme_fonts=&#8221;yes&#8221; el_class=&#8221;mb60 mb30-md&#8221;][\/vc_column][\/vc_row][vc_row][vc_column width=&#8221;1\/2&#8243;][vc_column_text] Muck \u00c9va tin\u00e9dzserk\u00e9nt v\u00e1ltott klasszikus zongor\u00e1r\u00f3l basszusgit\u00e1rra. K\u00fclf\u00f6ldi sz\u00ednh\u00e1zi \u00e9s hazai session projekteken t\u00fal 2015-ben megnyerte a \u201cQueen of Strings\u201d nev\u0171 nemzetk\u00f6zi versenyt basszusgit\u00e1r kateg\u00f3ri\u00e1ban. Az elismer\u00e9s ut\u00e1n elkezdett saj\u00e1t sz\u00e1mokat \u00edrni. 2017-ben jelent meg els\u0151 \u00f6n\u00e1ll\u00f3 instrument\u00e1lis nagylemeze \u2018Bassology\u2019 c\u00edmmel a Hangfoglal\u00f3 Program t\u00e1mogat\u00e1s\u00e1val f\u00fazi\u00f3s jazz st\u00edlusban. [&hellip;]","og_url":"https:\/\/gr1993records.com\/index.php\/muck-eva-band\/","og_site_name":"GR1993 Records","article_publisher":"https:\/\/www.facebook.com\/GR1993Records-113564886691383\/","article_modified_time":"2026-04-01T09:47:03+00:00","og_image":[{"width":2000,"height":2000,"url":"https:\/\/gr1993records.com\/wp-content\/uploads\/2025\/08\/Muck_Eva_Band_2025_01.jpg","type":"image\/jpeg"}],"twitter_card":"summary_large_image","twitter_image":"https:\/\/gr1993records.com\/wp-content\/uploads\/2025\/08\/Muck_Eva_Band_2025_01.jpg","twitter_misc":{"Becs\u00fclt olvas\u00e1si id\u0151":"2 perc"},"schema":{"@context":"https:\/\/schema.org","@graph":[{"@type":"WebPage","@id":"https:\/\/gr1993records.com\/index.php\/muck-eva-band\/","url":"https:\/\/gr1993records.com\/index.php\/muck-eva-band\/","name":"Muck \u00c9va Band &#8211; GR1993 Records","isPartOf":{"@id":"https:\/\/gr1993records.com\/#website"},"primaryImageOfPage":{"@id":"https:\/\/gr1993records.com\/index.php\/muck-eva-band\/#primaryimage"},"image":{"@id":"https:\/\/gr1993records.com\/index.php\/muck-eva-band\/#primaryimage"},"thumbnailUrl":"https:\/\/gr1993records.com\/wp-content\/uploads\/2025\/08\/Muck_Eva_Band_2025_01.jpg","datePublished":"2025-08-21T15:03:59+00:00","dateModified":"2026-04-01T09:47:03+00:00","breadcrumb":{"@id":"https:\/\/gr1993records.com\/index.php\/muck-eva-band\/#breadcrumb"},"inLanguage":"hu","potentialAction":[{"@type":"ReadAction","target":["https:\/\/gr1993records.com\/index.php\/muck-eva-band\/"]}]},{"@type":"ImageObject","inLanguage":"hu","@id":"https:\/\/gr1993records.com\/index.php\/muck-eva-band\/#primaryimage","url":"https:\/\/gr1993records.com\/wp-content\/uploads\/2025\/08\/Muck_Eva_Band_2025_01.jpg","contentUrl":"https:\/\/gr1993records.com\/wp-content\/uploads\/2025\/08\/Muck_Eva_Band_2025_01.jpg","width":2000,"height":2000},{"@type":"BreadcrumbList","@id":"https:\/\/gr1993records.com\/index.php\/muck-eva-band\/#breadcrumb","itemListElement":[{"@type":"ListItem","position":1,"name":"Home","item":"https:\/\/gr1993records.com\/"},{"@type":"ListItem","position":2,"name":"Muck \u00c9va Band"}]},{"@type":"WebSite","@id":"https:\/\/gr1993records.com\/#website","url":"https:\/\/gr1993records.com\/","name":"GR1993 Records","description":"","publisher":{"@id":"https:\/\/gr1993records.com\/#organization"},"potentialAction":[{"@type":"SearchAction","target":{"@type":"EntryPoint","urlTemplate":"https:\/\/gr1993records.com\/?s={search_term_string}"},"query-input":{"@type":"PropertyValueSpecification","valueRequired":true,"valueName":"search_term_string"}}],"inLanguage":"hu"},{"@type":"Organization","@id":"https:\/\/gr1993records.com\/#organization","name":"Gramy-H Ltd.","url":"https:\/\/gr1993records.com\/","logo":{"@type":"ImageObject","inLanguage":"hu","@id":"https:\/\/gr1993records.com\/#\/schema\/logo\/image\/","url":"https:\/\/gr1993records.com\/wp-content\/uploads\/2019\/08\/GR1993_Records_logo_CC.png","contentUrl":"https:\/\/gr1993records.com\/wp-content\/uploads\/2019\/08\/GR1993_Records_logo_CC.png","width":2900,"height":2001,"caption":"Gramy-H Ltd."},"image":{"@id":"https:\/\/gr1993records.com\/#\/schema\/logo\/image\/"},"sameAs":["https:\/\/www.facebook.com\/GR1993Records-113564886691383\/"]}]}},"jetpack_sharing_enabled":true,"_links":{"self":[{"href":"https:\/\/gr1993records.com\/index.php\/wp-json\/wp\/v2\/pages\/7660","targetHints":{"allow":["GET"]}}],"collection":[{"href":"https:\/\/gr1993records.com\/index.php\/wp-json\/wp\/v2\/pages"}],"about":[{"href":"https:\/\/gr1993records.com\/index.php\/wp-json\/wp\/v2\/types\/page"}],"author":[{"embeddable":true,"href":"https:\/\/gr1993records.com\/index.php\/wp-json\/wp\/v2\/users\/1"}],"replies":[{"embeddable":true,"href":"https:\/\/gr1993records.com\/index.php\/wp-json\/wp\/v2\/comments?post=7660"}],"version-history":[{"count":5,"href":"https:\/\/gr1993records.com\/index.php\/wp-json\/wp\/v2\/pages\/7660\/revisions"}],"predecessor-version":[{"id":7864,"href":"https:\/\/gr1993records.com\/index.php\/wp-json\/wp\/v2\/pages\/7660\/revisions\/7864"}],"wp:featuredmedia":[{"embeddable":true,"href":"https:\/\/gr1993records.com\/index.php\/wp-json\/wp\/v2\/media\/7662"}],"wp:attachment":[{"href":"https:\/\/gr1993records.com\/index.php\/wp-json\/wp\/v2\/media?parent=7660"}],"wp:term":[{"taxonomy":"category","embeddable":true,"href":"https:\/\/gr1993records.com\/index.php\/wp-json\/wp\/v2\/categories?post=7660"},{"taxonomy":"post_tag","embeddable":true,"href":"https:\/\/gr1993records.com\/index.php\/wp-json\/wp\/v2\/tags?post=7660"}],"curies":[{"name":"wp","href":"https:\/\/api.w.org\/{rel}","templated":true}]}}