{"id":7641,"date":"2025-07-04T17:06:33","date_gmt":"2025-07-04T15:06:33","guid":{"rendered":"https:\/\/gr1993records.com\/?page_id=7641"},"modified":"2026-04-01T11:45:27","modified_gmt":"2026-04-01T09:45:27","slug":"azur-blue-band","status":"publish","type":"page","link":"https:\/\/gr1993records.com\/index.php\/eloadok\/azur-blue-band\/","title":{"rendered":"Azur Blue Band"},"content":{"rendered":"<p>[vc_row][vc_column width=&#8221;2\/3&#8243;][vc_column_text]Az instrument\u00e1lis vil\u00e1gzen\u00e9t jazz, pop, ambient \u00e9s indiai zenei jegyekkel \u00f6tv\u00f6z\u0151 <strong>Azur Blue Band<\/strong> Veress G\u00e1bor git\u00e1ros-zeneszerz\u0151 \u00e9s Kert\u00e9sz \u00c1kos (\u00fct\u0151hangszeres, billenty\u0171s, hangszerel\u0151) form\u00e1ci\u00f3ja, amely a vil\u00e1gzen\u00e9ben nemzetk\u00f6zileg is elismert vend\u00e9gm\u0171v\u00e9szekkel (Nikola Parov, Szirtes Edina) k\u00e9sz\u00edtette el <strong><em>Blue Diver<\/em><\/strong> c\u00edm\u0171 bemutatkoz\u00f3 album\u00e1t.<\/p>\n<p>A 2008-ban alakult zenekar nev\u00e9t a \u201eNagy k\u00e9ks\u00e9g\u201d c\u00edm\u0171 Luc Besson-film \u00e9s az Amerik\u00e1ban vil\u00e1gh\u00edress\u00e9 v\u00e1lt magyar git\u00e1ros, Szab\u00f3 G\u00e1bor egyik 1971-es felv\u00e9tele (Azure Blue) ihlette. A szerzem\u00e9nyeket zeneszerz\u0151k\u00e9nt jegyz\u0151 <strong>Veress G\u00e1bor<\/strong> t\u00f6bb jazz-rock, latin-\u00e9s vil\u00e1gzenei egy\u00fcttesben (Latin Combo, Vil\u00e1gok Hangja, Imago Mundi) is megfordult, de a \u201enyugati\u201d zenei m\u0171fajok mellett az indiai zene st\u00edlusjegyeit is tanulm\u00e1nyozta D\u00e9l-Indi\u00e1ban, a Dharani School kurzus\u00e1n. Az album zenei vil\u00e1g\u00e1r\u00f3l G\u00e1bor \u00edgy vall: <em>\u201eKezdetben az instrument\u00e1lis zene \u00e1llt hozz\u00e1m k\u00f6zel, k\u00e9s\u0151bb m\u00e9gis \u00e9vekig vok\u00e1lis zen\u00e9t \u00edrtam. Val\u00f3sz\u00edn\u0171leg ez\u00e9rt t\u00f6rekedtem a Blue Diver-lemez k\u00e9sz\u00edt\u00e9se sor\u00e1n arra, hogy az egyes kompoz\u00edci\u00f3k \u201ebesz\u00e9ljenek\u201d, a sz\u00f3l\u00f3hangszerek \u201e\u00e9nekeljenek\u201d, s \u00edgy er\u0151teljesen jelen\u00edthessem meg a hangok m\u00f6g\u00f6tt h\u00faz\u00f3d\u00f3 gondolatokat, \u00e9rzelmeket. Fontosnak tartottam a c\u00edmad\u00e1st is, hiszen a c\u00edm gondolati, \u00e9rzelmi lenyomata mindannak, amit zenei eszk\u00f6z\u00f6kkel pr\u00f3b\u00e1lok k\u00f6r\u00fclj\u00e1rni.\u201d<\/em>[\/vc_column_text][\/vc_column][vc_column width=&#8221;1\/3&#8243;][vc_single_image image=&#8221;7643&#8243; img_size=&#8221;full&#8221;][\/vc_column][\/vc_row][vc_row][vc_column][vc_column_text]A <strong>Blue Diver <\/strong>lemezen a fenti zenei hat\u00e1sok letisztultan, egys\u00e9ges st\u00edlus-\u00e9s hangz\u00e1svil\u00e1got alkotva sz\u00f3lalnak meg. A hangszerel\u00e9s \u00e9s a zenei rendez\u00e9s a zenekar m\u00e1sik f\u0151szerepl\u0151j\u00e9t, a jazz-\u00e9s vil\u00e1gzenei berkekben j\u00f3l ismert <strong>Kert\u00e9sz \u00c1kost<\/strong> dics\u00e9ri. \u00c1kos sz\u00e1mtalan form\u00e1ci\u00f3ban j\u00e1tszik dobosk\u00e9nt, illetve \u00fct\u0151hangszeresk\u00e9nt (Fabula Rasa, Fianna, Matthew Mitchell Group), emellett kit\u0171n\u0151 zongorista, hangszerel\u0151, valamint zeneszerz\u0151, \u00edgy az <strong>Azur Blue Band<\/strong>igaz\u00e1n megfelel\u0151 terepet k\u00edn\u00e1l sokr\u00e9t\u0171 tud\u00e1sa kamatoztat\u00e1s\u00e1hoz\u00ad. Ezt \u00c1kos \u00edgy fogalmazta meg: <em>\u201eIgazi \u00e9lm\u00e9ny volt dolgozni a <strong>Blue Diver<\/strong>-en. Ebben az anyagban keveredik a vizualit\u00e1s a k\u00e9pzelettel, \u00e1br\u00e1zolja az elmondhatatlant\u2026 \u00e9s v\u00e9g\u00fcl a zene fel\u00fclemelkedik a h\u00e9tk\u00f6znapi val\u00f3s\u00e1gon, s egy \u201efels\u0151bbrend\u0171\u201d, csod\u00e1latos vil\u00e1gba r\u00f6p\u00edt. Azon kev\u00e9s albumok egyike, melyet szakmabeli (hangszerel\u0151, producer \u00e9s muzsikus) akt\u00edv k\u00f6zrem\u0171k\u00f6d\u00e9sem ellen\u00e9re is tudok \u00fagy hallgatni, hogy minden kompoz\u00edci\u00f3ban szerepl\u0151 lehetek. Utaz\u00f3, aki szimbi\u00f3zisban \u00e9l ezzel a soksz\u00edn\u0171, misztikus zenei vil\u00e1ggal. A <strong>Blue Diver<\/strong>sz\u00e1momra \u00fczenet.\u201d<\/em><\/p>\n<p>Az album zenei vil\u00e1g\u00e1nak kialak\u00edt\u00e1s\u00e1ban fontos szerep jutott az alkot\u00f3k \u00e1lland\u00f3 zen\u00e9szt\u00e1rs\u00e1nak, <strong>F\u00f6ldes G\u00e1bor<\/strong> basszusgit\u00e1rosnak (Fabula Rasa, Imago Mundi), aki hangm\u00e9rn\u00f6kk\u00e9nt is r\u00e9szt vett a munk\u00e1ban, tov\u00e1bb\u00e1 az olyan nagyszer\u0171 vend\u00e9gmuzsikusoknak, mint <strong>Nikola Parov<\/strong> (kaval), <strong>Jeszenszky Istv\u00e1n<\/strong>(vok\u00e1l), <strong>Szirtes Edina<\/strong> (heged\u0171), <strong>Cserta Bal\u00e1zs<\/strong> (szaxofon), <strong>M\u00f3tyan Tibor<\/strong>(tabla) \u00e9s <strong>Czirj\u00e1k Zolt\u00e1n<\/strong> (k\u00fcrt). Az elm\u00e9ly\u00fclt zenehallgat\u00e1st szolg\u00e1l\u00f3 ig\u00e9nyes kever\u00e9s \u00e9s masterel\u00e9s <strong>Gyulai Zsolt<\/strong> (Gramy Studio) munk\u00e1ja.<\/p>\n<p>A <strong>Blue Diver<\/strong> a Djabe lemezeit is kiad\u00f3 Gramy Records gondoz\u00e1s\u00e1ban jelent meg 2010 m\u00e1rcius\u00e1ban \u00e9s m\u00e9lt\u00e1n tarthat sz\u00e1mot a k\u00fcl\u00f6nleges, a szellemnek \u00e9s a l\u00e9leknek egyar\u00e1nt sz\u00f3l\u00f3 muzsik\u00e1t \u00e9rt\u00e9kel\u0151, ig\u00e9nyes jazz-\u00e9s vil\u00e1gzene-rajong\u00f3k \u00e9rdekl\u0151d\u00e9s\u00e9re. Az Azur Blue Band 2010. \u00e1prilis 29-\u00e9n Budapesten a Take Five-ban tartotta az album bemutat\u00f3 koncertj\u00e9t.[\/vc_column_text][vc_separator][vc_empty_space][vc_custom_heading title_font_size=&#8221;fs36&#8243; text=&#8221;El\u0151ad\u00f3hoz kapcsol\u00f3d\u00f3 kiadv\u00e1nyok&#8221; use_theme_fonts=&#8221;yes&#8221; el_class=&#8221;mb60 mb30-md&#8221;][vc_basic_grid post_type=&#8221;product&#8221; max_items=&#8221;-1&#8243; element_width=&#8221;3&#8243; item=&#8221;5015&#8243; grid_id=&#8221;vc_gid:1775036709868-ae202496-ee3b-10&#8243; taxonomies=&#8221;133&#8243;][\/vc_column][\/vc_row]<\/p>","protected":false},"excerpt":{"rendered":"<p>[vc_row][vc_column width=&#8221;2\/3&#8243;][vc_column_text]Az instrument\u00e1lis vil\u00e1gzen\u00e9t jazz, pop, ambient \u00e9s indiai zenei jegyekkel \u00f6tv\u00f6z\u0151 Azur Blue Band Veress G\u00e1bor git\u00e1ros-zeneszerz\u0151 \u00e9s Kert\u00e9sz \u00c1kos (\u00fct\u0151hangszeres, billenty\u0171s, hangszerel\u0151) form\u00e1ci\u00f3ja, amely a vil\u00e1gzen\u00e9ben nemzetk\u00f6zileg is elismert vend\u00e9gm\u0171v\u00e9szekkel (Nikola Parov, Szirtes Edina) k\u00e9sz\u00edtette el Blue Diver c\u00edm\u0171 bemutatkoz\u00f3 album\u00e1t. A 2008-ban alakult zenekar nev\u00e9t a \u201eNagy k\u00e9ks\u00e9g\u201d c\u00edm\u0171 Luc Besson-film \u00e9s [&hellip;]<\/p>\n","protected":false},"author":1,"featured_media":7643,"parent":4565,"menu_order":0,"comment_status":"closed","ping_status":"closed","template":"","meta":{"footnotes":""},"categories":[128],"tags":[],"class_list":["post-7641","page","type-page","status-publish","has-post-thumbnail","hentry","category-artists"],"yoast_head":"<!-- This site is optimized with the Yoast SEO plugin v27.3 - https:\/\/yoast.com\/product\/yoast-seo-wordpress\/ -->\n<title>Azur Blue Band &#8211; GR1993 Records<\/title>\n<meta name=\"robots\" content=\"index, follow, max-snippet:-1, max-image-preview:large, max-video-preview:-1\" \/>\n<link rel=\"canonical\" href=\"https:\/\/gr1993records.com\/index.php\/eloadok\/azur-blue-band\/\" \/>\n<meta property=\"og:locale\" content=\"hu_HU\" \/>\n<meta property=\"og:type\" content=\"article\" \/>\n<meta property=\"og:title\" content=\"Azur Blue Band &#8211; GR1993 Records\" \/>\n<meta property=\"og:description\" content=\"[vc_row][vc_column width=&#8221;2\/3&#8243;][vc_column_text]Az instrument\u00e1lis vil\u00e1gzen\u00e9t jazz, pop, ambient \u00e9s indiai zenei jegyekkel \u00f6tv\u00f6z\u0151 Azur Blue Band Veress G\u00e1bor git\u00e1ros-zeneszerz\u0151 \u00e9s Kert\u00e9sz \u00c1kos (\u00fct\u0151hangszeres, billenty\u0171s, hangszerel\u0151) form\u00e1ci\u00f3ja, amely a vil\u00e1gzen\u00e9ben nemzetk\u00f6zileg is elismert vend\u00e9gm\u0171v\u00e9szekkel (Nikola Parov, Szirtes Edina) k\u00e9sz\u00edtette el Blue Diver c\u00edm\u0171 bemutatkoz\u00f3 album\u00e1t. A 2008-ban alakult zenekar nev\u00e9t a \u201eNagy k\u00e9ks\u00e9g\u201d c\u00edm\u0171 Luc Besson-film \u00e9s [&hellip;]\" \/>\n<meta property=\"og:url\" content=\"https:\/\/gr1993records.com\/index.php\/eloadok\/azur-blue-band\/\" \/>\n<meta property=\"og:site_name\" content=\"GR1993 Records\" \/>\n<meta property=\"article:publisher\" content=\"https:\/\/www.facebook.com\/GR1993Records-113564886691383\/\" \/>\n<meta property=\"article:modified_time\" content=\"2026-04-01T09:45:27+00:00\" \/>\n<meta property=\"og:image\" content=\"https:\/\/gr1993records.com\/wp-content\/uploads\/2025\/07\/AzurBlueBand_web_1.jpg\" \/>\n\t<meta property=\"og:image:width\" content=\"1500\" \/>\n\t<meta property=\"og:image:height\" content=\"1500\" \/>\n\t<meta property=\"og:image:type\" content=\"image\/jpeg\" \/>\n<meta name=\"twitter:card\" content=\"summary_large_image\" \/>\n<meta name=\"twitter:image\" content=\"https:\/\/gr1993records.com\/wp-content\/uploads\/2025\/07\/AzurBlueBand_web_1.jpg\" \/>\n<meta name=\"twitter:label1\" content=\"Becs\u00fclt olvas\u00e1si id\u0151\" \/>\n\t<meta name=\"twitter:data1\" content=\"3 perc\" \/>\n<script type=\"application\/ld+json\" class=\"yoast-schema-graph\">{\"@context\":\"https:\\\/\\\/schema.org\",\"@graph\":[{\"@type\":\"WebPage\",\"@id\":\"https:\\\/\\\/gr1993records.com\\\/index.php\\\/eloadok\\\/azur-blue-band\\\/\",\"url\":\"https:\\\/\\\/gr1993records.com\\\/index.php\\\/eloadok\\\/azur-blue-band\\\/\",\"name\":\"Azur Blue Band &#8211; GR1993 Records\",\"isPartOf\":{\"@id\":\"https:\\\/\\\/gr1993records.com\\\/#website\"},\"primaryImageOfPage\":{\"@id\":\"https:\\\/\\\/gr1993records.com\\\/index.php\\\/eloadok\\\/azur-blue-band\\\/#primaryimage\"},\"image\":{\"@id\":\"https:\\\/\\\/gr1993records.com\\\/index.php\\\/eloadok\\\/azur-blue-band\\\/#primaryimage\"},\"thumbnailUrl\":\"https:\\\/\\\/gr1993records.com\\\/wp-content\\\/uploads\\\/2025\\\/07\\\/AzurBlueBand_web_1.jpg\",\"datePublished\":\"2025-07-04T15:06:33+00:00\",\"dateModified\":\"2026-04-01T09:45:27+00:00\",\"breadcrumb\":{\"@id\":\"https:\\\/\\\/gr1993records.com\\\/index.php\\\/eloadok\\\/azur-blue-band\\\/#breadcrumb\"},\"inLanguage\":\"hu\",\"potentialAction\":[{\"@type\":\"ReadAction\",\"target\":[\"https:\\\/\\\/gr1993records.com\\\/index.php\\\/eloadok\\\/azur-blue-band\\\/\"]}]},{\"@type\":\"ImageObject\",\"inLanguage\":\"hu\",\"@id\":\"https:\\\/\\\/gr1993records.com\\\/index.php\\\/eloadok\\\/azur-blue-band\\\/#primaryimage\",\"url\":\"https:\\\/\\\/gr1993records.com\\\/wp-content\\\/uploads\\\/2025\\\/07\\\/AzurBlueBand_web_1.jpg\",\"contentUrl\":\"https:\\\/\\\/gr1993records.com\\\/wp-content\\\/uploads\\\/2025\\\/07\\\/AzurBlueBand_web_1.jpg\",\"width\":1500,\"height\":1500},{\"@type\":\"BreadcrumbList\",\"@id\":\"https:\\\/\\\/gr1993records.com\\\/index.php\\\/eloadok\\\/azur-blue-band\\\/#breadcrumb\",\"itemListElement\":[{\"@type\":\"ListItem\",\"position\":1,\"name\":\"Home\",\"item\":\"https:\\\/\\\/gr1993records.com\\\/\"},{\"@type\":\"ListItem\",\"position\":2,\"name\":\"El\u0151ad\u00f3k\",\"item\":\"https:\\\/\\\/gr1993records.com\\\/index.php\\\/eloadok\\\/?lang=en\"},{\"@type\":\"ListItem\",\"position\":3,\"name\":\"Azur Blue Band\"}]},{\"@type\":\"WebSite\",\"@id\":\"https:\\\/\\\/gr1993records.com\\\/#website\",\"url\":\"https:\\\/\\\/gr1993records.com\\\/\",\"name\":\"GR1993 Records\",\"description\":\"\",\"publisher\":{\"@id\":\"https:\\\/\\\/gr1993records.com\\\/#organization\"},\"potentialAction\":[{\"@type\":\"SearchAction\",\"target\":{\"@type\":\"EntryPoint\",\"urlTemplate\":\"https:\\\/\\\/gr1993records.com\\\/?s={search_term_string}\"},\"query-input\":{\"@type\":\"PropertyValueSpecification\",\"valueRequired\":true,\"valueName\":\"search_term_string\"}}],\"inLanguage\":\"hu\"},{\"@type\":\"Organization\",\"@id\":\"https:\\\/\\\/gr1993records.com\\\/#organization\",\"name\":\"Gramy-H Ltd.\",\"url\":\"https:\\\/\\\/gr1993records.com\\\/\",\"logo\":{\"@type\":\"ImageObject\",\"inLanguage\":\"hu\",\"@id\":\"https:\\\/\\\/gr1993records.com\\\/#\\\/schema\\\/logo\\\/image\\\/\",\"url\":\"https:\\\/\\\/gr1993records.com\\\/wp-content\\\/uploads\\\/2019\\\/08\\\/GR1993_Records_logo_CC.png\",\"contentUrl\":\"https:\\\/\\\/gr1993records.com\\\/wp-content\\\/uploads\\\/2019\\\/08\\\/GR1993_Records_logo_CC.png\",\"width\":2900,\"height\":2001,\"caption\":\"Gramy-H Ltd.\"},\"image\":{\"@id\":\"https:\\\/\\\/gr1993records.com\\\/#\\\/schema\\\/logo\\\/image\\\/\"},\"sameAs\":[\"https:\\\/\\\/www.facebook.com\\\/GR1993Records-113564886691383\\\/\"]}]}<\/script>\n<!-- \/ Yoast SEO plugin. -->","yoast_head_json":{"title":"Azur Blue Band &#8211; GR1993 Records","robots":{"index":"index","follow":"follow","max-snippet":"max-snippet:-1","max-image-preview":"max-image-preview:large","max-video-preview":"max-video-preview:-1"},"canonical":"https:\/\/gr1993records.com\/index.php\/eloadok\/azur-blue-band\/","og_locale":"hu_HU","og_type":"article","og_title":"Azur Blue Band &#8211; GR1993 Records","og_description":"[vc_row][vc_column width=&#8221;2\/3&#8243;][vc_column_text]Az instrument\u00e1lis vil\u00e1gzen\u00e9t jazz, pop, ambient \u00e9s indiai zenei jegyekkel \u00f6tv\u00f6z\u0151 Azur Blue Band Veress G\u00e1bor git\u00e1ros-zeneszerz\u0151 \u00e9s Kert\u00e9sz \u00c1kos (\u00fct\u0151hangszeres, billenty\u0171s, hangszerel\u0151) form\u00e1ci\u00f3ja, amely a vil\u00e1gzen\u00e9ben nemzetk\u00f6zileg is elismert vend\u00e9gm\u0171v\u00e9szekkel (Nikola Parov, Szirtes Edina) k\u00e9sz\u00edtette el Blue Diver c\u00edm\u0171 bemutatkoz\u00f3 album\u00e1t. A 2008-ban alakult zenekar nev\u00e9t a \u201eNagy k\u00e9ks\u00e9g\u201d c\u00edm\u0171 Luc Besson-film \u00e9s [&hellip;]","og_url":"https:\/\/gr1993records.com\/index.php\/eloadok\/azur-blue-band\/","og_site_name":"GR1993 Records","article_publisher":"https:\/\/www.facebook.com\/GR1993Records-113564886691383\/","article_modified_time":"2026-04-01T09:45:27+00:00","og_image":[{"width":1500,"height":1500,"url":"https:\/\/gr1993records.com\/wp-content\/uploads\/2025\/07\/AzurBlueBand_web_1.jpg","type":"image\/jpeg"}],"twitter_card":"summary_large_image","twitter_image":"https:\/\/gr1993records.com\/wp-content\/uploads\/2025\/07\/AzurBlueBand_web_1.jpg","twitter_misc":{"Becs\u00fclt olvas\u00e1si id\u0151":"3 perc"},"schema":{"@context":"https:\/\/schema.org","@graph":[{"@type":"WebPage","@id":"https:\/\/gr1993records.com\/index.php\/eloadok\/azur-blue-band\/","url":"https:\/\/gr1993records.com\/index.php\/eloadok\/azur-blue-band\/","name":"Azur Blue Band &#8211; GR1993 Records","isPartOf":{"@id":"https:\/\/gr1993records.com\/#website"},"primaryImageOfPage":{"@id":"https:\/\/gr1993records.com\/index.php\/eloadok\/azur-blue-band\/#primaryimage"},"image":{"@id":"https:\/\/gr1993records.com\/index.php\/eloadok\/azur-blue-band\/#primaryimage"},"thumbnailUrl":"https:\/\/gr1993records.com\/wp-content\/uploads\/2025\/07\/AzurBlueBand_web_1.jpg","datePublished":"2025-07-04T15:06:33+00:00","dateModified":"2026-04-01T09:45:27+00:00","breadcrumb":{"@id":"https:\/\/gr1993records.com\/index.php\/eloadok\/azur-blue-band\/#breadcrumb"},"inLanguage":"hu","potentialAction":[{"@type":"ReadAction","target":["https:\/\/gr1993records.com\/index.php\/eloadok\/azur-blue-band\/"]}]},{"@type":"ImageObject","inLanguage":"hu","@id":"https:\/\/gr1993records.com\/index.php\/eloadok\/azur-blue-band\/#primaryimage","url":"https:\/\/gr1993records.com\/wp-content\/uploads\/2025\/07\/AzurBlueBand_web_1.jpg","contentUrl":"https:\/\/gr1993records.com\/wp-content\/uploads\/2025\/07\/AzurBlueBand_web_1.jpg","width":1500,"height":1500},{"@type":"BreadcrumbList","@id":"https:\/\/gr1993records.com\/index.php\/eloadok\/azur-blue-band\/#breadcrumb","itemListElement":[{"@type":"ListItem","position":1,"name":"Home","item":"https:\/\/gr1993records.com\/"},{"@type":"ListItem","position":2,"name":"El\u0151ad\u00f3k","item":"https:\/\/gr1993records.com\/index.php\/eloadok\/?lang=en"},{"@type":"ListItem","position":3,"name":"Azur Blue Band"}]},{"@type":"WebSite","@id":"https:\/\/gr1993records.com\/#website","url":"https:\/\/gr1993records.com\/","name":"GR1993 Records","description":"","publisher":{"@id":"https:\/\/gr1993records.com\/#organization"},"potentialAction":[{"@type":"SearchAction","target":{"@type":"EntryPoint","urlTemplate":"https:\/\/gr1993records.com\/?s={search_term_string}"},"query-input":{"@type":"PropertyValueSpecification","valueRequired":true,"valueName":"search_term_string"}}],"inLanguage":"hu"},{"@type":"Organization","@id":"https:\/\/gr1993records.com\/#organization","name":"Gramy-H Ltd.","url":"https:\/\/gr1993records.com\/","logo":{"@type":"ImageObject","inLanguage":"hu","@id":"https:\/\/gr1993records.com\/#\/schema\/logo\/image\/","url":"https:\/\/gr1993records.com\/wp-content\/uploads\/2019\/08\/GR1993_Records_logo_CC.png","contentUrl":"https:\/\/gr1993records.com\/wp-content\/uploads\/2019\/08\/GR1993_Records_logo_CC.png","width":2900,"height":2001,"caption":"Gramy-H Ltd."},"image":{"@id":"https:\/\/gr1993records.com\/#\/schema\/logo\/image\/"},"sameAs":["https:\/\/www.facebook.com\/GR1993Records-113564886691383\/"]}]}},"jetpack_sharing_enabled":true,"_links":{"self":[{"href":"https:\/\/gr1993records.com\/index.php\/wp-json\/wp\/v2\/pages\/7641","targetHints":{"allow":["GET"]}}],"collection":[{"href":"https:\/\/gr1993records.com\/index.php\/wp-json\/wp\/v2\/pages"}],"about":[{"href":"https:\/\/gr1993records.com\/index.php\/wp-json\/wp\/v2\/types\/page"}],"author":[{"embeddable":true,"href":"https:\/\/gr1993records.com\/index.php\/wp-json\/wp\/v2\/users\/1"}],"replies":[{"embeddable":true,"href":"https:\/\/gr1993records.com\/index.php\/wp-json\/wp\/v2\/comments?post=7641"}],"version-history":[{"count":3,"href":"https:\/\/gr1993records.com\/index.php\/wp-json\/wp\/v2\/pages\/7641\/revisions"}],"predecessor-version":[{"id":7863,"href":"https:\/\/gr1993records.com\/index.php\/wp-json\/wp\/v2\/pages\/7641\/revisions\/7863"}],"up":[{"embeddable":true,"href":"https:\/\/gr1993records.com\/index.php\/wp-json\/wp\/v2\/pages\/4565"}],"wp:featuredmedia":[{"embeddable":true,"href":"https:\/\/gr1993records.com\/index.php\/wp-json\/wp\/v2\/media\/7643"}],"wp:attachment":[{"href":"https:\/\/gr1993records.com\/index.php\/wp-json\/wp\/v2\/media?parent=7641"}],"wp:term":[{"taxonomy":"category","embeddable":true,"href":"https:\/\/gr1993records.com\/index.php\/wp-json\/wp\/v2\/categories?post=7641"},{"taxonomy":"post_tag","embeddable":true,"href":"https:\/\/gr1993records.com\/index.php\/wp-json\/wp\/v2\/tags?post=7641"}],"curies":[{"name":"wp","href":"https:\/\/api.w.org\/{rel}","templated":true}]}}