{"id":7632,"date":"2025-07-03T15:06:35","date_gmt":"2025-07-03T13:06:35","guid":{"rendered":"https:\/\/gr1993records.com\/?page_id=7632"},"modified":"2026-04-01T11:41:21","modified_gmt":"2026-04-01T09:41:21","slug":"the-9-30-collective","status":"publish","type":"page","link":"https:\/\/gr1993records.com\/index.php\/eloadok\/the-9-30-collective\/","title":{"rendered":"The 9:30 collective"},"content":{"rendered":"<p>[vc_row][vc_column width=&#8221;2\/3&#8243;][vc_column_text]A 9:30 Collective t\u00f6rt\u00e9nete 1998-ra ny\u00falik vissza, amikor a zenekar 9:30 n\u00e9ven megjelentette els\u0151 album\u00e1t. Az akkori fel\u00e1ll\u00e1s: Husz\u00e1r Endre (dob), Zsemlye S\u00e1ndor (saxofon), Szappanos Gy\u00f6rgy (basszusgit\u00e1r), Nagy J\u00e1nos (zongora), Fekete Kov\u00e1cs Korn\u00e9l (trombita), T\u00e1trai Tibor, Birta Mikl\u00f3s, Kormos J\u00e1nos (git\u00e1r), Sandra Grant (\u00e9nek, szaxofon), Jamie Winchester (rap). A lemez a jazz m\u0171faj\u00e1ban szokatlanul intenz\u00edv m\u00e9diavisszhangot kapott. A n\u00e9pes szerepl\u0151g\u00e1rda a megjelen\u00e9st k\u00f6vet\u0151en t\u00f6bb koncertet is adott, ezek sor\u00e1ban volt az els\u0151 Hungarian Jazz Festival is, amelyet a Magyar Telev\u00edzi\u00f3 1-es csatorn\u00e1ja \u00f6n\u00e1ll\u00f3 m\u0171sorban sug\u00e1rzott.<\/p>\n<p>Ezt az id\u0151szakot egy k\u00f6zel hat \u00e9vig tart\u00f3 szakasz k\u00f6vette, amelynek sor\u00e1n r\u00e9szben \u00faj fel\u00e1ll\u00e1sban folyamatosan k\u00e9sz\u00fcltek az \u00faj lemez felv\u00e9telei. El\u0151sz\u00f6r Magyarorsz\u00e1gon, ahol a magyar \u00e9s amerikai szerepl\u0151ket vett\u00e9k fel, majd Lengyelorsz\u00e1gban, ahol a kever\u00e9st is v\u00e9gezt\u00e9k, v\u00e9g\u00fcl a felv\u00e9tel Ausztr\u00e1li\u00e1ban, Melbourne-ben nyerte el v\u00e9gs\u0151 form\u00e1j\u00e1t. A v\u00e9geredm\u00e9ny egy nemzetk\u00f6zi m\u00e9rc\u00e9vel is kifog\u00e1stalan hangz\u00e1s\u00fa, korszer\u0171 \u00e9s hallgathat\u00f3 album, r\u00e1ad\u00e1sk\u00e9nt pedig egy kis t\u00f6rt\u00e9net arr\u00f3l, hogy a mai m\u00e9diaviszonyok k\u00f6z\u00f6tt milyen lehetne egy jazzlemez \u00fatja a kereskedelmi m\u00e9di\u00e1ba. A sz\u00e1mok k\u00f6z\u00f6tti jelenetekb\u0151l \u00f6ssze\u00e1ll\u00f3 t\u00f6rt\u00e9net alapj\u00e1n anim\u00e1ci\u00f3s film k\u00e9sz\u00fclt, amely az albumon is l\u00e1that\u00f3 az audio felv\u00e9telek mellett.<\/p>\n<p>A lemez bemutat\u00f3ja a Budapesti \u0151szi Fesztiv\u00e1lon lesz 2005. okt\u00f3ber 21-\u00e9n az A38 haj\u00f3n.[\/vc_column_text][\/vc_column][vc_column width=&#8221;1\/3&#8243;][vc_single_image image=&#8221;7635&#8243; img_size=&#8221;full&#8221;][\/vc_column][\/vc_row][vc_row][vc_column][vc_column_text]Desney Bailey (USA) &#8211; \u00e9nek<br \/>\nKozma Orsi &#8211; \u00e9nek<br \/>\nTisza Bea &#8211; \u00e9nek<br \/>\nWinand G\u00e1bor &#8211; \u00e9nek<br \/>\nNorbert Marius (USA) &#8211; basszusgit\u00e1r<br \/>\nKrzysztof Scieranski (PL) &#8211; basszusgit\u00e1r<br \/>\nSzappanos Gy\u00f6rgy &#8211; basszusgit\u00e1r<br \/>\nH\u00e1rs Viktor &#8211; nagyb\u0151g\u0151 \u00e9s basszusgit\u00e1r<br \/>\nNagy J\u00e1nos &#8211; billenty\u0171s hangszerek<br \/>\nMohai Tam\u00e1s &#8211; git\u00e1r<br \/>\nFrankie L\u00e1t\u00f3 &#8211; heged\u0171 \u00e9s scat<br \/>\nZsemlye S\u00e1ndor &#8211; szopr\u00e1n- \u00e9s altszaxofon<br \/>\nF\u00f6d\u0151 S\u00e1ndor &#8211; \u00fct\u0151hangszerek<br \/>\nKov\u00e1cs &#8220;Tobzi&#8221; Tam\u00e1s &#8211; \u00fct\u0151hangszerek<br \/>\nHusz\u00e1r Endre &#8211; dob, billenty\u0171s hangszerek, doromb, programok[\/vc_column_text][vc_separator][vc_empty_space][vc_custom_heading title_font_size=&#8221;fs36&#8243; text=&#8221;El\u0151ad\u00f3hoz kapcsol\u00f3d\u00f3 kiadv\u00e1nyok&#8221; use_theme_fonts=&#8221;yes&#8221; el_class=&#8221;mb60 mb30-md&#8221;][vc_basic_grid post_type=&#8221;product&#8221; max_items=&#8221;-1&#8243; element_width=&#8221;3&#8243; item=&#8221;5015&#8243; grid_id=&#8221;vc_gid:1775036413689-d18ee3ec-3b14-7&#8243; taxonomies=&#8221;129&#8243;][\/vc_column][\/vc_row]<\/p>","protected":false},"excerpt":{"rendered":"<p>[vc_row][vc_column width=&#8221;2\/3&#8243;][vc_column_text]A 9:30 Collective t\u00f6rt\u00e9nete 1998-ra ny\u00falik vissza, amikor a zenekar 9:30 n\u00e9ven megjelentette els\u0151 album\u00e1t. Az akkori fel\u00e1ll\u00e1s: Husz\u00e1r Endre (dob), Zsemlye S\u00e1ndor (saxofon), Szappanos Gy\u00f6rgy (basszusgit\u00e1r), Nagy J\u00e1nos (zongora), Fekete Kov\u00e1cs Korn\u00e9l (trombita), T\u00e1trai Tibor, Birta Mikl\u00f3s, Kormos J\u00e1nos (git\u00e1r), Sandra Grant (\u00e9nek, szaxofon), Jamie Winchester (rap). A lemez a jazz m\u0171faj\u00e1ban szokatlanul [&hellip;]<\/p>\n","protected":false},"author":1,"featured_media":7634,"parent":4565,"menu_order":0,"comment_status":"closed","ping_status":"closed","template":"","meta":{"footnotes":""},"categories":[128],"tags":[513],"class_list":["post-7632","page","type-page","status-publish","has-post-thumbnail","hentry","category-artists","tag-930-collective"],"yoast_head":"<!-- This site is optimized with the Yoast SEO plugin v27.2 - https:\/\/yoast.com\/product\/yoast-seo-wordpress\/ -->\n<title>The 9:30 collective &#8211; GR1993 Records<\/title>\n<meta name=\"robots\" content=\"index, follow, max-snippet:-1, max-image-preview:large, max-video-preview:-1\" \/>\n<link rel=\"canonical\" href=\"https:\/\/gr1993records.com\/index.php\/eloadok\/the-9-30-collective\/\" \/>\n<meta property=\"og:locale\" content=\"hu_HU\" \/>\n<meta property=\"og:type\" content=\"article\" \/>\n<meta property=\"og:title\" content=\"The 9:30 collective &#8211; GR1993 Records\" \/>\n<meta property=\"og:description\" content=\"[vc_row][vc_column width=&#8221;2\/3&#8243;][vc_column_text]A 9:30 Collective t\u00f6rt\u00e9nete 1998-ra ny\u00falik vissza, amikor a zenekar 9:30 n\u00e9ven megjelentette els\u0151 album\u00e1t. Az akkori fel\u00e1ll\u00e1s: Husz\u00e1r Endre (dob), Zsemlye S\u00e1ndor (saxofon), Szappanos Gy\u00f6rgy (basszusgit\u00e1r), Nagy J\u00e1nos (zongora), Fekete Kov\u00e1cs Korn\u00e9l (trombita), T\u00e1trai Tibor, Birta Mikl\u00f3s, Kormos J\u00e1nos (git\u00e1r), Sandra Grant (\u00e9nek, szaxofon), Jamie Winchester (rap). A lemez a jazz m\u0171faj\u00e1ban szokatlanul [&hellip;]\" \/>\n<meta property=\"og:url\" content=\"https:\/\/gr1993records.com\/index.php\/eloadok\/the-9-30-collective\/\" \/>\n<meta property=\"og:site_name\" content=\"GR1993 Records\" \/>\n<meta property=\"article:publisher\" content=\"https:\/\/www.facebook.com\/GR1993Records-113564886691383\/\" \/>\n<meta property=\"article:modified_time\" content=\"2026-04-01T09:41:21+00:00\" \/>\n<meta property=\"og:image\" content=\"https:\/\/gr1993records.com\/wp-content\/uploads\/2025\/07\/9_30_foto_1.jpg\" \/>\n\t<meta property=\"og:image:width\" content=\"2000\" \/>\n\t<meta property=\"og:image:height\" content=\"2000\" \/>\n\t<meta property=\"og:image:type\" content=\"image\/jpeg\" \/>\n<meta name=\"twitter:card\" content=\"summary_large_image\" \/>\n<meta name=\"twitter:image\" content=\"https:\/\/gr1993records.com\/wp-content\/uploads\/2025\/07\/9_30_foto_1.jpg\" \/>\n<meta name=\"twitter:label1\" content=\"Becs\u00fclt olvas\u00e1si id\u0151\" \/>\n\t<meta name=\"twitter:data1\" content=\"3 perc\" \/>\n<script type=\"application\/ld+json\" class=\"yoast-schema-graph\">{\"@context\":\"https:\/\/schema.org\",\"@graph\":[{\"@type\":\"WebPage\",\"@id\":\"https:\/\/gr1993records.com\/index.php\/eloadok\/the-9-30-collective\/\",\"url\":\"https:\/\/gr1993records.com\/index.php\/eloadok\/the-9-30-collective\/\",\"name\":\"The 9:30 collective &#8211; GR1993 Records\",\"isPartOf\":{\"@id\":\"https:\/\/gr1993records.com\/#website\"},\"primaryImageOfPage\":{\"@id\":\"https:\/\/gr1993records.com\/index.php\/eloadok\/the-9-30-collective\/#primaryimage\"},\"image\":{\"@id\":\"https:\/\/gr1993records.com\/index.php\/eloadok\/the-9-30-collective\/#primaryimage\"},\"thumbnailUrl\":\"https:\/\/gr1993records.com\/wp-content\/uploads\/2025\/07\/9_30_foto_1.jpg\",\"datePublished\":\"2025-07-03T13:06:35+00:00\",\"dateModified\":\"2026-04-01T09:41:21+00:00\",\"breadcrumb\":{\"@id\":\"https:\/\/gr1993records.com\/index.php\/eloadok\/the-9-30-collective\/#breadcrumb\"},\"inLanguage\":\"hu\",\"potentialAction\":[{\"@type\":\"ReadAction\",\"target\":[\"https:\/\/gr1993records.com\/index.php\/eloadok\/the-9-30-collective\/\"]}]},{\"@type\":\"ImageObject\",\"inLanguage\":\"hu\",\"@id\":\"https:\/\/gr1993records.com\/index.php\/eloadok\/the-9-30-collective\/#primaryimage\",\"url\":\"https:\/\/gr1993records.com\/wp-content\/uploads\/2025\/07\/9_30_foto_1.jpg\",\"contentUrl\":\"https:\/\/gr1993records.com\/wp-content\/uploads\/2025\/07\/9_30_foto_1.jpg\",\"width\":2000,\"height\":2000},{\"@type\":\"BreadcrumbList\",\"@id\":\"https:\/\/gr1993records.com\/index.php\/eloadok\/the-9-30-collective\/#breadcrumb\",\"itemListElement\":[{\"@type\":\"ListItem\",\"position\":1,\"name\":\"Home\",\"item\":\"https:\/\/gr1993records.com\/\"},{\"@type\":\"ListItem\",\"position\":2,\"name\":\"El\u0151ad\u00f3k\",\"item\":\"https:\/\/gr1993records.com\/index.php\/eloadok\/?lang=en\"},{\"@type\":\"ListItem\",\"position\":3,\"name\":\"The 9:30 collective\"}]},{\"@type\":\"WebSite\",\"@id\":\"https:\/\/gr1993records.com\/#website\",\"url\":\"https:\/\/gr1993records.com\/\",\"name\":\"GR1993 Records\",\"description\":\"\",\"publisher\":{\"@id\":\"https:\/\/gr1993records.com\/#organization\"},\"potentialAction\":[{\"@type\":\"SearchAction\",\"target\":{\"@type\":\"EntryPoint\",\"urlTemplate\":\"https:\/\/gr1993records.com\/?s={search_term_string}\"},\"query-input\":{\"@type\":\"PropertyValueSpecification\",\"valueRequired\":true,\"valueName\":\"search_term_string\"}}],\"inLanguage\":\"hu\"},{\"@type\":\"Organization\",\"@id\":\"https:\/\/gr1993records.com\/#organization\",\"name\":\"Gramy-H Ltd.\",\"url\":\"https:\/\/gr1993records.com\/\",\"logo\":{\"@type\":\"ImageObject\",\"inLanguage\":\"hu\",\"@id\":\"https:\/\/gr1993records.com\/#\/schema\/logo\/image\/\",\"url\":\"https:\/\/gr1993records.com\/wp-content\/uploads\/2019\/08\/GR1993_Records_logo_CC.png\",\"contentUrl\":\"https:\/\/gr1993records.com\/wp-content\/uploads\/2019\/08\/GR1993_Records_logo_CC.png\",\"width\":2900,\"height\":2001,\"caption\":\"Gramy-H Ltd.\"},\"image\":{\"@id\":\"https:\/\/gr1993records.com\/#\/schema\/logo\/image\/\"},\"sameAs\":[\"https:\/\/www.facebook.com\/GR1993Records-113564886691383\/\"]}]}<\/script>\n<!-- \/ Yoast SEO plugin. -->","yoast_head_json":{"title":"The 9:30 collective &#8211; GR1993 Records","robots":{"index":"index","follow":"follow","max-snippet":"max-snippet:-1","max-image-preview":"max-image-preview:large","max-video-preview":"max-video-preview:-1"},"canonical":"https:\/\/gr1993records.com\/index.php\/eloadok\/the-9-30-collective\/","og_locale":"hu_HU","og_type":"article","og_title":"The 9:30 collective &#8211; GR1993 Records","og_description":"[vc_row][vc_column width=&#8221;2\/3&#8243;][vc_column_text]A 9:30 Collective t\u00f6rt\u00e9nete 1998-ra ny\u00falik vissza, amikor a zenekar 9:30 n\u00e9ven megjelentette els\u0151 album\u00e1t. Az akkori fel\u00e1ll\u00e1s: Husz\u00e1r Endre (dob), Zsemlye S\u00e1ndor (saxofon), Szappanos Gy\u00f6rgy (basszusgit\u00e1r), Nagy J\u00e1nos (zongora), Fekete Kov\u00e1cs Korn\u00e9l (trombita), T\u00e1trai Tibor, Birta Mikl\u00f3s, Kormos J\u00e1nos (git\u00e1r), Sandra Grant (\u00e9nek, szaxofon), Jamie Winchester (rap). A lemez a jazz m\u0171faj\u00e1ban szokatlanul [&hellip;]","og_url":"https:\/\/gr1993records.com\/index.php\/eloadok\/the-9-30-collective\/","og_site_name":"GR1993 Records","article_publisher":"https:\/\/www.facebook.com\/GR1993Records-113564886691383\/","article_modified_time":"2026-04-01T09:41:21+00:00","og_image":[{"width":2000,"height":2000,"url":"https:\/\/gr1993records.com\/wp-content\/uploads\/2025\/07\/9_30_foto_1.jpg","type":"image\/jpeg"}],"twitter_card":"summary_large_image","twitter_image":"https:\/\/gr1993records.com\/wp-content\/uploads\/2025\/07\/9_30_foto_1.jpg","twitter_misc":{"Becs\u00fclt olvas\u00e1si id\u0151":"3 perc"},"schema":{"@context":"https:\/\/schema.org","@graph":[{"@type":"WebPage","@id":"https:\/\/gr1993records.com\/index.php\/eloadok\/the-9-30-collective\/","url":"https:\/\/gr1993records.com\/index.php\/eloadok\/the-9-30-collective\/","name":"The 9:30 collective &#8211; GR1993 Records","isPartOf":{"@id":"https:\/\/gr1993records.com\/#website"},"primaryImageOfPage":{"@id":"https:\/\/gr1993records.com\/index.php\/eloadok\/the-9-30-collective\/#primaryimage"},"image":{"@id":"https:\/\/gr1993records.com\/index.php\/eloadok\/the-9-30-collective\/#primaryimage"},"thumbnailUrl":"https:\/\/gr1993records.com\/wp-content\/uploads\/2025\/07\/9_30_foto_1.jpg","datePublished":"2025-07-03T13:06:35+00:00","dateModified":"2026-04-01T09:41:21+00:00","breadcrumb":{"@id":"https:\/\/gr1993records.com\/index.php\/eloadok\/the-9-30-collective\/#breadcrumb"},"inLanguage":"hu","potentialAction":[{"@type":"ReadAction","target":["https:\/\/gr1993records.com\/index.php\/eloadok\/the-9-30-collective\/"]}]},{"@type":"ImageObject","inLanguage":"hu","@id":"https:\/\/gr1993records.com\/index.php\/eloadok\/the-9-30-collective\/#primaryimage","url":"https:\/\/gr1993records.com\/wp-content\/uploads\/2025\/07\/9_30_foto_1.jpg","contentUrl":"https:\/\/gr1993records.com\/wp-content\/uploads\/2025\/07\/9_30_foto_1.jpg","width":2000,"height":2000},{"@type":"BreadcrumbList","@id":"https:\/\/gr1993records.com\/index.php\/eloadok\/the-9-30-collective\/#breadcrumb","itemListElement":[{"@type":"ListItem","position":1,"name":"Home","item":"https:\/\/gr1993records.com\/"},{"@type":"ListItem","position":2,"name":"El\u0151ad\u00f3k","item":"https:\/\/gr1993records.com\/index.php\/eloadok\/?lang=en"},{"@type":"ListItem","position":3,"name":"The 9:30 collective"}]},{"@type":"WebSite","@id":"https:\/\/gr1993records.com\/#website","url":"https:\/\/gr1993records.com\/","name":"GR1993 Records","description":"","publisher":{"@id":"https:\/\/gr1993records.com\/#organization"},"potentialAction":[{"@type":"SearchAction","target":{"@type":"EntryPoint","urlTemplate":"https:\/\/gr1993records.com\/?s={search_term_string}"},"query-input":{"@type":"PropertyValueSpecification","valueRequired":true,"valueName":"search_term_string"}}],"inLanguage":"hu"},{"@type":"Organization","@id":"https:\/\/gr1993records.com\/#organization","name":"Gramy-H Ltd.","url":"https:\/\/gr1993records.com\/","logo":{"@type":"ImageObject","inLanguage":"hu","@id":"https:\/\/gr1993records.com\/#\/schema\/logo\/image\/","url":"https:\/\/gr1993records.com\/wp-content\/uploads\/2019\/08\/GR1993_Records_logo_CC.png","contentUrl":"https:\/\/gr1993records.com\/wp-content\/uploads\/2019\/08\/GR1993_Records_logo_CC.png","width":2900,"height":2001,"caption":"Gramy-H Ltd."},"image":{"@id":"https:\/\/gr1993records.com\/#\/schema\/logo\/image\/"},"sameAs":["https:\/\/www.facebook.com\/GR1993Records-113564886691383\/"]}]}},"jetpack_sharing_enabled":true,"_links":{"self":[{"href":"https:\/\/gr1993records.com\/index.php\/wp-json\/wp\/v2\/pages\/7632","targetHints":{"allow":["GET"]}}],"collection":[{"href":"https:\/\/gr1993records.com\/index.php\/wp-json\/wp\/v2\/pages"}],"about":[{"href":"https:\/\/gr1993records.com\/index.php\/wp-json\/wp\/v2\/types\/page"}],"author":[{"embeddable":true,"href":"https:\/\/gr1993records.com\/index.php\/wp-json\/wp\/v2\/users\/1"}],"replies":[{"embeddable":true,"href":"https:\/\/gr1993records.com\/index.php\/wp-json\/wp\/v2\/comments?post=7632"}],"version-history":[{"count":4,"href":"https:\/\/gr1993records.com\/index.php\/wp-json\/wp\/v2\/pages\/7632\/revisions"}],"predecessor-version":[{"id":7862,"href":"https:\/\/gr1993records.com\/index.php\/wp-json\/wp\/v2\/pages\/7632\/revisions\/7862"}],"up":[{"embeddable":true,"href":"https:\/\/gr1993records.com\/index.php\/wp-json\/wp\/v2\/pages\/4565"}],"wp:featuredmedia":[{"embeddable":true,"href":"https:\/\/gr1993records.com\/index.php\/wp-json\/wp\/v2\/media\/7634"}],"wp:attachment":[{"href":"https:\/\/gr1993records.com\/index.php\/wp-json\/wp\/v2\/media?parent=7632"}],"wp:term":[{"taxonomy":"category","embeddable":true,"href":"https:\/\/gr1993records.com\/index.php\/wp-json\/wp\/v2\/categories?post=7632"},{"taxonomy":"post_tag","embeddable":true,"href":"https:\/\/gr1993records.com\/index.php\/wp-json\/wp\/v2\/tags?post=7632"}],"curies":[{"name":"wp","href":"https:\/\/api.w.org\/{rel}","templated":true}]}}