{"id":7614,"date":"2025-07-03T12:27:10","date_gmt":"2025-07-03T10:27:10","guid":{"rendered":"https:\/\/gr1993records.com\/?page_id=7614"},"modified":"2026-04-01T11:36:41","modified_gmt":"2026-04-01T09:36:41","slug":"mokus-es-a-fabula-rasa","status":"publish","type":"page","link":"https:\/\/gr1993records.com\/index.php\/eloadok\/mokus-es-a-fabula-rasa\/","title":{"rendered":"M\u00f3kus \u00e9s a Fabula Rasa"},"content":{"rendered":"<p>[vc_row][vc_column width=&#8221;2\/3&#8243;][vc_column_text]2006-ban alakult a <strong>Fabula Rasa <\/strong><\/p>\n<p>Tagjai:<br \/>\nKert\u00e9sz \u00c1kos &#8211; dob, \u00fct\u0151hangszer<br \/>\nF\u00f6ldes G\u00e1bor &#8211; basszus git\u00e1r, b\u0151g\u0151<br \/>\nVarga Korn\u00e9l &#8211; git\u00e1r<br \/>\nCserta Bal\u00e1zs &#8211; f\u00fav\u00f3s hangszerek<br \/>\nBalogh Guszti &#8211; \u00e9nek<br \/>\nSzirtes Edina &#8211; \u00e9nek, heged\u0171<\/p>\n<p>2006. Fringe Fesztival Szakmai Nagyd\u00edj<br \/>\n2009. Songwriting Competition D\u00f6nt\u0151se<br \/>\n2009. Fringe Fesztival Nagydij<br \/>\n2010. \u00d6r\u00f6mzene-\u00d6r\u00f6mt\u00e1nc Vil\u00e1gzenei verseny 2. Helyezet<br \/>\n2010. Fonogram dij \/ legjobb vilagzenei album<\/p>\n<p>N\u00e9gy nagylemez\u00fck jelent meg ezid\u00e1ig:<br \/>\nCsindratta<br \/>\nP\u00f6rgetty\u0171-Lankatty\u00fa<br \/>\nTess\u00e9kl\u00e1ss\u00e9k<br \/>\nH\u0171h\u00f3<\/p>\n<p>K\u00fclf\u00f6ldi fell\u00e9p\u00e9sek, fesztiv\u00e1lok \u00e9s magyarorsz\u00e1giak egyar\u00e1nt folyamatosan foglalkoztatj\u00e1k a zenekart.<\/p>\n<p>2013. m\u00e1rcius 18-an a M\u0171v\u00e9szetek Palot\u00e1j\u00e0ban adtak nagyszab\u00e1s\u00fa koncertet.[\/vc_column_text][\/vc_column][vc_column width=&#8221;1\/3&#8243;][vc_single_image image=&#8221;7616&#8243; img_size=&#8221;full&#8221;][\/vc_column][\/vc_row][vc_row][vc_column][vc_column_text]<strong>Szirtes Edina<\/strong> &#8211; \u00e9nekes, heged\u0171m\u0171v\u00e9sz, zeneszerz\u0151<\/p>\n<ul type=\"disc\">\n<li>2002-ben szerez Heged\u0171m\u0171v\u00e9sz, Kamaram\u0171v\u00e9sz \u00e9s M\u0171v\u00e9sztan\u00e0r diplom\u00e1t Szecs\u0151di Ferenc tan\u00edtv\u00e1nyak\u00e9nt a Liszt Ferenc Zeneakad\u00e9mia Szegedi Konzervat\u00f3rium\u00e1ban<\/li>\n<li>1996-ban Els\u0151 d\u00edj a Magyar Televizi\u00f3 \u00e1ltal szervezett T\u00e1nc-dal fesztiv\u00e1lon<\/li>\n<li>2006-ban az amerikai dal\u00edr\u00f3 verszeny (Songwriting Compatiton) d\u00f6nt\u0151se, ami a 15.000 dalb\u00f3l a 10 legjobb dal k\u00f6z\u00e9 jut\u00e1st jelenti<\/li>\n<li>2006-ban Artisjus dijas El\u0151ad\u00f3m\u0171v\u00e9sz<\/li>\n<li>2006-ban Fringe Fesztiv\u00e0l Szakmai Kit\u00fcntetettje<\/li>\n<li>2009-ben Fringe Fesztival Nagyd\u00edjasa<\/li>\n<li>2010 A Zene Vil\u00e1gnapja \u00dcnneps\u00e9gen Eur\u00f3pa Kult\u00far\u00e1lis F\u0151v\u00e1ros\u00e1ban, P\u00e9csen, a G\u00e1lam\u0171sor Fin\u00e1l\u00e9 zeneszerz\u0151je. (szerzem\u00e9ny\u00e9t olyan el\u0151ad\u00f3k j\u00e1tszott\u00e1k el, mint Cs\u00edk zenekar, Ferenczi Gy\u00f6rgy, Nikola Parov, Szal\u00f3ki \u00c1gnes, Falusi Mariann, \u00c1goston B\u00e9la, Bal\u00e1zs Elem\u00e9r \u00e9s a Fabula Rasa)<\/li>\n<li>2010-ben Fonogram d\u00edjas El\u0151ad\u00f3m\u0171v\u00e9sz<\/li>\n<li>2010 augusztus 20.-ai budapesti T\u00fczij\u00e1t\u00e9k zeneszerz\u0151je<\/li>\n<li>2012-ben (szeptember 24-\u00e9n)<\/li>\n<li>az \u00c9v legjobb koncertj\u00e9t adta a M\u0171v\u00e9szetek Palot\u00e0j\u00e1ban a Kritikusok szerint (Kov\u00e0ts Kriszta k\u00e9r\u00e9s\u00e9re kompon\u00e1lt Tao Te King c\u00edm\u0171 darabj\u00e1b\u00f3l)<\/li>\n<li>2012-ben az Artisjus nagyd\u00edjjas zeneszerz\u0151je, ami az \u00c9v k\u00f6nny\u0171zenei Zeneszerz\u0151je kit\u00fcntetest jelenti. (n\u0151i zeneszerz\u0151nek, eddig m\u00e9g nem it\u00e9lt\u00e9k oda)<\/li>\n<\/ul>\n<p>K\u00f6zben folyamatos zeneszerz\u0151je sz\u00ednh\u00e1zi daraboknak (Szegedi Kort\u00e1rs Balett, Cir\u00f3ka B\u00e1b Sz\u00ednh\u00e1z, Kov\u00e1ts M\u0171hely darabjai, a Magyar R\u00e1di\u00f3 hangj\u00e1t\u00e9kai)<\/p>\n<p>Mindemellet olyan el\u0151ad\u00f3knak \u00edr zen\u00e9t, mint ZS\u00c9DA, Bal\u00e1ssy Betty \u00e9s Varga Feri, \u00a0Nox, Falusi Mariann \u00e9s a saj\u00e1t zenekarai ( Fabula Rasa \u00e9s a Von\u00f3s n\u00e9gyese ).<\/p>\n<p>Folyamatos fellep\u0151je a M\u0171v\u00e9szetek Palot\u00e1j\u00e1nak, ahol 2009-ben, 2010-ben, 2012-ben zeneszerz\u0151i munkass\u00e1g\u00e1t mutathatta be. (Arany-\u00f3ra-Arany J\u00e1nos Ballad\u00e1ib\u00f3l; Lao Ce: Tao Te King- Weores S\u00e1ndor ford\u00edt\u00e1s\u00e1ban- ezekhez az irodalmi m\u0171vekhez kompon\u00e1lt eg\u00e9sz est\u00e9s koncertm\u0171vet).<\/p>\n<p>Ebben az \u00e9vben zenekar\u00e1val, Fabula Rasaval 2013. m\u00e1rcius 18-\u00e1n lesz \u00f6n\u00e1ll\u00f3 koncertje szint\u00e9n a M\u0171v\u00e9szetek Palot\u00e1j\u00e1ban.<\/p>\n<p>&#8211; 2012-ben megjelent k\u00e9t sz\u00f3l\u00f3lemeze a Gryllus Kiad\u00f3 j\u00f3volt\u00e1b\u00f3l, melyen saj\u00e1t darabjai hallhat\u00f3k , melyeket teljesen egyed\u00fcl j\u00e1tszott fel minden hangszeren.<\/p>\n<p>&#8211; Vend\u00e9gzen\u00e9szk\u00e9nt olyan el\u0151ad\u00f3k mellet j\u00e1tszhatott, mint Presser G\u00e1bor, Falusi Mariann, Zs\u00e9da, Tnt, Nox.<\/p>\n<p>&#8211; Saj\u00e1t zenekaraival pedig eg\u00e9sz \u00e9vben j\u00e1rja az orsz\u00e1got. (Fabula Rasa, Harmonia Garden, Monamo, Blues B.R Others, Von\u00f3s n\u00e9gyese, Vid\u00e1m Sz\u00edv\u0171ek t\u00e1ras\u00e1ga, stb.)[\/vc_column_text][vc_separator][vc_empty_space][vc_custom_heading title_font_size=&#8221;fs36&#8243; text=&#8221;Releases from this artist&#8221; use_theme_fonts=&#8221;yes&#8221; el_class=&#8221;mb60 mb30-md&#8221;][vc_basic_grid post_type=&#8221;product&#8221; max_items=&#8221;-1&#8243; element_width=&#8221;3&#8243; item=&#8221;5015&#8243; grid_id=&#8221;vc_gid:1775036136657-126dbbc6-258f-5&#8243; taxonomies=&#8221;142&#8243;][\/vc_column][\/vc_row]<\/p>","protected":false},"excerpt":{"rendered":"<p>[vc_row][vc_column width=&#8221;2\/3&#8243;][vc_column_text]2006-ban alakult a Fabula Rasa Tagjai: Kert\u00e9sz \u00c1kos &#8211; dob, \u00fct\u0151hangszer F\u00f6ldes G\u00e1bor &#8211; basszus git\u00e1r, b\u0151g\u0151 Varga Korn\u00e9l &#8211; git\u00e1r Cserta Bal\u00e1zs &#8211; f\u00fav\u00f3s hangszerek Balogh Guszti &#8211; \u00e9nek Szirtes Edina &#8211; \u00e9nek, heged\u0171 2006. Fringe Fesztival Szakmai Nagyd\u00edj 2009. Songwriting Competition D\u00f6nt\u0151se 2009. Fringe Fesztival Nagydij 2010. \u00d6r\u00f6mzene-\u00d6r\u00f6mt\u00e1nc Vil\u00e1gzenei verseny 2. Helyezet [&hellip;]<\/p>\n","protected":false},"author":1,"featured_media":7617,"parent":4565,"menu_order":0,"comment_status":"closed","ping_status":"closed","template":"","meta":{"footnotes":""},"categories":[128],"tags":[510],"class_list":["post-7614","page","type-page","status-publish","has-post-thumbnail","hentry","category-artists","tag-mokus-es-a-fabula-rasa"],"yoast_head":"<!-- This site is optimized with the Yoast SEO plugin v27.2 - https:\/\/yoast.com\/product\/yoast-seo-wordpress\/ -->\n<title>M\u00f3kus \u00e9s a Fabula Rasa &#8211; GR1993 Records<\/title>\n<meta name=\"robots\" content=\"index, follow, max-snippet:-1, max-image-preview:large, max-video-preview:-1\" \/>\n<link rel=\"canonical\" href=\"https:\/\/gr1993records.com\/index.php\/eloadok\/mokus-es-a-fabula-rasa\/\" \/>\n<meta property=\"og:locale\" content=\"hu_HU\" \/>\n<meta property=\"og:type\" content=\"article\" \/>\n<meta property=\"og:title\" content=\"M\u00f3kus \u00e9s a Fabula Rasa &#8211; GR1993 Records\" \/>\n<meta property=\"og:description\" content=\"[vc_row][vc_column width=&#8221;2\/3&#8243;][vc_column_text]2006-ban alakult a Fabula Rasa Tagjai: Kert\u00e9sz \u00c1kos &#8211; dob, \u00fct\u0151hangszer F\u00f6ldes G\u00e1bor &#8211; basszus git\u00e1r, b\u0151g\u0151 Varga Korn\u00e9l &#8211; git\u00e1r Cserta Bal\u00e1zs &#8211; f\u00fav\u00f3s hangszerek Balogh Guszti &#8211; \u00e9nek Szirtes Edina &#8211; \u00e9nek, heged\u0171 2006. Fringe Fesztival Szakmai Nagyd\u00edj 2009. Songwriting Competition D\u00f6nt\u0151se 2009. Fringe Fesztival Nagydij 2010. \u00d6r\u00f6mzene-\u00d6r\u00f6mt\u00e1nc Vil\u00e1gzenei verseny 2. Helyezet [&hellip;]\" \/>\n<meta property=\"og:url\" content=\"https:\/\/gr1993records.com\/index.php\/eloadok\/mokus-es-a-fabula-rasa\/\" \/>\n<meta property=\"og:site_name\" content=\"GR1993 Records\" \/>\n<meta property=\"article:publisher\" content=\"https:\/\/www.facebook.com\/GR1993Records-113564886691383\/\" \/>\n<meta property=\"article:modified_time\" content=\"2026-04-01T09:36:41+00:00\" \/>\n<meta property=\"og:image\" content=\"https:\/\/gr1993records.com\/wp-content\/uploads\/2025\/07\/Mokus_foto_1.jpg\" \/>\n\t<meta property=\"og:image:width\" content=\"1500\" \/>\n\t<meta property=\"og:image:height\" content=\"1500\" \/>\n\t<meta property=\"og:image:type\" content=\"image\/jpeg\" \/>\n<meta name=\"twitter:card\" content=\"summary_large_image\" \/>\n<meta name=\"twitter:image\" content=\"https:\/\/gr1993records.com\/wp-content\/uploads\/2025\/07\/Mokus_foto_1.jpg\" \/>\n<meta name=\"twitter:label1\" content=\"Becs\u00fclt olvas\u00e1si id\u0151\" \/>\n\t<meta name=\"twitter:data1\" content=\"3 perc\" \/>\n<script type=\"application\/ld+json\" class=\"yoast-schema-graph\">{\"@context\":\"https:\/\/schema.org\",\"@graph\":[{\"@type\":\"WebPage\",\"@id\":\"https:\/\/gr1993records.com\/index.php\/eloadok\/mokus-es-a-fabula-rasa\/\",\"url\":\"https:\/\/gr1993records.com\/index.php\/eloadok\/mokus-es-a-fabula-rasa\/\",\"name\":\"M\u00f3kus \u00e9s a Fabula Rasa &#8211; GR1993 Records\",\"isPartOf\":{\"@id\":\"https:\/\/gr1993records.com\/#website\"},\"primaryImageOfPage\":{\"@id\":\"https:\/\/gr1993records.com\/index.php\/eloadok\/mokus-es-a-fabula-rasa\/#primaryimage\"},\"image\":{\"@id\":\"https:\/\/gr1993records.com\/index.php\/eloadok\/mokus-es-a-fabula-rasa\/#primaryimage\"},\"thumbnailUrl\":\"https:\/\/gr1993records.com\/wp-content\/uploads\/2025\/07\/Mokus_foto_1.jpg\",\"datePublished\":\"2025-07-03T10:27:10+00:00\",\"dateModified\":\"2026-04-01T09:36:41+00:00\",\"breadcrumb\":{\"@id\":\"https:\/\/gr1993records.com\/index.php\/eloadok\/mokus-es-a-fabula-rasa\/#breadcrumb\"},\"inLanguage\":\"hu\",\"potentialAction\":[{\"@type\":\"ReadAction\",\"target\":[\"https:\/\/gr1993records.com\/index.php\/eloadok\/mokus-es-a-fabula-rasa\/\"]}]},{\"@type\":\"ImageObject\",\"inLanguage\":\"hu\",\"@id\":\"https:\/\/gr1993records.com\/index.php\/eloadok\/mokus-es-a-fabula-rasa\/#primaryimage\",\"url\":\"https:\/\/gr1993records.com\/wp-content\/uploads\/2025\/07\/Mokus_foto_1.jpg\",\"contentUrl\":\"https:\/\/gr1993records.com\/wp-content\/uploads\/2025\/07\/Mokus_foto_1.jpg\",\"width\":1500,\"height\":1500},{\"@type\":\"BreadcrumbList\",\"@id\":\"https:\/\/gr1993records.com\/index.php\/eloadok\/mokus-es-a-fabula-rasa\/#breadcrumb\",\"itemListElement\":[{\"@type\":\"ListItem\",\"position\":1,\"name\":\"Home\",\"item\":\"https:\/\/gr1993records.com\/\"},{\"@type\":\"ListItem\",\"position\":2,\"name\":\"El\u0151ad\u00f3k\",\"item\":\"https:\/\/gr1993records.com\/index.php\/eloadok\/?lang=en\"},{\"@type\":\"ListItem\",\"position\":3,\"name\":\"M\u00f3kus \u00e9s a Fabula Rasa\"}]},{\"@type\":\"WebSite\",\"@id\":\"https:\/\/gr1993records.com\/#website\",\"url\":\"https:\/\/gr1993records.com\/\",\"name\":\"GR1993 Records\",\"description\":\"\",\"publisher\":{\"@id\":\"https:\/\/gr1993records.com\/#organization\"},\"potentialAction\":[{\"@type\":\"SearchAction\",\"target\":{\"@type\":\"EntryPoint\",\"urlTemplate\":\"https:\/\/gr1993records.com\/?s={search_term_string}\"},\"query-input\":{\"@type\":\"PropertyValueSpecification\",\"valueRequired\":true,\"valueName\":\"search_term_string\"}}],\"inLanguage\":\"hu\"},{\"@type\":\"Organization\",\"@id\":\"https:\/\/gr1993records.com\/#organization\",\"name\":\"Gramy-H Ltd.\",\"url\":\"https:\/\/gr1993records.com\/\",\"logo\":{\"@type\":\"ImageObject\",\"inLanguage\":\"hu\",\"@id\":\"https:\/\/gr1993records.com\/#\/schema\/logo\/image\/\",\"url\":\"https:\/\/gr1993records.com\/wp-content\/uploads\/2019\/08\/GR1993_Records_logo_CC.png\",\"contentUrl\":\"https:\/\/gr1993records.com\/wp-content\/uploads\/2019\/08\/GR1993_Records_logo_CC.png\",\"width\":2900,\"height\":2001,\"caption\":\"Gramy-H Ltd.\"},\"image\":{\"@id\":\"https:\/\/gr1993records.com\/#\/schema\/logo\/image\/\"},\"sameAs\":[\"https:\/\/www.facebook.com\/GR1993Records-113564886691383\/\"]}]}<\/script>\n<!-- \/ Yoast SEO plugin. -->","yoast_head_json":{"title":"M\u00f3kus \u00e9s a Fabula Rasa &#8211; GR1993 Records","robots":{"index":"index","follow":"follow","max-snippet":"max-snippet:-1","max-image-preview":"max-image-preview:large","max-video-preview":"max-video-preview:-1"},"canonical":"https:\/\/gr1993records.com\/index.php\/eloadok\/mokus-es-a-fabula-rasa\/","og_locale":"hu_HU","og_type":"article","og_title":"M\u00f3kus \u00e9s a Fabula Rasa &#8211; GR1993 Records","og_description":"[vc_row][vc_column width=&#8221;2\/3&#8243;][vc_column_text]2006-ban alakult a Fabula Rasa Tagjai: Kert\u00e9sz \u00c1kos &#8211; dob, \u00fct\u0151hangszer F\u00f6ldes G\u00e1bor &#8211; basszus git\u00e1r, b\u0151g\u0151 Varga Korn\u00e9l &#8211; git\u00e1r Cserta Bal\u00e1zs &#8211; f\u00fav\u00f3s hangszerek Balogh Guszti &#8211; \u00e9nek Szirtes Edina &#8211; \u00e9nek, heged\u0171 2006. Fringe Fesztival Szakmai Nagyd\u00edj 2009. Songwriting Competition D\u00f6nt\u0151se 2009. Fringe Fesztival Nagydij 2010. \u00d6r\u00f6mzene-\u00d6r\u00f6mt\u00e1nc Vil\u00e1gzenei verseny 2. Helyezet [&hellip;]","og_url":"https:\/\/gr1993records.com\/index.php\/eloadok\/mokus-es-a-fabula-rasa\/","og_site_name":"GR1993 Records","article_publisher":"https:\/\/www.facebook.com\/GR1993Records-113564886691383\/","article_modified_time":"2026-04-01T09:36:41+00:00","og_image":[{"width":1500,"height":1500,"url":"https:\/\/gr1993records.com\/wp-content\/uploads\/2025\/07\/Mokus_foto_1.jpg","type":"image\/jpeg"}],"twitter_card":"summary_large_image","twitter_image":"https:\/\/gr1993records.com\/wp-content\/uploads\/2025\/07\/Mokus_foto_1.jpg","twitter_misc":{"Becs\u00fclt olvas\u00e1si id\u0151":"3 perc"},"schema":{"@context":"https:\/\/schema.org","@graph":[{"@type":"WebPage","@id":"https:\/\/gr1993records.com\/index.php\/eloadok\/mokus-es-a-fabula-rasa\/","url":"https:\/\/gr1993records.com\/index.php\/eloadok\/mokus-es-a-fabula-rasa\/","name":"M\u00f3kus \u00e9s a Fabula Rasa &#8211; GR1993 Records","isPartOf":{"@id":"https:\/\/gr1993records.com\/#website"},"primaryImageOfPage":{"@id":"https:\/\/gr1993records.com\/index.php\/eloadok\/mokus-es-a-fabula-rasa\/#primaryimage"},"image":{"@id":"https:\/\/gr1993records.com\/index.php\/eloadok\/mokus-es-a-fabula-rasa\/#primaryimage"},"thumbnailUrl":"https:\/\/gr1993records.com\/wp-content\/uploads\/2025\/07\/Mokus_foto_1.jpg","datePublished":"2025-07-03T10:27:10+00:00","dateModified":"2026-04-01T09:36:41+00:00","breadcrumb":{"@id":"https:\/\/gr1993records.com\/index.php\/eloadok\/mokus-es-a-fabula-rasa\/#breadcrumb"},"inLanguage":"hu","potentialAction":[{"@type":"ReadAction","target":["https:\/\/gr1993records.com\/index.php\/eloadok\/mokus-es-a-fabula-rasa\/"]}]},{"@type":"ImageObject","inLanguage":"hu","@id":"https:\/\/gr1993records.com\/index.php\/eloadok\/mokus-es-a-fabula-rasa\/#primaryimage","url":"https:\/\/gr1993records.com\/wp-content\/uploads\/2025\/07\/Mokus_foto_1.jpg","contentUrl":"https:\/\/gr1993records.com\/wp-content\/uploads\/2025\/07\/Mokus_foto_1.jpg","width":1500,"height":1500},{"@type":"BreadcrumbList","@id":"https:\/\/gr1993records.com\/index.php\/eloadok\/mokus-es-a-fabula-rasa\/#breadcrumb","itemListElement":[{"@type":"ListItem","position":1,"name":"Home","item":"https:\/\/gr1993records.com\/"},{"@type":"ListItem","position":2,"name":"El\u0151ad\u00f3k","item":"https:\/\/gr1993records.com\/index.php\/eloadok\/?lang=en"},{"@type":"ListItem","position":3,"name":"M\u00f3kus \u00e9s a Fabula Rasa"}]},{"@type":"WebSite","@id":"https:\/\/gr1993records.com\/#website","url":"https:\/\/gr1993records.com\/","name":"GR1993 Records","description":"","publisher":{"@id":"https:\/\/gr1993records.com\/#organization"},"potentialAction":[{"@type":"SearchAction","target":{"@type":"EntryPoint","urlTemplate":"https:\/\/gr1993records.com\/?s={search_term_string}"},"query-input":{"@type":"PropertyValueSpecification","valueRequired":true,"valueName":"search_term_string"}}],"inLanguage":"hu"},{"@type":"Organization","@id":"https:\/\/gr1993records.com\/#organization","name":"Gramy-H Ltd.","url":"https:\/\/gr1993records.com\/","logo":{"@type":"ImageObject","inLanguage":"hu","@id":"https:\/\/gr1993records.com\/#\/schema\/logo\/image\/","url":"https:\/\/gr1993records.com\/wp-content\/uploads\/2019\/08\/GR1993_Records_logo_CC.png","contentUrl":"https:\/\/gr1993records.com\/wp-content\/uploads\/2019\/08\/GR1993_Records_logo_CC.png","width":2900,"height":2001,"caption":"Gramy-H Ltd."},"image":{"@id":"https:\/\/gr1993records.com\/#\/schema\/logo\/image\/"},"sameAs":["https:\/\/www.facebook.com\/GR1993Records-113564886691383\/"]}]}},"jetpack_sharing_enabled":true,"_links":{"self":[{"href":"https:\/\/gr1993records.com\/index.php\/wp-json\/wp\/v2\/pages\/7614","targetHints":{"allow":["GET"]}}],"collection":[{"href":"https:\/\/gr1993records.com\/index.php\/wp-json\/wp\/v2\/pages"}],"about":[{"href":"https:\/\/gr1993records.com\/index.php\/wp-json\/wp\/v2\/types\/page"}],"author":[{"embeddable":true,"href":"https:\/\/gr1993records.com\/index.php\/wp-json\/wp\/v2\/users\/1"}],"replies":[{"embeddable":true,"href":"https:\/\/gr1993records.com\/index.php\/wp-json\/wp\/v2\/comments?post=7614"}],"version-history":[{"count":4,"href":"https:\/\/gr1993records.com\/index.php\/wp-json\/wp\/v2\/pages\/7614\/revisions"}],"predecessor-version":[{"id":7860,"href":"https:\/\/gr1993records.com\/index.php\/wp-json\/wp\/v2\/pages\/7614\/revisions\/7860"}],"up":[{"embeddable":true,"href":"https:\/\/gr1993records.com\/index.php\/wp-json\/wp\/v2\/pages\/4565"}],"wp:featuredmedia":[{"embeddable":true,"href":"https:\/\/gr1993records.com\/index.php\/wp-json\/wp\/v2\/media\/7617"}],"wp:attachment":[{"href":"https:\/\/gr1993records.com\/index.php\/wp-json\/wp\/v2\/media?parent=7614"}],"wp:term":[{"taxonomy":"category","embeddable":true,"href":"https:\/\/gr1993records.com\/index.php\/wp-json\/wp\/v2\/categories?post=7614"},{"taxonomy":"post_tag","embeddable":true,"href":"https:\/\/gr1993records.com\/index.php\/wp-json\/wp\/v2\/tags?post=7614"}],"curies":[{"name":"wp","href":"https:\/\/api.w.org\/{rel}","templated":true}]}}