{"id":7590,"date":"2025-06-26T14:55:02","date_gmt":"2025-06-26T12:55:02","guid":{"rendered":"https:\/\/gr1993records.com\/?page_id=7590"},"modified":"2026-04-01T11:05:57","modified_gmt":"2026-04-01T09:05:57","slug":"pocsai_kriszta","status":"publish","type":"page","link":"https:\/\/gr1993records.com\/index.php\/eloadok\/pocsai_kriszta\/","title":{"rendered":"Pocsai Kriszta"},"content":{"rendered":"<p>[vc_row][vc_column width=&#8221;2\/3&#8243;][vc_column_text]A Bart\u00f3k B\u00e9la Zenem\u0171v\u00e9szeti Szakk\u00f6z\u00e9piskol\u00e1ban zongora szakon v\u00e9gezett Miskolcon. 1998-ban diplom\u00e1zott a Liszt Ferenc Zenem\u0171v\u00e9szeti F\u0151iskola Jazztansz\u00e9k\u00e9n jazz-\u00e9nek szakon. K\u00fcl\u00f6nb\u00f6z\u0151 pop, funky, jazz form\u00e1ci\u00f3val koncertezett \u00e9s k\u00e9sz\u00edtett lemezeket:<br \/>\n1998. Vedd k\u00f6nnyed\u00e9n (Not for Sale), 2002. \u00daj utakon (Not for Sale), 2003. Funk Radio (Freeport), 2004. But Beautiful (Szakcsi Lakatos B\u00e9l\u00e1val \u00e9s Tomsits Rudolffal).<\/p>\n<p>1998-t\u00f3l t\u00edz \u00e9ven \u00e1t vezette a Bart\u00f3k R\u00e1di\u00f3 jazzm\u0171sorait. 2009-ben \u00fajabb diplom\u00e1t szerezett az ELTE B\u00e1rczi Guszt\u00e1v Gy\u00f3gypedag\u00f3giai F\u0151iskolai Kar\u00e1n logop\u00e9dusk\u00e9nt. Az\u00f3ta nemcsak \u00e9nekesn\u0151k\u00e9nt \u00e9s zenepedag\u00f3gusk\u00e9nt, hanem logop\u00e9dusk\u00e9nt \u00e9s hangterapeutak\u00e9nt is dolgozik.[\/vc_column_text][\/vc_column][vc_column width=&#8221;1\/3&#8243;][vc_single_image image=&#8221;7596&#8243; img_size=&#8221;full&#8221;][\/vc_column][\/vc_row][vc_row][vc_column][vc_separator][vc_empty_space][vc_custom_heading title_font_size=&#8221;fs36&#8243; text=&#8221;El\u0151ad\u00f3hoz kapcsol\u00f3d\u00f3 kiadv\u00e1nyok&#8221; use_theme_fonts=&#8221;yes&#8221; el_class=&#8221;mb60 mb30-md&#8221;][vc_basic_grid post_type=&#8221;product&#8221; max_items=&#8221;-1&#8243; element_width=&#8221;3&#8243; item=&#8221;5015&#8243; grid_id=&#8221;vc_gid:1775034307653-32ef3e64-7865-5&#8243; taxonomies=&#8221;145&#8243;][\/vc_column][\/vc_row]<\/p>","protected":false},"excerpt":{"rendered":"<p>[vc_row][vc_column width=&#8221;2\/3&#8243;][vc_column_text]A Bart\u00f3k B\u00e9la Zenem\u0171v\u00e9szeti Szakk\u00f6z\u00e9piskol\u00e1ban zongora szakon v\u00e9gezett Miskolcon. 1998-ban diplom\u00e1zott a Liszt Ferenc Zenem\u0171v\u00e9szeti F\u0151iskola Jazztansz\u00e9k\u00e9n jazz-\u00e9nek szakon. K\u00fcl\u00f6nb\u00f6z\u0151 pop, funky, jazz form\u00e1ci\u00f3val koncertezett \u00e9s k\u00e9sz\u00edtett lemezeket: 1998. Vedd k\u00f6nnyed\u00e9n (Not for Sale), 2002. \u00daj utakon (Not for Sale), 2003. Funk Radio (Freeport), 2004. But Beautiful (Szakcsi Lakatos B\u00e9l\u00e1val \u00e9s Tomsits Rudolffal). 1998-t\u00f3l [&hellip;]<\/p>\n","protected":false},"author":1,"featured_media":7592,"parent":4565,"menu_order":0,"comment_status":"closed","ping_status":"closed","template":"","meta":{"footnotes":""},"categories":[128],"tags":[],"class_list":["post-7590","page","type-page","status-publish","has-post-thumbnail","hentry","category-artists"],"yoast_head":"<!-- This site is optimized with the Yoast SEO plugin v27.3 - https:\/\/yoast.com\/product\/yoast-seo-wordpress\/ -->\n<title>Pocsai Kriszta &#8211; GR1993 Records<\/title>\n<meta name=\"robots\" content=\"index, follow, max-snippet:-1, max-image-preview:large, max-video-preview:-1\" \/>\n<link rel=\"canonical\" href=\"https:\/\/gr1993records.com\/index.php\/eloadok\/pocsai_kriszta\/\" \/>\n<meta property=\"og:locale\" content=\"hu_HU\" \/>\n<meta property=\"og:type\" content=\"article\" \/>\n<meta property=\"og:title\" content=\"Pocsai Kriszta &#8211; GR1993 Records\" \/>\n<meta property=\"og:description\" content=\"[vc_row][vc_column width=&#8221;2\/3&#8243;][vc_column_text]A Bart\u00f3k B\u00e9la Zenem\u0171v\u00e9szeti Szakk\u00f6z\u00e9piskol\u00e1ban zongora szakon v\u00e9gezett Miskolcon. 1998-ban diplom\u00e1zott a Liszt Ferenc Zenem\u0171v\u00e9szeti F\u0151iskola Jazztansz\u00e9k\u00e9n jazz-\u00e9nek szakon. K\u00fcl\u00f6nb\u00f6z\u0151 pop, funky, jazz form\u00e1ci\u00f3val koncertezett \u00e9s k\u00e9sz\u00edtett lemezeket: 1998. Vedd k\u00f6nnyed\u00e9n (Not for Sale), 2002. \u00daj utakon (Not for Sale), 2003. Funk Radio (Freeport), 2004. But Beautiful (Szakcsi Lakatos B\u00e9l\u00e1val \u00e9s Tomsits Rudolffal). 1998-t\u00f3l [&hellip;]\" \/>\n<meta property=\"og:url\" content=\"https:\/\/gr1993records.com\/index.php\/eloadok\/pocsai_kriszta\/\" \/>\n<meta property=\"og:site_name\" content=\"GR1993 Records\" \/>\n<meta property=\"article:publisher\" content=\"https:\/\/www.facebook.com\/GR1993Records-113564886691383\/\" \/>\n<meta property=\"article:modified_time\" content=\"2026-04-01T09:05:57+00:00\" \/>\n<meta property=\"og:image\" content=\"https:\/\/gr1993records.com\/wp-content\/uploads\/2025\/06\/pocsai_krisztina_portre_1.jpg\" \/>\n\t<meta property=\"og:image:width\" content=\"1000\" \/>\n\t<meta property=\"og:image:height\" content=\"1000\" \/>\n\t<meta property=\"og:image:type\" content=\"image\/jpeg\" \/>\n<meta name=\"twitter:card\" content=\"summary_large_image\" \/>\n<meta name=\"twitter:image\" content=\"https:\/\/gr1993records.com\/wp-content\/uploads\/2025\/06\/pocsai_krisztina_portre_1.jpg\" \/>\n<meta name=\"twitter:label1\" content=\"Becs\u00fclt olvas\u00e1si id\u0151\" \/>\n\t<meta name=\"twitter:data1\" content=\"1 perc\" \/>\n<script type=\"application\/ld+json\" class=\"yoast-schema-graph\">{\"@context\":\"https:\\\/\\\/schema.org\",\"@graph\":[{\"@type\":\"WebPage\",\"@id\":\"https:\\\/\\\/gr1993records.com\\\/index.php\\\/eloadok\\\/pocsai_kriszta\\\/\",\"url\":\"https:\\\/\\\/gr1993records.com\\\/index.php\\\/eloadok\\\/pocsai_kriszta\\\/\",\"name\":\"Pocsai Kriszta &#8211; GR1993 Records\",\"isPartOf\":{\"@id\":\"https:\\\/\\\/gr1993records.com\\\/#website\"},\"primaryImageOfPage\":{\"@id\":\"https:\\\/\\\/gr1993records.com\\\/index.php\\\/eloadok\\\/pocsai_kriszta\\\/#primaryimage\"},\"image\":{\"@id\":\"https:\\\/\\\/gr1993records.com\\\/index.php\\\/eloadok\\\/pocsai_kriszta\\\/#primaryimage\"},\"thumbnailUrl\":\"https:\\\/\\\/gr1993records.com\\\/wp-content\\\/uploads\\\/2025\\\/06\\\/pocsai_krisztina_portre_1.jpg\",\"datePublished\":\"2025-06-26T12:55:02+00:00\",\"dateModified\":\"2026-04-01T09:05:57+00:00\",\"breadcrumb\":{\"@id\":\"https:\\\/\\\/gr1993records.com\\\/index.php\\\/eloadok\\\/pocsai_kriszta\\\/#breadcrumb\"},\"inLanguage\":\"hu\",\"potentialAction\":[{\"@type\":\"ReadAction\",\"target\":[\"https:\\\/\\\/gr1993records.com\\\/index.php\\\/eloadok\\\/pocsai_kriszta\\\/\"]}]},{\"@type\":\"ImageObject\",\"inLanguage\":\"hu\",\"@id\":\"https:\\\/\\\/gr1993records.com\\\/index.php\\\/eloadok\\\/pocsai_kriszta\\\/#primaryimage\",\"url\":\"https:\\\/\\\/gr1993records.com\\\/wp-content\\\/uploads\\\/2025\\\/06\\\/pocsai_krisztina_portre_1.jpg\",\"contentUrl\":\"https:\\\/\\\/gr1993records.com\\\/wp-content\\\/uploads\\\/2025\\\/06\\\/pocsai_krisztina_portre_1.jpg\",\"width\":1000,\"height\":1000},{\"@type\":\"BreadcrumbList\",\"@id\":\"https:\\\/\\\/gr1993records.com\\\/index.php\\\/eloadok\\\/pocsai_kriszta\\\/#breadcrumb\",\"itemListElement\":[{\"@type\":\"ListItem\",\"position\":1,\"name\":\"Home\",\"item\":\"https:\\\/\\\/gr1993records.com\\\/\"},{\"@type\":\"ListItem\",\"position\":2,\"name\":\"El\u0151ad\u00f3k\",\"item\":\"https:\\\/\\\/gr1993records.com\\\/index.php\\\/eloadok\\\/?lang=en\"},{\"@type\":\"ListItem\",\"position\":3,\"name\":\"Pocsai Kriszta\"}]},{\"@type\":\"WebSite\",\"@id\":\"https:\\\/\\\/gr1993records.com\\\/#website\",\"url\":\"https:\\\/\\\/gr1993records.com\\\/\",\"name\":\"GR1993 Records\",\"description\":\"\",\"publisher\":{\"@id\":\"https:\\\/\\\/gr1993records.com\\\/#organization\"},\"potentialAction\":[{\"@type\":\"SearchAction\",\"target\":{\"@type\":\"EntryPoint\",\"urlTemplate\":\"https:\\\/\\\/gr1993records.com\\\/?s={search_term_string}\"},\"query-input\":{\"@type\":\"PropertyValueSpecification\",\"valueRequired\":true,\"valueName\":\"search_term_string\"}}],\"inLanguage\":\"hu\"},{\"@type\":\"Organization\",\"@id\":\"https:\\\/\\\/gr1993records.com\\\/#organization\",\"name\":\"Gramy-H Ltd.\",\"url\":\"https:\\\/\\\/gr1993records.com\\\/\",\"logo\":{\"@type\":\"ImageObject\",\"inLanguage\":\"hu\",\"@id\":\"https:\\\/\\\/gr1993records.com\\\/#\\\/schema\\\/logo\\\/image\\\/\",\"url\":\"https:\\\/\\\/gr1993records.com\\\/wp-content\\\/uploads\\\/2019\\\/08\\\/GR1993_Records_logo_CC.png\",\"contentUrl\":\"https:\\\/\\\/gr1993records.com\\\/wp-content\\\/uploads\\\/2019\\\/08\\\/GR1993_Records_logo_CC.png\",\"width\":2900,\"height\":2001,\"caption\":\"Gramy-H Ltd.\"},\"image\":{\"@id\":\"https:\\\/\\\/gr1993records.com\\\/#\\\/schema\\\/logo\\\/image\\\/\"},\"sameAs\":[\"https:\\\/\\\/www.facebook.com\\\/GR1993Records-113564886691383\\\/\"]}]}<\/script>\n<!-- \/ Yoast SEO plugin. -->","yoast_head_json":{"title":"Pocsai Kriszta &#8211; GR1993 Records","robots":{"index":"index","follow":"follow","max-snippet":"max-snippet:-1","max-image-preview":"max-image-preview:large","max-video-preview":"max-video-preview:-1"},"canonical":"https:\/\/gr1993records.com\/index.php\/eloadok\/pocsai_kriszta\/","og_locale":"hu_HU","og_type":"article","og_title":"Pocsai Kriszta &#8211; GR1993 Records","og_description":"[vc_row][vc_column width=&#8221;2\/3&#8243;][vc_column_text]A Bart\u00f3k B\u00e9la Zenem\u0171v\u00e9szeti Szakk\u00f6z\u00e9piskol\u00e1ban zongora szakon v\u00e9gezett Miskolcon. 1998-ban diplom\u00e1zott a Liszt Ferenc Zenem\u0171v\u00e9szeti F\u0151iskola Jazztansz\u00e9k\u00e9n jazz-\u00e9nek szakon. K\u00fcl\u00f6nb\u00f6z\u0151 pop, funky, jazz form\u00e1ci\u00f3val koncertezett \u00e9s k\u00e9sz\u00edtett lemezeket: 1998. Vedd k\u00f6nnyed\u00e9n (Not for Sale), 2002. \u00daj utakon (Not for Sale), 2003. Funk Radio (Freeport), 2004. But Beautiful (Szakcsi Lakatos B\u00e9l\u00e1val \u00e9s Tomsits Rudolffal). 1998-t\u00f3l [&hellip;]","og_url":"https:\/\/gr1993records.com\/index.php\/eloadok\/pocsai_kriszta\/","og_site_name":"GR1993 Records","article_publisher":"https:\/\/www.facebook.com\/GR1993Records-113564886691383\/","article_modified_time":"2026-04-01T09:05:57+00:00","og_image":[{"width":1000,"height":1000,"url":"https:\/\/gr1993records.com\/wp-content\/uploads\/2025\/06\/pocsai_krisztina_portre_1.jpg","type":"image\/jpeg"}],"twitter_card":"summary_large_image","twitter_image":"https:\/\/gr1993records.com\/wp-content\/uploads\/2025\/06\/pocsai_krisztina_portre_1.jpg","twitter_misc":{"Becs\u00fclt olvas\u00e1si id\u0151":"1 perc"},"schema":{"@context":"https:\/\/schema.org","@graph":[{"@type":"WebPage","@id":"https:\/\/gr1993records.com\/index.php\/eloadok\/pocsai_kriszta\/","url":"https:\/\/gr1993records.com\/index.php\/eloadok\/pocsai_kriszta\/","name":"Pocsai Kriszta &#8211; GR1993 Records","isPartOf":{"@id":"https:\/\/gr1993records.com\/#website"},"primaryImageOfPage":{"@id":"https:\/\/gr1993records.com\/index.php\/eloadok\/pocsai_kriszta\/#primaryimage"},"image":{"@id":"https:\/\/gr1993records.com\/index.php\/eloadok\/pocsai_kriszta\/#primaryimage"},"thumbnailUrl":"https:\/\/gr1993records.com\/wp-content\/uploads\/2025\/06\/pocsai_krisztina_portre_1.jpg","datePublished":"2025-06-26T12:55:02+00:00","dateModified":"2026-04-01T09:05:57+00:00","breadcrumb":{"@id":"https:\/\/gr1993records.com\/index.php\/eloadok\/pocsai_kriszta\/#breadcrumb"},"inLanguage":"hu","potentialAction":[{"@type":"ReadAction","target":["https:\/\/gr1993records.com\/index.php\/eloadok\/pocsai_kriszta\/"]}]},{"@type":"ImageObject","inLanguage":"hu","@id":"https:\/\/gr1993records.com\/index.php\/eloadok\/pocsai_kriszta\/#primaryimage","url":"https:\/\/gr1993records.com\/wp-content\/uploads\/2025\/06\/pocsai_krisztina_portre_1.jpg","contentUrl":"https:\/\/gr1993records.com\/wp-content\/uploads\/2025\/06\/pocsai_krisztina_portre_1.jpg","width":1000,"height":1000},{"@type":"BreadcrumbList","@id":"https:\/\/gr1993records.com\/index.php\/eloadok\/pocsai_kriszta\/#breadcrumb","itemListElement":[{"@type":"ListItem","position":1,"name":"Home","item":"https:\/\/gr1993records.com\/"},{"@type":"ListItem","position":2,"name":"El\u0151ad\u00f3k","item":"https:\/\/gr1993records.com\/index.php\/eloadok\/?lang=en"},{"@type":"ListItem","position":3,"name":"Pocsai Kriszta"}]},{"@type":"WebSite","@id":"https:\/\/gr1993records.com\/#website","url":"https:\/\/gr1993records.com\/","name":"GR1993 Records","description":"","publisher":{"@id":"https:\/\/gr1993records.com\/#organization"},"potentialAction":[{"@type":"SearchAction","target":{"@type":"EntryPoint","urlTemplate":"https:\/\/gr1993records.com\/?s={search_term_string}"},"query-input":{"@type":"PropertyValueSpecification","valueRequired":true,"valueName":"search_term_string"}}],"inLanguage":"hu"},{"@type":"Organization","@id":"https:\/\/gr1993records.com\/#organization","name":"Gramy-H Ltd.","url":"https:\/\/gr1993records.com\/","logo":{"@type":"ImageObject","inLanguage":"hu","@id":"https:\/\/gr1993records.com\/#\/schema\/logo\/image\/","url":"https:\/\/gr1993records.com\/wp-content\/uploads\/2019\/08\/GR1993_Records_logo_CC.png","contentUrl":"https:\/\/gr1993records.com\/wp-content\/uploads\/2019\/08\/GR1993_Records_logo_CC.png","width":2900,"height":2001,"caption":"Gramy-H Ltd."},"image":{"@id":"https:\/\/gr1993records.com\/#\/schema\/logo\/image\/"},"sameAs":["https:\/\/www.facebook.com\/GR1993Records-113564886691383\/"]}]}},"jetpack_sharing_enabled":true,"_links":{"self":[{"href":"https:\/\/gr1993records.com\/index.php\/wp-json\/wp\/v2\/pages\/7590","targetHints":{"allow":["GET"]}}],"collection":[{"href":"https:\/\/gr1993records.com\/index.php\/wp-json\/wp\/v2\/pages"}],"about":[{"href":"https:\/\/gr1993records.com\/index.php\/wp-json\/wp\/v2\/types\/page"}],"author":[{"embeddable":true,"href":"https:\/\/gr1993records.com\/index.php\/wp-json\/wp\/v2\/users\/1"}],"replies":[{"embeddable":true,"href":"https:\/\/gr1993records.com\/index.php\/wp-json\/wp\/v2\/comments?post=7590"}],"version-history":[{"count":4,"href":"https:\/\/gr1993records.com\/index.php\/wp-json\/wp\/v2\/pages\/7590\/revisions"}],"predecessor-version":[{"id":7858,"href":"https:\/\/gr1993records.com\/index.php\/wp-json\/wp\/v2\/pages\/7590\/revisions\/7858"}],"up":[{"embeddable":true,"href":"https:\/\/gr1993records.com\/index.php\/wp-json\/wp\/v2\/pages\/4565"}],"wp:featuredmedia":[{"embeddable":true,"href":"https:\/\/gr1993records.com\/index.php\/wp-json\/wp\/v2\/media\/7592"}],"wp:attachment":[{"href":"https:\/\/gr1993records.com\/index.php\/wp-json\/wp\/v2\/media?parent=7590"}],"wp:term":[{"taxonomy":"category","embeddable":true,"href":"https:\/\/gr1993records.com\/index.php\/wp-json\/wp\/v2\/categories?post=7590"},{"taxonomy":"post_tag","embeddable":true,"href":"https:\/\/gr1993records.com\/index.php\/wp-json\/wp\/v2\/tags?post=7590"}],"curies":[{"name":"wp","href":"https:\/\/api.w.org\/{rel}","templated":true}]}}