{"id":7568,"date":"2025-06-23T14:10:53","date_gmt":"2025-06-23T12:10:53","guid":{"rendered":"https:\/\/gr1993records.com\/?page_id=7568"},"modified":"2026-04-01T11:04:33","modified_gmt":"2026-04-01T09:04:33","slug":"szoke_nikoletta","status":"publish","type":"page","link":"https:\/\/gr1993records.com\/index.php\/eloadok\/szoke_nikoletta\/","title":{"rendered":"Sz\u0151ke Nikoletta"},"content":{"rendered":"<p>[vc_row][vc_column width=&#8221;2\/3&#8243;][vc_column_text]Sz\u0151ke Niki, akit akkort\u00e1jt j\u00f3form\u00e1n ismeretlen volt Magyarorsz\u00e1gon, mindenkit b\u00e1mulatba ejtett azzal, hogy megnyerte a 2005-\u00f6s Montreux Jazz Festival \u00e9nekverseny\u00e9t, a Shure Jazz Voice World Competition-t. Egy hihetetlen\u00fcl tehets\u00e9ges improvizat\u0151r, magas intelligenci\u00e1j\u00fa \u00e9nekes saj\u00e1t st\u00edlussal \u00e9s elk\u00e9peszt\u0151 timing-gal, egyik\u00e9v\u00e9 v\u00e1lt azoknak, akiket a k\u00f6z\u00f6ns\u00e9g \u00e9s a zen\u00e9szt\u00e1rsak egyar\u00e1nt im\u00e1dnak. Ugyan cig\u00e1nyzen\u00e9sz dinaszti\u00e1ba sz\u00fcletett (\u00e9desapja, Sz\u0151ke S\u00e1ndor neves cimbalmos), 18 \u00e9ves kor\u00e1ig nem tanult zen\u00e9t.<\/p>\n<p>Els\u0151 tan\u00e1ra az \u00e9nekes Winand G\u00e1bor volt, akit a befoly\u00e1sos francia magazin, a Jazzman kritik\u00e1iban Eur\u00f3pa legeredetibb jazz\u00e9nekes\u00e9nek nevezett meg. Egyetlen jazz\u00e9nekes n\u00f6vend\u00e9kk\u00e9nt klasszikus \u00e9nek \u00f3r\u00e1kat is vett Bikfalvy J\u00fali\u00e1n\u00e1l, akinek a sz\u00e1rnyai al\u00f3l ker\u00fclt ki vil\u00e1gh\u00edr\u0171 szopr\u00e1n d\u00edva, Rost Andrea.<\/p>\n<p>Eredetileg angol-orosz szakon tanult az E\u00f6tv\u00f6s Lor\u00e1nd Tudom\u00e1nyegyetemen, az els\u0151 \u00e9v ut\u00e1n Sz\u0151ke Nikinek v\u00e1lasztania kellett a tanulm\u00e1nyai \u00e9s a jazz\u00e9nekl\u00e9s k\u00f6z\u00f6tt. D\u00f6nt\u00e9se az Egyetemnek vesztes\u00e9get, a jazz vil\u00e1g\u00e1nak viszont \u00f3ri\u00e1si nyeres\u00e9get hozott. Most, 25 \u00e9vesen a magyar jazz szc\u00e9na hozz\u00e1\u00e9rt\u0151inek vitathatatlan kedvence.[\/vc_column_text][\/vc_column][vc_column width=&#8221;1\/3&#8243;][vc_single_image image=&#8221;7570&#8243; img_size=&#8221;full&#8221;][\/vc_column][\/vc_row][vc_row][vc_column][vc_separator][vc_empty_space][vc_custom_heading title_font_size=&#8221;fs36&#8243; text=&#8221;El\u0151ad\u00f3hoz kapcsol\u00f3d\u00f3 kiadv\u00e1nyok&#8221; use_theme_fonts=&#8221;yes&#8221; el_class=&#8221;mb60 mb30-md&#8221;][vc_basic_grid post_type=&#8221;product&#8221; max_items=&#8221;-1&#8243; element_width=&#8221;3&#8243; item=&#8221;5015&#8243; grid_id=&#8221;vc_gid:1775034253136-62b0abc5-bee5-5&#8243; taxonomies=&#8221;149&#8243;][\/vc_column][\/vc_row]<\/p>","protected":false},"excerpt":{"rendered":"<p>[vc_row][vc_column width=&#8221;2\/3&#8243;][vc_column_text]Sz\u0151ke Niki, akit akkort\u00e1jt j\u00f3form\u00e1n ismeretlen volt Magyarorsz\u00e1gon, mindenkit b\u00e1mulatba ejtett azzal, hogy megnyerte a 2005-\u00f6s Montreux Jazz Festival \u00e9nekverseny\u00e9t, a Shure Jazz Voice World Competition-t. Egy hihetetlen\u00fcl tehets\u00e9ges improvizat\u0151r, magas intelligenci\u00e1j\u00fa \u00e9nekes saj\u00e1t st\u00edlussal \u00e9s elk\u00e9peszt\u0151 timing-gal, egyik\u00e9v\u00e9 v\u00e1lt azoknak, akiket a k\u00f6z\u00f6ns\u00e9g \u00e9s a zen\u00e9szt\u00e1rsak egyar\u00e1nt im\u00e1dnak. Ugyan cig\u00e1nyzen\u00e9sz dinaszti\u00e1ba sz\u00fcletett (\u00e9desapja, [&hellip;]<\/p>\n","protected":false},"author":1,"featured_media":7570,"parent":4565,"menu_order":0,"comment_status":"closed","ping_status":"closed","template":"","meta":{"footnotes":""},"categories":[128],"tags":[],"class_list":["post-7568","page","type-page","status-publish","has-post-thumbnail","hentry","category-artists"],"yoast_head":"<!-- This site is optimized with the Yoast SEO plugin v27.3 - https:\/\/yoast.com\/product\/yoast-seo-wordpress\/ -->\n<title>Sz\u0151ke Nikoletta &#8211; GR1993 Records<\/title>\n<meta name=\"robots\" content=\"index, follow, max-snippet:-1, max-image-preview:large, max-video-preview:-1\" \/>\n<link rel=\"canonical\" href=\"https:\/\/gr1993records.com\/index.php\/eloadok\/szoke_nikoletta\/\" \/>\n<meta property=\"og:locale\" content=\"hu_HU\" \/>\n<meta property=\"og:type\" content=\"article\" \/>\n<meta property=\"og:title\" content=\"Sz\u0151ke Nikoletta &#8211; GR1993 Records\" \/>\n<meta property=\"og:description\" content=\"[vc_row][vc_column width=&#8221;2\/3&#8243;][vc_column_text]Sz\u0151ke Niki, akit akkort\u00e1jt j\u00f3form\u00e1n ismeretlen volt Magyarorsz\u00e1gon, mindenkit b\u00e1mulatba ejtett azzal, hogy megnyerte a 2005-\u00f6s Montreux Jazz Festival \u00e9nekverseny\u00e9t, a Shure Jazz Voice World Competition-t. Egy hihetetlen\u00fcl tehets\u00e9ges improvizat\u0151r, magas intelligenci\u00e1j\u00fa \u00e9nekes saj\u00e1t st\u00edlussal \u00e9s elk\u00e9peszt\u0151 timing-gal, egyik\u00e9v\u00e9 v\u00e1lt azoknak, akiket a k\u00f6z\u00f6ns\u00e9g \u00e9s a zen\u00e9szt\u00e1rsak egyar\u00e1nt im\u00e1dnak. Ugyan cig\u00e1nyzen\u00e9sz dinaszti\u00e1ba sz\u00fcletett (\u00e9desapja, [&hellip;]\" \/>\n<meta property=\"og:url\" content=\"https:\/\/gr1993records.com\/index.php\/eloadok\/szoke_nikoletta\/\" \/>\n<meta property=\"og:site_name\" content=\"GR1993 Records\" \/>\n<meta property=\"article:publisher\" content=\"https:\/\/www.facebook.com\/GR1993Records-113564886691383\/\" \/>\n<meta property=\"article:modified_time\" content=\"2026-04-01T09:04:33+00:00\" \/>\n<meta property=\"og:image\" content=\"https:\/\/gr1993records.com\/wp-content\/uploads\/2025\/06\/Szoke_Nikoletta_2015.jpg\" \/>\n\t<meta property=\"og:image:width\" content=\"2000\" \/>\n\t<meta property=\"og:image:height\" content=\"2000\" \/>\n\t<meta property=\"og:image:type\" content=\"image\/jpeg\" \/>\n<meta name=\"twitter:card\" content=\"summary_large_image\" \/>\n<meta name=\"twitter:image\" content=\"https:\/\/gr1993records.com\/wp-content\/uploads\/2025\/06\/Szoke_Nikoletta_2015.jpg\" \/>\n<meta name=\"twitter:label1\" content=\"Becs\u00fclt olvas\u00e1si id\u0151\" \/>\n\t<meta name=\"twitter:data1\" content=\"2 perc\" \/>\n<script type=\"application\/ld+json\" class=\"yoast-schema-graph\">{\"@context\":\"https:\\\/\\\/schema.org\",\"@graph\":[{\"@type\":\"WebPage\",\"@id\":\"https:\\\/\\\/gr1993records.com\\\/index.php\\\/eloadok\\\/szoke_nikoletta\\\/\",\"url\":\"https:\\\/\\\/gr1993records.com\\\/index.php\\\/eloadok\\\/szoke_nikoletta\\\/\",\"name\":\"Sz\u0151ke Nikoletta &#8211; GR1993 Records\",\"isPartOf\":{\"@id\":\"https:\\\/\\\/gr1993records.com\\\/#website\"},\"primaryImageOfPage\":{\"@id\":\"https:\\\/\\\/gr1993records.com\\\/index.php\\\/eloadok\\\/szoke_nikoletta\\\/#primaryimage\"},\"image\":{\"@id\":\"https:\\\/\\\/gr1993records.com\\\/index.php\\\/eloadok\\\/szoke_nikoletta\\\/#primaryimage\"},\"thumbnailUrl\":\"https:\\\/\\\/gr1993records.com\\\/wp-content\\\/uploads\\\/2025\\\/06\\\/Szoke_Nikoletta_2015.jpg\",\"datePublished\":\"2025-06-23T12:10:53+00:00\",\"dateModified\":\"2026-04-01T09:04:33+00:00\",\"breadcrumb\":{\"@id\":\"https:\\\/\\\/gr1993records.com\\\/index.php\\\/eloadok\\\/szoke_nikoletta\\\/#breadcrumb\"},\"inLanguage\":\"hu\",\"potentialAction\":[{\"@type\":\"ReadAction\",\"target\":[\"https:\\\/\\\/gr1993records.com\\\/index.php\\\/eloadok\\\/szoke_nikoletta\\\/\"]}]},{\"@type\":\"ImageObject\",\"inLanguage\":\"hu\",\"@id\":\"https:\\\/\\\/gr1993records.com\\\/index.php\\\/eloadok\\\/szoke_nikoletta\\\/#primaryimage\",\"url\":\"https:\\\/\\\/gr1993records.com\\\/wp-content\\\/uploads\\\/2025\\\/06\\\/Szoke_Nikoletta_2015.jpg\",\"contentUrl\":\"https:\\\/\\\/gr1993records.com\\\/wp-content\\\/uploads\\\/2025\\\/06\\\/Szoke_Nikoletta_2015.jpg\",\"width\":2000,\"height\":2000},{\"@type\":\"BreadcrumbList\",\"@id\":\"https:\\\/\\\/gr1993records.com\\\/index.php\\\/eloadok\\\/szoke_nikoletta\\\/#breadcrumb\",\"itemListElement\":[{\"@type\":\"ListItem\",\"position\":1,\"name\":\"Home\",\"item\":\"https:\\\/\\\/gr1993records.com\\\/\"},{\"@type\":\"ListItem\",\"position\":2,\"name\":\"El\u0151ad\u00f3k\",\"item\":\"https:\\\/\\\/gr1993records.com\\\/index.php\\\/eloadok\\\/?lang=en\"},{\"@type\":\"ListItem\",\"position\":3,\"name\":\"Sz\u0151ke Nikoletta\"}]},{\"@type\":\"WebSite\",\"@id\":\"https:\\\/\\\/gr1993records.com\\\/#website\",\"url\":\"https:\\\/\\\/gr1993records.com\\\/\",\"name\":\"GR1993 Records\",\"description\":\"\",\"publisher\":{\"@id\":\"https:\\\/\\\/gr1993records.com\\\/#organization\"},\"potentialAction\":[{\"@type\":\"SearchAction\",\"target\":{\"@type\":\"EntryPoint\",\"urlTemplate\":\"https:\\\/\\\/gr1993records.com\\\/?s={search_term_string}\"},\"query-input\":{\"@type\":\"PropertyValueSpecification\",\"valueRequired\":true,\"valueName\":\"search_term_string\"}}],\"inLanguage\":\"hu\"},{\"@type\":\"Organization\",\"@id\":\"https:\\\/\\\/gr1993records.com\\\/#organization\",\"name\":\"Gramy-H Ltd.\",\"url\":\"https:\\\/\\\/gr1993records.com\\\/\",\"logo\":{\"@type\":\"ImageObject\",\"inLanguage\":\"hu\",\"@id\":\"https:\\\/\\\/gr1993records.com\\\/#\\\/schema\\\/logo\\\/image\\\/\",\"url\":\"https:\\\/\\\/gr1993records.com\\\/wp-content\\\/uploads\\\/2019\\\/08\\\/GR1993_Records_logo_CC.png\",\"contentUrl\":\"https:\\\/\\\/gr1993records.com\\\/wp-content\\\/uploads\\\/2019\\\/08\\\/GR1993_Records_logo_CC.png\",\"width\":2900,\"height\":2001,\"caption\":\"Gramy-H Ltd.\"},\"image\":{\"@id\":\"https:\\\/\\\/gr1993records.com\\\/#\\\/schema\\\/logo\\\/image\\\/\"},\"sameAs\":[\"https:\\\/\\\/www.facebook.com\\\/GR1993Records-113564886691383\\\/\"]}]}<\/script>\n<!-- \/ Yoast SEO plugin. -->","yoast_head_json":{"title":"Sz\u0151ke Nikoletta &#8211; GR1993 Records","robots":{"index":"index","follow":"follow","max-snippet":"max-snippet:-1","max-image-preview":"max-image-preview:large","max-video-preview":"max-video-preview:-1"},"canonical":"https:\/\/gr1993records.com\/index.php\/eloadok\/szoke_nikoletta\/","og_locale":"hu_HU","og_type":"article","og_title":"Sz\u0151ke Nikoletta &#8211; GR1993 Records","og_description":"[vc_row][vc_column width=&#8221;2\/3&#8243;][vc_column_text]Sz\u0151ke Niki, akit akkort\u00e1jt j\u00f3form\u00e1n ismeretlen volt Magyarorsz\u00e1gon, mindenkit b\u00e1mulatba ejtett azzal, hogy megnyerte a 2005-\u00f6s Montreux Jazz Festival \u00e9nekverseny\u00e9t, a Shure Jazz Voice World Competition-t. Egy hihetetlen\u00fcl tehets\u00e9ges improvizat\u0151r, magas intelligenci\u00e1j\u00fa \u00e9nekes saj\u00e1t st\u00edlussal \u00e9s elk\u00e9peszt\u0151 timing-gal, egyik\u00e9v\u00e9 v\u00e1lt azoknak, akiket a k\u00f6z\u00f6ns\u00e9g \u00e9s a zen\u00e9szt\u00e1rsak egyar\u00e1nt im\u00e1dnak. Ugyan cig\u00e1nyzen\u00e9sz dinaszti\u00e1ba sz\u00fcletett (\u00e9desapja, [&hellip;]","og_url":"https:\/\/gr1993records.com\/index.php\/eloadok\/szoke_nikoletta\/","og_site_name":"GR1993 Records","article_publisher":"https:\/\/www.facebook.com\/GR1993Records-113564886691383\/","article_modified_time":"2026-04-01T09:04:33+00:00","og_image":[{"width":2000,"height":2000,"url":"https:\/\/gr1993records.com\/wp-content\/uploads\/2025\/06\/Szoke_Nikoletta_2015.jpg","type":"image\/jpeg"}],"twitter_card":"summary_large_image","twitter_image":"https:\/\/gr1993records.com\/wp-content\/uploads\/2025\/06\/Szoke_Nikoletta_2015.jpg","twitter_misc":{"Becs\u00fclt olvas\u00e1si id\u0151":"2 perc"},"schema":{"@context":"https:\/\/schema.org","@graph":[{"@type":"WebPage","@id":"https:\/\/gr1993records.com\/index.php\/eloadok\/szoke_nikoletta\/","url":"https:\/\/gr1993records.com\/index.php\/eloadok\/szoke_nikoletta\/","name":"Sz\u0151ke Nikoletta &#8211; GR1993 Records","isPartOf":{"@id":"https:\/\/gr1993records.com\/#website"},"primaryImageOfPage":{"@id":"https:\/\/gr1993records.com\/index.php\/eloadok\/szoke_nikoletta\/#primaryimage"},"image":{"@id":"https:\/\/gr1993records.com\/index.php\/eloadok\/szoke_nikoletta\/#primaryimage"},"thumbnailUrl":"https:\/\/gr1993records.com\/wp-content\/uploads\/2025\/06\/Szoke_Nikoletta_2015.jpg","datePublished":"2025-06-23T12:10:53+00:00","dateModified":"2026-04-01T09:04:33+00:00","breadcrumb":{"@id":"https:\/\/gr1993records.com\/index.php\/eloadok\/szoke_nikoletta\/#breadcrumb"},"inLanguage":"hu","potentialAction":[{"@type":"ReadAction","target":["https:\/\/gr1993records.com\/index.php\/eloadok\/szoke_nikoletta\/"]}]},{"@type":"ImageObject","inLanguage":"hu","@id":"https:\/\/gr1993records.com\/index.php\/eloadok\/szoke_nikoletta\/#primaryimage","url":"https:\/\/gr1993records.com\/wp-content\/uploads\/2025\/06\/Szoke_Nikoletta_2015.jpg","contentUrl":"https:\/\/gr1993records.com\/wp-content\/uploads\/2025\/06\/Szoke_Nikoletta_2015.jpg","width":2000,"height":2000},{"@type":"BreadcrumbList","@id":"https:\/\/gr1993records.com\/index.php\/eloadok\/szoke_nikoletta\/#breadcrumb","itemListElement":[{"@type":"ListItem","position":1,"name":"Home","item":"https:\/\/gr1993records.com\/"},{"@type":"ListItem","position":2,"name":"El\u0151ad\u00f3k","item":"https:\/\/gr1993records.com\/index.php\/eloadok\/?lang=en"},{"@type":"ListItem","position":3,"name":"Sz\u0151ke Nikoletta"}]},{"@type":"WebSite","@id":"https:\/\/gr1993records.com\/#website","url":"https:\/\/gr1993records.com\/","name":"GR1993 Records","description":"","publisher":{"@id":"https:\/\/gr1993records.com\/#organization"},"potentialAction":[{"@type":"SearchAction","target":{"@type":"EntryPoint","urlTemplate":"https:\/\/gr1993records.com\/?s={search_term_string}"},"query-input":{"@type":"PropertyValueSpecification","valueRequired":true,"valueName":"search_term_string"}}],"inLanguage":"hu"},{"@type":"Organization","@id":"https:\/\/gr1993records.com\/#organization","name":"Gramy-H Ltd.","url":"https:\/\/gr1993records.com\/","logo":{"@type":"ImageObject","inLanguage":"hu","@id":"https:\/\/gr1993records.com\/#\/schema\/logo\/image\/","url":"https:\/\/gr1993records.com\/wp-content\/uploads\/2019\/08\/GR1993_Records_logo_CC.png","contentUrl":"https:\/\/gr1993records.com\/wp-content\/uploads\/2019\/08\/GR1993_Records_logo_CC.png","width":2900,"height":2001,"caption":"Gramy-H Ltd."},"image":{"@id":"https:\/\/gr1993records.com\/#\/schema\/logo\/image\/"},"sameAs":["https:\/\/www.facebook.com\/GR1993Records-113564886691383\/"]}]}},"jetpack_sharing_enabled":true,"_links":{"self":[{"href":"https:\/\/gr1993records.com\/index.php\/wp-json\/wp\/v2\/pages\/7568","targetHints":{"allow":["GET"]}}],"collection":[{"href":"https:\/\/gr1993records.com\/index.php\/wp-json\/wp\/v2\/pages"}],"about":[{"href":"https:\/\/gr1993records.com\/index.php\/wp-json\/wp\/v2\/types\/page"}],"author":[{"embeddable":true,"href":"https:\/\/gr1993records.com\/index.php\/wp-json\/wp\/v2\/users\/1"}],"replies":[{"embeddable":true,"href":"https:\/\/gr1993records.com\/index.php\/wp-json\/wp\/v2\/comments?post=7568"}],"version-history":[{"count":5,"href":"https:\/\/gr1993records.com\/index.php\/wp-json\/wp\/v2\/pages\/7568\/revisions"}],"predecessor-version":[{"id":7857,"href":"https:\/\/gr1993records.com\/index.php\/wp-json\/wp\/v2\/pages\/7568\/revisions\/7857"}],"up":[{"embeddable":true,"href":"https:\/\/gr1993records.com\/index.php\/wp-json\/wp\/v2\/pages\/4565"}],"wp:featuredmedia":[{"embeddable":true,"href":"https:\/\/gr1993records.com\/index.php\/wp-json\/wp\/v2\/media\/7570"}],"wp:attachment":[{"href":"https:\/\/gr1993records.com\/index.php\/wp-json\/wp\/v2\/media?parent=7568"}],"wp:term":[{"taxonomy":"category","embeddable":true,"href":"https:\/\/gr1993records.com\/index.php\/wp-json\/wp\/v2\/categories?post=7568"},{"taxonomy":"post_tag","embeddable":true,"href":"https:\/\/gr1993records.com\/index.php\/wp-json\/wp\/v2\/tags?post=7568"}],"curies":[{"name":"wp","href":"https:\/\/api.w.org\/{rel}","templated":true}]}}