{"id":7005,"date":"2023-09-19T14:52:10","date_gmt":"2023-09-19T12:52:10","guid":{"rendered":"https:\/\/gr1993records.com\/?page_id=7005"},"modified":"2026-04-01T12:08:54","modified_gmt":"2026-04-01T10:08:54","slug":"kovacs-ferenc","status":"publish","type":"page","link":"https:\/\/gr1993records.com\/index.php\/kovacs-ferenc\/","title":{"rendered":"Kov\u00e1cs Ferenc"},"content":{"rendered":"<p>[vc_row][vc_column width=&#8221;2\/3&#8243;][vc_column_text]1957-ben sz\u00fcletett Budapesten. \u00c9desapja Munk\u00e1csy d\u00edjas szobr\u00e1szm\u0171v\u00e9sz volt, \u00e9desanyja fest\u0151m\u0171v\u00e9sz. A Liszt Ferenc \u00c9nek-zene Tan\u00e1rk\u00e9pz\u0151 F\u0151iskol\u00e1n v\u00e9gzett. \u00c9nek, szolf\u00e9zs \u00e9s trombita tan\u00e1ri diplom\u00e1t szerzett.<\/p>\n<p>El\u0151sz\u00f6r a Post\u00e1s Szimfonikus Zenekar els\u0151 trombit\u00e1sak\u00e9nt dolgozott, majd a N\u00e9psz\u00ednh\u00e1z t\u00e1ncegy\u00fcttes\u00e9ben. P\u00e1ly\u00e1ja sor\u00e1n sz\u00e1mos kort\u00e1rs alkot\u00f3m\u0171hely munk\u00e1j\u00e1ban vett r\u00e9szt. Dolgozott a 180-as Csoporttal \u00e9s Szabados Gy\u00f6rgy &#8211; MAKUZ egy\u00fcttes\u00e9ben. Alap\u00edt\u00f3 tagja volt a Budapest Ragtime Bandnek, mellyel 15 \u00e9vig dolgozott. Dresch Mih\u00e1ly kvartettj\u00e9nek hossz\u00fa ideig volt oszlopos tagja, de napjainkban is akt\u00edv az egy\u00fcttm\u0171k\u00f6d\u00e9se a n\u00e9pi gy\u00f6kerekb\u0151l t\u00e1pl\u00e1lkoz\u00f3 szaxofon m\u0171v\u00e9sz\u00fcnkkel.<\/p>\n<p>1994 \u00f3ta dolgozik a Balogh K\u00e1lm\u00e1n Gipsy Cymbalom Banddel, melynek egyre ink\u00e1bb meghat\u00e1roz\u00f3 tagja. Sz\u00f3l\u00f3 heged\u0171sk\u00e9nt j\u00e1tszott Kov\u00e1cs Gerzson P\u00e9ter TRANZ DANZ egy\u00fcttes\u00e9nek t\u00f6bb darabj\u00e1ban is. A nemzetk\u00f6zi szt\u00e1rok k\u00fcz\u00fcl dolgozott t\u00f6bbek k\u00f6z\u00f6tt Balanescuval, Steve Hackettel, David Murreyel, Hamid Drakekel \u00e9s Archie Sheppel is, aki azt nyilatkozta r\u00f3la, hogy \u201e A vil\u00e1g egyik legjobb heged\u0171se, aki emellett \u00fagy trombit\u00e1l, mint Miles Davis.\u201d 2009-ben megb\u00edz\u00e1st kapott M\u00e9sz\u00e1ros M\u00e1rta, \u201eUtols\u00f3 jelent\u00e9s Ann\u00e1r\u00f3l\u201d c\u00edm\u0171 filmj\u00e9nek zenei anyag\u00e1nak elk\u00e9sz\u00edt\u00e9s\u00e9re.[\/vc_column_text][\/vc_column][vc_column width=&#8221;1\/3&#8243;][vc_single_image image=&#8221;7007&#8243; img_size=&#8221;full&#8221;][\/vc_column][\/vc_row][vc_row][vc_column][vc_column_text]2001-ben jelent meg a hazai zenei \u00e9letben legjelent\u0151sebb \u00f6n\u00e1ll\u00f3 produkci\u00f3ja, a Magony CD \u00e9s ennek el\u0151ad\u00e1s\u00e1ra fel\u00e1ll\u00edtott zenekara. A kort\u00e1rs parasztbarokk zen\u00e9t j\u00e1tsz\u00f3 Magony zenekar az egyik legegyedibb magyar zenei form\u00e1ci\u00f3. Kompoz\u00edci\u00f3i a magyar n\u00e9pzen\u00e9b\u0151l, a jazzb\u0151l \u00e9s a kort\u00e1rs zen\u00e9b\u0151l egyar\u00e1nt mer\u00edtkeznek. Az elm\u00falt t\u00edz \u00e9vben Kov\u00e1cs Ferenc a Gramy Recordsn\u00e1l t\u00f6bb jelent\u0151s, a kritika \u00e9s a k\u00f6z\u00f6ns\u00e9g \u00e1ltal is j\u00f3l fogadott, albumot is kiadott olyan el\u0151ad\u00f3k k\u00f6zrem\u0171k\u00f6d\u00e9s\u00e9vel, mint Dresch Mih\u00e1ly, Balogh K\u00e1lm\u00e1n, Szandai M\u00e1ty\u00e1s, Banai Szil\u00e1rd, Kov\u00e1cs Zolt\u00e1n \u00e9s Bede P\u00e9rter.<\/p>\n<p>M\u00e1r a Djabe zenekar els\u0151, 1996-os lemez\u00e9nek akt\u00edv k\u00f6zrem\u0171k\u00f6d\u0151je volt, majd 2001-t\u0151l a zenekar \u00e1lland\u00f3 tagja, meghat\u00e1roz\u00f3 sz\u00f3list\u00e1ja. Nemcsak autentikus, n\u00e9pi gy\u00f6kerekre visszavezethet\u0151 heged\u0171j\u00e1t\u00e9ka, hanem karakteres \u00e9nekhangja is fontos hordoz\u00f3ja a Djabe magyaros zenei vil\u00e1g\u00e1nak.<\/p>\n<p>Kov\u00e1cs Eur\u00f3pa-Bajnok kend\u00f3ban, jelenleg is akt\u00edv edz\u0151. Saj\u00e1t maga termelte bora \u00e9s f\u0151ztje messze f\u00f6ld\u00f6n h\u00edres, faragott rusztikus b\u00fatoraival sok csod\u00e1l\u00f3t szerzett mag\u00e1nak. Kov\u00e1cs Ferenc, azaz Kov\u00e1cs \u00d6csi Hungaricum.[\/vc_column_text][\/vc_column][\/vc_row][vc_row][vc_column][vc_separator][vc_empty_space][vc_custom_heading title_font_size=&#8221;fs36&#8243; text=&#8221;El\u0151ad\u00f3hoz kapcsol\u00f3d\u00f3 kiadv\u00e1nyok&#8221; use_theme_fonts=&#8221;yes&#8221; el_class=&#8221;mb60 mb30-md&#8221;][vc_basic_grid post_type=&#8221;product&#8221; max_items=&#8221;-1&#8243; element_width=&#8221;3&#8243; item=&#8221;5015&#8243; grid_id=&#8221;vc_gid:1775038116657-d1c28ed9-7eb5-7&#8243; taxonomies=&#8221;141&#8243;][\/vc_column][\/vc_row]<\/p>","protected":false},"excerpt":{"rendered":"<p>[vc_row][vc_column width=&#8221;2\/3&#8243;][vc_column_text]1957-ben sz\u00fcletett Budapesten. \u00c9desapja Munk\u00e1csy d\u00edjas szobr\u00e1szm\u0171v\u00e9sz volt, \u00e9desanyja fest\u0151m\u0171v\u00e9sz. A Liszt Ferenc \u00c9nek-zene Tan\u00e1rk\u00e9pz\u0151 F\u0151iskol\u00e1n v\u00e9gzett. \u00c9nek, szolf\u00e9zs \u00e9s trombita tan\u00e1ri diplom\u00e1t szerzett. El\u0151sz\u00f6r a Post\u00e1s Szimfonikus Zenekar els\u0151 trombit\u00e1sak\u00e9nt dolgozott, majd a N\u00e9psz\u00ednh\u00e1z t\u00e1ncegy\u00fcttes\u00e9ben. P\u00e1ly\u00e1ja sor\u00e1n sz\u00e1mos kort\u00e1rs alkot\u00f3m\u0171hely munk\u00e1j\u00e1ban vett r\u00e9szt. Dolgozott a 180-as Csoporttal \u00e9s Szabados Gy\u00f6rgy &#8211; MAKUZ egy\u00fcttes\u00e9ben. [&hellip;]<\/p>\n","protected":false},"author":1,"featured_media":7007,"parent":0,"menu_order":7,"comment_status":"closed","ping_status":"closed","template":"","meta":{"footnotes":""},"categories":[128],"tags":[435],"class_list":["post-7005","page","type-page","status-publish","has-post-thumbnail","hentry","category-artists","tag-kovacs-ferenc"],"yoast_head":"<!-- This site is optimized with the Yoast SEO plugin v27.3 - https:\/\/yoast.com\/product\/yoast-seo-wordpress\/ -->\n<title>Kov\u00e1cs Ferenc &#8211; GR1993 Records<\/title>\n<meta name=\"description\" content=\"1957-ben sz\u00fcletett Budapesten. \u00c9desapja Munk\u00e1csy d\u00edjas szobr\u00e1szm\u0171v\u00e9sz volt, \u00e9desanyja fest\u0151m\u0171v\u00e9sz. A Liszt Ferenc \u00c9nek-zene Tan\u00e1rk\u00e9pz\u0151 F\u0151iskol\u00e1n v\u00e9gzett. \u00c9nek, szolf\u00e9zs \u00e9s trombita tan\u00e1ri diplom\u00e1t szerzett.El\u0151sz\u00f6r a Post\u00e1s Szimfonikus Zenekar els\u0151 trombit\u00e1sak\u00e9nt dolgozott, majd a N\u00e9psz\u00ednh\u00e1z t\u00e1ncegy\u00fcttes\u00e9ben. P\u00e1ly\u00e1ja sor\u00e1n sz\u00e1mos kort\u00e1rs alkot\u00f3m\u0171hely munk\u00e1j\u00e1ban vett r\u00e9szt. Dolgozott a 180-as Csoporttal \u00e9s Szabados Gy\u00f6rgy - MAKUZ egy\u00fcttes\u00e9ben. Alap\u00edt\u00f3 tagja volt a Budapest Ragtime Bandnek, mellyel 15 \u00e9vig dolgozott. Dresch Mih\u00e1ly kvartettj\u00e9nek hossz\u00fa ideig volt oszlopos tagja, de napjainkban is akt\u00edv az egy\u00fcttm\u0171k\u00f6d\u00e9se a n\u00e9pi gy\u00f6kerekb\u0151l t\u00e1pl\u00e1lkoz\u00f3 szaxofon m\u0171v\u00e9sz\u00fcnkkel.1994 \u00f3ta dolgozik a Balogh K\u00e1lm\u00e1n Gipsy Cymbalom Banddel, melynek egyre ink\u00e1bb meghat\u00e1roz\u00f3 tagja. Sz\u00f3l\u00f3 heged\u0171sk\u00e9nt j\u00e1tszott Kov\u00e1cs Gerzson P\u00e9ter TRANZ DANZ egy\u00fcttes\u00e9nek t\u00f6bb darabj\u00e1ban is. A nemzetk\u00f6zi szt\u00e1rok k\u00fcz\u00fcl dolgozott t\u00f6bbek k\u00f6z\u00f6tt Balanescuval, Steve Hackettel, David Murreyel, Hamid Drakekel \u00e9s Archie Sheppel is, aki azt nyilatkozta r\u00f3la, hogy \u201e A vil\u00e1g egyik legjobb heged\u0171se, aki emellett \u00fagy trombit\u00e1l, mint Miles Davis.\u201d 2009-ben megb\u00edz\u00e1st kapott M\u00e9sz\u00e1ros M\u00e1rta, \u201eUtols\u00f3 jelent\u00e9s Ann\u00e1r\u00f3l\u201d c\u00edm\u0171 filmj\u00e9nek zenei anyag\u00e1nak elk\u00e9sz\u00edt\u00e9s\u00e9re.\" \/>\n<meta name=\"robots\" content=\"index, follow, max-snippet:-1, max-image-preview:large, max-video-preview:-1\" \/>\n<link rel=\"canonical\" href=\"https:\/\/gr1993records.com\/index.php\/kovacs-ferenc\/\" \/>\n<meta property=\"og:locale\" content=\"hu_HU\" \/>\n<meta property=\"og:type\" content=\"article\" \/>\n<meta property=\"og:title\" content=\"GR1993 Records\" \/>\n<meta property=\"og:description\" content=\"GR1993 Records\" \/>\n<meta property=\"og:url\" content=\"https:\/\/gr1993records.com\/index.php\/kovacs-ferenc\/\" \/>\n<meta property=\"og:site_name\" content=\"GR1993 Records\" \/>\n<meta property=\"article:publisher\" content=\"https:\/\/www.facebook.com\/GR1993Records-113564886691383\/\" \/>\n<meta property=\"article:modified_time\" content=\"2026-04-01T10:08:54+00:00\" \/>\n<meta property=\"og:image\" content=\"https:\/\/gr1993records.com\/wp-content\/uploads\/2023\/09\/Kovacs_Ferenec_portre_2015.jpg\" \/>\n\t<meta property=\"og:image:width\" content=\"2000\" \/>\n\t<meta property=\"og:image:height\" content=\"2000\" \/>\n\t<meta property=\"og:image:type\" content=\"image\/jpeg\" \/>\n<meta name=\"twitter:card\" content=\"summary_large_image\" \/>\n<meta name=\"twitter:label1\" content=\"Becs\u00fclt olvas\u00e1si id\u0151\" \/>\n\t<meta name=\"twitter:data1\" content=\"2 perc\" \/>\n<script type=\"application\/ld+json\" class=\"yoast-schema-graph\">{\"@context\":\"https:\\\/\\\/schema.org\",\"@graph\":[{\"@type\":\"WebPage\",\"@id\":\"https:\\\/\\\/gr1993records.com\\\/index.php\\\/kovacs-ferenc\\\/\",\"url\":\"https:\\\/\\\/gr1993records.com\\\/index.php\\\/kovacs-ferenc\\\/\",\"name\":\"Kov\u00e1cs Ferenc &#8211; GR1993 Records\",\"isPartOf\":{\"@id\":\"https:\\\/\\\/gr1993records.com\\\/#website\"},\"primaryImageOfPage\":{\"@id\":\"https:\\\/\\\/gr1993records.com\\\/index.php\\\/kovacs-ferenc\\\/#primaryimage\"},\"image\":{\"@id\":\"https:\\\/\\\/gr1993records.com\\\/index.php\\\/kovacs-ferenc\\\/#primaryimage\"},\"thumbnailUrl\":\"https:\\\/\\\/gr1993records.com\\\/wp-content\\\/uploads\\\/2023\\\/09\\\/Kovacs_Ferenec_portre_2015.jpg\",\"datePublished\":\"2023-09-19T12:52:10+00:00\",\"dateModified\":\"2026-04-01T10:08:54+00:00\",\"description\":\"{:hu}1957-ben sz\u00fcletett Budapesten. \u00c9desapja Munk\u00e1csy d\u00edjas szobr\u00e1szm\u0171v\u00e9sz volt, \u00e9desanyja fest\u0151m\u0171v\u00e9sz. A Liszt Ferenc \u00c9nek-zene Tan\u00e1rk\u00e9pz\u0151 F\u0151iskol\u00e1n v\u00e9gzett. \u00c9nek, szolf\u00e9zs \u00e9s trombita tan\u00e1ri diplom\u00e1t szerzett.El\u0151sz\u00f6r a Post\u00e1s Szimfonikus Zenekar els\u0151 trombit\u00e1sak\u00e9nt dolgozott, majd a N\u00e9psz\u00ednh\u00e1z t\u00e1ncegy\u00fcttes\u00e9ben. P\u00e1ly\u00e1ja sor\u00e1n sz\u00e1mos kort\u00e1rs alkot\u00f3m\u0171hely munk\u00e1j\u00e1ban vett r\u00e9szt. Dolgozott a 180-as Csoporttal \u00e9s Szabados Gy\u00f6rgy - MAKUZ egy\u00fcttes\u00e9ben. Alap\u00edt\u00f3 tagja volt a Budapest Ragtime Bandnek, mellyel 15 \u00e9vig dolgozott. Dresch Mih\u00e1ly kvartettj\u00e9nek hossz\u00fa ideig volt oszlopos tagja, de napjainkban is akt\u00edv az egy\u00fcttm\u0171k\u00f6d\u00e9se a n\u00e9pi gy\u00f6kerekb\u0151l t\u00e1pl\u00e1lkoz\u00f3 szaxofon m\u0171v\u00e9sz\u00fcnkkel.1994 \u00f3ta dolgozik a Balogh K\u00e1lm\u00e1n Gipsy Cymbalom Banddel, melynek egyre ink\u00e1bb meghat\u00e1roz\u00f3 tagja. Sz\u00f3l\u00f3 heged\u0171sk\u00e9nt j\u00e1tszott Kov\u00e1cs Gerzson P\u00e9ter TRANZ DANZ egy\u00fcttes\u00e9nek t\u00f6bb darabj\u00e1ban is. A nemzetk\u00f6zi szt\u00e1rok k\u00fcz\u00fcl dolgozott t\u00f6bbek k\u00f6z\u00f6tt Balanescuval, Steve Hackettel, David Murreyel, Hamid Drakekel \u00e9s Archie Sheppel is, aki azt nyilatkozta r\u00f3la, hogy \u201e A vil\u00e1g egyik legjobb heged\u0171se, aki emellett \u00fagy trombit\u00e1l, mint Miles Davis.\u201d 2009-ben megb\u00edz\u00e1st kapott M\u00e9sz\u00e1ros M\u00e1rta, \u201eUtols\u00f3 jelent\u00e9s Ann\u00e1r\u00f3l\u201d c\u00edm\u0171 filmj\u00e9nek zenei anyag\u00e1nak elk\u00e9sz\u00edt\u00e9s\u00e9re.{:}\",\"breadcrumb\":{\"@id\":\"https:\\\/\\\/gr1993records.com\\\/index.php\\\/kovacs-ferenc\\\/#breadcrumb\"},\"inLanguage\":\"hu\",\"potentialAction\":[{\"@type\":\"ReadAction\",\"target\":[\"https:\\\/\\\/gr1993records.com\\\/index.php\\\/kovacs-ferenc\\\/\"]}]},{\"@type\":\"ImageObject\",\"inLanguage\":\"hu\",\"@id\":\"https:\\\/\\\/gr1993records.com\\\/index.php\\\/kovacs-ferenc\\\/#primaryimage\",\"url\":\"https:\\\/\\\/gr1993records.com\\\/wp-content\\\/uploads\\\/2023\\\/09\\\/Kovacs_Ferenec_portre_2015.jpg\",\"contentUrl\":\"https:\\\/\\\/gr1993records.com\\\/wp-content\\\/uploads\\\/2023\\\/09\\\/Kovacs_Ferenec_portre_2015.jpg\",\"width\":2000,\"height\":2000},{\"@type\":\"BreadcrumbList\",\"@id\":\"https:\\\/\\\/gr1993records.com\\\/index.php\\\/kovacs-ferenc\\\/#breadcrumb\",\"itemListElement\":[{\"@type\":\"ListItem\",\"position\":1,\"name\":\"Home\",\"item\":\"https:\\\/\\\/gr1993records.com\\\/\"},{\"@type\":\"ListItem\",\"position\":2,\"name\":\"Kov\u00e1cs Ferenc\"}]},{\"@type\":\"WebSite\",\"@id\":\"https:\\\/\\\/gr1993records.com\\\/#website\",\"url\":\"https:\\\/\\\/gr1993records.com\\\/\",\"name\":\"GR1993 Records\",\"description\":\"\",\"publisher\":{\"@id\":\"https:\\\/\\\/gr1993records.com\\\/#organization\"},\"potentialAction\":[{\"@type\":\"SearchAction\",\"target\":{\"@type\":\"EntryPoint\",\"urlTemplate\":\"https:\\\/\\\/gr1993records.com\\\/?s={search_term_string}\"},\"query-input\":{\"@type\":\"PropertyValueSpecification\",\"valueRequired\":true,\"valueName\":\"search_term_string\"}}],\"inLanguage\":\"hu\"},{\"@type\":\"Organization\",\"@id\":\"https:\\\/\\\/gr1993records.com\\\/#organization\",\"name\":\"Gramy-H Ltd.\",\"url\":\"https:\\\/\\\/gr1993records.com\\\/\",\"logo\":{\"@type\":\"ImageObject\",\"inLanguage\":\"hu\",\"@id\":\"https:\\\/\\\/gr1993records.com\\\/#\\\/schema\\\/logo\\\/image\\\/\",\"url\":\"https:\\\/\\\/gr1993records.com\\\/wp-content\\\/uploads\\\/2019\\\/08\\\/GR1993_Records_logo_CC.png\",\"contentUrl\":\"https:\\\/\\\/gr1993records.com\\\/wp-content\\\/uploads\\\/2019\\\/08\\\/GR1993_Records_logo_CC.png\",\"width\":2900,\"height\":2001,\"caption\":\"Gramy-H Ltd.\"},\"image\":{\"@id\":\"https:\\\/\\\/gr1993records.com\\\/#\\\/schema\\\/logo\\\/image\\\/\"},\"sameAs\":[\"https:\\\/\\\/www.facebook.com\\\/GR1993Records-113564886691383\\\/\"]}]}<\/script>\n<!-- \/ Yoast SEO plugin. -->","yoast_head_json":{"title":"Kov\u00e1cs Ferenc &#8211; GR1993 Records","description":"1957-ben sz\u00fcletett Budapesten. \u00c9desapja Munk\u00e1csy d\u00edjas szobr\u00e1szm\u0171v\u00e9sz volt, \u00e9desanyja fest\u0151m\u0171v\u00e9sz. A Liszt Ferenc \u00c9nek-zene Tan\u00e1rk\u00e9pz\u0151 F\u0151iskol\u00e1n v\u00e9gzett. \u00c9nek, szolf\u00e9zs \u00e9s trombita tan\u00e1ri diplom\u00e1t szerzett.El\u0151sz\u00f6r a Post\u00e1s Szimfonikus Zenekar els\u0151 trombit\u00e1sak\u00e9nt dolgozott, majd a N\u00e9psz\u00ednh\u00e1z t\u00e1ncegy\u00fcttes\u00e9ben. P\u00e1ly\u00e1ja sor\u00e1n sz\u00e1mos kort\u00e1rs alkot\u00f3m\u0171hely munk\u00e1j\u00e1ban vett r\u00e9szt. Dolgozott a 180-as Csoporttal \u00e9s Szabados Gy\u00f6rgy - MAKUZ egy\u00fcttes\u00e9ben. Alap\u00edt\u00f3 tagja volt a Budapest Ragtime Bandnek, mellyel 15 \u00e9vig dolgozott. Dresch Mih\u00e1ly kvartettj\u00e9nek hossz\u00fa ideig volt oszlopos tagja, de napjainkban is akt\u00edv az egy\u00fcttm\u0171k\u00f6d\u00e9se a n\u00e9pi gy\u00f6kerekb\u0151l t\u00e1pl\u00e1lkoz\u00f3 szaxofon m\u0171v\u00e9sz\u00fcnkkel.1994 \u00f3ta dolgozik a Balogh K\u00e1lm\u00e1n Gipsy Cymbalom Banddel, melynek egyre ink\u00e1bb meghat\u00e1roz\u00f3 tagja. Sz\u00f3l\u00f3 heged\u0171sk\u00e9nt j\u00e1tszott Kov\u00e1cs Gerzson P\u00e9ter TRANZ DANZ egy\u00fcttes\u00e9nek t\u00f6bb darabj\u00e1ban is. A nemzetk\u00f6zi szt\u00e1rok k\u00fcz\u00fcl dolgozott t\u00f6bbek k\u00f6z\u00f6tt Balanescuval, Steve Hackettel, David Murreyel, Hamid Drakekel \u00e9s Archie Sheppel is, aki azt nyilatkozta r\u00f3la, hogy \u201e A vil\u00e1g egyik legjobb heged\u0171se, aki emellett \u00fagy trombit\u00e1l, mint Miles Davis.\u201d 2009-ben megb\u00edz\u00e1st kapott M\u00e9sz\u00e1ros M\u00e1rta, \u201eUtols\u00f3 jelent\u00e9s Ann\u00e1r\u00f3l\u201d c\u00edm\u0171 filmj\u00e9nek zenei anyag\u00e1nak elk\u00e9sz\u00edt\u00e9s\u00e9re.","robots":{"index":"index","follow":"follow","max-snippet":"max-snippet:-1","max-image-preview":"max-image-preview:large","max-video-preview":"max-video-preview:-1"},"canonical":"https:\/\/gr1993records.com\/index.php\/kovacs-ferenc\/","og_locale":"hu_HU","og_type":"article","og_title":"GR1993 Records","og_description":"GR1993 Records","og_url":"https:\/\/gr1993records.com\/index.php\/kovacs-ferenc\/","og_site_name":"GR1993 Records","article_publisher":"https:\/\/www.facebook.com\/GR1993Records-113564886691383\/","article_modified_time":"2026-04-01T10:08:54+00:00","og_image":[{"width":2000,"height":2000,"url":"https:\/\/gr1993records.com\/wp-content\/uploads\/2023\/09\/Kovacs_Ferenec_portre_2015.jpg","type":"image\/jpeg"}],"twitter_card":"summary_large_image","twitter_misc":{"Becs\u00fclt olvas\u00e1si id\u0151":"2 perc"},"schema":{"@context":"https:\/\/schema.org","@graph":[{"@type":"WebPage","@id":"https:\/\/gr1993records.com\/index.php\/kovacs-ferenc\/","url":"https:\/\/gr1993records.com\/index.php\/kovacs-ferenc\/","name":"Kov\u00e1cs Ferenc &#8211; GR1993 Records","isPartOf":{"@id":"https:\/\/gr1993records.com\/#website"},"primaryImageOfPage":{"@id":"https:\/\/gr1993records.com\/index.php\/kovacs-ferenc\/#primaryimage"},"image":{"@id":"https:\/\/gr1993records.com\/index.php\/kovacs-ferenc\/#primaryimage"},"thumbnailUrl":"https:\/\/gr1993records.com\/wp-content\/uploads\/2023\/09\/Kovacs_Ferenec_portre_2015.jpg","datePublished":"2023-09-19T12:52:10+00:00","dateModified":"2026-04-01T10:08:54+00:00","description":"{:hu}1957-ben sz\u00fcletett Budapesten. \u00c9desapja Munk\u00e1csy d\u00edjas szobr\u00e1szm\u0171v\u00e9sz volt, \u00e9desanyja fest\u0151m\u0171v\u00e9sz. A Liszt Ferenc \u00c9nek-zene Tan\u00e1rk\u00e9pz\u0151 F\u0151iskol\u00e1n v\u00e9gzett. \u00c9nek, szolf\u00e9zs \u00e9s trombita tan\u00e1ri diplom\u00e1t szerzett.El\u0151sz\u00f6r a Post\u00e1s Szimfonikus Zenekar els\u0151 trombit\u00e1sak\u00e9nt dolgozott, majd a N\u00e9psz\u00ednh\u00e1z t\u00e1ncegy\u00fcttes\u00e9ben. P\u00e1ly\u00e1ja sor\u00e1n sz\u00e1mos kort\u00e1rs alkot\u00f3m\u0171hely munk\u00e1j\u00e1ban vett r\u00e9szt. Dolgozott a 180-as Csoporttal \u00e9s Szabados Gy\u00f6rgy - MAKUZ egy\u00fcttes\u00e9ben. Alap\u00edt\u00f3 tagja volt a Budapest Ragtime Bandnek, mellyel 15 \u00e9vig dolgozott. Dresch Mih\u00e1ly kvartettj\u00e9nek hossz\u00fa ideig volt oszlopos tagja, de napjainkban is akt\u00edv az egy\u00fcttm\u0171k\u00f6d\u00e9se a n\u00e9pi gy\u00f6kerekb\u0151l t\u00e1pl\u00e1lkoz\u00f3 szaxofon m\u0171v\u00e9sz\u00fcnkkel.1994 \u00f3ta dolgozik a Balogh K\u00e1lm\u00e1n Gipsy Cymbalom Banddel, melynek egyre ink\u00e1bb meghat\u00e1roz\u00f3 tagja. Sz\u00f3l\u00f3 heged\u0171sk\u00e9nt j\u00e1tszott Kov\u00e1cs Gerzson P\u00e9ter TRANZ DANZ egy\u00fcttes\u00e9nek t\u00f6bb darabj\u00e1ban is. A nemzetk\u00f6zi szt\u00e1rok k\u00fcz\u00fcl dolgozott t\u00f6bbek k\u00f6z\u00f6tt Balanescuval, Steve Hackettel, David Murreyel, Hamid Drakekel \u00e9s Archie Sheppel is, aki azt nyilatkozta r\u00f3la, hogy \u201e A vil\u00e1g egyik legjobb heged\u0171se, aki emellett \u00fagy trombit\u00e1l, mint Miles Davis.\u201d 2009-ben megb\u00edz\u00e1st kapott M\u00e9sz\u00e1ros M\u00e1rta, \u201eUtols\u00f3 jelent\u00e9s Ann\u00e1r\u00f3l\u201d c\u00edm\u0171 filmj\u00e9nek zenei anyag\u00e1nak elk\u00e9sz\u00edt\u00e9s\u00e9re.{:}","breadcrumb":{"@id":"https:\/\/gr1993records.com\/index.php\/kovacs-ferenc\/#breadcrumb"},"inLanguage":"hu","potentialAction":[{"@type":"ReadAction","target":["https:\/\/gr1993records.com\/index.php\/kovacs-ferenc\/"]}]},{"@type":"ImageObject","inLanguage":"hu","@id":"https:\/\/gr1993records.com\/index.php\/kovacs-ferenc\/#primaryimage","url":"https:\/\/gr1993records.com\/wp-content\/uploads\/2023\/09\/Kovacs_Ferenec_portre_2015.jpg","contentUrl":"https:\/\/gr1993records.com\/wp-content\/uploads\/2023\/09\/Kovacs_Ferenec_portre_2015.jpg","width":2000,"height":2000},{"@type":"BreadcrumbList","@id":"https:\/\/gr1993records.com\/index.php\/kovacs-ferenc\/#breadcrumb","itemListElement":[{"@type":"ListItem","position":1,"name":"Home","item":"https:\/\/gr1993records.com\/"},{"@type":"ListItem","position":2,"name":"Kov\u00e1cs Ferenc"}]},{"@type":"WebSite","@id":"https:\/\/gr1993records.com\/#website","url":"https:\/\/gr1993records.com\/","name":"GR1993 Records","description":"","publisher":{"@id":"https:\/\/gr1993records.com\/#organization"},"potentialAction":[{"@type":"SearchAction","target":{"@type":"EntryPoint","urlTemplate":"https:\/\/gr1993records.com\/?s={search_term_string}"},"query-input":{"@type":"PropertyValueSpecification","valueRequired":true,"valueName":"search_term_string"}}],"inLanguage":"hu"},{"@type":"Organization","@id":"https:\/\/gr1993records.com\/#organization","name":"Gramy-H Ltd.","url":"https:\/\/gr1993records.com\/","logo":{"@type":"ImageObject","inLanguage":"hu","@id":"https:\/\/gr1993records.com\/#\/schema\/logo\/image\/","url":"https:\/\/gr1993records.com\/wp-content\/uploads\/2019\/08\/GR1993_Records_logo_CC.png","contentUrl":"https:\/\/gr1993records.com\/wp-content\/uploads\/2019\/08\/GR1993_Records_logo_CC.png","width":2900,"height":2001,"caption":"Gramy-H Ltd."},"image":{"@id":"https:\/\/gr1993records.com\/#\/schema\/logo\/image\/"},"sameAs":["https:\/\/www.facebook.com\/GR1993Records-113564886691383\/"]}]}},"jetpack_sharing_enabled":true,"_links":{"self":[{"href":"https:\/\/gr1993records.com\/index.php\/wp-json\/wp\/v2\/pages\/7005","targetHints":{"allow":["GET"]}}],"collection":[{"href":"https:\/\/gr1993records.com\/index.php\/wp-json\/wp\/v2\/pages"}],"about":[{"href":"https:\/\/gr1993records.com\/index.php\/wp-json\/wp\/v2\/types\/page"}],"author":[{"embeddable":true,"href":"https:\/\/gr1993records.com\/index.php\/wp-json\/wp\/v2\/users\/1"}],"replies":[{"embeddable":true,"href":"https:\/\/gr1993records.com\/index.php\/wp-json\/wp\/v2\/comments?post=7005"}],"version-history":[{"count":5,"href":"https:\/\/gr1993records.com\/index.php\/wp-json\/wp\/v2\/pages\/7005\/revisions"}],"predecessor-version":[{"id":7872,"href":"https:\/\/gr1993records.com\/index.php\/wp-json\/wp\/v2\/pages\/7005\/revisions\/7872"}],"wp:featuredmedia":[{"embeddable":true,"href":"https:\/\/gr1993records.com\/index.php\/wp-json\/wp\/v2\/media\/7007"}],"wp:attachment":[{"href":"https:\/\/gr1993records.com\/index.php\/wp-json\/wp\/v2\/media?parent=7005"}],"wp:term":[{"taxonomy":"category","embeddable":true,"href":"https:\/\/gr1993records.com\/index.php\/wp-json\/wp\/v2\/categories?post=7005"},{"taxonomy":"post_tag","embeddable":true,"href":"https:\/\/gr1993records.com\/index.php\/wp-json\/wp\/v2\/tags?post=7005"}],"curies":[{"name":"wp","href":"https:\/\/api.w.org\/{rel}","templated":true}]}}