{"id":6978,"date":"2023-08-29T16:41:43","date_gmt":"2023-08-29T14:41:43","guid":{"rendered":"https:\/\/gr1993records.com\/?page_id=6978"},"modified":"2026-04-01T12:14:34","modified_gmt":"2026-04-01T10:14:34","slug":"elsa-valle","status":"publish","type":"page","link":"https:\/\/gr1993records.com\/index.php\/elsa-valle\/","title":{"rendered":"Elsa Vall\u00e9"},"content":{"rendered":"<p>[vc_row][vc_column width=&#8221;2\/3&#8243;][vc_column_text]Elsa Valle \u00e9nekes-m\u0171v\u00e9szn\u0151 Kub\u00e1ban sz\u00fcletett, jelenleg Budapesten \u00e9l. A legrangosabb havannai zenem\u0171v\u00e9szeti iskola elv\u00e9gz\u00e9se ut\u00e1n r\u00f6gt\u00f6n a h\u00edres havannai Tropicana-ban kapta els\u0151 elismer\u00e9s\u00e9t. Ezt k\u00f6vet\u0151en a legismertebb kubai \u00e9s d\u00e9l-amerikai fesztiv\u00e1lokon l\u00e9pett fel. Kiugr\u00f3 sikere volt az egyik legh\u00edresebb kubai fesztiv\u00e1lon, a &#8220;Boleros De Oro&#8221;-n. A k\u00f6z\u00f6ns\u00e9g, \u00e9s a szakma is a sz\u00edv\u00e9be z\u00e1rta. D\u00e9l- amerik\u00e1n k\u00edv\u00fcl term\u00e9szetesen Eur\u00f3p\u00e1t is bej\u00e1rta sz\u00e1mos turn\u00e9 keret\u00e9ben. St\u00edlus\u00e1t m\u00e9lt\u00e1n nevezhetj\u00fck a tradicion\u00e1lis \u00e9s a mai kort\u00e1rs kubai \u00e9nekl\u00e9s \u00e9rdekes \u00e9s fantasztikus kevered\u00e9s\u00e9nek.<\/p>\n<p>Hangja, \u00e9nekst\u00edlusa egyszerre \u00e9rz\u00e9ki, melankolikus, \u00e9s robban\u00e9konyan improvizat\u00edv. T\u00f6bb m\u0171fajban is j\u00e1rtas, hiszen egy\u00fctt j\u00e1tszott olyan h\u00edres spanyol flamenco zen\u00e9szekkel, mint Jose Luis Monton, Estremeno, \u00e9s bizony\u00edtotta tehets\u00e9g\u00e9t a legend\u00e1s &#8220;Buena Vista Social Club&#8221;, \u00e9s a Septeo Nacional el\u0151tt. Elsa h\u00e1rom \u00e9vtizede \u00e9l Magyarorsz\u00e1gon. Ez id\u0151 alatt sz\u00e1mos fesztiv\u00e1lon l\u00e9pett fel \u00e9s dolgozott a hazai jazz\u00e9let kiv\u00e1l\u00f3s\u00e1gaival. Neves sz\u00ednpadok gyakori vend\u00e9ge (Fon\u00f3 Budai Zeneh\u00e1z, IBS, A38, Sport Ar\u00e9na, Francia Int\u00e9zet, Kongresszusi K\u00f6zpont, stb)[\/vc_column_text][\/vc_column][vc_column width=&#8221;1\/3&#8243;][vc_single_image image=&#8221;6979&#8243; img_size=&#8221;full&#8221;][\/vc_column][\/vc_row][vc_row][vc_column][vc_column_text]Zenekar\u00e1ban a Latin jazz syndicate-ben olyan rangos hazai jazz m\u0171v\u00e9szekkel dolgozott egy\u00fctt, mint p\u00e9ld\u00e1ul a n\u00e9hai Szakcsi Lakatos B\u00e9la, Babos Gyula, Winand G\u00e1bor, \u00e9s a jelenleg is akt\u00edv D\u00e9s L\u00e1szl\u00f3. M\u0171v\u00e9szete nemcsak a jazz szt\u00e1rjaival hozta \u00f6ssze, hanem alkalma volt ismert popszt\u00e1rokkal is egy\u00fctt zen\u00e9lni. 1994-ben az EXODUS c\u00edm\u0171 magyar filmhez kompon\u00e1lt zen\u00e9t. Ugyanebben az \u00e9vben szerepet kapott a Gyarmati L\u00edvia rendezte &#8220;Sz\u00f6k\u00e9s&#8221; c\u00edm\u0171 filmben. 1998-ban elnyerte a LYRA Fesztiv\u00e1l k\u00fcl\u00f6ndij\u00e1t.[\/vc_column_text][\/vc_column][\/vc_row][vc_row][vc_column][vc_separator][vc_empty_space][vc_custom_heading title_font_size=&#8221;fs36&#8243; text=&#8221;El\u0151ad\u00f3hoz kapcsol\u00f3d\u00f3 kiadv\u00e1nyok&#8221; use_theme_fonts=&#8221;yes&#8221; el_class=&#8221;mb60 mb30-md&#8221;][vc_basic_grid post_type=&#8221;product&#8221; max_items=&#8221;-1&#8243; element_width=&#8221;3&#8243; item=&#8221;5015&#8243; grid_id=&#8221;vc_gid:1775038456802-72624c38-c0fa-4&#8243; taxonomies=&#8221;136&#8243;][\/vc_column][\/vc_row]<\/p>","protected":false},"excerpt":{"rendered":"<p>[vc_row][vc_column width=&#8221;2\/3&#8243;][vc_column_text]Elsa Valle \u00e9nekes-m\u0171v\u00e9szn\u0151 Kub\u00e1ban sz\u00fcletett, jelenleg Budapesten \u00e9l. A legrangosabb havannai zenem\u0171v\u00e9szeti iskola elv\u00e9gz\u00e9se ut\u00e1n r\u00f6gt\u00f6n a h\u00edres havannai Tropicana-ban kapta els\u0151 elismer\u00e9s\u00e9t. Ezt k\u00f6vet\u0151en a legismertebb kubai \u00e9s d\u00e9l-amerikai fesztiv\u00e1lokon l\u00e9pett fel. Kiugr\u00f3 sikere volt az egyik legh\u00edresebb kubai fesztiv\u00e1lon, a &#8220;Boleros De Oro&#8221;-n. A k\u00f6z\u00f6ns\u00e9g, \u00e9s a szakma is a sz\u00edv\u00e9be z\u00e1rta. [&hellip;]<\/p>\n","protected":false},"author":1,"featured_media":6979,"parent":0,"menu_order":10,"comment_status":"closed","ping_status":"closed","template":"","meta":{"footnotes":""},"categories":[128],"tags":[431],"class_list":["post-6978","page","type-page","status-publish","has-post-thumbnail","hentry","category-artists","tag-elsa-walle"],"yoast_head":"<!-- This site is optimized with the Yoast SEO plugin v27.2 - https:\/\/yoast.com\/product\/yoast-seo-wordpress\/ -->\n<title>Elsa Vall\u00e9 &#8211; GR1993 Records<\/title>\n<meta name=\"robots\" content=\"index, follow, max-snippet:-1, max-image-preview:large, max-video-preview:-1\" \/>\n<link rel=\"canonical\" href=\"https:\/\/gr1993records.com\/index.php\/elsa-valle\/\" \/>\n<meta property=\"og:locale\" content=\"hu_HU\" \/>\n<meta property=\"og:type\" content=\"article\" \/>\n<meta property=\"og:title\" content=\"GR1993 Records\" \/>\n<meta property=\"og:description\" content=\"[vc_row][vc_column width=&#8221;2\/3&#8243;][vc_column_text]Elsa Valle \u00e9nekes-m\u0171v\u00e9szn\u0151 Kub\u00e1ban sz\u00fcletett, jelenleg Budapesten \u00e9l. A legrangosabb havannai zenem\u0171v\u00e9szeti iskola elv\u00e9gz\u00e9se ut\u00e1n r\u00f6gt\u00f6n a h\u00edres havannai Tropicana-ban kapta els\u0151 elismer\u00e9s\u00e9t. Ezt k\u00f6vet\u0151en a legismertebb kubai \u00e9s d\u00e9l-amerikai fesztiv\u00e1lokon l\u00e9pett fel. Kiugr\u00f3 sikere volt az egyik legh\u00edresebb kubai fesztiv\u00e1lon, a &#8220;Boleros De Oro&#8221;-n. A k\u00f6z\u00f6ns\u00e9g, \u00e9s a szakma is a sz\u00edv\u00e9be z\u00e1rta. [&hellip;]\" \/>\n<meta property=\"og:url\" content=\"https:\/\/gr1993records.com\/index.php\/elsa-valle\/\" \/>\n<meta property=\"og:site_name\" content=\"GR1993 Records\" \/>\n<meta property=\"article:publisher\" content=\"https:\/\/www.facebook.com\/GR1993Records-113564886691383\/\" \/>\n<meta property=\"article:modified_time\" content=\"2026-04-01T10:14:34+00:00\" \/>\n<meta property=\"og:image\" content=\"https:\/\/gr1993records.com\/wp-content\/uploads\/2023\/08\/Elsa_Valle_portre.jpg\" \/>\n\t<meta property=\"og:image:width\" content=\"2000\" \/>\n\t<meta property=\"og:image:height\" content=\"2000\" \/>\n\t<meta property=\"og:image:type\" content=\"image\/jpeg\" \/>\n<meta name=\"twitter:card\" content=\"summary_large_image\" \/>\n<meta name=\"twitter:title\" content=\"GR1993 Records\" \/>\n<meta name=\"twitter:image\" content=\"https:\/\/gr1993records.com\/wp-content\/uploads\/2023\/08\/Elsa_Valle_portre.jpg\" \/>\n<meta name=\"twitter:label1\" content=\"Becs\u00fclt olvas\u00e1si id\u0151\" \/>\n\t<meta name=\"twitter:data1\" content=\"2 perc\" \/>\n<script type=\"application\/ld+json\" class=\"yoast-schema-graph\">{\"@context\":\"https:\/\/schema.org\",\"@graph\":[{\"@type\":\"WebPage\",\"@id\":\"https:\/\/gr1993records.com\/index.php\/elsa-valle\/\",\"url\":\"https:\/\/gr1993records.com\/index.php\/elsa-valle\/\",\"name\":\"Elsa Vall\u00e9 &#8211; GR1993 Records\",\"isPartOf\":{\"@id\":\"https:\/\/gr1993records.com\/#website\"},\"primaryImageOfPage\":{\"@id\":\"https:\/\/gr1993records.com\/index.php\/elsa-valle\/#primaryimage\"},\"image\":{\"@id\":\"https:\/\/gr1993records.com\/index.php\/elsa-valle\/#primaryimage\"},\"thumbnailUrl\":\"https:\/\/gr1993records.com\/wp-content\/uploads\/2023\/08\/Elsa_Valle_portre.jpg\",\"datePublished\":\"2023-08-29T14:41:43+00:00\",\"dateModified\":\"2026-04-01T10:14:34+00:00\",\"breadcrumb\":{\"@id\":\"https:\/\/gr1993records.com\/index.php\/elsa-valle\/#breadcrumb\"},\"inLanguage\":\"hu\",\"potentialAction\":[{\"@type\":\"ReadAction\",\"target\":[\"https:\/\/gr1993records.com\/index.php\/elsa-valle\/\"]}]},{\"@type\":\"ImageObject\",\"inLanguage\":\"hu\",\"@id\":\"https:\/\/gr1993records.com\/index.php\/elsa-valle\/#primaryimage\",\"url\":\"https:\/\/gr1993records.com\/wp-content\/uploads\/2023\/08\/Elsa_Valle_portre.jpg\",\"contentUrl\":\"https:\/\/gr1993records.com\/wp-content\/uploads\/2023\/08\/Elsa_Valle_portre.jpg\",\"width\":2000,\"height\":2000},{\"@type\":\"BreadcrumbList\",\"@id\":\"https:\/\/gr1993records.com\/index.php\/elsa-valle\/#breadcrumb\",\"itemListElement\":[{\"@type\":\"ListItem\",\"position\":1,\"name\":\"Home\",\"item\":\"https:\/\/gr1993records.com\/\"},{\"@type\":\"ListItem\",\"position\":2,\"name\":\"Elsa Vall\u00e9\"}]},{\"@type\":\"WebSite\",\"@id\":\"https:\/\/gr1993records.com\/#website\",\"url\":\"https:\/\/gr1993records.com\/\",\"name\":\"GR1993 Records\",\"description\":\"\",\"publisher\":{\"@id\":\"https:\/\/gr1993records.com\/#organization\"},\"potentialAction\":[{\"@type\":\"SearchAction\",\"target\":{\"@type\":\"EntryPoint\",\"urlTemplate\":\"https:\/\/gr1993records.com\/?s={search_term_string}\"},\"query-input\":{\"@type\":\"PropertyValueSpecification\",\"valueRequired\":true,\"valueName\":\"search_term_string\"}}],\"inLanguage\":\"hu\"},{\"@type\":\"Organization\",\"@id\":\"https:\/\/gr1993records.com\/#organization\",\"name\":\"Gramy-H Ltd.\",\"url\":\"https:\/\/gr1993records.com\/\",\"logo\":{\"@type\":\"ImageObject\",\"inLanguage\":\"hu\",\"@id\":\"https:\/\/gr1993records.com\/#\/schema\/logo\/image\/\",\"url\":\"https:\/\/gr1993records.com\/wp-content\/uploads\/2019\/08\/GR1993_Records_logo_CC.png\",\"contentUrl\":\"https:\/\/gr1993records.com\/wp-content\/uploads\/2019\/08\/GR1993_Records_logo_CC.png\",\"width\":2900,\"height\":2001,\"caption\":\"Gramy-H Ltd.\"},\"image\":{\"@id\":\"https:\/\/gr1993records.com\/#\/schema\/logo\/image\/\"},\"sameAs\":[\"https:\/\/www.facebook.com\/GR1993Records-113564886691383\/\"]}]}<\/script>\n<!-- \/ Yoast SEO plugin. -->","yoast_head_json":{"title":"Elsa Vall\u00e9 &#8211; GR1993 Records","robots":{"index":"index","follow":"follow","max-snippet":"max-snippet:-1","max-image-preview":"max-image-preview:large","max-video-preview":"max-video-preview:-1"},"canonical":"https:\/\/gr1993records.com\/index.php\/elsa-valle\/","og_locale":"hu_HU","og_type":"article","og_title":"GR1993 Records","og_description":"[vc_row][vc_column width=&#8221;2\/3&#8243;][vc_column_text]Elsa Valle \u00e9nekes-m\u0171v\u00e9szn\u0151 Kub\u00e1ban sz\u00fcletett, jelenleg Budapesten \u00e9l. A legrangosabb havannai zenem\u0171v\u00e9szeti iskola elv\u00e9gz\u00e9se ut\u00e1n r\u00f6gt\u00f6n a h\u00edres havannai Tropicana-ban kapta els\u0151 elismer\u00e9s\u00e9t. Ezt k\u00f6vet\u0151en a legismertebb kubai \u00e9s d\u00e9l-amerikai fesztiv\u00e1lokon l\u00e9pett fel. Kiugr\u00f3 sikere volt az egyik legh\u00edresebb kubai fesztiv\u00e1lon, a &#8220;Boleros De Oro&#8221;-n. A k\u00f6z\u00f6ns\u00e9g, \u00e9s a szakma is a sz\u00edv\u00e9be z\u00e1rta. [&hellip;]","og_url":"https:\/\/gr1993records.com\/index.php\/elsa-valle\/","og_site_name":"GR1993 Records","article_publisher":"https:\/\/www.facebook.com\/GR1993Records-113564886691383\/","article_modified_time":"2026-04-01T10:14:34+00:00","og_image":[{"width":2000,"height":2000,"url":"https:\/\/gr1993records.com\/wp-content\/uploads\/2023\/08\/Elsa_Valle_portre.jpg","type":"image\/jpeg"}],"twitter_card":"summary_large_image","twitter_title":"GR1993 Records","twitter_image":"https:\/\/gr1993records.com\/wp-content\/uploads\/2023\/08\/Elsa_Valle_portre.jpg","twitter_misc":{"Becs\u00fclt olvas\u00e1si id\u0151":"2 perc"},"schema":{"@context":"https:\/\/schema.org","@graph":[{"@type":"WebPage","@id":"https:\/\/gr1993records.com\/index.php\/elsa-valle\/","url":"https:\/\/gr1993records.com\/index.php\/elsa-valle\/","name":"Elsa Vall\u00e9 &#8211; GR1993 Records","isPartOf":{"@id":"https:\/\/gr1993records.com\/#website"},"primaryImageOfPage":{"@id":"https:\/\/gr1993records.com\/index.php\/elsa-valle\/#primaryimage"},"image":{"@id":"https:\/\/gr1993records.com\/index.php\/elsa-valle\/#primaryimage"},"thumbnailUrl":"https:\/\/gr1993records.com\/wp-content\/uploads\/2023\/08\/Elsa_Valle_portre.jpg","datePublished":"2023-08-29T14:41:43+00:00","dateModified":"2026-04-01T10:14:34+00:00","breadcrumb":{"@id":"https:\/\/gr1993records.com\/index.php\/elsa-valle\/#breadcrumb"},"inLanguage":"hu","potentialAction":[{"@type":"ReadAction","target":["https:\/\/gr1993records.com\/index.php\/elsa-valle\/"]}]},{"@type":"ImageObject","inLanguage":"hu","@id":"https:\/\/gr1993records.com\/index.php\/elsa-valle\/#primaryimage","url":"https:\/\/gr1993records.com\/wp-content\/uploads\/2023\/08\/Elsa_Valle_portre.jpg","contentUrl":"https:\/\/gr1993records.com\/wp-content\/uploads\/2023\/08\/Elsa_Valle_portre.jpg","width":2000,"height":2000},{"@type":"BreadcrumbList","@id":"https:\/\/gr1993records.com\/index.php\/elsa-valle\/#breadcrumb","itemListElement":[{"@type":"ListItem","position":1,"name":"Home","item":"https:\/\/gr1993records.com\/"},{"@type":"ListItem","position":2,"name":"Elsa Vall\u00e9"}]},{"@type":"WebSite","@id":"https:\/\/gr1993records.com\/#website","url":"https:\/\/gr1993records.com\/","name":"GR1993 Records","description":"","publisher":{"@id":"https:\/\/gr1993records.com\/#organization"},"potentialAction":[{"@type":"SearchAction","target":{"@type":"EntryPoint","urlTemplate":"https:\/\/gr1993records.com\/?s={search_term_string}"},"query-input":{"@type":"PropertyValueSpecification","valueRequired":true,"valueName":"search_term_string"}}],"inLanguage":"hu"},{"@type":"Organization","@id":"https:\/\/gr1993records.com\/#organization","name":"Gramy-H Ltd.","url":"https:\/\/gr1993records.com\/","logo":{"@type":"ImageObject","inLanguage":"hu","@id":"https:\/\/gr1993records.com\/#\/schema\/logo\/image\/","url":"https:\/\/gr1993records.com\/wp-content\/uploads\/2019\/08\/GR1993_Records_logo_CC.png","contentUrl":"https:\/\/gr1993records.com\/wp-content\/uploads\/2019\/08\/GR1993_Records_logo_CC.png","width":2900,"height":2001,"caption":"Gramy-H Ltd."},"image":{"@id":"https:\/\/gr1993records.com\/#\/schema\/logo\/image\/"},"sameAs":["https:\/\/www.facebook.com\/GR1993Records-113564886691383\/"]}]}},"jetpack_sharing_enabled":true,"_links":{"self":[{"href":"https:\/\/gr1993records.com\/index.php\/wp-json\/wp\/v2\/pages\/6978","targetHints":{"allow":["GET"]}}],"collection":[{"href":"https:\/\/gr1993records.com\/index.php\/wp-json\/wp\/v2\/pages"}],"about":[{"href":"https:\/\/gr1993records.com\/index.php\/wp-json\/wp\/v2\/types\/page"}],"author":[{"embeddable":true,"href":"https:\/\/gr1993records.com\/index.php\/wp-json\/wp\/v2\/users\/1"}],"replies":[{"embeddable":true,"href":"https:\/\/gr1993records.com\/index.php\/wp-json\/wp\/v2\/comments?post=6978"}],"version-history":[{"count":7,"href":"https:\/\/gr1993records.com\/index.php\/wp-json\/wp\/v2\/pages\/6978\/revisions"}],"predecessor-version":[{"id":7876,"href":"https:\/\/gr1993records.com\/index.php\/wp-json\/wp\/v2\/pages\/6978\/revisions\/7876"}],"wp:featuredmedia":[{"embeddable":true,"href":"https:\/\/gr1993records.com\/index.php\/wp-json\/wp\/v2\/media\/6979"}],"wp:attachment":[{"href":"https:\/\/gr1993records.com\/index.php\/wp-json\/wp\/v2\/media?parent=6978"}],"wp:term":[{"taxonomy":"category","embeddable":true,"href":"https:\/\/gr1993records.com\/index.php\/wp-json\/wp\/v2\/categories?post=6978"},{"taxonomy":"post_tag","embeddable":true,"href":"https:\/\/gr1993records.com\/index.php\/wp-json\/wp\/v2\/tags?post=6978"}],"curies":[{"name":"wp","href":"https:\/\/api.w.org\/{rel}","templated":true}]}}