{"id":6923,"date":"2023-07-06T11:14:44","date_gmt":"2023-07-06T09:14:44","guid":{"rendered":"https:\/\/gr1993records.com\/?page_id=6923"},"modified":"2026-04-01T12:06:30","modified_gmt":"2026-04-01T10:06:30","slug":"boggie","status":"publish","type":"page","link":"https:\/\/gr1993records.com\/eloadok\/boggie\/","title":{"rendered":"Boggie"},"content":{"rendered":"<p>[vc_row][vc_column][vc_custom_heading title_font_size=&#8221;fs36&#8243; source=&#8221;post_title&#8221; use_theme_fonts=&#8221;yes&#8221; el_class=&#8221;mb60 mb30-md&#8221;][\/vc_column][\/vc_row][vc_row][vc_column width=&#8221;1\/2&#8243;][vc_column_text]Csemer Bogl\u00e1rka 2009-ben alap\u00edtotta els\u0151 jazz quartetj\u00e9t, majd 2013-ban megjelent Boggie c\u00edmet visel\u0151 albuma a Tom-Tom Records kiad\u00e1s\u00e1ban. A lemezen csak saj\u00e1t \u2013 magyar, francia, \u00e9s angol nyelven \u00edrt \u2013 ig\u00e9nyes pop szerzem\u00e9nyek tal\u00e1lhat\u00f3ak. Err\u0151l a lemezr\u0151l jelent meg Parf\u00fcm c\u00edm\u0171 vide\u00f3klipje, mely beutazta a vil\u00e1got. Els\u0151 lemeze el\u0151kel\u0151 helyen szerepelt az amerikai Billboard lista 4. majd 17. hely\u00e9n. Zenei tanulm\u00e1nyait 13 \u00e9ves kor\u00e1ban kezdte. Klasszikus \u00e9neket \u00e9s klasszikus zongor\u00e1t tanult a Fasang \u00c1rp\u00e1d Zeneiskol\u00e1ban 2007-ig, mik\u00f6zben 2004-t\u0151l az Erkel Ferenc Alapfok\u00fa M\u0171v\u00e9szetoktat\u00e1si Int\u00e9zm\u00e9ny \u00e9s Jazz Zenem\u0171v\u00e9szeti Szakk\u00f6z\u00e9piskola is mag\u00e1\u00e9nak tudhatta jazz\u2013\u00e9nek szakos tanul\u00f3i k\u00f6z\u00f6tt. Itt tan\u00edtotta Hunyadi L\u00e1szl\u00f3, Szolnoki D\u00f3ra \u00e9s Micheller Myrtill is. 2007 -ben kezdett el tanulni a K\u0151b\u00e1nyai Zenei St\u00fadi\u00f3 \u00e9nek szak\u00e1n, \u00e9s ezzel p\u00e1rhuzamosan az Eszterh\u00e1zy K\u00e1roly F\u0151iskola francia\u2013romanisztika szakir\u00e1ny\u00e1n is, mely kult\u00fara k\u00e9s\u0151bb jelent\u0151s hat\u00e1ssal lesz az \u00e9nekesn\u0151 dalszerz\u00e9s\u00e9re. Kiemelked\u0151 tan\u00e1ra volt m\u00e9g D\u00e9k\u00e1ny Endre, akit\u0151l a bel canto \u00e9nekl\u00e9si m\u00f3dot saj\u00e1t\u00edtotta el. 2014-ben All Is One Is All c\u00edmmel jelent meg a m\u00e1sodik nagylemeze, mely elnyerte a magyar szakma rangos d\u00edj\u00e1t az \u00c9v POP lemeze kateg\u00f3ri\u00e1ban a 2015-\u00f6s FONOGRAM d\u00edj\u00e1tad\u00f3n.<\/p>\n<p>2015-ben Wars for Nothing c\u00edm\u0171 dal\u00e1val bejutott A Dal 2015 m\u0171sorba, amit meg is nyert, \u00edgy \u0151 k\u00e9pviselte Magyarorsz\u00e1got a 60. Eurov\u00edzi\u00f3s Dalfesztiv\u00e1lon. Okt\u00f3ber\u00e9ben els\u0151 hat \u00e1llom\u00e1sos nyugat-eur\u00f3pai turn\u00e9j\u00e1ra indult, majd m\u00e1sodj\u00e1ra turn\u00e9zott az Amerikai Egyes\u00fclt \u00c1llamokban saj\u00e1t zen\u00e9j\u00e9vel.<\/p>\n<p>2016-ban harmadik nagylemez\u00e9n kezdett el dolgozni az \u00e9nekesn\u0151 \u00e9s k\u00f6zben megsz\u00fcletett kisl\u00e1nya, Lenke. 2017-ben megalap\u00edtotta saj\u00e1t kiad\u00f3j\u00e1t \u00e9s kiadta \u201c3\u201d c\u00edmmel a harmadik szerz\u0151i nagylemez\u00e9t.<br \/>\n2018 m\u00e1rcius\u00e1ban Boggie SXSW ARTIST lett: bev\u00e1lasztott\u00e1k a vil\u00e1g legjelent\u0151sebb zenei Showcase fesztiv\u00e1lj\u00e1ra az amerikai Austinba. Harmadik nagylemez\u00e9vel orsz\u00e1gos turn\u00e9ra indul.[\/vc_column_text][\/vc_column][vc_column width=&#8221;1\/2&#8243;][vc_single_image image=&#8221;6916&#8243; img_size=&#8221;large&#8221;][\/vc_column][\/vc_row][vc_row][vc_column][vc_column_text]Ugyanebben az \u00e9vben megalap\u00edtja \u00e1lland\u00f3 zen\u00e9s-irodalmi estj\u00e9t \u201eMagvet\u0151 Szobakoncert\u201d c\u00edmmel, melyet a Magvet\u0151 K\u00e1v\u00e9z\u00f3 fogadott be. \u00c9v v\u00e9g\u00e9n kimagasl\u00f3 el\u0151ad\u00f3m\u0171v\u00e9szi munk\u00e1j\u00e1\u00e9rt \u201eHANGVILLA D\u00cdJ\u201d-at kap a veszpr\u00e9mi Hangvill\u00e1t\u00f3l. 2019-ben Boggie egyed\u00fcli n\u0151i el\u0151ad\u00f3k\u00e9nt fell\u00e9phetett a M\u00dcPA \u201cHey, June!\u201d k\u00f6nny\u0171zenei sorozat\u00e1ban telt h\u00e1z el\u0151tt.<\/p>\n<p>A vil\u00e1gh\u00edr\u0171 ZAZ saj\u00e1t maga v\u00e1lasztotta ki Boggie-t vend\u00e9gzenekarnak a Budapest Parkos fell\u00e9p\u00e9s\u00e9hez.<\/p>\n<p>Zenekar\u00e1val megh\u00edvt\u00e1k D\u00fcsseldorfba, majd a sv\u00e9d Live at heart showcase fesztiv\u00e1lra is. Az \u00e9vet pedig egy 4 \u00e1llom\u00e1sos Balti-turn\u00e9val z\u00e1rta.<\/p>\n<p>2020-ban az \u00e9nekesn\u0151 m\u00e1sodik gyermeke is megsz\u00fcletett, Imola n\u00e9vre keresztelte.<\/p>\n<p>2020-ban kezdett dolgozni Grecs\u00f3 Kriszti\u00e1n \u00edr\u00f3val, akivel az\u00f3ta k\u00f6z\u00f6s dala is sz\u00fcletett.2023-ban pedig egy sz\u00ednh\u00e1zi koncertsorozatot hoztak l\u00e9tre, amivel a vid\u00e9ki sz\u00ednh\u00e1zakat l\u00e1togatj\u00e1k. Kem\u00e9ny Zs\u00f3fi \u00edr\u00f3val is k\u00f6z\u00f6s projektbe kezdett, vele Toll \u00e9s Hang c\u00edmen az orsz\u00e1g k\u00f6z\u00e9piskol\u00e1iba viszik el a zene \u00e9s irodalom szeretet\u00e9t. 2023-ban ism\u00e9t lehet\u0151s\u00e9get kapott arra, hogy Alg\u00e9ri\u00e1ban l\u00e9phessen fel, ahol duetezett Manal Gherbi alg\u00edr \u00e9nekesn\u0151vel, akivel k\u00f6z\u00f6s dalt is k\u00e9sz\u00edtettek.<\/p>\n<p>2023. augusztus 24-\u00e9n nagyszab\u00e1s\u00fa koncerttel \u00fcnnepli a Boggie produkci\u00f3 fen\u00e1ll\u00e1s\u00e1nak 10. \u00e9vfordul\u00f3j\u00e1t a V\u00e1rkert Baz\u00e1rban.<\/p>\n<h3>M\u00c9RF\u00d6LDK\u00d6VEK<\/h3>\n<p>2023 \/\/ JUBILEUMI KONCERT<br \/>\n2023 \/\/ ALG\u00c9RIA<br \/>\n2022 \/\/ ALG\u00c9RIA<br \/>\n2021 \/\/ BUSH ARTIST<br \/>\n2019 \/\/ BALTI TURN\u00c9<br \/>\n2019 \/\/ LIVE AT HEART ARTIST<br \/>\n2019 \/\/ M\u00dcPA HEY JUNE<br \/>\n2019 \/\/ ZAZ VEND\u00c9GZENEKARA<br \/>\n2018 \/\/ SXSW ARTIST<br \/>\n2018 \/\/ HANGVILLA D\u00cdJ<br \/>\n2017 \/\/ 3. NAGYLEMEZ<br \/>\n2015 \/\/ EUR\u00d3PA TURN\u00c9<br \/>\n2015 \/\/ EUROV\u00cdZI\u00d3<br \/>\n2014 \/\/ FONOGRAM D\u00cdJ<br \/>\n2014 \/\/ 2. NAGYLEMEZ<br \/>\n2013 \/\/ BILLBOARD LISTA<br \/>\n2013 \/\/ ELS\u0150 NAGYLEMEZ[\/vc_column_text][vc_separator][vc_column_text]Tov\u00e1bbi inform\u00e1ci\u00f3k\u00e9rt l\u00e1togasson el az <strong><a href=\"https:\/\/www.boggieofficial.com\" target=\"_blank\" rel=\"noopener noreferrer\">el\u0151ad\u00f3 hivatalos oldal\u00e1ra<\/a><\/strong>[\/vc_column_text][\/vc_column][\/vc_row][vc_row][vc_column][vc_separator][vc_empty_space][vc_custom_heading title_font_size=&#8221;fs36&#8243; text=&#8221;El\u0151ad\u00f3hoz kapcsol\u00f3d\u00f3 kiadv\u00e1nyok&#8221; use_theme_fonts=&#8221;yes&#8221; el_class=&#8221;mb60 mb30-md&#8221;][vc_basic_grid post_type=&#8221;product&#8221; max_items=&#8221;-1&#8243; element_width=&#8221;3&#8243; item=&#8221;5015&#8243; grid_id=&#8221;vc_gid:1775037951389-edd6f3f6-359f-4&#8243; taxonomies=&#8221;545&#8243;][\/vc_column][\/vc_row]<\/p>","protected":false},"excerpt":{"rendered":"<p>[vc_row][vc_column][vc_custom_heading title_font_size=&#8221;fs36&#8243; source=&#8221;post_title&#8221; use_theme_fonts=&#8221;yes&#8221; el_class=&#8221;mb60 mb30-md&#8221;][\/vc_column][\/vc_row][vc_row][vc_column width=&#8221;1\/2&#8243;][vc_column_text]Csemer Bogl\u00e1rka 2009-ben alap\u00edtotta els\u0151 jazz quartetj\u00e9t, majd 2013-ban megjelent Boggie c\u00edmet visel\u0151 albuma a Tom-Tom Records kiad\u00e1s\u00e1ban. A lemezen csak saj\u00e1t \u2013 magyar, francia, \u00e9s angol nyelven \u00edrt \u2013 ig\u00e9nyes pop szerzem\u00e9nyek tal\u00e1lhat\u00f3ak. Err\u0151l a lemezr\u0151l jelent meg Parf\u00fcm c\u00edm\u0171 vide\u00f3klipje, mely beutazta a vil\u00e1got. Els\u0151 lemeze el\u0151kel\u0151 [&hellip;]<\/p>\n","protected":false},"author":1,"featured_media":6917,"parent":4565,"menu_order":4,"comment_status":"closed","ping_status":"closed","template":"","meta":{"footnotes":""},"categories":[128],"tags":[],"class_list":["post-6923","page","type-page","status-publish","has-post-thumbnail","hentry","category-artists"],"yoast_head":"<!-- This site is optimized with the Yoast SEO plugin v27.5 - https:\/\/yoast.com\/product\/yoast-seo-wordpress\/ -->\n<title>Boggie &#8211; GR1993 Records<\/title>\n<meta name=\"robots\" content=\"index, follow, max-snippet:-1, max-image-preview:large, max-video-preview:-1\" \/>\n<link rel=\"canonical\" href=\"https:\/\/gr1993records.com\/eloadok\/boggie\/\" \/>\n<meta property=\"og:locale\" content=\"hu_HU\" \/>\n<meta property=\"og:type\" content=\"article\" \/>\n<meta property=\"og:title\" content=\"Boggie &#8211; GR1993 Records\" \/>\n<meta property=\"og:description\" content=\"[vc_row][vc_column][vc_custom_heading title_font_size=&#8221;fs36&#8243; source=&#8221;post_title&#8221; use_theme_fonts=&#8221;yes&#8221; el_class=&#8221;mb60 mb30-md&#8221;][\/vc_column][\/vc_row][vc_row][vc_column width=&#8221;1\/2&#8243;][vc_column_text]Csemer Bogl\u00e1rka 2009-ben alap\u00edtotta els\u0151 jazz quartetj\u00e9t, majd 2013-ban megjelent Boggie c\u00edmet visel\u0151 albuma a Tom-Tom Records kiad\u00e1s\u00e1ban. A lemezen csak saj\u00e1t \u2013 magyar, francia, \u00e9s angol nyelven \u00edrt \u2013 ig\u00e9nyes pop szerzem\u00e9nyek tal\u00e1lhat\u00f3ak. Err\u0151l a lemezr\u0151l jelent meg Parf\u00fcm c\u00edm\u0171 vide\u00f3klipje, mely beutazta a vil\u00e1got. Els\u0151 lemeze el\u0151kel\u0151 [&hellip;]\" \/>\n<meta property=\"og:url\" content=\"https:\/\/gr1993records.com\/eloadok\/boggie\/\" \/>\n<meta property=\"og:site_name\" content=\"GR1993 Records\" \/>\n<meta property=\"article:publisher\" content=\"https:\/\/www.facebook.com\/GR1993Records-113564886691383\/\" \/>\n<meta property=\"article:modified_time\" content=\"2026-04-01T10:06:30+00:00\" \/>\n<meta property=\"og:image\" content=\"https:\/\/gr1993records.com\/wp-content\/uploads\/2023\/07\/Boggie_GR1993Records_Artist_photo_2.jpg\" \/>\n\t<meta property=\"og:image:width\" content=\"1585\" \/>\n\t<meta property=\"og:image:height\" content=\"1585\" \/>\n\t<meta property=\"og:image:type\" content=\"image\/jpeg\" \/>\n<meta name=\"twitter:card\" content=\"summary_large_image\" \/>\n<meta name=\"twitter:image\" content=\"https:\/\/gr1993records.com\/wp-content\/uploads\/2023\/07\/Boggie_GR1993Records_Artist_photo_2.jpg\" \/>\n<meta name=\"twitter:label1\" content=\"Becs\u00fclt olvas\u00e1si id\u0151\" \/>\n\t<meta name=\"twitter:data1\" content=\"4 perc\" \/>\n<script type=\"application\/ld+json\" class=\"yoast-schema-graph\">{\"@context\":\"https:\\\/\\\/schema.org\",\"@graph\":[{\"@type\":\"WebPage\",\"@id\":\"https:\\\/\\\/gr1993records.com\\\/eloadok\\\/boggie\\\/\",\"url\":\"https:\\\/\\\/gr1993records.com\\\/eloadok\\\/boggie\\\/\",\"name\":\"Boggie &#8211; GR1993 Records\",\"isPartOf\":{\"@id\":\"https:\\\/\\\/gr1993records.com\\\/#website\"},\"primaryImageOfPage\":{\"@id\":\"https:\\\/\\\/gr1993records.com\\\/eloadok\\\/boggie\\\/#primaryimage\"},\"image\":{\"@id\":\"https:\\\/\\\/gr1993records.com\\\/eloadok\\\/boggie\\\/#primaryimage\"},\"thumbnailUrl\":\"https:\\\/\\\/gr1993records.com\\\/wp-content\\\/uploads\\\/2023\\\/07\\\/Boggie_GR1993Records_Artist_photo_2.jpg\",\"datePublished\":\"2023-07-06T09:14:44+00:00\",\"dateModified\":\"2026-04-01T10:06:30+00:00\",\"breadcrumb\":{\"@id\":\"https:\\\/\\\/gr1993records.com\\\/eloadok\\\/boggie\\\/#breadcrumb\"},\"inLanguage\":\"hu\",\"potentialAction\":[{\"@type\":\"ReadAction\",\"target\":[\"https:\\\/\\\/gr1993records.com\\\/eloadok\\\/boggie\\\/\"]}]},{\"@type\":\"ImageObject\",\"inLanguage\":\"hu\",\"@id\":\"https:\\\/\\\/gr1993records.com\\\/eloadok\\\/boggie\\\/#primaryimage\",\"url\":\"https:\\\/\\\/gr1993records.com\\\/wp-content\\\/uploads\\\/2023\\\/07\\\/Boggie_GR1993Records_Artist_photo_2.jpg\",\"contentUrl\":\"https:\\\/\\\/gr1993records.com\\\/wp-content\\\/uploads\\\/2023\\\/07\\\/Boggie_GR1993Records_Artist_photo_2.jpg\",\"width\":1585,\"height\":1585},{\"@type\":\"BreadcrumbList\",\"@id\":\"https:\\\/\\\/gr1993records.com\\\/eloadok\\\/boggie\\\/#breadcrumb\",\"itemListElement\":[{\"@type\":\"ListItem\",\"position\":1,\"name\":\"Home\",\"item\":\"https:\\\/\\\/gr1993records.com\\\/?lang=en\"},{\"@type\":\"ListItem\",\"position\":2,\"name\":\"El\u0151ad\u00f3k\",\"item\":\"https:\\\/\\\/gr1993records.com\\\/eloadok\\\/\"},{\"@type\":\"ListItem\",\"position\":3,\"name\":\"Boggie\"}]},{\"@type\":\"WebSite\",\"@id\":\"https:\\\/\\\/gr1993records.com\\\/#website\",\"url\":\"https:\\\/\\\/gr1993records.com\\\/\",\"name\":\"GR1993 Records\",\"description\":\"\",\"publisher\":{\"@id\":\"https:\\\/\\\/gr1993records.com\\\/#organization\"},\"potentialAction\":[{\"@type\":\"SearchAction\",\"target\":{\"@type\":\"EntryPoint\",\"urlTemplate\":\"https:\\\/\\\/gr1993records.com\\\/?s={search_term_string}\"},\"query-input\":{\"@type\":\"PropertyValueSpecification\",\"valueRequired\":true,\"valueName\":\"search_term_string\"}}],\"inLanguage\":\"hu\"},{\"@type\":\"Organization\",\"@id\":\"https:\\\/\\\/gr1993records.com\\\/#organization\",\"name\":\"Gramy-H Ltd.\",\"url\":\"https:\\\/\\\/gr1993records.com\\\/\",\"logo\":{\"@type\":\"ImageObject\",\"inLanguage\":\"hu\",\"@id\":\"https:\\\/\\\/gr1993records.com\\\/#\\\/schema\\\/logo\\\/image\\\/\",\"url\":\"https:\\\/\\\/gr1993records.com\\\/wp-content\\\/uploads\\\/2019\\\/08\\\/GR1993_Records_logo_CC.png\",\"contentUrl\":\"https:\\\/\\\/gr1993records.com\\\/wp-content\\\/uploads\\\/2019\\\/08\\\/GR1993_Records_logo_CC.png\",\"width\":2900,\"height\":2001,\"caption\":\"Gramy-H Ltd.\"},\"image\":{\"@id\":\"https:\\\/\\\/gr1993records.com\\\/#\\\/schema\\\/logo\\\/image\\\/\"},\"sameAs\":[\"https:\\\/\\\/www.facebook.com\\\/GR1993Records-113564886691383\\\/\"]}]}<\/script>\n<!-- \/ Yoast SEO plugin. -->","yoast_head_json":{"title":"Boggie &#8211; GR1993 Records","robots":{"index":"index","follow":"follow","max-snippet":"max-snippet:-1","max-image-preview":"max-image-preview:large","max-video-preview":"max-video-preview:-1"},"canonical":"https:\/\/gr1993records.com\/eloadok\/boggie\/","og_locale":"hu_HU","og_type":"article","og_title":"Boggie &#8211; GR1993 Records","og_description":"[vc_row][vc_column][vc_custom_heading title_font_size=&#8221;fs36&#8243; source=&#8221;post_title&#8221; use_theme_fonts=&#8221;yes&#8221; el_class=&#8221;mb60 mb30-md&#8221;][\/vc_column][\/vc_row][vc_row][vc_column width=&#8221;1\/2&#8243;][vc_column_text]Csemer Bogl\u00e1rka 2009-ben alap\u00edtotta els\u0151 jazz quartetj\u00e9t, majd 2013-ban megjelent Boggie c\u00edmet visel\u0151 albuma a Tom-Tom Records kiad\u00e1s\u00e1ban. A lemezen csak saj\u00e1t \u2013 magyar, francia, \u00e9s angol nyelven \u00edrt \u2013 ig\u00e9nyes pop szerzem\u00e9nyek tal\u00e1lhat\u00f3ak. Err\u0151l a lemezr\u0151l jelent meg Parf\u00fcm c\u00edm\u0171 vide\u00f3klipje, mely beutazta a vil\u00e1got. Els\u0151 lemeze el\u0151kel\u0151 [&hellip;]","og_url":"https:\/\/gr1993records.com\/eloadok\/boggie\/","og_site_name":"GR1993 Records","article_publisher":"https:\/\/www.facebook.com\/GR1993Records-113564886691383\/","article_modified_time":"2026-04-01T10:06:30+00:00","og_image":[{"width":1585,"height":1585,"url":"https:\/\/gr1993records.com\/wp-content\/uploads\/2023\/07\/Boggie_GR1993Records_Artist_photo_2.jpg","type":"image\/jpeg"}],"twitter_card":"summary_large_image","twitter_image":"https:\/\/gr1993records.com\/wp-content\/uploads\/2023\/07\/Boggie_GR1993Records_Artist_photo_2.jpg","twitter_misc":{"Becs\u00fclt olvas\u00e1si id\u0151":"4 perc"},"schema":{"@context":"https:\/\/schema.org","@graph":[{"@type":"WebPage","@id":"https:\/\/gr1993records.com\/eloadok\/boggie\/","url":"https:\/\/gr1993records.com\/eloadok\/boggie\/","name":"Boggie &#8211; GR1993 Records","isPartOf":{"@id":"https:\/\/gr1993records.com\/#website"},"primaryImageOfPage":{"@id":"https:\/\/gr1993records.com\/eloadok\/boggie\/#primaryimage"},"image":{"@id":"https:\/\/gr1993records.com\/eloadok\/boggie\/#primaryimage"},"thumbnailUrl":"https:\/\/gr1993records.com\/wp-content\/uploads\/2023\/07\/Boggie_GR1993Records_Artist_photo_2.jpg","datePublished":"2023-07-06T09:14:44+00:00","dateModified":"2026-04-01T10:06:30+00:00","breadcrumb":{"@id":"https:\/\/gr1993records.com\/eloadok\/boggie\/#breadcrumb"},"inLanguage":"hu","potentialAction":[{"@type":"ReadAction","target":["https:\/\/gr1993records.com\/eloadok\/boggie\/"]}]},{"@type":"ImageObject","inLanguage":"hu","@id":"https:\/\/gr1993records.com\/eloadok\/boggie\/#primaryimage","url":"https:\/\/gr1993records.com\/wp-content\/uploads\/2023\/07\/Boggie_GR1993Records_Artist_photo_2.jpg","contentUrl":"https:\/\/gr1993records.com\/wp-content\/uploads\/2023\/07\/Boggie_GR1993Records_Artist_photo_2.jpg","width":1585,"height":1585},{"@type":"BreadcrumbList","@id":"https:\/\/gr1993records.com\/eloadok\/boggie\/#breadcrumb","itemListElement":[{"@type":"ListItem","position":1,"name":"Home","item":"https:\/\/gr1993records.com\/?lang=en"},{"@type":"ListItem","position":2,"name":"El\u0151ad\u00f3k","item":"https:\/\/gr1993records.com\/eloadok\/"},{"@type":"ListItem","position":3,"name":"Boggie"}]},{"@type":"WebSite","@id":"https:\/\/gr1993records.com\/#website","url":"https:\/\/gr1993records.com\/","name":"GR1993 Records","description":"","publisher":{"@id":"https:\/\/gr1993records.com\/#organization"},"potentialAction":[{"@type":"SearchAction","target":{"@type":"EntryPoint","urlTemplate":"https:\/\/gr1993records.com\/?s={search_term_string}"},"query-input":{"@type":"PropertyValueSpecification","valueRequired":true,"valueName":"search_term_string"}}],"inLanguage":"hu"},{"@type":"Organization","@id":"https:\/\/gr1993records.com\/#organization","name":"Gramy-H Ltd.","url":"https:\/\/gr1993records.com\/","logo":{"@type":"ImageObject","inLanguage":"hu","@id":"https:\/\/gr1993records.com\/#\/schema\/logo\/image\/","url":"https:\/\/gr1993records.com\/wp-content\/uploads\/2019\/08\/GR1993_Records_logo_CC.png","contentUrl":"https:\/\/gr1993records.com\/wp-content\/uploads\/2019\/08\/GR1993_Records_logo_CC.png","width":2900,"height":2001,"caption":"Gramy-H Ltd."},"image":{"@id":"https:\/\/gr1993records.com\/#\/schema\/logo\/image\/"},"sameAs":["https:\/\/www.facebook.com\/GR1993Records-113564886691383\/"]}]}},"jetpack_sharing_enabled":true,"_links":{"self":[{"href":"https:\/\/gr1993records.com\/wp-json\/wp\/v2\/pages\/6923","targetHints":{"allow":["GET"]}}],"collection":[{"href":"https:\/\/gr1993records.com\/wp-json\/wp\/v2\/pages"}],"about":[{"href":"https:\/\/gr1993records.com\/wp-json\/wp\/v2\/types\/page"}],"author":[{"embeddable":true,"href":"https:\/\/gr1993records.com\/wp-json\/wp\/v2\/users\/1"}],"replies":[{"embeddable":true,"href":"https:\/\/gr1993records.com\/wp-json\/wp\/v2\/comments?post=6923"}],"version-history":[{"count":6,"href":"https:\/\/gr1993records.com\/wp-json\/wp\/v2\/pages\/6923\/revisions"}],"predecessor-version":[{"id":7870,"href":"https:\/\/gr1993records.com\/wp-json\/wp\/v2\/pages\/6923\/revisions\/7870"}],"up":[{"embeddable":true,"href":"https:\/\/gr1993records.com\/wp-json\/wp\/v2\/pages\/4565"}],"wp:featuredmedia":[{"embeddable":true,"href":"https:\/\/gr1993records.com\/wp-json\/wp\/v2\/media\/6917"}],"wp:attachment":[{"href":"https:\/\/gr1993records.com\/wp-json\/wp\/v2\/media?parent=6923"}],"wp:term":[{"taxonomy":"category","embeddable":true,"href":"https:\/\/gr1993records.com\/wp-json\/wp\/v2\/categories?post=6923"},{"taxonomy":"post_tag","embeddable":true,"href":"https:\/\/gr1993records.com\/wp-json\/wp\/v2\/tags?post=6923"}],"curies":[{"name":"wp","href":"https:\/\/api.w.org\/{rel}","templated":true}]}}