{"id":6551,"date":"2021-10-28T16:09:25","date_gmt":"2021-10-28T14:09:25","guid":{"rendered":"https:\/\/gr1993records.com\/?page_id=6551"},"modified":"2026-04-01T11:55:56","modified_gmt":"2026-04-01T09:55:56","slug":"nagy-janos-trio","status":"publish","type":"page","link":"https:\/\/gr1993records.com\/index.php\/eloadok\/nagy-janos-trio\/","title":{"rendered":"Nagy J\u00e1nos Tri\u00f3"},"content":{"rendered":"<p>[vc_row][vc_column][vc_custom_heading title_font_size=&#8221;fs36&#8243; source=&#8221;post_title&#8221; use_theme_fonts=&#8221;yes&#8221; el_class=&#8221;mb60 mb30-md&#8221;][\/vc_column][\/vc_row][vc_row][vc_column width=&#8221;1\/2&#8243;][vc_column_text]A Nagy J\u00e1nos Tri\u00f3 2019-ben volt 25 \u00e9ves. Az \u00e9vek sor\u00e1n mindig alakult az egy\u00fcttes \u00f6sszet\u00e9tele. A legfontosabb v\u00e1ltoz\u00e1s 2014-ben t\u00f6rt\u00e9nt, amikor a hagyom\u00e1nyos tri\u00f3b\u00f3l (zongora, b\u0151g\u0151, dob) billenty\u0171s hangszerek, heged\u0171, dob \u00f6sszet\u00e9tel\u0171 lett.[\/vc_column_text][vc_column_text]<\/p>\n<blockquote><p>\u201cBasszushangszer n\u00e9lk\u00fcl nagyobb szabads\u00e1gom van mind harm\u00f3ni\u00e1k, mind ritmus, mind pedig a zenekari hangz\u00e1s ter\u00e9n. Sz\u00e1momra nincsenek lez\u00e1rt kompoz\u00edci\u00f3k, \u00e1lland\u00f3 v\u00e1ltoz\u00e1sban vannak a dalok koncert k\u00f6zben, \u00edgy k\u00f6tetlenebb\u00fcl, b\u00e1trabban t\u00f6r\u00f6m meg a magunk \u00e1ltal fel\u00e1ll\u00edtott szab\u00e1lyokat.\u201d<br \/>\n\u2013 Nagy J\u00e1nos<\/p><\/blockquote>\n<p>[\/vc_column_text][\/vc_column][vc_column width=&#8221;1\/2&#8243;][vc_single_image image=&#8221;6552&#8243; img_size=&#8221;large&#8221;][\/vc_column][\/vc_row][vc_row][vc_column][vc_separator][vc_column_text]<strong>A zenekar tagjai:<br \/>\n<\/strong>Nagy J\u00e1nos \u2013 zongora, billenty\u0171s hangszerek<br \/>\nFrankie Lato &#8211; heged\u0171<br \/>\nJoubert Fl\u00f3ra \u2013 dob[\/vc_column_text][vc_separator][vc_column_text]<strong><a href=\"https:\/\/www.janosnagy.com\/nagy-janos-trio\" target=\"_blank\" rel=\"noopener noreferrer\">El\u0151ad\u00f3 hivatalos oldala<\/a><\/strong>[\/vc_column_text][\/vc_column][\/vc_row][vc_row][vc_column][vc_separator][vc_empty_space][vc_custom_heading title_font_size=&#8221;fs36&#8243; text=&#8221;El\u0151ad\u00f3hoz kapcsol\u00f3d\u00f3 kiadv\u00e1nyok&#8221; use_theme_fonts=&#8221;yes&#8221; el_class=&#8221;mb60 mb30-md&#8221;][vc_basic_grid post_type=&#8221;product&#8221; max_items=&#8221;-1&#8243; element_width=&#8221;3&#8243; item=&#8221;5015&#8243; grid_id=&#8221;vc_gid:1775037322109-f9f019c0-a767-0&#8243; taxonomies=&#8221;544&#8243;][\/vc_column][\/vc_row]<\/p>","protected":false},"excerpt":{"rendered":"<p>[vc_row][vc_column][vc_custom_heading title_font_size=&#8221;fs36&#8243; source=&#8221;post_title&#8221; use_theme_fonts=&#8221;yes&#8221; el_class=&#8221;mb60 mb30-md&#8221;][\/vc_column][\/vc_row][vc_row][vc_column width=&#8221;1\/2&#8243;][vc_column_text]A Nagy J\u00e1nos Tri\u00f3 2019-ben volt 25 \u00e9ves. Az \u00e9vek sor\u00e1n mindig alakult az egy\u00fcttes \u00f6sszet\u00e9tele. A legfontosabb v\u00e1ltoz\u00e1s 2014-ben t\u00f6rt\u00e9nt, amikor a hagyom\u00e1nyos tri\u00f3b\u00f3l (zongora, b\u0151g\u0151, dob) billenty\u0171s hangszerek, heged\u0171, dob \u00f6sszet\u00e9tel\u0171 lett.[\/vc_column_text][vc_column_text] \u201cBasszushangszer n\u00e9lk\u00fcl nagyobb szabads\u00e1gom van mind harm\u00f3ni\u00e1k, mind ritmus, mind pedig a zenekari hangz\u00e1s ter\u00e9n. [&hellip;]<\/p>\n","protected":false},"author":2,"featured_media":6552,"parent":4565,"menu_order":2,"comment_status":"closed","ping_status":"closed","template":"","meta":{"footnotes":""},"categories":[128],"tags":[],"class_list":["post-6551","page","type-page","status-publish","has-post-thumbnail","hentry","category-artists"],"yoast_head":"<!-- This site is optimized with the Yoast SEO plugin v27.3 - https:\/\/yoast.com\/product\/yoast-seo-wordpress\/ -->\n<title>Nagy J\u00e1nos Tri\u00f3 &#8211; GR1993 Records<\/title>\n<meta name=\"robots\" content=\"index, follow, max-snippet:-1, max-image-preview:large, max-video-preview:-1\" \/>\n<link rel=\"canonical\" href=\"https:\/\/gr1993records.com\/index.php\/eloadok\/nagy-janos-trio\/\" \/>\n<meta property=\"og:locale\" content=\"hu_HU\" \/>\n<meta property=\"og:type\" content=\"article\" \/>\n<meta property=\"og:title\" content=\"Nagy J\u00e1nos Tri\u00f3 &#8211; GR1993 Records\" \/>\n<meta property=\"og:description\" content=\"[vc_row][vc_column][vc_custom_heading title_font_size=&#8221;fs36&#8243; source=&#8221;post_title&#8221; use_theme_fonts=&#8221;yes&#8221; el_class=&#8221;mb60 mb30-md&#8221;][\/vc_column][\/vc_row][vc_row][vc_column width=&#8221;1\/2&#8243;][vc_column_text]A Nagy J\u00e1nos Tri\u00f3 2019-ben volt 25 \u00e9ves. Az \u00e9vek sor\u00e1n mindig alakult az egy\u00fcttes \u00f6sszet\u00e9tele. A legfontosabb v\u00e1ltoz\u00e1s 2014-ben t\u00f6rt\u00e9nt, amikor a hagyom\u00e1nyos tri\u00f3b\u00f3l (zongora, b\u0151g\u0151, dob) billenty\u0171s hangszerek, heged\u0171, dob \u00f6sszet\u00e9tel\u0171 lett.[\/vc_column_text][vc_column_text] \u201cBasszushangszer n\u00e9lk\u00fcl nagyobb szabads\u00e1gom van mind harm\u00f3ni\u00e1k, mind ritmus, mind pedig a zenekari hangz\u00e1s ter\u00e9n. [&hellip;]\" \/>\n<meta property=\"og:url\" content=\"https:\/\/gr1993records.com\/index.php\/eloadok\/nagy-janos-trio\/\" \/>\n<meta property=\"og:site_name\" content=\"GR1993 Records\" \/>\n<meta property=\"article:publisher\" content=\"https:\/\/www.facebook.com\/GR1993Records-113564886691383\/\" \/>\n<meta property=\"article:modified_time\" content=\"2026-04-01T09:55:56+00:00\" \/>\n<meta property=\"og:image\" content=\"https:\/\/gr1993records.com\/wp-content\/uploads\/2021\/10\/JNT_eloado_kep_s.jpg\" \/>\n\t<meta property=\"og:image:width\" content=\"1500\" \/>\n\t<meta property=\"og:image:height\" content=\"1500\" \/>\n\t<meta property=\"og:image:type\" content=\"image\/jpeg\" \/>\n<meta name=\"twitter:card\" content=\"summary_large_image\" \/>\n<meta name=\"twitter:image\" content=\"https:\/\/gr1993records.com\/wp-content\/uploads\/2021\/10\/JNT_eloado_kep_s.jpg\" \/>\n<meta name=\"twitter:label1\" content=\"Becs\u00fclt olvas\u00e1si id\u0151\" \/>\n\t<meta name=\"twitter:data1\" content=\"1 perc\" \/>\n<script type=\"application\/ld+json\" class=\"yoast-schema-graph\">{\"@context\":\"https:\\\/\\\/schema.org\",\"@graph\":[{\"@type\":\"WebPage\",\"@id\":\"https:\\\/\\\/gr1993records.com\\\/index.php\\\/eloadok\\\/nagy-janos-trio\\\/\",\"url\":\"https:\\\/\\\/gr1993records.com\\\/index.php\\\/eloadok\\\/nagy-janos-trio\\\/\",\"name\":\"Nagy J\u00e1nos Tri\u00f3 &#8211; GR1993 Records\",\"isPartOf\":{\"@id\":\"https:\\\/\\\/gr1993records.com\\\/#website\"},\"primaryImageOfPage\":{\"@id\":\"https:\\\/\\\/gr1993records.com\\\/index.php\\\/eloadok\\\/nagy-janos-trio\\\/#primaryimage\"},\"image\":{\"@id\":\"https:\\\/\\\/gr1993records.com\\\/index.php\\\/eloadok\\\/nagy-janos-trio\\\/#primaryimage\"},\"thumbnailUrl\":\"https:\\\/\\\/gr1993records.com\\\/wp-content\\\/uploads\\\/2021\\\/10\\\/JNT_eloado_kep_s.jpg\",\"datePublished\":\"2021-10-28T14:09:25+00:00\",\"dateModified\":\"2026-04-01T09:55:56+00:00\",\"breadcrumb\":{\"@id\":\"https:\\\/\\\/gr1993records.com\\\/index.php\\\/eloadok\\\/nagy-janos-trio\\\/#breadcrumb\"},\"inLanguage\":\"hu\",\"potentialAction\":[{\"@type\":\"ReadAction\",\"target\":[\"https:\\\/\\\/gr1993records.com\\\/index.php\\\/eloadok\\\/nagy-janos-trio\\\/\"]}]},{\"@type\":\"ImageObject\",\"inLanguage\":\"hu\",\"@id\":\"https:\\\/\\\/gr1993records.com\\\/index.php\\\/eloadok\\\/nagy-janos-trio\\\/#primaryimage\",\"url\":\"https:\\\/\\\/gr1993records.com\\\/wp-content\\\/uploads\\\/2021\\\/10\\\/JNT_eloado_kep_s.jpg\",\"contentUrl\":\"https:\\\/\\\/gr1993records.com\\\/wp-content\\\/uploads\\\/2021\\\/10\\\/JNT_eloado_kep_s.jpg\",\"width\":1500,\"height\":1500,\"caption\":\"Nagy J\u00e1nos Tri\u00f3\"},{\"@type\":\"BreadcrumbList\",\"@id\":\"https:\\\/\\\/gr1993records.com\\\/index.php\\\/eloadok\\\/nagy-janos-trio\\\/#breadcrumb\",\"itemListElement\":[{\"@type\":\"ListItem\",\"position\":1,\"name\":\"Home\",\"item\":\"https:\\\/\\\/gr1993records.com\\\/\"},{\"@type\":\"ListItem\",\"position\":2,\"name\":\"El\u0151ad\u00f3k\",\"item\":\"https:\\\/\\\/gr1993records.com\\\/index.php\\\/eloadok\\\/?lang=en\"},{\"@type\":\"ListItem\",\"position\":3,\"name\":\"Nagy J\u00e1nos Tri\u00f3\"}]},{\"@type\":\"WebSite\",\"@id\":\"https:\\\/\\\/gr1993records.com\\\/#website\",\"url\":\"https:\\\/\\\/gr1993records.com\\\/\",\"name\":\"GR1993 Records\",\"description\":\"\",\"publisher\":{\"@id\":\"https:\\\/\\\/gr1993records.com\\\/#organization\"},\"potentialAction\":[{\"@type\":\"SearchAction\",\"target\":{\"@type\":\"EntryPoint\",\"urlTemplate\":\"https:\\\/\\\/gr1993records.com\\\/?s={search_term_string}\"},\"query-input\":{\"@type\":\"PropertyValueSpecification\",\"valueRequired\":true,\"valueName\":\"search_term_string\"}}],\"inLanguage\":\"hu\"},{\"@type\":\"Organization\",\"@id\":\"https:\\\/\\\/gr1993records.com\\\/#organization\",\"name\":\"Gramy-H Ltd.\",\"url\":\"https:\\\/\\\/gr1993records.com\\\/\",\"logo\":{\"@type\":\"ImageObject\",\"inLanguage\":\"hu\",\"@id\":\"https:\\\/\\\/gr1993records.com\\\/#\\\/schema\\\/logo\\\/image\\\/\",\"url\":\"https:\\\/\\\/gr1993records.com\\\/wp-content\\\/uploads\\\/2019\\\/08\\\/GR1993_Records_logo_CC.png\",\"contentUrl\":\"https:\\\/\\\/gr1993records.com\\\/wp-content\\\/uploads\\\/2019\\\/08\\\/GR1993_Records_logo_CC.png\",\"width\":2900,\"height\":2001,\"caption\":\"Gramy-H Ltd.\"},\"image\":{\"@id\":\"https:\\\/\\\/gr1993records.com\\\/#\\\/schema\\\/logo\\\/image\\\/\"},\"sameAs\":[\"https:\\\/\\\/www.facebook.com\\\/GR1993Records-113564886691383\\\/\"]}]}<\/script>\n<!-- \/ Yoast SEO plugin. -->","yoast_head_json":{"title":"Nagy J\u00e1nos Tri\u00f3 &#8211; GR1993 Records","robots":{"index":"index","follow":"follow","max-snippet":"max-snippet:-1","max-image-preview":"max-image-preview:large","max-video-preview":"max-video-preview:-1"},"canonical":"https:\/\/gr1993records.com\/index.php\/eloadok\/nagy-janos-trio\/","og_locale":"hu_HU","og_type":"article","og_title":"Nagy J\u00e1nos Tri\u00f3 &#8211; GR1993 Records","og_description":"[vc_row][vc_column][vc_custom_heading title_font_size=&#8221;fs36&#8243; source=&#8221;post_title&#8221; use_theme_fonts=&#8221;yes&#8221; el_class=&#8221;mb60 mb30-md&#8221;][\/vc_column][\/vc_row][vc_row][vc_column width=&#8221;1\/2&#8243;][vc_column_text]A Nagy J\u00e1nos Tri\u00f3 2019-ben volt 25 \u00e9ves. Az \u00e9vek sor\u00e1n mindig alakult az egy\u00fcttes \u00f6sszet\u00e9tele. A legfontosabb v\u00e1ltoz\u00e1s 2014-ben t\u00f6rt\u00e9nt, amikor a hagyom\u00e1nyos tri\u00f3b\u00f3l (zongora, b\u0151g\u0151, dob) billenty\u0171s hangszerek, heged\u0171, dob \u00f6sszet\u00e9tel\u0171 lett.[\/vc_column_text][vc_column_text] \u201cBasszushangszer n\u00e9lk\u00fcl nagyobb szabads\u00e1gom van mind harm\u00f3ni\u00e1k, mind ritmus, mind pedig a zenekari hangz\u00e1s ter\u00e9n. [&hellip;]","og_url":"https:\/\/gr1993records.com\/index.php\/eloadok\/nagy-janos-trio\/","og_site_name":"GR1993 Records","article_publisher":"https:\/\/www.facebook.com\/GR1993Records-113564886691383\/","article_modified_time":"2026-04-01T09:55:56+00:00","og_image":[{"width":1500,"height":1500,"url":"https:\/\/gr1993records.com\/wp-content\/uploads\/2021\/10\/JNT_eloado_kep_s.jpg","type":"image\/jpeg"}],"twitter_card":"summary_large_image","twitter_image":"https:\/\/gr1993records.com\/wp-content\/uploads\/2021\/10\/JNT_eloado_kep_s.jpg","twitter_misc":{"Becs\u00fclt olvas\u00e1si id\u0151":"1 perc"},"schema":{"@context":"https:\/\/schema.org","@graph":[{"@type":"WebPage","@id":"https:\/\/gr1993records.com\/index.php\/eloadok\/nagy-janos-trio\/","url":"https:\/\/gr1993records.com\/index.php\/eloadok\/nagy-janos-trio\/","name":"Nagy J\u00e1nos Tri\u00f3 &#8211; GR1993 Records","isPartOf":{"@id":"https:\/\/gr1993records.com\/#website"},"primaryImageOfPage":{"@id":"https:\/\/gr1993records.com\/index.php\/eloadok\/nagy-janos-trio\/#primaryimage"},"image":{"@id":"https:\/\/gr1993records.com\/index.php\/eloadok\/nagy-janos-trio\/#primaryimage"},"thumbnailUrl":"https:\/\/gr1993records.com\/wp-content\/uploads\/2021\/10\/JNT_eloado_kep_s.jpg","datePublished":"2021-10-28T14:09:25+00:00","dateModified":"2026-04-01T09:55:56+00:00","breadcrumb":{"@id":"https:\/\/gr1993records.com\/index.php\/eloadok\/nagy-janos-trio\/#breadcrumb"},"inLanguage":"hu","potentialAction":[{"@type":"ReadAction","target":["https:\/\/gr1993records.com\/index.php\/eloadok\/nagy-janos-trio\/"]}]},{"@type":"ImageObject","inLanguage":"hu","@id":"https:\/\/gr1993records.com\/index.php\/eloadok\/nagy-janos-trio\/#primaryimage","url":"https:\/\/gr1993records.com\/wp-content\/uploads\/2021\/10\/JNT_eloado_kep_s.jpg","contentUrl":"https:\/\/gr1993records.com\/wp-content\/uploads\/2021\/10\/JNT_eloado_kep_s.jpg","width":1500,"height":1500,"caption":"Nagy J\u00e1nos Tri\u00f3"},{"@type":"BreadcrumbList","@id":"https:\/\/gr1993records.com\/index.php\/eloadok\/nagy-janos-trio\/#breadcrumb","itemListElement":[{"@type":"ListItem","position":1,"name":"Home","item":"https:\/\/gr1993records.com\/"},{"@type":"ListItem","position":2,"name":"El\u0151ad\u00f3k","item":"https:\/\/gr1993records.com\/index.php\/eloadok\/?lang=en"},{"@type":"ListItem","position":3,"name":"Nagy J\u00e1nos Tri\u00f3"}]},{"@type":"WebSite","@id":"https:\/\/gr1993records.com\/#website","url":"https:\/\/gr1993records.com\/","name":"GR1993 Records","description":"","publisher":{"@id":"https:\/\/gr1993records.com\/#organization"},"potentialAction":[{"@type":"SearchAction","target":{"@type":"EntryPoint","urlTemplate":"https:\/\/gr1993records.com\/?s={search_term_string}"},"query-input":{"@type":"PropertyValueSpecification","valueRequired":true,"valueName":"search_term_string"}}],"inLanguage":"hu"},{"@type":"Organization","@id":"https:\/\/gr1993records.com\/#organization","name":"Gramy-H Ltd.","url":"https:\/\/gr1993records.com\/","logo":{"@type":"ImageObject","inLanguage":"hu","@id":"https:\/\/gr1993records.com\/#\/schema\/logo\/image\/","url":"https:\/\/gr1993records.com\/wp-content\/uploads\/2019\/08\/GR1993_Records_logo_CC.png","contentUrl":"https:\/\/gr1993records.com\/wp-content\/uploads\/2019\/08\/GR1993_Records_logo_CC.png","width":2900,"height":2001,"caption":"Gramy-H Ltd."},"image":{"@id":"https:\/\/gr1993records.com\/#\/schema\/logo\/image\/"},"sameAs":["https:\/\/www.facebook.com\/GR1993Records-113564886691383\/"]}]}},"jetpack_sharing_enabled":true,"_links":{"self":[{"href":"https:\/\/gr1993records.com\/index.php\/wp-json\/wp\/v2\/pages\/6551","targetHints":{"allow":["GET"]}}],"collection":[{"href":"https:\/\/gr1993records.com\/index.php\/wp-json\/wp\/v2\/pages"}],"about":[{"href":"https:\/\/gr1993records.com\/index.php\/wp-json\/wp\/v2\/types\/page"}],"author":[{"embeddable":true,"href":"https:\/\/gr1993records.com\/index.php\/wp-json\/wp\/v2\/users\/2"}],"replies":[{"embeddable":true,"href":"https:\/\/gr1993records.com\/index.php\/wp-json\/wp\/v2\/comments?post=6551"}],"version-history":[{"count":15,"href":"https:\/\/gr1993records.com\/index.php\/wp-json\/wp\/v2\/pages\/6551\/revisions"}],"predecessor-version":[{"id":7867,"href":"https:\/\/gr1993records.com\/index.php\/wp-json\/wp\/v2\/pages\/6551\/revisions\/7867"}],"up":[{"embeddable":true,"href":"https:\/\/gr1993records.com\/index.php\/wp-json\/wp\/v2\/pages\/4565"}],"wp:featuredmedia":[{"embeddable":true,"href":"https:\/\/gr1993records.com\/index.php\/wp-json\/wp\/v2\/media\/6552"}],"wp:attachment":[{"href":"https:\/\/gr1993records.com\/index.php\/wp-json\/wp\/v2\/media?parent=6551"}],"wp:term":[{"taxonomy":"category","embeddable":true,"href":"https:\/\/gr1993records.com\/index.php\/wp-json\/wp\/v2\/categories?post=6551"},{"taxonomy":"post_tag","embeddable":true,"href":"https:\/\/gr1993records.com\/index.php\/wp-json\/wp\/v2\/tags?post=6551"}],"curies":[{"name":"wp","href":"https:\/\/api.w.org\/{rel}","templated":true}]}}