{"id":5104,"date":"2019-09-06T11:16:41","date_gmt":"2019-09-06T11:16:41","guid":{"rendered":"http:\/\/gr1993records.com\/?page_id=5104"},"modified":"2019-09-06T11:19:40","modified_gmt":"2019-09-06T11:19:40","slug":"aszf","status":"publish","type":"page","link":"https:\/\/gr1993records.com\/index.php\/aszf\/","title":{"rendered":"\u00c1ltal\u00e1nos Szerz\u0151d\u00e9si Felt\u00e9telek"},"content":{"rendered":"<p>[vc_row][vc_column][vc_column_text]<strong>Rendel\u00e9s<\/strong><br \/>\nA rendel\u00e9seket minden nap 0.00-t\u00f3l 24.00-ig fogadjuk. El\u0151zetes regisztr\u00e1ci\u00f3 nem sz\u00fcks\u00e9ges.<\/p>\n<p><strong>A rendel\u00e9s menete:<\/strong><br \/>\n1. Keresse meg azt a term\u00e9ket, amelyet meg szeretne rendelni.<br \/>\n2. A kiv\u00e1lasztott term\u00e9ket tegye a kos\u00e1rba. Amennyiben t\u00f6bb term\u00e9ket szeretne rendelni, folytassa a keres\u00e9st, \u00e9s a k\u00f6vetkez\u0151 term\u00e9ket is ilyen m\u00f3don tegye a kos\u00e1rba.<br \/>\n3. Ha minden megvan, t\u00f6ltse ki a sz\u00e1ll\u00edt\u00e1si \u00e9s sz\u00e1ml\u00e1z\u00e1si adatokat.<br \/>\n4. V\u00e9gleges\u00edtse a megrendel\u00e9s\u00e9t.<br \/>\n5. A megrendelt term\u00e9keket 3-10 munkanap alatt h\u00e1zhoz sz\u00e1ll\u00edtjuk. H\u00e1zhozsz\u00e1ll\u00edt\u00e1s a Magyar Post\u00e1val t\u00f6rt\u00e9nik.<\/p>\n<p><strong>Szem\u00e9lyes \u00e1tv\u00e9tel<\/strong><br \/>\nLehet\u0151s\u00e9g van szem\u00e9lyes \u00e1tv\u00e9telre telefonon egyeztetett id\u0151pontban \u00e9s helyen.<\/p>\n<p><strong>Postak\u00f6lts\u00e9g<\/strong><br \/>\nA postai sz\u00e1ll\u00edt\u00e1s d\u00edja a megrendelt term\u00e9k(ek) s\u00faly\u00e1t\u00f3l \u00e9s a m\u00e9ret\u00e9t\u0151l, valamint a v\u00e1lasztott fizet\u00e9si m\u00f3dt\u00f3l f\u00fcgg. A sz\u00e1ll\u00edt\u00e1si d\u00edjat a rendszer a mindenkor \u00e9rv\u00e9nyes postai d\u00edjszab\u00e1s alapj\u00e1n automatikusan kalkul\u00e1lja.<\/p>\n<p><strong>Fizet\u00e9s<\/strong><\/p>\n<p>\u00d6n k\u00e9tf\u00e9le fizet\u00e9si m\u00f3d k\u00f6z\u00fcl v\u00e1laszthat.<\/p>\n<p>Fizet\u00e9s ut\u00e1nv\u00e9tellel<br \/>\nEbben az esetben a d\u00edjat \u00e1tv\u00e9telkor k\u00e9szp\u00e9nzzel kell kifizetnie.<\/p>\n<p>Fizet\u00e9s PayPal-lal.<\/p>\n<p><strong>\u00dcgyf\u00e9lszolg\u00e1lat<\/strong><br \/>\nHa k\u00e9rd\u00e9se van az oldalon tal\u00e1lhat\u00f3 term\u00e9kekkel kapcsolatban vagy a v\u00e1s\u00e1rl\u00e1ssal kapcsolatban, akkor h\u00edvjon minket:<br \/>\nH\u00e9tf\u0151-p\u00e9ntek: 9.00-17.00<br \/>\nTelelefsz\u00e1m: 06 1\u00a0217 1121<\/p>\n<p><strong>\u00dczemeltet\u0151<\/strong>:<br \/>\nGramy-H Kft.<br \/>\nSz\u00e9khely: 1092 Budapest, R\u00e1day u. 40.<br \/>\nAd\u00f3sz\u00e1m: 12026582-2-43<\/p>\n<p>A csomag \u00e1tv\u00e9tele ut\u00e1n k\u00e9rj\u00fck, ellen\u0151rizze le a tartalm\u00e1t. K\u00e9rj\u00fck, min\u00e9l hamarabb jelezze \u00fcgyf\u00e9lszolg\u00e1latunkon, amennyiben valami hi\u00e1nyzik a csomagb\u00f3l, vagy hib\u00e1s!<\/p>\n<p><strong>El\u00e1ll\u00e1s joga<\/strong><br \/>\nMegrendel\u00e9se sor\u00e1n \u00d6n \u00e9lhet a 17\/1999. Korm\u00e1nyrendeletben r\u00e9szletesen r\u00f6gz\u00edtett felt\u00e9tel n\u00e9lk\u00fcli el\u00e1ll\u00e1si jog\u00e1val. \u00d6n a szerz\u0151d\u00e9st\u0151l az \u00e1ru \u00e1tv\u00e9tel\u00e9t k\u00f6vet\u0151 8 munkanapon bel\u00fcl indokl\u00e1s n\u00e9lk\u00fcl el\u00e1llhat.<br \/>\nEbben az esetben az Elad\u00f3 k\u00f6teles a Vev\u0151 \u00e1ltal kifizetett \u00f6sszeget halad\u00e9ktalanul, de legk\u00e9s\u0151bb az el\u00e1ll\u00e1st \u00e9s az \u00e1ru visszaszolg\u00e1ltat\u00e1s\u00e1t k\u00f6vet\u0151 harminc napon bel\u00fcl visszat\u00e9r\u00edteni.<br \/>\nA Vev\u0151 viseli az el\u00e1ll\u00e1si jog gyakorl\u00e1sa miatt az \u00e1ru visszaszolg\u00e1ltat\u00e1s\u00e1val kapcsolatban felmer\u00fclt k\u00f6lts\u00e9geket, valamint az eredeti kisz\u00e1ll\u00edt\u00e1si k\u00f6lts\u00e9get is.<br \/>\nAz Elad\u00f3 k\u00f6vetelheti az \u00e1ru nem rendeltet\u00e9sszer\u0171 haszn\u00e1lat\u00e1b\u00f3l ered\u0151 k\u00e1r\u00e1nak megt\u00e9r\u00edt\u00e9s\u00e9t.<br \/>\nFelh\u00edvjuk figyelm\u00e9t, hogy csak a s\u00e9rtetlen, eredeti \u00e1llapotban l\u00e9v\u0151 term\u00e9ket tudjuk visszav\u00e1s\u00e1rolni.<br \/>\nA term\u00e9k nem lehet kopott karcos, az ilyen \u00e1llapot\u00fa term\u00e9keket sajnos nem tudjuk visszavenni.<br \/>\nJelen dokumentumban nem szab\u00e1lyozott k\u00e9rd\u00e9sekkel kapcsolatban l\u00e1sd: a t\u00e1vollev\u0151k k\u00f6z\u00f6tt k\u00f6t\u00f6tt szerz\u0151d\u00e9sekr\u0151l sz\u00f3l\u00f3 17\/1999. (II.5.) Korm\u00e1nyrendeletet.<\/p>\n<p><strong>T\u00e1vszerz\u0151d\u00e9s<\/strong><br \/>\nA szerz\u0151d\u00e9s t\u00e1rgya a GR1993 Records webshop internetes \u00e1ruh\u00e1zakban tal\u00e1lhat\u00f3 valamennyi term\u00e9k. A term\u00e9kek tulajdons\u00e1gait, jellemz\u0151it a term\u00e9khez tartoz\u00f3 konkr\u00e9t oldalon tal\u00e1lja meg.<br \/>\nA megrendel\u00e9s elk\u00fcld\u00e9s\u00e9vel \u00e9s annak e-mail \u00e1ltal t\u00f6rt\u00e9n\u0151 visszaigazol\u00e1s\u00e1val, a 17\/1999.(II.5.) Korm\u00e1nyrendelet alapj\u00e1n t\u00e1vollev\u0151k k\u00f6z\u00f6tti szerz\u0151d\u00e9s j\u00f6n l\u00e9tre az Elad\u00f3 valamint a Megrendel\u0151, mint Vev\u0151 k\u00f6z\u00f6tt az al\u00e1bbi felt\u00e9telek szerint:<br \/>\nAz Elad\u00f3 k\u00f6teles ut\u00e1nv\u00e9ttel vagy fut\u00e1rszolg\u00e1lat \u00fatj\u00e1n a Vev\u0151 \u00e1ltal a Megrendel\u0151lapon kiv\u00e1lasztott term\u00e9keket az azon megjel\u00f6lt sz\u00e1ll\u00edt\u00e1si c\u00edmre eljuttatni. Amennyiben a megrendel\u00e9s teljes\u00edt\u00e9se b\u00e1rmilyen okb\u00f3l akad\u00e1lyba \u00fctk\u00f6zik, \u00fagy az Elad\u00f3 k\u00f6teles halad\u00e9ktalanul e-mail vagy telefon \u00fatj\u00e1n felvenni a kapcsolatot Vev\u0151vel a tov\u00e1bbiak egyeztet\u00e9se \u00e9rdek\u00e9ben.<br \/>\nVev\u0151 k\u00f6teles az \u00e1ltala feladott Megrendel\u0151lapon megjel\u00f6lt \u00e9s az Elad\u00f3 \u00e1ltal a megadott c\u00edmre kisz\u00e1ll\u00edttatott term\u00e9keket \u00e1tvenni, az Elad\u00f3 \u00e1ltal k\u00fcld\u00f6tt visszaigazol\u00e1son felt\u00fcntetett v\u00e9tel\u00e1rat \u00e9s a sz\u00e1ll\u00edt\u00e1s d\u00edj\u00e1t k\u00e9szp\u00e9nzben a k\u00e9zbes\u00edt\u0151 r\u00e9sz\u00e9re kifizetni.<br \/>\nA Vev\u0151nek jog\u00e1ban \u00e1ll, a megrendel\u00e9st k\u00f6vet\u0151en, de m\u00e9g a kisz\u00e1ll\u00edt\u00e1s el\u0151tt a v\u00e1s\u00e1rl\u00e1st\u00f3l el\u00e1llni. Ez esetben az el\u00e1ll\u00e1s ok\u00e1n a Vev\u0151nek fizet\u00e9si k\u00f6telezetts\u00e9ge nincs. A lemond\u00e1st telefonon jelezheti az \u00fcgyf\u00e9lszolg\u00e1latunkon. Az esetleges jogvit\u00e1k elb\u00edr\u00e1l\u00e1s\u00e1ra Felek a F\u0151v\u00e1rosi B\u00edr\u00f3s\u00e1g illet\u00e9kess\u00e9g\u00e9t k\u00f6tik ki. Az itt nem szab\u00e1lyozott k\u00e9rd\u00e9sekre a Polg\u00e1ri T\u00f6rv\u00e9nyk\u00f6nyv, valamint a t\u00e1vollev\u0151k k\u00f6z\u00f6tt k\u00f6t\u00f6tt szerz\u0151d\u00e9sekr\u0151l sz\u00f3l\u00f3 17\/1999.(II.5.) sz\u00e1m\u00fa Korm\u00e1nyrendelet szab\u00e1lyai az ir\u00e1nyad\u00f3ak. A honlap haszn\u00e1lat\u00e1nak seg\u00edts\u00e9g\u00e9vel l\u00e9trej\u00f6v\u0151 szerz\u0151d\u00e9sek nyelve a magyar, az ily m\u00f3don k\u00f6t\u00f6tt szerz\u0151d\u00e9sek nem min\u0151s\u00fclnek \u00edr\u00e1sba foglalt szerz\u0151d\u00e9snek. Fenntartjuk a jogot a m\u00e1r visszaigazolt megrendel\u00e9sek visszautas\u00edt\u00e1s\u00e1ra r\u00e9szben, vagy teljes eg\u00e9szben. R\u00e9szben t\u00f6rt\u00e9n\u0151 teljes\u00edt\u00e9s kiz\u00e1r\u00f3lag a Megrendel\u0151vel t\u00f6rt\u00e9n\u0151 egyeztet\u00e9st k\u00f6vet\u0151en ker\u00fclhet sor!<\/p>\n<p><strong>Adatkezel\u00e9si nyilatkozat<br \/>\n<\/strong>A Gramy-H Kft. a GR1993 Records webshop \u00fczemeltet\u0151je tiszteletben tartja \u00e9s biztons\u00e1ggal \u0151rzi az \u00d6n szem\u00e9lyes adatait. \u00d6n, mint felhaszn\u00e1l\u00f3 tudom\u00e1sul veszi, hogy az adatszolg\u00e1ltat\u00e1s \u00f6nk\u00e9ntes, hozz\u00e1j\u00e1rul\u00e1s\u00e1t \u00f6nk\u00e9nt \u00e9s hat\u00e1rozatlan id\u0151re adta azzal, hogy \u00edr\u00e1sban b\u00e1rmikor visszavonhatja.[\/vc_column_text][\/vc_column][\/vc_row]<\/p>\n","protected":false},"excerpt":{"rendered":"<p>[vc_row][vc_column][vc_column_text]Rendel\u00e9s A rendel\u00e9seket minden nap 0.00-t\u00f3l 24.00-ig fogadjuk. El\u0151zetes regisztr\u00e1ci\u00f3 nem sz\u00fcks\u00e9ges. A rendel\u00e9s menete: 1. Keresse meg azt a term\u00e9ket, amelyet meg szeretne rendelni. 2. A kiv\u00e1lasztott term\u00e9ket tegye a kos\u00e1rba. Amennyiben t\u00f6bb term\u00e9ket szeretne rendelni, folytassa a keres\u00e9st, \u00e9s a k\u00f6vetkez\u0151 term\u00e9ket is ilyen m\u00f3don tegye a kos\u00e1rba. 3. Ha minden megvan, t\u00f6ltse [&hellip;]<\/p>\n","protected":false},"author":2,"featured_media":0,"parent":0,"menu_order":0,"comment_status":"closed","ping_status":"closed","template":"","meta":{"footnotes":""},"categories":[],"tags":[],"class_list":["post-5104","page","type-page","status-publish","hentry"],"yoast_head":"<!-- This site is optimized with the Yoast SEO plugin v27.3 - https:\/\/yoast.com\/product\/yoast-seo-wordpress\/ -->\n<title>\u00c1ltal\u00e1nos Szerz\u0151d\u00e9si Felt\u00e9telek &#8211; GR1993 Records<\/title>\n<meta name=\"robots\" content=\"index, follow, max-snippet:-1, max-image-preview:large, max-video-preview:-1\" \/>\n<link rel=\"canonical\" href=\"https:\/\/gr1993records.com\/index.php\/aszf\/?lang=en\" \/>\n<meta property=\"og:locale\" content=\"hu_HU\" \/>\n<meta property=\"og:type\" content=\"article\" \/>\n<meta property=\"og:title\" content=\"\u00c1ltal\u00e1nos Szerz\u0151d\u00e9si Felt\u00e9telek &#8211; GR1993 Records\" \/>\n<meta property=\"og:description\" content=\"[vc_row][vc_column][vc_column_text]Rendel\u00e9s A rendel\u00e9seket minden nap 0.00-t\u00f3l 24.00-ig fogadjuk. El\u0151zetes regisztr\u00e1ci\u00f3 nem sz\u00fcks\u00e9ges. A rendel\u00e9s menete: 1. Keresse meg azt a term\u00e9ket, amelyet meg szeretne rendelni. 2. A kiv\u00e1lasztott term\u00e9ket tegye a kos\u00e1rba. Amennyiben t\u00f6bb term\u00e9ket szeretne rendelni, folytassa a keres\u00e9st, \u00e9s a k\u00f6vetkez\u0151 term\u00e9ket is ilyen m\u00f3don tegye a kos\u00e1rba. 3. Ha minden megvan, t\u00f6ltse [&hellip;]\" \/>\n<meta property=\"og:url\" content=\"https:\/\/gr1993records.com\/index.php\/aszf\/?lang=en\" \/>\n<meta property=\"og:site_name\" content=\"GR1993 Records\" \/>\n<meta property=\"article:publisher\" content=\"https:\/\/www.facebook.com\/GR1993Records-113564886691383\/\" \/>\n<meta property=\"article:modified_time\" content=\"2019-09-06T11:19:40+00:00\" \/>\n<meta name=\"twitter:card\" content=\"summary_large_image\" \/>\n<meta name=\"twitter:label1\" content=\"Becs\u00fclt olvas\u00e1si id\u0151\" \/>\n\t<meta name=\"twitter:data1\" content=\"5 perc\" \/>\n<script type=\"application\/ld+json\" class=\"yoast-schema-graph\">{\"@context\":\"https:\\\/\\\/schema.org\",\"@graph\":[{\"@type\":\"WebPage\",\"@id\":\"https:\\\/\\\/gr1993records.com\\\/index.php\\\/aszf\\\/?lang=en\",\"url\":\"https:\\\/\\\/gr1993records.com\\\/index.php\\\/aszf\\\/?lang=en\",\"name\":\"\u00c1ltal\u00e1nos Szerz\u0151d\u00e9si Felt\u00e9telek &#8211; GR1993 Records\",\"isPartOf\":{\"@id\":\"https:\\\/\\\/gr1993records.com\\\/#website\"},\"datePublished\":\"2019-09-06T11:16:41+00:00\",\"dateModified\":\"2019-09-06T11:19:40+00:00\",\"breadcrumb\":{\"@id\":\"https:\\\/\\\/gr1993records.com\\\/index.php\\\/aszf\\\/?lang=en#breadcrumb\"},\"inLanguage\":\"hu\",\"potentialAction\":[{\"@type\":\"ReadAction\",\"target\":[\"https:\\\/\\\/gr1993records.com\\\/index.php\\\/aszf\\\/?lang=en\"]}]},{\"@type\":\"BreadcrumbList\",\"@id\":\"https:\\\/\\\/gr1993records.com\\\/index.php\\\/aszf\\\/?lang=en#breadcrumb\",\"itemListElement\":[{\"@type\":\"ListItem\",\"position\":1,\"name\":\"Home\",\"item\":\"https:\\\/\\\/gr1993records.com\\\/\"},{\"@type\":\"ListItem\",\"position\":2,\"name\":\"Terms &#038; Conditions\"}]},{\"@type\":\"WebSite\",\"@id\":\"https:\\\/\\\/gr1993records.com\\\/#website\",\"url\":\"https:\\\/\\\/gr1993records.com\\\/\",\"name\":\"GR1993 Records\",\"description\":\"\",\"publisher\":{\"@id\":\"https:\\\/\\\/gr1993records.com\\\/#organization\"},\"potentialAction\":[{\"@type\":\"SearchAction\",\"target\":{\"@type\":\"EntryPoint\",\"urlTemplate\":\"https:\\\/\\\/gr1993records.com\\\/?s={search_term_string}\"},\"query-input\":{\"@type\":\"PropertyValueSpecification\",\"valueRequired\":true,\"valueName\":\"search_term_string\"}}],\"inLanguage\":\"hu\"},{\"@type\":\"Organization\",\"@id\":\"https:\\\/\\\/gr1993records.com\\\/#organization\",\"name\":\"Gramy-H Ltd.\",\"url\":\"https:\\\/\\\/gr1993records.com\\\/\",\"logo\":{\"@type\":\"ImageObject\",\"inLanguage\":\"hu\",\"@id\":\"https:\\\/\\\/gr1993records.com\\\/#\\\/schema\\\/logo\\\/image\\\/\",\"url\":\"https:\\\/\\\/gr1993records.com\\\/wp-content\\\/uploads\\\/2019\\\/08\\\/GR1993_Records_logo_CC.png\",\"contentUrl\":\"https:\\\/\\\/gr1993records.com\\\/wp-content\\\/uploads\\\/2019\\\/08\\\/GR1993_Records_logo_CC.png\",\"width\":2900,\"height\":2001,\"caption\":\"Gramy-H Ltd.\"},\"image\":{\"@id\":\"https:\\\/\\\/gr1993records.com\\\/#\\\/schema\\\/logo\\\/image\\\/\"},\"sameAs\":[\"https:\\\/\\\/www.facebook.com\\\/GR1993Records-113564886691383\\\/\"]}]}<\/script>\n<!-- \/ Yoast SEO plugin. -->","yoast_head_json":{"title":"\u00c1ltal\u00e1nos Szerz\u0151d\u00e9si Felt\u00e9telek &#8211; GR1993 Records","robots":{"index":"index","follow":"follow","max-snippet":"max-snippet:-1","max-image-preview":"max-image-preview:large","max-video-preview":"max-video-preview:-1"},"canonical":"https:\/\/gr1993records.com\/index.php\/aszf\/?lang=en","og_locale":"hu_HU","og_type":"article","og_title":"\u00c1ltal\u00e1nos Szerz\u0151d\u00e9si Felt\u00e9telek &#8211; GR1993 Records","og_description":"[vc_row][vc_column][vc_column_text]Rendel\u00e9s A rendel\u00e9seket minden nap 0.00-t\u00f3l 24.00-ig fogadjuk. El\u0151zetes regisztr\u00e1ci\u00f3 nem sz\u00fcks\u00e9ges. A rendel\u00e9s menete: 1. Keresse meg azt a term\u00e9ket, amelyet meg szeretne rendelni. 2. A kiv\u00e1lasztott term\u00e9ket tegye a kos\u00e1rba. Amennyiben t\u00f6bb term\u00e9ket szeretne rendelni, folytassa a keres\u00e9st, \u00e9s a k\u00f6vetkez\u0151 term\u00e9ket is ilyen m\u00f3don tegye a kos\u00e1rba. 3. Ha minden megvan, t\u00f6ltse [&hellip;]","og_url":"https:\/\/gr1993records.com\/index.php\/aszf\/?lang=en","og_site_name":"GR1993 Records","article_publisher":"https:\/\/www.facebook.com\/GR1993Records-113564886691383\/","article_modified_time":"2019-09-06T11:19:40+00:00","twitter_card":"summary_large_image","twitter_misc":{"Becs\u00fclt olvas\u00e1si id\u0151":"5 perc"},"schema":{"@context":"https:\/\/schema.org","@graph":[{"@type":"WebPage","@id":"https:\/\/gr1993records.com\/index.php\/aszf\/?lang=en","url":"https:\/\/gr1993records.com\/index.php\/aszf\/?lang=en","name":"\u00c1ltal\u00e1nos Szerz\u0151d\u00e9si Felt\u00e9telek &#8211; GR1993 Records","isPartOf":{"@id":"https:\/\/gr1993records.com\/#website"},"datePublished":"2019-09-06T11:16:41+00:00","dateModified":"2019-09-06T11:19:40+00:00","breadcrumb":{"@id":"https:\/\/gr1993records.com\/index.php\/aszf\/?lang=en#breadcrumb"},"inLanguage":"hu","potentialAction":[{"@type":"ReadAction","target":["https:\/\/gr1993records.com\/index.php\/aszf\/?lang=en"]}]},{"@type":"BreadcrumbList","@id":"https:\/\/gr1993records.com\/index.php\/aszf\/?lang=en#breadcrumb","itemListElement":[{"@type":"ListItem","position":1,"name":"Home","item":"https:\/\/gr1993records.com\/"},{"@type":"ListItem","position":2,"name":"Terms &#038; Conditions"}]},{"@type":"WebSite","@id":"https:\/\/gr1993records.com\/#website","url":"https:\/\/gr1993records.com\/","name":"GR1993 Records","description":"","publisher":{"@id":"https:\/\/gr1993records.com\/#organization"},"potentialAction":[{"@type":"SearchAction","target":{"@type":"EntryPoint","urlTemplate":"https:\/\/gr1993records.com\/?s={search_term_string}"},"query-input":{"@type":"PropertyValueSpecification","valueRequired":true,"valueName":"search_term_string"}}],"inLanguage":"hu"},{"@type":"Organization","@id":"https:\/\/gr1993records.com\/#organization","name":"Gramy-H Ltd.","url":"https:\/\/gr1993records.com\/","logo":{"@type":"ImageObject","inLanguage":"hu","@id":"https:\/\/gr1993records.com\/#\/schema\/logo\/image\/","url":"https:\/\/gr1993records.com\/wp-content\/uploads\/2019\/08\/GR1993_Records_logo_CC.png","contentUrl":"https:\/\/gr1993records.com\/wp-content\/uploads\/2019\/08\/GR1993_Records_logo_CC.png","width":2900,"height":2001,"caption":"Gramy-H Ltd."},"image":{"@id":"https:\/\/gr1993records.com\/#\/schema\/logo\/image\/"},"sameAs":["https:\/\/www.facebook.com\/GR1993Records-113564886691383\/"]}]}},"jetpack_sharing_enabled":true,"_links":{"self":[{"href":"https:\/\/gr1993records.com\/index.php\/wp-json\/wp\/v2\/pages\/5104","targetHints":{"allow":["GET"]}}],"collection":[{"href":"https:\/\/gr1993records.com\/index.php\/wp-json\/wp\/v2\/pages"}],"about":[{"href":"https:\/\/gr1993records.com\/index.php\/wp-json\/wp\/v2\/types\/page"}],"author":[{"embeddable":true,"href":"https:\/\/gr1993records.com\/index.php\/wp-json\/wp\/v2\/users\/2"}],"replies":[{"embeddable":true,"href":"https:\/\/gr1993records.com\/index.php\/wp-json\/wp\/v2\/comments?post=5104"}],"version-history":[{"count":3,"href":"https:\/\/gr1993records.com\/index.php\/wp-json\/wp\/v2\/pages\/5104\/revisions"}],"predecessor-version":[{"id":5107,"href":"https:\/\/gr1993records.com\/index.php\/wp-json\/wp\/v2\/pages\/5104\/revisions\/5107"}],"wp:attachment":[{"href":"https:\/\/gr1993records.com\/index.php\/wp-json\/wp\/v2\/media?parent=5104"}],"wp:term":[{"taxonomy":"category","embeddable":true,"href":"https:\/\/gr1993records.com\/index.php\/wp-json\/wp\/v2\/categories?post=5104"},{"taxonomy":"post_tag","embeddable":true,"href":"https:\/\/gr1993records.com\/index.php\/wp-json\/wp\/v2\/tags?post=5104"}],"curies":[{"name":"wp","href":"https:\/\/api.w.org\/{rel}","templated":true}]}}