{"id":4803,"date":"2019-08-16T08:27:28","date_gmt":"2019-08-16T08:27:28","guid":{"rendered":"http:\/\/gr1993records.magex.hu\/?page_id=4803"},"modified":"2020-04-29T08:49:58","modified_gmt":"2020-04-29T08:49:58","slug":"quality-vinyl-projects","status":"publish","type":"page","link":"https:\/\/gr1993records.com\/index.php\/quality-vinyl-projects\/","title":{"rendered":"Quality Vinyl Projects"},"content":{"rendered":"<p>[vc_row][vc_column width=&#8221;2\/6&#8243;][vc_single_image image=&#8221;5024&#8243; img_size=&#8221;large&#8221;][\/vc_column][vc_column width=&#8221;4\/6&#8243;][vc_column_text]A QVP l\u00e9nyege, hogy kiz\u00e1r\u00f3lag kiv\u00e1l\u00f3 min\u0151s\u00e9g\u0171 maszterek felhaszn\u00e1l\u00e1s\u00e1val, Eur\u00f3pa legjobb v\u00e1g\u00f3 m\u0171helyeiben k\u00e9sz\u00edtett mesterlemezekr\u0151l, a kontinens legjobb min\u0151s\u00e9gben dolgoz\u00f3 gy\u00e1r\u00e1ban, a holland Record Industryban k\u00e9sz\u00fcl a sorozatgy\u00e1rt\u00e1s. A lemezek a Music On Vinyl sorozatn\u00e1l megszokott dombornyomott, ez\u00fattal QVP log\u00f3val, vastag k\u00fcls\u0151 \u00e1tl\u00e1tsz\u00f3 m\u0171anyag borit\u00f3ban ker\u00fclnek forgalomba. A Quality Vinyl Projects min\u0151s\u00e9g\u00e9t a nemzetk\u00f6zileg elismert Djabe kiadv\u00e1nyok f\u00e9mjelezt\u00e9k eddig, de mostant\u00f3l m\u00e1s zenekarok sz\u00e1m\u00e1ra is el\u00e9rhet\u0151 a szolg\u00e1ltat\u00e1s a felv\u00e9tel k\u00e9sz\u00edt\u00e9st\u0151l, a kever\u00e9sen \u00e9s az anal\u00f3g maszteren \u00e1t, a v\u00e1g\u00e1s \u00e9s gy\u00e1rt\u00e1s minden f\u00e1zis\u00e1ig.[\/vc_column_text][vc_column_text]<strong><a href=\"https:\/\/qvp.hu\/\" target=\"_blank\" rel=\"noopener noreferrer\">qvp.hu<\/a><\/strong>[\/vc_column_text][\/vc_column][\/vc_row]<\/p>","protected":false},"excerpt":{"rendered":"<p>[vc_row][vc_column width=&#8221;2\/6&#8243;][vc_single_image image=&#8221;5024&#8243; img_size=&#8221;large&#8221;][\/vc_column][vc_column width=&#8221;4\/6&#8243;][vc_column_text]A QVP l\u00e9nyege, hogy kiz\u00e1r\u00f3lag kiv\u00e1l\u00f3 min\u0151s\u00e9g\u0171 maszterek felhaszn\u00e1l\u00e1s\u00e1val, Eur\u00f3pa legjobb v\u00e1g\u00f3 m\u0171helyeiben k\u00e9sz\u00edtett mesterlemezekr\u0151l, a kontinens legjobb min\u0151s\u00e9gben dolgoz\u00f3 gy\u00e1r\u00e1ban, a holland Record Industryban k\u00e9sz\u00fcl a sorozatgy\u00e1rt\u00e1s. A lemezek a Music On Vinyl sorozatn\u00e1l megszokott dombornyomott, ez\u00fattal QVP log\u00f3val, vastag k\u00fcls\u0151 \u00e1tl\u00e1tsz\u00f3 m\u0171anyag borit\u00f3ban ker\u00fclnek forgalomba. A Quality Vinyl Projects [&hellip;]<\/p>\n","protected":false},"author":2,"featured_media":0,"parent":0,"menu_order":0,"comment_status":"closed","ping_status":"closed","template":"","meta":{"footnotes":""},"categories":[],"tags":[],"class_list":["post-4803","page","type-page","status-publish","hentry"],"yoast_head":"<!-- This site is optimized with the Yoast SEO plugin v27.2 - https:\/\/yoast.com\/product\/yoast-seo-wordpress\/ -->\n<title>Quality Vinyl Projects &#8211; GR1993 Records<\/title>\n<meta name=\"robots\" content=\"index, follow, max-snippet:-1, max-image-preview:large, max-video-preview:-1\" \/>\n<link rel=\"canonical\" href=\"https:\/\/gr1993records.com\/index.php\/quality-vinyl-projects\/?lang=en\" \/>\n<meta property=\"og:locale\" content=\"hu_HU\" \/>\n<meta property=\"og:type\" content=\"article\" \/>\n<meta property=\"og:title\" content=\"Quality Vinyl Projects &#8211; GR1993 Records\" \/>\n<meta property=\"og:description\" content=\"[vc_row][vc_column width=&#8221;2\/6&#8243;][vc_single_image image=&#8221;5024&#8243; img_size=&#8221;large&#8221;][\/vc_column][vc_column width=&#8221;4\/6&#8243;][vc_column_text]A QVP l\u00e9nyege, hogy kiz\u00e1r\u00f3lag kiv\u00e1l\u00f3 min\u0151s\u00e9g\u0171 maszterek felhaszn\u00e1l\u00e1s\u00e1val, Eur\u00f3pa legjobb v\u00e1g\u00f3 m\u0171helyeiben k\u00e9sz\u00edtett mesterlemezekr\u0151l, a kontinens legjobb min\u0151s\u00e9gben dolgoz\u00f3 gy\u00e1r\u00e1ban, a holland Record Industryban k\u00e9sz\u00fcl a sorozatgy\u00e1rt\u00e1s. A lemezek a Music On Vinyl sorozatn\u00e1l megszokott dombornyomott, ez\u00fattal QVP log\u00f3val, vastag k\u00fcls\u0151 \u00e1tl\u00e1tsz\u00f3 m\u0171anyag borit\u00f3ban ker\u00fclnek forgalomba. A Quality Vinyl Projects [&hellip;]\" \/>\n<meta property=\"og:url\" content=\"https:\/\/gr1993records.com\/index.php\/quality-vinyl-projects\/?lang=en\" \/>\n<meta property=\"og:site_name\" content=\"GR1993 Records\" \/>\n<meta property=\"article:publisher\" content=\"https:\/\/www.facebook.com\/GR1993Records-113564886691383\/\" \/>\n<meta property=\"article:modified_time\" content=\"2020-04-29T08:49:58+00:00\" \/>\n<meta name=\"twitter:card\" content=\"summary_large_image\" \/>\n<meta name=\"twitter:label1\" content=\"Becs\u00fclt olvas\u00e1si id\u0151\" \/>\n\t<meta name=\"twitter:data1\" content=\"2 perc\" \/>\n<script type=\"application\/ld+json\" class=\"yoast-schema-graph\">{\"@context\":\"https:\/\/schema.org\",\"@graph\":[{\"@type\":\"WebPage\",\"@id\":\"https:\/\/gr1993records.com\/index.php\/quality-vinyl-projects\/?lang=en\",\"url\":\"https:\/\/gr1993records.com\/index.php\/quality-vinyl-projects\/?lang=en\",\"name\":\"Quality Vinyl Projects &#8211; GR1993 Records\",\"isPartOf\":{\"@id\":\"https:\/\/gr1993records.com\/#website\"},\"datePublished\":\"2019-08-16T08:27:28+00:00\",\"dateModified\":\"2020-04-29T08:49:58+00:00\",\"breadcrumb\":{\"@id\":\"https:\/\/gr1993records.com\/index.php\/quality-vinyl-projects\/?lang=en#breadcrumb\"},\"inLanguage\":\"hu\",\"potentialAction\":[{\"@type\":\"ReadAction\",\"target\":[\"https:\/\/gr1993records.com\/index.php\/quality-vinyl-projects\/?lang=en\"]}]},{\"@type\":\"BreadcrumbList\",\"@id\":\"https:\/\/gr1993records.com\/index.php\/quality-vinyl-projects\/?lang=en#breadcrumb\",\"itemListElement\":[{\"@type\":\"ListItem\",\"position\":1,\"name\":\"Home\",\"item\":\"https:\/\/gr1993records.com\/\"},{\"@type\":\"ListItem\",\"position\":2,\"name\":\"Quality Vinyl Projects\"}]},{\"@type\":\"WebSite\",\"@id\":\"https:\/\/gr1993records.com\/#website\",\"url\":\"https:\/\/gr1993records.com\/\",\"name\":\"GR1993 Records\",\"description\":\"\",\"publisher\":{\"@id\":\"https:\/\/gr1993records.com\/#organization\"},\"potentialAction\":[{\"@type\":\"SearchAction\",\"target\":{\"@type\":\"EntryPoint\",\"urlTemplate\":\"https:\/\/gr1993records.com\/?s={search_term_string}\"},\"query-input\":{\"@type\":\"PropertyValueSpecification\",\"valueRequired\":true,\"valueName\":\"search_term_string\"}}],\"inLanguage\":\"hu\"},{\"@type\":\"Organization\",\"@id\":\"https:\/\/gr1993records.com\/#organization\",\"name\":\"Gramy-H Ltd.\",\"url\":\"https:\/\/gr1993records.com\/\",\"logo\":{\"@type\":\"ImageObject\",\"inLanguage\":\"hu\",\"@id\":\"https:\/\/gr1993records.com\/#\/schema\/logo\/image\/\",\"url\":\"https:\/\/gr1993records.com\/wp-content\/uploads\/2019\/08\/GR1993_Records_logo_CC.png\",\"contentUrl\":\"https:\/\/gr1993records.com\/wp-content\/uploads\/2019\/08\/GR1993_Records_logo_CC.png\",\"width\":2900,\"height\":2001,\"caption\":\"Gramy-H Ltd.\"},\"image\":{\"@id\":\"https:\/\/gr1993records.com\/#\/schema\/logo\/image\/\"},\"sameAs\":[\"https:\/\/www.facebook.com\/GR1993Records-113564886691383\/\"]}]}<\/script>\n<!-- \/ Yoast SEO plugin. -->","yoast_head_json":{"title":"Quality Vinyl Projects &#8211; GR1993 Records","robots":{"index":"index","follow":"follow","max-snippet":"max-snippet:-1","max-image-preview":"max-image-preview:large","max-video-preview":"max-video-preview:-1"},"canonical":"https:\/\/gr1993records.com\/index.php\/quality-vinyl-projects\/?lang=en","og_locale":"hu_HU","og_type":"article","og_title":"Quality Vinyl Projects &#8211; GR1993 Records","og_description":"[vc_row][vc_column width=&#8221;2\/6&#8243;][vc_single_image image=&#8221;5024&#8243; img_size=&#8221;large&#8221;][\/vc_column][vc_column width=&#8221;4\/6&#8243;][vc_column_text]A QVP l\u00e9nyege, hogy kiz\u00e1r\u00f3lag kiv\u00e1l\u00f3 min\u0151s\u00e9g\u0171 maszterek felhaszn\u00e1l\u00e1s\u00e1val, Eur\u00f3pa legjobb v\u00e1g\u00f3 m\u0171helyeiben k\u00e9sz\u00edtett mesterlemezekr\u0151l, a kontinens legjobb min\u0151s\u00e9gben dolgoz\u00f3 gy\u00e1r\u00e1ban, a holland Record Industryban k\u00e9sz\u00fcl a sorozatgy\u00e1rt\u00e1s. A lemezek a Music On Vinyl sorozatn\u00e1l megszokott dombornyomott, ez\u00fattal QVP log\u00f3val, vastag k\u00fcls\u0151 \u00e1tl\u00e1tsz\u00f3 m\u0171anyag borit\u00f3ban ker\u00fclnek forgalomba. A Quality Vinyl Projects [&hellip;]","og_url":"https:\/\/gr1993records.com\/index.php\/quality-vinyl-projects\/?lang=en","og_site_name":"GR1993 Records","article_publisher":"https:\/\/www.facebook.com\/GR1993Records-113564886691383\/","article_modified_time":"2020-04-29T08:49:58+00:00","twitter_card":"summary_large_image","twitter_misc":{"Becs\u00fclt olvas\u00e1si id\u0151":"2 perc"},"schema":{"@context":"https:\/\/schema.org","@graph":[{"@type":"WebPage","@id":"https:\/\/gr1993records.com\/index.php\/quality-vinyl-projects\/?lang=en","url":"https:\/\/gr1993records.com\/index.php\/quality-vinyl-projects\/?lang=en","name":"Quality Vinyl Projects &#8211; GR1993 Records","isPartOf":{"@id":"https:\/\/gr1993records.com\/#website"},"datePublished":"2019-08-16T08:27:28+00:00","dateModified":"2020-04-29T08:49:58+00:00","breadcrumb":{"@id":"https:\/\/gr1993records.com\/index.php\/quality-vinyl-projects\/?lang=en#breadcrumb"},"inLanguage":"hu","potentialAction":[{"@type":"ReadAction","target":["https:\/\/gr1993records.com\/index.php\/quality-vinyl-projects\/?lang=en"]}]},{"@type":"BreadcrumbList","@id":"https:\/\/gr1993records.com\/index.php\/quality-vinyl-projects\/?lang=en#breadcrumb","itemListElement":[{"@type":"ListItem","position":1,"name":"Home","item":"https:\/\/gr1993records.com\/"},{"@type":"ListItem","position":2,"name":"Quality Vinyl Projects"}]},{"@type":"WebSite","@id":"https:\/\/gr1993records.com\/#website","url":"https:\/\/gr1993records.com\/","name":"GR1993 Records","description":"","publisher":{"@id":"https:\/\/gr1993records.com\/#organization"},"potentialAction":[{"@type":"SearchAction","target":{"@type":"EntryPoint","urlTemplate":"https:\/\/gr1993records.com\/?s={search_term_string}"},"query-input":{"@type":"PropertyValueSpecification","valueRequired":true,"valueName":"search_term_string"}}],"inLanguage":"hu"},{"@type":"Organization","@id":"https:\/\/gr1993records.com\/#organization","name":"Gramy-H Ltd.","url":"https:\/\/gr1993records.com\/","logo":{"@type":"ImageObject","inLanguage":"hu","@id":"https:\/\/gr1993records.com\/#\/schema\/logo\/image\/","url":"https:\/\/gr1993records.com\/wp-content\/uploads\/2019\/08\/GR1993_Records_logo_CC.png","contentUrl":"https:\/\/gr1993records.com\/wp-content\/uploads\/2019\/08\/GR1993_Records_logo_CC.png","width":2900,"height":2001,"caption":"Gramy-H Ltd."},"image":{"@id":"https:\/\/gr1993records.com\/#\/schema\/logo\/image\/"},"sameAs":["https:\/\/www.facebook.com\/GR1993Records-113564886691383\/"]}]}},"jetpack_sharing_enabled":true,"_links":{"self":[{"href":"https:\/\/gr1993records.com\/index.php\/wp-json\/wp\/v2\/pages\/4803","targetHints":{"allow":["GET"]}}],"collection":[{"href":"https:\/\/gr1993records.com\/index.php\/wp-json\/wp\/v2\/pages"}],"about":[{"href":"https:\/\/gr1993records.com\/index.php\/wp-json\/wp\/v2\/types\/page"}],"author":[{"embeddable":true,"href":"https:\/\/gr1993records.com\/index.php\/wp-json\/wp\/v2\/users\/2"}],"replies":[{"embeddable":true,"href":"https:\/\/gr1993records.com\/index.php\/wp-json\/wp\/v2\/comments?post=4803"}],"version-history":[{"count":9,"href":"https:\/\/gr1993records.com\/index.php\/wp-json\/wp\/v2\/pages\/4803\/revisions"}],"predecessor-version":[{"id":5709,"href":"https:\/\/gr1993records.com\/index.php\/wp-json\/wp\/v2\/pages\/4803\/revisions\/5709"}],"wp:attachment":[{"href":"https:\/\/gr1993records.com\/index.php\/wp-json\/wp\/v2\/media?parent=4803"}],"wp:term":[{"taxonomy":"category","embeddable":true,"href":"https:\/\/gr1993records.com\/index.php\/wp-json\/wp\/v2\/categories?post=4803"},{"taxonomy":"post_tag","embeddable":true,"href":"https:\/\/gr1993records.com\/index.php\/wp-json\/wp\/v2\/tags?post=4803"}],"curies":[{"name":"wp","href":"https:\/\/api.w.org\/{rel}","templated":true}]}}