{"id":4696,"date":"2019-08-13T08:45:30","date_gmt":"2019-08-13T08:45:30","guid":{"rendered":"http:\/\/gr1993records.magex.hu\/?page_id=4696"},"modified":"2026-04-01T12:13:29","modified_gmt":"2026-04-01T10:13:29","slug":"alapi-istvan","status":"publish","type":"page","link":"https:\/\/gr1993records.com\/index.php\/eloadok\/alapi-istvan\/","title":{"rendered":"Alapi Istv\u00e1n"},"content":{"rendered":"<p>[vc_row][vc_column][vc_custom_heading title_font_size=&#8221;fs36&#8243; source=&#8221;post_title&#8221; use_theme_fonts=&#8221;yes&#8221; el_class=&#8221;mb60 mb30-md&#8221;][\/vc_column][\/vc_row][vc_row][vc_column width=&#8221;1\/2&#8243;][vc_single_image image=&#8221;4784&#8243; img_size=&#8221;large&#8221;][\/vc_column][vc_column width=&#8221;1\/2&#8243;][vc_column_text]\u201e1962. 08. 02-\u00e1n sz\u00fclettem Salg\u00f3tarj\u00e1nban. A csal\u00e1domban eltekintve az egyik d\u00e9dnagyap\u00e1mt\u00f3l, aki karmester \u00e9s heged\u0171s volt, senki nem foglalkozott zen\u00e9vel. \u00c9n azonban m\u00e1r eg\u00e9sz kicsi korom \u00f3ta nagyon er\u0151s vonz\u00f3d\u00e1st \u00e9reztem a hangszerek, a zene ir\u00e1nt. Val\u00f3sz\u00edn\u00fcleg ez k\u00e9sztette nagysz\u00fcleimet, hogy 10 \u00e9ves koromban kar\u00e1csonyi aj\u00e1nd\u00e9kk\u00e9nt egy git\u00e1rt v\u00e1s\u00e1roljanak nekem, s ezzel akarva, akaratlanul meghat\u00e1rozz\u00e1k \u00e9letem tov\u00e1bbi alakul\u00e1s\u00e1t. Lelkesen, minden k\u00fcls\u00f6 befoly\u00e1sol\u00f3 t\u00e9nyez\u0151 n\u00e9lk\u00fcl elmentem a helyi zeneiskol\u00e1ba azzal az elhat\u00e1roz\u00e1ssal, hogy klasszikus git\u00e1rt fogok tanulni, azonban az igazgat\u00f3 minden \u00e1ron el akart t\u00e9r\u00edteni sz\u00e1nd\u00e9komt\u00f3l, mondv\u00e1n, hogy a git\u00e1r egy komolytalan hangszer, mi\u00e9rt nem tanulok ink\u00e1bb tub\u00e1zni! R\u00e1n\u00e9ztem arra a bazi nagy hangszerre \u00e9s arra gondoltam, hordja ezt \u00d6 \u00e9lete v\u00e9g\u00e9ig a nyak\u00e1ban! Valami mondvacsin\u00e1lt \u00fcr\u00fcggyel kil\u00f3gtam az irod\u00e1b\u00f3l \u00e9s haza futottam.[\/vc_column_text][\/vc_column][\/vc_row][vc_row][vc_column][vc_column_text]Ezzel klasszikusgit\u00e1ros karrierem v\u00e9get is \u00e9rt. Ezek ut\u00e1n szerencs\u00e9mre egy olyan git\u00e1rost\u00f3l volt alkalmam elsaj\u00e1t\u00edtani az alapokat, aki b\u00e1r Salg\u00f3tarj\u00e1nban lakott \u00e9s kevesen ismert\u00e9k, m\u00e9gis a hangszer\u00e9nek legnagyobb mesterei k\u00f6z\u00e9 tartozott. P\u00e1r \u00e9v m\u00falva a helyi zeneiskol\u00e1ban egy \u00fatt\u00f6r\u00f6 kezdem\u00e9nyez\u00e9sk\u00e9nt bevezett\u00e9k a jazzoktat\u00e1st, \u00edgy alkalmam volt ebben az oktat\u00e1sban r\u00e9szt venni. Terveztem is, hogy miut\u00e1n le\u00e9retts\u00e9gizek a budapesti jazzkonzervat\u00f3riumban, folytatom tanulm\u00e1nyaimat, de id\u0151 k\u00f6zben az lett a tapasztalatom, hogy ott az oktat\u00e1si sziszt\u00e9ma a legkev\u00e9sb\u00e9 sem felel meg az \u00e9n elk\u00e9pzel\u00e9seimnek. \u00c9n egy el\u00e9gg\u00e9 \u00f6nt\u00f6rv\u00e9ny\u0171 ember voltam m\u00e1r akkor is, ezen k\u00edv\u00fcl egyform\u00e1n \u00e9rdekl\u0151dtem a rock, a jazz, a f\u00fazi\u00f3s m\u0171fajok ir\u00e1nt. Akkoriban azonban a jazztanszakon m\u00e1r az is szents\u00e9gt\u00f6r\u00e9snek sz\u00e1m\u00edtott, ha valaki p\u00e9ld\u00e1ul torz\u00edt\u00f3s git\u00e1ron akart j\u00e1tszani, a rock sz\u00f3t, pedig ki sem volt szabad ejteni. Teh\u00e1t r\u00e1j\u00f6ttem, hogy ez nekem nem hi\u00e1nyzik! Akkoriban \u00e9n m\u00e1r intenz\u00edven zenekaroztam, \u00e9s a tanul\u00e1snak k\u00e9nytelen voltam a sokkal r\u00f6g\u00f6sebb autodidakta m\u00f3dj\u00e1t v\u00e1lasztani. Hamar r\u00e1j\u00f6ttem, ha vid\u00e9ken maradok val\u00f3sz\u00ednleg semmi nem lesz bel\u00f6lem ebben a szakm\u00e1ban, \u00fagyhogy miut\u00e1n Front nev\u00fc zenekarommal az 1983-as Ki Mit Tud? vet\u00e9lked\u0151n dobog\u00f3s helyez\u00e9st \u00e9rt\u00fcnk el, valamint m\u00e1sf\u00e9l \u00e9vet kellemes \u00e1rny\u00e9kkatonak\u00e9nt elt\u00f6lt\u00f6ttem a hadseregben Budapestre k\u00f6lt\u00f6ztem. Itt els\u0151 zenekarom a k\u00e9s\u0151bb Angyalb\u0151rben c\u00edm\u0171 t\u00e9v\u00e9sorozatb\u00f3l ismert Moh\u00f3 Sapiens volt. Vel\u00fck r\u00e9szt vett\u00fcnk a Csillag sz\u00fcletik tehets\u00e9gkutat\u00f3n, amit saj\u00e1t kateg\u00f3ri\u00e1nkban megnyert\u00fcnk. Itt figyelt fel r\u00e1m, valamint Peth\u00f6 G\u00e1bor basszusgit\u00e1ros bar\u00e1tomra az Edda M\u00fcvek feje, Pataky Attila \u00e9s G\u00f6m\u00f6ry Zsolt billenty\u00fcs bar\u00e1tom. P\u00e1r nap m\u00falva m\u00e1r az Edda git\u00e1rosa voltam. Ez tal\u00e1n \u00e9letem egyik legjelent\u00f6sebb fordul\u00f3pontja volt! Igaz ugyan, hogy k\u00f6zben 1991 \u00e9s 1993 k\u00f6z\u00f6tt nem voltam a zenekar tagja \u00e9s ezt az id\u00f5t r\u00e9szben k\u00fclf\u00f6ld\u00f6n t\u00f6lt\u00f6ttem, majd pedig itthon session zen\u00e9szk\u00e9nt dolgoztam \u00e9s k\u00f6zben Demeter Gyurival, V\u00e9rtes Attil\u00e1val, Het\u00e9nyi Zolival \u00e9s Makovits D\u00e9nessel megalak\u00edtottuk a r\u00f6vid \u00e9let\u00fc, m\u00e9gis hihetetlen sikeres XL Sisters-t. 1993 nyar\u00e1n, az idk\u00f6zben az Edd\u00e1ban helyemet bet\u00f6lt\u00f6 Kun P\u00e9ter tragikus hal\u00e1la ut\u00e1n, \u00fajra a zenekar tagja lettem. 1996-ban megjelent els sz\u00f3l\u00f3lemezem Bels\u00f6 vil\u00e1g c\u00edmmel. M\u00e1sodik sz\u00f3l\u00f3lemezem anyaga az USA-ban l\u00e1tott napvil\u00e1got.\u201d[\/vc_column_text][vc_separator][\/vc_column][\/vc_row][vc_row][vc_column][vc_custom_heading title_font_size=&#8221;fs36&#8243; text=&#8221;El\u0151ad\u00f3hoz kapcsol\u00f3d\u00f3 kiadv\u00e1nyok&#8221; use_theme_fonts=&#8221;yes&#8221; el_class=&#8221;mb60 mb30-md&#8221;][vc_basic_grid post_type=&#8221;product&#8221; max_items=&#8221;-1&#8243; element_width=&#8221;3&#8243; item=&#8221;5015&#8243; grid_id=&#8221;vc_gid:1775038375635-109ad20d-7b24-3&#8243; taxonomies=&#8221;130&#8243;][\/vc_column][\/vc_row]<\/p>","protected":false},"excerpt":{"rendered":"<p>[vc_row][vc_column][vc_custom_heading title_font_size=&#8221;fs36&#8243; source=&#8221;post_title&#8221; use_theme_fonts=&#8221;yes&#8221; el_class=&#8221;mb60 mb30-md&#8221;][\/vc_column][\/vc_row][vc_row][vc_column width=&#8221;1\/2&#8243;][vc_single_image image=&#8221;4784&#8243; img_size=&#8221;large&#8221;][\/vc_column][vc_column width=&#8221;1\/2&#8243;][vc_column_text]\u201e1962. 08. 02-\u00e1n sz\u00fclettem Salg\u00f3tarj\u00e1nban. A csal\u00e1domban eltekintve az egyik d\u00e9dnagyap\u00e1mt\u00f3l, aki karmester \u00e9s heged\u0171s volt, senki nem foglalkozott zen\u00e9vel. \u00c9n azonban m\u00e1r eg\u00e9sz kicsi korom \u00f3ta nagyon er\u0151s vonz\u00f3d\u00e1st \u00e9reztem a hangszerek, a zene ir\u00e1nt. Val\u00f3sz\u00edn\u00fcleg ez k\u00e9sztette nagysz\u00fcleimet, hogy 10 \u00e9ves koromban kar\u00e1csonyi aj\u00e1nd\u00e9kk\u00e9nt [&hellip;]<\/p>\n","protected":false},"author":2,"featured_media":4784,"parent":4565,"menu_order":9,"comment_status":"closed","ping_status":"closed","template":"","meta":{"footnotes":""},"categories":[128],"tags":[],"class_list":["post-4696","page","type-page","status-publish","has-post-thumbnail","hentry","category-artists"],"yoast_head":"<!-- This site is optimized with the Yoast SEO plugin v27.3 - https:\/\/yoast.com\/product\/yoast-seo-wordpress\/ -->\n<title>Alapi Istv\u00e1n &#8211; GR1993 Records<\/title>\n<meta name=\"robots\" content=\"index, follow, max-snippet:-1, max-image-preview:large, max-video-preview:-1\" \/>\n<link rel=\"canonical\" href=\"https:\/\/gr1993records.com\/index.php\/eloadok\/alapi-istvan\/\" \/>\n<meta property=\"og:locale\" content=\"hu_HU\" \/>\n<meta property=\"og:type\" content=\"article\" \/>\n<meta property=\"og:title\" content=\"Alapi Istv\u00e1n &#8211; GR1993 Records\" \/>\n<meta property=\"og:description\" content=\"[vc_row][vc_column][vc_custom_heading title_font_size=&#8221;fs36&#8243; source=&#8221;post_title&#8221; use_theme_fonts=&#8221;yes&#8221; el_class=&#8221;mb60 mb30-md&#8221;][\/vc_column][\/vc_row][vc_row][vc_column width=&#8221;1\/2&#8243;][vc_single_image image=&#8221;4784&#8243; img_size=&#8221;large&#8221;][\/vc_column][vc_column width=&#8221;1\/2&#8243;][vc_column_text]\u201e1962. 08. 02-\u00e1n sz\u00fclettem Salg\u00f3tarj\u00e1nban. A csal\u00e1domban eltekintve az egyik d\u00e9dnagyap\u00e1mt\u00f3l, aki karmester \u00e9s heged\u0171s volt, senki nem foglalkozott zen\u00e9vel. \u00c9n azonban m\u00e1r eg\u00e9sz kicsi korom \u00f3ta nagyon er\u0151s vonz\u00f3d\u00e1st \u00e9reztem a hangszerek, a zene ir\u00e1nt. Val\u00f3sz\u00edn\u00fcleg ez k\u00e9sztette nagysz\u00fcleimet, hogy 10 \u00e9ves koromban kar\u00e1csonyi aj\u00e1nd\u00e9kk\u00e9nt [&hellip;]\" \/>\n<meta property=\"og:url\" content=\"https:\/\/gr1993records.com\/index.php\/eloadok\/alapi-istvan\/\" \/>\n<meta property=\"og:site_name\" content=\"GR1993 Records\" \/>\n<meta property=\"article:publisher\" content=\"https:\/\/www.facebook.com\/GR1993Records-113564886691383\/\" \/>\n<meta property=\"article:modified_time\" content=\"2026-04-01T10:13:29+00:00\" \/>\n<meta property=\"og:image\" content=\"https:\/\/gr1993records.com\/wp-content\/uploads\/2019\/08\/Alapi_Istva\u0301n_Framus_Diablo_gita\u0301rja\u0301val-copy.jpg\" \/>\n\t<meta property=\"og:image:width\" content=\"1920\" \/>\n\t<meta property=\"og:image:height\" content=\"1280\" \/>\n\t<meta property=\"og:image:type\" content=\"image\/jpeg\" \/>\n<meta name=\"twitter:card\" content=\"summary_large_image\" \/>\n<meta name=\"twitter:label1\" content=\"Becs\u00fclt olvas\u00e1si id\u0151\" \/>\n\t<meta name=\"twitter:data1\" content=\"4 perc\" \/>\n<script type=\"application\/ld+json\" class=\"yoast-schema-graph\">{\"@context\":\"https:\\\/\\\/schema.org\",\"@graph\":[{\"@type\":\"WebPage\",\"@id\":\"https:\\\/\\\/gr1993records.com\\\/index.php\\\/eloadok\\\/alapi-istvan\\\/\",\"url\":\"https:\\\/\\\/gr1993records.com\\\/index.php\\\/eloadok\\\/alapi-istvan\\\/\",\"name\":\"Alapi Istv\u00e1n &#8211; GR1993 Records\",\"isPartOf\":{\"@id\":\"https:\\\/\\\/gr1993records.com\\\/#website\"},\"primaryImageOfPage\":{\"@id\":\"https:\\\/\\\/gr1993records.com\\\/index.php\\\/eloadok\\\/alapi-istvan\\\/#primaryimage\"},\"image\":{\"@id\":\"https:\\\/\\\/gr1993records.com\\\/index.php\\\/eloadok\\\/alapi-istvan\\\/#primaryimage\"},\"thumbnailUrl\":\"https:\\\/\\\/gr1993records.com\\\/wp-content\\\/uploads\\\/2019\\\/08\\\/Alapi_Istva\u0301n_Framus_Diablo_gita\u0301rja\u0301val-copy.jpg\",\"datePublished\":\"2019-08-13T08:45:30+00:00\",\"dateModified\":\"2026-04-01T10:13:29+00:00\",\"breadcrumb\":{\"@id\":\"https:\\\/\\\/gr1993records.com\\\/index.php\\\/eloadok\\\/alapi-istvan\\\/#breadcrumb\"},\"inLanguage\":\"hu\",\"potentialAction\":[{\"@type\":\"ReadAction\",\"target\":[\"https:\\\/\\\/gr1993records.com\\\/index.php\\\/eloadok\\\/alapi-istvan\\\/\"]}]},{\"@type\":\"ImageObject\",\"inLanguage\":\"hu\",\"@id\":\"https:\\\/\\\/gr1993records.com\\\/index.php\\\/eloadok\\\/alapi-istvan\\\/#primaryimage\",\"url\":\"https:\\\/\\\/gr1993records.com\\\/wp-content\\\/uploads\\\/2019\\\/08\\\/Alapi_Istva\u0301n_Framus_Diablo_gita\u0301rja\u0301val-copy.jpg\",\"contentUrl\":\"https:\\\/\\\/gr1993records.com\\\/wp-content\\\/uploads\\\/2019\\\/08\\\/Alapi_Istva\u0301n_Framus_Diablo_gita\u0301rja\u0301val-copy.jpg\",\"width\":1920,\"height\":1280},{\"@type\":\"BreadcrumbList\",\"@id\":\"https:\\\/\\\/gr1993records.com\\\/index.php\\\/eloadok\\\/alapi-istvan\\\/#breadcrumb\",\"itemListElement\":[{\"@type\":\"ListItem\",\"position\":1,\"name\":\"Home\",\"item\":\"https:\\\/\\\/gr1993records.com\\\/\"},{\"@type\":\"ListItem\",\"position\":2,\"name\":\"El\u0151ad\u00f3k\",\"item\":\"https:\\\/\\\/gr1993records.com\\\/index.php\\\/eloadok\\\/?lang=en\"},{\"@type\":\"ListItem\",\"position\":3,\"name\":\"Alapi Istv\u00e1n\"}]},{\"@type\":\"WebSite\",\"@id\":\"https:\\\/\\\/gr1993records.com\\\/#website\",\"url\":\"https:\\\/\\\/gr1993records.com\\\/\",\"name\":\"GR1993 Records\",\"description\":\"\",\"publisher\":{\"@id\":\"https:\\\/\\\/gr1993records.com\\\/#organization\"},\"potentialAction\":[{\"@type\":\"SearchAction\",\"target\":{\"@type\":\"EntryPoint\",\"urlTemplate\":\"https:\\\/\\\/gr1993records.com\\\/?s={search_term_string}\"},\"query-input\":{\"@type\":\"PropertyValueSpecification\",\"valueRequired\":true,\"valueName\":\"search_term_string\"}}],\"inLanguage\":\"hu\"},{\"@type\":\"Organization\",\"@id\":\"https:\\\/\\\/gr1993records.com\\\/#organization\",\"name\":\"Gramy-H Ltd.\",\"url\":\"https:\\\/\\\/gr1993records.com\\\/\",\"logo\":{\"@type\":\"ImageObject\",\"inLanguage\":\"hu\",\"@id\":\"https:\\\/\\\/gr1993records.com\\\/#\\\/schema\\\/logo\\\/image\\\/\",\"url\":\"https:\\\/\\\/gr1993records.com\\\/wp-content\\\/uploads\\\/2019\\\/08\\\/GR1993_Records_logo_CC.png\",\"contentUrl\":\"https:\\\/\\\/gr1993records.com\\\/wp-content\\\/uploads\\\/2019\\\/08\\\/GR1993_Records_logo_CC.png\",\"width\":2900,\"height\":2001,\"caption\":\"Gramy-H Ltd.\"},\"image\":{\"@id\":\"https:\\\/\\\/gr1993records.com\\\/#\\\/schema\\\/logo\\\/image\\\/\"},\"sameAs\":[\"https:\\\/\\\/www.facebook.com\\\/GR1993Records-113564886691383\\\/\"]}]}<\/script>\n<!-- \/ Yoast SEO plugin. -->","yoast_head_json":{"title":"Alapi Istv\u00e1n &#8211; GR1993 Records","robots":{"index":"index","follow":"follow","max-snippet":"max-snippet:-1","max-image-preview":"max-image-preview:large","max-video-preview":"max-video-preview:-1"},"canonical":"https:\/\/gr1993records.com\/index.php\/eloadok\/alapi-istvan\/","og_locale":"hu_HU","og_type":"article","og_title":"Alapi Istv\u00e1n &#8211; GR1993 Records","og_description":"[vc_row][vc_column][vc_custom_heading title_font_size=&#8221;fs36&#8243; source=&#8221;post_title&#8221; use_theme_fonts=&#8221;yes&#8221; el_class=&#8221;mb60 mb30-md&#8221;][\/vc_column][\/vc_row][vc_row][vc_column width=&#8221;1\/2&#8243;][vc_single_image image=&#8221;4784&#8243; img_size=&#8221;large&#8221;][\/vc_column][vc_column width=&#8221;1\/2&#8243;][vc_column_text]\u201e1962. 08. 02-\u00e1n sz\u00fclettem Salg\u00f3tarj\u00e1nban. A csal\u00e1domban eltekintve az egyik d\u00e9dnagyap\u00e1mt\u00f3l, aki karmester \u00e9s heged\u0171s volt, senki nem foglalkozott zen\u00e9vel. \u00c9n azonban m\u00e1r eg\u00e9sz kicsi korom \u00f3ta nagyon er\u0151s vonz\u00f3d\u00e1st \u00e9reztem a hangszerek, a zene ir\u00e1nt. Val\u00f3sz\u00edn\u00fcleg ez k\u00e9sztette nagysz\u00fcleimet, hogy 10 \u00e9ves koromban kar\u00e1csonyi aj\u00e1nd\u00e9kk\u00e9nt [&hellip;]","og_url":"https:\/\/gr1993records.com\/index.php\/eloadok\/alapi-istvan\/","og_site_name":"GR1993 Records","article_publisher":"https:\/\/www.facebook.com\/GR1993Records-113564886691383\/","article_modified_time":"2026-04-01T10:13:29+00:00","og_image":[{"width":1920,"height":1280,"url":"https:\/\/gr1993records.com\/wp-content\/uploads\/2019\/08\/Alapi_Istva\u0301n_Framus_Diablo_gita\u0301rja\u0301val-copy.jpg","type":"image\/jpeg"}],"twitter_card":"summary_large_image","twitter_misc":{"Becs\u00fclt olvas\u00e1si id\u0151":"4 perc"},"schema":{"@context":"https:\/\/schema.org","@graph":[{"@type":"WebPage","@id":"https:\/\/gr1993records.com\/index.php\/eloadok\/alapi-istvan\/","url":"https:\/\/gr1993records.com\/index.php\/eloadok\/alapi-istvan\/","name":"Alapi Istv\u00e1n &#8211; GR1993 Records","isPartOf":{"@id":"https:\/\/gr1993records.com\/#website"},"primaryImageOfPage":{"@id":"https:\/\/gr1993records.com\/index.php\/eloadok\/alapi-istvan\/#primaryimage"},"image":{"@id":"https:\/\/gr1993records.com\/index.php\/eloadok\/alapi-istvan\/#primaryimage"},"thumbnailUrl":"https:\/\/gr1993records.com\/wp-content\/uploads\/2019\/08\/Alapi_Istva\u0301n_Framus_Diablo_gita\u0301rja\u0301val-copy.jpg","datePublished":"2019-08-13T08:45:30+00:00","dateModified":"2026-04-01T10:13:29+00:00","breadcrumb":{"@id":"https:\/\/gr1993records.com\/index.php\/eloadok\/alapi-istvan\/#breadcrumb"},"inLanguage":"hu","potentialAction":[{"@type":"ReadAction","target":["https:\/\/gr1993records.com\/index.php\/eloadok\/alapi-istvan\/"]}]},{"@type":"ImageObject","inLanguage":"hu","@id":"https:\/\/gr1993records.com\/index.php\/eloadok\/alapi-istvan\/#primaryimage","url":"https:\/\/gr1993records.com\/wp-content\/uploads\/2019\/08\/Alapi_Istva\u0301n_Framus_Diablo_gita\u0301rja\u0301val-copy.jpg","contentUrl":"https:\/\/gr1993records.com\/wp-content\/uploads\/2019\/08\/Alapi_Istva\u0301n_Framus_Diablo_gita\u0301rja\u0301val-copy.jpg","width":1920,"height":1280},{"@type":"BreadcrumbList","@id":"https:\/\/gr1993records.com\/index.php\/eloadok\/alapi-istvan\/#breadcrumb","itemListElement":[{"@type":"ListItem","position":1,"name":"Home","item":"https:\/\/gr1993records.com\/"},{"@type":"ListItem","position":2,"name":"El\u0151ad\u00f3k","item":"https:\/\/gr1993records.com\/index.php\/eloadok\/?lang=en"},{"@type":"ListItem","position":3,"name":"Alapi Istv\u00e1n"}]},{"@type":"WebSite","@id":"https:\/\/gr1993records.com\/#website","url":"https:\/\/gr1993records.com\/","name":"GR1993 Records","description":"","publisher":{"@id":"https:\/\/gr1993records.com\/#organization"},"potentialAction":[{"@type":"SearchAction","target":{"@type":"EntryPoint","urlTemplate":"https:\/\/gr1993records.com\/?s={search_term_string}"},"query-input":{"@type":"PropertyValueSpecification","valueRequired":true,"valueName":"search_term_string"}}],"inLanguage":"hu"},{"@type":"Organization","@id":"https:\/\/gr1993records.com\/#organization","name":"Gramy-H Ltd.","url":"https:\/\/gr1993records.com\/","logo":{"@type":"ImageObject","inLanguage":"hu","@id":"https:\/\/gr1993records.com\/#\/schema\/logo\/image\/","url":"https:\/\/gr1993records.com\/wp-content\/uploads\/2019\/08\/GR1993_Records_logo_CC.png","contentUrl":"https:\/\/gr1993records.com\/wp-content\/uploads\/2019\/08\/GR1993_Records_logo_CC.png","width":2900,"height":2001,"caption":"Gramy-H Ltd."},"image":{"@id":"https:\/\/gr1993records.com\/#\/schema\/logo\/image\/"},"sameAs":["https:\/\/www.facebook.com\/GR1993Records-113564886691383\/"]}]}},"jetpack_sharing_enabled":true,"_links":{"self":[{"href":"https:\/\/gr1993records.com\/index.php\/wp-json\/wp\/v2\/pages\/4696","targetHints":{"allow":["GET"]}}],"collection":[{"href":"https:\/\/gr1993records.com\/index.php\/wp-json\/wp\/v2\/pages"}],"about":[{"href":"https:\/\/gr1993records.com\/index.php\/wp-json\/wp\/v2\/types\/page"}],"author":[{"embeddable":true,"href":"https:\/\/gr1993records.com\/index.php\/wp-json\/wp\/v2\/users\/2"}],"replies":[{"embeddable":true,"href":"https:\/\/gr1993records.com\/index.php\/wp-json\/wp\/v2\/comments?post=4696"}],"version-history":[{"count":26,"href":"https:\/\/gr1993records.com\/index.php\/wp-json\/wp\/v2\/pages\/4696\/revisions"}],"predecessor-version":[{"id":7875,"href":"https:\/\/gr1993records.com\/index.php\/wp-json\/wp\/v2\/pages\/4696\/revisions\/7875"}],"up":[{"embeddable":true,"href":"https:\/\/gr1993records.com\/index.php\/wp-json\/wp\/v2\/pages\/4565"}],"wp:featuredmedia":[{"embeddable":true,"href":"https:\/\/gr1993records.com\/index.php\/wp-json\/wp\/v2\/media\/4784"}],"wp:attachment":[{"href":"https:\/\/gr1993records.com\/index.php\/wp-json\/wp\/v2\/media?parent=4696"}],"wp:term":[{"taxonomy":"category","embeddable":true,"href":"https:\/\/gr1993records.com\/index.php\/wp-json\/wp\/v2\/categories?post=4696"},{"taxonomy":"post_tag","embeddable":true,"href":"https:\/\/gr1993records.com\/index.php\/wp-json\/wp\/v2\/tags?post=4696"}],"curies":[{"name":"wp","href":"https:\/\/api.w.org\/{rel}","templated":true}]}}