{"id":4684,"date":"2019-08-13T08:41:24","date_gmt":"2019-08-13T08:41:24","guid":{"rendered":"http:\/\/gr1993records.magex.hu\/?page_id=4684"},"modified":"2026-04-01T12:30:55","modified_gmt":"2026-04-01T10:30:55","slug":"gulli-briem","status":"publish","type":"page","link":"https:\/\/gr1993records.com\/index.php\/eloadok\/gulli-briem\/","title":{"rendered":"Gulli Briem"},"content":{"rendered":"<p>[vc_row][vc_column][vc_custom_heading title_font_size=&#8221;fs36&#8243; source=&#8221;post_title&#8221; use_theme_fonts=&#8221;yes&#8221; el_class=&#8221;mb60 mb30-md&#8221;][\/vc_column][\/vc_row][vc_row][vc_column width=&#8221;1\/2&#8243;][vc_column_text]Gulli Briem alap\u00edt\u00f3tagja a vil\u00e1gszerte ismert Mezzoforte jazz-funk zenekarnak, mely a legnagyobb sikereit a \u201980-as \u00e9vek k\u00f6zep\u00e9n \u00e9rte el. Legnagyobb sl\u00e1ger\u00fck a diszk\u00f3kat is megh\u00f3d\u00edt\u00f3 Garden Party.<\/p>\n<p>Gulli p\u00e1lyafut\u00e1sa sor\u00e1n t\u00f6bb m\u0171fajban is kipr\u00f3b\u00e1lta mag\u00e1t. Olyan vil\u00e1gszt\u00e1rokkal dolgozott egy\u00fctt, mint Madonna, Peter Gabriel, Philip Catharine, Mornington Lockett,\u00a0Tony Smith, Michael Ball, Jonn Savannah, British National Symphony Orchestra, Jim Davidson, Gunnar Thordarson, Mannakorn, Magnus Kjartansson.[\/vc_column_text][\/vc_column][vc_column width=&#8221;1\/2&#8243;][vc_single_image image=&#8221;5236&#8243; img_size=&#8221;large&#8221;][\/vc_column][\/vc_row][vc_row][vc_column][vc_column_text]2012 \u00f3ta k\u00e9sz\u00edt felv\u00e9teleket \u00e9s vesz r\u00e9szt a Djabe turn\u00e9in Eur\u00f3p\u00e1ban. 2004-ben jelentette meg Earth Affair elnevez\u00e9s\u0171 produkci\u00f3ja a Chapter One c. CD-t, melyen zeneszerz\u0151i \u00e9s hangszerel\u0151i oldal\u00e1r\u00f3l is bemutatkozott. Az album nagy \u00e9rdekl\u0151d\u00e9st v\u00e1ltott ki, \u00e9s sikereket \u00e9rt el a World Music hangz\u00e1st kedvel\u0151 hallgat\u00f3k k\u00f6r\u00e9ben. Bekategoriz\u00e1lni azonban nehezen lehet ezt a zen\u00e9t, hiszen nagyon sokf\u00e9le elemb\u0151l \u00e9p\u00edtkezik. 10 \u00e9vet kellett v\u00e1rni a m\u00e1sodik felvon\u00e1sra. A GR1993 Records 2014. szeptember\u00e9ben jelentette meg az Earth Affair Libert\u00e9 c. albumot, mely folytatja az els\u0151 kiadv\u00e1ny \u00e9p\u00edtkez\u00e9s\u00e9t, de min\u0151s\u00e9g\u00e9ben \u00e9s zeneis\u00e9g\u00e9ben j\u00f3val meghaladja azt. A vil\u00e1gm\u00e9ret\u0171 kiad\u00e1sban \u00e9s terjeszt\u00e9s\u00e9ben a GR1993 Records partnere a n\u00e9met O-Tone Records.[\/vc_column_text][vc_separator][vc_video link=&#8221;https:\/\/youtu.be\/BKHibMlEDcA?list=PLuhNqf0gy40LkiKAzy__NkiK6rL1o81wu&#8221;][\/vc_column][\/vc_row][vc_row][vc_column][vc_empty_space][vc_custom_heading title_font_size=&#8221;fs36&#8243; text=&#8221;El\u0151ad\u00f3hoz kapcsol\u00f3d\u00f3 kiadv\u00e1nyok&#8221; use_theme_fonts=&#8221;yes&#8221; el_class=&#8221;mb60 mb30-md&#8221;][vc_basic_grid post_type=&#8221;product&#8221; max_items=&#8221;-1&#8243; element_width=&#8221;3&#8243; item=&#8221;5015&#8243; grid_id=&#8221;vc_gid:1775039418437-ad877f16-64f1-2&#8243; taxonomies=&#8221;138&#8243;][\/vc_column][\/vc_row]<\/p>","protected":false},"excerpt":{"rendered":"<p>[vc_row][vc_column][vc_custom_heading title_font_size=&#8221;fs36&#8243; source=&#8221;post_title&#8221; use_theme_fonts=&#8221;yes&#8221; el_class=&#8221;mb60 mb30-md&#8221;][\/vc_column][\/vc_row][vc_row][vc_column width=&#8221;1\/2&#8243;][vc_column_text]Gulli Briem alap\u00edt\u00f3tagja a vil\u00e1gszerte ismert Mezzoforte jazz-funk zenekarnak, mely a legnagyobb sikereit a \u201980-as \u00e9vek k\u00f6zep\u00e9n \u00e9rte el. Legnagyobb sl\u00e1ger\u00fck a diszk\u00f3kat is megh\u00f3d\u00edt\u00f3 Garden Party. Gulli p\u00e1lyafut\u00e1sa sor\u00e1n t\u00f6bb m\u0171fajban is kipr\u00f3b\u00e1lta mag\u00e1t. Olyan vil\u00e1gszt\u00e1rokkal dolgozott egy\u00fctt, mint Madonna, Peter Gabriel, Philip Catharine, Mornington Lockett,\u00a0Tony Smith, Michael [&hellip;]<\/p>\n","protected":false},"author":2,"featured_media":5236,"parent":4565,"menu_order":111,"comment_status":"closed","ping_status":"closed","template":"","meta":{"footnotes":""},"categories":[128],"tags":[],"class_list":["post-4684","page","type-page","status-publish","has-post-thumbnail","hentry","category-artists"],"yoast_head":"<!-- This site is optimized with the Yoast SEO plugin v27.3 - https:\/\/yoast.com\/product\/yoast-seo-wordpress\/ -->\n<title>Gulli Briem &#8211; GR1993 Records<\/title>\n<meta name=\"robots\" content=\"index, follow, max-snippet:-1, max-image-preview:large, max-video-preview:-1\" \/>\n<link rel=\"canonical\" href=\"https:\/\/gr1993records.com\/index.php\/eloadok\/gulli-briem\/\" \/>\n<meta property=\"og:locale\" content=\"hu_HU\" \/>\n<meta property=\"og:type\" content=\"article\" \/>\n<meta property=\"og:title\" content=\"Gulli Briem &#8211; GR1993 Records\" \/>\n<meta property=\"og:description\" content=\"[vc_row][vc_column][vc_custom_heading title_font_size=&#8221;fs36&#8243; source=&#8221;post_title&#8221; use_theme_fonts=&#8221;yes&#8221; el_class=&#8221;mb60 mb30-md&#8221;][\/vc_column][\/vc_row][vc_row][vc_column width=&#8221;1\/2&#8243;][vc_column_text]Gulli Briem alap\u00edt\u00f3tagja a vil\u00e1gszerte ismert Mezzoforte jazz-funk zenekarnak, mely a legnagyobb sikereit a \u201980-as \u00e9vek k\u00f6zep\u00e9n \u00e9rte el. Legnagyobb sl\u00e1ger\u00fck a diszk\u00f3kat is megh\u00f3d\u00edt\u00f3 Garden Party. Gulli p\u00e1lyafut\u00e1sa sor\u00e1n t\u00f6bb m\u0171fajban is kipr\u00f3b\u00e1lta mag\u00e1t. Olyan vil\u00e1gszt\u00e1rokkal dolgozott egy\u00fctt, mint Madonna, Peter Gabriel, Philip Catharine, Mornington Lockett,\u00a0Tony Smith, Michael [&hellip;]\" \/>\n<meta property=\"og:url\" content=\"https:\/\/gr1993records.com\/index.php\/eloadok\/gulli-briem\/\" \/>\n<meta property=\"og:site_name\" content=\"GR1993 Records\" \/>\n<meta property=\"article:publisher\" content=\"https:\/\/www.facebook.com\/GR1993Records-113564886691383\/\" \/>\n<meta property=\"article:modified_time\" content=\"2026-04-01T10:30:55+00:00\" \/>\n<meta property=\"og:image\" content=\"https:\/\/gr1993records.com\/wp-content\/uploads\/2019\/09\/GulliBriem_1.jpg\" \/>\n\t<meta property=\"og:image:width\" content=\"678\" \/>\n\t<meta property=\"og:image:height\" content=\"371\" \/>\n\t<meta property=\"og:image:type\" content=\"image\/jpeg\" \/>\n<meta name=\"twitter:card\" content=\"summary_large_image\" \/>\n<meta name=\"twitter:label1\" content=\"Becs\u00fclt olvas\u00e1si id\u0151\" \/>\n\t<meta name=\"twitter:data1\" content=\"3 perc\" \/>\n<script type=\"application\/ld+json\" class=\"yoast-schema-graph\">{\"@context\":\"https:\\\/\\\/schema.org\",\"@graph\":[{\"@type\":\"WebPage\",\"@id\":\"https:\\\/\\\/gr1993records.com\\\/index.php\\\/eloadok\\\/gulli-briem\\\/\",\"url\":\"https:\\\/\\\/gr1993records.com\\\/index.php\\\/eloadok\\\/gulli-briem\\\/\",\"name\":\"Gulli Briem &#8211; GR1993 Records\",\"isPartOf\":{\"@id\":\"https:\\\/\\\/gr1993records.com\\\/#website\"},\"primaryImageOfPage\":{\"@id\":\"https:\\\/\\\/gr1993records.com\\\/index.php\\\/eloadok\\\/gulli-briem\\\/#primaryimage\"},\"image\":{\"@id\":\"https:\\\/\\\/gr1993records.com\\\/index.php\\\/eloadok\\\/gulli-briem\\\/#primaryimage\"},\"thumbnailUrl\":\"https:\\\/\\\/gr1993records.com\\\/wp-content\\\/uploads\\\/2019\\\/09\\\/GulliBriem_1.jpg\",\"datePublished\":\"2019-08-13T08:41:24+00:00\",\"dateModified\":\"2026-04-01T10:30:55+00:00\",\"breadcrumb\":{\"@id\":\"https:\\\/\\\/gr1993records.com\\\/index.php\\\/eloadok\\\/gulli-briem\\\/#breadcrumb\"},\"inLanguage\":\"hu\",\"potentialAction\":[{\"@type\":\"ReadAction\",\"target\":[\"https:\\\/\\\/gr1993records.com\\\/index.php\\\/eloadok\\\/gulli-briem\\\/\"]}]},{\"@type\":\"ImageObject\",\"inLanguage\":\"hu\",\"@id\":\"https:\\\/\\\/gr1993records.com\\\/index.php\\\/eloadok\\\/gulli-briem\\\/#primaryimage\",\"url\":\"https:\\\/\\\/gr1993records.com\\\/wp-content\\\/uploads\\\/2019\\\/09\\\/GulliBriem_1.jpg\",\"contentUrl\":\"https:\\\/\\\/gr1993records.com\\\/wp-content\\\/uploads\\\/2019\\\/09\\\/GulliBriem_1.jpg\",\"width\":678,\"height\":371,\"caption\":\"Gulli Briem\"},{\"@type\":\"BreadcrumbList\",\"@id\":\"https:\\\/\\\/gr1993records.com\\\/index.php\\\/eloadok\\\/gulli-briem\\\/#breadcrumb\",\"itemListElement\":[{\"@type\":\"ListItem\",\"position\":1,\"name\":\"Home\",\"item\":\"https:\\\/\\\/gr1993records.com\\\/\"},{\"@type\":\"ListItem\",\"position\":2,\"name\":\"El\u0151ad\u00f3k\",\"item\":\"https:\\\/\\\/gr1993records.com\\\/index.php\\\/eloadok\\\/?lang=en\"},{\"@type\":\"ListItem\",\"position\":3,\"name\":\"Gulli Briem\"}]},{\"@type\":\"WebSite\",\"@id\":\"https:\\\/\\\/gr1993records.com\\\/#website\",\"url\":\"https:\\\/\\\/gr1993records.com\\\/\",\"name\":\"GR1993 Records\",\"description\":\"\",\"publisher\":{\"@id\":\"https:\\\/\\\/gr1993records.com\\\/#organization\"},\"potentialAction\":[{\"@type\":\"SearchAction\",\"target\":{\"@type\":\"EntryPoint\",\"urlTemplate\":\"https:\\\/\\\/gr1993records.com\\\/?s={search_term_string}\"},\"query-input\":{\"@type\":\"PropertyValueSpecification\",\"valueRequired\":true,\"valueName\":\"search_term_string\"}}],\"inLanguage\":\"hu\"},{\"@type\":\"Organization\",\"@id\":\"https:\\\/\\\/gr1993records.com\\\/#organization\",\"name\":\"Gramy-H Ltd.\",\"url\":\"https:\\\/\\\/gr1993records.com\\\/\",\"logo\":{\"@type\":\"ImageObject\",\"inLanguage\":\"hu\",\"@id\":\"https:\\\/\\\/gr1993records.com\\\/#\\\/schema\\\/logo\\\/image\\\/\",\"url\":\"https:\\\/\\\/gr1993records.com\\\/wp-content\\\/uploads\\\/2019\\\/08\\\/GR1993_Records_logo_CC.png\",\"contentUrl\":\"https:\\\/\\\/gr1993records.com\\\/wp-content\\\/uploads\\\/2019\\\/08\\\/GR1993_Records_logo_CC.png\",\"width\":2900,\"height\":2001,\"caption\":\"Gramy-H Ltd.\"},\"image\":{\"@id\":\"https:\\\/\\\/gr1993records.com\\\/#\\\/schema\\\/logo\\\/image\\\/\"},\"sameAs\":[\"https:\\\/\\\/www.facebook.com\\\/GR1993Records-113564886691383\\\/\"]}]}<\/script>\n<!-- \/ Yoast SEO plugin. -->","yoast_head_json":{"title":"Gulli Briem &#8211; GR1993 Records","robots":{"index":"index","follow":"follow","max-snippet":"max-snippet:-1","max-image-preview":"max-image-preview:large","max-video-preview":"max-video-preview:-1"},"canonical":"https:\/\/gr1993records.com\/index.php\/eloadok\/gulli-briem\/","og_locale":"hu_HU","og_type":"article","og_title":"Gulli Briem &#8211; GR1993 Records","og_description":"[vc_row][vc_column][vc_custom_heading title_font_size=&#8221;fs36&#8243; source=&#8221;post_title&#8221; use_theme_fonts=&#8221;yes&#8221; el_class=&#8221;mb60 mb30-md&#8221;][\/vc_column][\/vc_row][vc_row][vc_column width=&#8221;1\/2&#8243;][vc_column_text]Gulli Briem alap\u00edt\u00f3tagja a vil\u00e1gszerte ismert Mezzoforte jazz-funk zenekarnak, mely a legnagyobb sikereit a \u201980-as \u00e9vek k\u00f6zep\u00e9n \u00e9rte el. Legnagyobb sl\u00e1ger\u00fck a diszk\u00f3kat is megh\u00f3d\u00edt\u00f3 Garden Party. Gulli p\u00e1lyafut\u00e1sa sor\u00e1n t\u00f6bb m\u0171fajban is kipr\u00f3b\u00e1lta mag\u00e1t. Olyan vil\u00e1gszt\u00e1rokkal dolgozott egy\u00fctt, mint Madonna, Peter Gabriel, Philip Catharine, Mornington Lockett,\u00a0Tony Smith, Michael [&hellip;]","og_url":"https:\/\/gr1993records.com\/index.php\/eloadok\/gulli-briem\/","og_site_name":"GR1993 Records","article_publisher":"https:\/\/www.facebook.com\/GR1993Records-113564886691383\/","article_modified_time":"2026-04-01T10:30:55+00:00","og_image":[{"width":678,"height":371,"url":"https:\/\/gr1993records.com\/wp-content\/uploads\/2019\/09\/GulliBriem_1.jpg","type":"image\/jpeg"}],"twitter_card":"summary_large_image","twitter_misc":{"Becs\u00fclt olvas\u00e1si id\u0151":"3 perc"},"schema":{"@context":"https:\/\/schema.org","@graph":[{"@type":"WebPage","@id":"https:\/\/gr1993records.com\/index.php\/eloadok\/gulli-briem\/","url":"https:\/\/gr1993records.com\/index.php\/eloadok\/gulli-briem\/","name":"Gulli Briem &#8211; GR1993 Records","isPartOf":{"@id":"https:\/\/gr1993records.com\/#website"},"primaryImageOfPage":{"@id":"https:\/\/gr1993records.com\/index.php\/eloadok\/gulli-briem\/#primaryimage"},"image":{"@id":"https:\/\/gr1993records.com\/index.php\/eloadok\/gulli-briem\/#primaryimage"},"thumbnailUrl":"https:\/\/gr1993records.com\/wp-content\/uploads\/2019\/09\/GulliBriem_1.jpg","datePublished":"2019-08-13T08:41:24+00:00","dateModified":"2026-04-01T10:30:55+00:00","breadcrumb":{"@id":"https:\/\/gr1993records.com\/index.php\/eloadok\/gulli-briem\/#breadcrumb"},"inLanguage":"hu","potentialAction":[{"@type":"ReadAction","target":["https:\/\/gr1993records.com\/index.php\/eloadok\/gulli-briem\/"]}]},{"@type":"ImageObject","inLanguage":"hu","@id":"https:\/\/gr1993records.com\/index.php\/eloadok\/gulli-briem\/#primaryimage","url":"https:\/\/gr1993records.com\/wp-content\/uploads\/2019\/09\/GulliBriem_1.jpg","contentUrl":"https:\/\/gr1993records.com\/wp-content\/uploads\/2019\/09\/GulliBriem_1.jpg","width":678,"height":371,"caption":"Gulli Briem"},{"@type":"BreadcrumbList","@id":"https:\/\/gr1993records.com\/index.php\/eloadok\/gulli-briem\/#breadcrumb","itemListElement":[{"@type":"ListItem","position":1,"name":"Home","item":"https:\/\/gr1993records.com\/"},{"@type":"ListItem","position":2,"name":"El\u0151ad\u00f3k","item":"https:\/\/gr1993records.com\/index.php\/eloadok\/?lang=en"},{"@type":"ListItem","position":3,"name":"Gulli Briem"}]},{"@type":"WebSite","@id":"https:\/\/gr1993records.com\/#website","url":"https:\/\/gr1993records.com\/","name":"GR1993 Records","description":"","publisher":{"@id":"https:\/\/gr1993records.com\/#organization"},"potentialAction":[{"@type":"SearchAction","target":{"@type":"EntryPoint","urlTemplate":"https:\/\/gr1993records.com\/?s={search_term_string}"},"query-input":{"@type":"PropertyValueSpecification","valueRequired":true,"valueName":"search_term_string"}}],"inLanguage":"hu"},{"@type":"Organization","@id":"https:\/\/gr1993records.com\/#organization","name":"Gramy-H Ltd.","url":"https:\/\/gr1993records.com\/","logo":{"@type":"ImageObject","inLanguage":"hu","@id":"https:\/\/gr1993records.com\/#\/schema\/logo\/image\/","url":"https:\/\/gr1993records.com\/wp-content\/uploads\/2019\/08\/GR1993_Records_logo_CC.png","contentUrl":"https:\/\/gr1993records.com\/wp-content\/uploads\/2019\/08\/GR1993_Records_logo_CC.png","width":2900,"height":2001,"caption":"Gramy-H Ltd."},"image":{"@id":"https:\/\/gr1993records.com\/#\/schema\/logo\/image\/"},"sameAs":["https:\/\/www.facebook.com\/GR1993Records-113564886691383\/"]}]}},"jetpack_sharing_enabled":true,"_links":{"self":[{"href":"https:\/\/gr1993records.com\/index.php\/wp-json\/wp\/v2\/pages\/4684","targetHints":{"allow":["GET"]}}],"collection":[{"href":"https:\/\/gr1993records.com\/index.php\/wp-json\/wp\/v2\/pages"}],"about":[{"href":"https:\/\/gr1993records.com\/index.php\/wp-json\/wp\/v2\/types\/page"}],"author":[{"embeddable":true,"href":"https:\/\/gr1993records.com\/index.php\/wp-json\/wp\/v2\/users\/2"}],"replies":[{"embeddable":true,"href":"https:\/\/gr1993records.com\/index.php\/wp-json\/wp\/v2\/comments?post=4684"}],"version-history":[{"count":14,"href":"https:\/\/gr1993records.com\/index.php\/wp-json\/wp\/v2\/pages\/4684\/revisions"}],"predecessor-version":[{"id":7881,"href":"https:\/\/gr1993records.com\/index.php\/wp-json\/wp\/v2\/pages\/4684\/revisions\/7881"}],"up":[{"embeddable":true,"href":"https:\/\/gr1993records.com\/index.php\/wp-json\/wp\/v2\/pages\/4565"}],"wp:featuredmedia":[{"embeddable":true,"href":"https:\/\/gr1993records.com\/index.php\/wp-json\/wp\/v2\/media\/5236"}],"wp:attachment":[{"href":"https:\/\/gr1993records.com\/index.php\/wp-json\/wp\/v2\/media?parent=4684"}],"wp:term":[{"taxonomy":"category","embeddable":true,"href":"https:\/\/gr1993records.com\/index.php\/wp-json\/wp\/v2\/categories?post=4684"},{"taxonomy":"post_tag","embeddable":true,"href":"https:\/\/gr1993records.com\/index.php\/wp-json\/wp\/v2\/tags?post=4684"}],"curies":[{"name":"wp","href":"https:\/\/api.w.org\/{rel}","templated":true}]}}